{"id":1398,"date":"2022-07-29T11:40:29","date_gmt":"2022-07-29T09:40:29","guid":{"rendered":"https:\/\/www.maccaferri.com\/pe\/?page_id=1398"},"modified":"2025-03-18T05:20:40","modified_gmt":"2025-03-18T04:20:40","slug":"innovacion","status":"publish","type":"page","link":"https:\/\/www.maccaferri.com\/pe\/innovacion\/","title":{"rendered":"Innovaci\u00f3n"},"content":{"rendered":"<div class=\"wp-block-cover has-parallax rbc-is-hidden-on-tablet rbc-is-hidden-on-mobile\" style=\"min-height:900px;aspect-ratio:unset;\"><span aria-hidden=\"true\" class=\"wp-block-cover__background has-background-dim-0 has-background-dim\"><\/span><div class=\"wp-block-cover__image-background wp-image-88805 has-parallax\" style=\"background-position:50% 50%;background-image:url(https:\/\/www.maccaferri.com\/wp-content\/uploads\/2024\/12\/HERO_Innovazione-1440x900-1.jpg)\"><\/div><div class=\"wp-block-cover__inner-container is-layout-constrained wp-block-cover-is-layout-constrained\"><div class=\"wp-block-mac-container-block box-container\"><div class=\"wp-block-columns is-layout-flex wp-container-core-columns-is-layout-9d6595d7 wp-block-columns-is-layout-flex\"><div class=\"wp-block-column is-layout-flow wp-block-column-is-layout-flow\"><div style=\"height:65px\" aria-hidden=\"true\" class=\"wp-block-spacer\"><\/div>\n\n<p class=\"has-text-align-left has-white-color has-text-color has-link-color wp-elements-485a506d5bd6ede27d42131450ec10aa\" style=\"font-size:80px\"><strong>Difundimos<\/strong><\/p>\n\n<div style=\"height:30px\" aria-hidden=\"true\" class=\"wp-block-spacer\"><\/div>\n\n<p class=\"has-text-align-left has-white-color has-text-color has-link-color wp-elements-899a174608649466298c8384e4c6b0c1\" style=\"font-size:80px\"><strong>Innovaci\u00f3n<\/strong><\/p>\n\n<div class=\"wp-block-columns is-layout-flex wp-container-core-columns-is-layout-9d6595d7 wp-block-columns-is-layout-flex\"><div class=\"wp-block-column is-layout-flow wp-block-column-is-layout-flow\"><p class=\"has-text-align-left has-white-color has-text-color has-background has-link-color wp-elements-b2ad0aaffa4f76b5b1c231022d545722\" style=\"background-color:#ffffff00;margin-left:0px;padding-left:0px;font-size:20px\">Comenzamos con la invenci\u00f3n del gavi\u00f3n, que revolucion\u00f3 el sector de la ingenier\u00eda civil y medioambiental. Desde entonces, hemos sido l\u00edderes del cambio, innovando continuamente gracias a un fuerte compromiso con la investigaci\u00f3n y el desarrollo.<\/p><\/div>\n\n<div class=\"wp-block-column is-layout-flow wp-block-column-is-layout-flow\"><\/div><\/div>\n\n<div style=\"height:406px\" aria-hidden=\"true\" class=\"wp-block-spacer\"><\/div><\/div><\/div><\/div>\n\n<div class=\"wp-block-mac-container-block box-container\"><div class=\"wp-block-columns is-layout-flex wp-container-core-columns-is-layout-9d6595d7 wp-block-columns-is-layout-flex\"><div class=\"wp-block-column is-layout-flow wp-block-column-is-layout-flow\"><\/div>\n\n<div class=\"wp-block-column is-layout-flow wp-block-column-is-layout-flow\"><\/div><\/div><\/div><\/div><\/div><div class=\"wp-block-cover rbc-is-hidden-on-wide rbc-is-hidden-on-desktop\" style=\"min-height:900px;aspect-ratio:unset;\"><span aria-hidden=\"true\" class=\"wp-block-cover__background has-background-dim-0 has-background-dim\"><\/span><img decoding=\"async\" class=\"wp-block-cover__image-background wp-image-88805\" alt=\"\" src=\"https:\/\/www.maccaferri.com\/wp-content\/uploads\/2024\/12\/HERO_Innovazione-1440x900-1.jpg\" data-object-fit=\"cover\" \/><div class=\"wp-block-cover__inner-container is-layout-constrained wp-block-cover-is-layout-constrained\"><div class=\"wp-block-mac-container-block box-container\"><div class=\"wp-block-columns is-layout-flex wp-container-core-columns-is-layout-9d6595d7 wp-block-columns-is-layout-flex\"><div class=\"wp-block-column is-layout-flow wp-block-column-is-layout-flow\"><div style=\"height:30px\" aria-hidden=\"true\" class=\"wp-block-spacer\"><\/div>\n\n<h1 class=\"wp-block-heading has-x-large-font-size\" id=\"h-difundimos-innovacion\"><strong>Difundimos Innovaci\u00f3n<\/strong><\/h1>\n\n<div style=\"height:35px\" aria-hidden=\"true\" class=\"wp-block-spacer\"><\/div>\n\n<p>Comenzamos con la invenci\u00f3n del gavi\u00f3n, que revolucion\u00f3 el sector de la ingenier\u00eda civil y medioambiental. Desde entonces, hemos sido l\u00edderes del cambio, innovando continuamente gracias a un fuerte compromiso con la investigaci\u00f3n y el desarrollo.<br><\/p><\/div><\/div><\/div>\n\n<div class=\"wp-block-mac-container-block box-container\"><div class=\"wp-block-columns is-layout-flex wp-container-core-columns-is-layout-9d6595d7 wp-block-columns-is-layout-flex\"><div class=\"wp-block-column is-layout-flow wp-block-column-is-layout-flow\"><\/div>\n\n<div class=\"wp-block-column is-layout-flow wp-block-column-is-layout-flow\"><\/div><\/div><\/div><\/div><\/div><div class=\"wp-block-mac-container-block box-container\"><div style=\"height:100px\" aria-hidden=\"true\" class=\"wp-block-spacer\"><\/div>\n\n<div class=\"wp-block-columns is-layout-flex wp-container-core-columns-is-layout-9d6595d7 wp-block-columns-is-layout-flex\"><div class=\"wp-block-column is-vertically-aligned-center is-layout-flow wp-block-column-is-layout-flow\" style=\"flex-basis:40%\"><p style=\"font-size:25px\"><strong>Haciendo la Seguridad M\u00e1s Inteligente<\/strong><\/p>\n\n<p class=\"has-medium-font-size\">Creemos en las tecnolog\u00edas digitales, por eso invertimos continuamente en la digitalizaci\u00f3n de nuestras soluciones, especialmente aquellas enfocadas en la seguridad de las personas y su entorno.<\/p>\n\n<p class=\"has-medium-font-size\">Con nuestros sistemas de alerta temprana <strong>HELLOMAC<\/strong>, buscamos consolidarnos como referencia en el sector del <strong>Internet de las Cosas (IoT)<\/strong>, aprovechando la tendencia que ha hecho que las infraestructuras y la construcci\u00f3n sean cada vez m\u00e1s inteligentes en los \u00faltimos a\u00f1os.<\/p><\/div>\n\n<div class=\"wp-block-column is-layout-flow wp-block-column-is-layout-flow\" style=\"flex-basis:60%\"><figure class=\"wp-block-image size-full\"><img decoding=\"async\" src=\"https:\/\/www.maccaferri.com\/wp-content\/uploads\/2024\/12\/1-Rendiamo-la-sicurezza-piu-smart-630x450-1.jpg\" alt=\"\" class=\"wp-image-88820\" \/><\/figure><\/div><\/div><\/div><div style=\"height:100px\" aria-hidden=\"true\" class=\"wp-block-spacer\"><\/div><div class=\"wp-block-cover\" style=\"min-height:700px;aspect-ratio:unset;\"><span aria-hidden=\"true\" class=\"wp-block-cover__background has-background-dim-0 has-background-dim\"><\/span><img decoding=\"async\" class=\"wp-block-cover__image-background wp-image-88815\" alt=\"\" src=\"https:\/\/www.maccaferri.com\/wp-content\/uploads\/2024\/12\/2-Tecnologie-verdi-1440x820-1.jpg\" data-object-fit=\"cover\" \/><div class=\"wp-block-cover__inner-container is-layout-constrained wp-block-cover-is-layout-constrained\"><div class=\"wp-block-mac-container-block box-container\"><div class=\"wp-block-columns is-layout-flex wp-container-core-columns-is-layout-9d6595d7 wp-block-columns-is-layout-flex\"><div class=\"wp-block-column is-layout-flow wp-block-column-is-layout-flow\"><\/div>\n\n<div class=\"wp-block-column is-layout-flow wp-block-column-is-layout-flow\" style=\"flex-basis:40%\"><p style=\"font-size:25px\"><strong>Tecnolog\u00edas Verdaderamente Verdes<\/strong><\/p>\n\n<p class=\"has-medium-font-size\"><strong>Combinar sostenibilidad con durabilidad es el mayor reto de la ingenier\u00eda civil y medioambiental.<\/strong> <strong>Invertimos en I&amp;D para desarrollar soluciones ecol\u00f3gicas y de bajo impacto ambiental que utilicen materiales reciclados pero que sigan<\/strong> siendo<strong> altamente eficientes, seguras y duraderas.<\/strong><\/p>\n\n<p class=\"has-medium-font-size\"><strong>Nuestras soluciones son sostenibles, con baja <strong>huella de CO2<\/strong>  gracias a su r\u00e1pida instalaci\u00f3n y al uso de materiales optimizados.<\/strong><\/p><\/div><\/div><\/div><\/div><\/div><div class=\"wp-block-mac-container-block box-container\"><div style=\"height:100px\" aria-hidden=\"true\" class=\"wp-block-spacer\"><\/div>\n\n<div class=\"wp-block-columns is-layout-flex wp-container-core-columns-is-layout-9d6595d7 wp-block-columns-is-layout-flex\"><div class=\"wp-block-column is-vertically-aligned-center is-layout-flow wp-block-column-is-layout-flow\" style=\"flex-basis:40%\"><p style=\"font-size:25px\"><strong>Innovaci\u00f3n Abierta<\/strong><\/p>\n\n<p class=\"has-medium-font-size\">Creemos que la innovaci\u00f3n, para ser real, debe compartirse.<\/p>\n\n<p class=\"has-medium-font-size\">En colaboraci\u00f3n con <strong>universidades y centros de investigaci\u00f3n<\/strong>, hemos desarrollado un conjunto de herramientas gratuitas disponibles para todos, con el objetivo de dise\u00f1ar soluciones eficaces y confiables.<\/p>\n\n<p class=\"has-medium-font-size\">Estes softwares son f\u00e1ciles de usar y listas para su aplicaci\u00f3n, se basan en d\u00e9cadas de datos de campo y pruebas rigurosas.<\/p><\/div>\n\n<div class=\"wp-block-column is-layout-flow wp-block-column-is-layout-flow\" style=\"flex-basis:60%\"><figure class=\"wp-block-image size-full\"><img decoding=\"async\" src=\"https:\/\/www.maccaferri.com\/wp-content\/uploads\/2024\/12\/3-Open-innovation-630x400-1.png\" alt=\"\" class=\"wp-image-88825\" \/><\/figure><\/div><\/div><\/div><div style=\"height:100px\" aria-hidden=\"true\" class=\"wp-block-spacer\"><\/div><h3 class=\"wp-block-heading has-text-align-center has-text-color has-link-color wp-elements-e8123b26b9a72a378f4dccc035bb3edc\" id=\"h-disena-el-futuro-con-nuestros-software-s\" style=\"color:#035d6f\"><strong>Dise\u00f1a el futuro con nuestros software<\/strong>s<\/h3><div class=\"wp-block-buttons is-content-justification-center is-layout-flex wp-container-core-buttons-is-layout-16018d1d wp-block-buttons-is-layout-flex\"><div class=\"wp-block-button\"><a class=\"wp-block-button__link wp-element-button\" href=\"https:\/\/www.maccaferri.com\/pe\/paquete-de-softwares-maccaferri\" target=\"_blank\" rel=\"noreferrer noopener\"><strong>VISITA LA PLATAFORMA<\/strong><\/a><\/div><\/div><div style=\"height:100px\" aria-hidden=\"true\" class=\"wp-block-spacer\"><\/div><div class=\"wp-block-cover\"><span aria-hidden=\"true\" class=\"wp-block-cover__background has-background-dim-100 has-background-dim\" style=\"background-color:#185e6f\"><\/span><div class=\"wp-block-cover__inner-container is-layout-constrained wp-block-cover-is-layout-constrained\"><div style=\"height:100px\" aria-hidden=\"true\" class=\"wp-block-spacer\"><\/div>\n\n<div class=\"wp-block-mac-container-block box-container\"><div class=\"wp-block-columns is-layout-flex wp-container-core-columns-is-layout-9d6595d7 wp-block-columns-is-layout-flex\"><div class=\"wp-block-column is-layout-flow wp-block-column-is-layout-flow\"><figure class=\"wp-block-image size-large is-style-default\"><img fetchpriority=\"high\" decoding=\"async\" width=\"1024\" height=\"675\" src=\"https:\/\/www.maccaferri.com\/wp-content\/uploads\/2022\/12\/Maccaferri-BIM-Objects-1024x675.png\" alt=\"\" class=\"wp-image-3547\" srcset=\"https:\/\/www.maccaferri.com\/pe\/wp-content\/uploads\/2022\/12\/Maccaferri-BIM-Objects-1024x675.png 1024w, https:\/\/www.maccaferri.com\/pe\/wp-content\/uploads\/2022\/12\/Maccaferri-BIM-Objects-300x198.png 300w, https:\/\/www.maccaferri.com\/pe\/wp-content\/uploads\/2022\/12\/Maccaferri-BIM-Objects-768x506.png 768w, https:\/\/www.maccaferri.com\/pe\/wp-content\/uploads\/2022\/12\/Maccaferri-BIM-Objects.png 1121w\" sizes=\"(max-width: 1024px) 100vw, 1024px\" \/><\/figure><\/div>\n\n<div class=\"wp-block-column is-layout-flow wp-block-column-is-layout-flow\" style=\"flex-basis:40%\"><p style=\"font-size:25px\">OBJETOS MACCAFERRI BIM<\/p>\n\n<p class=\"has-medium-font-size\">El <strong>Building Information Modeling (BIM)<\/strong> es un proceso inteligente basado en modelos 3D. Una nueva y innovadora herramienta para los profesionales de la ingenier\u00eda y la construcci\u00f3n.<\/p>\n\n<p class=\"has-medium-font-size\">En <strong>Maccaferri<\/strong>, estamos comprometidos con la promoci\u00f3n de la colaboraci\u00f3n entre los actores del sector a lo largo del ciclo de vida de un proyecto.<\/p>\n\n<p class=\"has-medium-font-size\">Con este objetivo en mente, ponemos nuestras soluciones a disposici\u00f3n como <strong>Objetos BIM<\/strong>, fomentando la adopci\u00f3n de la tecnolog\u00eda BIM para mejorar los procesos de dise\u00f1o y construcci\u00f3n, evitando errores durante las operaciones en el sitio.<\/p><\/div><\/div><\/div>\n\n<div style=\"height:65px\" aria-hidden=\"true\" class=\"wp-block-spacer\"><\/div>\n\n<h3 class=\"wp-block-heading has-text-align-center has-white-color has-text-color has-link-color wp-elements-662c19ad41a7d97eb8e3eb3dccda234a\" id=\"h-conozca-nuestros-objetos-bim\"><strong>Conozca nuestros Objetos BIM<\/strong><\/h3>\n\n<div class=\"wp-block-buttons is-content-justification-center is-layout-flex wp-container-core-buttons-is-layout-16018d1d wp-block-buttons-is-layout-flex\"><div class=\"wp-block-button\"><a class=\"wp-block-button__link has-luminous-vivid-orange-background-color has-background wp-element-button\" href=\"https:\/\/www.maccaferri.com\/pe\/biblioteca-de-objetos-bim\" target=\"_blank\" rel=\"noreferrer noopener\"><strong>IR A LA BIBLIOTECA<\/strong><\/a><\/div><\/div>\n\n<div style=\"height:100px\" aria-hidden=\"true\" class=\"wp-block-spacer\"><\/div><\/div><\/div>","protected":false},"excerpt":{"rendered":"<p>Dise\u00f1a el futuro con nuestros softwares<\/p>\n","protected":false},"author":1,"featured_media":0,"parent":0,"menu_order":0,"comment_status":"closed","ping_status":"closed","template":"","meta":{"_acf_changed":false,"_joinchat":[],"footnotes":""},"class_list":["post-1398","page","type-page","status-publish","hentry"],"acf":{"uuid_products":"","product-documents":""},"yoast_head":"<!-- This site is optimized with the Yoast SEO Premium plugin v27.0 (Yoast SEO v27.0) - https:\/\/yoast.com\/product\/yoast-seo-premium-wordpress\/ -->\n<title>Innovaci\u00f3n en Ingenier\u00eda Per\u00fa | Maccaferri<\/title>\n<meta name=\"description\" content=\"Descubre c\u00f3mo Maccaferri en Per\u00fa impulsa la innovaci\u00f3n en ingenier\u00eda, desarrollando soluciones avanzadas y sostenibles.\" \/>\n<meta name=\"robots\" content=\"index, follow, max-snippet:-1, max-image-preview:large, max-video-preview:-1\" \/>\n<link rel=\"canonical\" href=\"https:\/\/www.maccaferri.com\/pe\/innovacion\/\" \/>\n<meta property=\"og:locale\" content=\"es_ES\" \/>\n<meta property=\"og:type\" content=\"article\" \/>\n<meta property=\"og:title\" content=\"Innovaci\u00f3n en Ingenier\u00eda Per\u00fa | Maccaferri\" \/>\n<meta property=\"og:description\" content=\"Descubre c\u00f3mo Maccaferri en Per\u00fa impulsa la innovaci\u00f3n en ingenier\u00eda, desarrollando soluciones avanzadas y sostenibles.\" \/>\n<meta property=\"og:url\" content=\"https:\/\/www.maccaferri.com\/pe\/innovacion\/\" \/>\n<meta property=\"og:site_name\" content=\"Maccaferri Per\u00f9\" \/>\n<meta property=\"article:modified_time\" content=\"2025-03-18T04:20:40+00:00\" \/>\n<meta property=\"og:image\" content=\"https:\/\/www.maccaferri.com\/pe\/wp-content\/uploads\/2025\/02\/IMG_9221-1.jpg\" \/>\n\t<meta property=\"og:image:width\" content=\"1512\" \/>\n\t<meta property=\"og:image:height\" content=\"2016\" \/>\n\t<meta property=\"og:image:type\" content=\"image\/jpeg\" \/>\n<meta name=\"twitter:card\" content=\"summary_large_image\" \/>\n<meta name=\"twitter:label1\" content=\"Est. reading time\" \/>\n\t<meta name=\"twitter:data1\" content=\"3 minutes\" \/>\n<script type=\"application\/ld+json\" class=\"yoast-schema-graph\">{\"@context\":\"https:\/\/schema.org\",\"@graph\":[{\"@type\":\"WebPage\",\"@id\":\"https:\/\/www.maccaferri.com\/pe\/innovacion\/\",\"url\":\"https:\/\/www.maccaferri.com\/pe\/innovacion\/\",\"name\":\"Innovaci\u00f3n en Ingenier\u00eda Per\u00fa | Maccaferri\",\"isPartOf\":{\"@id\":\"https:\/\/www.maccaferri.com\/pe\/#website\"},\"primaryImageOfPage\":{\"@id\":\"https:\/\/www.maccaferri.com\/pe\/innovacion\/#primaryimage\"},\"image\":{\"@id\":\"https:\/\/www.maccaferri.com\/pe\/innovacion\/#primaryimage\"},\"thumbnailUrl\":\"https:\/\/www.maccaferri.com\/wp-content\/uploads\/2024\/12\/HERO_Innovazione-1440x900-1.jpg\",\"datePublished\":\"2022-07-29T09:40:29+00:00\",\"dateModified\":\"2025-03-18T04:20:40+00:00\",\"description\":\"Descubre c\u00f3mo Maccaferri en Per\u00fa impulsa la innovaci\u00f3n en ingenier\u00eda, desarrollando soluciones avanzadas y sostenibles.\",\"inLanguage\":\"es-ES\",\"potentialAction\":[{\"@type\":\"ReadAction\",\"target\":[\"https:\/\/www.maccaferri.com\/pe\/innovacion\/\"]}]},{\"@type\":\"ImageObject\",\"inLanguage\":\"es-ES\",\"@id\":\"https:\/\/www.maccaferri.com\/pe\/innovacion\/#primaryimage\",\"url\":\"https:\/\/www.maccaferri.com\/wp-content\/uploads\/2024\/12\/HERO_Innovazione-1440x900-1.jpg\",\"contentUrl\":\"https:\/\/www.maccaferri.com\/wp-content\/uploads\/2024\/12\/HERO_Innovazione-1440x900-1.jpg\"},{\"@type\":\"WebSite\",\"@id\":\"https:\/\/www.maccaferri.com\/pe\/#website\",\"url\":\"https:\/\/www.maccaferri.com\/pe\/\",\"name\":\"Maccaferri Per\u00f9\",\"description\":\"\",\"publisher\":{\"@id\":\"https:\/\/www.maccaferri.com\/pe\/#organization\"},\"potentialAction\":[{\"@type\":\"SearchAction\",\"target\":{\"@type\":\"EntryPoint\",\"urlTemplate\":\"https:\/\/www.maccaferri.com\/pe\/?s={search_term_string}\"},\"query-input\":{\"@type\":\"PropertyValueSpecification\",\"valueRequired\":true,\"valueName\":\"search_term_string\"}}],\"inLanguage\":\"es-ES\"},{\"@type\":\"Organization\",\"@id\":\"https:\/\/www.maccaferri.com\/pe\/#organization\",\"name\":\"Maccaferri Per\u00f9\",\"url\":\"https:\/\/www.maccaferri.com\/pe\/\",\"logo\":{\"@type\":\"ImageObject\",\"inLanguage\":\"es-ES\",\"@id\":\"https:\/\/www.maccaferri.com\/pe\/#\/schema\/logo\/image\/\",\"url\":\"https:\/\/www.maccaferri.com\/pe\/wp-content\/uploads\/2022\/07\/logo-maccaferri.png\",\"contentUrl\":\"https:\/\/www.maccaferri.com\/pe\/wp-content\/uploads\/2022\/07\/logo-maccaferri.png\",\"width\":152,\"height\":32,\"caption\":\"Maccaferri Per\u00f9\"},\"image\":{\"@id\":\"https:\/\/www.maccaferri.com\/pe\/#\/schema\/logo\/image\/\"}}]}<\/script>\n<!-- \/ Yoast SEO Premium plugin. -->","yoast_head_json":{"title":"Innovaci\u00f3n en Ingenier\u00eda Per\u00fa | Maccaferri","description":"Descubre c\u00f3mo Maccaferri en Per\u00fa impulsa la innovaci\u00f3n en ingenier\u00eda, desarrollando soluciones avanzadas y sostenibles.","robots":{"index":"index","follow":"follow","max-snippet":"max-snippet:-1","max-image-preview":"max-image-preview:large","max-video-preview":"max-video-preview:-1"},"canonical":"https:\/\/www.maccaferri.com\/pe\/innovacion\/","og_locale":"es_ES","og_type":"article","og_title":"Innovaci\u00f3n en Ingenier\u00eda Per\u00fa | Maccaferri","og_description":"Descubre c\u00f3mo Maccaferri en Per\u00fa impulsa la innovaci\u00f3n en ingenier\u00eda, desarrollando soluciones avanzadas y sostenibles.","og_url":"https:\/\/www.maccaferri.com\/pe\/innovacion\/","og_site_name":"Maccaferri Per\u00f9","article_modified_time":"2025-03-18T04:20:40+00:00","og_image":[{"width":1512,"height":2016,"url":"https:\/\/www.maccaferri.com\/pe\/wp-content\/uploads\/2025\/02\/IMG_9221-1.jpg","type":"image\/jpeg"}],"twitter_card":"summary_large_image","twitter_misc":{"Est. reading time":"3 minutes"},"schema":{"@context":"https:\/\/schema.org","@graph":[{"@type":"WebPage","@id":"https:\/\/www.maccaferri.com\/pe\/innovacion\/","url":"https:\/\/www.maccaferri.com\/pe\/innovacion\/","name":"Innovaci\u00f3n en Ingenier\u00eda Per\u00fa | Maccaferri","isPartOf":{"@id":"https:\/\/www.maccaferri.com\/pe\/#website"},"primaryImageOfPage":{"@id":"https:\/\/www.maccaferri.com\/pe\/innovacion\/#primaryimage"},"image":{"@id":"https:\/\/www.maccaferri.com\/pe\/innovacion\/#primaryimage"},"thumbnailUrl":"https:\/\/www.maccaferri.com\/wp-content\/uploads\/2024\/12\/HERO_Innovazione-1440x900-1.jpg","datePublished":"2022-07-29T09:40:29+00:00","dateModified":"2025-03-18T04:20:40+00:00","description":"Descubre c\u00f3mo Maccaferri en Per\u00fa impulsa la innovaci\u00f3n en ingenier\u00eda, desarrollando soluciones avanzadas y sostenibles.","inLanguage":"es-ES","potentialAction":[{"@type":"ReadAction","target":["https:\/\/www.maccaferri.com\/pe\/innovacion\/"]}]},{"@type":"ImageObject","inLanguage":"es-ES","@id":"https:\/\/www.maccaferri.com\/pe\/innovacion\/#primaryimage","url":"https:\/\/www.maccaferri.com\/wp-content\/uploads\/2024\/12\/HERO_Innovazione-1440x900-1.jpg","contentUrl":"https:\/\/www.maccaferri.com\/wp-content\/uploads\/2024\/12\/HERO_Innovazione-1440x900-1.jpg"},{"@type":"WebSite","@id":"https:\/\/www.maccaferri.com\/pe\/#website","url":"https:\/\/www.maccaferri.com\/pe\/","name":"Maccaferri Per\u00f9","description":"","publisher":{"@id":"https:\/\/www.maccaferri.com\/pe\/#organization"},"potentialAction":[{"@type":"SearchAction","target":{"@type":"EntryPoint","urlTemplate":"https:\/\/www.maccaferri.com\/pe\/?s={search_term_string}"},"query-input":{"@type":"PropertyValueSpecification","valueRequired":true,"valueName":"search_term_string"}}],"inLanguage":"es-ES"},{"@type":"Organization","@id":"https:\/\/www.maccaferri.com\/pe\/#organization","name":"Maccaferri Per\u00f9","url":"https:\/\/www.maccaferri.com\/pe\/","logo":{"@type":"ImageObject","inLanguage":"es-ES","@id":"https:\/\/www.maccaferri.com\/pe\/#\/schema\/logo\/image\/","url":"https:\/\/www.maccaferri.com\/pe\/wp-content\/uploads\/2022\/07\/logo-maccaferri.png","contentUrl":"https:\/\/www.maccaferri.com\/pe\/wp-content\/uploads\/2022\/07\/logo-maccaferri.png","width":152,"height":32,"caption":"Maccaferri Per\u00f9"},"image":{"@id":"https:\/\/www.maccaferri.com\/pe\/#\/schema\/logo\/image\/"}}]}},"_links":{"self":[{"href":"https:\/\/www.maccaferri.com\/pe\/wp-json\/wp\/v2\/pages\/1398","targetHints":{"allow":["GET"]}}],"collection":[{"href":"https:\/\/www.maccaferri.com\/pe\/wp-json\/wp\/v2\/pages"}],"about":[{"href":"https:\/\/www.maccaferri.com\/pe\/wp-json\/wp\/v2\/types\/page"}],"author":[{"embeddable":true,"href":"https:\/\/www.maccaferri.com\/pe\/wp-json\/wp\/v2\/users\/1"}],"replies":[{"embeddable":true,"href":"https:\/\/www.maccaferri.com\/pe\/wp-json\/wp\/v2\/comments?post=1398"}],"version-history":[{"count":54,"href":"https:\/\/www.maccaferri.com\/pe\/wp-json\/wp\/v2\/pages\/1398\/revisions"}],"predecessor-version":[{"id":91447,"href":"https:\/\/www.maccaferri.com\/pe\/wp-json\/wp\/v2\/pages\/1398\/revisions\/91447"}],"wp:attachment":[{"href":"https:\/\/www.maccaferri.com\/pe\/wp-json\/wp\/v2\/media?parent=1398"}],"curies":[{"name":"wp","href":"https:\/\/api.w.org\/{rel}","templated":true}]}}