{"id":10534,"date":"2023-03-03T18:55:27","date_gmt":"2023-03-03T17:55:27","guid":{"rendered":"https:\/\/www.maccaferri.com\/pe\/?page_id=10534"},"modified":"2023-07-25T11:23:00","modified_gmt":"2023-07-25T09:23:00","slug":"webinar-diseno-de-aplicaciones-de-suelo-grapado-con-el-online-software-mac-s-design","status":"publish","type":"page","link":"https:\/\/www.maccaferri.com\/pe\/webinar-diseno-de-aplicaciones-de-suelo-grapado-con-el-online-software-mac-s-design\/","title":{"rendered":"WEBINAR &#8211; Dise\u00f1o de aplicaciones de suelo grapado con el online software Mac S-Design"},"content":{"rendered":"<div class=\"wp-block-mac-h1-title-hero-block container-fluid block-txt-container\" style=\"background:linear-gradient(180deg,rgb(1,94,111) 0%,rgb(0,72,87) 100%)\"><div class=\"row\"><div class=\"col\"><div class=\"gts__picture\"><img decoding=\"async\" src=\"https:\/\/www.maccaferri.com\/pe\/wp-content\/uploads\/2023\/07\/soil-nailing-1.png\" style=\"display:none\" \/><div class=\"gts__picture__image\" style=\"background-image:url(https:\/\/www.maccaferri.com\/pe\/wp-content\/uploads\/2023\/07\/soil-nailing-1.png)\"><\/div><\/div><div class=\"container box-container\"><div class=\"row\"><div class=\"col title-box-txt\"><h1 class=\"wp-block-mac-h1-title-hero-block\" style=\"color:#ffffff;text-align:none\">WEBINAR<\/h1><\/div><\/div><\/div><\/div><\/div><\/div><div class=\"wp-block-mac-h2-title-block block-txt-container box-container\"><div class=\"row\"><div class=\"col title-box-txt\"><h2 style=\"color:#212429;text-align:none\">Dise\u00f1o de aplicaciones de suelo grapado con el online software Mac S-Design<\/h2><\/div><\/div><\/div><div class=\"wp-block-mac-container-block box-container\"><div class=\"wp-block-columns is-layout-flex wp-container-core-columns-is-layout-9d6595d7 wp-block-columns-is-layout-flex\"><div class=\"wp-block-column is-layout-flow wp-block-column-is-layout-flow\"><figure class=\"wp-block-video\"><video height=\"530\" style=\"aspect-ratio: 1915 \/ 530;\" width=\"1915\" controls poster=\"https:\/\/www.maccaferri.com\/wp-content\/uploads\/2023\/03\/mac-s-1.png\" src=\"https:\/\/www.maccaferri.com\/wp-content\/uploads\/2023\/03\/Diseno-de-aplicaciones-de-suelo-grapado-con-el-online-software-Mac-S-Design-En-vivo-1.mp4\"><\/video><\/figure><\/div><\/div><\/div><div class=\"content-document-dowload\">\n    <div class=\"container-fluid box-container\">\n        <div class=\"row\">\n            <div class=\"col-12\">\n            <h2>Download documents<\/h2>\n            <\/div>\n        <\/div>\n    <\/div>\n    <div class=\"content-fluid has-white-background-color has-background\"><div class=\"content-document-dowload box-container\"><ul><li><a href=\"https:\/\/www.maccaferri.com\/pe\/download\/webinar-mac-s-design-slides-esp\/\" target=\"_blank\" title=\"WEBINAR-MAC-S-DESIGN-SLIDES-ESP\">WEBINAR-MAC-S-DESIGN-SLIDES-ESP<\/a><a href=\"https:\/\/www.maccaferri.com\/pe\/dashboard\" class=\"btn-dowload\" data-bs-toggle=\"tooltip\" data-bs-placement=\"top\" title=\"WEBINAR-MAC-S-DESIGN-SLIDES-ESP\"><span class=\"material-symbols-outlined download\">sim_card_download<\/span><\/a><\/li><li><a href=\"https:\/\/www.maccaferri.com\/pe\/download\/scientific-reference-manual\/\" target=\"_blank\" title=\"SCIENTIFIC REFERENCE MANUAL\">SCIENTIFIC REFERENCE MANUAL<\/a><a href=\"https:\/\/www.maccaferri.com\/pe\/dashboard\" class=\"btn-dowload\" data-bs-toggle=\"tooltip\" data-bs-placement=\"top\" title=\"SCIENTIFIC REFERENCE MANUAL\"><span class=\"material-symbols-outlined download\">sim_card_download<\/span><\/a><\/li><\/ul><\/div><\/div><\/div>\n\n<script type=\"text\/javascript\">\n    jQuery('.btn-file-download').click(function(e) {\n        e.preventDefault();\n        let idFile = jQuery(this).data('id-file');\n        window.open('https:\/\/www.maccaferri.com\/pe\/?wpdmdl=' + idFile);\n        return false;\n    });\n    \/\/tooltip\n    var tooltipTriggerList = [].slice.call(document.querySelectorAll('[data-bs-toggle=\"tooltip\"]'))\n    var tooltipList = tooltipTriggerList.map(function(tooltipTriggerEl) {\n        return new bootstrap.Tooltip(tooltipTriggerEl)\n    })\n<\/script>","protected":false},"excerpt":{"rendered":"","protected":false},"author":20,"featured_media":0,"parent":0,"menu_order":0,"comment_status":"closed","ping_status":"closed","template":"","meta":{"_acf_changed":false,"_joinchat":[],"footnotes":""},"class_list":["post-10534","page","type-page","status-publish","hentry"],"acf":{"uuid_products":"","product-documents":[10540,10539]},"yoast_head":"<!-- This site is optimized with the Yoast SEO Premium plugin v27.0 (Yoast SEO v27.0) - https:\/\/yoast.com\/product\/yoast-seo-premium-wordpress\/ -->\n<title>WEBINAR - Dise\u00f1o de aplicaciones de suelo grapado con el online software Mac S-Design - Maccaferri Per\u00f9<\/title>\n<meta name=\"description\" content=\"WEBINAR  Dise\u00f1o de aplicaciones de suelo grapado con el online software Mac S-Design\" \/>\n<meta name=\"robots\" content=\"index, follow, max-snippet:-1, max-image-preview:large, max-video-preview:-1\" \/>\n<link rel=\"canonical\" href=\"https:\/\/www.maccaferri.com\/pe\/webinar-diseno-de-aplicaciones-de-suelo-grapado-con-el-online-software-mac-s-design\/\" \/>\n<meta property=\"og:locale\" content=\"es_ES\" \/>\n<meta property=\"og:type\" content=\"article\" \/>\n<meta property=\"og:title\" content=\"WEBINAR - Dise\u00f1o de aplicaciones de suelo grapado con el online software Mac S-Design - Maccaferri Per\u00f9\" \/>\n<meta property=\"og:description\" content=\"WEBINAR  Dise\u00f1o de aplicaciones de suelo grapado con el online software Mac S-Design\" \/>\n<meta property=\"og:url\" content=\"https:\/\/www.maccaferri.com\/pe\/webinar-diseno-de-aplicaciones-de-suelo-grapado-con-el-online-software-mac-s-design\/\" \/>\n<meta property=\"og:site_name\" content=\"Maccaferri Per\u00f9\" \/>\n<meta property=\"article:modified_time\" content=\"2023-07-25T09:23:00+00:00\" \/>\n<meta property=\"og:image\" content=\"https:\/\/www.maccaferri.com\/pe\/wp-content\/uploads\/2023\/07\/soil-nailing-1.png\" \/>\n<meta name=\"twitter:card\" content=\"summary_large_image\" \/>\n<meta name=\"twitter:label1\" content=\"Est. reading time\" \/>\n\t<meta name=\"twitter:data1\" content=\"1 minute\" \/>\n<script type=\"application\/ld+json\" class=\"yoast-schema-graph\">{\"@context\":\"https:\/\/schema.org\",\"@graph\":[{\"@type\":\"WebPage\",\"@id\":\"https:\/\/www.maccaferri.com\/pe\/webinar-diseno-de-aplicaciones-de-suelo-grapado-con-el-online-software-mac-s-design\/\",\"url\":\"https:\/\/www.maccaferri.com\/pe\/webinar-diseno-de-aplicaciones-de-suelo-grapado-con-el-online-software-mac-s-design\/\",\"name\":\"WEBINAR - Dise\u00f1o de aplicaciones de suelo grapado con el online software Mac S-Design - Maccaferri Per\u00f9\",\"isPartOf\":{\"@id\":\"https:\/\/www.maccaferri.com\/pe\/#website\"},\"primaryImageOfPage\":{\"@id\":\"https:\/\/www.maccaferri.com\/pe\/webinar-diseno-de-aplicaciones-de-suelo-grapado-con-el-online-software-mac-s-design\/#primaryimage\"},\"image\":{\"@id\":\"https:\/\/www.maccaferri.com\/pe\/webinar-diseno-de-aplicaciones-de-suelo-grapado-con-el-online-software-mac-s-design\/#primaryimage\"},\"thumbnailUrl\":\"https:\/\/www.maccaferri.com\/pe\/wp-content\/uploads\/2023\/07\/soil-nailing-1.png\",\"datePublished\":\"2023-03-03T17:55:27+00:00\",\"dateModified\":\"2023-07-25T09:23:00+00:00\",\"description\":\"WEBINAR Dise\u00f1o de aplicaciones de suelo grapado con el online software Mac S-Design\",\"inLanguage\":\"es-ES\",\"potentialAction\":[{\"@type\":\"ReadAction\",\"target\":[\"https:\/\/www.maccaferri.com\/pe\/webinar-diseno-de-aplicaciones-de-suelo-grapado-con-el-online-software-mac-s-design\/\"]}]},{\"@type\":\"ImageObject\",\"inLanguage\":\"es-ES\",\"@id\":\"https:\/\/www.maccaferri.com\/pe\/webinar-diseno-de-aplicaciones-de-suelo-grapado-con-el-online-software-mac-s-design\/#primaryimage\",\"url\":\"https:\/\/www.maccaferri.com\/pe\/wp-content\/uploads\/2023\/07\/soil-nailing-1.png\",\"contentUrl\":\"https:\/\/www.maccaferri.com\/pe\/wp-content\/uploads\/2023\/07\/soil-nailing-1.png\",\"width\":1915,\"height\":530},{\"@type\":\"WebSite\",\"@id\":\"https:\/\/www.maccaferri.com\/pe\/#website\",\"url\":\"https:\/\/www.maccaferri.com\/pe\/\",\"name\":\"Maccaferri Per\u00f9\",\"description\":\"\",\"publisher\":{\"@id\":\"https:\/\/www.maccaferri.com\/pe\/#organization\"},\"potentialAction\":[{\"@type\":\"SearchAction\",\"target\":{\"@type\":\"EntryPoint\",\"urlTemplate\":\"https:\/\/www.maccaferri.com\/pe\/?s={search_term_string}\"},\"query-input\":{\"@type\":\"PropertyValueSpecification\",\"valueRequired\":true,\"valueName\":\"search_term_string\"}}],\"inLanguage\":\"es-ES\"},{\"@type\":\"Organization\",\"@id\":\"https:\/\/www.maccaferri.com\/pe\/#organization\",\"name\":\"Maccaferri Per\u00f9\",\"url\":\"https:\/\/www.maccaferri.com\/pe\/\",\"logo\":{\"@type\":\"ImageObject\",\"inLanguage\":\"es-ES\",\"@id\":\"https:\/\/www.maccaferri.com\/pe\/#\/schema\/logo\/image\/\",\"url\":\"https:\/\/www.maccaferri.com\/pe\/wp-content\/uploads\/2022\/07\/logo-maccaferri.png\",\"contentUrl\":\"https:\/\/www.maccaferri.com\/pe\/wp-content\/uploads\/2022\/07\/logo-maccaferri.png\",\"width\":152,\"height\":32,\"caption\":\"Maccaferri Per\u00f9\"},\"image\":{\"@id\":\"https:\/\/www.maccaferri.com\/pe\/#\/schema\/logo\/image\/\"}}]}<\/script>\n<!-- \/ Yoast SEO Premium plugin. -->","yoast_head_json":{"title":"WEBINAR - Dise\u00f1o de aplicaciones de suelo grapado con el online software Mac S-Design - Maccaferri Per\u00f9","description":"WEBINAR  Dise\u00f1o de aplicaciones de suelo grapado con el online software Mac S-Design","robots":{"index":"index","follow":"follow","max-snippet":"max-snippet:-1","max-image-preview":"max-image-preview:large","max-video-preview":"max-video-preview:-1"},"canonical":"https:\/\/www.maccaferri.com\/pe\/webinar-diseno-de-aplicaciones-de-suelo-grapado-con-el-online-software-mac-s-design\/","og_locale":"es_ES","og_type":"article","og_title":"WEBINAR - Dise\u00f1o de aplicaciones de suelo grapado con el online software Mac S-Design - Maccaferri Per\u00f9","og_description":"WEBINAR  Dise\u00f1o de aplicaciones de suelo grapado con el online software Mac S-Design","og_url":"https:\/\/www.maccaferri.com\/pe\/webinar-diseno-de-aplicaciones-de-suelo-grapado-con-el-online-software-mac-s-design\/","og_site_name":"Maccaferri Per\u00f9","article_modified_time":"2023-07-25T09:23:00+00:00","og_image":[{"url":"https:\/\/www.maccaferri.com\/pe\/wp-content\/uploads\/2023\/07\/soil-nailing-1.png","type":"","width":"","height":""}],"twitter_card":"summary_large_image","twitter_misc":{"Est. reading time":"1 minute"},"schema":{"@context":"https:\/\/schema.org","@graph":[{"@type":"WebPage","@id":"https:\/\/www.maccaferri.com\/pe\/webinar-diseno-de-aplicaciones-de-suelo-grapado-con-el-online-software-mac-s-design\/","url":"https:\/\/www.maccaferri.com\/pe\/webinar-diseno-de-aplicaciones-de-suelo-grapado-con-el-online-software-mac-s-design\/","name":"WEBINAR - Dise\u00f1o de aplicaciones de suelo grapado con el online software Mac S-Design - Maccaferri Per\u00f9","isPartOf":{"@id":"https:\/\/www.maccaferri.com\/pe\/#website"},"primaryImageOfPage":{"@id":"https:\/\/www.maccaferri.com\/pe\/webinar-diseno-de-aplicaciones-de-suelo-grapado-con-el-online-software-mac-s-design\/#primaryimage"},"image":{"@id":"https:\/\/www.maccaferri.com\/pe\/webinar-diseno-de-aplicaciones-de-suelo-grapado-con-el-online-software-mac-s-design\/#primaryimage"},"thumbnailUrl":"https:\/\/www.maccaferri.com\/pe\/wp-content\/uploads\/2023\/07\/soil-nailing-1.png","datePublished":"2023-03-03T17:55:27+00:00","dateModified":"2023-07-25T09:23:00+00:00","description":"WEBINAR Dise\u00f1o de aplicaciones de suelo grapado con el online software Mac S-Design","inLanguage":"es-ES","potentialAction":[{"@type":"ReadAction","target":["https:\/\/www.maccaferri.com\/pe\/webinar-diseno-de-aplicaciones-de-suelo-grapado-con-el-online-software-mac-s-design\/"]}]},{"@type":"ImageObject","inLanguage":"es-ES","@id":"https:\/\/www.maccaferri.com\/pe\/webinar-diseno-de-aplicaciones-de-suelo-grapado-con-el-online-software-mac-s-design\/#primaryimage","url":"https:\/\/www.maccaferri.com\/pe\/wp-content\/uploads\/2023\/07\/soil-nailing-1.png","contentUrl":"https:\/\/www.maccaferri.com\/pe\/wp-content\/uploads\/2023\/07\/soil-nailing-1.png","width":1915,"height":530},{"@type":"WebSite","@id":"https:\/\/www.maccaferri.com\/pe\/#website","url":"https:\/\/www.maccaferri.com\/pe\/","name":"Maccaferri Per\u00f9","description":"","publisher":{"@id":"https:\/\/www.maccaferri.com\/pe\/#organization"},"potentialAction":[{"@type":"SearchAction","target":{"@type":"EntryPoint","urlTemplate":"https:\/\/www.maccaferri.com\/pe\/?s={search_term_string}"},"query-input":{"@type":"PropertyValueSpecification","valueRequired":true,"valueName":"search_term_string"}}],"inLanguage":"es-ES"},{"@type":"Organization","@id":"https:\/\/www.maccaferri.com\/pe\/#organization","name":"Maccaferri Per\u00f9","url":"https:\/\/www.maccaferri.com\/pe\/","logo":{"@type":"ImageObject","inLanguage":"es-ES","@id":"https:\/\/www.maccaferri.com\/pe\/#\/schema\/logo\/image\/","url":"https:\/\/www.maccaferri.com\/pe\/wp-content\/uploads\/2022\/07\/logo-maccaferri.png","contentUrl":"https:\/\/www.maccaferri.com\/pe\/wp-content\/uploads\/2022\/07\/logo-maccaferri.png","width":152,"height":32,"caption":"Maccaferri Per\u00f9"},"image":{"@id":"https:\/\/www.maccaferri.com\/pe\/#\/schema\/logo\/image\/"}}]}},"_links":{"self":[{"href":"https:\/\/www.maccaferri.com\/pe\/wp-json\/wp\/v2\/pages\/10534","targetHints":{"allow":["GET"]}}],"collection":[{"href":"https:\/\/www.maccaferri.com\/pe\/wp-json\/wp\/v2\/pages"}],"about":[{"href":"https:\/\/www.maccaferri.com\/pe\/wp-json\/wp\/v2\/types\/page"}],"author":[{"embeddable":true,"href":"https:\/\/www.maccaferri.com\/pe\/wp-json\/wp\/v2\/users\/20"}],"replies":[{"embeddable":true,"href":"https:\/\/www.maccaferri.com\/pe\/wp-json\/wp\/v2\/comments?post=10534"}],"version-history":[{"count":4,"href":"https:\/\/www.maccaferri.com\/pe\/wp-json\/wp\/v2\/pages\/10534\/revisions"}],"predecessor-version":[{"id":51739,"href":"https:\/\/www.maccaferri.com\/pe\/wp-json\/wp\/v2\/pages\/10534\/revisions\/51739"}],"acf:post":[{"embeddable":true,"href":"https:\/\/www.maccaferri.com\/pe\/wp-json\/wp\/v2\/wpdmpro\/10539"},{"embeddable":true,"href":"https:\/\/www.maccaferri.com\/pe\/wp-json\/wp\/v2\/wpdmpro\/10540"}],"wp:attachment":[{"href":"https:\/\/www.maccaferri.com\/pe\/wp-json\/wp\/v2\/media?parent=10534"}],"curies":[{"name":"wp","href":"https:\/\/api.w.org\/{rel}","templated":true}]}}