{"id":75124,"date":"2024-06-14T19:14:58","date_gmt":"2024-06-14T17:14:58","guid":{"rendered":"https:\/\/www.maccaferri.com\/mx\/?page_id=75124"},"modified":"2024-07-04T14:11:43","modified_gmt":"2024-07-04T12:11:43","slug":"polimac","status":"publish","type":"page","link":"https:\/\/www.maccaferri.com\/mx\/polimac\/","title":{"rendered":"PoliMac\u00ae"},"content":{"rendered":"<div class=\"wp-block-cover is-light\" style=\"min-height:100vh;aspect-ratio:unset;\"><span aria-hidden=\"true\" class=\"wp-block-cover__background has-background-dim-10 has-background-dim\"><\/span><video class=\"wp-block-cover__video-background intrinsic-ignore\" autoplay muted loop playsinline src=\"https:\/\/www.maccaferri.com\/pe\/wp-content\/uploads\/2024\/06\/Macaferri-Polimac-blanco-sitio-web-2024.mp4\" data-object-fit=\"cover\"><\/video><div class=\"wp-block-cover__inner-container is-layout-flow wp-block-cover-is-layout-flow\"><p class=\"has-text-align-center has-small-font-size\"><\/p><\/div><\/div><div class=\"wp-block-mac-container-block box-container\"><div class=\"wp-block-columns is-layout-flex wp-container-core-columns-is-layout-9d6595d7 wp-block-columns-is-layout-flex\"><div class=\"wp-block-column is-layout-flow wp-block-column-is-layout-flow\"><\/div><\/div><\/div><div class=\"container content-paragraph box-container\"><div class=\"row\"><div class=\"col-12 col-lg-12 col-xl-12 col-xxl-12\"><div class=\"content-txt\"><h1 style=\"text-align: center\"><span style=\"color: #004857\"><strong>PoliMac\u00ae <\/strong><\/span><\/h1>\n<\/div><\/div><\/div><\/div><div class=\"wp-block-mac-container-block box-container\"><div class=\"wp-block-columns is-layout-flex wp-container-core-columns-is-layout-9d6595d7 wp-block-columns-is-layout-flex\"><div class=\"wp-block-column is-layout-flow wp-block-column-is-layout-flow\"><figure class=\"wp-block-image aligncenter size-full is-resized\"><img decoding=\"async\" src=\"https:\/\/www.maccaferri.com\/wp-content\/uploads\/2023\/03\/WEATHERING-RESISTANCE.png\" alt=\"\" class=\"wp-image-13141\" style=\"width:128px;height:126px\" \/><\/figure>\n\n<div class=\"container content-paragraph box-container\"><div class=\"row\"><div class=\"col-12 col-lg-12 col-xl-12 col-xxl-12\"><div class=\"content-txt\"><h4 style=\"text-align: center\">M\u00e1s Resistente<\/h4>\n<\/div><\/div><\/div><\/div>\n\n<p class=\"has-text-align-center\">Logra las exigencias de rendimiento t\u00e9cnico de la industria de la construcci\u00f3n.<\/p><\/div>\n\n<div class=\"wp-block-column is-layout-flow wp-block-column-is-layout-flow\"><figure class=\"wp-block-image aligncenter size-full is-resized\"><img decoding=\"async\" src=\"https:\/\/www.maccaferri.com\/wp-content\/uploads\/2023\/03\/MECHANICAL-PERFORMANCE.png\" alt=\"\" class=\"wp-image-13137\" style=\"width:128px;height:127px\" \/><\/figure>\n\n<div class=\"container content-paragraph box-container\"><div class=\"row\"><div class=\"col-12 col-lg-12 col-xl-12 col-xxl-12\"><div class=\"content-txt\"><h4 style=\"text-align: center\">Vida \u00fatil m\u00e1s larga<\/h4>\n<\/div><\/div><\/div><\/div>\n\n<p class=\"has-text-align-center\">Maximiza la longevidad y la eficiencia estructural.<\/p><\/div>\n\n<div class=\"wp-block-column is-layout-flow wp-block-column-is-layout-flow\"><figure class=\"wp-block-image aligncenter size-full is-resized\"><img decoding=\"async\" src=\"https:\/\/www.maccaferri.com\/wp-content\/uploads\/2023\/03\/ENVIRONMENTAL-FRIENDLINESS.png\" alt=\"\" class=\"wp-image-13138\" style=\"width:126px;height:125px\" \/><\/figure>\n\n<div class=\"container content-paragraph box-container\"><div class=\"row\"><div class=\"col-12 col-lg-12 col-xl-12 col-xxl-12\"><div class=\"content-txt\"><h4 style=\"text-align: center\">Amigable con el medio ambiente<\/h4>\n<\/div><\/div><\/div><\/div>\n\n<p class=\"has-text-align-center\">Cumple con los requisitos de proyectos ambientales.<\/p><\/div><\/div><\/div><div style=\"height:43px\" aria-hidden=\"true\" class=\"wp-block-spacer\"><\/div><div class=\"wp-block-mac-editor-block container-fluid\" style=\"background:#004857\"><div class=\"row\"><div class=\"col\"><div class=\"gts__picture\"><img style=\"display:none\" \/><div class=\"gts__picture__image\" style=\"background-image:url(undefined)\"><\/div><\/div><div class=\"container box-container\"><div class=\"row\"><div class=\"col title-box-txt\"><div style=\"text-align:center\"><h2 class=\"wp-block-mac-editor-block\" style=\"color:#FFFFFF\">En 120 a\u00f1os, la exposici\u00f3n ambiental ser\u00e1 m\u00e1s agresiva. Tenemos la soluci\u00f3n, hoy.<\/h2><\/div><div style=\"text-align:center\"><p class=\"wp-block-mac-editor-block\" style=\"color:#FFFFFF\"><\/p><\/div><div style=\"text-align:right\"><a target=\"_blank\" class=\"buttonurl\" rel=\"noopener\"><span class=\"buttontext\"><\/span><\/a><\/div><\/div><\/div><\/div><\/div><\/div><\/div><div class=\"wp-block-columns is-layout-flex wp-container-core-columns-is-layout-9d6595d7 wp-block-columns-is-layout-flex\"><div class=\"wp-block-column is-layout-flow wp-block-column-is-layout-flow\"><div style=\"height:50px\" aria-hidden=\"true\" class=\"wp-block-spacer\"><\/div><\/div><\/div><div class=\"wp-block-mac-h4-title-bold-block block-txt-container box-container\"><div class=\"row\"><div class=\"col title-box-txt\"><h4 style=\"color:#004857;text-align:center\">El recubrimiento de pol\u00edmero PoliMac\u00ae se aplica en diferentes productos de Maccaferri para cumplir con las demandas de durabilidad, rendimiento y eficiencia econ\u00f3mica de los proyectos de ingenier\u00eda civil actuales.<\/h4><\/div><\/div><\/div><div class=\"wp-block-mac-container-block box-container\"><div class=\"container\"><h2><\/h2><div class=\"row\"><\/div><\/div><\/div><div style=\"height:100px\" aria-hidden=\"true\" class=\"wp-block-spacer\"><\/div><div class=\"wp-block-mac-container-block box-container\"><div class=\"wp-block-columns is-layout-flex wp-container-core-columns-is-layout-9d6595d7 wp-block-columns-is-layout-flex\"><div class=\"wp-block-column is-layout-flow wp-block-column-is-layout-flow\"><div class=\"wp-block-mac-h4-title-block block-txt-container box-container\"><div class=\"row\"><div class=\"col title-box-txt\"><h4 style=\"color:#212429;text-align:center\">DESCUBRE M\u00c1S SOBRE POLIMAC\u00ae<\/h4><\/div><\/div><\/div>\n\n<div class=\"wp-block-buttons is-horizontal is-content-justification-center is-layout-flex wp-container-core-buttons-is-layout-499968f5 wp-block-buttons-is-layout-flex\"><div class=\"wp-block-button\"><a class=\"wp-block-button__link wp-element-button\" href=\"https:\/\/www.maccaferri.com\/mx\/download\/brochure-mx-polimac-sp-mar21-pdf\/\">DESCARGA EL CATALOGO DE POLIMAC\u00ae<\/a><\/div><\/div><\/div><\/div><\/div><div style=\"height:100px\" aria-hidden=\"true\" class=\"wp-block-spacer\"><\/div>","protected":false},"excerpt":{"rendered":"","protected":false},"author":6,"featured_media":0,"parent":0,"menu_order":0,"comment_status":"closed","ping_status":"closed","template":"","meta":{"_acf_changed":false,"_joinchat":[],"footnotes":""},"class_list":["post-75124","page","type-page","status-publish","hentry"],"acf":{"uuid_products":"","product-documents":""},"yoast_head":"<!-- This site is optimized with the Yoast SEO Premium plugin v27.0 (Yoast SEO v27.0) - https:\/\/yoast.com\/product\/yoast-seo-premium-wordpress\/ -->\n<title>PoliMac\u00ae - Maccaferri Mexico<\/title>\n<meta name=\"description\" content=\"Logra las exigencias de rendimiento t\u00e9cnico de la industria de la construcci\u00f3n. Maximiza la longevidad y la eficiencia estructural. Cumple con los\" \/>\n<meta name=\"robots\" content=\"index, follow, max-snippet:-1, max-image-preview:large, max-video-preview:-1\" \/>\n<link rel=\"canonical\" href=\"https:\/\/www.maccaferri.com\/mx\/polimac\/\" \/>\n<meta property=\"og:locale\" content=\"es_ES\" \/>\n<meta property=\"og:type\" content=\"article\" \/>\n<meta property=\"og:title\" content=\"PoliMac\u00ae\" \/>\n<meta property=\"og:description\" content=\"Logra las exigencias de rendimiento t\u00e9cnico de la industria de la construcci\u00f3n. Maximiza la longevidad y la eficiencia estructural. Cumple con los\" \/>\n<meta property=\"og:url\" content=\"https:\/\/www.maccaferri.com\/mx\/polimac\/\" \/>\n<meta property=\"og:site_name\" content=\"Maccaferri Mexico\" \/>\n<meta property=\"article:modified_time\" content=\"2024-07-04T12:11:43+00:00\" \/>\n<meta property=\"og:image\" content=\"https:\/\/www.maccaferri.com\/wp-content\/uploads\/2023\/03\/WEATHERING-RESISTANCE.png\" \/>\n<meta name=\"twitter:card\" content=\"summary_large_image\" \/>\n<meta name=\"twitter:label1\" content=\"Est. reading time\" \/>\n\t<meta name=\"twitter:data1\" content=\"2 minutes\" \/>\n<script type=\"application\/ld+json\" class=\"yoast-schema-graph\">{\"@context\":\"https:\/\/schema.org\",\"@graph\":[{\"@type\":\"WebPage\",\"@id\":\"https:\/\/www.maccaferri.com\/mx\/polimac\/\",\"url\":\"https:\/\/www.maccaferri.com\/mx\/polimac\/\",\"name\":\"PoliMac\u00ae - Maccaferri Mexico\",\"isPartOf\":{\"@id\":\"https:\/\/www.maccaferri.com\/mx\/#website\"},\"primaryImageOfPage\":{\"@id\":\"https:\/\/www.maccaferri.com\/mx\/polimac\/#primaryimage\"},\"image\":{\"@id\":\"https:\/\/www.maccaferri.com\/mx\/polimac\/#primaryimage\"},\"thumbnailUrl\":\"https:\/\/www.maccaferri.com\/wp-content\/uploads\/2023\/03\/WEATHERING-RESISTANCE.png\",\"datePublished\":\"2024-06-14T17:14:58+00:00\",\"dateModified\":\"2024-07-04T12:11:43+00:00\",\"description\":\"Logra las exigencias de rendimiento t\u00e9cnico de la industria de la construcci\u00f3n. Maximiza la longevidad y la eficiencia estructural. Cumple con los\",\"breadcrumb\":{\"@id\":\"https:\/\/www.maccaferri.com\/mx\/polimac\/#breadcrumb\"},\"inLanguage\":\"es-ES\",\"potentialAction\":[{\"@type\":\"ReadAction\",\"target\":[\"https:\/\/www.maccaferri.com\/mx\/polimac\/\"]}]},{\"@type\":\"ImageObject\",\"inLanguage\":\"es-ES\",\"@id\":\"https:\/\/www.maccaferri.com\/mx\/polimac\/#primaryimage\",\"url\":\"https:\/\/www.maccaferri.com\/wp-content\/uploads\/2023\/03\/WEATHERING-RESISTANCE.png\",\"contentUrl\":\"https:\/\/www.maccaferri.com\/wp-content\/uploads\/2023\/03\/WEATHERING-RESISTANCE.png\"},{\"@type\":\"BreadcrumbList\",\"@id\":\"https:\/\/www.maccaferri.com\/mx\/polimac\/#breadcrumb\",\"itemListElement\":[{\"@type\":\"ListItem\",\"position\":1,\"name\":\"Home\",\"item\":\"https:\/\/www.maccaferri.com\/mx\/\"},{\"@type\":\"ListItem\",\"position\":2,\"name\":\"PoliMac\u00ae\"}]},{\"@type\":\"WebSite\",\"@id\":\"https:\/\/www.maccaferri.com\/mx\/#website\",\"url\":\"https:\/\/www.maccaferri.com\/mx\/\",\"name\":\"Maccaferri Mexico\",\"description\":\"\",\"publisher\":{\"@id\":\"https:\/\/www.maccaferri.com\/mx\/#organization\"},\"potentialAction\":[{\"@type\":\"SearchAction\",\"target\":{\"@type\":\"EntryPoint\",\"urlTemplate\":\"https:\/\/www.maccaferri.com\/mx\/?s={search_term_string}\"},\"query-input\":{\"@type\":\"PropertyValueSpecification\",\"valueRequired\":true,\"valueName\":\"search_term_string\"}}],\"inLanguage\":\"es-ES\"},{\"@type\":\"Organization\",\"@id\":\"https:\/\/www.maccaferri.com\/mx\/#organization\",\"name\":\"Maccaferri Mexico\",\"url\":\"https:\/\/www.maccaferri.com\/mx\/\",\"logo\":{\"@type\":\"ImageObject\",\"inLanguage\":\"es-ES\",\"@id\":\"https:\/\/www.maccaferri.com\/mx\/#\/schema\/logo\/image\/\",\"url\":\"https:\/\/www.maccaferri.com\/mx\/wp-content\/uploads\/2022\/07\/logo-maccaferri.png\",\"contentUrl\":\"https:\/\/www.maccaferri.com\/mx\/wp-content\/uploads\/2022\/07\/logo-maccaferri.png\",\"width\":152,\"height\":32,\"caption\":\"Maccaferri Mexico\"},\"image\":{\"@id\":\"https:\/\/www.maccaferri.com\/mx\/#\/schema\/logo\/image\/\"}}]}<\/script>\n<!-- \/ Yoast SEO Premium plugin. -->","yoast_head_json":{"title":"PoliMac\u00ae - Maccaferri Mexico","description":"Logra las exigencias de rendimiento t\u00e9cnico de la industria de la construcci\u00f3n. Maximiza la longevidad y la eficiencia estructural. Cumple con los","robots":{"index":"index","follow":"follow","max-snippet":"max-snippet:-1","max-image-preview":"max-image-preview:large","max-video-preview":"max-video-preview:-1"},"canonical":"https:\/\/www.maccaferri.com\/mx\/polimac\/","og_locale":"es_ES","og_type":"article","og_title":"PoliMac\u00ae","og_description":"Logra las exigencias de rendimiento t\u00e9cnico de la industria de la construcci\u00f3n. Maximiza la longevidad y la eficiencia estructural. Cumple con los","og_url":"https:\/\/www.maccaferri.com\/mx\/polimac\/","og_site_name":"Maccaferri Mexico","article_modified_time":"2024-07-04T12:11:43+00:00","og_image":[{"url":"https:\/\/www.maccaferri.com\/wp-content\/uploads\/2023\/03\/WEATHERING-RESISTANCE.png","type":"","width":"","height":""}],"twitter_card":"summary_large_image","twitter_misc":{"Est. reading time":"2 minutes"},"schema":{"@context":"https:\/\/schema.org","@graph":[{"@type":"WebPage","@id":"https:\/\/www.maccaferri.com\/mx\/polimac\/","url":"https:\/\/www.maccaferri.com\/mx\/polimac\/","name":"PoliMac\u00ae - Maccaferri Mexico","isPartOf":{"@id":"https:\/\/www.maccaferri.com\/mx\/#website"},"primaryImageOfPage":{"@id":"https:\/\/www.maccaferri.com\/mx\/polimac\/#primaryimage"},"image":{"@id":"https:\/\/www.maccaferri.com\/mx\/polimac\/#primaryimage"},"thumbnailUrl":"https:\/\/www.maccaferri.com\/wp-content\/uploads\/2023\/03\/WEATHERING-RESISTANCE.png","datePublished":"2024-06-14T17:14:58+00:00","dateModified":"2024-07-04T12:11:43+00:00","description":"Logra las exigencias de rendimiento t\u00e9cnico de la industria de la construcci\u00f3n. Maximiza la longevidad y la eficiencia estructural. Cumple con los","breadcrumb":{"@id":"https:\/\/www.maccaferri.com\/mx\/polimac\/#breadcrumb"},"inLanguage":"es-ES","potentialAction":[{"@type":"ReadAction","target":["https:\/\/www.maccaferri.com\/mx\/polimac\/"]}]},{"@type":"ImageObject","inLanguage":"es-ES","@id":"https:\/\/www.maccaferri.com\/mx\/polimac\/#primaryimage","url":"https:\/\/www.maccaferri.com\/wp-content\/uploads\/2023\/03\/WEATHERING-RESISTANCE.png","contentUrl":"https:\/\/www.maccaferri.com\/wp-content\/uploads\/2023\/03\/WEATHERING-RESISTANCE.png"},{"@type":"BreadcrumbList","@id":"https:\/\/www.maccaferri.com\/mx\/polimac\/#breadcrumb","itemListElement":[{"@type":"ListItem","position":1,"name":"Home","item":"https:\/\/www.maccaferri.com\/mx\/"},{"@type":"ListItem","position":2,"name":"PoliMac\u00ae"}]},{"@type":"WebSite","@id":"https:\/\/www.maccaferri.com\/mx\/#website","url":"https:\/\/www.maccaferri.com\/mx\/","name":"Maccaferri Mexico","description":"","publisher":{"@id":"https:\/\/www.maccaferri.com\/mx\/#organization"},"potentialAction":[{"@type":"SearchAction","target":{"@type":"EntryPoint","urlTemplate":"https:\/\/www.maccaferri.com\/mx\/?s={search_term_string}"},"query-input":{"@type":"PropertyValueSpecification","valueRequired":true,"valueName":"search_term_string"}}],"inLanguage":"es-ES"},{"@type":"Organization","@id":"https:\/\/www.maccaferri.com\/mx\/#organization","name":"Maccaferri Mexico","url":"https:\/\/www.maccaferri.com\/mx\/","logo":{"@type":"ImageObject","inLanguage":"es-ES","@id":"https:\/\/www.maccaferri.com\/mx\/#\/schema\/logo\/image\/","url":"https:\/\/www.maccaferri.com\/mx\/wp-content\/uploads\/2022\/07\/logo-maccaferri.png","contentUrl":"https:\/\/www.maccaferri.com\/mx\/wp-content\/uploads\/2022\/07\/logo-maccaferri.png","width":152,"height":32,"caption":"Maccaferri Mexico"},"image":{"@id":"https:\/\/www.maccaferri.com\/mx\/#\/schema\/logo\/image\/"}}]}},"_links":{"self":[{"href":"https:\/\/www.maccaferri.com\/mx\/wp-json\/wp\/v2\/pages\/75124","targetHints":{"allow":["GET"]}}],"collection":[{"href":"https:\/\/www.maccaferri.com\/mx\/wp-json\/wp\/v2\/pages"}],"about":[{"href":"https:\/\/www.maccaferri.com\/mx\/wp-json\/wp\/v2\/types\/page"}],"author":[{"embeddable":true,"href":"https:\/\/www.maccaferri.com\/mx\/wp-json\/wp\/v2\/users\/6"}],"replies":[{"embeddable":true,"href":"https:\/\/www.maccaferri.com\/mx\/wp-json\/wp\/v2\/comments?post=75124"}],"version-history":[{"count":3,"href":"https:\/\/www.maccaferri.com\/mx\/wp-json\/wp\/v2\/pages\/75124\/revisions"}],"predecessor-version":[{"id":105172,"href":"https:\/\/www.maccaferri.com\/mx\/wp-json\/wp\/v2\/pages\/75124\/revisions\/105172"}],"wp:attachment":[{"href":"https:\/\/www.maccaferri.com\/mx\/wp-json\/wp\/v2\/media?parent=75124"}],"curies":[{"name":"wp","href":"https:\/\/api.w.org\/{rel}","templated":true}]}}