{"id":3514,"date":"2022-12-14T12:27:40","date_gmt":"2022-12-14T11:27:40","guid":{"rendered":"https:\/\/www.maccaferri.com\/mex\/?page_id=3514"},"modified":"2025-12-16T10:32:30","modified_gmt":"2025-12-16T09:32:30","slug":"paquete-de-softwares-maccaferri","status":"publish","type":"page","link":"https:\/\/www.maccaferri.com\/mx\/paquete-de-softwares-maccaferri\/","title":{"rendered":"Paquete de softwares Maccaferri"},"content":{"rendered":"<div class=\"wp-block-mac-h1-title-hero-block container-fluid block-txt-container\" style=\"background:linear-gradient(180deg,rgb(1,94,111) 0%,rgb(0,72,87) 100%)\"><div class=\"row\"><div class=\"col\"><div class=\"gts__picture\"><img decoding=\"async\" src=\"https:\/\/www.maccaferri.com\/mx\/wp-content\/uploads\/2023\/01\/software-12.jpeg\" style=\"display:none\"\/><div class=\"gts__picture__image\" style=\"background-image:url(https:\/\/www.maccaferri.com\/mx\/wp-content\/uploads\/2023\/01\/software-12.jpeg)\"><\/div><\/div><div class=\"container box-container\"><div class=\"row\"><div class=\"col title-box-txt\"><h1 class=\"wp-block-mac-h1-title-hero-block\" style=\"color:#ffffff;text-align:none\">Paquete de softwares Maccaferri<\/h1><\/div><\/div><\/div><\/div><\/div><\/div><div style=\"height:100px\" aria-hidden=\"true\" class=\"wp-block-spacer\"><\/div><div class=\"wp-block-columns is-layout-flex wp-container-core-columns-is-layout-9d6595d7 wp-block-columns-is-layout-flex\"><div class=\"wp-block-column is-layout-flow wp-block-column-is-layout-flow\"><div class=\"wp-block-mac-container-block box-container\"><div class=\"wp-block-columns is-layout-flex wp-container-core-columns-is-layout-9d6595d7 wp-block-columns-is-layout-flex\"><div class=\"wp-block-column is-layout-flow wp-block-column-is-layout-flow\"><div class=\"wp-block-mac-h5-txt-paragraph-block block-txt-container box-container\"><div class=\"row\"><div class=\"col paragraph-box-txt\"><h5 class=\"wp-block-mac-h5-txt-paragraph-block\" style=\"color:#212429;text-align:left\">Desarrollado en asociaci\u00f3n con <strong>universidades e institutos l\u00edderes,<\/strong> nuestro paquete de software f\u00e1cil de usar y aceptado en todo el mundo <strong>permite a los ingenieros<\/strong> dise\u00f1ar y ofrecer soluciones de ingenier\u00eda civil efectivas y confiables.<br><br>Basadas en datos experimentales recopilados en d\u00e9cadas de experiencia de campo y <strong>rigurosas campa\u00f1as de prueba<\/strong>, nuestras soluciones de <strong>software gratuito<\/strong> se adaptan a los requisitos de los ingenieros civiles y geot\u00e9cnicos de todo el mundo y, al mismo tiempo, ofrecen beneficios adicionales de rentabilidad y capacidad de construcci\u00f3n mejorada.<br><br>P\u00f3ngase en contacto con nosotros <strong>para capacitarse<\/strong> en nuestras soluciones de software y comenzar a dise\u00f1ar soluciones de ingenier\u00eda desafiantes y de alto nivel en las condiciones m\u00e1s diversas.<\/h5><\/div><\/div><\/div><\/div><\/div><\/div><\/div><\/div><div class=\"wp-block-mac-container-block box-container\"><div class=\"wp-block-columns is-layout-flex wp-container-core-columns-is-layout-9d6595d7 wp-block-columns-is-layout-flex\"><div class=\"wp-block-column is-layout-flow wp-block-column-is-layout-flow\"><figure class=\"wp-block-image size-full\"><img fetchpriority=\"high\" decoding=\"async\" width=\"430\" height=\"330\" src=\"https:\/\/www.maccaferri.com\/mex\/wp-content\/uploads\/sites\/21\/2022\/12\/maccaferri-software.png\" alt=\"\" class=\"wp-image-3075\" srcset=\"https:\/\/www.maccaferri.com\/mx\/wp-content\/uploads\/2022\/12\/maccaferri-software.png 430w, https:\/\/www.maccaferri.com\/mx\/wp-content\/uploads\/2022\/12\/maccaferri-software-300x230.png 300w\" sizes=\"(max-width: 430px) 100vw, 430px\" \/><\/figure><\/div>\n\n<div class=\"wp-block-column is-layout-flow wp-block-column-is-layout-flow\"><div style=\"height:50px\" aria-hidden=\"true\" class=\"wp-block-spacer\"><\/div>\n\n<div class=\"wp-block-mac-h2-title-bold-block block-txt-container box-container\"><div class=\"row\"><div class=\"col title-box-txt\"><h2 style=\"color:#004857;text-align:center\">Softwares en L\u00ednea<\/h2><\/div><\/div><\/div>\n\n<p class=\"has-text-align-left has-medium-font-size\">Visite la plataforma de software Maccaferri eDesign. Proyecte en l\u00ednea desde cualquier lugar. No se requiere descarga.<\/p>\n\n<ul style=\"font-size:19px\" class=\"wp-block-list\"><li><strong>Mac S-Design<\/strong>: haga tu talud m\u00e1s seguro<\/li>\n\n<li><strong>MacTube Design<\/strong>: proyecte sus protecci\u00f3n costera<\/li>\n\n<li><strong>MacBars Design<\/strong>: estabilice su terrapl\u00e9n<\/li>\n\n<li><strong>MACRA Design<\/strong>: proyecto de obras hidr\u00e1ulicas fluviales<\/li>\n\n<li><strong>REQUALIFE<\/strong>: proyecte cursos de agua para un futuro sostenible<\/li>\n\n<li><strong>ECoMac Design<\/strong>: prevenir la erosi\u00f3n del suelo<\/li>\n\n<li><strong>MacQuay Design<\/strong>: protege tu estructura de amarre<\/li>\n\n<li><strong>MacRo Design<\/strong>: sistemas de revestimiento para paredes rocosas<\/li>\n\n<li><strong>GROUNDMAC<\/strong>: Mejora tu suelo<\/li><\/ul>\n\n<div class=\"wp-block-buttons is-content-justification-center is-layout-flex wp-container-core-buttons-is-layout-16018d1d wp-block-buttons-is-layout-flex\"><div class=\"wp-block-button\"><a class=\"wp-block-button__link wp-element-button\" href=\"https:\/\/edesign.maccaferri.com\/\">IR A LA PLATAFORMA<\/a><\/div><\/div><\/div><\/div><\/div><div style=\"height:150px\" aria-hidden=\"true\" class=\"wp-block-spacer\"><\/div><div class=\"wp-block-mac-container-block box-container\"><div class=\"wp-block-columns is-layout-flex wp-container-core-columns-is-layout-9d6595d7 wp-block-columns-is-layout-flex\"><div class=\"wp-block-column is-layout-flow wp-block-column-is-layout-flow\"><div class=\"wp-block-mac-h2-title-bold-block block-txt-container box-container\"><div class=\"row\"><div class=\"col title-box-txt\"><h2 style=\"color:#004857;text-align:left\">Softwares de dise\u00f1o descargable<\/h2><\/div><\/div><\/div>\n\n<p class=\"has-text-align-left has-medium-font-size\">Conozca nuestros softwares de proyecto descargable:<\/p>\n\n<ul style=\"font-size:19px\" class=\"wp-block-list\"><li><strong>GAWAC: <\/strong>proyecto de muros de contenci\u00f3n en gaviones.<\/li>\n\n<li><strong>MACSTARS 4.0: <\/strong>proyecto de soluciones de estabilidad de suelos reforzados.<\/li><\/ul>\n\n<div class=\"wp-block-buttons is-layout-flex wp-block-buttons-is-layout-flex\"><div class=\"wp-block-button aligncenter\"><a class=\"wp-block-button__link wp-element-button\" href=\"https:\/\/www.maccaferri.com\/mx\/search?category-link=&amp;r=&amp;sectors-select=&amp;applications-select=&amp;solutions-select=&amp;products-select=&amp;location-select=&amp;full=on&amp;find_softwares=1\">obtener SOFTWAREs<\/a><\/div><\/div><\/div>\n\n<div class=\"wp-block-column is-layout-flow wp-block-column-is-layout-flow\"><div style=\"height:100px\" aria-hidden=\"true\" class=\"wp-block-spacer\"><\/div>\n\n<figure class=\"wp-block-image size-large\"><img decoding=\"async\" width=\"1024\" height=\"686\" src=\"https:\/\/www.maccaferri.com\/mex\/wp-content\/uploads\/sites\/21\/2022\/12\/maccaferri-software-downloadable-1024x686.png\" alt=\"\" class=\"wp-image-3728\" srcset=\"https:\/\/www.maccaferri.com\/mx\/wp-content\/uploads\/2022\/12\/maccaferri-software-downloadable-1024x686.png 1024w, https:\/\/www.maccaferri.com\/mx\/wp-content\/uploads\/2022\/12\/maccaferri-software-downloadable-300x201.png 300w, https:\/\/www.maccaferri.com\/mx\/wp-content\/uploads\/2022\/12\/maccaferri-software-downloadable-768x514.png 768w, https:\/\/www.maccaferri.com\/mx\/wp-content\/uploads\/2022\/12\/maccaferri-software-downloadable-1536x1029.png 1536w, https:\/\/www.maccaferri.com\/mx\/wp-content\/uploads\/2022\/12\/maccaferri-software-downloadable.png 1583w\" sizes=\"(max-width: 1024px) 100vw, 1024px\" \/><\/figure><\/div><\/div><\/div><div style=\"height:100px\" aria-hidden=\"true\" class=\"wp-block-spacer\"><\/div>","protected":false},"excerpt":{"rendered":"","protected":false},"author":2,"featured_media":0,"parent":0,"menu_order":0,"comment_status":"closed","ping_status":"closed","template":"","meta":{"_acf_changed":false,"_joinchat":[],"footnotes":""},"class_list":["post-3514","page","type-page","status-publish","hentry"],"acf":{"uuid_products":"","product-documents":""},"yoast_head":"<!-- This site is optimized with the Yoast SEO Premium plugin v27.0 (Yoast SEO v27.0) - https:\/\/yoast.com\/product\/yoast-seo-premium-wordpress\/ -->\n<title>Paquete de softwares Maccaferri - Maccaferri Mexico<\/title>\n<meta name=\"description\" content=\"Paquete de softwares Maccaferri Desarrollado en asociaci\u00f3n con universidades e institutos l\u00edderes, nuestro paquete de software f\u00e1cil de usar y aceptado en\" \/>\n<meta name=\"robots\" content=\"index, follow, max-snippet:-1, max-image-preview:large, max-video-preview:-1\" \/>\n<link rel=\"canonical\" href=\"https:\/\/www.maccaferri.com\/mx\/paquete-de-softwares-maccaferri\/\" \/>\n<meta property=\"og:locale\" content=\"es_ES\" \/>\n<meta property=\"og:type\" content=\"article\" \/>\n<meta property=\"og:title\" content=\"Paquete de softwares Maccaferri\" \/>\n<meta property=\"og:description\" content=\"Paquete de softwares Maccaferri Desarrollado en asociaci\u00f3n con universidades e institutos l\u00edderes, nuestro paquete de software f\u00e1cil de usar y aceptado en\" \/>\n<meta property=\"og:url\" content=\"https:\/\/www.maccaferri.com\/mx\/paquete-de-softwares-maccaferri\/\" \/>\n<meta property=\"og:site_name\" content=\"Maccaferri Mexico\" \/>\n<meta property=\"article:modified_time\" content=\"2025-12-16T09:32:30+00:00\" \/>\n<meta property=\"og:image\" content=\"https:\/\/www.maccaferri.com\/mx\/wp-content\/uploads\/2023\/01\/software-12.jpeg\" \/>\n<meta name=\"twitter:card\" content=\"summary_large_image\" \/>\n<meta name=\"twitter:label1\" content=\"Est. reading time\" \/>\n\t<meta name=\"twitter:data1\" content=\"2 minutes\" \/>\n<script type=\"application\/ld+json\" class=\"yoast-schema-graph\">{\"@context\":\"https:\/\/schema.org\",\"@graph\":[{\"@type\":\"WebPage\",\"@id\":\"https:\/\/www.maccaferri.com\/mx\/paquete-de-softwares-maccaferri\/\",\"url\":\"https:\/\/www.maccaferri.com\/mx\/paquete-de-softwares-maccaferri\/\",\"name\":\"Paquete de softwares Maccaferri - Maccaferri Mexico\",\"isPartOf\":{\"@id\":\"https:\/\/www.maccaferri.com\/mx\/#website\"},\"primaryImageOfPage\":{\"@id\":\"https:\/\/www.maccaferri.com\/mx\/paquete-de-softwares-maccaferri\/#primaryimage\"},\"image\":{\"@id\":\"https:\/\/www.maccaferri.com\/mx\/paquete-de-softwares-maccaferri\/#primaryimage\"},\"thumbnailUrl\":\"https:\/\/www.maccaferri.com\/mx\/wp-content\/uploads\/2023\/01\/software-12.jpeg\",\"datePublished\":\"2022-12-14T11:27:40+00:00\",\"dateModified\":\"2025-12-16T09:32:30+00:00\",\"description\":\"Paquete de softwares Maccaferri Desarrollado en asociaci\u00f3n con universidades e institutos l\u00edderes, nuestro paquete de software f\u00e1cil de usar y aceptado en\",\"breadcrumb\":{\"@id\":\"https:\/\/www.maccaferri.com\/mx\/paquete-de-softwares-maccaferri\/#breadcrumb\"},\"inLanguage\":\"es-ES\",\"potentialAction\":[{\"@type\":\"ReadAction\",\"target\":[\"https:\/\/www.maccaferri.com\/mx\/paquete-de-softwares-maccaferri\/\"]}]},{\"@type\":\"ImageObject\",\"inLanguage\":\"es-ES\",\"@id\":\"https:\/\/www.maccaferri.com\/mx\/paquete-de-softwares-maccaferri\/#primaryimage\",\"url\":\"https:\/\/www.maccaferri.com\/mx\/wp-content\/uploads\/2023\/01\/software-12.jpeg\",\"contentUrl\":\"https:\/\/www.maccaferri.com\/mx\/wp-content\/uploads\/2023\/01\/software-12.jpeg\",\"width\":1280,\"height\":720},{\"@type\":\"BreadcrumbList\",\"@id\":\"https:\/\/www.maccaferri.com\/mx\/paquete-de-softwares-maccaferri\/#breadcrumb\",\"itemListElement\":[{\"@type\":\"ListItem\",\"position\":1,\"name\":\"Home\",\"item\":\"https:\/\/www.maccaferri.com\/mx\/\"},{\"@type\":\"ListItem\",\"position\":2,\"name\":\"Paquete de softwares Maccaferri\"}]},{\"@type\":\"WebSite\",\"@id\":\"https:\/\/www.maccaferri.com\/mx\/#website\",\"url\":\"https:\/\/www.maccaferri.com\/mx\/\",\"name\":\"Maccaferri Mexico\",\"description\":\"\",\"publisher\":{\"@id\":\"https:\/\/www.maccaferri.com\/mx\/#organization\"},\"potentialAction\":[{\"@type\":\"SearchAction\",\"target\":{\"@type\":\"EntryPoint\",\"urlTemplate\":\"https:\/\/www.maccaferri.com\/mx\/?s={search_term_string}\"},\"query-input\":{\"@type\":\"PropertyValueSpecification\",\"valueRequired\":true,\"valueName\":\"search_term_string\"}}],\"inLanguage\":\"es-ES\"},{\"@type\":\"Organization\",\"@id\":\"https:\/\/www.maccaferri.com\/mx\/#organization\",\"name\":\"Maccaferri Mexico\",\"url\":\"https:\/\/www.maccaferri.com\/mx\/\",\"logo\":{\"@type\":\"ImageObject\",\"inLanguage\":\"es-ES\",\"@id\":\"https:\/\/www.maccaferri.com\/mx\/#\/schema\/logo\/image\/\",\"url\":\"https:\/\/www.maccaferri.com\/mx\/wp-content\/uploads\/2022\/07\/logo-maccaferri.png\",\"contentUrl\":\"https:\/\/www.maccaferri.com\/mx\/wp-content\/uploads\/2022\/07\/logo-maccaferri.png\",\"width\":152,\"height\":32,\"caption\":\"Maccaferri Mexico\"},\"image\":{\"@id\":\"https:\/\/www.maccaferri.com\/mx\/#\/schema\/logo\/image\/\"}}]}<\/script>\n<!-- \/ Yoast SEO Premium plugin. -->","yoast_head_json":{"title":"Paquete de softwares Maccaferri - Maccaferri Mexico","description":"Paquete de softwares Maccaferri Desarrollado en asociaci\u00f3n con universidades e institutos l\u00edderes, nuestro paquete de software f\u00e1cil de usar y aceptado en","robots":{"index":"index","follow":"follow","max-snippet":"max-snippet:-1","max-image-preview":"max-image-preview:large","max-video-preview":"max-video-preview:-1"},"canonical":"https:\/\/www.maccaferri.com\/mx\/paquete-de-softwares-maccaferri\/","og_locale":"es_ES","og_type":"article","og_title":"Paquete de softwares Maccaferri","og_description":"Paquete de softwares Maccaferri Desarrollado en asociaci\u00f3n con universidades e institutos l\u00edderes, nuestro paquete de software f\u00e1cil de usar y aceptado en","og_url":"https:\/\/www.maccaferri.com\/mx\/paquete-de-softwares-maccaferri\/","og_site_name":"Maccaferri Mexico","article_modified_time":"2025-12-16T09:32:30+00:00","og_image":[{"url":"https:\/\/www.maccaferri.com\/mx\/wp-content\/uploads\/2023\/01\/software-12.jpeg","type":"","width":"","height":""}],"twitter_card":"summary_large_image","twitter_misc":{"Est. reading time":"2 minutes"},"schema":{"@context":"https:\/\/schema.org","@graph":[{"@type":"WebPage","@id":"https:\/\/www.maccaferri.com\/mx\/paquete-de-softwares-maccaferri\/","url":"https:\/\/www.maccaferri.com\/mx\/paquete-de-softwares-maccaferri\/","name":"Paquete de softwares Maccaferri - Maccaferri Mexico","isPartOf":{"@id":"https:\/\/www.maccaferri.com\/mx\/#website"},"primaryImageOfPage":{"@id":"https:\/\/www.maccaferri.com\/mx\/paquete-de-softwares-maccaferri\/#primaryimage"},"image":{"@id":"https:\/\/www.maccaferri.com\/mx\/paquete-de-softwares-maccaferri\/#primaryimage"},"thumbnailUrl":"https:\/\/www.maccaferri.com\/mx\/wp-content\/uploads\/2023\/01\/software-12.jpeg","datePublished":"2022-12-14T11:27:40+00:00","dateModified":"2025-12-16T09:32:30+00:00","description":"Paquete de softwares Maccaferri Desarrollado en asociaci\u00f3n con universidades e institutos l\u00edderes, nuestro paquete de software f\u00e1cil de usar y aceptado en","breadcrumb":{"@id":"https:\/\/www.maccaferri.com\/mx\/paquete-de-softwares-maccaferri\/#breadcrumb"},"inLanguage":"es-ES","potentialAction":[{"@type":"ReadAction","target":["https:\/\/www.maccaferri.com\/mx\/paquete-de-softwares-maccaferri\/"]}]},{"@type":"ImageObject","inLanguage":"es-ES","@id":"https:\/\/www.maccaferri.com\/mx\/paquete-de-softwares-maccaferri\/#primaryimage","url":"https:\/\/www.maccaferri.com\/mx\/wp-content\/uploads\/2023\/01\/software-12.jpeg","contentUrl":"https:\/\/www.maccaferri.com\/mx\/wp-content\/uploads\/2023\/01\/software-12.jpeg","width":1280,"height":720},{"@type":"BreadcrumbList","@id":"https:\/\/www.maccaferri.com\/mx\/paquete-de-softwares-maccaferri\/#breadcrumb","itemListElement":[{"@type":"ListItem","position":1,"name":"Home","item":"https:\/\/www.maccaferri.com\/mx\/"},{"@type":"ListItem","position":2,"name":"Paquete de softwares Maccaferri"}]},{"@type":"WebSite","@id":"https:\/\/www.maccaferri.com\/mx\/#website","url":"https:\/\/www.maccaferri.com\/mx\/","name":"Maccaferri Mexico","description":"","publisher":{"@id":"https:\/\/www.maccaferri.com\/mx\/#organization"},"potentialAction":[{"@type":"SearchAction","target":{"@type":"EntryPoint","urlTemplate":"https:\/\/www.maccaferri.com\/mx\/?s={search_term_string}"},"query-input":{"@type":"PropertyValueSpecification","valueRequired":true,"valueName":"search_term_string"}}],"inLanguage":"es-ES"},{"@type":"Organization","@id":"https:\/\/www.maccaferri.com\/mx\/#organization","name":"Maccaferri Mexico","url":"https:\/\/www.maccaferri.com\/mx\/","logo":{"@type":"ImageObject","inLanguage":"es-ES","@id":"https:\/\/www.maccaferri.com\/mx\/#\/schema\/logo\/image\/","url":"https:\/\/www.maccaferri.com\/mx\/wp-content\/uploads\/2022\/07\/logo-maccaferri.png","contentUrl":"https:\/\/www.maccaferri.com\/mx\/wp-content\/uploads\/2022\/07\/logo-maccaferri.png","width":152,"height":32,"caption":"Maccaferri Mexico"},"image":{"@id":"https:\/\/www.maccaferri.com\/mx\/#\/schema\/logo\/image\/"}}]}},"_links":{"self":[{"href":"https:\/\/www.maccaferri.com\/mx\/wp-json\/wp\/v2\/pages\/3514","targetHints":{"allow":["GET"]}}],"collection":[{"href":"https:\/\/www.maccaferri.com\/mx\/wp-json\/wp\/v2\/pages"}],"about":[{"href":"https:\/\/www.maccaferri.com\/mx\/wp-json\/wp\/v2\/types\/page"}],"author":[{"embeddable":true,"href":"https:\/\/www.maccaferri.com\/mx\/wp-json\/wp\/v2\/users\/2"}],"replies":[{"embeddable":true,"href":"https:\/\/www.maccaferri.com\/mx\/wp-json\/wp\/v2\/comments?post=3514"}],"version-history":[{"count":39,"href":"https:\/\/www.maccaferri.com\/mx\/wp-json\/wp\/v2\/pages\/3514\/revisions"}],"predecessor-version":[{"id":146450,"href":"https:\/\/www.maccaferri.com\/mx\/wp-json\/wp\/v2\/pages\/3514\/revisions\/146450"}],"wp:attachment":[{"href":"https:\/\/www.maccaferri.com\/mx\/wp-json\/wp\/v2\/media?parent=3514"}],"curies":[{"name":"wp","href":"https:\/\/api.w.org\/{rel}","templated":true}]}}