{"id":2906,"date":"2022-12-01T16:52:35","date_gmt":"2022-12-01T15:52:35","guid":{"rendered":"https:\/\/www.maccaferri.com\/mex\/?page_id=2906"},"modified":"2023-01-13T15:45:57","modified_gmt":"2023-01-13T14:45:57","slug":"vision-mision","status":"publish","type":"page","link":"https:\/\/www.maccaferri.com\/mx\/vision-mision\/","title":{"rendered":"Visi\u00f3n &amp; Misi\u00f3n"},"content":{"rendered":"<div class=\"wp-block-mac-h1-title-hero-block container-fluid block-txt-container\" style=\"background:linear-gradient(180deg,rgb(1,94,111) 0%,rgb(0,72,87) 100%)\"><div class=\"row\"><div class=\"col\"><div class=\"gts__picture\"><img decoding=\"async\" src=\"https:\/\/www.maccaferri.com\/mex\/wp-content\/uploads\/sites\/21\/2022\/12\/Sustainability_Gabion_3.jpg\" style=\"display:none\" \/><div class=\"gts__picture__image\" style=\"background-image:url(https:\/\/www.maccaferri.com\/mex\/wp-content\/uploads\/sites\/21\/2022\/12\/Sustainability_Gabion_3.jpg)\"><\/div><\/div><div class=\"container box-container\"><div class=\"row\"><div class=\"col title-box-txt\"><h1 class=\"wp-block-mac-h1-title-hero-block\" style=\"color:#ffffff;text-align:none\">Visi\u00f3n &amp; Misi\u00f3n<\/h1><\/div><\/div><\/div><\/div><\/div><\/div><div class=\"wp-block-mac-container-block box-container\"><div class=\"wp-block-columns is-layout-flex wp-container-core-columns-is-layout-9d6595d7 wp-block-columns-is-layout-flex\"><div class=\"wp-block-column is-layout-flow wp-block-column-is-layout-flow\"><div class=\"container content-paragraph box-container\"><div class=\"row\"><div class=\"col-12 col-lg-12 col-xl-12 col-xxl-12\"><div class=\"content-txt\"><h4>Cultivando el mundo del ma\u00f1ana, armonizando vida y naturaleza a trav\u00e9s de soluciones innovadoras, Maccaferri persigue la excelencia y la mejora continua.<\/h4>\n<\/div><\/div><\/div><\/div><\/div>\n\n<div class=\"wp-block-column is-vertically-aligned-center is-layout-flow wp-block-column-is-layout-flow\"><figure class=\"wp-block-image aligncenter size-full\"><img decoding=\"async\" width=\"200\" height=\"200\" src=\"https:\/\/www.maccaferri.com\/mex\/wp-content\/uploads\/sites\/21\/2022\/12\/maccaferri-nurturing-2019-200x200-1.png\" alt=\"\" class=\"wp-image-3696\" srcset=\"https:\/\/www.maccaferri.com\/mx\/wp-content\/uploads\/2022\/12\/maccaferri-nurturing-2019-200x200-1.png 200w, https:\/\/www.maccaferri.com\/mx\/wp-content\/uploads\/2022\/12\/maccaferri-nurturing-2019-200x200-1-150x150.png 150w\" sizes=\"(max-width: 200px) 100vw, 200px\" \/><\/figure><\/div><\/div><\/div><div class=\"wp-block-mac-container-block box-container\"><div class=\"wp-block-columns is-layout-flex wp-container-core-columns-is-layout-9d6595d7 wp-block-columns-is-layout-flex\"><div class=\"wp-block-column is-layout-flow wp-block-column-is-layout-flow\"><div class=\"container content-paragraph box-container\"><div class=\"row\"><div class=\"col-12 col-lg-12 col-xl-12 col-xxl-12\"><h6>VISI\u00d3N<\/h6><div class=\"content-txt\"><h5>Socio global de confianza, alimentando y cuidando el mundo del ma\u00f1ana, armonizando la vida y la naturaleza a trav\u00e9s de soluciones innovadoras.<\/h5>\n<p>Para Maccaferri, <strong>nutrir<\/strong>\u00a0significa cuidar, proteger, ser responsable. Nuestra visi\u00f3n no es s\u00f3lo \u201cqu\u00e9\u201d queremos ser, sino, lo que es a\u00fan m\u00e1s importante, \u201cc\u00f3mo\u201d queremos ser como organizaci\u00f3n. Responsables, respetuosos, atentos y sensibles no s\u00f3lo con el medio ambiente, sino tambi\u00e9n con nuestra gente.<\/p>\n<\/div><\/div><\/div><\/div><\/div>\n\n<div class=\"wp-block-column is-vertically-aligned-bottom is-layout-flow wp-block-column-is-layout-flow\"><figure class=\"wp-block-embed is-type-video is-provider-youtube wp-block-embed-youtube wp-embed-aspect-16-9 wp-has-aspect-ratio\"><div class=\"wp-block-embed__wrapper\">\n<iframe title=\"Maccaferri Vision\" width=\"640\" height=\"360\" src=\"https:\/\/www.youtube.com\/embed\/-d-yujSQjw0?feature=oembed\" frameborder=\"0\" allow=\"accelerometer; autoplay; clipboard-write; encrypted-media; gyroscope; picture-in-picture; web-share\" referrerpolicy=\"strict-origin-when-cross-origin\" allowfullscreen><\/iframe>\n<\/div><\/figure><\/div><\/div><\/div><div style=\"height:100px\" aria-hidden=\"true\" class=\"wp-block-spacer\"><\/div><div class=\"wp-block-mac-container-block box-container\"><div class=\"wp-block-columns are-vertically-aligned-bottom is-layout-flex wp-container-core-columns-is-layout-9d6595d7 wp-block-columns-is-layout-flex\"><div class=\"wp-block-column is-vertically-aligned-bottom is-layout-flow wp-block-column-is-layout-flow\"><figure class=\"wp-block-embed is-type-video is-provider-youtube wp-block-embed-youtube wp-embed-aspect-16-9 wp-has-aspect-ratio\"><div class=\"wp-block-embed__wrapper\">\n<iframe title=\"Maccaferri Mission\" width=\"640\" height=\"360\" src=\"https:\/\/www.youtube.com\/embed\/wuKbKI5x2Hw?feature=oembed\" frameborder=\"0\" allow=\"accelerometer; autoplay; clipboard-write; encrypted-media; gyroscope; picture-in-picture; web-share\" referrerpolicy=\"strict-origin-when-cross-origin\" allowfullscreen><\/iframe>\n<\/div><\/figure><\/div>\n\n<div class=\"wp-block-column is-vertically-aligned-bottom is-layout-flow wp-block-column-is-layout-flow\"><div class=\"container content-paragraph box-container\"><div class=\"row\"><div class=\"col-12 col-lg-12 col-xl-12 col-xxl-12\"><h6>MISI\u00d3N<\/h6><div class=\"content-txt\"><h5>Buscar la excelencia a trav\u00e9s de la mejora continua mientras ofrecemos a nuestros clientes soluciones innovadoras, avanzadas y compatibles con el medio ambiente.<\/h5>\n<p>Estamos comprometidos con la seguridad, la calidad y la sustentabilidad excepcionales, para crear valor para todos nuestros clientes, as\u00ed como para nuestras comunidades.<\/p>\n<\/div><\/div><\/div><\/div><\/div><\/div><\/div>","protected":false},"excerpt":{"rendered":"","protected":false},"author":2,"featured_media":0,"parent":0,"menu_order":0,"comment_status":"closed","ping_status":"closed","template":"custom-products-page.php","meta":{"_acf_changed":false,"_joinchat":[],"footnotes":""},"class_list":["post-2906","page","type-page","status-publish","hentry"],"acf":{"uuid_products":"","product-documents":""},"yoast_head":"<!-- This site is optimized with the Yoast SEO Premium plugin v27.0 (Yoast SEO v27.0) - https:\/\/yoast.com\/product\/yoast-seo-premium-wordpress\/ -->\n<title>Visi\u00f3n &amp; Misi\u00f3n - Maccaferri Mexico<\/title>\n<meta name=\"description\" content=\"Visi\u00f3n &amp; Misi\u00f3n             https:\/\/www.youtube.com\/watch?v=-d-yujSQjw0        https:\/\/www.youtube.com\/watch?v=wuKbKI5x2Hw\" \/>\n<meta name=\"robots\" content=\"index, follow, max-snippet:-1, max-image-preview:large, max-video-preview:-1\" \/>\n<link rel=\"canonical\" href=\"https:\/\/www.maccaferri.com\/mx\/vision-mision\/\" \/>\n<meta property=\"og:locale\" content=\"es_ES\" \/>\n<meta property=\"og:type\" content=\"article\" \/>\n<meta property=\"og:title\" content=\"Visi\u00f3n &amp; Misi\u00f3n\" \/>\n<meta property=\"og:description\" content=\"Visi\u00f3n &amp; Misi\u00f3n             https:\/\/www.youtube.com\/watch?v=-d-yujSQjw0        https:\/\/www.youtube.com\/watch?v=wuKbKI5x2Hw\" \/>\n<meta property=\"og:url\" content=\"https:\/\/www.maccaferri.com\/mx\/vision-mision\/\" \/>\n<meta property=\"og:site_name\" content=\"Maccaferri Mexico\" \/>\n<meta property=\"article:modified_time\" content=\"2023-01-13T14:45:57+00:00\" \/>\n<meta property=\"og:image\" content=\"https:\/\/www.maccaferri.com\/mex\/wp-content\/uploads\/sites\/21\/2022\/12\/Sustainability_Gabion_3.jpg\" \/>\n<meta name=\"twitter:card\" content=\"summary_large_image\" \/>\n<meta name=\"twitter:label1\" content=\"Est. reading time\" \/>\n\t<meta name=\"twitter:data1\" content=\"1 minute\" \/>\n<script type=\"application\/ld+json\" class=\"yoast-schema-graph\">{\"@context\":\"https:\/\/schema.org\",\"@graph\":[{\"@type\":\"WebPage\",\"@id\":\"https:\/\/www.maccaferri.com\/mx\/vision-mision\/\",\"url\":\"https:\/\/www.maccaferri.com\/mx\/vision-mision\/\",\"name\":\"Visi\u00f3n &amp; Misi\u00f3n - Maccaferri Mexico\",\"isPartOf\":{\"@id\":\"https:\/\/www.maccaferri.com\/mx\/#website\"},\"primaryImageOfPage\":{\"@id\":\"https:\/\/www.maccaferri.com\/mx\/vision-mision\/#primaryimage\"},\"image\":{\"@id\":\"https:\/\/www.maccaferri.com\/mx\/vision-mision\/#primaryimage\"},\"thumbnailUrl\":\"https:\/\/www.maccaferri.com\/mex\/wp-content\/uploads\/sites\/21\/2022\/12\/Sustainability_Gabion_3.jpg\",\"datePublished\":\"2022-12-01T15:52:35+00:00\",\"dateModified\":\"2023-01-13T14:45:57+00:00\",\"description\":\"Visi\u00f3n &amp; Misi\u00f3n https:\/\/www.youtube.com\/watch?v=-d-yujSQjw0 https:\/\/www.youtube.com\/watch?v=wuKbKI5x2Hw\",\"breadcrumb\":{\"@id\":\"https:\/\/www.maccaferri.com\/mx\/vision-mision\/#breadcrumb\"},\"inLanguage\":\"es-ES\",\"potentialAction\":[{\"@type\":\"ReadAction\",\"target\":[\"https:\/\/www.maccaferri.com\/mx\/vision-mision\/\"]}]},{\"@type\":\"ImageObject\",\"inLanguage\":\"es-ES\",\"@id\":\"https:\/\/www.maccaferri.com\/mx\/vision-mision\/#primaryimage\",\"url\":\"https:\/\/www.maccaferri.com\/mex\/wp-content\/uploads\/sites\/21\/2022\/12\/Sustainability_Gabion_3.jpg\",\"contentUrl\":\"https:\/\/www.maccaferri.com\/mex\/wp-content\/uploads\/sites\/21\/2022\/12\/Sustainability_Gabion_3.jpg\"},{\"@type\":\"BreadcrumbList\",\"@id\":\"https:\/\/www.maccaferri.com\/mx\/vision-mision\/#breadcrumb\",\"itemListElement\":[{\"@type\":\"ListItem\",\"position\":1,\"name\":\"Home\",\"item\":\"https:\/\/www.maccaferri.com\/mx\/\"},{\"@type\":\"ListItem\",\"position\":2,\"name\":\"Visi\u00f3n &amp; Misi\u00f3n\"}]},{\"@type\":\"WebSite\",\"@id\":\"https:\/\/www.maccaferri.com\/mx\/#website\",\"url\":\"https:\/\/www.maccaferri.com\/mx\/\",\"name\":\"Maccaferri Mexico\",\"description\":\"\",\"publisher\":{\"@id\":\"https:\/\/www.maccaferri.com\/mx\/#organization\"},\"potentialAction\":[{\"@type\":\"SearchAction\",\"target\":{\"@type\":\"EntryPoint\",\"urlTemplate\":\"https:\/\/www.maccaferri.com\/mx\/?s={search_term_string}\"},\"query-input\":{\"@type\":\"PropertyValueSpecification\",\"valueRequired\":true,\"valueName\":\"search_term_string\"}}],\"inLanguage\":\"es-ES\"},{\"@type\":\"Organization\",\"@id\":\"https:\/\/www.maccaferri.com\/mx\/#organization\",\"name\":\"Maccaferri Mexico\",\"url\":\"https:\/\/www.maccaferri.com\/mx\/\",\"logo\":{\"@type\":\"ImageObject\",\"inLanguage\":\"es-ES\",\"@id\":\"https:\/\/www.maccaferri.com\/mx\/#\/schema\/logo\/image\/\",\"url\":\"https:\/\/www.maccaferri.com\/mx\/wp-content\/uploads\/2022\/07\/logo-maccaferri.png\",\"contentUrl\":\"https:\/\/www.maccaferri.com\/mx\/wp-content\/uploads\/2022\/07\/logo-maccaferri.png\",\"width\":152,\"height\":32,\"caption\":\"Maccaferri Mexico\"},\"image\":{\"@id\":\"https:\/\/www.maccaferri.com\/mx\/#\/schema\/logo\/image\/\"}}]}<\/script>\n<!-- \/ Yoast SEO Premium plugin. -->","yoast_head_json":{"title":"Visi\u00f3n &amp; Misi\u00f3n - Maccaferri Mexico","description":"Visi\u00f3n &amp; Misi\u00f3n             https:\/\/www.youtube.com\/watch?v=-d-yujSQjw0        https:\/\/www.youtube.com\/watch?v=wuKbKI5x2Hw","robots":{"index":"index","follow":"follow","max-snippet":"max-snippet:-1","max-image-preview":"max-image-preview:large","max-video-preview":"max-video-preview:-1"},"canonical":"https:\/\/www.maccaferri.com\/mx\/vision-mision\/","og_locale":"es_ES","og_type":"article","og_title":"Visi\u00f3n &amp; Misi\u00f3n","og_description":"Visi\u00f3n &amp; Misi\u00f3n             https:\/\/www.youtube.com\/watch?v=-d-yujSQjw0        https:\/\/www.youtube.com\/watch?v=wuKbKI5x2Hw","og_url":"https:\/\/www.maccaferri.com\/mx\/vision-mision\/","og_site_name":"Maccaferri Mexico","article_modified_time":"2023-01-13T14:45:57+00:00","og_image":[{"url":"https:\/\/www.maccaferri.com\/mex\/wp-content\/uploads\/sites\/21\/2022\/12\/Sustainability_Gabion_3.jpg","type":"","width":"","height":""}],"twitter_card":"summary_large_image","twitter_misc":{"Est. reading time":"1 minute"},"schema":{"@context":"https:\/\/schema.org","@graph":[{"@type":"WebPage","@id":"https:\/\/www.maccaferri.com\/mx\/vision-mision\/","url":"https:\/\/www.maccaferri.com\/mx\/vision-mision\/","name":"Visi\u00f3n &amp; Misi\u00f3n - Maccaferri Mexico","isPartOf":{"@id":"https:\/\/www.maccaferri.com\/mx\/#website"},"primaryImageOfPage":{"@id":"https:\/\/www.maccaferri.com\/mx\/vision-mision\/#primaryimage"},"image":{"@id":"https:\/\/www.maccaferri.com\/mx\/vision-mision\/#primaryimage"},"thumbnailUrl":"https:\/\/www.maccaferri.com\/mex\/wp-content\/uploads\/sites\/21\/2022\/12\/Sustainability_Gabion_3.jpg","datePublished":"2022-12-01T15:52:35+00:00","dateModified":"2023-01-13T14:45:57+00:00","description":"Visi\u00f3n &amp; Misi\u00f3n https:\/\/www.youtube.com\/watch?v=-d-yujSQjw0 https:\/\/www.youtube.com\/watch?v=wuKbKI5x2Hw","breadcrumb":{"@id":"https:\/\/www.maccaferri.com\/mx\/vision-mision\/#breadcrumb"},"inLanguage":"es-ES","potentialAction":[{"@type":"ReadAction","target":["https:\/\/www.maccaferri.com\/mx\/vision-mision\/"]}]},{"@type":"ImageObject","inLanguage":"es-ES","@id":"https:\/\/www.maccaferri.com\/mx\/vision-mision\/#primaryimage","url":"https:\/\/www.maccaferri.com\/mex\/wp-content\/uploads\/sites\/21\/2022\/12\/Sustainability_Gabion_3.jpg","contentUrl":"https:\/\/www.maccaferri.com\/mex\/wp-content\/uploads\/sites\/21\/2022\/12\/Sustainability_Gabion_3.jpg"},{"@type":"BreadcrumbList","@id":"https:\/\/www.maccaferri.com\/mx\/vision-mision\/#breadcrumb","itemListElement":[{"@type":"ListItem","position":1,"name":"Home","item":"https:\/\/www.maccaferri.com\/mx\/"},{"@type":"ListItem","position":2,"name":"Visi\u00f3n &amp; Misi\u00f3n"}]},{"@type":"WebSite","@id":"https:\/\/www.maccaferri.com\/mx\/#website","url":"https:\/\/www.maccaferri.com\/mx\/","name":"Maccaferri Mexico","description":"","publisher":{"@id":"https:\/\/www.maccaferri.com\/mx\/#organization"},"potentialAction":[{"@type":"SearchAction","target":{"@type":"EntryPoint","urlTemplate":"https:\/\/www.maccaferri.com\/mx\/?s={search_term_string}"},"query-input":{"@type":"PropertyValueSpecification","valueRequired":true,"valueName":"search_term_string"}}],"inLanguage":"es-ES"},{"@type":"Organization","@id":"https:\/\/www.maccaferri.com\/mx\/#organization","name":"Maccaferri Mexico","url":"https:\/\/www.maccaferri.com\/mx\/","logo":{"@type":"ImageObject","inLanguage":"es-ES","@id":"https:\/\/www.maccaferri.com\/mx\/#\/schema\/logo\/image\/","url":"https:\/\/www.maccaferri.com\/mx\/wp-content\/uploads\/2022\/07\/logo-maccaferri.png","contentUrl":"https:\/\/www.maccaferri.com\/mx\/wp-content\/uploads\/2022\/07\/logo-maccaferri.png","width":152,"height":32,"caption":"Maccaferri Mexico"},"image":{"@id":"https:\/\/www.maccaferri.com\/mx\/#\/schema\/logo\/image\/"}}]}},"_links":{"self":[{"href":"https:\/\/www.maccaferri.com\/mx\/wp-json\/wp\/v2\/pages\/2906","targetHints":{"allow":["GET"]}}],"collection":[{"href":"https:\/\/www.maccaferri.com\/mx\/wp-json\/wp\/v2\/pages"}],"about":[{"href":"https:\/\/www.maccaferri.com\/mx\/wp-json\/wp\/v2\/types\/page"}],"author":[{"embeddable":true,"href":"https:\/\/www.maccaferri.com\/mx\/wp-json\/wp\/v2\/users\/2"}],"replies":[{"embeddable":true,"href":"https:\/\/www.maccaferri.com\/mx\/wp-json\/wp\/v2\/comments?post=2906"}],"version-history":[{"count":23,"href":"https:\/\/www.maccaferri.com\/mx\/wp-json\/wp\/v2\/pages\/2906\/revisions"}],"predecessor-version":[{"id":5326,"href":"https:\/\/www.maccaferri.com\/mx\/wp-json\/wp\/v2\/pages\/2906\/revisions\/5326"}],"wp:attachment":[{"href":"https:\/\/www.maccaferri.com\/mx\/wp-json\/wp\/v2\/media?parent=2906"}],"curies":[{"name":"wp","href":"https:\/\/api.w.org\/{rel}","templated":true}]}}