{"id":11481,"date":"2023-03-21T19:58:07","date_gmt":"2023-03-21T18:58:07","guid":{"rendered":"https:\/\/www.maccaferri.com\/mx\/?page_id=11481"},"modified":"2023-07-25T10:35:14","modified_gmt":"2023-07-25T08:35:14","slug":"web-talk-la-importancia-de-la-normatividad-en-la-fabricacion-y-aplicacion-del-gavion","status":"publish","type":"page","link":"https:\/\/www.maccaferri.com\/mx\/web-talk-la-importancia-de-la-normatividad-en-la-fabricacion-y-aplicacion-del-gavion\/","title":{"rendered":"Web Talk &#8211; La importancia de la normatividad en la fabricaci\u00f3n y aplicaci\u00f3n del gavi\u00f3n\u00a0"},"content":{"rendered":"<div class=\"wp-block-mac-h1-title-hero-block container-fluid block-txt-container\" style=\"background:linear-gradient(180deg,rgb(1,94,111) 0%,rgb(0,72,87) 100%)\"><div class=\"row\"><div class=\"col\"><div class=\"gts__picture\"><img decoding=\"async\" src=\"https:\/\/www.maccaferri.com\/mx\/wp-content\/uploads\/2023\/07\/IMG20220421140943-scaled-1.jpg\" style=\"display:none\" \/><div class=\"gts__picture__image\" style=\"background-image:url(https:\/\/www.maccaferri.com\/mx\/wp-content\/uploads\/2023\/07\/IMG20220421140943-scaled-1.jpg)\"><\/div><\/div><div class=\"container box-container\"><div class=\"row\"><div class=\"col title-box-txt\"><h1 class=\"wp-block-mac-h1-title-hero-block\" style=\"color:#ffffff;text-align:none\">WEB TALK<\/h1><\/div><\/div><\/div><\/div><\/div><\/div><div class=\"wp-block-mac-h2-title-block block-txt-container box-container\"><div class=\"row\"><div class=\"col title-box-txt\"><h2 style=\"color:#212429;text-align:none\">La importancia de la normatividad en la fabricaci\u00f3n y aplicaci\u00f3n del gavi\u00f3n&nbsp;<\/h2><\/div><\/div><\/div><div class=\"wp-block-mac-container-block box-container\"><div class=\"wp-block-columns is-layout-flex wp-container-core-columns-is-layout-9d6595d7 wp-block-columns-is-layout-flex\"><div class=\"wp-block-column is-layout-flow wp-block-column-is-layout-flow\"><figure class=\"wp-block-embed is-type-video is-provider-vimeo wp-block-embed-vimeo wp-embed-aspect-16-9 wp-has-aspect-ratio\"><div class=\"wp-block-embed__wrapper\">\n<iframe src=\"https:\/\/player.vimeo.com\/video\/772559996?dnt=1&amp;app_id=122963\" width=\"640\" height=\"360\" frameborder=\"0\" allow=\"autoplay; fullscreen; picture-in-picture; clipboard-write\"><\/iframe>\n<\/div><\/figure><\/div><\/div><\/div><div class=\"content-document-dowload\">\n    <div class=\"container-fluid box-container\">\n        <div class=\"row\">\n            <div class=\"col-12\">\n            <h2>Download documents<\/h2>\n            <\/div>\n        <\/div>\n    <\/div>\n    <div class=\"content-fluid has-white-background-color has-background\"><div class=\"content-document-dowload box-container\"><ul><li><a href=\"https:\/\/www.maccaferri.com\/mx\/download\/flyer-br-volante-polimac-sp-mar21-pdf\/\" target=\"_blank\" title=\"Flyer BR Volante PoliMac\">Flyer BR Volante PoliMac<\/a><a href=\"https:\/\/www.maccaferri.com\/mx\/dashboard\" class=\"btn-dowload\" data-bs-toggle=\"tooltip\" data-bs-placement=\"top\" title=\"Flyer BR Volante PoliMac\"><span class=\"material-symbols-outlined download\">sim_card_download<\/span><\/a><\/li><\/ul><\/div><\/div><\/div>\n\n<script type=\"text\/javascript\">\n    jQuery('.btn-file-download').click(function(e) {\n        e.preventDefault();\n        let idFile = jQuery(this).data('id-file');\n        window.open('https:\/\/www.maccaferri.com\/mx\/?wpdmdl=' + idFile);\n        return false;\n    });\n    \/\/tooltip\n    var tooltipTriggerList = [].slice.call(document.querySelectorAll('[data-bs-toggle=\"tooltip\"]'))\n    var tooltipList = tooltipTriggerList.map(function(tooltipTriggerEl) {\n        return new bootstrap.Tooltip(tooltipTriggerEl)\n    })\n<\/script>","protected":false},"excerpt":{"rendered":"","protected":false},"author":20,"featured_media":0,"parent":0,"menu_order":0,"comment_status":"closed","ping_status":"closed","template":"","meta":{"_acf_changed":false,"_joinchat":[],"footnotes":""},"class_list":["post-11481","page","type-page","status-publish","hentry"],"acf":{"uuid_products":"","product-documents":[9976,10012]},"yoast_head":"<!-- This site is optimized with the Yoast SEO Premium plugin v27.0 (Yoast SEO v27.0) - https:\/\/yoast.com\/product\/yoast-seo-premium-wordpress\/ -->\n<title>Web Talk - La importancia de la normatividad en la fabricaci\u00f3n y aplicaci\u00f3n del gavi\u00f3n\u00a0 - Maccaferri Mexico<\/title>\n<meta name=\"description\" content=\"WEB TALK  La importancia de la normatividad en la fabricaci\u00f3n y aplicaci\u00f3n del gavi\u00f3n&nbsp;    https:\/\/vimeo.com\/772559996\" \/>\n<meta name=\"robots\" content=\"index, follow, max-snippet:-1, max-image-preview:large, max-video-preview:-1\" \/>\n<link rel=\"canonical\" href=\"https:\/\/www.maccaferri.com\/mx\/web-talk-la-importancia-de-la-normatividad-en-la-fabricacion-y-aplicacion-del-gavion\/\" \/>\n<meta property=\"og:locale\" content=\"es_ES\" \/>\n<meta property=\"og:type\" content=\"article\" \/>\n<meta property=\"og:title\" content=\"Web Talk - La importancia de la normatividad en la fabricaci\u00f3n y aplicaci\u00f3n del gavi\u00f3n\u00a0\" \/>\n<meta property=\"og:description\" content=\"WEB TALK  La importancia de la normatividad en la fabricaci\u00f3n y aplicaci\u00f3n del gavi\u00f3n&nbsp;    https:\/\/vimeo.com\/772559996\" \/>\n<meta property=\"og:url\" content=\"https:\/\/www.maccaferri.com\/mx\/web-talk-la-importancia-de-la-normatividad-en-la-fabricacion-y-aplicacion-del-gavion\/\" \/>\n<meta property=\"og:site_name\" content=\"Maccaferri Mexico\" \/>\n<meta property=\"article:modified_time\" content=\"2023-07-25T08:35:14+00:00\" \/>\n<meta property=\"og:image\" content=\"https:\/\/www.maccaferri.com\/mx\/wp-content\/uploads\/2023\/07\/IMG20220421140943-scaled-1.jpg\" \/>\n<meta name=\"twitter:card\" content=\"summary_large_image\" \/>\n<meta name=\"twitter:label1\" content=\"Est. reading time\" \/>\n\t<meta name=\"twitter:data1\" content=\"1 minute\" \/>\n<script type=\"application\/ld+json\" class=\"yoast-schema-graph\">{\"@context\":\"https:\/\/schema.org\",\"@graph\":[{\"@type\":\"WebPage\",\"@id\":\"https:\/\/www.maccaferri.com\/mx\/web-talk-la-importancia-de-la-normatividad-en-la-fabricacion-y-aplicacion-del-gavion\/\",\"url\":\"https:\/\/www.maccaferri.com\/mx\/web-talk-la-importancia-de-la-normatividad-en-la-fabricacion-y-aplicacion-del-gavion\/\",\"name\":\"Web Talk - La importancia de la normatividad en la fabricaci\u00f3n y aplicaci\u00f3n del gavi\u00f3n\u00a0 - Maccaferri Mexico\",\"isPartOf\":{\"@id\":\"https:\/\/www.maccaferri.com\/mx\/#website\"},\"primaryImageOfPage\":{\"@id\":\"https:\/\/www.maccaferri.com\/mx\/web-talk-la-importancia-de-la-normatividad-en-la-fabricacion-y-aplicacion-del-gavion\/#primaryimage\"},\"image\":{\"@id\":\"https:\/\/www.maccaferri.com\/mx\/web-talk-la-importancia-de-la-normatividad-en-la-fabricacion-y-aplicacion-del-gavion\/#primaryimage\"},\"thumbnailUrl\":\"https:\/\/www.maccaferri.com\/mx\/wp-content\/uploads\/2023\/07\/IMG20220421140943-scaled-1.jpg\",\"datePublished\":\"2023-03-21T18:58:07+00:00\",\"dateModified\":\"2023-07-25T08:35:14+00:00\",\"description\":\"WEB TALK La importancia de la normatividad en la fabricaci\u00f3n y aplicaci\u00f3n del gavi\u00f3n&nbsp; https:\/\/vimeo.com\/772559996\",\"breadcrumb\":{\"@id\":\"https:\/\/www.maccaferri.com\/mx\/web-talk-la-importancia-de-la-normatividad-en-la-fabricacion-y-aplicacion-del-gavion\/#breadcrumb\"},\"inLanguage\":\"es-ES\",\"potentialAction\":[{\"@type\":\"ReadAction\",\"target\":[\"https:\/\/www.maccaferri.com\/mx\/web-talk-la-importancia-de-la-normatividad-en-la-fabricacion-y-aplicacion-del-gavion\/\"]}]},{\"@type\":\"ImageObject\",\"inLanguage\":\"es-ES\",\"@id\":\"https:\/\/www.maccaferri.com\/mx\/web-talk-la-importancia-de-la-normatividad-en-la-fabricacion-y-aplicacion-del-gavion\/#primaryimage\",\"url\":\"https:\/\/www.maccaferri.com\/mx\/wp-content\/uploads\/2023\/07\/IMG20220421140943-scaled-1.jpg\",\"contentUrl\":\"https:\/\/www.maccaferri.com\/mx\/wp-content\/uploads\/2023\/07\/IMG20220421140943-scaled-1.jpg\",\"width\":1000,\"height\":750},{\"@type\":\"BreadcrumbList\",\"@id\":\"https:\/\/www.maccaferri.com\/mx\/web-talk-la-importancia-de-la-normatividad-en-la-fabricacion-y-aplicacion-del-gavion\/#breadcrumb\",\"itemListElement\":[{\"@type\":\"ListItem\",\"position\":1,\"name\":\"Home\",\"item\":\"https:\/\/www.maccaferri.com\/mx\/\"},{\"@type\":\"ListItem\",\"position\":2,\"name\":\"Web Talk &#8211; La importancia de la normatividad en la fabricaci\u00f3n y aplicaci\u00f3n del gavi\u00f3n\u00a0\"}]},{\"@type\":\"WebSite\",\"@id\":\"https:\/\/www.maccaferri.com\/mx\/#website\",\"url\":\"https:\/\/www.maccaferri.com\/mx\/\",\"name\":\"Maccaferri Mexico\",\"description\":\"\",\"publisher\":{\"@id\":\"https:\/\/www.maccaferri.com\/mx\/#organization\"},\"potentialAction\":[{\"@type\":\"SearchAction\",\"target\":{\"@type\":\"EntryPoint\",\"urlTemplate\":\"https:\/\/www.maccaferri.com\/mx\/?s={search_term_string}\"},\"query-input\":{\"@type\":\"PropertyValueSpecification\",\"valueRequired\":true,\"valueName\":\"search_term_string\"}}],\"inLanguage\":\"es-ES\"},{\"@type\":\"Organization\",\"@id\":\"https:\/\/www.maccaferri.com\/mx\/#organization\",\"name\":\"Maccaferri Mexico\",\"url\":\"https:\/\/www.maccaferri.com\/mx\/\",\"logo\":{\"@type\":\"ImageObject\",\"inLanguage\":\"es-ES\",\"@id\":\"https:\/\/www.maccaferri.com\/mx\/#\/schema\/logo\/image\/\",\"url\":\"https:\/\/www.maccaferri.com\/mx\/wp-content\/uploads\/2022\/07\/logo-maccaferri.png\",\"contentUrl\":\"https:\/\/www.maccaferri.com\/mx\/wp-content\/uploads\/2022\/07\/logo-maccaferri.png\",\"width\":152,\"height\":32,\"caption\":\"Maccaferri Mexico\"},\"image\":{\"@id\":\"https:\/\/www.maccaferri.com\/mx\/#\/schema\/logo\/image\/\"}}]}<\/script>\n<!-- \/ Yoast SEO Premium plugin. -->","yoast_head_json":{"title":"Web Talk - La importancia de la normatividad en la fabricaci\u00f3n y aplicaci\u00f3n del gavi\u00f3n\u00a0 - Maccaferri Mexico","description":"WEB TALK  La importancia de la normatividad en la fabricaci\u00f3n y aplicaci\u00f3n del gavi\u00f3n&nbsp;    https:\/\/vimeo.com\/772559996","robots":{"index":"index","follow":"follow","max-snippet":"max-snippet:-1","max-image-preview":"max-image-preview:large","max-video-preview":"max-video-preview:-1"},"canonical":"https:\/\/www.maccaferri.com\/mx\/web-talk-la-importancia-de-la-normatividad-en-la-fabricacion-y-aplicacion-del-gavion\/","og_locale":"es_ES","og_type":"article","og_title":"Web Talk - La importancia de la normatividad en la fabricaci\u00f3n y aplicaci\u00f3n del gavi\u00f3n\u00a0","og_description":"WEB TALK  La importancia de la normatividad en la fabricaci\u00f3n y aplicaci\u00f3n del gavi\u00f3n&nbsp;    https:\/\/vimeo.com\/772559996","og_url":"https:\/\/www.maccaferri.com\/mx\/web-talk-la-importancia-de-la-normatividad-en-la-fabricacion-y-aplicacion-del-gavion\/","og_site_name":"Maccaferri Mexico","article_modified_time":"2023-07-25T08:35:14+00:00","og_image":[{"url":"https:\/\/www.maccaferri.com\/mx\/wp-content\/uploads\/2023\/07\/IMG20220421140943-scaled-1.jpg","type":"","width":"","height":""}],"twitter_card":"summary_large_image","twitter_misc":{"Est. reading time":"1 minute"},"schema":{"@context":"https:\/\/schema.org","@graph":[{"@type":"WebPage","@id":"https:\/\/www.maccaferri.com\/mx\/web-talk-la-importancia-de-la-normatividad-en-la-fabricacion-y-aplicacion-del-gavion\/","url":"https:\/\/www.maccaferri.com\/mx\/web-talk-la-importancia-de-la-normatividad-en-la-fabricacion-y-aplicacion-del-gavion\/","name":"Web Talk - La importancia de la normatividad en la fabricaci\u00f3n y aplicaci\u00f3n del gavi\u00f3n\u00a0 - Maccaferri Mexico","isPartOf":{"@id":"https:\/\/www.maccaferri.com\/mx\/#website"},"primaryImageOfPage":{"@id":"https:\/\/www.maccaferri.com\/mx\/web-talk-la-importancia-de-la-normatividad-en-la-fabricacion-y-aplicacion-del-gavion\/#primaryimage"},"image":{"@id":"https:\/\/www.maccaferri.com\/mx\/web-talk-la-importancia-de-la-normatividad-en-la-fabricacion-y-aplicacion-del-gavion\/#primaryimage"},"thumbnailUrl":"https:\/\/www.maccaferri.com\/mx\/wp-content\/uploads\/2023\/07\/IMG20220421140943-scaled-1.jpg","datePublished":"2023-03-21T18:58:07+00:00","dateModified":"2023-07-25T08:35:14+00:00","description":"WEB TALK La importancia de la normatividad en la fabricaci\u00f3n y aplicaci\u00f3n del gavi\u00f3n&nbsp; https:\/\/vimeo.com\/772559996","breadcrumb":{"@id":"https:\/\/www.maccaferri.com\/mx\/web-talk-la-importancia-de-la-normatividad-en-la-fabricacion-y-aplicacion-del-gavion\/#breadcrumb"},"inLanguage":"es-ES","potentialAction":[{"@type":"ReadAction","target":["https:\/\/www.maccaferri.com\/mx\/web-talk-la-importancia-de-la-normatividad-en-la-fabricacion-y-aplicacion-del-gavion\/"]}]},{"@type":"ImageObject","inLanguage":"es-ES","@id":"https:\/\/www.maccaferri.com\/mx\/web-talk-la-importancia-de-la-normatividad-en-la-fabricacion-y-aplicacion-del-gavion\/#primaryimage","url":"https:\/\/www.maccaferri.com\/mx\/wp-content\/uploads\/2023\/07\/IMG20220421140943-scaled-1.jpg","contentUrl":"https:\/\/www.maccaferri.com\/mx\/wp-content\/uploads\/2023\/07\/IMG20220421140943-scaled-1.jpg","width":1000,"height":750},{"@type":"BreadcrumbList","@id":"https:\/\/www.maccaferri.com\/mx\/web-talk-la-importancia-de-la-normatividad-en-la-fabricacion-y-aplicacion-del-gavion\/#breadcrumb","itemListElement":[{"@type":"ListItem","position":1,"name":"Home","item":"https:\/\/www.maccaferri.com\/mx\/"},{"@type":"ListItem","position":2,"name":"Web Talk &#8211; La importancia de la normatividad en la fabricaci\u00f3n y aplicaci\u00f3n del gavi\u00f3n\u00a0"}]},{"@type":"WebSite","@id":"https:\/\/www.maccaferri.com\/mx\/#website","url":"https:\/\/www.maccaferri.com\/mx\/","name":"Maccaferri Mexico","description":"","publisher":{"@id":"https:\/\/www.maccaferri.com\/mx\/#organization"},"potentialAction":[{"@type":"SearchAction","target":{"@type":"EntryPoint","urlTemplate":"https:\/\/www.maccaferri.com\/mx\/?s={search_term_string}"},"query-input":{"@type":"PropertyValueSpecification","valueRequired":true,"valueName":"search_term_string"}}],"inLanguage":"es-ES"},{"@type":"Organization","@id":"https:\/\/www.maccaferri.com\/mx\/#organization","name":"Maccaferri Mexico","url":"https:\/\/www.maccaferri.com\/mx\/","logo":{"@type":"ImageObject","inLanguage":"es-ES","@id":"https:\/\/www.maccaferri.com\/mx\/#\/schema\/logo\/image\/","url":"https:\/\/www.maccaferri.com\/mx\/wp-content\/uploads\/2022\/07\/logo-maccaferri.png","contentUrl":"https:\/\/www.maccaferri.com\/mx\/wp-content\/uploads\/2022\/07\/logo-maccaferri.png","width":152,"height":32,"caption":"Maccaferri Mexico"},"image":{"@id":"https:\/\/www.maccaferri.com\/mx\/#\/schema\/logo\/image\/"}}]}},"_links":{"self":[{"href":"https:\/\/www.maccaferri.com\/mx\/wp-json\/wp\/v2\/pages\/11481","targetHints":{"allow":["GET"]}}],"collection":[{"href":"https:\/\/www.maccaferri.com\/mx\/wp-json\/wp\/v2\/pages"}],"about":[{"href":"https:\/\/www.maccaferri.com\/mx\/wp-json\/wp\/v2\/types\/page"}],"author":[{"embeddable":true,"href":"https:\/\/www.maccaferri.com\/mx\/wp-json\/wp\/v2\/users\/20"}],"replies":[{"embeddable":true,"href":"https:\/\/www.maccaferri.com\/mx\/wp-json\/wp\/v2\/comments?post=11481"}],"version-history":[{"count":5,"href":"https:\/\/www.maccaferri.com\/mx\/wp-json\/wp\/v2\/pages\/11481\/revisions"}],"predecessor-version":[{"id":51682,"href":"https:\/\/www.maccaferri.com\/mx\/wp-json\/wp\/v2\/pages\/11481\/revisions\/51682"}],"acf:post":[{"embeddable":true,"href":"https:\/\/www.maccaferri.com\/mx\/wp-json\/wp\/v2\/wpdmpro\/10012"},{"embeddable":true,"href":"https:\/\/www.maccaferri.com\/mx\/wp-json\/wp\/v2\/wpdmpro\/9976"}],"wp:attachment":[{"href":"https:\/\/www.maccaferri.com\/mx\/wp-json\/wp\/v2\/media?parent=11481"}],"curies":[{"name":"wp","href":"https:\/\/api.w.org\/{rel}","templated":true}]}}