{"id":84398,"date":"2025-11-14T13:40:19","date_gmt":"2025-11-14T12:40:19","guid":{"rendered":"https:\/\/www.maccaferri.com\/latam\/?page_id=84398"},"modified":"2025-11-14T13:40:22","modified_gmt":"2025-11-14T12:40:22","slug":"web-talk-tecnologias-y-estrategias-para-mitigar-la-caida-de-rocas-en-infraestructuras","status":"publish","type":"page","link":"https:\/\/www.maccaferri.com\/latam\/web-talk-tecnologias-y-estrategias-para-mitigar-la-caida-de-rocas-en-infraestructuras\/","title":{"rendered":"WEB TALK &#8211; Tecnolog\u00edas y Estrategias para Mitigar la Ca\u00edda de Rocas en Infraestructuras"},"content":{"rendered":"<div class=\"wp-block-mac-h1-title-hero-block container-fluid block-txt-container\" style=\"background:linear-gradient(180deg,rgb(1,94,111) 0%,rgb(0,72,87) 100%)\"><div class=\"row\"><div class=\"col\"><div class=\"gts__picture\"><img decoding=\"async\" src=\"https:\/\/www.maccaferri.com\/latam\/wp-content\/uploads\/2025\/11\/Cabecalho-Site-webtalk-13-novembro.jpg\" style=\"display:none\"\/><div class=\"gts__picture__image\" style=\"background-image:url(https:\/\/www.maccaferri.com\/latam\/wp-content\/uploads\/2025\/11\/Cabecalho-Site-webtalk-13-novembro.jpg)\"><\/div><\/div><div class=\"container box-container\"><div class=\"row\"><div class=\"col title-box-txt\"><h1 class=\"wp-block-mac-h1-title-hero-block\" style=\"color:#ffffff;text-align:none\">WEB TALK<\/h1><\/div><\/div><\/div><\/div><\/div><\/div><div class=\"wp-block-mac-h2-title-block block-txt-container box-container\"><div class=\"row\"><div class=\"col title-box-txt\"><h2 style=\"color:#212429;text-align:none\">WEB TALK &#8211; Tecnolog\u00edas y Estrategias para Mitigar la Ca\u00edda de Rocas en Infraestructuras<\/h2><\/div><\/div><\/div><div class=\"wp-block-mac-container-block box-container\"><div class=\"wp-block-columns is-layout-flex wp-container-core-columns-is-layout-9d6595d7 wp-block-columns-is-layout-flex\"><div class=\"wp-block-column is-layout-flow wp-block-column-is-layout-flow\"><figure class=\"wp-block-embed is-type-video is-provider-youtube wp-block-embed-youtube wp-embed-aspect-16-9 wp-has-aspect-ratio\"><div class=\"wp-block-embed__wrapper\">\n<iframe title=\"WEB TALK - Tecnolog\u00edas y Estrategias para Mitigar la Ca\u00edda de Rocas en Infraestructuras\" width=\"640\" height=\"360\" src=\"https:\/\/www.youtube.com\/embed\/KfOXrGLHFs0?feature=oembed\" frameborder=\"0\" allow=\"accelerometer; autoplay; clipboard-write; encrypted-media; gyroscope; picture-in-picture; web-share\" referrerpolicy=\"strict-origin-when-cross-origin\" allowfullscreen><\/iframe>\n<\/div><\/figure><\/div><\/div><\/div>","protected":false},"excerpt":{"rendered":"","protected":false},"author":20,"featured_media":0,"parent":0,"menu_order":0,"comment_status":"closed","ping_status":"closed","template":"","meta":{"_acf_changed":false,"_joinchat":[],"footnotes":""},"class_list":["post-84398","page","type-page","status-publish","hentry"],"acf":{"uuid_products":"","product-documents":""},"yoast_head":"<!-- This site is optimized with the Yoast SEO Premium plugin v27.0 (Yoast SEO v27.0) - https:\/\/yoast.com\/product\/yoast-seo-premium-wordpress\/ -->\n<title>WEB TALK - Tecnolog\u00edas y Estrategias para Mitigar la Ca\u00edda de Rocas en Infraestructuras - Maccaferri Latam<\/title>\n<meta name=\"description\" content=\"WEB TALK  WEB TALK - Tecnolog\u00edas y Estrategias para Mitigar la Ca\u00edda de Rocas en Infraestructuras     https:\/\/www.youtube.com\/live\/KfOXrGLHFs0\" \/>\n<meta name=\"robots\" content=\"index, follow, max-snippet:-1, max-image-preview:large, max-video-preview:-1\" \/>\n<link rel=\"canonical\" href=\"https:\/\/www.maccaferri.com\/latam\/web-talk-tecnologias-y-estrategias-para-mitigar-la-caida-de-rocas-en-infraestructuras\/\" \/>\n<meta property=\"og:locale\" content=\"es_ES\" \/>\n<meta property=\"og:type\" content=\"article\" \/>\n<meta property=\"og:title\" content=\"WEB TALK - Tecnolog\u00edas y Estrategias para Mitigar la Ca\u00edda de Rocas en Infraestructuras - Maccaferri Latam\" \/>\n<meta property=\"og:description\" content=\"WEB TALK  WEB TALK - Tecnolog\u00edas y Estrategias para Mitigar la Ca\u00edda de Rocas en Infraestructuras     https:\/\/www.youtube.com\/live\/KfOXrGLHFs0\" \/>\n<meta property=\"og:url\" content=\"https:\/\/www.maccaferri.com\/latam\/web-talk-tecnologias-y-estrategias-para-mitigar-la-caida-de-rocas-en-infraestructuras\/\" \/>\n<meta property=\"og:site_name\" content=\"Maccaferri Latam\" \/>\n<meta property=\"article:modified_time\" content=\"2025-11-14T12:40:22+00:00\" \/>\n<meta property=\"og:image\" content=\"https:\/\/www.maccaferri.com\/latam\/wp-content\/uploads\/2025\/11\/Cabecalho-Site-webtalk-13-novembro.jpg\" \/>\n<meta name=\"twitter:card\" content=\"summary_large_image\" \/>\n<meta name=\"twitter:label1\" content=\"Est. reading time\" \/>\n\t<meta name=\"twitter:data1\" content=\"1 minute\" \/>\n<script type=\"application\/ld+json\" class=\"yoast-schema-graph\">{\"@context\":\"https:\/\/schema.org\",\"@graph\":[{\"@type\":\"WebPage\",\"@id\":\"https:\/\/www.maccaferri.com\/latam\/web-talk-tecnologias-y-estrategias-para-mitigar-la-caida-de-rocas-en-infraestructuras\/\",\"url\":\"https:\/\/www.maccaferri.com\/latam\/web-talk-tecnologias-y-estrategias-para-mitigar-la-caida-de-rocas-en-infraestructuras\/\",\"name\":\"WEB TALK - Tecnolog\u00edas y Estrategias para Mitigar la Ca\u00edda de Rocas en Infraestructuras - Maccaferri Latam\",\"isPartOf\":{\"@id\":\"https:\/\/www.maccaferri.com\/latam\/#website\"},\"primaryImageOfPage\":{\"@id\":\"https:\/\/www.maccaferri.com\/latam\/web-talk-tecnologias-y-estrategias-para-mitigar-la-caida-de-rocas-en-infraestructuras\/#primaryimage\"},\"image\":{\"@id\":\"https:\/\/www.maccaferri.com\/latam\/web-talk-tecnologias-y-estrategias-para-mitigar-la-caida-de-rocas-en-infraestructuras\/#primaryimage\"},\"thumbnailUrl\":\"https:\/\/www.maccaferri.com\/latam\/wp-content\/uploads\/2025\/11\/Cabecalho-Site-webtalk-13-novembro.jpg\",\"datePublished\":\"2025-11-14T12:40:19+00:00\",\"dateModified\":\"2025-11-14T12:40:22+00:00\",\"description\":\"WEB TALK WEB TALK - Tecnolog\u00edas y Estrategias para Mitigar la Ca\u00edda de Rocas en Infraestructuras https:\/\/www.youtube.com\/live\/KfOXrGLHFs0\",\"inLanguage\":\"es-ES\",\"potentialAction\":[{\"@type\":\"ReadAction\",\"target\":[\"https:\/\/www.maccaferri.com\/latam\/web-talk-tecnologias-y-estrategias-para-mitigar-la-caida-de-rocas-en-infraestructuras\/\"]}]},{\"@type\":\"ImageObject\",\"inLanguage\":\"es-ES\",\"@id\":\"https:\/\/www.maccaferri.com\/latam\/web-talk-tecnologias-y-estrategias-para-mitigar-la-caida-de-rocas-en-infraestructuras\/#primaryimage\",\"url\":\"https:\/\/www.maccaferri.com\/latam\/wp-content\/uploads\/2025\/11\/Cabecalho-Site-webtalk-13-novembro.jpg\",\"contentUrl\":\"https:\/\/www.maccaferri.com\/latam\/wp-content\/uploads\/2025\/11\/Cabecalho-Site-webtalk-13-novembro.jpg\",\"width\":800,\"height\":221},{\"@type\":\"WebSite\",\"@id\":\"https:\/\/www.maccaferri.com\/latam\/#website\",\"url\":\"https:\/\/www.maccaferri.com\/latam\/\",\"name\":\"Maccaferri Latam\",\"description\":\"\",\"publisher\":{\"@id\":\"https:\/\/www.maccaferri.com\/latam\/#organization\"},\"potentialAction\":[{\"@type\":\"SearchAction\",\"target\":{\"@type\":\"EntryPoint\",\"urlTemplate\":\"https:\/\/www.maccaferri.com\/latam\/?s={search_term_string}\"},\"query-input\":{\"@type\":\"PropertyValueSpecification\",\"valueRequired\":true,\"valueName\":\"search_term_string\"}}],\"inLanguage\":\"es-ES\"},{\"@type\":\"Organization\",\"@id\":\"https:\/\/www.maccaferri.com\/latam\/#organization\",\"name\":\"Maccaferri Latam\",\"url\":\"https:\/\/www.maccaferri.com\/latam\/\",\"logo\":{\"@type\":\"ImageObject\",\"inLanguage\":\"es-ES\",\"@id\":\"https:\/\/www.maccaferri.com\/latam\/#\/schema\/logo\/image\/\",\"url\":\"https:\/\/www.maccaferri.com\/latam\/wp-content\/uploads\/2022\/07\/logo-maccaferri.png\",\"contentUrl\":\"https:\/\/www.maccaferri.com\/latam\/wp-content\/uploads\/2022\/07\/logo-maccaferri.png\",\"width\":152,\"height\":32,\"caption\":\"Maccaferri Latam\"},\"image\":{\"@id\":\"https:\/\/www.maccaferri.com\/latam\/#\/schema\/logo\/image\/\"}}]}<\/script>\n<!-- \/ Yoast SEO Premium plugin. -->","yoast_head_json":{"title":"WEB TALK - Tecnolog\u00edas y Estrategias para Mitigar la Ca\u00edda de Rocas en Infraestructuras - Maccaferri Latam","description":"WEB TALK  WEB TALK - Tecnolog\u00edas y Estrategias para Mitigar la Ca\u00edda de Rocas en Infraestructuras     https:\/\/www.youtube.com\/live\/KfOXrGLHFs0","robots":{"index":"index","follow":"follow","max-snippet":"max-snippet:-1","max-image-preview":"max-image-preview:large","max-video-preview":"max-video-preview:-1"},"canonical":"https:\/\/www.maccaferri.com\/latam\/web-talk-tecnologias-y-estrategias-para-mitigar-la-caida-de-rocas-en-infraestructuras\/","og_locale":"es_ES","og_type":"article","og_title":"WEB TALK - Tecnolog\u00edas y Estrategias para Mitigar la Ca\u00edda de Rocas en Infraestructuras - Maccaferri Latam","og_description":"WEB TALK  WEB TALK - Tecnolog\u00edas y Estrategias para Mitigar la Ca\u00edda de Rocas en Infraestructuras     https:\/\/www.youtube.com\/live\/KfOXrGLHFs0","og_url":"https:\/\/www.maccaferri.com\/latam\/web-talk-tecnologias-y-estrategias-para-mitigar-la-caida-de-rocas-en-infraestructuras\/","og_site_name":"Maccaferri Latam","article_modified_time":"2025-11-14T12:40:22+00:00","og_image":[{"url":"https:\/\/www.maccaferri.com\/latam\/wp-content\/uploads\/2025\/11\/Cabecalho-Site-webtalk-13-novembro.jpg","type":"","width":"","height":""}],"twitter_card":"summary_large_image","twitter_misc":{"Est. reading time":"1 minute"},"schema":{"@context":"https:\/\/schema.org","@graph":[{"@type":"WebPage","@id":"https:\/\/www.maccaferri.com\/latam\/web-talk-tecnologias-y-estrategias-para-mitigar-la-caida-de-rocas-en-infraestructuras\/","url":"https:\/\/www.maccaferri.com\/latam\/web-talk-tecnologias-y-estrategias-para-mitigar-la-caida-de-rocas-en-infraestructuras\/","name":"WEB TALK - Tecnolog\u00edas y Estrategias para Mitigar la Ca\u00edda de Rocas en Infraestructuras - Maccaferri Latam","isPartOf":{"@id":"https:\/\/www.maccaferri.com\/latam\/#website"},"primaryImageOfPage":{"@id":"https:\/\/www.maccaferri.com\/latam\/web-talk-tecnologias-y-estrategias-para-mitigar-la-caida-de-rocas-en-infraestructuras\/#primaryimage"},"image":{"@id":"https:\/\/www.maccaferri.com\/latam\/web-talk-tecnologias-y-estrategias-para-mitigar-la-caida-de-rocas-en-infraestructuras\/#primaryimage"},"thumbnailUrl":"https:\/\/www.maccaferri.com\/latam\/wp-content\/uploads\/2025\/11\/Cabecalho-Site-webtalk-13-novembro.jpg","datePublished":"2025-11-14T12:40:19+00:00","dateModified":"2025-11-14T12:40:22+00:00","description":"WEB TALK WEB TALK - Tecnolog\u00edas y Estrategias para Mitigar la Ca\u00edda de Rocas en Infraestructuras https:\/\/www.youtube.com\/live\/KfOXrGLHFs0","inLanguage":"es-ES","potentialAction":[{"@type":"ReadAction","target":["https:\/\/www.maccaferri.com\/latam\/web-talk-tecnologias-y-estrategias-para-mitigar-la-caida-de-rocas-en-infraestructuras\/"]}]},{"@type":"ImageObject","inLanguage":"es-ES","@id":"https:\/\/www.maccaferri.com\/latam\/web-talk-tecnologias-y-estrategias-para-mitigar-la-caida-de-rocas-en-infraestructuras\/#primaryimage","url":"https:\/\/www.maccaferri.com\/latam\/wp-content\/uploads\/2025\/11\/Cabecalho-Site-webtalk-13-novembro.jpg","contentUrl":"https:\/\/www.maccaferri.com\/latam\/wp-content\/uploads\/2025\/11\/Cabecalho-Site-webtalk-13-novembro.jpg","width":800,"height":221},{"@type":"WebSite","@id":"https:\/\/www.maccaferri.com\/latam\/#website","url":"https:\/\/www.maccaferri.com\/latam\/","name":"Maccaferri Latam","description":"","publisher":{"@id":"https:\/\/www.maccaferri.com\/latam\/#organization"},"potentialAction":[{"@type":"SearchAction","target":{"@type":"EntryPoint","urlTemplate":"https:\/\/www.maccaferri.com\/latam\/?s={search_term_string}"},"query-input":{"@type":"PropertyValueSpecification","valueRequired":true,"valueName":"search_term_string"}}],"inLanguage":"es-ES"},{"@type":"Organization","@id":"https:\/\/www.maccaferri.com\/latam\/#organization","name":"Maccaferri Latam","url":"https:\/\/www.maccaferri.com\/latam\/","logo":{"@type":"ImageObject","inLanguage":"es-ES","@id":"https:\/\/www.maccaferri.com\/latam\/#\/schema\/logo\/image\/","url":"https:\/\/www.maccaferri.com\/latam\/wp-content\/uploads\/2022\/07\/logo-maccaferri.png","contentUrl":"https:\/\/www.maccaferri.com\/latam\/wp-content\/uploads\/2022\/07\/logo-maccaferri.png","width":152,"height":32,"caption":"Maccaferri Latam"},"image":{"@id":"https:\/\/www.maccaferri.com\/latam\/#\/schema\/logo\/image\/"}}]}},"_links":{"self":[{"href":"https:\/\/www.maccaferri.com\/latam\/wp-json\/wp\/v2\/pages\/84398","targetHints":{"allow":["GET"]}}],"collection":[{"href":"https:\/\/www.maccaferri.com\/latam\/wp-json\/wp\/v2\/pages"}],"about":[{"href":"https:\/\/www.maccaferri.com\/latam\/wp-json\/wp\/v2\/types\/page"}],"author":[{"embeddable":true,"href":"https:\/\/www.maccaferri.com\/latam\/wp-json\/wp\/v2\/users\/20"}],"replies":[{"embeddable":true,"href":"https:\/\/www.maccaferri.com\/latam\/wp-json\/wp\/v2\/comments?post=84398"}],"version-history":[{"count":1,"href":"https:\/\/www.maccaferri.com\/latam\/wp-json\/wp\/v2\/pages\/84398\/revisions"}],"predecessor-version":[{"id":84403,"href":"https:\/\/www.maccaferri.com\/latam\/wp-json\/wp\/v2\/pages\/84398\/revisions\/84403"}],"wp:attachment":[{"href":"https:\/\/www.maccaferri.com\/latam\/wp-json\/wp\/v2\/media?parent=84398"}],"curies":[{"name":"wp","href":"https:\/\/api.w.org\/{rel}","templated":true}]}}