{"id":6604,"date":"2023-02-15T13:24:54","date_gmt":"2023-02-15T12:24:54","guid":{"rendered":"https:\/\/www.maccaferri.com\/latam\/?page_id=6604"},"modified":"2025-02-12T15:06:28","modified_gmt":"2025-02-12T14:06:28","slug":"soluciones-dt-co","status":"publish","type":"page","link":"https:\/\/www.maccaferri.com\/latam\/soluciones-dt-co\/","title":{"rendered":"SOLUCIONES DT &#8211; CO"},"content":{"rendered":"<div class=\"wp-block-mac-h1-title-hero-block container-fluid block-txt-container\" style=\"background:linear-gradient(180deg,rgb(1,94,111) 0%,rgb(0,72,87) 100%)\"><div class=\"row\"><div class=\"col\"><div class=\"gts__picture\"><img decoding=\"async\" src=\"https:\/\/www.maccaferri.com\/br\/wp-content\/uploads\/2022\/12\/Sustainability_Gabion_3.jpg\" style=\"display:none\"\/><div class=\"gts__picture__image\" style=\"background-image:url(https:\/\/www.maccaferri.com\/br\/wp-content\/uploads\/2022\/12\/Sustainability_Gabion_3.jpg)\"><\/div><\/div><div class=\"container box-container\"><div class=\"row\"><div class=\"col title-box-txt\"><h1 class=\"wp-block-mac-h1-title-hero-block\" style=\"color:#ffffff;text-align:none\">SOLUCIONES EN MALLA DOBLE TORSI\u00d3N (DT)<\/h1><\/div><\/div><\/div><\/div><\/div><\/div><div class=\"wp-block-mac-container-block box-container\"><div class=\"wp-block-columns is-layout-flex wp-container-core-columns-is-layout-9d6595d7 wp-block-columns-is-layout-flex\"><div class=\"wp-block-column is-layout-flow wp-block-column-is-layout-flow\"><\/div><\/div><\/div><div class=\"wp-block-mac-container-block box-container\"><div class=\"wp-block-columns is-layout-flex wp-container-core-columns-is-layout-9d6595d7 wp-block-columns-is-layout-flex\"><div class=\"wp-block-column is-layout-flow wp-block-column-is-layout-flow\"><div class=\"container content-paragraph box-container\"><div class=\"row\"><div class=\"col-12 col-lg-12 col-xl-12 col-xxl-12\"><h6>Con m\u00e1s de 140 a\u00f1os de experiencia mundial en la fabricaci\u00f3n, dise\u00f1o y suministro de gaviones y colchones, Maccaferri de Colombia trabaja con sus clientes para entregar siempre las mejores soluciones. Nuestros gaviones son producidos con una malla hexagonal de acero doble torsi\u00f3n de alta calidad recubierta con la exclusiva aleaci\u00f3n GalMac\u00ae 4R, y protegida adicionalmente por una capa continua de material polim\u00e9rico PoliMac\u2122 que presenta alta resistencia a la abrasi\u00f3n, capaz de soportar las condiciones m\u00e1s severas de aplicaci\u00f3n, en ambientes extremadamente agresivos, qu\u00edmicamente contaminados y con alta exposici\u00f3n a los rayos UV, garantizando un mayor rendimiento y seguridad en las obras de ingenier\u00eda.<\/h6><div class=\"content-txt\"><p>\u00bfSab\u00edas que Malla doble torsi\u00f3n o triple torsi\u00f3n es lo mismo?<\/p>\n<p>La denominaci\u00f3n &#8220;doble torsi\u00f3n&#8221; se debe a la doble vuelta dada por los alambres para formar la malla, sin embargo, a veces err\u00f3neamente es llamada &#8220;triple torsi\u00f3n&#8221; porque visualmente da la impresi\u00f3n de tener 3 nudos. El t\u00e9rmino &#8220;doble torsi\u00f3n&#8221; es nombrado bajo normatividad ASTM A975, norma gu\u00eda de la INVIAS que rige en nuestro pa\u00eds.<\/p>\n<p>\u00a1As\u00ed que nuestras mallas cumplen con todas las normatividades!<\/p>\n<\/div><\/div><\/div><\/div><\/div><\/div><\/div><div class=\"wp-block-mac-container-block box-container\"><div class=\"wp-block-columns is-layout-flex wp-container-core-columns-is-layout-9d6595d7 wp-block-columns-is-layout-flex\"><div class=\"wp-block-column is-layout-flow wp-block-column-is-layout-flow\"><div class=\"wp-block-mac-h4-title-block block-txt-container box-container\"><div class=\"row\"><div class=\"col title-box-txt\"><h5 style=\"color:#212429;text-align:center\">Conozca la l\u00ednea de Maccaferri de gaviones, colchones y otras soluciones en malla doble torsi\u00f3n<\/h5><br><\/div><\/div><\/div><\/div><\/div><\/div><div class=\"wp-block-mac-container-block box-container\"><div class=\"wp-block-columns is-layout-flex wp-container-core-columns-is-layout-9d6595d7 wp-block-columns-is-layout-flex\"><div class=\"wp-block-column is-layout-flow wp-block-column-is-layout-flow\"><\/div><\/div><\/div><div class=\"wp-block-mac-container-block box-container\"><div class=\"wp-block-columns is-layout-flex wp-container-core-columns-is-layout-9d6595d7 wp-block-columns-is-layout-flex\"><div class=\"wp-block-column is-layout-flow wp-block-column-is-layout-flow\"><figure class=\"wp-block-gallery has-nested-images columns-default is-cropped wp-block-gallery-1 is-layout-flex wp-block-gallery-is-layout-flex\"><figure class=\"wp-block-image size-full\"><a href=\"https:\/\/www.maccaferri.com\/latam\/productos\/gaviones\/\"><img fetchpriority=\"high\" decoding=\"async\" width=\"300\" height=\"300\" data-id=\"7119\" src=\"https:\/\/www.maccaferri.com\/latam\/wp-content\/uploads\/2023\/02\/MicrosoftTeams-image-6.png\" alt=\"\" class=\"wp-image-7119\" srcset=\"https:\/\/www.maccaferri.com\/latam\/wp-content\/uploads\/2023\/02\/MicrosoftTeams-image-6.png 300w, https:\/\/www.maccaferri.com\/latam\/wp-content\/uploads\/2023\/02\/MicrosoftTeams-image-6-150x150.png 150w, https:\/\/www.maccaferri.com\/latam\/wp-content\/uploads\/2023\/02\/MicrosoftTeams-image-6-120x120.png 120w\" sizes=\"(max-width: 300px) 100vw, 300px\" \/><\/a><figcaption class=\"wp-element-caption\">Gavi\u00f3n<\/figcaption><\/figure>\n\n<figure class=\"wp-block-image size-full\"><a href=\"https:\/\/www.maccaferri.com\/latam\/productos\/colchon-reno-plus\/\"><img decoding=\"async\" width=\"300\" height=\"300\" data-id=\"8679\" src=\"https:\/\/www.maccaferri.com\/latam\/wp-content\/uploads\/2023\/03\/Colchon-reno-2.jpg\" alt=\"\" class=\"wp-image-8679\" srcset=\"https:\/\/www.maccaferri.com\/latam\/wp-content\/uploads\/2023\/03\/Colchon-reno-2.jpg 300w, https:\/\/www.maccaferri.com\/latam\/wp-content\/uploads\/2023\/03\/Colchon-reno-2-150x150.jpg 150w, https:\/\/www.maccaferri.com\/latam\/wp-content\/uploads\/2023\/03\/Colchon-reno-2-120x120.jpg 120w\" sizes=\"(max-width: 300px) 100vw, 300px\" \/><\/a><figcaption class=\"wp-element-caption\">Colch\u00f3n Reno<\/figcaption><\/figure><\/figure><\/div>\n\n<div class=\"wp-block-column is-layout-flow wp-block-column-is-layout-flow\"><figure class=\"wp-block-gallery has-nested-images columns-default is-cropped wp-block-gallery-2 is-layout-flex wp-block-gallery-is-layout-flex\"><figure class=\"wp-block-image size-full\"><a href=\"https:\/\/www.maccaferri.com\/latam\/productos\/terramesh\/\"><img decoding=\"async\" width=\"416\" height=\"392\" data-id=\"6612\" src=\"https:\/\/www.maccaferri.com\/latam\/wp-content\/uploads\/2023\/02\/tms_co.jpg\" alt=\"\" class=\"wp-image-6612\" srcset=\"https:\/\/www.maccaferri.com\/latam\/wp-content\/uploads\/2023\/02\/tms_co.jpg 416w, https:\/\/www.maccaferri.com\/latam\/wp-content\/uploads\/2023\/02\/tms_co-300x283.jpg 300w, https:\/\/www.maccaferri.com\/latam\/wp-content\/uploads\/2023\/02\/tms_co-120x113.jpg 120w\" sizes=\"(max-width: 416px) 100vw, 416px\" \/><\/a><figcaption class=\"wp-element-caption\">Terramesh\u00ae System<\/figcaption><\/figure>\n\n<figure class=\"wp-block-image size-full\"><a href=\"https:\/\/www.maccaferri.com\/latam\/productos\/terramesh\/\"><img decoding=\"async\" data-id=\"10144\" src=\"https:\/\/www.maccaferri.com\/br\/wp-content\/uploads\/2023\/02\/Terramesh_verde.jpg\" alt=\"\" class=\"wp-image-10144\"\/><\/a><figcaption class=\"wp-element-caption\">Terramesh\u00ae Verde<\/figcaption><\/figure><\/figure><\/div><\/div><\/div><div class=\"wp-block-mac-container-block box-container\"><div class=\"wp-block-columns is-layout-flex wp-container-core-columns-is-layout-9d6595d7 wp-block-columns-is-layout-flex\"><div class=\"wp-block-column is-layout-flow wp-block-column-is-layout-flow\"><\/div><\/div><\/div><div class=\"wp-block-mac-container-block box-container\"><div class=\"wp-block-columns is-layout-flex wp-container-core-columns-is-layout-9d6595d7 wp-block-columns-is-layout-flex\"><div class=\"wp-block-column is-layout-flow wp-block-column-is-layout-flow\"><\/div><\/div><\/div><div class=\"wp-block-mac-container-block box-container\"><div class=\"wp-block-columns is-layout-flex wp-container-core-columns-is-layout-9d6595d7 wp-block-columns-is-layout-flex\"><div class=\"wp-block-column is-layout-flow wp-block-column-is-layout-flow\"><div class=\"wp-block-mac-container-block box-container\"><div class=\"wp-block-columns is-layout-flex wp-container-core-columns-is-layout-9d6595d7 wp-block-columns-is-layout-flex\"><div class=\"wp-block-column is-layout-flow wp-block-column-is-layout-flow\"><div class=\"wp-block-mac-h4-title-block block-txt-container box-container\"><div class=\"row\"><div class=\"col title-box-txt\"><h5 style=\"color:#212429;text-align:center\">\u00bfInteresado en aprender m\u00e1s? <br><br>Haga clic en el bot\u00f3n para descargar nuestro cat\u00e1logo sobre los gaviones y otras soluciones en malla hexagonal de doble torsi\u00f3n<\/h5><br><\/div><\/div><\/div><\/div><\/div><\/div><\/div><\/div><\/div><div class=\"wp-block-mac-container-block box-container\"><div class=\"wp-block-columns is-layout-flex wp-container-core-columns-is-layout-9d6595d7 wp-block-columns-is-layout-flex\"><div class=\"wp-block-column is-layout-flow wp-block-column-is-layout-flow\"><div class=\"wp-block-mac-banner-title-cta  box-container block-cta\" style=\"background:#015E6F\"><div class=\"container box-container\"><div class=\"row\"><div class=\"col-2 col-sm-2 col-md-2 col-lg-2 col-xl-2 col-xxl-2\"><div class=\"box-image\"><img decoding=\"async\" class=\"image\" src=\"https:\/\/www.maccaferri.com\/br\/wp-content\/uploads\/2022\/11\/img-banner-software.png\" alt=\"Image\"\/><\/div><\/div><div class=\"col-7 col-sm-7 col-md-7 col-lg-7 col-xl-7 col-xxl-7\"><div class=\"banner-box-txt\" style=\"text-align:default\"><h4 class=\"title\">Cat\u00e1logo Gaviones PoliMac\u2122<\/h4><\/div><\/div><div class=\"col-3 col-sm-3 col-md-3 col-lg-3 col-xl-3 col-xxl-3\"><div class=\"button-box-txt\"><a href=\"https:\/\/www.maccaferri.com\/latam\/productos\/gaviones\/#\" target=\"_blank\" class=\"buttonurl\" rel=\"noopener\"><span class=\"buttontext\">Descarga<\/span><\/a><\/div><\/div><\/div><\/div><\/div><\/div><\/div><\/div><div class=\"wp-block-mac-container-block box-container\"><div class=\"wp-block-columns is-layout-flex wp-container-core-columns-is-layout-9d6595d7 wp-block-columns-is-layout-flex\"><div class=\"wp-block-column is-layout-flow wp-block-column-is-layout-flow\"><div class=\"wp-block-mac-container-block box-container\"><div class=\"wp-block-columns is-layout-flex wp-container-core-columns-is-layout-9d6595d7 wp-block-columns-is-layout-flex\"><div class=\"wp-block-column is-layout-flow wp-block-column-is-layout-flow\"><div class=\"wp-block-mac-h4-title-block block-txt-container box-container\"><div class=\"row\"><div class=\"col title-box-txt\"><h5 style=\"color:#212429;text-align:center\">P\u00f3ngase en contacto con nuestros especialistas de Colombia  para obtener todo el soporte en su pr\u00f3ximo dise\u00f1o de muro de gavi\u00f3n<br><br><\/h5><br><\/div><\/div><\/div><\/div><\/div><\/div><\/div><\/div><\/div><div class=\"wp-block-mac-container-block box-container\"><div class=\"wp-block-columns is-layout-flex wp-container-core-columns-is-layout-9d6595d7 wp-block-columns-is-layout-flex\"><div class=\"wp-block-column is-layout-flow wp-block-column-is-layout-flow\"><div class=\"container content-paragraph box-container\"><div class=\"row\"><div class=\"col-12 col-lg-12 col-xl-12 col-xxl-12\"><h6>Rellene el formulario para solicitar su Presupuesto \/ Asistencia t\u00e9cnica<\/h6><\/div><\/div><\/div>\n\n<iframe style=\"border: 0;\" src=\"https:\/\/www2.maccaferri.com\/l\/965143\/2023-02-13\/5q2lqv\" width=\"100%\" height=\"500\" frameborder=\"0\" data-cookieconsent=\"ignore\"><\/iframe><\/div>\n\n<div class=\"wp-block-column is-layout-flow wp-block-column-is-layout-flow\"><div class=\"container content-paragraph box-container\"><div class=\"row\"><div class=\"col-12 col-lg-12 col-xl-12 col-xxl-12\"><h6>Cont\u00e1ctenos<\/h6><\/div><\/div><\/div>\n\n<div class=\"wp-block-buttons is-content-justification-center is-layout-flex wp-container-core-buttons-is-layout-16018d1d wp-block-buttons-is-layout-flex\"><div class=\"wp-block-button is-style-fill\"><a class=\"wp-block-button__link has-luminous-vivid-orange-background-color has-background wp-element-button\" href=\"https:\/\/wa.me\/573004708618\"><img decoding=\"async\" class=\"wp-image-6568\" style=\"width: 15px\" src=\"https:\/\/www.maccaferri.com\/latam\/wp-content\/uploads\/2023\/02\/whatsapp-logo-1-1-1019x1024-1.png\" alt=\"\"> Whatsapp: <strong><strong>+57 3004708618<\/strong><\/strong><\/a><\/div><\/div>\n\n<div class=\"wp-block-buttons is-content-justification-center is-layout-flex wp-container-core-buttons-is-layout-16018d1d wp-block-buttons-is-layout-flex\"><div class=\"wp-block-button\"><a class=\"wp-block-button__link wp-element-button\" href=\"tel:6016369230\">Tel\u00e9fonO: <strong>+6016369230<\/strong><\/a><\/div><\/div>\n\n<div class=\"wp-block-buttons is-content-justification-center is-layout-flex wp-container-core-buttons-is-layout-16018d1d wp-block-buttons-is-layout-flex\"><div class=\"wp-block-button\"><a class=\"wp-block-button__link wp-element-button\" href=\"mailto:info.co@maccaferri.com\">CORREO: <strong>info.CO@MACCAFERRI.COM<\/strong><\/a><\/div><\/div><\/div><\/div><\/div><div class=\"wp-block-mac-container-block box-container\"><div class=\"wp-block-columns is-layout-flex wp-container-core-columns-is-layout-9d6595d7 wp-block-columns-is-layout-flex\"><div class=\"wp-block-column is-layout-flow wp-block-column-is-layout-flow\"><div class=\"wp-block-mac-container-block box-container\"><div class=\"wp-block-columns is-layout-flex wp-container-core-columns-is-layout-9d6595d7 wp-block-columns-is-layout-flex\"><div class=\"wp-block-column is-layout-flow wp-block-column-is-layout-flow\"><div class=\"wp-block-mac-h4-title-block block-txt-container box-container\"><div class=\"row\"><div class=\"col title-box-txt\"><h5 style=\"color:#212429;text-align:center\">\u00bfNo encontraste lo que estabas buscando? <br><br>Conozca nuestras otras soluciones<\/h5><br><\/div><\/div><\/div><\/div><\/div><\/div><\/div><\/div><\/div><div class=\"wp-block-buttons is-content-justification-center is-layout-flex wp-container-core-buttons-is-layout-16018d1d wp-block-buttons-is-layout-flex\"><div class=\"wp-block-button has-custom-font-size has-medium-font-size\"><a class=\"wp-block-button__link has-luminous-vivid-orange-background-color has-background has-text-align-center wp-element-button\" href=\"https:\/\/www.maccaferri.com\/latam\/soluciones-gsy-co\/\">SOLUCIONES EN GEOSINT\u00c9TICOS<\/a><\/div>\n\n<div class=\"wp-block-button has-custom-font-size has-medium-font-size\"><a class=\"wp-block-button__link has-luminous-vivid-orange-background-color has-background wp-element-button\" href=\"https:\/\/www.maccaferri.com\/latam\/soluciones-macro-co\/\">SOLUCIONES PARA CONTROL DE CAIDA DE ROCAS<\/a><\/div><\/div><div style=\"height:100px\" aria-hidden=\"true\" class=\"wp-block-spacer\"><\/div><div class=\"wp-block-mac-container-block box-container\"><div class=\"wp-block-columns is-layout-flex wp-container-core-columns-is-layout-9d6595d7 wp-block-columns-is-layout-flex\"><div class=\"wp-block-column is-layout-flow wp-block-column-is-layout-flow\"><div class=\"wp-block-mac-container-block box-container\"><div class=\"wp-block-columns is-layout-flex wp-container-core-columns-is-layout-9d6595d7 wp-block-columns-is-layout-flex\"><div class=\"wp-block-column is-layout-flow wp-block-column-is-layout-flow\"><div class=\"wp-block-mac-h4-title-block block-txt-container box-container\"><div class=\"row\"><div class=\"col title-box-txt\"><h5 style=\"color:#212429;text-align:center\">Encuentre nuestra unidad m\u00e1s cercana<\/h5><br><\/div><\/div><\/div><\/div><\/div><\/div><\/div><\/div>\n\n<div class=\"wp-block-mac-container-block box-container\"><div class=\"wp-block-columns is-layout-flex wp-container-core-columns-is-layout-9d6595d7 wp-block-columns-is-layout-flex\"><div class=\"wp-block-column is-layout-flow wp-block-column-is-layout-flow\" style=\"flex-basis:250px\"><\/div>\n\n<div class=\"wp-block-column is-layout-flow wp-block-column-is-layout-flow\"><iframe style=\"border: 0;\" src=https:\/\/www.google.com\/maps\/embed?pb=!1m14!1m8!1m3!1d15905.934544548998!2d-74.0558903!3d4.6856891!3m2!1i1024!2i768!4f13.1!3m3!1m2!1s0x0%3A0xe10001231b75dddb!2sMaccaferri%20de%20Colombia!5e0!3m2!1spt-BR!2sbr!4v1676463969088!5m2!1spt-BR!2sbr width=\"600\" height=\"450\" allowfullscreen=\"allowfullscreen\"><\/iframe><\/p><\/div><\/div><\/div><\/div><div style=\"height:50px\" aria-hidden=\"true\" class=\"wp-block-spacer\"><\/div>","protected":false},"excerpt":{"rendered":"","protected":false},"author":20,"featured_media":0,"parent":0,"menu_order":0,"comment_status":"closed","ping_status":"closed","template":"","meta":{"_acf_changed":false,"_joinchat":[],"footnotes":""},"class_list":["post-6604","page","type-page","status-publish","hentry"],"acf":{"uuid_products":"","product-documents":""},"yoast_head":"<!-- This site is optimized with the Yoast SEO Premium plugin v27.0 (Yoast SEO v27.0) - https:\/\/yoast.com\/product\/yoast-seo-premium-wordpress\/ -->\n<title>SOLUCIONES DT - CO - Maccaferri Latam<\/title>\n<meta name=\"description\" content=\"SOLUCIONES EN MALLA DOBLE TORSI\u00d3N (DT) Conozca la l\u00ednea de Maccaferri de gaviones, colchones y otras soluciones en malla doble torsi\u00f3n Gavi\u00f3n Colch\u00f3n Reno\" \/>\n<meta name=\"robots\" content=\"index, follow, max-snippet:-1, max-image-preview:large, max-video-preview:-1\" \/>\n<link rel=\"canonical\" href=\"https:\/\/www.maccaferri.com\/latam\/soluciones-dt-co\/\" \/>\n<meta property=\"og:locale\" content=\"es_ES\" \/>\n<meta property=\"og:type\" content=\"article\" \/>\n<meta property=\"og:title\" content=\"SOLUCIONES DT - CO - Maccaferri Latam\" \/>\n<meta property=\"og:description\" content=\"SOLUCIONES EN MALLA DOBLE TORSI\u00d3N (DT) Conozca la l\u00ednea de Maccaferri de gaviones, colchones y otras soluciones en malla doble torsi\u00f3n Gavi\u00f3n Colch\u00f3n Reno\" \/>\n<meta property=\"og:url\" content=\"https:\/\/www.maccaferri.com\/latam\/soluciones-dt-co\/\" \/>\n<meta property=\"og:site_name\" content=\"Maccaferri Latam\" \/>\n<meta property=\"article:modified_time\" content=\"2025-02-12T14:06:28+00:00\" \/>\n<meta property=\"og:image\" content=\"https:\/\/www.maccaferri.com\/br\/wp-content\/uploads\/2022\/12\/Sustainability_Gabion_3.jpg\" \/>\n<meta name=\"twitter:card\" content=\"summary_large_image\" \/>\n<meta name=\"twitter:label1\" content=\"Est. reading time\" \/>\n\t<meta name=\"twitter:data1\" content=\"2 minutes\" \/>\n<script type=\"application\/ld+json\" class=\"yoast-schema-graph\">{\"@context\":\"https:\/\/schema.org\",\"@graph\":[{\"@type\":\"WebPage\",\"@id\":\"https:\/\/www.maccaferri.com\/latam\/soluciones-dt-co\/\",\"url\":\"https:\/\/www.maccaferri.com\/latam\/soluciones-dt-co\/\",\"name\":\"SOLUCIONES DT - CO - Maccaferri Latam\",\"isPartOf\":{\"@id\":\"https:\/\/www.maccaferri.com\/latam\/#website\"},\"primaryImageOfPage\":{\"@id\":\"https:\/\/www.maccaferri.com\/latam\/soluciones-dt-co\/#primaryimage\"},\"image\":{\"@id\":\"https:\/\/www.maccaferri.com\/latam\/soluciones-dt-co\/#primaryimage\"},\"thumbnailUrl\":\"https:\/\/www.maccaferri.com\/br\/wp-content\/uploads\/2022\/12\/Sustainability_Gabion_3.jpg\",\"datePublished\":\"2023-02-15T12:24:54+00:00\",\"dateModified\":\"2025-02-12T14:06:28+00:00\",\"description\":\"SOLUCIONES EN MALLA DOBLE TORSI\u00d3N (DT) Conozca la l\u00ednea de Maccaferri de gaviones, colchones y otras soluciones en malla doble torsi\u00f3n Gavi\u00f3n Colch\u00f3n Reno\",\"inLanguage\":\"es-ES\",\"potentialAction\":[{\"@type\":\"ReadAction\",\"target\":[\"https:\/\/www.maccaferri.com\/latam\/soluciones-dt-co\/\"]}]},{\"@type\":\"ImageObject\",\"inLanguage\":\"es-ES\",\"@id\":\"https:\/\/www.maccaferri.com\/latam\/soluciones-dt-co\/#primaryimage\",\"url\":\"https:\/\/www.maccaferri.com\/br\/wp-content\/uploads\/2022\/12\/Sustainability_Gabion_3.jpg\",\"contentUrl\":\"https:\/\/www.maccaferri.com\/br\/wp-content\/uploads\/2022\/12\/Sustainability_Gabion_3.jpg\"},{\"@type\":\"WebSite\",\"@id\":\"https:\/\/www.maccaferri.com\/latam\/#website\",\"url\":\"https:\/\/www.maccaferri.com\/latam\/\",\"name\":\"Maccaferri Latam\",\"description\":\"\",\"publisher\":{\"@id\":\"https:\/\/www.maccaferri.com\/latam\/#organization\"},\"potentialAction\":[{\"@type\":\"SearchAction\",\"target\":{\"@type\":\"EntryPoint\",\"urlTemplate\":\"https:\/\/www.maccaferri.com\/latam\/?s={search_term_string}\"},\"query-input\":{\"@type\":\"PropertyValueSpecification\",\"valueRequired\":true,\"valueName\":\"search_term_string\"}}],\"inLanguage\":\"es-ES\"},{\"@type\":\"Organization\",\"@id\":\"https:\/\/www.maccaferri.com\/latam\/#organization\",\"name\":\"Maccaferri Latam\",\"url\":\"https:\/\/www.maccaferri.com\/latam\/\",\"logo\":{\"@type\":\"ImageObject\",\"inLanguage\":\"es-ES\",\"@id\":\"https:\/\/www.maccaferri.com\/latam\/#\/schema\/logo\/image\/\",\"url\":\"https:\/\/www.maccaferri.com\/latam\/wp-content\/uploads\/2022\/07\/logo-maccaferri.png\",\"contentUrl\":\"https:\/\/www.maccaferri.com\/latam\/wp-content\/uploads\/2022\/07\/logo-maccaferri.png\",\"width\":152,\"height\":32,\"caption\":\"Maccaferri Latam\"},\"image\":{\"@id\":\"https:\/\/www.maccaferri.com\/latam\/#\/schema\/logo\/image\/\"}}]}<\/script>\n<!-- \/ Yoast SEO Premium plugin. -->","yoast_head_json":{"title":"SOLUCIONES DT - CO - Maccaferri Latam","description":"SOLUCIONES EN MALLA DOBLE TORSI\u00d3N (DT) Conozca la l\u00ednea de Maccaferri de gaviones, colchones y otras soluciones en malla doble torsi\u00f3n Gavi\u00f3n Colch\u00f3n Reno","robots":{"index":"index","follow":"follow","max-snippet":"max-snippet:-1","max-image-preview":"max-image-preview:large","max-video-preview":"max-video-preview:-1"},"canonical":"https:\/\/www.maccaferri.com\/latam\/soluciones-dt-co\/","og_locale":"es_ES","og_type":"article","og_title":"SOLUCIONES DT - CO - Maccaferri Latam","og_description":"SOLUCIONES EN MALLA DOBLE TORSI\u00d3N (DT) Conozca la l\u00ednea de Maccaferri de gaviones, colchones y otras soluciones en malla doble torsi\u00f3n Gavi\u00f3n Colch\u00f3n Reno","og_url":"https:\/\/www.maccaferri.com\/latam\/soluciones-dt-co\/","og_site_name":"Maccaferri Latam","article_modified_time":"2025-02-12T14:06:28+00:00","og_image":[{"url":"https:\/\/www.maccaferri.com\/br\/wp-content\/uploads\/2022\/12\/Sustainability_Gabion_3.jpg","type":"","width":"","height":""}],"twitter_card":"summary_large_image","twitter_misc":{"Est. reading time":"2 minutes"},"schema":{"@context":"https:\/\/schema.org","@graph":[{"@type":"WebPage","@id":"https:\/\/www.maccaferri.com\/latam\/soluciones-dt-co\/","url":"https:\/\/www.maccaferri.com\/latam\/soluciones-dt-co\/","name":"SOLUCIONES DT - CO - Maccaferri Latam","isPartOf":{"@id":"https:\/\/www.maccaferri.com\/latam\/#website"},"primaryImageOfPage":{"@id":"https:\/\/www.maccaferri.com\/latam\/soluciones-dt-co\/#primaryimage"},"image":{"@id":"https:\/\/www.maccaferri.com\/latam\/soluciones-dt-co\/#primaryimage"},"thumbnailUrl":"https:\/\/www.maccaferri.com\/br\/wp-content\/uploads\/2022\/12\/Sustainability_Gabion_3.jpg","datePublished":"2023-02-15T12:24:54+00:00","dateModified":"2025-02-12T14:06:28+00:00","description":"SOLUCIONES EN MALLA DOBLE TORSI\u00d3N (DT) Conozca la l\u00ednea de Maccaferri de gaviones, colchones y otras soluciones en malla doble torsi\u00f3n Gavi\u00f3n Colch\u00f3n Reno","inLanguage":"es-ES","potentialAction":[{"@type":"ReadAction","target":["https:\/\/www.maccaferri.com\/latam\/soluciones-dt-co\/"]}]},{"@type":"ImageObject","inLanguage":"es-ES","@id":"https:\/\/www.maccaferri.com\/latam\/soluciones-dt-co\/#primaryimage","url":"https:\/\/www.maccaferri.com\/br\/wp-content\/uploads\/2022\/12\/Sustainability_Gabion_3.jpg","contentUrl":"https:\/\/www.maccaferri.com\/br\/wp-content\/uploads\/2022\/12\/Sustainability_Gabion_3.jpg"},{"@type":"WebSite","@id":"https:\/\/www.maccaferri.com\/latam\/#website","url":"https:\/\/www.maccaferri.com\/latam\/","name":"Maccaferri Latam","description":"","publisher":{"@id":"https:\/\/www.maccaferri.com\/latam\/#organization"},"potentialAction":[{"@type":"SearchAction","target":{"@type":"EntryPoint","urlTemplate":"https:\/\/www.maccaferri.com\/latam\/?s={search_term_string}"},"query-input":{"@type":"PropertyValueSpecification","valueRequired":true,"valueName":"search_term_string"}}],"inLanguage":"es-ES"},{"@type":"Organization","@id":"https:\/\/www.maccaferri.com\/latam\/#organization","name":"Maccaferri Latam","url":"https:\/\/www.maccaferri.com\/latam\/","logo":{"@type":"ImageObject","inLanguage":"es-ES","@id":"https:\/\/www.maccaferri.com\/latam\/#\/schema\/logo\/image\/","url":"https:\/\/www.maccaferri.com\/latam\/wp-content\/uploads\/2022\/07\/logo-maccaferri.png","contentUrl":"https:\/\/www.maccaferri.com\/latam\/wp-content\/uploads\/2022\/07\/logo-maccaferri.png","width":152,"height":32,"caption":"Maccaferri Latam"},"image":{"@id":"https:\/\/www.maccaferri.com\/latam\/#\/schema\/logo\/image\/"}}]}},"_links":{"self":[{"href":"https:\/\/www.maccaferri.com\/latam\/wp-json\/wp\/v2\/pages\/6604","targetHints":{"allow":["GET"]}}],"collection":[{"href":"https:\/\/www.maccaferri.com\/latam\/wp-json\/wp\/v2\/pages"}],"about":[{"href":"https:\/\/www.maccaferri.com\/latam\/wp-json\/wp\/v2\/types\/page"}],"author":[{"embeddable":true,"href":"https:\/\/www.maccaferri.com\/latam\/wp-json\/wp\/v2\/users\/20"}],"replies":[{"embeddable":true,"href":"https:\/\/www.maccaferri.com\/latam\/wp-json\/wp\/v2\/comments?post=6604"}],"version-history":[{"count":35,"href":"https:\/\/www.maccaferri.com\/latam\/wp-json\/wp\/v2\/pages\/6604\/revisions"}],"predecessor-version":[{"id":63078,"href":"https:\/\/www.maccaferri.com\/latam\/wp-json\/wp\/v2\/pages\/6604\/revisions\/63078"}],"wp:attachment":[{"href":"https:\/\/www.maccaferri.com\/latam\/wp-json\/wp\/v2\/media?parent=6604"}],"curies":[{"name":"wp","href":"https:\/\/api.w.org\/{rel}","templated":true}]}}