{"id":61628,"date":"2024-02-14T17:07:41","date_gmt":"2024-02-14T16:07:41","guid":{"rendered":"https:\/\/www.maccaferri.com\/latam\/?page_id=61628"},"modified":"2025-09-19T11:12:23","modified_gmt":"2025-09-19T09:12:23","slug":"defence-security","status":"publish","type":"page","link":"https:\/\/www.maccaferri.com\/latam\/defence-security\/","title":{"rendered":"Defence and Security"},"content":{"rendered":"<div class=\"wp-block-mac-slider-hero-block hero-slider\"><div id=\"hero13\" class=\"carousel slide\" data-bs-ride=\"true\"><ol class=\"carousel-indicators box-container\"><li data-bs-target=\"#hero13\" data-bs-slide-to=\"0\" class=\"active\"><\/li><\/ol><div class=\"carousel-inner\"><div class=\"carousel-item active\"><div class=\"hero\"><div class=\"gts__picture\"><img decoding=\"async\" src=\"https:\/\/www.maccaferri.com\/es\/wp-content\/uploads\/2024\/10\/perimetro-dettaglio-light.jpg\" style=\"display:none\"\/><div class=\"gts__picture__image\" style=\"background-image:url(https:\/\/www.maccaferri.com\/es\/wp-content\/uploads\/2024\/10\/perimetro-dettaglio-light.jpg)\"><\/div><\/div><div class=\"container box-container\"><div class=\"row\"><div class=\"col-12 col-lg-6 col-xl-6 col-xxl-6\"><p><span class=\"hero-index\" style=\"display:none\">0<\/span><\/p><h2 class=\"hero-text-container\"><span class=\"hero-text\">DEFENSA Y <br>SEGURIDAD<\/span><\/h2><a class=\"hero-buttonurl\" href=\"#download\"><span class=\"hero-buttontext\">\u00c1rea de descarga aqu\u00ed<\/span><\/a><\/div><\/div><\/div><\/div><\/div><\/div><button class=\"carousel-control-prev\" href=\"#hero13\" type=\"button\" data-bs-slide=\"prev\"><span class=\"carousel-control-prev-icon\" aria-hidden=\"true\"><\/span><span class=\"visually-hidden\">Previous<\/span><\/button><button class=\"carousel-control-next\" href=\"#hero13\" type=\"button\" data-bs-slide=\"next\"><span class=\"carousel-control-next-icon\" aria-hidden=\"true\"><\/span><span class=\"visually-hidden\">Next<\/span><\/button><\/div><\/div><div style=\"height:30px\" aria-hidden=\"true\" class=\"wp-block-spacer\"><\/div><div class=\"wp-block-mac-container-block box-container\"><div class=\"wp-block-columns is-layout-flex wp-container-core-columns-is-layout-9d6595d7 wp-block-columns-is-layout-flex\"><div class=\"wp-block-column is-layout-flow wp-block-column-is-layout-flow\"><h2 class=\"wp-block-heading has-text-color has-link-color wp-elements-ad27a425e2b89470068edf5abf1bb50b\" style=\"color:#034e51;font-size:30px\"><strong>DE LOS GABIONES DE LA PRIMERA GUERRA MUNDIAL A LA SEGURIDAD MODERNA: MACCAFERRI INNOVA PARA LA SEGURIDAD<\/strong><\/h2>\n\n<p class=\"has-medium-font-size\">Durante m\u00e1s de un siglo, Maccaferri ha sido pionero en la innovaci\u00f3n en defensa, comenzando con la reinvenci\u00f3n de los gaviones durante la Primera Guerra Mundial. Evolucionando para enfrentar los desaf\u00edos modernos, la experiencia de la empresa abarca soluciones para defenderse contra inundaciones y riesgos naturales, bal\u00edstica y explosiones y, m\u00e1s recientemente, ataques terroristas. El legado perdurable de Maccaferri, con m\u00e1s de 100 a\u00f1os de historia, refleja su firme dedicaci\u00f3n a desarrollar soluciones de defensa avanzadas para un futuro m\u00e1s seguro.<\/p><\/div><\/div><\/div><div class=\"wp-block-mac-container-block box-container\"><div class=\"wp-block-columns is-layout-flex wp-container-core-columns-is-layout-9d6595d7 wp-block-columns-is-layout-flex\"><div class=\"wp-block-column is-layout-flow wp-block-column-is-layout-flow\"><figure class=\"wp-block-image size-full\"><img decoding=\"async\" src=\"https:\/\/www.maccaferri.com\/wp-content\/uploads\/2024\/03\/Confronto1-Passato-edited.jpg\" alt=\"\" class=\"wp-image-64128\"\/><\/figure><\/div>\n\n<div class=\"wp-block-column is-layout-flow wp-block-column-is-layout-flow\"><figure class=\"wp-block-image size-full\"><img decoding=\"async\" src=\"https:\/\/www.maccaferri.com\/wp-content\/uploads\/2024\/03\/Defence_Security-min.png\" alt=\"\" class=\"wp-image-64419\"\/><\/figure><\/div><\/div><\/div><div style=\"height:50px\" aria-hidden=\"true\" class=\"wp-block-spacer\"><\/div><div class=\"wp-block-mac-container-block box-container\"><div class=\"wp-block-columns is-layout-flex wp-container-core-columns-is-layout-9d6595d7 wp-block-columns-is-layout-flex\"><div class=\"wp-block-column is-layout-flow wp-block-column-is-layout-flow\"><h2 class=\"wp-block-heading has-text-color has-link-color wp-elements-dbaf7bcf75b813d45c5b8ad485e73561\" style=\"color:#034e51;font-size:30px\"><strong>EL ESPECTRO DE OPERACIONES<\/strong><\/h2>\n\n<p class=\"has-medium-font-size\">Con un siglo de experiencia en una amplia gama de disciplinas, Maccaferri no solo ofrece productos de alta calidad, sino que tambi\u00e9n destaca como un socio capaz y confiable. Nuestra empresa va m\u00e1s all\u00e1 de proporcionar soluciones, ofreciendo soporte integral para satisfacer diversas necesidades.<\/p>\n\n<p class=\"has-medium-font-size\">Nuestros EBS MAC, anteriormente conocidos como DefenCell MAC, est\u00e1n fabricados seg\u00fan rigurosos est\u00e1ndares militares reconocidos y son adecuados para una amplia gama de aplicaciones dentro del espectro operativo, incluidas paredes perimetrales EBS, barreras de control de acceso y veh\u00edculos, puestos de observaci\u00f3n, refugios y b\u00fankeres, almacenamiento de municiones y explosivos, y campos de entrenamiento.<\/p>\n\n<figure class=\"wp-block-image aligncenter size-full\"><img decoding=\"async\" src=\"https:\/\/www.maccaferri.com\/es\/wp-content\/uploads\/2024\/10\/immagine-1-1.png\" alt=\"\" class=\"wp-image-82759\"\/><\/figure><\/div><\/div><\/div><div style=\"height:50px\" aria-hidden=\"true\" class=\"wp-block-spacer\"><\/div><div class=\"wp-block-mac-container-block box-container\"><div class=\"wp-block-columns is-layout-flex wp-container-core-columns-is-layout-9d6595d7 wp-block-columns-is-layout-flex\"><div class=\"wp-block-column is-layout-flow wp-block-column-is-layout-flow\"><h2 class=\"wp-block-heading has-text-color has-link-color wp-elements-3f8f4880e3b5a2c87681838857f0d2fc\" style=\"color:#034e51;font-size:30px\"><strong>NUESTRO PORTAFOLIO<\/strong><\/h2>\n\n<p class=\"has-medium-font-size\"><\/p><\/div><\/div><\/div><div class=\"wp-block-mac-container-block box-container\"><div class=\"wp-block-columns is-layout-flex wp-container-core-columns-is-layout-9d6595d7 wp-block-columns-is-layout-flex\"><div class=\"wp-block-column is-layout-flow wp-block-column-is-layout-flow\"><div class=\"container-fluid carousel-image-gallery\">\n        <div class=\"row\">\n            <div id=\"carouselImageblock_4a87b6763505a98f549b888410acbfc6\" class=\"carousel slide carouselImageGallery\" data-bs-ride=\"carousel\">\n                <!-- \/\/ Indicators -->\n                <ol class=\"carousel-indicators\">\n                                            <li data-bs-target=\"#carouselImageblock_4a87b6763505a98f549b888410acbfc6\" data-bs-slide-to=\"0\" class=\"active\" aria-current=\"true\" aria-label=\"Slide\"><\/li>\n                                            <li data-bs-target=\"#carouselImageblock_4a87b6763505a98f549b888410acbfc6\" data-bs-slide-to=\"1\" class=\"\" aria-current=\"true\" aria-label=\"Slide\"><\/li>\n                                            <li data-bs-target=\"#carouselImageblock_4a87b6763505a98f549b888410acbfc6\" data-bs-slide-to=\"2\" class=\"\" aria-current=\"true\" aria-label=\"Slide\"><\/li>\n                                    <\/ol>\n\n                <div class=\"carousel-inner container\" role=\"listbox\">\n                                            <div class=\"carousel-item active\">\n                        <div class=\"col-12 col-lg-4 col-xl-4 col-xxl-4 space-mobile\">\n                            <div class=\"grid-item-wrapper\">\n                                <div class=\"img-responsive-wrapper\">\n                                    <div class=\"img-responsive\">\n                                        <div class=\"img-wrapper\"><img decoding=\"async\" src=\"https:\/\/www.maccaferri.com\/latam\/wp-content\/uploads\/2025\/01\/Prodotto-Defence-FE-15.jpg\" alt=\"\" \/><\/div>\n                                    <\/div>\n                                <\/div>\n                                <div class=\"griditem-text-wrapper text-center\">\n                                    <p class=\"griditem-text text-center\">EBS MAC FE, una versi\u00f3n especializada de las barreras defensivas de Maccaferri, est\u00e1 dise\u00f1ada para la protecci\u00f3n contra inundaciones. Este sistema modular est\u00e1 dise\u00f1ado para un despliegue r\u00e1pido en emergencias y tambi\u00e9n puede integrarse perfectamente en dise\u00f1os paisaj\u00edsticos para una protecci\u00f3n a largo plazo.\r\n\r\n<\/p>\n                   \n                                <\/div>\n                            <\/div>\n                        <\/div>\n                        <\/div>\n                                            <div class=\"carousel-item \">\n                        <div class=\"col-12 col-lg-4 col-xl-4 col-xxl-4 space-mobile\">\n                            <div class=\"grid-item-wrapper\">\n                                <div class=\"img-responsive-wrapper\">\n                                    <div class=\"img-responsive\">\n                                        <div class=\"img-wrapper\"><img decoding=\"async\" src=\"https:\/\/www.maccaferri.com\/latam\/wp-content\/uploads\/2025\/01\/Prodotto-Defence-14.png\" alt=\"\" \/><\/div>\n                                    <\/div>\n                                <\/div>\n                                <div class=\"griditem-text-wrapper text-center\">\n                                    <p class=\"griditem-text text-center\">EBS MAC es una estructura multicelular desarrollada espec\u00edficamente para proporcionar protecci\u00f3n contra una variedad de municiones, explosivos y ataques de veh\u00edculos.\r\n\r\n<\/p>\n                   \n                                <\/div>\n                            <\/div>\n                        <\/div>\n                        <\/div>\n                                            <div class=\"carousel-item \">\n                        <div class=\"col-12 col-lg-4 col-xl-4 col-xxl-4 space-mobile\">\n                            <div class=\"grid-item-wrapper\">\n                                <div class=\"img-responsive-wrapper\">\n                                    <div class=\"img-responsive\">\n                                        <div class=\"img-wrapper\"><img decoding=\"async\" src=\"https:\/\/www.maccaferri.com\/latam\/wp-content\/uploads\/2025\/01\/Prodotto-MacSafe-14.jpg\" alt=\"\" \/><\/div>\n                                    <\/div>\n                                <\/div>\n                                <div class=\"griditem-text-wrapper text-center\">\n                                    <p class=\"griditem-text text-center\">MacSafe\u00ae, un sistema avanzado de prevenci\u00f3n de incursiones de veh\u00edculos hostiles, desarrollado por Maccaferri en respuesta a la necesidad de una protecci\u00f3n discreta y efectiva en lugares p\u00fablicos.\r\n\r\n<\/p>\n                   \n                                <\/div>\n                            <\/div>\n                        <\/div>\n                        <\/div>\n                                    <\/div>\n            <\/div>\n\n        <\/div>\n    <\/div><\/div><\/div><\/div><div style=\"height:50px\" aria-hidden=\"true\" class=\"wp-block-spacer\"><\/div><div class=\"wp-block-mac-container-block box-container\"><div class=\"wp-block-columns is-layout-flex wp-container-core-columns-is-layout-9d6595d7 wp-block-columns-is-layout-flex\"><div class=\"wp-block-column is-layout-flow wp-block-column-is-layout-flow\"><h2 class=\"wp-block-heading has-text-color has-link-color wp-elements-7e6717bb5615a75d0d80bf046d4629cf\" style=\"color:#034e51;font-size:30px\"><strong>\u00a1DESCUBRE C\u00d3MO SE INSTALAN NUESTROS EBS MAC!<\/strong><\/h2>\n\n<p class=\"has-medium-font-size\">Mira ahora el video de Defensa.<\/p>\n\n<figure class=\"wp-block-video\"><video controls controlslist=\"nodownload\" poster=\"https:\/\/www.maccaferri.com\/es\/wp-content\/uploads\/2024\/10\/Screenshot-2024-10-18-123914.png\" src=\"https:\/\/www.maccaferri.com\/es\/wp-content\/uploads\/2024\/10\/EBS-MAC.mp4\"><\/video><\/figure><\/div><\/div><\/div><div style=\"height:100px\" aria-hidden=\"true\" class=\"wp-block-spacer\"><\/div><div class=\"wp-block-mac-container-block box-container\"><div class=\"wp-block-columns is-layout-flex wp-container-core-columns-is-layout-9d6595d7 wp-block-columns-is-layout-flex\"><div class=\"wp-block-column is-layout-flow wp-block-column-is-layout-flow\"><h2 class=\"wp-block-heading has-text-color has-link-color wp-elements-76e86b851b851a150d5c6d2ef9f2392a\" style=\"color:#034e51;font-size:30px\"><strong>\u00c1REA DE DESCARGA<\/strong><\/h2>\n\n<p id=\"download\">Rellena el formulario a continuaci\u00f3n para acceder a nuestro material exclusivo sobre Defensa y Seguridad.<\/p>\n\n<iframe src=\"https:\/\/www2.maccaferri.com\/l\/965143\/2024-03-06\/5rs4jt\" width=\"100%\" height=\"700\" type=\"text\/html\" frameborder=\"0\" allowTransparency=\"true\" style=\"border: 0\" data-cookieconsent=\"ignore\"><\/iframe><\/div><\/div><\/div><div style=\"height:100px\" aria-hidden=\"true\" class=\"wp-block-spacer\"><\/div>","protected":false},"excerpt":{"rendered":"","protected":false},"author":24301,"featured_media":0,"parent":0,"menu_order":0,"comment_status":"closed","ping_status":"closed","template":"","meta":{"_acf_changed":false,"_joinchat":[],"footnotes":""},"class_list":["post-61628","page","type-page","status-publish","hentry"],"acf":{"uuid_products":"","product-documents":""},"yoast_head":"<!-- This site is optimized with the Yoast SEO Premium plugin v27.0 (Yoast SEO v27.0) - https:\/\/yoast.com\/product\/yoast-seo-premium-wordpress\/ -->\n<title>Defence and Security - Maccaferri Latam<\/title>\n<meta name=\"description\" content=\"0DEFENSA Y SEGURIDAD\u00c1rea de descarga aqu\u00edPreviousNext DE LOS GABIONES DE LA PRIMERA GUERRA MUNDIAL A LA SEGURIDAD MODERNA: MACCAFERRI INNOVA PARA LA\" \/>\n<meta name=\"robots\" content=\"index, follow, max-snippet:-1, max-image-preview:large, max-video-preview:-1\" \/>\n<link rel=\"canonical\" href=\"https:\/\/www.maccaferri.com\/latam\/defence-security\/\" \/>\n<meta property=\"og:locale\" content=\"es_ES\" \/>\n<meta property=\"og:type\" content=\"article\" \/>\n<meta property=\"og:title\" content=\"Defence and Security - Maccaferri Latam\" \/>\n<meta property=\"og:description\" content=\"0DEFENSA Y SEGURIDAD\u00c1rea de descarga aqu\u00edPreviousNext DE LOS GABIONES DE LA PRIMERA GUERRA MUNDIAL A LA SEGURIDAD MODERNA: MACCAFERRI INNOVA PARA LA\" \/>\n<meta property=\"og:url\" content=\"https:\/\/www.maccaferri.com\/latam\/defence-security\/\" \/>\n<meta property=\"og:site_name\" content=\"Maccaferri Latam\" \/>\n<meta property=\"article:modified_time\" content=\"2025-09-19T09:12:23+00:00\" \/>\n<meta property=\"og:image\" content=\"https:\/\/www.maccaferri.com\/es\/wp-content\/uploads\/2024\/10\/perimetro-dettaglio-light.jpg\" \/>\n<meta name=\"twitter:card\" content=\"summary_large_image\" \/>\n<meta name=\"twitter:label1\" content=\"Est. reading time\" \/>\n\t<meta name=\"twitter:data1\" content=\"2 minutes\" \/>\n<script type=\"application\/ld+json\" class=\"yoast-schema-graph\">{\"@context\":\"https:\/\/schema.org\",\"@graph\":[{\"@type\":\"WebPage\",\"@id\":\"https:\/\/www.maccaferri.com\/latam\/defence-security\/\",\"url\":\"https:\/\/www.maccaferri.com\/latam\/defence-security\/\",\"name\":\"Defence and Security - Maccaferri Latam\",\"isPartOf\":{\"@id\":\"https:\/\/www.maccaferri.com\/latam\/#website\"},\"primaryImageOfPage\":{\"@id\":\"https:\/\/www.maccaferri.com\/latam\/defence-security\/#primaryimage\"},\"image\":{\"@id\":\"https:\/\/www.maccaferri.com\/latam\/defence-security\/#primaryimage\"},\"thumbnailUrl\":\"https:\/\/www.maccaferri.com\/es\/wp-content\/uploads\/2024\/10\/perimetro-dettaglio-light.jpg\",\"datePublished\":\"2024-02-14T16:07:41+00:00\",\"dateModified\":\"2025-09-19T09:12:23+00:00\",\"description\":\"0DEFENSA Y SEGURIDAD\u00c1rea de descarga aqu\u00edPreviousNext DE LOS GABIONES DE LA PRIMERA GUERRA MUNDIAL A LA SEGURIDAD MODERNA: MACCAFERRI INNOVA PARA LA\",\"inLanguage\":\"es-ES\",\"potentialAction\":[{\"@type\":\"ReadAction\",\"target\":[\"https:\/\/www.maccaferri.com\/latam\/defence-security\/\"]}]},{\"@type\":\"ImageObject\",\"inLanguage\":\"es-ES\",\"@id\":\"https:\/\/www.maccaferri.com\/latam\/defence-security\/#primaryimage\",\"url\":\"https:\/\/www.maccaferri.com\/es\/wp-content\/uploads\/2024\/10\/perimetro-dettaglio-light.jpg\",\"contentUrl\":\"https:\/\/www.maccaferri.com\/es\/wp-content\/uploads\/2024\/10\/perimetro-dettaglio-light.jpg\"},{\"@type\":\"WebSite\",\"@id\":\"https:\/\/www.maccaferri.com\/latam\/#website\",\"url\":\"https:\/\/www.maccaferri.com\/latam\/\",\"name\":\"Maccaferri Latam\",\"description\":\"\",\"publisher\":{\"@id\":\"https:\/\/www.maccaferri.com\/latam\/#organization\"},\"potentialAction\":[{\"@type\":\"SearchAction\",\"target\":{\"@type\":\"EntryPoint\",\"urlTemplate\":\"https:\/\/www.maccaferri.com\/latam\/?s={search_term_string}\"},\"query-input\":{\"@type\":\"PropertyValueSpecification\",\"valueRequired\":true,\"valueName\":\"search_term_string\"}}],\"inLanguage\":\"es-ES\"},{\"@type\":\"Organization\",\"@id\":\"https:\/\/www.maccaferri.com\/latam\/#organization\",\"name\":\"Maccaferri Latam\",\"url\":\"https:\/\/www.maccaferri.com\/latam\/\",\"logo\":{\"@type\":\"ImageObject\",\"inLanguage\":\"es-ES\",\"@id\":\"https:\/\/www.maccaferri.com\/latam\/#\/schema\/logo\/image\/\",\"url\":\"https:\/\/www.maccaferri.com\/latam\/wp-content\/uploads\/2022\/07\/logo-maccaferri.png\",\"contentUrl\":\"https:\/\/www.maccaferri.com\/latam\/wp-content\/uploads\/2022\/07\/logo-maccaferri.png\",\"width\":152,\"height\":32,\"caption\":\"Maccaferri Latam\"},\"image\":{\"@id\":\"https:\/\/www.maccaferri.com\/latam\/#\/schema\/logo\/image\/\"}}]}<\/script>\n<!-- \/ Yoast SEO Premium plugin. -->","yoast_head_json":{"title":"Defence and Security - Maccaferri Latam","description":"0DEFENSA Y SEGURIDAD\u00c1rea de descarga aqu\u00edPreviousNext DE LOS GABIONES DE LA PRIMERA GUERRA MUNDIAL A LA SEGURIDAD MODERNA: MACCAFERRI INNOVA PARA LA","robots":{"index":"index","follow":"follow","max-snippet":"max-snippet:-1","max-image-preview":"max-image-preview:large","max-video-preview":"max-video-preview:-1"},"canonical":"https:\/\/www.maccaferri.com\/latam\/defence-security\/","og_locale":"es_ES","og_type":"article","og_title":"Defence and Security - Maccaferri Latam","og_description":"0DEFENSA Y SEGURIDAD\u00c1rea de descarga aqu\u00edPreviousNext DE LOS GABIONES DE LA PRIMERA GUERRA MUNDIAL A LA SEGURIDAD MODERNA: MACCAFERRI INNOVA PARA LA","og_url":"https:\/\/www.maccaferri.com\/latam\/defence-security\/","og_site_name":"Maccaferri Latam","article_modified_time":"2025-09-19T09:12:23+00:00","og_image":[{"url":"https:\/\/www.maccaferri.com\/es\/wp-content\/uploads\/2024\/10\/perimetro-dettaglio-light.jpg","type":"","width":"","height":""}],"twitter_card":"summary_large_image","twitter_misc":{"Est. reading time":"2 minutes"},"schema":{"@context":"https:\/\/schema.org","@graph":[{"@type":"WebPage","@id":"https:\/\/www.maccaferri.com\/latam\/defence-security\/","url":"https:\/\/www.maccaferri.com\/latam\/defence-security\/","name":"Defence and Security - Maccaferri Latam","isPartOf":{"@id":"https:\/\/www.maccaferri.com\/latam\/#website"},"primaryImageOfPage":{"@id":"https:\/\/www.maccaferri.com\/latam\/defence-security\/#primaryimage"},"image":{"@id":"https:\/\/www.maccaferri.com\/latam\/defence-security\/#primaryimage"},"thumbnailUrl":"https:\/\/www.maccaferri.com\/es\/wp-content\/uploads\/2024\/10\/perimetro-dettaglio-light.jpg","datePublished":"2024-02-14T16:07:41+00:00","dateModified":"2025-09-19T09:12:23+00:00","description":"0DEFENSA Y SEGURIDAD\u00c1rea de descarga aqu\u00edPreviousNext DE LOS GABIONES DE LA PRIMERA GUERRA MUNDIAL A LA SEGURIDAD MODERNA: MACCAFERRI INNOVA PARA LA","inLanguage":"es-ES","potentialAction":[{"@type":"ReadAction","target":["https:\/\/www.maccaferri.com\/latam\/defence-security\/"]}]},{"@type":"ImageObject","inLanguage":"es-ES","@id":"https:\/\/www.maccaferri.com\/latam\/defence-security\/#primaryimage","url":"https:\/\/www.maccaferri.com\/es\/wp-content\/uploads\/2024\/10\/perimetro-dettaglio-light.jpg","contentUrl":"https:\/\/www.maccaferri.com\/es\/wp-content\/uploads\/2024\/10\/perimetro-dettaglio-light.jpg"},{"@type":"WebSite","@id":"https:\/\/www.maccaferri.com\/latam\/#website","url":"https:\/\/www.maccaferri.com\/latam\/","name":"Maccaferri Latam","description":"","publisher":{"@id":"https:\/\/www.maccaferri.com\/latam\/#organization"},"potentialAction":[{"@type":"SearchAction","target":{"@type":"EntryPoint","urlTemplate":"https:\/\/www.maccaferri.com\/latam\/?s={search_term_string}"},"query-input":{"@type":"PropertyValueSpecification","valueRequired":true,"valueName":"search_term_string"}}],"inLanguage":"es-ES"},{"@type":"Organization","@id":"https:\/\/www.maccaferri.com\/latam\/#organization","name":"Maccaferri Latam","url":"https:\/\/www.maccaferri.com\/latam\/","logo":{"@type":"ImageObject","inLanguage":"es-ES","@id":"https:\/\/www.maccaferri.com\/latam\/#\/schema\/logo\/image\/","url":"https:\/\/www.maccaferri.com\/latam\/wp-content\/uploads\/2022\/07\/logo-maccaferri.png","contentUrl":"https:\/\/www.maccaferri.com\/latam\/wp-content\/uploads\/2022\/07\/logo-maccaferri.png","width":152,"height":32,"caption":"Maccaferri Latam"},"image":{"@id":"https:\/\/www.maccaferri.com\/latam\/#\/schema\/logo\/image\/"}}]}},"_links":{"self":[{"href":"https:\/\/www.maccaferri.com\/latam\/wp-json\/wp\/v2\/pages\/61628","targetHints":{"allow":["GET"]}}],"collection":[{"href":"https:\/\/www.maccaferri.com\/latam\/wp-json\/wp\/v2\/pages"}],"about":[{"href":"https:\/\/www.maccaferri.com\/latam\/wp-json\/wp\/v2\/types\/page"}],"author":[{"embeddable":true,"href":"https:\/\/www.maccaferri.com\/latam\/wp-json\/wp\/v2\/users\/24301"}],"replies":[{"embeddable":true,"href":"https:\/\/www.maccaferri.com\/latam\/wp-json\/wp\/v2\/comments?post=61628"}],"version-history":[{"count":5,"href":"https:\/\/www.maccaferri.com\/latam\/wp-json\/wp\/v2\/pages\/61628\/revisions"}],"predecessor-version":[{"id":62601,"href":"https:\/\/www.maccaferri.com\/latam\/wp-json\/wp\/v2\/pages\/61628\/revisions\/62601"}],"wp:attachment":[{"href":"https:\/\/www.maccaferri.com\/latam\/wp-json\/wp\/v2\/media?parent=61628"}],"curies":[{"name":"wp","href":"https:\/\/api.w.org\/{rel}","templated":true}]}}