{"id":52320,"date":"2023-08-08T15:39:57","date_gmt":"2023-08-08T13:39:57","guid":{"rendered":"https:\/\/www.maccaferri.com\/latam\/?page_id=52320"},"modified":"2025-04-11T11:56:37","modified_gmt":"2025-04-11T09:56:37","slug":"soluciones-gsy-rd","status":"publish","type":"page","link":"https:\/\/www.maccaferri.com\/latam\/soluciones-gsy-rd\/","title":{"rendered":"SOLUCIONES GSY &#8211; RD"},"content":{"rendered":"<div class=\"wp-block-mac-h1-title-hero-block container-fluid block-txt-container\" style=\"background:linear-gradient(180deg,rgb(1,94,111) 0%,rgb(0,72,87) 100%)\"><div class=\"row\"><div class=\"col\"><div class=\"gts__picture\"><img decoding=\"async\" src=\"https:\/\/www.maccaferri.com\/latam\/wp-content\/uploads\/2022\/12\/Biaxial-Geogrids_2.jpg\" style=\"display:none\"\/><div class=\"gts__picture__image\" style=\"background-image:url(https:\/\/www.maccaferri.com\/latam\/wp-content\/uploads\/2022\/12\/Biaxial-Geogrids_2.jpg)\"><\/div><\/div><div class=\"container box-container\"><div class=\"row\"><div class=\"col title-box-txt\"><h1 class=\"wp-block-mac-h1-title-hero-block\" style=\"color:#ffffff;text-align:none\">SOLUCIONES EN GEOSINT\u00c9TICOS<\/h1><\/div><\/div><\/div><\/div><\/div><\/div><div class=\"wp-block-mac-container-block box-container\"><div class=\"wp-block-columns is-layout-flex wp-container-core-columns-is-layout-9d6595d7 wp-block-columns-is-layout-flex\"><div class=\"wp-block-column is-layout-flow wp-block-column-is-layout-flow\"><\/div><\/div><\/div><div class=\"wp-block-mac-container-block box-container\"><div class=\"wp-block-columns is-layout-flex wp-container-core-columns-is-layout-9d6595d7 wp-block-columns-is-layout-flex\"><div class=\"wp-block-column is-layout-flow wp-block-column-is-layout-flow\"><div class=\"container content-paragraph box-container\"><div class=\"row\"><div class=\"col-12 col-lg-12 col-xl-12 col-xxl-12\"><h6>Soluciones Sostenibles con Geosint\u00e9ticos de Alta Calidad | Maccaferri del Caribe <\/h6><div class=\"content-txt\"><p><span data-contrast=\"auto\">En Maccaferri del Caribe, combinamos experiencia comprobada y tecnolog\u00eda de vanguardia para ofrecer soluciones geot\u00e9cnicas eficientes y sostenibles. Con una s\u00f3lida trayectoria en el mercado, brindamos un servicio profesional y personalizado, adaptado a las necesidades espec\u00edficas de cada proyecto, garantizando calidad, seguridad y durabilidad en la aplicaci\u00f3n de geosint\u00e9ticos.<\/span><span data-ccp-props=\"{}\">\u00a0<\/span><\/p>\n<p><span data-ccp-props=\"{}\">\u00a0<\/span><\/p>\n<p><b><span data-contrast=\"auto\">\u00a0\u00bfPor qu\u00e9 elegir los Geosint\u00e9ticos de Maccaferri?<\/span><\/b><span data-ccp-props=\"{}\">\u00a0<\/span><\/p>\n<ul>\n<li><span data-contrast=\"auto\">Soluciones sostenibles que reducen el impacto ambiental.<\/span><\/li>\n<li><span data-contrast=\"auto\">Materiales certificados que cumplen con las normativas internacionales.<\/span><\/li>\n<li><span data-contrast=\"auto\">Alta resistencia y durabilidad en condiciones extremas.<\/span><\/li>\n<li><span data-contrast=\"auto\">Versatilidad de aplicaciones: desde <\/span><a href=\"https:\/\/www.maccaferri.com\/latam\/aplicaciones\/control-de-erosion\/\"><span data-contrast=\"none\">control de erosi\u00f3n<\/span><\/a><span data-contrast=\"auto\"> hasta <\/span><a href=\"https:\/\/www.maccaferri.com\/latam\/aplicaciones\/estabilizacion-del-suelo-y-pavimentos\/\"><span data-contrast=\"none\">estabilizaci\u00f3n de suelos<\/span><\/a><span data-contrast=\"auto\">.<\/span><\/li>\n<li><span data-contrast=\"auto\">Asesor\u00eda t\u00e9cnica especializada en cada etapa del proyecto.<\/span><span data-ccp-props=\"{}\">\u00a0<\/span><\/li>\n<\/ul>\n<\/div><\/div><\/div><\/div><\/div><\/div><\/div><div class=\"wp-block-mac-container-block box-container\"><div class=\"wp-block-columns is-layout-flex wp-container-core-columns-is-layout-9d6595d7 wp-block-columns-is-layout-flex\"><div class=\"wp-block-column is-layout-flow wp-block-column-is-layout-flow\"><div class=\"wp-block-mac-banner-title-cta  box-container block-cta\" style=\"background:#015E6F\"><div class=\"container box-container\"><div class=\"row\"><div class=\"col-2 col-sm-2 col-md-2 col-lg-2 col-xl-2 col-xxl-2\"><div class=\"box-image\"><img decoding=\"async\" class=\"image\" src=\"https:\/\/www.maccaferri.com\/latam\/wp-content\/uploads\/2022\/11\/img-banner-software.png\" alt=\"Image\"\/><\/div><\/div><div class=\"col-7 col-sm-7 col-md-7 col-lg-7 col-xl-7 col-xxl-7\"><div class=\"banner-box-txt\" style=\"text-align:default\"><h4 class=\"title\"><strong>Descarga nuestro brochure de Geosint\u00e9ticos<\/strong>&nbsp;<\/h4><\/div><\/div><div class=\"col-3 col-sm-3 col-md-3 col-lg-3 col-xl-3 col-xxl-3\"><div class=\"button-box-txt\"><a href=\"https:\/\/www.maccaferri.com\/latam\/download\/geosynthetics-brochure\/\" target=\"_blank\" class=\"buttonurl\" rel=\"noopener\"><span class=\"buttontext\">Descarga<\/span><\/a><\/div><\/div><\/div><\/div><\/div><\/div><\/div><\/div><div class=\"wp-block-mac-container-block box-container\"><div class=\"wp-block-columns is-layout-flex wp-container-core-columns-is-layout-9d6595d7 wp-block-columns-is-layout-flex\"><div class=\"wp-block-column is-layout-flow wp-block-column-is-layout-flow\"><div class=\"wp-block-mac-h4-title-block block-txt-container box-container\"><div class=\"row\"><div class=\"col title-box-txt\"><h5 style=\"color:#212429;text-align:center\">Cont\u00e1ctanos hoy mismo y optimiza tus proyectos con nuestras soluciones avanzadas.\u00a0<\/h5><br><\/div><\/div><\/div><\/div><\/div><\/div><div class=\"wp-block-buttons is-content-justification-center is-layout-flex wp-container-core-buttons-is-layout-16018d1d wp-block-buttons-is-layout-flex\"><div class=\"wp-block-button has-custom-width wp-block-button__width-50 has-custom-font-size has-medium-font-size\"><a class=\"wp-block-button__link wp-element-button\" href=\"https:\/\/wa.me\/18494509022\"><strong>Solicita una asesor\u00eda gratuita<\/strong> <img decoding=\"async\" class=\"wp-image-6568\" style=\"width: 20px\" src=\"https:\/\/www.maccaferri.com\/latam\/wp-content\/uploads\/2023\/02\/whatsapp-logo-1-1-1019x1024-1.png\" alt=\"\"> WHATSAPP: <strong>+1 849 450 9022<\/strong><\/a><\/div><\/div><div class=\"wp-block-mac-container-block box-container\"><div class=\"wp-block-columns is-layout-flex wp-container-core-columns-is-layout-9d6595d7 wp-block-columns-is-layout-flex\"><div class=\"wp-block-column is-layout-flow wp-block-column-is-layout-flow\"><div class=\"wp-block-mac-h4-title-block block-txt-container box-container\"><div class=\"row\"><div class=\"col title-box-txt\"><h5 style=\"color:#212429;text-align:center\">Nuestros geosint\u00e9ticos est\u00e1n dise\u00f1ados para maximizar el rendimiento estructural y la eficiencia de cada proyecto, adapt\u00e1ndose a entornos exigentes y mejorando la vida \u00fatil de las obras civiles. <\/h5><br><\/div><\/div><\/div><\/div><\/div><\/div><div class=\"wp-block-mac-container-block box-container\"><div class=\"wp-block-columns is-layout-flex wp-container-core-columns-is-layout-9d6595d7 wp-block-columns-is-layout-flex\"><div class=\"wp-block-column is-layout-flow wp-block-column-is-layout-flow\"><div class=\"wp-block-mac-h4-title-block block-txt-container box-container\"><div class=\"row\"><div class=\"col title-box-txt\"><h5 style=\"color:#212429;text-align:center\">Conozca nuestra gama de productos geosint\u00e9ticos<\/h5><br><\/div><\/div><\/div><\/div><\/div><\/div><div class=\"wp-block-mac-container-block box-container\"><div class=\"wp-block-columns is-layout-flex wp-container-core-columns-is-layout-9d6595d7 wp-block-columns-is-layout-flex\"><div class=\"wp-block-column is-layout-flow wp-block-column-is-layout-flow\"><\/div>\n\n<div class=\"wp-block-column is-layout-flow wp-block-column-is-layout-flow\"><\/div>\n\n<div class=\"wp-block-column is-layout-flow wp-block-column-is-layout-flow\"><\/div>\n\n<div class=\"wp-block-column is-layout-flow wp-block-column-is-layout-flow\"><\/div><\/div><\/div><div class=\"wp-block-mac-container-block box-container\"><div class=\"wp-block-columns is-layout-flex wp-container-core-columns-is-layout-9d6595d7 wp-block-columns-is-layout-flex\"><div class=\"wp-block-column is-layout-flow wp-block-column-is-layout-flow\"><div class=\"wp-block-mac-container-block box-container\"><div class=\"wp-block-columns is-layout-flex wp-container-core-columns-is-layout-9d6595d7 wp-block-columns-is-layout-flex\"><div class=\"wp-block-column is-layout-flow wp-block-column-is-layout-flow\"><div class=\"wp-block-mac-h4-title-block block-txt-container box-container\"><div class=\"row\"><div class=\"col title-box-txt\"><h5 style=\"color:#212429;text-align:center\">Descubre m\u00e1s en nuestro caso de \u00e9xito en el patio de Ceniza de una Central Termoel\u00e9ctrica en la provincia Peravia, Rep\u00fablica Dominicana. <\/h5><br><\/div><\/div><\/div><\/div><\/div><\/div><\/div><\/div><\/div><figure class=\"wp-block-image aligncenter size-large\"><a href=\"https:\/\/www.maccaferri.com\/latam\/download\/ch-edl-do-patio-ceniza-central-termoelectrica-rev2-aug23-es-pdf\/\"><img fetchpriority=\"high\" decoding=\"async\" width=\"1024\" height=\"683\" src=\"https:\/\/www.maccaferri.com\/latam\/wp-content\/uploads\/2025\/03\/celda-A-1024x683.jpg\" alt=\"\" class=\"wp-image-63406\" srcset=\"https:\/\/www.maccaferri.com\/latam\/wp-content\/uploads\/2025\/03\/celda-A-1024x683.jpg 1024w, https:\/\/www.maccaferri.com\/latam\/wp-content\/uploads\/2025\/03\/celda-A-300x200.jpg 300w, https:\/\/www.maccaferri.com\/latam\/wp-content\/uploads\/2025\/03\/celda-A-768x512.jpg 768w, https:\/\/www.maccaferri.com\/latam\/wp-content\/uploads\/2025\/03\/celda-A-1536x1024.jpg 1536w, https:\/\/www.maccaferri.com\/latam\/wp-content\/uploads\/2025\/03\/celda-A-2048x1365.jpg 2048w, https:\/\/www.maccaferri.com\/latam\/wp-content\/uploads\/2025\/03\/celda-A-120x80.jpg 120w\" sizes=\"(max-width: 1024px) 100vw, 1024px\" \/><\/a><\/figure><div class=\"wp-block-buttons is-content-justification-center is-layout-flex wp-container-core-buttons-is-layout-16018d1d wp-block-buttons-is-layout-flex\"><div class=\"wp-block-button has-custom-width wp-block-button__width-25 has-custom-font-size has-medium-font-size\"><a class=\"wp-block-button__link wp-element-button\" href=\"https:\/\/www.maccaferri.com\/latam\/download\/ch-edl-do-patio-ceniza-central-termoelectrica-rev2-aug23-es-pdf\/\">\u00a1Descarga aqu\u00ed el Casos de \u00c9xito!<\/a><\/div><\/div><div class=\"wp-block-mac-container-block box-container\"><div class=\"wp-block-columns is-layout-flex wp-container-core-columns-is-layout-9d6595d7 wp-block-columns-is-layout-flex\"><div class=\"wp-block-column is-layout-flow wp-block-column-is-layout-flow\"><div class=\"wp-block-mac-container-block box-container\"><div class=\"wp-block-columns is-layout-flex wp-container-core-columns-is-layout-9d6595d7 wp-block-columns-is-layout-flex\"><div class=\"wp-block-column is-layout-flow wp-block-column-is-layout-flow\"><div class=\"wp-block-mac-h4-title-block block-txt-container box-container\"><div class=\"row\"><div class=\"col title-box-txt\"><h5 style=\"color:#212429;text-align:center\">P\u00f3ngase en contacto con nuestros especialistas para recibir asesoramiento personalizado<\/h5><br><\/div><\/div><\/div><\/div><\/div><\/div><\/div><\/div><\/div><div class=\"wp-block-mac-container-block box-container\"><div class=\"wp-block-columns is-layout-flex wp-container-core-columns-is-layout-9d6595d7 wp-block-columns-is-layout-flex\"><div class=\"wp-block-column is-layout-flow wp-block-column-is-layout-flow\"><div class=\"container content-paragraph box-container\"><div class=\"row\"><div class=\"col-12 col-lg-12 col-xl-12 col-xxl-12\"><h6>Rellene el formulario para solicitar su Presupuesto \/ Asistencia t\u00e9cnica<\/h6><\/div><\/div><\/div>\n\n<iframe src=\"https:\/\/www2.maccaferri.com\/l\/965143\/2023-02-13\/5q2lqv\" width=\"100%\" height=\"700\" type=\"text\/html\" frameborder=\"0\" allowTransparency=\"true\" style=\"border: 0\" data-cookieconsent=\"ignore\"><\/iframe><\/div>\n\n<div class=\"wp-block-column is-layout-flow wp-block-column-is-layout-flow\"><div class=\"container content-paragraph box-container\"><div class=\"row\"><div class=\"col-12 col-lg-12 col-xl-12 col-xxl-12\"><h6>Cont\u00e1ctenos<\/h6><\/div><\/div><\/div>\n\n<div class=\"wp-block-buttons is-content-justification-center is-layout-flex wp-container-core-buttons-is-layout-16018d1d wp-block-buttons-is-layout-flex\"><div class=\"wp-block-button\"><a class=\"wp-block-button__link has-luminous-vivid-orange-background-color has-background wp-element-button\" href=\"https:\/\/wa.me\/18494509022\"><img decoding=\"async\" class=\"wp-image-6568\" style=\"width: 20px\" src=\"https:\/\/www.maccaferri.com\/latam\/wp-content\/uploads\/2023\/02\/whatsapp-logo-1-1-1019x1024-1.png\" alt=\"\"> WHATSAPP: <strong>+1 849 450 9022<\/strong><\/a><\/div><\/div>\n\n<div class=\"wp-block-buttons is-content-justification-center is-layout-flex wp-container-core-buttons-is-layout-16018d1d wp-block-buttons-is-layout-flex\"><div class=\"wp-block-button\"><a class=\"wp-block-button__link wp-element-button\" href=\"tel:+8094723380\">Tel\u00e9fonO: <strong>+809 472 3380<\/strong><\/a><\/div><\/div>\n\n<div class=\"wp-block-buttons is-content-justification-center is-layout-flex wp-container-core-buttons-is-layout-16018d1d wp-block-buttons-is-layout-flex\"><div class=\"wp-block-button\"><a class=\"wp-block-button__link wp-element-button\" href=\"mailto:info.do@maccaferri.com\">CORREO: <strong>info.DO@MACCAFERRI.COM<\/strong><\/a><\/div><\/div><\/div><\/div><\/div><div class=\"wp-block-mac-container-block box-container\"><div class=\"wp-block-columns is-layout-flex wp-container-core-columns-is-layout-9d6595d7 wp-block-columns-is-layout-flex\"><div class=\"wp-block-column is-layout-flow wp-block-column-is-layout-flow\"><div class=\"wp-block-mac-container-block box-container\"><div class=\"wp-block-columns is-layout-flex wp-container-core-columns-is-layout-9d6595d7 wp-block-columns-is-layout-flex\"><div class=\"wp-block-column is-layout-flow wp-block-column-is-layout-flow\"><div style=\"height:100px\" aria-hidden=\"true\" class=\"wp-block-spacer\"><\/div>\n\n<div class=\"wp-block-mac-h4-title-block block-txt-container box-container\"><div class=\"row\"><div class=\"col title-box-txt\"><h5 style=\"color:#212429;text-align:center\">Encuentre nuestra unidad m\u00e1s cercana<\/h5><br><\/div><\/div><\/div>\n\n<div class=\"wp-block-columns is-layout-flex wp-container-core-columns-is-layout-9d6595d7 wp-block-columns-is-layout-flex\"><div class=\"wp-block-column is-layout-flow wp-block-column-is-layout-flow\" style=\"flex-basis:250px\"><\/div>\n\n<div class=\"wp-block-column is-layout-flow wp-block-column-is-layout-flow\"><iframe src=\"https:\/\/www.google.com\/maps\/embed?pb=!1m18!1m12!1m3!1d3784.5201083308457!2d-69.94437802417238!3d18.46008567101781!2m3!1f0!2f0!3f0!3m2!1i1024!2i768!4f13.1!3m3!1m2!1s0x8ea56209061ade87%3A0x606bc63731d0458a!2sMaccaferri%20del%20Caribe%20S.A.S!5e0!3m2!1spt-BR!2sbr!4v1744199772232!5m2!1spt-BR!2sbr\" width=\"600\" height=\"450\" style=\"border:0;\" allowfullscreen=\"\" loading=\"lazy\" referrerpolicy=\"no-referrer-when-downgrade\"><\/iframe><\/div>\n\n<div class=\"wp-block-column is-layout-flow wp-block-column-is-layout-flow\" style=\"flex-basis:50px\"><\/div><\/div><\/div><\/div><\/div>\n\n<div class=\"container content-paragraph box-container\"><div class=\"row\"><div class=\"col-12 col-lg-12 col-xl-12 col-xxl-12\"><div class=\"content-txt\"><p style=\"text-align: center\">\n<\/div><\/div><\/div><\/div><\/div><\/div><\/div>","protected":false},"excerpt":{"rendered":"","protected":false},"author":20,"featured_media":0,"parent":0,"menu_order":0,"comment_status":"closed","ping_status":"closed","template":"","meta":{"_acf_changed":false,"_joinchat":[],"footnotes":""},"class_list":["post-52320","page","type-page","status-publish","hentry"],"acf":{"uuid_products":"","product-documents":""},"yoast_head":"<!-- This site is optimized with the Yoast SEO Premium plugin v27.0 (Yoast SEO v27.0) - https:\/\/yoast.com\/product\/yoast-seo-premium-wordpress\/ -->\n<title>SOLUCIONES GSY - RD - Maccaferri Latam<\/title>\n<meta name=\"description\" content=\"SOLUCIONES EN GEOSINT\u00c9TICOS Descarga nuestro brochure de Geosint\u00e9ticos&nbsp;Descarga Cont\u00e1ctanos hoy mismo y optimiza tus proyectos con nuestras\" \/>\n<meta name=\"robots\" content=\"index, follow, max-snippet:-1, max-image-preview:large, max-video-preview:-1\" \/>\n<link rel=\"canonical\" href=\"https:\/\/www.maccaferri.com\/latam\/soluciones-gsy-rd\/\" \/>\n<meta property=\"og:locale\" content=\"es_ES\" \/>\n<meta property=\"og:type\" content=\"article\" \/>\n<meta property=\"og:title\" content=\"SOLUCIONES GSY - RD - Maccaferri Latam\" \/>\n<meta property=\"og:description\" content=\"SOLUCIONES EN GEOSINT\u00c9TICOS Descarga nuestro brochure de Geosint\u00e9ticos&nbsp;Descarga Cont\u00e1ctanos hoy mismo y optimiza tus proyectos con nuestras\" \/>\n<meta property=\"og:url\" content=\"https:\/\/www.maccaferri.com\/latam\/soluciones-gsy-rd\/\" \/>\n<meta property=\"og:site_name\" content=\"Maccaferri Latam\" \/>\n<meta property=\"article:modified_time\" content=\"2025-04-11T09:56:37+00:00\" \/>\n<meta property=\"og:image\" content=\"https:\/\/www.maccaferri.com\/latam\/wp-content\/uploads\/2022\/12\/Biaxial-Geogrids_2.jpg\" \/>\n<meta name=\"twitter:card\" content=\"summary_large_image\" \/>\n<meta name=\"twitter:label1\" content=\"Est. reading time\" \/>\n\t<meta name=\"twitter:data1\" content=\"2 minutes\" \/>\n<script type=\"application\/ld+json\" class=\"yoast-schema-graph\">{\"@context\":\"https:\/\/schema.org\",\"@graph\":[{\"@type\":\"WebPage\",\"@id\":\"https:\/\/www.maccaferri.com\/latam\/soluciones-gsy-rd\/\",\"url\":\"https:\/\/www.maccaferri.com\/latam\/soluciones-gsy-rd\/\",\"name\":\"SOLUCIONES GSY - RD - Maccaferri Latam\",\"isPartOf\":{\"@id\":\"https:\/\/www.maccaferri.com\/latam\/#website\"},\"primaryImageOfPage\":{\"@id\":\"https:\/\/www.maccaferri.com\/latam\/soluciones-gsy-rd\/#primaryimage\"},\"image\":{\"@id\":\"https:\/\/www.maccaferri.com\/latam\/soluciones-gsy-rd\/#primaryimage\"},\"thumbnailUrl\":\"https:\/\/www.maccaferri.com\/latam\/wp-content\/uploads\/2022\/12\/Biaxial-Geogrids_2.jpg\",\"datePublished\":\"2023-08-08T13:39:57+00:00\",\"dateModified\":\"2025-04-11T09:56:37+00:00\",\"description\":\"SOLUCIONES EN GEOSINT\u00c9TICOS Descarga nuestro brochure de Geosint\u00e9ticos&nbsp;Descarga Cont\u00e1ctanos hoy mismo y optimiza tus proyectos con nuestras\",\"inLanguage\":\"es-ES\",\"potentialAction\":[{\"@type\":\"ReadAction\",\"target\":[\"https:\/\/www.maccaferri.com\/latam\/soluciones-gsy-rd\/\"]}]},{\"@type\":\"ImageObject\",\"inLanguage\":\"es-ES\",\"@id\":\"https:\/\/www.maccaferri.com\/latam\/soluciones-gsy-rd\/#primaryimage\",\"url\":\"https:\/\/www.maccaferri.com\/latam\/wp-content\/uploads\/2022\/12\/Biaxial-Geogrids_2.jpg\",\"contentUrl\":\"https:\/\/www.maccaferri.com\/latam\/wp-content\/uploads\/2022\/12\/Biaxial-Geogrids_2.jpg\",\"width\":1084,\"height\":813},{\"@type\":\"WebSite\",\"@id\":\"https:\/\/www.maccaferri.com\/latam\/#website\",\"url\":\"https:\/\/www.maccaferri.com\/latam\/\",\"name\":\"Maccaferri Latam\",\"description\":\"\",\"publisher\":{\"@id\":\"https:\/\/www.maccaferri.com\/latam\/#organization\"},\"potentialAction\":[{\"@type\":\"SearchAction\",\"target\":{\"@type\":\"EntryPoint\",\"urlTemplate\":\"https:\/\/www.maccaferri.com\/latam\/?s={search_term_string}\"},\"query-input\":{\"@type\":\"PropertyValueSpecification\",\"valueRequired\":true,\"valueName\":\"search_term_string\"}}],\"inLanguage\":\"es-ES\"},{\"@type\":\"Organization\",\"@id\":\"https:\/\/www.maccaferri.com\/latam\/#organization\",\"name\":\"Maccaferri Latam\",\"url\":\"https:\/\/www.maccaferri.com\/latam\/\",\"logo\":{\"@type\":\"ImageObject\",\"inLanguage\":\"es-ES\",\"@id\":\"https:\/\/www.maccaferri.com\/latam\/#\/schema\/logo\/image\/\",\"url\":\"https:\/\/www.maccaferri.com\/latam\/wp-content\/uploads\/2022\/07\/logo-maccaferri.png\",\"contentUrl\":\"https:\/\/www.maccaferri.com\/latam\/wp-content\/uploads\/2022\/07\/logo-maccaferri.png\",\"width\":152,\"height\":32,\"caption\":\"Maccaferri Latam\"},\"image\":{\"@id\":\"https:\/\/www.maccaferri.com\/latam\/#\/schema\/logo\/image\/\"}}]}<\/script>\n<!-- \/ Yoast SEO Premium plugin. -->","yoast_head_json":{"title":"SOLUCIONES GSY - RD - Maccaferri Latam","description":"SOLUCIONES EN GEOSINT\u00c9TICOS Descarga nuestro brochure de Geosint\u00e9ticos&nbsp;Descarga Cont\u00e1ctanos hoy mismo y optimiza tus proyectos con nuestras","robots":{"index":"index","follow":"follow","max-snippet":"max-snippet:-1","max-image-preview":"max-image-preview:large","max-video-preview":"max-video-preview:-1"},"canonical":"https:\/\/www.maccaferri.com\/latam\/soluciones-gsy-rd\/","og_locale":"es_ES","og_type":"article","og_title":"SOLUCIONES GSY - RD - Maccaferri Latam","og_description":"SOLUCIONES EN GEOSINT\u00c9TICOS Descarga nuestro brochure de Geosint\u00e9ticos&nbsp;Descarga Cont\u00e1ctanos hoy mismo y optimiza tus proyectos con nuestras","og_url":"https:\/\/www.maccaferri.com\/latam\/soluciones-gsy-rd\/","og_site_name":"Maccaferri Latam","article_modified_time":"2025-04-11T09:56:37+00:00","og_image":[{"url":"https:\/\/www.maccaferri.com\/latam\/wp-content\/uploads\/2022\/12\/Biaxial-Geogrids_2.jpg","type":"","width":"","height":""}],"twitter_card":"summary_large_image","twitter_misc":{"Est. reading time":"2 minutes"},"schema":{"@context":"https:\/\/schema.org","@graph":[{"@type":"WebPage","@id":"https:\/\/www.maccaferri.com\/latam\/soluciones-gsy-rd\/","url":"https:\/\/www.maccaferri.com\/latam\/soluciones-gsy-rd\/","name":"SOLUCIONES GSY - RD - Maccaferri Latam","isPartOf":{"@id":"https:\/\/www.maccaferri.com\/latam\/#website"},"primaryImageOfPage":{"@id":"https:\/\/www.maccaferri.com\/latam\/soluciones-gsy-rd\/#primaryimage"},"image":{"@id":"https:\/\/www.maccaferri.com\/latam\/soluciones-gsy-rd\/#primaryimage"},"thumbnailUrl":"https:\/\/www.maccaferri.com\/latam\/wp-content\/uploads\/2022\/12\/Biaxial-Geogrids_2.jpg","datePublished":"2023-08-08T13:39:57+00:00","dateModified":"2025-04-11T09:56:37+00:00","description":"SOLUCIONES EN GEOSINT\u00c9TICOS Descarga nuestro brochure de Geosint\u00e9ticos&nbsp;Descarga Cont\u00e1ctanos hoy mismo y optimiza tus proyectos con nuestras","inLanguage":"es-ES","potentialAction":[{"@type":"ReadAction","target":["https:\/\/www.maccaferri.com\/latam\/soluciones-gsy-rd\/"]}]},{"@type":"ImageObject","inLanguage":"es-ES","@id":"https:\/\/www.maccaferri.com\/latam\/soluciones-gsy-rd\/#primaryimage","url":"https:\/\/www.maccaferri.com\/latam\/wp-content\/uploads\/2022\/12\/Biaxial-Geogrids_2.jpg","contentUrl":"https:\/\/www.maccaferri.com\/latam\/wp-content\/uploads\/2022\/12\/Biaxial-Geogrids_2.jpg","width":1084,"height":813},{"@type":"WebSite","@id":"https:\/\/www.maccaferri.com\/latam\/#website","url":"https:\/\/www.maccaferri.com\/latam\/","name":"Maccaferri Latam","description":"","publisher":{"@id":"https:\/\/www.maccaferri.com\/latam\/#organization"},"potentialAction":[{"@type":"SearchAction","target":{"@type":"EntryPoint","urlTemplate":"https:\/\/www.maccaferri.com\/latam\/?s={search_term_string}"},"query-input":{"@type":"PropertyValueSpecification","valueRequired":true,"valueName":"search_term_string"}}],"inLanguage":"es-ES"},{"@type":"Organization","@id":"https:\/\/www.maccaferri.com\/latam\/#organization","name":"Maccaferri Latam","url":"https:\/\/www.maccaferri.com\/latam\/","logo":{"@type":"ImageObject","inLanguage":"es-ES","@id":"https:\/\/www.maccaferri.com\/latam\/#\/schema\/logo\/image\/","url":"https:\/\/www.maccaferri.com\/latam\/wp-content\/uploads\/2022\/07\/logo-maccaferri.png","contentUrl":"https:\/\/www.maccaferri.com\/latam\/wp-content\/uploads\/2022\/07\/logo-maccaferri.png","width":152,"height":32,"caption":"Maccaferri Latam"},"image":{"@id":"https:\/\/www.maccaferri.com\/latam\/#\/schema\/logo\/image\/"}}]}},"_links":{"self":[{"href":"https:\/\/www.maccaferri.com\/latam\/wp-json\/wp\/v2\/pages\/52320","targetHints":{"allow":["GET"]}}],"collection":[{"href":"https:\/\/www.maccaferri.com\/latam\/wp-json\/wp\/v2\/pages"}],"about":[{"href":"https:\/\/www.maccaferri.com\/latam\/wp-json\/wp\/v2\/types\/page"}],"author":[{"embeddable":true,"href":"https:\/\/www.maccaferri.com\/latam\/wp-json\/wp\/v2\/users\/20"}],"replies":[{"embeddable":true,"href":"https:\/\/www.maccaferri.com\/latam\/wp-json\/wp\/v2\/comments?post=52320"}],"version-history":[{"count":14,"href":"https:\/\/www.maccaferri.com\/latam\/wp-json\/wp\/v2\/pages\/52320\/revisions"}],"predecessor-version":[{"id":66872,"href":"https:\/\/www.maccaferri.com\/latam\/wp-json\/wp\/v2\/pages\/52320\/revisions\/66872"}],"wp:attachment":[{"href":"https:\/\/www.maccaferri.com\/latam\/wp-json\/wp\/v2\/media?parent=52320"}],"curies":[{"name":"wp","href":"https:\/\/api.w.org\/{rel}","templated":true}]}}