{"id":17857,"date":"2023-06-29T20:37:03","date_gmt":"2023-06-29T18:37:03","guid":{"rendered":"https:\/\/www.maccaferri.com\/latam\/?page_id=17857"},"modified":"2025-04-11T11:13:29","modified_gmt":"2025-04-11T09:13:29","slug":"gt","status":"publish","type":"page","link":"https:\/\/www.maccaferri.com\/latam\/gt\/","title":{"rendered":"MACCAFERRI DE GUATEMALA"},"content":{"rendered":"<div class=\"wp-block-mac-h1-title-hero-block container-fluid block-txt-container\" style=\"background:linear-gradient(180deg,rgb(1,94,111) 0%,rgb(0,72,87) 100%)\"><div class=\"row\"><div class=\"col\"><div class=\"gts__picture\"><img decoding=\"async\" src=\"https:\/\/www.maccaferri.com\/latam\/wp-content\/uploads\/2023\/07\/MicrosoftTeams-image-1.jpg\" style=\"display:none\"\/><div class=\"gts__picture__image\" style=\"background-image:url(https:\/\/www.maccaferri.com\/latam\/wp-content\/uploads\/2023\/07\/MicrosoftTeams-image-1.jpg)\"><\/div><\/div><div class=\"container box-container\"><div class=\"row\"><div class=\"col title-box-txt\"><h1 class=\"wp-block-mac-h1-title-hero-block\" style=\"color:#ffffff;text-align:none\">MACCAFERRI DE GUATEMALA <\/h1><\/div><\/div><\/div><\/div><\/div><\/div><div class=\"wp-block-mac-container-block box-container\"><div class=\"wp-block-columns is-layout-flex wp-container-core-columns-is-layout-9d6595d7 wp-block-columns-is-layout-flex\"><div class=\"wp-block-column is-layout-flow wp-block-column-is-layout-flow\"><\/div><\/div><\/div><div class=\"wp-block-mac-container-block box-container\"><div class=\"wp-block-columns is-layout-flex wp-container-core-columns-is-layout-9d6595d7 wp-block-columns-is-layout-flex\"><div class=\"wp-block-column is-layout-flow wp-block-column-is-layout-flow\"><div class=\"container content-paragraph box-container\"><div class=\"row\"><div class=\"col-12 col-lg-12 col-xl-12 col-xxl-12\"><h6>M\u00e1s de 140 A\u00f1os Creando Soluciones Seguras, Innovadoras y Sostenibles | Maccaferri Guatemala  <\/h6><div class=\"content-txt\"><p><span class=\"TextRun SCXW268155323 BCX8\" lang=\"ES-MX\" xml:lang=\"ES-MX\" data-contrast=\"auto\"><span class=\"NormalTextRun SCXW268155323 BCX8\">En <\/span><\/span><strong><span class=\"TextRun SCXW268155323 BCX8\" lang=\"ES-MX\" xml:lang=\"ES-MX\" data-contrast=\"auto\"><span class=\"NormalTextRun SCXW268155323 BCX8\">Maccaferri<\/span><\/span><\/strong><span class=\"TextRun SCXW268155323 BCX8\" lang=\"ES-MX\" xml:lang=\"ES-MX\" data-contrast=\"auto\"><span class=\"NormalTextRun SCXW268155323 BCX8\">, somos l\u00edderes internacionales en el dise\u00f1o y desarrollo de <\/span><\/span><span class=\"TextRun SCXW268155323 BCX8\" lang=\"ES-MX\" xml:lang=\"ES-MX\" data-contrast=\"auto\"><span class=\"NormalTextRun SCXW268155323 BCX8\"><strong>soluciones avanzadas<\/strong> <strong>para construcci\u00f3n civil, geotecnia y medio ambiente<\/strong><\/span><\/span><span class=\"TextRun SCXW268155323 BCX8\" lang=\"ES-MX\" xml:lang=\"ES-MX\" data-contrast=\"auto\"><span class=\"NormalTextRun SCXW268155323 BCX8\">. Con m\u00e1s de <\/span><\/span><strong><span class=\"TextRun SCXW268155323 BCX8\" lang=\"ES-MX\" xml:lang=\"ES-MX\" data-contrast=\"auto\"><span class=\"NormalTextRun SCXW268155323 BCX8\">140 a\u00f1os de experiencia<\/span><\/span><\/strong><span class=\"TextRun SCXW268155323 BCX8\" lang=\"ES-MX\" xml:lang=\"ES-MX\" data-contrast=\"auto\"><span class=\"NormalTextRun SCXW268155323 BCX8\">, ofrecemos tecnolog\u00edas innovadoras que garantizan la <\/span><\/span><strong><span class=\"TextRun SCXW268155323 BCX8\" lang=\"ES-MX\" xml:lang=\"ES-MX\" data-contrast=\"auto\"><span class=\"NormalTextRun SCXW268155323 BCX8\">seguridad, estabilidad y sostenibilidad<\/span><\/span><\/strong><span class=\"TextRun SCXW268155323 BCX8\" lang=\"ES-MX\" xml:lang=\"ES-MX\" data-contrast=\"auto\"><span class=\"NormalTextRun SCXW268155323 BCX8\"> en cada proyecto.<\/span><\/span><\/p>\n<\/div><\/div><\/div><\/div><\/div><\/div><\/div><div style=\"height:57px\" aria-hidden=\"true\" class=\"wp-block-spacer\"><\/div><div class=\"wp-block-mac-container-block box-container\"><div class=\"wp-block-columns is-layout-flex wp-container-core-columns-is-layout-9d6595d7 wp-block-columns-is-layout-flex\"><div class=\"wp-block-column is-layout-flow wp-block-column-is-layout-flow\"><p class=\"has-text-align-center has-medium-font-size\">Conoce todas nuestras Soluciones<\/p><\/div><\/div>\n\n<div class=\"wp-block-buttons is-content-justification-center is-layout-flex wp-container-core-buttons-is-layout-16018d1d wp-block-buttons-is-layout-flex\"><div class=\"wp-block-button\"><a class=\"wp-block-button__link has-luminous-vivid-orange-background-color has-background wp-element-button\" href=\"https:\/\/www.maccaferri.com\/latam\/soluciones-dt-gt\/\">SOLUCIONES EN MALLA DOBLE TORSI\u00d3N (DT)<\/a><\/div>\n\n<div class=\"wp-block-button\"><a class=\"wp-block-button__link has-luminous-vivid-orange-background-color has-background wp-element-button\" href=\"https:\/\/www.maccaferri.com\/latam\/soluciones-gsy-gt\/\">sOLUCIONES EN gEOSINT\u00c9TICOS<\/a><\/div>\n\n<div class=\"wp-block-button\"><a class=\"wp-block-button__link has-luminous-vivid-orange-background-color has-background wp-element-button\" href=\"https:\/\/www.maccaferri.com\/latam\/soluciones-macro-gt\/\">SOLUCIONES PARA CONTROL DE CA\u00cdDA DE ROCAS<\/a><\/div><\/div><\/div><div class=\"wp-block-mac-banner-title-cta  box-container block-cta\" style=\"background:#015E6F\"><div class=\"container box-container\"><div class=\"row\"><div class=\"col-2 col-sm-2 col-md-2 col-lg-2 col-xl-2 col-xxl-2\"><div class=\"box-image\"><img decoding=\"async\" class=\"image\" src=\"https:\/\/www.maccaferri.com\/latam\/wp-content\/uploads\/2022\/11\/img-banner-software.png\" alt=\"Image\"\/><\/div><\/div><div class=\"col-7 col-sm-7 col-md-7 col-lg-7 col-xl-7 col-xxl-7\"><div class=\"banner-box-txt\" style=\"text-align:default\"><h4 class=\"title\">\u00a1Descarga aqu\u00ed nuestro Brochure de Soluciones Generales!&nbsp;<\/h4><\/div><\/div><div class=\"col-3 col-sm-3 col-md-3 col-lg-3 col-xl-3 col-xxl-3\"><div class=\"button-box-txt\"><a href=\"https:\/\/www.maccaferri.com\/latam\/download\/flyer-mx-panfleto-macguide-sp-mar21-pdf\/\" target=\"_blank\" class=\"buttonurl\" rel=\"noopener\"><span class=\"buttontext\">Descarga<\/span><\/a><\/div><\/div><\/div><\/div><\/div><div style=\"height:57px\" aria-hidden=\"true\" class=\"wp-block-spacer\"><\/div><div class=\"wp-block-mac-h4-title-block block-txt-container box-container\"><div class=\"row\"><div class=\"col title-box-txt\"><h5 style=\"color:#212429;text-align:center\">Solicita m\u00e1s informaci\u00f3n y haz tu proyecto realidad <\/h5><br><\/div><\/div><\/div><div class=\"wp-block-buttons has-custom-font-size has-medium-font-size is-content-justification-center is-layout-flex wp-container-core-buttons-is-layout-16018d1d wp-block-buttons-is-layout-flex\"><div class=\"wp-block-button has-custom-width wp-block-button__width-75\"><a class=\"wp-block-button__link wp-element-button\" href=\"https:\/\/wa.me\/50235728601\"><strong>Cont\u00e1ctanos ahora<\/strong>: <img decoding=\"async\" class=\"wp-image-6568\" style=\"width: 20px\" src=\"https:\/\/www.maccaferri.com\/latam\/wp-content\/uploads\/2023\/02\/whatsapp-logo-1-1-1019x1024-1.png\" alt=\"\"> WHATSAPP: <strong>+502 3572 8601<\/strong>y lleva tu proyecto al siguiente nivel con nuestra <strong>asesor\u00eda t\u00e9cnica especializada<\/strong>&nbsp;<\/a><\/div><\/div><div style=\"height:57px\" aria-hidden=\"true\" class=\"wp-block-spacer\"><\/div><div class=\"wp-block-mac-h4-title-block block-txt-container box-container\"><div class=\"row\"><div class=\"col title-box-txt\"><h5 style=\"color:#212429;text-align:center\">Solicita m\u00e1s informaci\u00f3n y haz tu proyecto realidad<\/h5><br><\/div><\/div><\/div><div class=\"wp-block-mac-container-block box-container\"><div class=\"wp-block-columns is-layout-flex wp-container-core-columns-is-layout-9d6595d7 wp-block-columns-is-layout-flex\"><div class=\"wp-block-column is-layout-flow wp-block-column-is-layout-flow\"><div class=\"container content-paragraph box-container\"><div class=\"row\"><div class=\"col-12 col-lg-12 col-xl-12 col-xxl-12\"><h6>Rellene el formulario para solicitar su Presupuesto \/ Asistencia t\u00e9cnica<\/h6><\/div><\/div><\/div>\n\n<iframe src=\"https:\/\/www2.maccaferri.com\/l\/965143\/2023-02-13\/5q2lqv\" width=\"100%\" height=\"700\" type=\"text\/html\" frameborder=\"0\" allowTransparency=\"true\" style=\"border: 0\" data-cookieconsent=\"ignore\"><\/iframe><\/div>\n\n<div class=\"wp-block-column is-layout-flow wp-block-column-is-layout-flow\"><div class=\"container content-paragraph box-container\"><div class=\"row\"><div class=\"col-12 col-lg-12 col-xl-12 col-xxl-12\"><h6>Cont\u00e1ctanos ahora y lleva tu proyecto al siguiente nivel con nuestra asesor\u00eda t\u00e9cnica especializada <\/h6><\/div><\/div><\/div>\n\n<div class=\"wp-block-buttons is-layout-flex wp-block-buttons-is-layout-flex\"><div class=\"wp-block-button is-style-fill aligncenter\"><a class=\"wp-block-button__link has-luminous-vivid-orange-background-color has-background wp-element-button\" href=\"https:\/\/wa.me\/50235728601\"><img decoding=\"async\" class=\"wp-image-6568\" style=\"width: 20px\" src=\"https:\/\/www.maccaferri.com\/latam\/wp-content\/uploads\/2023\/02\/whatsapp-logo-1-1-1019x1024-1.png\" alt=\"\"> WHATSAPP: <strong>+502 3572 8601<\/strong><\/a><\/div><\/div>\n\n<div class=\"wp-block-buttons is-content-justification-center is-layout-flex wp-container-core-buttons-is-layout-16018d1d wp-block-buttons-is-layout-flex\"><div class=\"wp-block-button\"><a class=\"wp-block-button__link wp-element-button\" href=\"tel:50222083535\">TelefonO: <strong>+<\/strong>&nbsp;<strong>502 2208 3535<\/strong><\/a><\/div><\/div>\n\n<div class=\"wp-block-buttons is-content-justification-center is-layout-flex wp-container-core-buttons-is-layout-16018d1d wp-block-buttons-is-layout-flex\"><div class=\"wp-block-button\"><a class=\"wp-block-button__link wp-element-button\" href=\"mailto:info.gt@maccaferri.com\">CORREO: <strong>info.GT@MACCAFERRI.COM<\/strong><\/a><\/div><\/div><\/div><\/div>\n\n<p class=\"has-text-align-center has-medium-font-size\"><\/p><\/div><div style=\"height:41px\" aria-hidden=\"true\" class=\"wp-block-spacer\"><\/div><p class=\"has-text-align-center has-medium-font-size\">Descubre m\u00e1s sobre el proceso constructivo del Sistema Terramesh\u00ae de 48 m de altura en Totonicap\u00e1n.&nbsp;&nbsp;<\/p><figure class=\"wp-block-image aligncenter size-large\"><a href=\"https:\/\/www.maccaferri.com\/latam\/download\/ch-rwsr-gt-estabilizacion-del-camino-en-totonicapan-rev2-aug23-es-pdf\/\"><img fetchpriority=\"high\" decoding=\"async\" width=\"1024\" height=\"576\" src=\"https:\/\/www.maccaferri.com\/latam\/wp-content\/uploads\/2025\/03\/0953c167-eb57-483b-8b03-ea6e99176b70-1-1024x576.jpg\" alt=\"\" class=\"wp-image-63332\" srcset=\"https:\/\/www.maccaferri.com\/latam\/wp-content\/uploads\/2025\/03\/0953c167-eb57-483b-8b03-ea6e99176b70-1-1024x576.jpg 1024w, https:\/\/www.maccaferri.com\/latam\/wp-content\/uploads\/2025\/03\/0953c167-eb57-483b-8b03-ea6e99176b70-1-300x169.jpg 300w, https:\/\/www.maccaferri.com\/latam\/wp-content\/uploads\/2025\/03\/0953c167-eb57-483b-8b03-ea6e99176b70-1-768x432.jpg 768w, https:\/\/www.maccaferri.com\/latam\/wp-content\/uploads\/2025\/03\/0953c167-eb57-483b-8b03-ea6e99176b70-1-1536x864.jpg 1536w, https:\/\/www.maccaferri.com\/latam\/wp-content\/uploads\/2025\/03\/0953c167-eb57-483b-8b03-ea6e99176b70-1-120x68.jpg 120w, https:\/\/www.maccaferri.com\/latam\/wp-content\/uploads\/2025\/03\/0953c167-eb57-483b-8b03-ea6e99176b70-1.jpg 1600w\" sizes=\"(max-width: 1024px) 100vw, 1024px\" \/><\/a><\/figure><div style=\"height:41px\" aria-hidden=\"true\" class=\"wp-block-spacer\"><\/div><div class=\"wp-block-buttons is-content-justification-center is-layout-flex wp-container-core-buttons-is-layout-16018d1d wp-block-buttons-is-layout-flex\"><div class=\"wp-block-button\"><a class=\"wp-block-button__link has-text-align-center wp-element-button\" href=\"https:\/\/www.maccaferri.com\/latam\/download\/ch-rwsr-gt-estabilizacion-del-camino-en-totonicapan-rev2-aug23-es-pdf\/\">\u00a1Descarga aqu\u00ed el Casos de \u00c9xito!&nbsp;<\/a><\/div><\/div><div style=\"height:31px\" aria-hidden=\"true\" class=\"wp-block-spacer\"><\/div>","protected":false},"excerpt":{"rendered":"<p>Solicita m\u00e1s informaci\u00f3n y haz tu proyecto realidad Solicita m\u00e1s informaci\u00f3n y haz tu proyecto realidad Descubre m\u00e1s sobre el proceso constructivo del Sistema Terramesh\u00ae de 48 m de altura en Totonicap\u00e1n.&nbsp;&nbsp;<\/p>\n","protected":false},"author":20,"featured_media":0,"parent":0,"menu_order":0,"comment_status":"closed","ping_status":"closed","template":"","meta":{"_acf_changed":false,"_joinchat":[],"footnotes":""},"class_list":["post-17857","page","type-page","status-publish","hentry"],"acf":{"uuid_products":"","product-documents":""},"yoast_head":"<!-- This site is optimized with the Yoast SEO Premium plugin v27.0 (Yoast SEO v27.0) - https:\/\/yoast.com\/product\/yoast-seo-premium-wordpress\/ -->\n<title>MACCAFERRI DE GUATEMALA - Maccaferri Latam<\/title>\n<meta name=\"description\" content=\"MACCAFERRI DE GUATEMALA Conoce todas nuestras Soluciones SOLUCIONES EN MALLA DOBLE TORSI\u00d3N (DT) sOLUCIONES EN gEOSINT\u00c9TICOS SOLUCIONES PARA CONTROL DE\" \/>\n<meta name=\"robots\" content=\"index, follow, max-snippet:-1, max-image-preview:large, max-video-preview:-1\" \/>\n<link rel=\"canonical\" href=\"https:\/\/www.maccaferri.com\/latam\/gt\/\" \/>\n<meta property=\"og:locale\" content=\"es_ES\" \/>\n<meta property=\"og:type\" content=\"article\" \/>\n<meta property=\"og:title\" content=\"MACCAFERRI DE GUATEMALA - Maccaferri Latam\" \/>\n<meta property=\"og:description\" content=\"MACCAFERRI DE GUATEMALA Conoce todas nuestras Soluciones SOLUCIONES EN MALLA DOBLE TORSI\u00d3N (DT) sOLUCIONES EN gEOSINT\u00c9TICOS SOLUCIONES PARA CONTROL DE\" \/>\n<meta property=\"og:url\" content=\"https:\/\/www.maccaferri.com\/latam\/gt\/\" \/>\n<meta property=\"og:site_name\" content=\"Maccaferri Latam\" \/>\n<meta property=\"article:modified_time\" content=\"2025-04-11T09:13:29+00:00\" \/>\n<meta property=\"og:image\" content=\"https:\/\/www.maccaferri.com\/latam\/wp-content\/uploads\/2023\/07\/MicrosoftTeams-image-1.jpg\" \/>\n<meta name=\"twitter:card\" content=\"summary_large_image\" \/>\n<meta name=\"twitter:label1\" content=\"Est. reading time\" \/>\n\t<meta name=\"twitter:data1\" content=\"2 minutes\" \/>\n<script type=\"application\/ld+json\" class=\"yoast-schema-graph\">{\"@context\":\"https:\/\/schema.org\",\"@graph\":[{\"@type\":\"WebPage\",\"@id\":\"https:\/\/www.maccaferri.com\/latam\/gt\/\",\"url\":\"https:\/\/www.maccaferri.com\/latam\/gt\/\",\"name\":\"MACCAFERRI DE GUATEMALA - Maccaferri Latam\",\"isPartOf\":{\"@id\":\"https:\/\/www.maccaferri.com\/latam\/#website\"},\"primaryImageOfPage\":{\"@id\":\"https:\/\/www.maccaferri.com\/latam\/gt\/#primaryimage\"},\"image\":{\"@id\":\"https:\/\/www.maccaferri.com\/latam\/gt\/#primaryimage\"},\"thumbnailUrl\":\"https:\/\/www.maccaferri.com\/latam\/wp-content\/uploads\/2023\/07\/MicrosoftTeams-image-1.jpg\",\"datePublished\":\"2023-06-29T18:37:03+00:00\",\"dateModified\":\"2025-04-11T09:13:29+00:00\",\"description\":\"MACCAFERRI DE GUATEMALA Conoce todas nuestras Soluciones SOLUCIONES EN MALLA DOBLE TORSI\u00d3N (DT) sOLUCIONES EN gEOSINT\u00c9TICOS SOLUCIONES PARA CONTROL DE\",\"inLanguage\":\"es-ES\",\"potentialAction\":[{\"@type\":\"ReadAction\",\"target\":[\"https:\/\/www.maccaferri.com\/latam\/gt\/\"]}]},{\"@type\":\"ImageObject\",\"inLanguage\":\"es-ES\",\"@id\":\"https:\/\/www.maccaferri.com\/latam\/gt\/#primaryimage\",\"url\":\"https:\/\/www.maccaferri.com\/latam\/wp-content\/uploads\/2023\/07\/MicrosoftTeams-image-1.jpg\",\"contentUrl\":\"https:\/\/www.maccaferri.com\/latam\/wp-content\/uploads\/2023\/07\/MicrosoftTeams-image-1.jpg\",\"width\":1915,\"height\":530},{\"@type\":\"WebSite\",\"@id\":\"https:\/\/www.maccaferri.com\/latam\/#website\",\"url\":\"https:\/\/www.maccaferri.com\/latam\/\",\"name\":\"Maccaferri Latam\",\"description\":\"\",\"publisher\":{\"@id\":\"https:\/\/www.maccaferri.com\/latam\/#organization\"},\"potentialAction\":[{\"@type\":\"SearchAction\",\"target\":{\"@type\":\"EntryPoint\",\"urlTemplate\":\"https:\/\/www.maccaferri.com\/latam\/?s={search_term_string}\"},\"query-input\":{\"@type\":\"PropertyValueSpecification\",\"valueRequired\":true,\"valueName\":\"search_term_string\"}}],\"inLanguage\":\"es-ES\"},{\"@type\":\"Organization\",\"@id\":\"https:\/\/www.maccaferri.com\/latam\/#organization\",\"name\":\"Maccaferri Latam\",\"url\":\"https:\/\/www.maccaferri.com\/latam\/\",\"logo\":{\"@type\":\"ImageObject\",\"inLanguage\":\"es-ES\",\"@id\":\"https:\/\/www.maccaferri.com\/latam\/#\/schema\/logo\/image\/\",\"url\":\"https:\/\/www.maccaferri.com\/latam\/wp-content\/uploads\/2022\/07\/logo-maccaferri.png\",\"contentUrl\":\"https:\/\/www.maccaferri.com\/latam\/wp-content\/uploads\/2022\/07\/logo-maccaferri.png\",\"width\":152,\"height\":32,\"caption\":\"Maccaferri Latam\"},\"image\":{\"@id\":\"https:\/\/www.maccaferri.com\/latam\/#\/schema\/logo\/image\/\"}}]}<\/script>\n<!-- \/ Yoast SEO Premium plugin. -->","yoast_head_json":{"title":"MACCAFERRI DE GUATEMALA - Maccaferri Latam","description":"MACCAFERRI DE GUATEMALA Conoce todas nuestras Soluciones SOLUCIONES EN MALLA DOBLE TORSI\u00d3N (DT) sOLUCIONES EN gEOSINT\u00c9TICOS SOLUCIONES PARA CONTROL DE","robots":{"index":"index","follow":"follow","max-snippet":"max-snippet:-1","max-image-preview":"max-image-preview:large","max-video-preview":"max-video-preview:-1"},"canonical":"https:\/\/www.maccaferri.com\/latam\/gt\/","og_locale":"es_ES","og_type":"article","og_title":"MACCAFERRI DE GUATEMALA - Maccaferri Latam","og_description":"MACCAFERRI DE GUATEMALA Conoce todas nuestras Soluciones SOLUCIONES EN MALLA DOBLE TORSI\u00d3N (DT) sOLUCIONES EN gEOSINT\u00c9TICOS SOLUCIONES PARA CONTROL DE","og_url":"https:\/\/www.maccaferri.com\/latam\/gt\/","og_site_name":"Maccaferri Latam","article_modified_time":"2025-04-11T09:13:29+00:00","og_image":[{"url":"https:\/\/www.maccaferri.com\/latam\/wp-content\/uploads\/2023\/07\/MicrosoftTeams-image-1.jpg","type":"","width":"","height":""}],"twitter_card":"summary_large_image","twitter_misc":{"Est. reading time":"2 minutes"},"schema":{"@context":"https:\/\/schema.org","@graph":[{"@type":"WebPage","@id":"https:\/\/www.maccaferri.com\/latam\/gt\/","url":"https:\/\/www.maccaferri.com\/latam\/gt\/","name":"MACCAFERRI DE GUATEMALA - Maccaferri Latam","isPartOf":{"@id":"https:\/\/www.maccaferri.com\/latam\/#website"},"primaryImageOfPage":{"@id":"https:\/\/www.maccaferri.com\/latam\/gt\/#primaryimage"},"image":{"@id":"https:\/\/www.maccaferri.com\/latam\/gt\/#primaryimage"},"thumbnailUrl":"https:\/\/www.maccaferri.com\/latam\/wp-content\/uploads\/2023\/07\/MicrosoftTeams-image-1.jpg","datePublished":"2023-06-29T18:37:03+00:00","dateModified":"2025-04-11T09:13:29+00:00","description":"MACCAFERRI DE GUATEMALA Conoce todas nuestras Soluciones SOLUCIONES EN MALLA DOBLE TORSI\u00d3N (DT) sOLUCIONES EN gEOSINT\u00c9TICOS SOLUCIONES PARA CONTROL DE","inLanguage":"es-ES","potentialAction":[{"@type":"ReadAction","target":["https:\/\/www.maccaferri.com\/latam\/gt\/"]}]},{"@type":"ImageObject","inLanguage":"es-ES","@id":"https:\/\/www.maccaferri.com\/latam\/gt\/#primaryimage","url":"https:\/\/www.maccaferri.com\/latam\/wp-content\/uploads\/2023\/07\/MicrosoftTeams-image-1.jpg","contentUrl":"https:\/\/www.maccaferri.com\/latam\/wp-content\/uploads\/2023\/07\/MicrosoftTeams-image-1.jpg","width":1915,"height":530},{"@type":"WebSite","@id":"https:\/\/www.maccaferri.com\/latam\/#website","url":"https:\/\/www.maccaferri.com\/latam\/","name":"Maccaferri Latam","description":"","publisher":{"@id":"https:\/\/www.maccaferri.com\/latam\/#organization"},"potentialAction":[{"@type":"SearchAction","target":{"@type":"EntryPoint","urlTemplate":"https:\/\/www.maccaferri.com\/latam\/?s={search_term_string}"},"query-input":{"@type":"PropertyValueSpecification","valueRequired":true,"valueName":"search_term_string"}}],"inLanguage":"es-ES"},{"@type":"Organization","@id":"https:\/\/www.maccaferri.com\/latam\/#organization","name":"Maccaferri Latam","url":"https:\/\/www.maccaferri.com\/latam\/","logo":{"@type":"ImageObject","inLanguage":"es-ES","@id":"https:\/\/www.maccaferri.com\/latam\/#\/schema\/logo\/image\/","url":"https:\/\/www.maccaferri.com\/latam\/wp-content\/uploads\/2022\/07\/logo-maccaferri.png","contentUrl":"https:\/\/www.maccaferri.com\/latam\/wp-content\/uploads\/2022\/07\/logo-maccaferri.png","width":152,"height":32,"caption":"Maccaferri Latam"},"image":{"@id":"https:\/\/www.maccaferri.com\/latam\/#\/schema\/logo\/image\/"}}]}},"_links":{"self":[{"href":"https:\/\/www.maccaferri.com\/latam\/wp-json\/wp\/v2\/pages\/17857","targetHints":{"allow":["GET"]}}],"collection":[{"href":"https:\/\/www.maccaferri.com\/latam\/wp-json\/wp\/v2\/pages"}],"about":[{"href":"https:\/\/www.maccaferri.com\/latam\/wp-json\/wp\/v2\/types\/page"}],"author":[{"embeddable":true,"href":"https:\/\/www.maccaferri.com\/latam\/wp-json\/wp\/v2\/users\/20"}],"replies":[{"embeddable":true,"href":"https:\/\/www.maccaferri.com\/latam\/wp-json\/wp\/v2\/comments?post=17857"}],"version-history":[{"count":34,"href":"https:\/\/www.maccaferri.com\/latam\/wp-json\/wp\/v2\/pages\/17857\/revisions"}],"predecessor-version":[{"id":66833,"href":"https:\/\/www.maccaferri.com\/latam\/wp-json\/wp\/v2\/pages\/17857\/revisions\/66833"}],"wp:attachment":[{"href":"https:\/\/www.maccaferri.com\/latam\/wp-json\/wp\/v2\/media?parent=17857"}],"curies":[{"name":"wp","href":"https:\/\/api.w.org\/{rel}","templated":true}]}}