{"id":83552,"date":"2023-02-20T12:29:24","date_gmt":"2023-02-20T11:29:24","guid":{"rendered":"https:\/\/www.maccaferri.com\/it\/?page_id=83552"},"modified":"2025-06-03T10:45:48","modified_gmt":"2025-06-03T08:45:48","slug":"fastmac","status":"publish","type":"page","link":"https:\/\/www.maccaferri.com\/it\/fastmac\/","title":{"rendered":"FastMac"},"content":{"rendered":"<div class=\"wp-block-mac-h1-title-hero-block container-fluid block-txt-container\" style=\"background:linear-gradient(180deg,rgb(1,94,111) 0%,rgb(0,72,87) 100%)\"><div class=\"row\"><div class=\"col\"><div class=\"gts__picture\"><img decoding=\"async\" src=\"https:\/\/www.maccaferri.com\/it\/wp-content\/uploads\/2025\/05\/FastMac_min-3.jpg\" style=\"display:none\"\/><div class=\"gts__picture__image\" style=\"background-image:url(https:\/\/www.maccaferri.com\/it\/wp-content\/uploads\/2025\/05\/FastMac_min-3.jpg)\"><\/div><\/div><div class=\"container box-container\"><div class=\"row\"><div class=\"col title-box-txt\"><h1 class=\"wp-block-mac-h1-title-hero-block\" style=\"color:#ffffff;text-align:none\">FastMac<\/h1><\/div><\/div><\/div><\/div><\/div><\/div><div class=\"wp-block-mac-container-block box-container\"><div class=\"wp-block-columns is-layout-flex wp-container-core-columns-is-layout-9d6595d7 wp-block-columns-is-layout-flex\"><div class=\"wp-block-column is-layout-flow wp-block-column-is-layout-flow\"><div class=\"container content-paragraph box-container\"><div class=\"row\"><div class=\"col-12 col-lg-12 col-xl-12 col-xxl-12\"><div class=\"content-txt\"><h2>Lo strumento pi\u00f9 rapido e semplice per installare Gabbioni, Reno Mattress Plus e Reti a Doppia Torsione.<\/h2>\n<\/div><\/div><\/div><\/div>\n\n<div class=\"wp-block-mac-container-block box-container\"><div class=\"wp-block-columns is-layout-flex wp-container-core-columns-is-layout-9d6595d7 wp-block-columns-is-layout-flex\"><div class=\"wp-block-column is-layout-flow wp-block-column-is-layout-flow\"><div class=\"container content-paragraph box-container\"><div class=\"row\"><div class=\"col-12 col-lg-12 col-xl-12 col-xxl-12\"><div class=\"content-txt\"><h4>Qualit\u00e0 veloce<\/h4>\n<\/div><\/div><\/div><\/div><\/div><\/div><\/div>\n\n<div class=\"wp-block-mac-container-block box-container\"><div class=\"wp-block-columns is-layout-flex wp-container-core-columns-is-layout-9d6595d7 wp-block-columns-is-layout-flex\"><div class=\"wp-block-column is-layout-flow wp-block-column-is-layout-flow\"><p>Assemblare Gabbioni e Reno Mattress non \u00e8 mai stato cos\u00ec semplice come con FastMac, un sistema di fissaggio pneumatico con punti metallici ad alta resistenza. FastMac garantisce un sistema rapido, sicuro e di qualit\u00e0 garantita per assemblare e collegare le unit\u00e0 tra loro. I punti metallici riducono drasticamente il tempo di assemblaggio e di installazione rispetto al filo di legatura tradizionale, con una capacit\u00e0 di installazione di oltre 65 graffe al minuto. Grazie a FastMac, l\u2019attivit\u00e0 di legatura pu\u00f2 essere fino a 8 volte pi\u00f9 veloce, permettendo un risparmio di tempo del 70%-80% sull\u2019installazione, a seconda del prodotto. Inoltre, le strutture in gabbioni e materassi Reno assemblate con i punti metallici presentano una maggiore durabilit\u00e0, con una vita utile di progetto pari a 120 anni, una resistenza pi\u00f9 elevata e uniforme, che si traduce in un miglioramento complessivo della qualit\u00e0.<\/p><\/div><\/div><\/div>\n\n<div class=\"wp-block-mac-container-block box-container\"><div class=\"wp-block-columns is-layout-flex wp-container-core-columns-is-layout-9d6595d7 wp-block-columns-is-layout-flex\"><div class=\"wp-block-column is-layout-flow wp-block-column-is-layout-flow\"><div class=\"container content-paragraph box-container\"><div class=\"row\"><div class=\"col-12 col-lg-12 col-xl-12 col-xxl-12\"><div class=\"content-txt\"><h4>La sfida dei 30 secondi<\/h4>\n<\/div><\/div><\/div><\/div><\/div><\/div><\/div>\n\n<div class=\"wp-block-mac-container-block box-container\"><div class=\"wp-block-columns is-layout-flex wp-container-core-columns-is-layout-9d6595d7 wp-block-columns-is-layout-flex\"><div class=\"wp-block-column is-layout-flow wp-block-column-is-layout-flow\"><p>Due reti, una fissata con punti metallici FastMac, l\u2019altra con filo di legatura. Quale sar\u00e0 pi\u00f9 veloce?<\/p><\/div><\/div><\/div><\/div><\/div><\/div><div class=\"wp-block-mac-container-block box-container\"><div class=\"wp-block-columns is-layout-flex wp-container-core-columns-is-layout-9d6595d7 wp-block-columns-is-layout-flex\"><div class=\"wp-block-column is-layout-flow wp-block-column-is-layout-flow\"><figure class=\"wp-block-video\"><video controls controlslist=\"nodownload\" poster=\"https:\/\/www.maccaferri.com\/it\/wp-content\/uploads\/2023\/02\/MicrosoftTeams-image-29.png\" src=\"https:\/\/www.maccaferri.com\/it\/wp-content\/uploads\/2023\/02\/Maccaferri_FastMac_v03.mp4\"><\/video><\/figure><\/div><\/div><\/div><div style=\"height:100px\" aria-hidden=\"true\" class=\"wp-block-spacer\"><\/div>","protected":false},"excerpt":{"rendered":"","protected":false},"author":6,"featured_media":0,"parent":0,"menu_order":0,"comment_status":"closed","ping_status":"closed","template":"","meta":{"_acf_changed":false,"_joinchat":[],"footnotes":""},"class_list":["post-83552","page","type-page","status-publish","hentry"],"acf":{"uuid_products":"","product-documents":""},"yoast_head":"<!-- This site is optimized with the Yoast SEO Premium plugin v27.0 (Yoast SEO v27.0) - https:\/\/yoast.com\/product\/yoast-seo-premium-wordpress\/ -->\n<title>FastMac - Maccaferri Italia<\/title>\n<meta name=\"description\" content=\"FastMac Assemblare Gabbioni e Reno Mattress non \u00e8 mai stato cos\u00ec semplice come con FastMac, un sistema di fissaggio pneumatico con punti metallici ad alta\" \/>\n<meta name=\"robots\" content=\"index, follow, max-snippet:-1, max-image-preview:large, max-video-preview:-1\" \/>\n<link rel=\"canonical\" href=\"https:\/\/www.maccaferri.com\/it\/fastmac\/\" \/>\n<meta property=\"og:locale\" content=\"it_IT\" \/>\n<meta property=\"og:type\" content=\"article\" \/>\n<meta property=\"og:title\" content=\"FastMac\" \/>\n<meta property=\"og:description\" content=\"FastMac Assemblare Gabbioni e Reno Mattress non \u00e8 mai stato cos\u00ec semplice come con FastMac, un sistema di fissaggio pneumatico con punti metallici ad alta\" \/>\n<meta property=\"og:url\" content=\"https:\/\/www.maccaferri.com\/it\/fastmac\/\" \/>\n<meta property=\"og:site_name\" content=\"Maccaferri Italia\" \/>\n<meta property=\"article:modified_time\" content=\"2025-06-03T08:45:48+00:00\" \/>\n<meta property=\"og:image\" content=\"https:\/\/www.maccaferri.com\/it\/wp-content\/uploads\/2025\/05\/FastMac_min-3.jpg\" \/>\n<meta name=\"twitter:card\" content=\"summary_large_image\" \/>\n<meta name=\"twitter:label1\" content=\"Tempo di lettura stimato\" \/>\n\t<meta name=\"twitter:data1\" content=\"1 minuto\" \/>\n<script type=\"application\/ld+json\" class=\"yoast-schema-graph\">{\"@context\":\"https:\/\/schema.org\",\"@graph\":[{\"@type\":\"WebPage\",\"@id\":\"https:\/\/www.maccaferri.com\/it\/fastmac\/\",\"url\":\"https:\/\/www.maccaferri.com\/it\/fastmac\/\",\"name\":\"FastMac - Maccaferri Italia\",\"isPartOf\":{\"@id\":\"https:\/\/www.maccaferri.com\/it\/#website\"},\"primaryImageOfPage\":{\"@id\":\"https:\/\/www.maccaferri.com\/it\/fastmac\/#primaryimage\"},\"image\":{\"@id\":\"https:\/\/www.maccaferri.com\/it\/fastmac\/#primaryimage\"},\"thumbnailUrl\":\"https:\/\/www.maccaferri.com\/it\/wp-content\/uploads\/2025\/05\/FastMac_min-3.jpg\",\"datePublished\":\"2023-02-20T11:29:24+00:00\",\"dateModified\":\"2025-06-03T08:45:48+00:00\",\"description\":\"FastMac Assemblare Gabbioni e Reno Mattress non \u00e8 mai stato cos\u00ec semplice come con FastMac, un sistema di fissaggio pneumatico con punti metallici ad alta\",\"breadcrumb\":{\"@id\":\"https:\/\/www.maccaferri.com\/it\/fastmac\/#breadcrumb\"},\"inLanguage\":\"it-IT\",\"potentialAction\":[{\"@type\":\"ReadAction\",\"target\":[\"https:\/\/www.maccaferri.com\/it\/fastmac\/\"]}]},{\"@type\":\"ImageObject\",\"inLanguage\":\"it-IT\",\"@id\":\"https:\/\/www.maccaferri.com\/it\/fastmac\/#primaryimage\",\"url\":\"https:\/\/www.maccaferri.com\/it\/wp-content\/uploads\/2025\/05\/FastMac_min-3.jpg\",\"contentUrl\":\"https:\/\/www.maccaferri.com\/it\/wp-content\/uploads\/2025\/05\/FastMac_min-3.jpg\",\"width\":1915,\"height\":530,\"caption\":\"xr:d:DAFZOvOAx8k:5,j:47121314557,t:23021615\"},{\"@type\":\"BreadcrumbList\",\"@id\":\"https:\/\/www.maccaferri.com\/it\/fastmac\/#breadcrumb\",\"itemListElement\":[{\"@type\":\"ListItem\",\"position\":1,\"name\":\"Home\",\"item\":\"https:\/\/www.maccaferri.com\/it\/\"},{\"@type\":\"ListItem\",\"position\":2,\"name\":\"FastMac\"}]},{\"@type\":\"WebSite\",\"@id\":\"https:\/\/www.maccaferri.com\/it\/#website\",\"url\":\"https:\/\/www.maccaferri.com\/it\/\",\"name\":\"Maccaferri Italia\",\"description\":\"\",\"publisher\":{\"@id\":\"https:\/\/www.maccaferri.com\/it\/#organization\"},\"potentialAction\":[{\"@type\":\"SearchAction\",\"target\":{\"@type\":\"EntryPoint\",\"urlTemplate\":\"https:\/\/www.maccaferri.com\/it\/?s={search_term_string}\"},\"query-input\":{\"@type\":\"PropertyValueSpecification\",\"valueRequired\":true,\"valueName\":\"search_term_string\"}}],\"inLanguage\":\"it-IT\"},{\"@type\":\"Organization\",\"@id\":\"https:\/\/www.maccaferri.com\/it\/#organization\",\"name\":\"Maccaferri Italia\",\"url\":\"https:\/\/www.maccaferri.com\/it\/\",\"logo\":{\"@type\":\"ImageObject\",\"inLanguage\":\"it-IT\",\"@id\":\"https:\/\/www.maccaferri.com\/it\/#\/schema\/logo\/image\/\",\"url\":\"https:\/\/www.maccaferri.com\/it\/wp-content\/uploads\/2022\/07\/logo-maccaferri.png\",\"contentUrl\":\"https:\/\/www.maccaferri.com\/it\/wp-content\/uploads\/2022\/07\/logo-maccaferri.png\",\"width\":152,\"height\":32,\"caption\":\"Maccaferri Italia\"},\"image\":{\"@id\":\"https:\/\/www.maccaferri.com\/it\/#\/schema\/logo\/image\/\"}}]}<\/script>\n<!-- \/ Yoast SEO Premium plugin. -->","yoast_head_json":{"title":"FastMac - Maccaferri Italia","description":"FastMac Assemblare Gabbioni e Reno Mattress non \u00e8 mai stato cos\u00ec semplice come con FastMac, un sistema di fissaggio pneumatico con punti metallici ad alta","robots":{"index":"index","follow":"follow","max-snippet":"max-snippet:-1","max-image-preview":"max-image-preview:large","max-video-preview":"max-video-preview:-1"},"canonical":"https:\/\/www.maccaferri.com\/it\/fastmac\/","og_locale":"it_IT","og_type":"article","og_title":"FastMac","og_description":"FastMac Assemblare Gabbioni e Reno Mattress non \u00e8 mai stato cos\u00ec semplice come con FastMac, un sistema di fissaggio pneumatico con punti metallici ad alta","og_url":"https:\/\/www.maccaferri.com\/it\/fastmac\/","og_site_name":"Maccaferri Italia","article_modified_time":"2025-06-03T08:45:48+00:00","og_image":[{"url":"https:\/\/www.maccaferri.com\/it\/wp-content\/uploads\/2025\/05\/FastMac_min-3.jpg","type":"","width":"","height":""}],"twitter_card":"summary_large_image","twitter_misc":{"Tempo di lettura stimato":"1 minuto"},"schema":{"@context":"https:\/\/schema.org","@graph":[{"@type":"WebPage","@id":"https:\/\/www.maccaferri.com\/it\/fastmac\/","url":"https:\/\/www.maccaferri.com\/it\/fastmac\/","name":"FastMac - Maccaferri Italia","isPartOf":{"@id":"https:\/\/www.maccaferri.com\/it\/#website"},"primaryImageOfPage":{"@id":"https:\/\/www.maccaferri.com\/it\/fastmac\/#primaryimage"},"image":{"@id":"https:\/\/www.maccaferri.com\/it\/fastmac\/#primaryimage"},"thumbnailUrl":"https:\/\/www.maccaferri.com\/it\/wp-content\/uploads\/2025\/05\/FastMac_min-3.jpg","datePublished":"2023-02-20T11:29:24+00:00","dateModified":"2025-06-03T08:45:48+00:00","description":"FastMac Assemblare Gabbioni e Reno Mattress non \u00e8 mai stato cos\u00ec semplice come con FastMac, un sistema di fissaggio pneumatico con punti metallici ad alta","breadcrumb":{"@id":"https:\/\/www.maccaferri.com\/it\/fastmac\/#breadcrumb"},"inLanguage":"it-IT","potentialAction":[{"@type":"ReadAction","target":["https:\/\/www.maccaferri.com\/it\/fastmac\/"]}]},{"@type":"ImageObject","inLanguage":"it-IT","@id":"https:\/\/www.maccaferri.com\/it\/fastmac\/#primaryimage","url":"https:\/\/www.maccaferri.com\/it\/wp-content\/uploads\/2025\/05\/FastMac_min-3.jpg","contentUrl":"https:\/\/www.maccaferri.com\/it\/wp-content\/uploads\/2025\/05\/FastMac_min-3.jpg","width":1915,"height":530,"caption":"xr:d:DAFZOvOAx8k:5,j:47121314557,t:23021615"},{"@type":"BreadcrumbList","@id":"https:\/\/www.maccaferri.com\/it\/fastmac\/#breadcrumb","itemListElement":[{"@type":"ListItem","position":1,"name":"Home","item":"https:\/\/www.maccaferri.com\/it\/"},{"@type":"ListItem","position":2,"name":"FastMac"}]},{"@type":"WebSite","@id":"https:\/\/www.maccaferri.com\/it\/#website","url":"https:\/\/www.maccaferri.com\/it\/","name":"Maccaferri Italia","description":"","publisher":{"@id":"https:\/\/www.maccaferri.com\/it\/#organization"},"potentialAction":[{"@type":"SearchAction","target":{"@type":"EntryPoint","urlTemplate":"https:\/\/www.maccaferri.com\/it\/?s={search_term_string}"},"query-input":{"@type":"PropertyValueSpecification","valueRequired":true,"valueName":"search_term_string"}}],"inLanguage":"it-IT"},{"@type":"Organization","@id":"https:\/\/www.maccaferri.com\/it\/#organization","name":"Maccaferri Italia","url":"https:\/\/www.maccaferri.com\/it\/","logo":{"@type":"ImageObject","inLanguage":"it-IT","@id":"https:\/\/www.maccaferri.com\/it\/#\/schema\/logo\/image\/","url":"https:\/\/www.maccaferri.com\/it\/wp-content\/uploads\/2022\/07\/logo-maccaferri.png","contentUrl":"https:\/\/www.maccaferri.com\/it\/wp-content\/uploads\/2022\/07\/logo-maccaferri.png","width":152,"height":32,"caption":"Maccaferri Italia"},"image":{"@id":"https:\/\/www.maccaferri.com\/it\/#\/schema\/logo\/image\/"}}]}},"_links":{"self":[{"href":"https:\/\/www.maccaferri.com\/it\/wp-json\/wp\/v2\/pages\/83552","targetHints":{"allow":["GET"]}}],"collection":[{"href":"https:\/\/www.maccaferri.com\/it\/wp-json\/wp\/v2\/pages"}],"about":[{"href":"https:\/\/www.maccaferri.com\/it\/wp-json\/wp\/v2\/types\/page"}],"author":[{"embeddable":true,"href":"https:\/\/www.maccaferri.com\/it\/wp-json\/wp\/v2\/users\/6"}],"replies":[{"embeddable":true,"href":"https:\/\/www.maccaferri.com\/it\/wp-json\/wp\/v2\/comments?post=83552"}],"version-history":[{"count":3,"href":"https:\/\/www.maccaferri.com\/it\/wp-json\/wp\/v2\/pages\/83552\/revisions"}],"predecessor-version":[{"id":93600,"href":"https:\/\/www.maccaferri.com\/it\/wp-json\/wp\/v2\/pages\/83552\/revisions\/93600"}],"wp:attachment":[{"href":"https:\/\/www.maccaferri.com\/it\/wp-json\/wp\/v2\/media?parent=83552"}],"curies":[{"name":"wp","href":"https:\/\/api.w.org\/{rel}","templated":true}]}}