{"id":83333,"date":"2024-02-14T17:07:41","date_gmt":"2024-02-14T16:07:41","guid":{"rendered":"https:\/\/www.maccaferri.com\/it\/?page_id=83333"},"modified":"2025-09-09T13:58:48","modified_gmt":"2025-09-09T11:58:48","slug":"defence-security","status":"publish","type":"page","link":"https:\/\/www.maccaferri.com\/it\/defence-security\/","title":{"rendered":"Defence and Security"},"content":{"rendered":"<div class=\"wp-block-mac-slider-hero-block hero-slider\"><div id=\"hero13\" class=\"carousel slide\" data-bs-ride=\"true\"><ol class=\"carousel-indicators box-container\"><li data-bs-target=\"#hero13\" data-bs-slide-to=\"0\" class=\"active\"><\/li><\/ol><div class=\"carousel-inner\"><div class=\"carousel-item active\"><div class=\"hero\"><div class=\"gts__picture\"><img decoding=\"async\" src=\"https:\/\/www.maccaferri.com\/it\/wp-content\/uploads\/2024\/10\/perimetro-dettaglio-light.jpg\" style=\"display:none\"\/><div class=\"gts__picture__image\" style=\"background-image:url(https:\/\/www.maccaferri.com\/it\/wp-content\/uploads\/2024\/10\/perimetro-dettaglio-light.jpg)\"><\/div><\/div><div class=\"container box-container\"><div class=\"row\"><div class=\"col-12 col-lg-6 col-xl-6 col-xxl-6\"><p><span class=\"hero-index\" style=\"display:none\">0<\/span><\/p><h2 class=\"hero-text-container\"><span class=\"hero-text\">DIFESA E <br>SICUREZZA<\/span><\/h2><a class=\"hero-buttonurl\" href=\"#download\"><span class=\"hero-buttontext\">Area di download qui<\/span><\/a><\/div><\/div><\/div><\/div><\/div><\/div><button class=\"carousel-control-prev\" href=\"#hero13\" type=\"button\" data-bs-slide=\"prev\"><span class=\"carousel-control-prev-icon\" aria-hidden=\"true\"><\/span><span class=\"visually-hidden\">Previous<\/span><\/button><button class=\"carousel-control-next\" href=\"#hero13\" type=\"button\" data-bs-slide=\"next\"><span class=\"carousel-control-next-icon\" aria-hidden=\"true\"><\/span><span class=\"visually-hidden\">Next<\/span><\/button><\/div><\/div><div style=\"height:30px\" aria-hidden=\"true\" class=\"wp-block-spacer\"><\/div><div class=\"wp-block-mac-container-block box-container\"><div class=\"wp-block-columns is-layout-flex wp-container-core-columns-is-layout-9d6595d7 wp-block-columns-is-layout-flex\"><div class=\"wp-block-column is-layout-flow wp-block-column-is-layout-flow\"><h2 class=\"wp-block-heading has-text-color has-link-color wp-elements-4991b1c933e2ffa7b76dfc4e2326de26\" style=\"color:#034e51;font-size:30px\"><strong>DAI GABBIONI WWI ALLA SICUREZZA MODERNA, MACCAFERRI INNOVA PER LA PROTEZIONE<\/strong><\/h2>\n\n<p class=\"has-medium-font-size\">Da oltre un secolo, Maccaferri \u00e8 un pioniere nell\u2019innovazione della difesa, a partire dalla reinvenzione dei gabbioni durante la Prima Guerra Mondiale. Evolvendosi per affrontare le sfide moderne, l\u2019esperienza dell\u2019azienda si estende a soluzioni per difendersi da inondazioni e rischi naturali, balistica ed esplosioni e, pi\u00f9 recentemente, attacchi terroristici. L\u2019eredit\u00e0 duratura di oltre 100 anni di Maccaferri riflette il suo impegno costante nello sviluppare soluzioni avanzate di difesa per un futuro pi\u00f9 sicuro.<\/p><\/div><\/div><\/div><div class=\"wp-block-mac-container-block box-container\"><div class=\"wp-block-columns is-layout-flex wp-container-core-columns-is-layout-9d6595d7 wp-block-columns-is-layout-flex\"><div class=\"wp-block-column is-layout-flow wp-block-column-is-layout-flow\"><figure class=\"wp-block-image size-full\"><img decoding=\"async\" src=\"https:\/\/www.maccaferri.com\/wp-content\/uploads\/2024\/03\/Confronto1-Passato-edited.jpg\" alt=\"\" class=\"wp-image-64128\"\/><\/figure><\/div>\n\n<div class=\"wp-block-column is-layout-flow wp-block-column-is-layout-flow\"><figure class=\"wp-block-image size-full\"><img decoding=\"async\" src=\"https:\/\/www.maccaferri.com\/wp-content\/uploads\/2024\/03\/Defence_Security-min.png\" alt=\"\" class=\"wp-image-64419\"\/><\/figure><\/div><\/div><\/div><div style=\"height:50px\" aria-hidden=\"true\" class=\"wp-block-spacer\"><\/div><div class=\"wp-block-mac-container-block box-container\"><div class=\"wp-block-columns is-layout-flex wp-container-core-columns-is-layout-9d6595d7 wp-block-columns-is-layout-flex\"><div class=\"wp-block-column is-layout-flow wp-block-column-is-layout-flow\"><h2 class=\"wp-block-heading has-text-color has-link-color wp-elements-0ff98a9fc5fc037fef67a48c4a872a22\" style=\"color:#034e51;font-size:30px\"><strong>LO SPETTRO DELLE OPERAZIONI<\/strong><\/h2>\n\n<p class=\"has-medium-font-size\">Con un secolo di esperienza in una vasta gamma di discipline, Maccaferri non solo fornisce prodotti di alta qualit\u00e0, ma si distingue anche come un partner capace e affidabile. La nostra azienda va oltre la semplice fornitura di soluzioni, offrendo un supporto a 360\u00b0 per soddisfare esigenze diverse.<\/p>\n\n<p class=\"has-medium-font-size\">I nostri EBS MAC, precedentemente noti come DefenCell MAC, sono realizzati secondo rigorosi standard militari riconosciuti e sono adatti a un\u2019ampia gamma di applicazioni nello spettro operativo, incluse pareti perimetrali EBS, barriere di controllo accessi e veicoli, postazioni di osservazione, rifugi e bunker, depositi di munizioni ed esplosivi, oltre a campi di addestramento.<\/p>\n\n<figure class=\"wp-block-image aligncenter size-full\"><img fetchpriority=\"high\" decoding=\"async\" width=\"1630\" height=\"656\" src=\"https:\/\/www.maccaferri.com\/it\/wp-content\/uploads\/2024\/10\/immagine-1-1.png\" alt=\"\" class=\"wp-image-79243\" srcset=\"https:\/\/www.maccaferri.com\/it\/wp-content\/uploads\/2024\/10\/immagine-1-1.png 1630w, https:\/\/www.maccaferri.com\/it\/wp-content\/uploads\/2024\/10\/immagine-1-1-300x121.png 300w, https:\/\/www.maccaferri.com\/it\/wp-content\/uploads\/2024\/10\/immagine-1-1-1024x412.png 1024w, https:\/\/www.maccaferri.com\/it\/wp-content\/uploads\/2024\/10\/immagine-1-1-768x309.png 768w, https:\/\/www.maccaferri.com\/it\/wp-content\/uploads\/2024\/10\/immagine-1-1-1536x618.png 1536w, https:\/\/www.maccaferri.com\/it\/wp-content\/uploads\/2024\/10\/immagine-1-1-120x48.png 120w\" sizes=\"(max-width: 1630px) 100vw, 1630px\" \/><\/figure><\/div><\/div><\/div><div style=\"height:50px\" aria-hidden=\"true\" class=\"wp-block-spacer\"><\/div><div class=\"wp-block-mac-container-block box-container\"><div class=\"wp-block-columns is-layout-flex wp-container-core-columns-is-layout-9d6595d7 wp-block-columns-is-layout-flex\"><div class=\"wp-block-column is-layout-flow wp-block-column-is-layout-flow\"><h2 class=\"wp-block-heading has-text-color has-link-color wp-elements-2c39b4f95b77d23ef00e25d3c2ffa657\" style=\"color:#034e51;font-size:30px\"><strong>IL NOSTRO PORTFOLIO<\/strong><\/h2>\n\n<p class=\"has-medium-font-size\"><\/p><\/div><\/div><\/div><div class=\"wp-block-mac-container-block box-container\"><div class=\"wp-block-columns is-layout-flex wp-container-core-columns-is-layout-9d6595d7 wp-block-columns-is-layout-flex\"><div class=\"wp-block-column is-layout-flow wp-block-column-is-layout-flow\"><div class=\"container-fluid carousel-image-gallery\">\n        <div class=\"row\">\n            <div id=\"carouselImageblock_adc614b449a8229c37956022493bd6a5\" class=\"carousel slide carouselImageGallery\" data-bs-ride=\"carousel\">\n                <!-- \/\/ Indicators -->\n                <ol class=\"carousel-indicators\">\n                                            <li data-bs-target=\"#carouselImageblock_adc614b449a8229c37956022493bd6a5\" data-bs-slide-to=\"0\" class=\"active\" aria-current=\"true\" aria-label=\"Slide\"><\/li>\n                                            <li data-bs-target=\"#carouselImageblock_adc614b449a8229c37956022493bd6a5\" data-bs-slide-to=\"1\" class=\"\" aria-current=\"true\" aria-label=\"Slide\"><\/li>\n                                            <li data-bs-target=\"#carouselImageblock_adc614b449a8229c37956022493bd6a5\" data-bs-slide-to=\"2\" class=\"\" aria-current=\"true\" aria-label=\"Slide\"><\/li>\n                                    <\/ol>\n\n                <div class=\"carousel-inner container\" role=\"listbox\">\n                                            <div class=\"carousel-item active\">\n                        <div class=\"col-12 col-lg-4 col-xl-4 col-xxl-4 space-mobile\">\n                            <div class=\"grid-item-wrapper\">\n                                <div class=\"img-responsive-wrapper\">\n                                    <div class=\"img-responsive\">\n                                        <div class=\"img-wrapper\"><img decoding=\"async\" src=\"https:\/\/www.maccaferri.com\/it\/wp-content\/uploads\/2025\/01\/Prodotto-Defence-FE-11.jpg\" alt=\"\" \/><\/div>\n                                    <\/div>\n                                <\/div>\n                                <div class=\"griditem-text-wrapper text-center\">\n                                    <p class=\"griditem-text text-center\">EBS MAC FE, una versione specializzata delle barriere difensive di Maccaferri, \u00e8 progettata per la protezione contro le inondazioni. Questo sistema modulare \u00e8 ideato per un rapido dispiegamento in situazioni di emergenza e pu\u00f2 essere integrato armoniosamente nei progetti paesaggistici per una protezione a lungo termine.\r\n<\/p>\n                   \n                                <\/div>\n                            <\/div>\n                        <\/div>\n                        <\/div>\n                                            <div class=\"carousel-item \">\n                        <div class=\"col-12 col-lg-4 col-xl-4 col-xxl-4 space-mobile\">\n                            <div class=\"grid-item-wrapper\">\n                                <div class=\"img-responsive-wrapper\">\n                                    <div class=\"img-responsive\">\n                                        <div class=\"img-wrapper\"><img decoding=\"async\" src=\"https:\/\/www.maccaferri.com\/it\/wp-content\/uploads\/2025\/01\/Prodotto-Defence-10.png\" alt=\"\" \/><\/div>\n                                    <\/div>\n                                <\/div>\n                                <div class=\"griditem-text-wrapper text-center\">\n                                    <p class=\"griditem-text text-center\">EBS MAC \u00e8 una struttura multicellulare sviluppata specificamente per fornire protezione contro una vasta gamma di munizioni, esplosivi e attacchi veicolari.\r\n<\/p>\n                   \n                                <\/div>\n                            <\/div>\n                        <\/div>\n                        <\/div>\n                                            <div class=\"carousel-item \">\n                        <div class=\"col-12 col-lg-4 col-xl-4 col-xxl-4 space-mobile\">\n                            <div class=\"grid-item-wrapper\">\n                                <div class=\"img-responsive-wrapper\">\n                                    <div class=\"img-responsive\">\n                                        <div class=\"img-wrapper\"><img decoding=\"async\" src=\"https:\/\/www.maccaferri.com\/it\/wp-content\/uploads\/2025\/01\/Prodotto-MacSafe-10.jpg\" alt=\"\" \/><\/div>\n                                    <\/div>\n                                <\/div>\n                                <div class=\"griditem-text-wrapper text-center\">\n                                    <p class=\"griditem-text text-center\">MacSafe\u00ae, un sistema avanzato per prevenire le incursioni di veicoli ostili, sviluppato da Maccaferri in risposta alla necessit\u00e0 di una protezione discreta ed efficace in luoghi pubblici.\r\n<\/p>\n                   \n                                <\/div>\n                            <\/div>\n                        <\/div>\n                        <\/div>\n                                    <\/div>\n            <\/div>\n\n        <\/div>\n    <\/div><\/div><\/div><\/div><div style=\"height:50px\" aria-hidden=\"true\" class=\"wp-block-spacer\"><\/div><div class=\"wp-block-mac-container-block box-container\"><div class=\"wp-block-columns is-layout-flex wp-container-core-columns-is-layout-9d6595d7 wp-block-columns-is-layout-flex\"><div class=\"wp-block-column is-layout-flow wp-block-column-is-layout-flow\"><h2 class=\"wp-block-heading has-text-color has-link-color wp-elements-9011853996858397f91f2bcf4d7c2e04\" style=\"color:#034e51;font-size:30px\"><strong>SCOPRI COME VENGONO INSTALLATI I NOSTRI EBS MAC!<\/strong><\/h2>\n\n<p class=\"has-medium-font-size\">Guarda ora il video sulla Difesa.<\/p>\n\n<figure class=\"wp-block-video\"><video height=\"800\" style=\"aspect-ratio: 678 \/ 800;\" width=\"678\" controls poster=\"https:\/\/www.maccaferri.com\/it\/wp-content\/uploads\/2024\/10\/Screenshot-2024-10-18-123914.png\" src=\"https:\/\/www.maccaferri.com\/it\/wp-content\/uploads\/2024\/10\/EBS-MAC.mp4\"><\/video><\/figure><\/div><\/div><\/div><div style=\"height:100px\" aria-hidden=\"true\" class=\"wp-block-spacer\"><\/div><div class=\"wp-block-mac-container-block box-container\"><div class=\"wp-block-columns is-layout-flex wp-container-core-columns-is-layout-9d6595d7 wp-block-columns-is-layout-flex\"><div class=\"wp-block-column is-layout-flow wp-block-column-is-layout-flow\"><h2 class=\"wp-block-heading has-text-color has-link-color wp-elements-c15c7c6719a6442980a914f9303bb78c\" style=\"color:#034e51;font-size:30px\"><strong>AREA DOWNLOAD<\/strong><\/h2>\n\n<p id=\"download\">Compila il modulo qui sotto per accedere al nostro materiale esclusivo su Difesa e Sicurezza.<\/p>\n\n<iframe src=\"https:\/\/www2.maccaferri.com\/l\/965143\/2025-07-02\/5v1c9q\" width=\"100%\" height=\"700\" type=\"text\/html\" frameborder=\"0\" allowTransparency=\"true\" style=\"border: 0\" data-cookieconsent=\"ignore\"><\/iframe><\/div><\/div><\/div><div style=\"height:100px\" aria-hidden=\"true\" class=\"wp-block-spacer\"><\/div>","protected":false},"excerpt":{"rendered":"","protected":false},"author":24301,"featured_media":0,"parent":0,"menu_order":0,"comment_status":"closed","ping_status":"closed","template":"","meta":{"_acf_changed":false,"_joinchat":[],"footnotes":""},"class_list":["post-83333","page","type-page","status-publish","hentry"],"acf":{"uuid_products":"","product-documents":""},"yoast_head":"<!-- This site is optimized with the Yoast SEO Premium plugin v27.0 (Yoast SEO v27.0) - https:\/\/yoast.com\/product\/yoast-seo-premium-wordpress\/ -->\n<title>Defence and Security - Maccaferri Italia<\/title>\n<meta name=\"description\" content=\"0DIFESA E SICUREZZAArea di download quiPreviousNext DAI GABBIONI WWI ALLA SICUREZZA MODERNA, MACCAFERRI INNOVA PER LA PROTEZIONE Da oltre un secolo,\" \/>\n<meta name=\"robots\" content=\"index, follow, max-snippet:-1, max-image-preview:large, max-video-preview:-1\" \/>\n<link rel=\"canonical\" href=\"https:\/\/www.maccaferri.com\/it\/defence-security\/\" \/>\n<meta property=\"og:locale\" content=\"it_IT\" \/>\n<meta property=\"og:type\" content=\"article\" \/>\n<meta property=\"og:title\" content=\"Defence and Security\" \/>\n<meta property=\"og:description\" content=\"0DIFESA E SICUREZZAArea di download quiPreviousNext DAI GABBIONI WWI ALLA SICUREZZA MODERNA, MACCAFERRI INNOVA PER LA PROTEZIONE Da oltre un secolo,\" \/>\n<meta property=\"og:url\" content=\"https:\/\/www.maccaferri.com\/it\/defence-security\/\" \/>\n<meta property=\"og:site_name\" content=\"Maccaferri Italia\" \/>\n<meta property=\"article:modified_time\" content=\"2025-09-09T11:58:48+00:00\" \/>\n<meta property=\"og:image\" content=\"https:\/\/www.maccaferri.com\/it\/wp-content\/uploads\/2024\/10\/perimetro-dettaglio-light.jpg\" \/>\n<meta name=\"twitter:card\" content=\"summary_large_image\" \/>\n<meta name=\"twitter:label1\" content=\"Tempo di lettura stimato\" \/>\n\t<meta name=\"twitter:data1\" content=\"2 minuti\" \/>\n<script type=\"application\/ld+json\" class=\"yoast-schema-graph\">{\"@context\":\"https:\/\/schema.org\",\"@graph\":[{\"@type\":\"WebPage\",\"@id\":\"https:\/\/www.maccaferri.com\/it\/defence-security\/\",\"url\":\"https:\/\/www.maccaferri.com\/it\/defence-security\/\",\"name\":\"Defence and Security - Maccaferri Italia\",\"isPartOf\":{\"@id\":\"https:\/\/www.maccaferri.com\/it\/#website\"},\"primaryImageOfPage\":{\"@id\":\"https:\/\/www.maccaferri.com\/it\/defence-security\/#primaryimage\"},\"image\":{\"@id\":\"https:\/\/www.maccaferri.com\/it\/defence-security\/#primaryimage\"},\"thumbnailUrl\":\"https:\/\/www.maccaferri.com\/it\/wp-content\/uploads\/2024\/10\/perimetro-dettaglio-light.jpg\",\"datePublished\":\"2024-02-14T16:07:41+00:00\",\"dateModified\":\"2025-09-09T11:58:48+00:00\",\"description\":\"0DIFESA E SICUREZZAArea di download quiPreviousNext DAI GABBIONI WWI ALLA SICUREZZA MODERNA, MACCAFERRI INNOVA PER LA PROTEZIONE Da oltre un secolo,\",\"breadcrumb\":{\"@id\":\"https:\/\/www.maccaferri.com\/it\/defence-security\/#breadcrumb\"},\"inLanguage\":\"it-IT\",\"potentialAction\":[{\"@type\":\"ReadAction\",\"target\":[\"https:\/\/www.maccaferri.com\/it\/defence-security\/\"]}]},{\"@type\":\"ImageObject\",\"inLanguage\":\"it-IT\",\"@id\":\"https:\/\/www.maccaferri.com\/it\/defence-security\/#primaryimage\",\"url\":\"https:\/\/www.maccaferri.com\/it\/wp-content\/uploads\/2024\/10\/perimetro-dettaglio-light.jpg\",\"contentUrl\":\"https:\/\/www.maccaferri.com\/it\/wp-content\/uploads\/2024\/10\/perimetro-dettaglio-light.jpg\",\"width\":1800,\"height\":1013},{\"@type\":\"BreadcrumbList\",\"@id\":\"https:\/\/www.maccaferri.com\/it\/defence-security\/#breadcrumb\",\"itemListElement\":[{\"@type\":\"ListItem\",\"position\":1,\"name\":\"Home\",\"item\":\"https:\/\/www.maccaferri.com\/it\/\"},{\"@type\":\"ListItem\",\"position\":2,\"name\":\"Defence and Security\"}]},{\"@type\":\"WebSite\",\"@id\":\"https:\/\/www.maccaferri.com\/it\/#website\",\"url\":\"https:\/\/www.maccaferri.com\/it\/\",\"name\":\"Maccaferri Italia\",\"description\":\"\",\"publisher\":{\"@id\":\"https:\/\/www.maccaferri.com\/it\/#organization\"},\"potentialAction\":[{\"@type\":\"SearchAction\",\"target\":{\"@type\":\"EntryPoint\",\"urlTemplate\":\"https:\/\/www.maccaferri.com\/it\/?s={search_term_string}\"},\"query-input\":{\"@type\":\"PropertyValueSpecification\",\"valueRequired\":true,\"valueName\":\"search_term_string\"}}],\"inLanguage\":\"it-IT\"},{\"@type\":\"Organization\",\"@id\":\"https:\/\/www.maccaferri.com\/it\/#organization\",\"name\":\"Maccaferri Italia\",\"url\":\"https:\/\/www.maccaferri.com\/it\/\",\"logo\":{\"@type\":\"ImageObject\",\"inLanguage\":\"it-IT\",\"@id\":\"https:\/\/www.maccaferri.com\/it\/#\/schema\/logo\/image\/\",\"url\":\"https:\/\/www.maccaferri.com\/it\/wp-content\/uploads\/2022\/07\/logo-maccaferri.png\",\"contentUrl\":\"https:\/\/www.maccaferri.com\/it\/wp-content\/uploads\/2022\/07\/logo-maccaferri.png\",\"width\":152,\"height\":32,\"caption\":\"Maccaferri Italia\"},\"image\":{\"@id\":\"https:\/\/www.maccaferri.com\/it\/#\/schema\/logo\/image\/\"}}]}<\/script>\n<!-- \/ Yoast SEO Premium plugin. -->","yoast_head_json":{"title":"Defence and Security - Maccaferri Italia","description":"0DIFESA E SICUREZZAArea di download quiPreviousNext DAI GABBIONI WWI ALLA SICUREZZA MODERNA, MACCAFERRI INNOVA PER LA PROTEZIONE Da oltre un secolo,","robots":{"index":"index","follow":"follow","max-snippet":"max-snippet:-1","max-image-preview":"max-image-preview:large","max-video-preview":"max-video-preview:-1"},"canonical":"https:\/\/www.maccaferri.com\/it\/defence-security\/","og_locale":"it_IT","og_type":"article","og_title":"Defence and Security","og_description":"0DIFESA E SICUREZZAArea di download quiPreviousNext DAI GABBIONI WWI ALLA SICUREZZA MODERNA, MACCAFERRI INNOVA PER LA PROTEZIONE Da oltre un secolo,","og_url":"https:\/\/www.maccaferri.com\/it\/defence-security\/","og_site_name":"Maccaferri Italia","article_modified_time":"2025-09-09T11:58:48+00:00","og_image":[{"url":"https:\/\/www.maccaferri.com\/it\/wp-content\/uploads\/2024\/10\/perimetro-dettaglio-light.jpg","type":"","width":"","height":""}],"twitter_card":"summary_large_image","twitter_misc":{"Tempo di lettura stimato":"2 minuti"},"schema":{"@context":"https:\/\/schema.org","@graph":[{"@type":"WebPage","@id":"https:\/\/www.maccaferri.com\/it\/defence-security\/","url":"https:\/\/www.maccaferri.com\/it\/defence-security\/","name":"Defence and Security - Maccaferri Italia","isPartOf":{"@id":"https:\/\/www.maccaferri.com\/it\/#website"},"primaryImageOfPage":{"@id":"https:\/\/www.maccaferri.com\/it\/defence-security\/#primaryimage"},"image":{"@id":"https:\/\/www.maccaferri.com\/it\/defence-security\/#primaryimage"},"thumbnailUrl":"https:\/\/www.maccaferri.com\/it\/wp-content\/uploads\/2024\/10\/perimetro-dettaglio-light.jpg","datePublished":"2024-02-14T16:07:41+00:00","dateModified":"2025-09-09T11:58:48+00:00","description":"0DIFESA E SICUREZZAArea di download quiPreviousNext DAI GABBIONI WWI ALLA SICUREZZA MODERNA, MACCAFERRI INNOVA PER LA PROTEZIONE Da oltre un secolo,","breadcrumb":{"@id":"https:\/\/www.maccaferri.com\/it\/defence-security\/#breadcrumb"},"inLanguage":"it-IT","potentialAction":[{"@type":"ReadAction","target":["https:\/\/www.maccaferri.com\/it\/defence-security\/"]}]},{"@type":"ImageObject","inLanguage":"it-IT","@id":"https:\/\/www.maccaferri.com\/it\/defence-security\/#primaryimage","url":"https:\/\/www.maccaferri.com\/it\/wp-content\/uploads\/2024\/10\/perimetro-dettaglio-light.jpg","contentUrl":"https:\/\/www.maccaferri.com\/it\/wp-content\/uploads\/2024\/10\/perimetro-dettaglio-light.jpg","width":1800,"height":1013},{"@type":"BreadcrumbList","@id":"https:\/\/www.maccaferri.com\/it\/defence-security\/#breadcrumb","itemListElement":[{"@type":"ListItem","position":1,"name":"Home","item":"https:\/\/www.maccaferri.com\/it\/"},{"@type":"ListItem","position":2,"name":"Defence and Security"}]},{"@type":"WebSite","@id":"https:\/\/www.maccaferri.com\/it\/#website","url":"https:\/\/www.maccaferri.com\/it\/","name":"Maccaferri Italia","description":"","publisher":{"@id":"https:\/\/www.maccaferri.com\/it\/#organization"},"potentialAction":[{"@type":"SearchAction","target":{"@type":"EntryPoint","urlTemplate":"https:\/\/www.maccaferri.com\/it\/?s={search_term_string}"},"query-input":{"@type":"PropertyValueSpecification","valueRequired":true,"valueName":"search_term_string"}}],"inLanguage":"it-IT"},{"@type":"Organization","@id":"https:\/\/www.maccaferri.com\/it\/#organization","name":"Maccaferri Italia","url":"https:\/\/www.maccaferri.com\/it\/","logo":{"@type":"ImageObject","inLanguage":"it-IT","@id":"https:\/\/www.maccaferri.com\/it\/#\/schema\/logo\/image\/","url":"https:\/\/www.maccaferri.com\/it\/wp-content\/uploads\/2022\/07\/logo-maccaferri.png","contentUrl":"https:\/\/www.maccaferri.com\/it\/wp-content\/uploads\/2022\/07\/logo-maccaferri.png","width":152,"height":32,"caption":"Maccaferri Italia"},"image":{"@id":"https:\/\/www.maccaferri.com\/it\/#\/schema\/logo\/image\/"}}]}},"_links":{"self":[{"href":"https:\/\/www.maccaferri.com\/it\/wp-json\/wp\/v2\/pages\/83333","targetHints":{"allow":["GET"]}}],"collection":[{"href":"https:\/\/www.maccaferri.com\/it\/wp-json\/wp\/v2\/pages"}],"about":[{"href":"https:\/\/www.maccaferri.com\/it\/wp-json\/wp\/v2\/types\/page"}],"author":[{"embeddable":true,"href":"https:\/\/www.maccaferri.com\/it\/wp-json\/wp\/v2\/users\/24301"}],"replies":[{"embeddable":true,"href":"https:\/\/www.maccaferri.com\/it\/wp-json\/wp\/v2\/comments?post=83333"}],"version-history":[{"count":7,"href":"https:\/\/www.maccaferri.com\/it\/wp-json\/wp\/v2\/pages\/83333\/revisions"}],"predecessor-version":[{"id":97323,"href":"https:\/\/www.maccaferri.com\/it\/wp-json\/wp\/v2\/pages\/83333\/revisions\/97323"}],"wp:attachment":[{"href":"https:\/\/www.maccaferri.com\/it\/wp-json\/wp\/v2\/media?parent=83333"}],"curies":[{"name":"wp","href":"https:\/\/api.w.org\/{rel}","templated":true}]}}