{"id":1401,"date":"2022-07-29T11:46:56","date_gmt":"2022-07-29T09:46:56","guid":{"rendered":"https:\/\/www.maccaferri.com\/it\/?page_id=1401"},"modified":"2025-01-07T12:25:30","modified_gmt":"2025-01-07T11:25:30","slug":"persone-e-carriere","status":"publish","type":"page","link":"https:\/\/www.maccaferri.com\/it\/persone-e-carriere\/","title":{"rendered":"Persone e Carriere"},"content":{"rendered":"<div class=\"wp-block-cover has-parallax rbc-is-hidden-on-mobile\" style=\"min-height:900px;aspect-ratio:unset;\"><span aria-hidden=\"true\" class=\"wp-block-cover__background has-background-dim-0 has-background-dim\"><\/span><div class=\"wp-block-cover__image-background wp-image-88730 has-parallax\" style=\"background-position:50% 50%;background-image:url(https:\/\/www.maccaferri.com\/wp-content\/uploads\/2024\/12\/maccaferri-people-careers.jpeg)\"><\/div><div class=\"wp-block-cover__inner-container is-layout-constrained wp-block-cover-is-layout-constrained\"><div class=\"wp-block-mac-container-block box-container\"><div class=\"wp-block-columns is-layout-flex wp-container-core-columns-is-layout-9d6595d7 wp-block-columns-is-layout-flex\"><div class=\"wp-block-column is-layout-flow wp-block-column-is-layout-flow\"><p class=\"has-text-align-left has-white-color has-text-color has-link-color wp-elements-c73908a76d4b26bb6d490a567e7867be\" style=\"font-size:80px\"><strong>Una rete<\/strong><\/p>\n\n<div style=\"height:30px\" aria-hidden=\"true\" class=\"wp-block-spacer\"><\/div>\n\n<p class=\"has-text-align-left has-white-color has-text-color has-link-color wp-elements-31da19b4d9575a76a4a79f37b222268c\" style=\"font-size:80px\"><strong>di innovatori<\/strong><\/p>\n\n<div style=\"height:406px\" aria-hidden=\"true\" class=\"wp-block-spacer\"><\/div><\/div><\/div><\/div>\n\n<div class=\"wp-block-mac-container-block box-container\"><div class=\"wp-block-columns is-layout-flex wp-container-core-columns-is-layout-9d6595d7 wp-block-columns-is-layout-flex\"><div class=\"wp-block-column is-layout-flow wp-block-column-is-layout-flow\"><\/div>\n\n<div class=\"wp-block-column is-layout-flow wp-block-column-is-layout-flow\"><\/div><\/div><\/div><\/div><\/div><div class=\"wp-block-cover rbc-is-hidden-on-wide rbc-is-hidden-on-desktop\" style=\"min-height:900px;aspect-ratio:unset;\"><span aria-hidden=\"true\" class=\"wp-block-cover__background has-background-dim-0 has-background-dim\"><\/span><img decoding=\"async\" class=\"wp-block-cover__image-background wp-image-88730\" alt=\"\" src=\"https:\/\/www.maccaferri.com\/wp-content\/uploads\/2024\/12\/maccaferri-people-careers.jpeg\" style=\"object-position:50% 48%\" data-object-fit=\"cover\" data-object-position=\"50% 48%\"\/><div class=\"wp-block-cover__inner-container is-layout-constrained wp-block-cover-is-layout-constrained\"><div class=\"wp-block-mac-container-block box-container\"><div class=\"wp-block-columns is-layout-flex wp-container-core-columns-is-layout-9d6595d7 wp-block-columns-is-layout-flex\"><div class=\"wp-block-column is-layout-flow wp-block-column-is-layout-flow\"><div style=\"height:30px\" aria-hidden=\"true\" class=\"wp-block-spacer\"><\/div>\n\n<h1 class=\"wp-block-heading has-x-large-font-size\"><strong>Una rete di innovatori<\/strong><\/h1>\n\n<div style=\"height:406px\" aria-hidden=\"true\" class=\"wp-block-spacer\"><\/div><\/div><\/div><\/div>\n\n<div class=\"wp-block-mac-container-block box-container\"><div class=\"wp-block-columns is-layout-flex wp-container-core-columns-is-layout-9d6595d7 wp-block-columns-is-layout-flex\"><div class=\"wp-block-column is-layout-flow wp-block-column-is-layout-flow\"><\/div>\n\n<div class=\"wp-block-column is-layout-flow wp-block-column-is-layout-flow\"><\/div><\/div><\/div><\/div><\/div><div style=\"height:100px\" aria-hidden=\"true\" class=\"wp-block-spacer\"><\/div><div class=\"wp-block-mac-container-block box-container\"><div class=\"wp-block-columns is-layout-flex wp-container-core-columns-is-layout-9d6595d7 wp-block-columns-is-layout-flex\"><div class=\"wp-block-column is-layout-flow wp-block-column-is-layout-flow\"><h2 class=\"wp-block-heading has-text-align-center has-text-color has-link-color has-large-font-size wp-elements-4f992473b475f7bc2fb62a7016dcc0ab\" style=\"color:#035d6f\"><strong>Siamo un team di oltre 3.000 persone unite dalla stessa missione: alimentare il mondo di domani con soluzioni sempre pi\u00f9 efficienti e sostenibili.<\/strong><\/h2>\n\n<div class=\"wp-block-columns is-layout-flex wp-container-core-columns-is-layout-9d6595d7 wp-block-columns-is-layout-flex\"><div class=\"wp-block-column is-layout-flow wp-block-column-is-layout-flow\" style=\"flex-basis:20%\"><\/div>\n\n<div class=\"wp-block-column is-layout-flow wp-block-column-is-layout-flow\"><div class=\"wp-block-buttons is-content-justification-center is-layout-flex wp-container-core-buttons-is-layout-16018d1d wp-block-buttons-is-layout-flex\"><div class=\"wp-block-button has-custom-width wp-block-button__width-75\"><a class=\"wp-block-button__link wp-element-button\" href=\"https:\/\/app.ncoreplat.com\/jobboard\/filters\/1436\/corporate\" target=\"_blank\" rel=\"noreferrer noopener\">SCOPRI LE POSIZIONI APERTE<\/a><\/div><\/div><\/div>\n\n<div class=\"wp-block-column is-layout-flow wp-block-column-is-layout-flow\"><div class=\"wp-block-buttons is-content-justification-center is-layout-flex wp-container-core-buttons-is-layout-16018d1d wp-block-buttons-is-layout-flex\"><div class=\"wp-block-button has-custom-width wp-block-button__width-75\"><a class=\"wp-block-button__link wp-element-button\" href=\"https:\/\/go0.it\/d8zKm\" target=\"_blank\" rel=\"noreferrer noopener\">CANDIDATURA SPONTANEA<\/a><\/div><\/div><\/div>\n\n<div class=\"wp-block-column is-layout-flow wp-block-column-is-layout-flow\" style=\"flex-basis:20%\"><\/div><\/div>\n\n<div class=\"wp-block-mac-container-block box-container\"><div style=\"height:100px\" aria-hidden=\"true\" class=\"wp-block-spacer\"><\/div>\n\n<div class=\"wp-block-columns is-layout-flex wp-container-core-columns-is-layout-9d6595d7 wp-block-columns-is-layout-flex\"><div class=\"wp-block-column is-vertically-aligned-center is-layout-flow wp-block-column-is-layout-flow\" style=\"flex-basis:40%\"><p style=\"font-size:25px\"><strong>Leadership globale<\/strong><\/p>\n\n<p class=\"has-medium-font-size\">Lavorare in Maccaferri significa far parte di un&#8217;azienda leader nell&#8217;ingegneria civile e ambientale. \u00c8 un ambiente stimolante dove puoi sviluppare continuamente nuove competenze e far emergere il tuo talento. Che tu abbia una laurea in ingegneria civile o ambientale, geologia o qualsiasi altro campo scientifico, Maccaferri ti offre l\u2019opportunit\u00e0 di mettere in pratica ci\u00f2 che hai studiato, affrontando alcuni dei progetti pi\u00f9 importanti al mondo.<\/p><\/div>\n\n<div class=\"wp-block-column is-layout-flow wp-block-column-is-layout-flow\" style=\"flex-basis:60%\"><figure class=\"wp-block-image size-full\"><img decoding=\"async\" src=\"https:\/\/www.maccaferri.com\/wp-content\/uploads\/2024\/12\/1-Leadership-globale-630x400-1.png\" alt=\"\" class=\"wp-image-88733\"\/><\/figure><\/div><\/div><\/div>\n\n<div class=\"wp-block-mac-container-block box-container\"><div style=\"height:100px\" aria-hidden=\"true\" class=\"wp-block-spacer\"><\/div>\n\n<div class=\"wp-block-columns is-layout-flex wp-container-core-columns-is-layout-9d6595d7 wp-block-columns-is-layout-flex\"><div class=\"wp-block-column is-layout-flow wp-block-column-is-layout-flow\" style=\"flex-basis:60%\"><figure class=\"wp-block-image size-full\"><img decoding=\"async\" src=\"https:\/\/www.maccaferri.com\/wp-content\/uploads\/2024\/12\/2-Latua-carriera-internazionale_BOX-1-550x380-1.png\" alt=\"\" class=\"wp-image-88774\"\/><\/figure><\/div>\n\n<div class=\"wp-block-column is-vertically-aligned-center is-layout-flow wp-block-column-is-layout-flow\" style=\"flex-basis:40%\"><p style=\"font-size:25px\"><strong>La tua carriera internazionale<\/strong><\/p>\n\n<p class=\"has-medium-font-size\">In Maccaferri, crediamo che ognuno debba avere l&#8217;opportunit\u00e0 di eccellere in base alle proprie qualit\u00e0 e ambizioni. Ogni giorno, circa un terzo del nostro team \u00e8 impegnato in cantieri in oltre 150 paesi.<\/p>\n\n<p class=\"has-medium-font-size\">Se cerchi un\u2019opportunit\u00e0 di carriera che combini crescita personale e curiosit\u00e0 di esplorare nuove culture, Maccaferri \u00e8 il posto giusto per te.<\/p><\/div><\/div><\/div>\n\n<div class=\"wp-block-mac-container-block box-container\"><div class=\"wp-block-columns is-layout-flex wp-container-core-columns-is-layout-9d6595d7 wp-block-columns-is-layout-flex\"><div class=\"wp-block-column is-layout-flow wp-block-column-is-layout-flow\" style=\"flex-basis:66.66%\"><figure class=\"wp-block-image alignright size-medium is-resized\"><img decoding=\"async\" src=\"https:\/\/www.maccaferri.com\/wp-content\/uploads\/2024\/12\/3-Latua-carriera-internazionale_BOX-2-444x200-2-300x135.png\" alt=\"\" class=\"wp-image-88781\" style=\"width:434px;height:auto\"\/><\/figure><\/div>\n\n<div class=\"wp-block-column is-layout-flow wp-block-column-is-layout-flow\" style=\"flex-basis:33.33%\"><\/div><\/div><\/div>\n\n<div style=\"height:100px\" aria-hidden=\"true\" class=\"wp-block-spacer\"><\/div><\/div><\/div><\/div><div class=\"wp-block-cover\"><span aria-hidden=\"true\" class=\"wp-block-cover__background has-background-dim-100 has-background-dim\" style=\"background-color:#035d6f\"><\/span><div class=\"wp-block-cover__inner-container is-layout-constrained wp-block-cover-is-layout-constrained\"><div class=\"wp-block-mac-container-block box-container\"><div style=\"height:100px\" aria-hidden=\"true\" class=\"wp-block-spacer\"><\/div>\n\n<div class=\"wp-block-columns is-layout-flex wp-container-core-columns-is-layout-9d6595d7 wp-block-columns-is-layout-flex\"><div class=\"wp-block-column is-vertically-aligned-center is-layout-flow wp-block-column-is-layout-flow\" style=\"flex-basis:40%\"><p style=\"font-size:25px\"><strong>Crediamo nel valore della diversit\u00e0\u2028<\/strong><\/p>\n\n<p class=\"has-medium-font-size\">Vediamo le differenze come un motore cruciale per l&#8217;innovazione. Maccaferri si impegna a creare un ambiente inclusivo dove tutti siano liberi di esprimersi.<\/p>\n\n<p class=\"has-medium-font-size\">Riconosciamo il lavoro ancora necessario per colmare il divario di genere nei settori STEM e siamo determinati ad aumentare la rappresentanza femminile in tutte le aree.<\/p><\/div>\n\n<div class=\"wp-block-column is-layout-flow wp-block-column-is-layout-flow\" style=\"flex-basis:60%\"><figure class=\"wp-block-image size-full\"><img decoding=\"async\" src=\"https:\/\/www.maccaferri.com\/wp-content\/uploads\/2024\/12\/4-Crediamo-nel-valore-630x400png.png\" alt=\"\" class=\"wp-image-88784\"\/><\/figure><\/div><\/div><\/div>\n\n<p class=\"has-text-align-center has-large-font-size\"><\/p><\/div><\/div><div style=\"height:40px\" aria-hidden=\"true\" class=\"wp-block-spacer\"><\/div><div class=\"wp-block-mac-h2-title-bold-block block-txt-container box-container\"><div class=\"row\"><div class=\"col title-box-txt\"><h2 style=\"color:#004857;text-align:center\">Conosci il nostro team<\/h2><\/div><\/div><\/div><div class=\"wp-block-mac-container-block box-container\"><div class=\"wp-block-columns is-layout-flex wp-container-core-columns-is-layout-9d6595d7 wp-block-columns-is-layout-flex\"><div class=\"wp-block-column is-layout-flow wp-block-column-is-layout-flow\"><\/div>\n\n<div class=\"wp-block-column is-layout-flow wp-block-column-is-layout-flow\"><\/div>\n\n<div class=\"wp-block-column is-layout-flow wp-block-column-is-layout-flow\"><\/div>\n\n<div class=\"wp-block-column is-layout-flow wp-block-column-is-layout-flow\"><\/div>\n\n<div class=\"wp-block-column is-layout-flow wp-block-column-is-layout-flow\"><\/div><\/div><\/div><div class=\"wp-block-mac-banner-title-cta  box-container block-cta\" style=\"background:#015E6F\"><div class=\"container box-container\"><div class=\"row\"><div class=\"col-2 col-sm-2 col-md-2 col-lg-2 col-xl-2 col-xxl-2\"><div class=\"box-image\"><img decoding=\"async\" class=\"image\" src=\"https:\/\/www.maccaferri.com\/wp-content\/uploads\/2022\/12\/apply.png\" alt=\"Image\"\/><\/div><\/div><div class=\"col-7 col-sm-7 col-md-7 col-lg-7 col-xl-7 col-xxl-7\"><div class=\"banner-box-txt\" style=\"text-align:center\"><h4 class=\"title\">Unisciti a noi!<\/h4><\/div><\/div><div class=\"col-3 col-sm-3 col-md-3 col-lg-3 col-xl-3 col-xxl-3\"><div class=\"button-box-txt\"><a href=\"https:\/\/app.ncoreplat.com\/jobboard\/filters\/1436\/corporate\" target=\"_blank\" class=\"buttonurl\" rel=\"noopener\"><span class=\"buttontext\">SCOPRI LE POSIZIONI APERTE<\/span><\/a><\/div><\/div><\/div><\/div><\/div><div style=\"height:100px\" aria-hidden=\"true\" class=\"wp-block-spacer\"><\/div>","protected":false},"excerpt":{"rendered":"","protected":false},"author":1,"featured_media":0,"parent":0,"menu_order":0,"comment_status":"closed","ping_status":"closed","template":"","meta":{"_acf_changed":false,"_joinchat":[],"footnotes":""},"class_list":["post-1401","page","type-page","status-publish","hentry"],"acf":{"uuid_products":"","product-documents":""},"yoast_head":"<!-- This site is optimized with the Yoast SEO Premium plugin v27.0 (Yoast SEO v27.0) - https:\/\/yoast.com\/product\/yoast-seo-premium-wordpress\/ -->\n<title>Persone e Carriere - Maccaferri Italia<\/title>\n<meta name=\"description\" content=\"Una rete di innovatori Una rete di innovatori Siamo un team di oltre 3.000 persone unite dalla stessa missione: alimentare il mondo di domani con\" \/>\n<meta name=\"robots\" content=\"index, follow, max-snippet:-1, max-image-preview:large, max-video-preview:-1\" \/>\n<link rel=\"canonical\" href=\"https:\/\/www.maccaferri.com\/it\/persone-e-carriere\/\" \/>\n<meta property=\"og:locale\" content=\"it_IT\" \/>\n<meta property=\"og:type\" content=\"article\" \/>\n<meta property=\"og:title\" content=\"Persone e Carriere\" \/>\n<meta property=\"og:description\" content=\"Una rete di innovatori Una rete di innovatori Siamo un team di oltre 3.000 persone unite dalla stessa missione: alimentare il mondo di domani con\" \/>\n<meta property=\"og:url\" content=\"https:\/\/www.maccaferri.com\/it\/persone-e-carriere\/\" \/>\n<meta property=\"og:site_name\" content=\"Maccaferri Italia\" \/>\n<meta property=\"article:modified_time\" content=\"2025-01-07T11:25:30+00:00\" \/>\n<meta property=\"og:image\" content=\"https:\/\/www.maccaferri.com\/it\/wp-content\/uploads\/2025\/03\/mejoramiento-de-suelo-con-geosinteticos-scaled.jpg\" \/>\n\t<meta property=\"og:image:width\" content=\"2560\" \/>\n\t<meta property=\"og:image:height\" content=\"1707\" \/>\n\t<meta property=\"og:image:type\" content=\"image\/jpeg\" \/>\n<meta name=\"twitter:card\" content=\"summary_large_image\" \/>\n<meta name=\"twitter:label1\" content=\"Tempo di lettura stimato\" \/>\n\t<meta name=\"twitter:data1\" content=\"3 minuti\" \/>\n<script type=\"application\/ld+json\" class=\"yoast-schema-graph\">{\"@context\":\"https:\/\/schema.org\",\"@graph\":[{\"@type\":\"WebPage\",\"@id\":\"https:\/\/www.maccaferri.com\/it\/persone-e-carriere\/\",\"url\":\"https:\/\/www.maccaferri.com\/it\/persone-e-carriere\/\",\"name\":\"Persone e Carriere - Maccaferri Italia\",\"isPartOf\":{\"@id\":\"https:\/\/www.maccaferri.com\/it\/#website\"},\"primaryImageOfPage\":{\"@id\":\"https:\/\/www.maccaferri.com\/it\/persone-e-carriere\/#primaryimage\"},\"image\":{\"@id\":\"https:\/\/www.maccaferri.com\/it\/persone-e-carriere\/#primaryimage\"},\"thumbnailUrl\":\"https:\/\/www.maccaferri.com\/wp-content\/uploads\/2024\/12\/maccaferri-people-careers.jpeg\",\"datePublished\":\"2022-07-29T09:46:56+00:00\",\"dateModified\":\"2025-01-07T11:25:30+00:00\",\"description\":\"Una rete di innovatori Una rete di innovatori Siamo un team di oltre 3.000 persone unite dalla stessa missione: alimentare il mondo di domani con\",\"breadcrumb\":{\"@id\":\"https:\/\/www.maccaferri.com\/it\/persone-e-carriere\/#breadcrumb\"},\"inLanguage\":\"it-IT\",\"potentialAction\":[{\"@type\":\"ReadAction\",\"target\":[\"https:\/\/www.maccaferri.com\/it\/persone-e-carriere\/\"]}]},{\"@type\":\"ImageObject\",\"inLanguage\":\"it-IT\",\"@id\":\"https:\/\/www.maccaferri.com\/it\/persone-e-carriere\/#primaryimage\",\"url\":\"https:\/\/www.maccaferri.com\/wp-content\/uploads\/2024\/12\/maccaferri-people-careers.jpeg\",\"contentUrl\":\"https:\/\/www.maccaferri.com\/wp-content\/uploads\/2024\/12\/maccaferri-people-careers.jpeg\"},{\"@type\":\"BreadcrumbList\",\"@id\":\"https:\/\/www.maccaferri.com\/it\/persone-e-carriere\/#breadcrumb\",\"itemListElement\":[{\"@type\":\"ListItem\",\"position\":1,\"name\":\"Home\",\"item\":\"https:\/\/www.maccaferri.com\/it\/\"},{\"@type\":\"ListItem\",\"position\":2,\"name\":\"Persone e Carriere\"}]},{\"@type\":\"WebSite\",\"@id\":\"https:\/\/www.maccaferri.com\/it\/#website\",\"url\":\"https:\/\/www.maccaferri.com\/it\/\",\"name\":\"Maccaferri Italia\",\"description\":\"\",\"publisher\":{\"@id\":\"https:\/\/www.maccaferri.com\/it\/#organization\"},\"potentialAction\":[{\"@type\":\"SearchAction\",\"target\":{\"@type\":\"EntryPoint\",\"urlTemplate\":\"https:\/\/www.maccaferri.com\/it\/?s={search_term_string}\"},\"query-input\":{\"@type\":\"PropertyValueSpecification\",\"valueRequired\":true,\"valueName\":\"search_term_string\"}}],\"inLanguage\":\"it-IT\"},{\"@type\":\"Organization\",\"@id\":\"https:\/\/www.maccaferri.com\/it\/#organization\",\"name\":\"Maccaferri Italia\",\"url\":\"https:\/\/www.maccaferri.com\/it\/\",\"logo\":{\"@type\":\"ImageObject\",\"inLanguage\":\"it-IT\",\"@id\":\"https:\/\/www.maccaferri.com\/it\/#\/schema\/logo\/image\/\",\"url\":\"https:\/\/www.maccaferri.com\/it\/wp-content\/uploads\/2022\/07\/logo-maccaferri.png\",\"contentUrl\":\"https:\/\/www.maccaferri.com\/it\/wp-content\/uploads\/2022\/07\/logo-maccaferri.png\",\"width\":152,\"height\":32,\"caption\":\"Maccaferri Italia\"},\"image\":{\"@id\":\"https:\/\/www.maccaferri.com\/it\/#\/schema\/logo\/image\/\"}}]}<\/script>\n<!-- \/ Yoast SEO Premium plugin. -->","yoast_head_json":{"title":"Persone e Carriere - Maccaferri Italia","description":"Una rete di innovatori Una rete di innovatori Siamo un team di oltre 3.000 persone unite dalla stessa missione: alimentare il mondo di domani con","robots":{"index":"index","follow":"follow","max-snippet":"max-snippet:-1","max-image-preview":"max-image-preview:large","max-video-preview":"max-video-preview:-1"},"canonical":"https:\/\/www.maccaferri.com\/it\/persone-e-carriere\/","og_locale":"it_IT","og_type":"article","og_title":"Persone e Carriere","og_description":"Una rete di innovatori Una rete di innovatori Siamo un team di oltre 3.000 persone unite dalla stessa missione: alimentare il mondo di domani con","og_url":"https:\/\/www.maccaferri.com\/it\/persone-e-carriere\/","og_site_name":"Maccaferri Italia","article_modified_time":"2025-01-07T11:25:30+00:00","og_image":[{"width":2560,"height":1707,"url":"https:\/\/www.maccaferri.com\/it\/wp-content\/uploads\/2025\/03\/mejoramiento-de-suelo-con-geosinteticos-scaled.jpg","type":"image\/jpeg"}],"twitter_card":"summary_large_image","twitter_misc":{"Tempo di lettura stimato":"3 minuti"},"schema":{"@context":"https:\/\/schema.org","@graph":[{"@type":"WebPage","@id":"https:\/\/www.maccaferri.com\/it\/persone-e-carriere\/","url":"https:\/\/www.maccaferri.com\/it\/persone-e-carriere\/","name":"Persone e Carriere - Maccaferri Italia","isPartOf":{"@id":"https:\/\/www.maccaferri.com\/it\/#website"},"primaryImageOfPage":{"@id":"https:\/\/www.maccaferri.com\/it\/persone-e-carriere\/#primaryimage"},"image":{"@id":"https:\/\/www.maccaferri.com\/it\/persone-e-carriere\/#primaryimage"},"thumbnailUrl":"https:\/\/www.maccaferri.com\/wp-content\/uploads\/2024\/12\/maccaferri-people-careers.jpeg","datePublished":"2022-07-29T09:46:56+00:00","dateModified":"2025-01-07T11:25:30+00:00","description":"Una rete di innovatori Una rete di innovatori Siamo un team di oltre 3.000 persone unite dalla stessa missione: alimentare il mondo di domani con","breadcrumb":{"@id":"https:\/\/www.maccaferri.com\/it\/persone-e-carriere\/#breadcrumb"},"inLanguage":"it-IT","potentialAction":[{"@type":"ReadAction","target":["https:\/\/www.maccaferri.com\/it\/persone-e-carriere\/"]}]},{"@type":"ImageObject","inLanguage":"it-IT","@id":"https:\/\/www.maccaferri.com\/it\/persone-e-carriere\/#primaryimage","url":"https:\/\/www.maccaferri.com\/wp-content\/uploads\/2024\/12\/maccaferri-people-careers.jpeg","contentUrl":"https:\/\/www.maccaferri.com\/wp-content\/uploads\/2024\/12\/maccaferri-people-careers.jpeg"},{"@type":"BreadcrumbList","@id":"https:\/\/www.maccaferri.com\/it\/persone-e-carriere\/#breadcrumb","itemListElement":[{"@type":"ListItem","position":1,"name":"Home","item":"https:\/\/www.maccaferri.com\/it\/"},{"@type":"ListItem","position":2,"name":"Persone e Carriere"}]},{"@type":"WebSite","@id":"https:\/\/www.maccaferri.com\/it\/#website","url":"https:\/\/www.maccaferri.com\/it\/","name":"Maccaferri Italia","description":"","publisher":{"@id":"https:\/\/www.maccaferri.com\/it\/#organization"},"potentialAction":[{"@type":"SearchAction","target":{"@type":"EntryPoint","urlTemplate":"https:\/\/www.maccaferri.com\/it\/?s={search_term_string}"},"query-input":{"@type":"PropertyValueSpecification","valueRequired":true,"valueName":"search_term_string"}}],"inLanguage":"it-IT"},{"@type":"Organization","@id":"https:\/\/www.maccaferri.com\/it\/#organization","name":"Maccaferri Italia","url":"https:\/\/www.maccaferri.com\/it\/","logo":{"@type":"ImageObject","inLanguage":"it-IT","@id":"https:\/\/www.maccaferri.com\/it\/#\/schema\/logo\/image\/","url":"https:\/\/www.maccaferri.com\/it\/wp-content\/uploads\/2022\/07\/logo-maccaferri.png","contentUrl":"https:\/\/www.maccaferri.com\/it\/wp-content\/uploads\/2022\/07\/logo-maccaferri.png","width":152,"height":32,"caption":"Maccaferri Italia"},"image":{"@id":"https:\/\/www.maccaferri.com\/it\/#\/schema\/logo\/image\/"}}]}},"_links":{"self":[{"href":"https:\/\/www.maccaferri.com\/it\/wp-json\/wp\/v2\/pages\/1401","targetHints":{"allow":["GET"]}}],"collection":[{"href":"https:\/\/www.maccaferri.com\/it\/wp-json\/wp\/v2\/pages"}],"about":[{"href":"https:\/\/www.maccaferri.com\/it\/wp-json\/wp\/v2\/types\/page"}],"author":[{"embeddable":true,"href":"https:\/\/www.maccaferri.com\/it\/wp-json\/wp\/v2\/users\/1"}],"replies":[{"embeddable":true,"href":"https:\/\/www.maccaferri.com\/it\/wp-json\/wp\/v2\/comments?post=1401"}],"version-history":[{"count":128,"href":"https:\/\/www.maccaferri.com\/it\/wp-json\/wp\/v2\/pages\/1401\/revisions"}],"predecessor-version":[{"id":84282,"href":"https:\/\/www.maccaferri.com\/it\/wp-json\/wp\/v2\/pages\/1401\/revisions\/84282"}],"wp:attachment":[{"href":"https:\/\/www.maccaferri.com\/it\/wp-json\/wp\/v2\/media?parent=1401"}],"curies":[{"name":"wp","href":"https:\/\/api.w.org\/{rel}","templated":true}]}}