{"id":1398,"date":"2022-07-29T11:40:29","date_gmt":"2022-07-29T09:40:29","guid":{"rendered":"https:\/\/www.maccaferri.com\/it\/?page_id=1398"},"modified":"2024-12-20T16:37:34","modified_gmt":"2024-12-20T15:37:34","slug":"innovazione","status":"publish","type":"page","link":"https:\/\/www.maccaferri.com\/it\/innovazione\/","title":{"rendered":"Innovazione"},"content":{"rendered":"<div class=\"wp-block-cover has-parallax rbc-is-hidden-on-tablet rbc-is-hidden-on-mobile\" style=\"min-height:900px;aspect-ratio:unset;\"><span aria-hidden=\"true\" class=\"wp-block-cover__background has-background-dim-0 has-background-dim\"><\/span><div class=\"wp-block-cover__image-background wp-image-88805 has-parallax\" style=\"background-position:50% 50%;background-image:url(https:\/\/www.maccaferri.com\/wp-content\/uploads\/2024\/12\/HERO_Innovazione-1440x900-1.jpg)\"><\/div><div class=\"wp-block-cover__inner-container is-layout-constrained wp-block-cover-is-layout-constrained\"><div class=\"wp-block-mac-container-block box-container\"><div class=\"wp-block-columns is-layout-flex wp-container-core-columns-is-layout-9d6595d7 wp-block-columns-is-layout-flex\"><div class=\"wp-block-column is-layout-flow wp-block-column-is-layout-flow\"><div style=\"height:0px\" aria-hidden=\"true\" class=\"wp-block-spacer\"><\/div>\n\n<p class=\"has-text-align-left has-white-color has-text-color has-link-color wp-elements-48eedbb719f9d2eeeae3e8b022aa9b3c\" style=\"font-size:80px\"><strong>Diffondiamo<\/strong><\/p>\n\n<div style=\"height:30px\" aria-hidden=\"true\" class=\"wp-block-spacer\"><\/div>\n\n<p class=\"has-text-align-left has-white-color has-text-color has-link-color wp-elements-48938438168f30e51d14a7b423a191b2\" style=\"font-size:80px\"><strong>Innovazione<\/strong><\/p>\n\n<div class=\"wp-block-columns is-layout-flex wp-container-core-columns-is-layout-9d6595d7 wp-block-columns-is-layout-flex\"><div class=\"wp-block-column is-layout-flow wp-block-column-is-layout-flow\"><p class=\"has-text-align-left has-white-color has-text-color has-background has-link-color wp-elements-45dd8792541f8e1068d8dec89102bfc8\" style=\"background-color:#ffffff00;margin-left:0px;padding-left:0px;font-size:20px\">Siamo partiti con l\u2019invenzione del gabbione, che ha rivoluzionato il settore dell\u2019ingegneria civile e ambientale. Da allora, siamo leader del cambiamento, innovando continuamente grazie a un forte impegno nella ricerca e sviluppo.<\/p><\/div>\n\n<div class=\"wp-block-column is-layout-flow wp-block-column-is-layout-flow\"><\/div><\/div>\n\n<div style=\"height:406px\" aria-hidden=\"true\" class=\"wp-block-spacer\"><\/div><\/div><\/div><\/div>\n\n<div class=\"wp-block-mac-container-block box-container\"><div class=\"wp-block-columns is-layout-flex wp-container-core-columns-is-layout-9d6595d7 wp-block-columns-is-layout-flex\"><div class=\"wp-block-column is-layout-flow wp-block-column-is-layout-flow\"><\/div>\n\n<div class=\"wp-block-column is-layout-flow wp-block-column-is-layout-flow\"><\/div><\/div><\/div><\/div><\/div><div class=\"wp-block-cover rbc-is-hidden-on-wide rbc-is-hidden-on-desktop\" style=\"min-height:900px;aspect-ratio:unset;\"><span aria-hidden=\"true\" class=\"wp-block-cover__background has-background-dim-0 has-background-dim\"><\/span><img decoding=\"async\" class=\"wp-block-cover__image-background wp-image-88805\" alt=\"\" src=\"https:\/\/www.maccaferri.com\/wp-content\/uploads\/2024\/12\/HERO_Innovazione-1440x900-1.jpg\" data-object-fit=\"cover\"\/><div class=\"wp-block-cover__inner-container is-layout-constrained wp-block-cover-is-layout-constrained\"><div class=\"wp-block-mac-container-block box-container\"><div class=\"wp-block-columns is-layout-flex wp-container-core-columns-is-layout-9d6595d7 wp-block-columns-is-layout-flex\"><div class=\"wp-block-column is-layout-flow wp-block-column-is-layout-flow\"><div style=\"height:30px\" aria-hidden=\"true\" class=\"wp-block-spacer\"><\/div>\n\n<h1 class=\"wp-block-heading has-x-large-font-size\"><strong>Diffondiamo Innovazione<\/strong><\/h1>\n\n<div style=\"height:35px\" aria-hidden=\"true\" class=\"wp-block-spacer\"><\/div>\n\n<p>Siamo partiti con l\u2019invenzione del gabbione, che ha rivoluzionato il settore dell\u2019ingegneria civile e ambientale. Da allora, siamo leader del cambiamento, innovando continuamente grazie a un forte impegno nella ricerca e sviluppo.<\/p><\/div><\/div><\/div>\n\n<div class=\"wp-block-mac-container-block box-container\"><div class=\"wp-block-columns is-layout-flex wp-container-core-columns-is-layout-9d6595d7 wp-block-columns-is-layout-flex\"><div class=\"wp-block-column is-layout-flow wp-block-column-is-layout-flow\"><\/div>\n\n<div class=\"wp-block-column is-layout-flow wp-block-column-is-layout-flow\"><\/div><\/div><\/div><\/div><\/div><div class=\"wp-block-mac-container-block box-container\"><div style=\"height:100px\" aria-hidden=\"true\" class=\"wp-block-spacer\"><\/div>\n\n<div class=\"wp-block-columns is-layout-flex wp-container-core-columns-is-layout-9d6595d7 wp-block-columns-is-layout-flex\"><div class=\"wp-block-column is-vertically-aligned-center is-layout-flow wp-block-column-is-layout-flow\" style=\"flex-basis:40%\"><p style=\"font-size:25px\"><strong>Rendere la Sicurezza pi\u00f9 Intelligente<\/strong><\/p>\n\n<p class=\"has-medium-font-size\">Crediamo nelle tecnologie digitali, per questo investiamo costantemente nella digitalizzazione delle nostre soluzioni, in particolare quelle orientate alla sicurezza delle persone e dell\u2019ambiente circostante.<\/p>\n\n<p class=\"has-medium-font-size\">Con i nostri sistemi di allerta precoce <strong>HELLOMAC<\/strong>, puntiamo a consolidarci come un attore all\u2019avanguardia nel settore IoT, sfruttando il trend che ha reso le infrastrutture e le costruzioni sempre pi\u00f9 smart negli ultimi anni.<\/p><\/div>\n\n<div class=\"wp-block-column is-layout-flow wp-block-column-is-layout-flow\" style=\"flex-basis:60%\"><figure class=\"wp-block-image size-full\"><img decoding=\"async\" src=\"https:\/\/www.maccaferri.com\/wp-content\/uploads\/2024\/12\/1-Rendiamo-la-sicurezza-piu-smart-630x450-1.jpg\" alt=\"\" class=\"wp-image-88820\"\/><\/figure><\/div><\/div><\/div><div style=\"height:100px\" aria-hidden=\"true\" class=\"wp-block-spacer\"><\/div><div class=\"wp-block-cover\" style=\"min-height:700px;aspect-ratio:unset;\"><span aria-hidden=\"true\" class=\"wp-block-cover__background has-background-dim-0 has-background-dim\"><\/span><img decoding=\"async\" class=\"wp-block-cover__image-background wp-image-88815\" alt=\"\" src=\"https:\/\/www.maccaferri.com\/wp-content\/uploads\/2024\/12\/2-Tecnologie-verdi-1440x820-1.jpg\" data-object-fit=\"cover\"\/><div class=\"wp-block-cover__inner-container is-layout-constrained wp-block-cover-is-layout-constrained\"><div class=\"wp-block-mac-container-block box-container\"><div class=\"wp-block-columns is-layout-flex wp-container-core-columns-is-layout-9d6595d7 wp-block-columns-is-layout-flex\"><div class=\"wp-block-column is-layout-flow wp-block-column-is-layout-flow\"><\/div>\n\n<div class=\"wp-block-column is-layout-flow wp-block-column-is-layout-flow\" style=\"flex-basis:40%\"><p style=\"font-size:25px\"><strong>Tecnologie Veramente Green<\/strong><\/p>\n\n<p class=\"has-medium-font-size\">Combinare sostenibilit\u00e0 e durabilit\u00e0 \u00e8 la sfida pi\u00f9 grande nell\u2019ingegneria civile e ambientale. Investiamo in R&amp;D per sviluppare soluzioni ecologiche e a basso impatto, che utilizzano materiali riciclati mantenendo efficienza, sicurezza e lunga durata.<\/p>\n\n<p class=\"has-medium-font-size\">Le nostre soluzioni sono sostenibili, con una ridotta impronta di CO2 grazie alla rapida installazione e all\u2019ottimizzazione dei materiali.<\/p><\/div><\/div><\/div><\/div><\/div><div class=\"wp-block-mac-container-block box-container\"><div style=\"height:100px\" aria-hidden=\"true\" class=\"wp-block-spacer\"><\/div>\n\n<div class=\"wp-block-columns is-layout-flex wp-container-core-columns-is-layout-9d6595d7 wp-block-columns-is-layout-flex\"><div class=\"wp-block-column is-vertically-aligned-center is-layout-flow wp-block-column-is-layout-flow\" style=\"flex-basis:40%\"><p style=\"font-size:25px\"><strong>Open Innovation<\/strong><\/p>\n\n<p class=\"has-medium-font-size\">Crediamo che l\u2019innovazione, per essere reale, debba essere condivisa.<\/p>\n\n<p class=\"has-medium-font-size\">In collaborazione con universit\u00e0 e centri di ricerca, abbiamo sviluppato una suite di strumenti freeware disponibili per tutti, per progettare soluzioni efficaci e affidabili.<\/p>\n\n<p class=\"has-medium-font-size\">Questi strumenti software, facili da usare e pronti all\u2019uso, si basano su decenni di dati sul campo e rigorosi test.<\/p><\/div>\n\n<div class=\"wp-block-column is-layout-flow wp-block-column-is-layout-flow\" style=\"flex-basis:60%\"><figure class=\"wp-block-image size-full\"><img decoding=\"async\" src=\"https:\/\/www.maccaferri.com\/wp-content\/uploads\/2024\/12\/3-Open-innovation-630x400-1.png\" alt=\"\" class=\"wp-image-88825\"\/><\/figure><\/div><\/div><\/div><div style=\"height:100px\" aria-hidden=\"true\" class=\"wp-block-spacer\"><\/div><h3 class=\"wp-block-heading has-text-align-center has-text-color has-link-color wp-elements-c4045e7652d68d3c3b913cff74d377dd\" style=\"color:#035d6f\">Progetta il futuro con il nostro software<\/h3><div class=\"wp-block-buttons is-content-justification-center is-layout-flex wp-container-core-buttons-is-layout-16018d1d wp-block-buttons-is-layout-flex\"><div class=\"wp-block-button\"><a class=\"wp-block-button__link wp-element-button\" href=\"https:\/\/www.maccaferri.com\/it\/suite-maccaferri-software\/\" target=\"_blank\" rel=\"noreferrer noopener\">VISITA LA PIATTAFORMA<\/a><\/div><\/div><div style=\"height:100px\" aria-hidden=\"true\" class=\"wp-block-spacer\"><\/div><div class=\"wp-block-cover\"><span aria-hidden=\"true\" class=\"wp-block-cover__background has-background-dim-100 has-background-dim\" style=\"background-color:#185e6f\"><\/span><div class=\"wp-block-cover__inner-container is-layout-constrained wp-block-cover-is-layout-constrained\"><div style=\"height:100px\" aria-hidden=\"true\" class=\"wp-block-spacer\"><\/div>\n\n<div class=\"wp-block-mac-container-block box-container\"><div class=\"wp-block-columns is-layout-flex wp-container-core-columns-is-layout-9d6595d7 wp-block-columns-is-layout-flex\"><div class=\"wp-block-column is-layout-flow wp-block-column-is-layout-flow\"><figure class=\"wp-block-image size-large is-style-default\"><img fetchpriority=\"high\" decoding=\"async\" width=\"1024\" height=\"675\" src=\"https:\/\/www.maccaferri.com\/wp-content\/uploads\/2022\/12\/Maccaferri-BIM-Objects-1024x675.png\" alt=\"\" class=\"wp-image-3547\" srcset=\"https:\/\/www.maccaferri.com\/it\/wp-content\/uploads\/2022\/12\/Maccaferri-BIM-Objects-1024x675.png 1024w, https:\/\/www.maccaferri.com\/it\/wp-content\/uploads\/2022\/12\/Maccaferri-BIM-Objects-300x198.png 300w, https:\/\/www.maccaferri.com\/it\/wp-content\/uploads\/2022\/12\/Maccaferri-BIM-Objects-768x506.png 768w, https:\/\/www.maccaferri.com\/it\/wp-content\/uploads\/2022\/12\/Maccaferri-BIM-Objects.png 1121w\" sizes=\"(max-width: 1024px) 100vw, 1024px\" \/><\/figure><\/div>\n\n<div class=\"wp-block-column is-layout-flow wp-block-column-is-layout-flow\" style=\"flex-basis:40%\"><p style=\"font-size:25px\">OGGETTI MACCAFERRI BIM<\/p>\n\n<p class=\"has-medium-font-size\">Il Building Information Modeling (BIM) \u00e8 un processo intelligente basato su modelli 3D. Un nuovo straordinario strumento per i professionisti dell\u2019ingegneria e delle costruzioni.<\/p>\n\n<p class=\"has-medium-font-size\">Maccaferri si impegna a promuovere la collaborazione tra gli stakeholder del settore durante l\u2019intero ciclo di vita di un progetto.<\/p>\n\n<p class=\"has-medium-font-size\">Con questo obiettivo, rendiamo le nostre soluzioni disponibili anche come Oggetti BIM, incoraggiando l\u2019adozione della tecnologia BIM per migliorare i processi di progettazione e costruzione, evitando imprecisioni nelle operazioni in cantiere.<\/p><\/div><\/div><\/div>\n\n<div style=\"height:65px\" aria-hidden=\"true\" class=\"wp-block-spacer\"><\/div>\n\n<h3 class=\"wp-block-heading has-text-align-center has-white-color has-text-color has-link-color wp-elements-28934f03171836491f6c196cb960fb58\">Scopri i nostri oggetti BIM<\/h3>\n\n<div class=\"wp-block-buttons is-content-justification-center is-layout-flex wp-container-core-buttons-is-layout-16018d1d wp-block-buttons-is-layout-flex\"><div class=\"wp-block-button\"><a class=\"wp-block-button__link has-luminous-vivid-orange-background-color has-background wp-element-button\" href=\"https:\/\/www.maccaferri.com\/it\/libreria-oggetti-bim\/\" target=\"_blank\" rel=\"noreferrer noopener\">VAI ALLA LIBRERIA<\/a><\/div><\/div>\n\n<div style=\"height:100px\" aria-hidden=\"true\" class=\"wp-block-spacer\"><\/div><\/div><\/div>","protected":false},"excerpt":{"rendered":"<p>Progetta il futuro con il nostro software<\/p>\n","protected":false},"author":1,"featured_media":0,"parent":0,"menu_order":0,"comment_status":"closed","ping_status":"closed","template":"","meta":{"_acf_changed":false,"_joinchat":[],"footnotes":""},"class_list":["post-1398","page","type-page","status-publish","hentry"],"acf":{"uuid_products":"","product-documents":""},"yoast_head":"<!-- This site is optimized with the Yoast SEO Premium plugin v27.0 (Yoast SEO v27.0) - https:\/\/yoast.com\/product\/yoast-seo-premium-wordpress\/ -->\n<title>Innovazione - Maccaferri Italia<\/title>\n<meta name=\"description\" content=\"Diffondiamo Innovazione Siamo partiti con l\u2019invenzione del gabbione, che ha rivoluzionato il settore dell\u2019ingegneria civile e ambientale. Da allora, siamo\" \/>\n<meta name=\"robots\" content=\"index, follow, max-snippet:-1, max-image-preview:large, max-video-preview:-1\" \/>\n<link rel=\"canonical\" href=\"https:\/\/www.maccaferri.com\/it\/innovazione\/\" \/>\n<meta property=\"og:locale\" content=\"it_IT\" \/>\n<meta property=\"og:type\" content=\"article\" \/>\n<meta property=\"og:title\" content=\"Innovazione\" \/>\n<meta property=\"og:description\" content=\"Diffondiamo Innovazione Siamo partiti con l\u2019invenzione del gabbione, che ha rivoluzionato il settore dell\u2019ingegneria civile e ambientale. Da allora, siamo\" \/>\n<meta property=\"og:url\" content=\"https:\/\/www.maccaferri.com\/it\/innovazione\/\" \/>\n<meta property=\"og:site_name\" content=\"Maccaferri Italia\" \/>\n<meta property=\"article:modified_time\" content=\"2024-12-20T15:37:34+00:00\" \/>\n<meta name=\"twitter:card\" content=\"summary_large_image\" \/>\n<meta name=\"twitter:label1\" content=\"Tempo di lettura stimato\" \/>\n\t<meta name=\"twitter:data1\" content=\"3 minuti\" \/>\n<script type=\"application\/ld+json\" class=\"yoast-schema-graph\">{\"@context\":\"https:\/\/schema.org\",\"@graph\":[{\"@type\":\"WebPage\",\"@id\":\"https:\/\/www.maccaferri.com\/it\/innovazione\/\",\"url\":\"https:\/\/www.maccaferri.com\/it\/innovazione\/\",\"name\":\"Innovazione - Maccaferri Italia\",\"isPartOf\":{\"@id\":\"https:\/\/www.maccaferri.com\/it\/#website\"},\"primaryImageOfPage\":{\"@id\":\"https:\/\/www.maccaferri.com\/it\/innovazione\/#primaryimage\"},\"image\":{\"@id\":\"https:\/\/www.maccaferri.com\/it\/innovazione\/#primaryimage\"},\"thumbnailUrl\":\"https:\/\/www.maccaferri.com\/wp-content\/uploads\/2024\/12\/HERO_Innovazione-1440x900-1.jpg\",\"datePublished\":\"2022-07-29T09:40:29+00:00\",\"dateModified\":\"2024-12-20T15:37:34+00:00\",\"description\":\"Diffondiamo Innovazione Siamo partiti con l\u2019invenzione del gabbione, che ha rivoluzionato il settore dell\u2019ingegneria civile e ambientale. Da allora, siamo\",\"breadcrumb\":{\"@id\":\"https:\/\/www.maccaferri.com\/it\/innovazione\/#breadcrumb\"},\"inLanguage\":\"it-IT\",\"potentialAction\":[{\"@type\":\"ReadAction\",\"target\":[\"https:\/\/www.maccaferri.com\/it\/innovazione\/\"]}]},{\"@type\":\"ImageObject\",\"inLanguage\":\"it-IT\",\"@id\":\"https:\/\/www.maccaferri.com\/it\/innovazione\/#primaryimage\",\"url\":\"https:\/\/www.maccaferri.com\/wp-content\/uploads\/2024\/12\/HERO_Innovazione-1440x900-1.jpg\",\"contentUrl\":\"https:\/\/www.maccaferri.com\/wp-content\/uploads\/2024\/12\/HERO_Innovazione-1440x900-1.jpg\"},{\"@type\":\"BreadcrumbList\",\"@id\":\"https:\/\/www.maccaferri.com\/it\/innovazione\/#breadcrumb\",\"itemListElement\":[{\"@type\":\"ListItem\",\"position\":1,\"name\":\"Home\",\"item\":\"https:\/\/www.maccaferri.com\/it\/\"},{\"@type\":\"ListItem\",\"position\":2,\"name\":\"Innovazione\"}]},{\"@type\":\"WebSite\",\"@id\":\"https:\/\/www.maccaferri.com\/it\/#website\",\"url\":\"https:\/\/www.maccaferri.com\/it\/\",\"name\":\"Maccaferri Italia\",\"description\":\"\",\"publisher\":{\"@id\":\"https:\/\/www.maccaferri.com\/it\/#organization\"},\"potentialAction\":[{\"@type\":\"SearchAction\",\"target\":{\"@type\":\"EntryPoint\",\"urlTemplate\":\"https:\/\/www.maccaferri.com\/it\/?s={search_term_string}\"},\"query-input\":{\"@type\":\"PropertyValueSpecification\",\"valueRequired\":true,\"valueName\":\"search_term_string\"}}],\"inLanguage\":\"it-IT\"},{\"@type\":\"Organization\",\"@id\":\"https:\/\/www.maccaferri.com\/it\/#organization\",\"name\":\"Maccaferri Italia\",\"url\":\"https:\/\/www.maccaferri.com\/it\/\",\"logo\":{\"@type\":\"ImageObject\",\"inLanguage\":\"it-IT\",\"@id\":\"https:\/\/www.maccaferri.com\/it\/#\/schema\/logo\/image\/\",\"url\":\"https:\/\/www.maccaferri.com\/it\/wp-content\/uploads\/2022\/07\/logo-maccaferri.png\",\"contentUrl\":\"https:\/\/www.maccaferri.com\/it\/wp-content\/uploads\/2022\/07\/logo-maccaferri.png\",\"width\":152,\"height\":32,\"caption\":\"Maccaferri Italia\"},\"image\":{\"@id\":\"https:\/\/www.maccaferri.com\/it\/#\/schema\/logo\/image\/\"}}]}<\/script>\n<!-- \/ Yoast SEO Premium plugin. -->","yoast_head_json":{"title":"Innovazione - Maccaferri Italia","description":"Diffondiamo Innovazione Siamo partiti con l\u2019invenzione del gabbione, che ha rivoluzionato il settore dell\u2019ingegneria civile e ambientale. Da allora, siamo","robots":{"index":"index","follow":"follow","max-snippet":"max-snippet:-1","max-image-preview":"max-image-preview:large","max-video-preview":"max-video-preview:-1"},"canonical":"https:\/\/www.maccaferri.com\/it\/innovazione\/","og_locale":"it_IT","og_type":"article","og_title":"Innovazione","og_description":"Diffondiamo Innovazione Siamo partiti con l\u2019invenzione del gabbione, che ha rivoluzionato il settore dell\u2019ingegneria civile e ambientale. Da allora, siamo","og_url":"https:\/\/www.maccaferri.com\/it\/innovazione\/","og_site_name":"Maccaferri Italia","article_modified_time":"2024-12-20T15:37:34+00:00","twitter_card":"summary_large_image","twitter_misc":{"Tempo di lettura stimato":"3 minuti"},"schema":{"@context":"https:\/\/schema.org","@graph":[{"@type":"WebPage","@id":"https:\/\/www.maccaferri.com\/it\/innovazione\/","url":"https:\/\/www.maccaferri.com\/it\/innovazione\/","name":"Innovazione - Maccaferri Italia","isPartOf":{"@id":"https:\/\/www.maccaferri.com\/it\/#website"},"primaryImageOfPage":{"@id":"https:\/\/www.maccaferri.com\/it\/innovazione\/#primaryimage"},"image":{"@id":"https:\/\/www.maccaferri.com\/it\/innovazione\/#primaryimage"},"thumbnailUrl":"https:\/\/www.maccaferri.com\/wp-content\/uploads\/2024\/12\/HERO_Innovazione-1440x900-1.jpg","datePublished":"2022-07-29T09:40:29+00:00","dateModified":"2024-12-20T15:37:34+00:00","description":"Diffondiamo Innovazione Siamo partiti con l\u2019invenzione del gabbione, che ha rivoluzionato il settore dell\u2019ingegneria civile e ambientale. Da allora, siamo","breadcrumb":{"@id":"https:\/\/www.maccaferri.com\/it\/innovazione\/#breadcrumb"},"inLanguage":"it-IT","potentialAction":[{"@type":"ReadAction","target":["https:\/\/www.maccaferri.com\/it\/innovazione\/"]}]},{"@type":"ImageObject","inLanguage":"it-IT","@id":"https:\/\/www.maccaferri.com\/it\/innovazione\/#primaryimage","url":"https:\/\/www.maccaferri.com\/wp-content\/uploads\/2024\/12\/HERO_Innovazione-1440x900-1.jpg","contentUrl":"https:\/\/www.maccaferri.com\/wp-content\/uploads\/2024\/12\/HERO_Innovazione-1440x900-1.jpg"},{"@type":"BreadcrumbList","@id":"https:\/\/www.maccaferri.com\/it\/innovazione\/#breadcrumb","itemListElement":[{"@type":"ListItem","position":1,"name":"Home","item":"https:\/\/www.maccaferri.com\/it\/"},{"@type":"ListItem","position":2,"name":"Innovazione"}]},{"@type":"WebSite","@id":"https:\/\/www.maccaferri.com\/it\/#website","url":"https:\/\/www.maccaferri.com\/it\/","name":"Maccaferri Italia","description":"","publisher":{"@id":"https:\/\/www.maccaferri.com\/it\/#organization"},"potentialAction":[{"@type":"SearchAction","target":{"@type":"EntryPoint","urlTemplate":"https:\/\/www.maccaferri.com\/it\/?s={search_term_string}"},"query-input":{"@type":"PropertyValueSpecification","valueRequired":true,"valueName":"search_term_string"}}],"inLanguage":"it-IT"},{"@type":"Organization","@id":"https:\/\/www.maccaferri.com\/it\/#organization","name":"Maccaferri Italia","url":"https:\/\/www.maccaferri.com\/it\/","logo":{"@type":"ImageObject","inLanguage":"it-IT","@id":"https:\/\/www.maccaferri.com\/it\/#\/schema\/logo\/image\/","url":"https:\/\/www.maccaferri.com\/it\/wp-content\/uploads\/2022\/07\/logo-maccaferri.png","contentUrl":"https:\/\/www.maccaferri.com\/it\/wp-content\/uploads\/2022\/07\/logo-maccaferri.png","width":152,"height":32,"caption":"Maccaferri Italia"},"image":{"@id":"https:\/\/www.maccaferri.com\/it\/#\/schema\/logo\/image\/"}}]}},"_links":{"self":[{"href":"https:\/\/www.maccaferri.com\/it\/wp-json\/wp\/v2\/pages\/1398","targetHints":{"allow":["GET"]}}],"collection":[{"href":"https:\/\/www.maccaferri.com\/it\/wp-json\/wp\/v2\/pages"}],"about":[{"href":"https:\/\/www.maccaferri.com\/it\/wp-json\/wp\/v2\/types\/page"}],"author":[{"embeddable":true,"href":"https:\/\/www.maccaferri.com\/it\/wp-json\/wp\/v2\/users\/1"}],"replies":[{"embeddable":true,"href":"https:\/\/www.maccaferri.com\/it\/wp-json\/wp\/v2\/comments?post=1398"}],"version-history":[{"count":54,"href":"https:\/\/www.maccaferri.com\/it\/wp-json\/wp\/v2\/pages\/1398\/revisions"}],"predecessor-version":[{"id":84150,"href":"https:\/\/www.maccaferri.com\/it\/wp-json\/wp\/v2\/pages\/1398\/revisions\/84150"}],"wp:attachment":[{"href":"https:\/\/www.maccaferri.com\/it\/wp-json\/wp\/v2\/media?parent=1398"}],"curies":[{"name":"wp","href":"https:\/\/api.w.org\/{rel}","templated":true}]}}