{"id":95163,"date":"2025-04-28T15:28:39","date_gmt":"2025-04-28T13:28:39","guid":{"rendered":"https:\/\/www.maccaferri.com\/fr\/?page_id=95163"},"modified":"2025-11-14T16:37:51","modified_gmt":"2025-11-14T15:37:51","slug":"merci-davoir-donne-votre-avis","status":"publish","type":"page","link":"https:\/\/www.maccaferri.com\/fr\/merci-davoir-donne-votre-avis\/","title":{"rendered":"Merci d&#8217;avoir donn\u00e9 votre avis"},"content":{"rendered":"<div style=\"height:143px\" aria-hidden=\"true\" class=\"wp-block-spacer\"><\/div><p class=\"has-text-align-center has-text-color has-link-color has-large-font-size wp-elements-067da30069807183b33f80d6051f34de\" style=\"color:#004652\"><strong>MERCI d&#8217;avoir donn\u00e9 votre avis<\/strong><\/p><div style=\"height:100px\" aria-hidden=\"true\" class=\"wp-block-spacer\"><\/div><div class=\"wp-block-buttons is-content-justification-center is-layout-flex wp-container-core-buttons-is-layout-16018d1d wp-block-buttons-is-layout-flex\"><div class=\"wp-block-button\"><a class=\"wp-block-button__link wp-element-button\" href=\"https:\/\/www.maccaferri.com\/fr\/\" target=\"_blank\" rel=\"noreferrer noopener\">D\u00e9couvrir notre site internet<\/a><\/div><\/div><div style=\"height:100px\" aria-hidden=\"true\" class=\"wp-block-spacer\"><\/div><div class=\"wp-block-mac-container-block box-container\"><div class=\"wp-block-columns is-layout-flex wp-container-core-columns-is-layout-9d6595d7 wp-block-columns-is-layout-flex\"><div class=\"wp-block-column is-layout-flow wp-block-column-is-layout-flow\"><figure class=\"wp-block-image aligncenter size-large\"><a href=\"https:\/\/www2.maccaferri.com\/l\/965143\/2023-08-04\/5qsdvb\" target=\"_blank\" rel=\"noreferrer noopener\"><img fetchpriority=\"high\" decoding=\"async\" width=\"1024\" height=\"129\" src=\"https:\/\/www.maccaferri.com\/fr\/wp-content\/uploads\/2023\/08\/Rejoignez_notre_communte_technique-1024x129.png\" alt=\"\" class=\"wp-image-53982\" srcset=\"https:\/\/www.maccaferri.com\/fr\/wp-content\/uploads\/2023\/08\/Rejoignez_notre_communte_technique-1024x129.png 1024w, https:\/\/www.maccaferri.com\/fr\/wp-content\/uploads\/2023\/08\/Rejoignez_notre_communte_technique-300x38.png 300w, https:\/\/www.maccaferri.com\/fr\/wp-content\/uploads\/2023\/08\/Rejoignez_notre_communte_technique-768x97.png 768w, https:\/\/www.maccaferri.com\/fr\/wp-content\/uploads\/2023\/08\/Rejoignez_notre_communte_technique-1536x194.png 1536w, https:\/\/www.maccaferri.com\/fr\/wp-content\/uploads\/2023\/08\/Rejoignez_notre_communte_technique-120x15.png 120w, https:\/\/www.maccaferri.com\/fr\/wp-content\/uploads\/2023\/08\/Rejoignez_notre_communte_technique.png 1584w\" sizes=\"(max-width: 1024px) 100vw, 1024px\" \/><\/a><\/figure><\/div><\/div><\/div><div style=\"height:302px\" aria-hidden=\"true\" class=\"wp-block-spacer\"><\/div>","protected":false},"excerpt":{"rendered":"<p>MERCI d&#8217;avoir donn\u00e9 votre avis<\/p>\n","protected":false},"author":7096,"featured_media":0,"parent":0,"menu_order":0,"comment_status":"closed","ping_status":"closed","template":"","meta":{"_acf_changed":false,"_joinchat":[],"footnotes":""},"class_list":["post-95163","page","type-page","status-publish","hentry"],"acf":{"uuid_products":"","product-documents":""},"yoast_head":"<!-- This site is optimized with the Yoast SEO Premium plugin v27.0 (Yoast SEO v27.0) - https:\/\/yoast.com\/product\/yoast-seo-premium-wordpress\/ -->\n<title>Merci d&#039;avoir donn\u00e9 votre avis - Maccaferri France<\/title>\n<meta name=\"description\" content=\"MERCI d&#039;avoir donn\u00e9 votre avis     D\u00e9couvrir notre site internet\" \/>\n<meta name=\"robots\" content=\"index, follow, max-snippet:-1, max-image-preview:large, max-video-preview:-1\" \/>\n<link rel=\"canonical\" href=\"https:\/\/www.maccaferri.com\/fr\/merci-davoir-donne-votre-avis\/\" \/>\n<meta property=\"og:locale\" content=\"fr_FR\" \/>\n<meta property=\"og:type\" content=\"article\" \/>\n<meta property=\"og:title\" content=\"Merci d&#039;avoir donn\u00e9 votre avis\" \/>\n<meta property=\"og:description\" content=\"MERCI d&#039;avoir donn\u00e9 votre avis     D\u00e9couvrir notre site internet\" \/>\n<meta property=\"og:url\" content=\"https:\/\/www.maccaferri.com\/fr\/merci-davoir-donne-votre-avis\/\" \/>\n<meta property=\"og:site_name\" content=\"Maccaferri France\" \/>\n<meta property=\"article:modified_time\" content=\"2025-11-14T15:37:51+00:00\" \/>\n<meta property=\"og:image\" content=\"https:\/\/www.maccaferri.com\/fr\/wp-content\/uploads\/2023\/08\/Rejoignez_notre_communte_technique.png\" \/>\n\t<meta property=\"og:image:width\" content=\"1584\" \/>\n\t<meta property=\"og:image:height\" content=\"200\" \/>\n\t<meta property=\"og:image:type\" content=\"image\/png\" \/>\n<meta name=\"twitter:card\" content=\"summary_large_image\" \/>\n<meta name=\"twitter:label1\" content=\"Dur\u00e9e de lecture estim\u00e9e\" \/>\n\t<meta name=\"twitter:data1\" content=\"1 minute\" \/>\n<script type=\"application\/ld+json\" class=\"yoast-schema-graph\">{\"@context\":\"https:\/\/schema.org\",\"@graph\":[{\"@type\":\"WebPage\",\"@id\":\"https:\/\/www.maccaferri.com\/fr\/merci-davoir-donne-votre-avis\/\",\"url\":\"https:\/\/www.maccaferri.com\/fr\/merci-davoir-donne-votre-avis\/\",\"name\":\"Merci d'avoir donn\u00e9 votre avis - Maccaferri France\",\"isPartOf\":{\"@id\":\"https:\/\/www.maccaferri.com\/fr\/#website\"},\"primaryImageOfPage\":{\"@id\":\"https:\/\/www.maccaferri.com\/fr\/merci-davoir-donne-votre-avis\/#primaryimage\"},\"image\":{\"@id\":\"https:\/\/www.maccaferri.com\/fr\/merci-davoir-donne-votre-avis\/#primaryimage\"},\"thumbnailUrl\":\"https:\/\/www.maccaferri.com\/fr\/wp-content\/uploads\/2023\/08\/Rejoignez_notre_communte_technique-1024x129.png\",\"datePublished\":\"2025-04-28T13:28:39+00:00\",\"dateModified\":\"2025-11-14T15:37:51+00:00\",\"description\":\"MERCI d'avoir donn\u00e9 votre avis D\u00e9couvrir notre site internet\",\"breadcrumb\":{\"@id\":\"https:\/\/www.maccaferri.com\/fr\/merci-davoir-donne-votre-avis\/#breadcrumb\"},\"inLanguage\":\"fr-FR\",\"potentialAction\":[{\"@type\":\"ReadAction\",\"target\":[\"https:\/\/www.maccaferri.com\/fr\/merci-davoir-donne-votre-avis\/\"]}]},{\"@type\":\"ImageObject\",\"inLanguage\":\"fr-FR\",\"@id\":\"https:\/\/www.maccaferri.com\/fr\/merci-davoir-donne-votre-avis\/#primaryimage\",\"url\":\"https:\/\/www.maccaferri.com\/fr\/wp-content\/uploads\/2023\/08\/Rejoignez_notre_communte_technique.png\",\"contentUrl\":\"https:\/\/www.maccaferri.com\/fr\/wp-content\/uploads\/2023\/08\/Rejoignez_notre_communte_technique.png\",\"width\":1584,\"height\":200},{\"@type\":\"BreadcrumbList\",\"@id\":\"https:\/\/www.maccaferri.com\/fr\/merci-davoir-donne-votre-avis\/#breadcrumb\",\"itemListElement\":[{\"@type\":\"ListItem\",\"position\":1,\"name\":\"Home\",\"item\":\"https:\/\/www.maccaferri.com\/fr\/\"},{\"@type\":\"ListItem\",\"position\":2,\"name\":\"Merci d&#8217;avoir donn\u00e9 votre avis\"}]},{\"@type\":\"WebSite\",\"@id\":\"https:\/\/www.maccaferri.com\/fr\/#website\",\"url\":\"https:\/\/www.maccaferri.com\/fr\/\",\"name\":\"Maccaferri France\",\"description\":\"\",\"publisher\":{\"@id\":\"https:\/\/www.maccaferri.com\/fr\/#organization\"},\"potentialAction\":[{\"@type\":\"SearchAction\",\"target\":{\"@type\":\"EntryPoint\",\"urlTemplate\":\"https:\/\/www.maccaferri.com\/fr\/?s={search_term_string}\"},\"query-input\":{\"@type\":\"PropertyValueSpecification\",\"valueRequired\":true,\"valueName\":\"search_term_string\"}}],\"inLanguage\":\"fr-FR\"},{\"@type\":\"Organization\",\"@id\":\"https:\/\/www.maccaferri.com\/fr\/#organization\",\"name\":\"Maccaferri France\",\"url\":\"https:\/\/www.maccaferri.com\/fr\/\",\"logo\":{\"@type\":\"ImageObject\",\"inLanguage\":\"fr-FR\",\"@id\":\"https:\/\/www.maccaferri.com\/fr\/#\/schema\/logo\/image\/\",\"url\":\"https:\/\/www.maccaferri.com\/fr\/wp-content\/uploads\/2022\/07\/logo-maccaferri.png\",\"contentUrl\":\"https:\/\/www.maccaferri.com\/fr\/wp-content\/uploads\/2022\/07\/logo-maccaferri.png\",\"width\":152,\"height\":32,\"caption\":\"Maccaferri France\"},\"image\":{\"@id\":\"https:\/\/www.maccaferri.com\/fr\/#\/schema\/logo\/image\/\"}}]}<\/script>\n<!-- \/ Yoast SEO Premium plugin. -->","yoast_head_json":{"title":"Merci d'avoir donn\u00e9 votre avis - Maccaferri France","description":"MERCI d'avoir donn\u00e9 votre avis     D\u00e9couvrir notre site internet","robots":{"index":"index","follow":"follow","max-snippet":"max-snippet:-1","max-image-preview":"max-image-preview:large","max-video-preview":"max-video-preview:-1"},"canonical":"https:\/\/www.maccaferri.com\/fr\/merci-davoir-donne-votre-avis\/","og_locale":"fr_FR","og_type":"article","og_title":"Merci d'avoir donn\u00e9 votre avis","og_description":"MERCI d'avoir donn\u00e9 votre avis     D\u00e9couvrir notre site internet","og_url":"https:\/\/www.maccaferri.com\/fr\/merci-davoir-donne-votre-avis\/","og_site_name":"Maccaferri France","article_modified_time":"2025-11-14T15:37:51+00:00","og_image":[{"width":1584,"height":200,"url":"https:\/\/www.maccaferri.com\/fr\/wp-content\/uploads\/2023\/08\/Rejoignez_notre_communte_technique.png","type":"image\/png"}],"twitter_card":"summary_large_image","twitter_misc":{"Dur\u00e9e de lecture estim\u00e9e":"1 minute"},"schema":{"@context":"https:\/\/schema.org","@graph":[{"@type":"WebPage","@id":"https:\/\/www.maccaferri.com\/fr\/merci-davoir-donne-votre-avis\/","url":"https:\/\/www.maccaferri.com\/fr\/merci-davoir-donne-votre-avis\/","name":"Merci d'avoir donn\u00e9 votre avis - Maccaferri France","isPartOf":{"@id":"https:\/\/www.maccaferri.com\/fr\/#website"},"primaryImageOfPage":{"@id":"https:\/\/www.maccaferri.com\/fr\/merci-davoir-donne-votre-avis\/#primaryimage"},"image":{"@id":"https:\/\/www.maccaferri.com\/fr\/merci-davoir-donne-votre-avis\/#primaryimage"},"thumbnailUrl":"https:\/\/www.maccaferri.com\/fr\/wp-content\/uploads\/2023\/08\/Rejoignez_notre_communte_technique-1024x129.png","datePublished":"2025-04-28T13:28:39+00:00","dateModified":"2025-11-14T15:37:51+00:00","description":"MERCI d'avoir donn\u00e9 votre avis D\u00e9couvrir notre site internet","breadcrumb":{"@id":"https:\/\/www.maccaferri.com\/fr\/merci-davoir-donne-votre-avis\/#breadcrumb"},"inLanguage":"fr-FR","potentialAction":[{"@type":"ReadAction","target":["https:\/\/www.maccaferri.com\/fr\/merci-davoir-donne-votre-avis\/"]}]},{"@type":"ImageObject","inLanguage":"fr-FR","@id":"https:\/\/www.maccaferri.com\/fr\/merci-davoir-donne-votre-avis\/#primaryimage","url":"https:\/\/www.maccaferri.com\/fr\/wp-content\/uploads\/2023\/08\/Rejoignez_notre_communte_technique.png","contentUrl":"https:\/\/www.maccaferri.com\/fr\/wp-content\/uploads\/2023\/08\/Rejoignez_notre_communte_technique.png","width":1584,"height":200},{"@type":"BreadcrumbList","@id":"https:\/\/www.maccaferri.com\/fr\/merci-davoir-donne-votre-avis\/#breadcrumb","itemListElement":[{"@type":"ListItem","position":1,"name":"Home","item":"https:\/\/www.maccaferri.com\/fr\/"},{"@type":"ListItem","position":2,"name":"Merci d&#8217;avoir donn\u00e9 votre avis"}]},{"@type":"WebSite","@id":"https:\/\/www.maccaferri.com\/fr\/#website","url":"https:\/\/www.maccaferri.com\/fr\/","name":"Maccaferri France","description":"","publisher":{"@id":"https:\/\/www.maccaferri.com\/fr\/#organization"},"potentialAction":[{"@type":"SearchAction","target":{"@type":"EntryPoint","urlTemplate":"https:\/\/www.maccaferri.com\/fr\/?s={search_term_string}"},"query-input":{"@type":"PropertyValueSpecification","valueRequired":true,"valueName":"search_term_string"}}],"inLanguage":"fr-FR"},{"@type":"Organization","@id":"https:\/\/www.maccaferri.com\/fr\/#organization","name":"Maccaferri France","url":"https:\/\/www.maccaferri.com\/fr\/","logo":{"@type":"ImageObject","inLanguage":"fr-FR","@id":"https:\/\/www.maccaferri.com\/fr\/#\/schema\/logo\/image\/","url":"https:\/\/www.maccaferri.com\/fr\/wp-content\/uploads\/2022\/07\/logo-maccaferri.png","contentUrl":"https:\/\/www.maccaferri.com\/fr\/wp-content\/uploads\/2022\/07\/logo-maccaferri.png","width":152,"height":32,"caption":"Maccaferri France"},"image":{"@id":"https:\/\/www.maccaferri.com\/fr\/#\/schema\/logo\/image\/"}}]}},"_links":{"self":[{"href":"https:\/\/www.maccaferri.com\/fr\/wp-json\/wp\/v2\/pages\/95163","targetHints":{"allow":["GET"]}}],"collection":[{"href":"https:\/\/www.maccaferri.com\/fr\/wp-json\/wp\/v2\/pages"}],"about":[{"href":"https:\/\/www.maccaferri.com\/fr\/wp-json\/wp\/v2\/types\/page"}],"author":[{"embeddable":true,"href":"https:\/\/www.maccaferri.com\/fr\/wp-json\/wp\/v2\/users\/7096"}],"replies":[{"embeddable":true,"href":"https:\/\/www.maccaferri.com\/fr\/wp-json\/wp\/v2\/comments?post=95163"}],"version-history":[{"count":2,"href":"https:\/\/www.maccaferri.com\/fr\/wp-json\/wp\/v2\/pages\/95163\/revisions"}],"predecessor-version":[{"id":96813,"href":"https:\/\/www.maccaferri.com\/fr\/wp-json\/wp\/v2\/pages\/95163\/revisions\/96813"}],"wp:attachment":[{"href":"https:\/\/www.maccaferri.com\/fr\/wp-json\/wp\/v2\/media?parent=95163"}],"curies":[{"name":"wp","href":"https:\/\/api.w.org\/{rel}","templated":true}]}}