{"id":95158,"date":"2025-04-28T15:47:45","date_gmt":"2025-04-28T13:47:45","guid":{"rendered":"https:\/\/www.maccaferri.com\/fr\/?page_id=95158"},"modified":"2025-04-28T16:29:36","modified_gmt":"2025-04-28T14:29:36","slug":"merci-vous-avez-donne-votre-avis-en-apportant-une-expression-libre","status":"publish","type":"page","link":"https:\/\/www.maccaferri.com\/fr\/merci-vous-avez-donne-votre-avis-en-apportant-une-expression-libre\/","title":{"rendered":"MERCI &#8211; vous avez donn\u00e9 votre avis en apportant une expression libre"},"content":{"rendered":"<div style=\"height:143px\" aria-hidden=\"true\" class=\"wp-block-spacer\"><\/div><p class=\"has-text-align-center has-text-color has-link-color has-large-font-size wp-elements-2124cc15a5a706e20c062b6ad50b282c\" style=\"color:#004652\"><strong>Votre avis nous int\u00e9resse<\/strong><\/p><div style=\"height:100px\" aria-hidden=\"true\" class=\"wp-block-spacer\"><\/div><p class=\"has-text-align-center has-text-color has-link-color has-medium-font-size wp-elements-7493c8c32cd3939549721c74b729a0b1\" style=\"color:#004652\"><strong>Vous souhaitez maintenant r\u00e9pondre :<\/strong><\/p><div style=\"height:100px\" aria-hidden=\"true\" class=\"wp-block-spacer\"><\/div><div class=\"wp-block-mac-container-block box-container\"><div class=\"wp-block-columns is-layout-flex wp-container-core-columns-is-layout-9d6595d7 wp-block-columns-is-layout-flex\"><div class=\"wp-block-column is-layout-flow wp-block-column-is-layout-flow\"><p class=\"has-text-align-center has-text-color has-link-color has-medium-font-size wp-elements-8b06159af21beb7bea3ca15f49be280a\" style=\"color:#004652\"><strong>Donnez nous votre impression g\u00e9n\u00e9rale sur vos \u00e9changes avec France Maccaferri<\/strong><\/p>\n\n<p class=\"has-text-align-center\">Vous avez seulement 2 secondes <br>\u00e0 nous accorder ? <\/p>\n\n<div style=\"height:33px\" aria-hidden=\"true\" class=\"wp-block-spacer\"><\/div>\n\n<p class=\"has-text-align-center\"><strong>\u00cates vous :<\/strong><\/p>\n\n<div style=\"height:35px\" aria-hidden=\"true\" class=\"wp-block-spacer\"><\/div>\n\n<div class=\"wp-block-mac-container-block box-container\"><div class=\"wp-block-columns is-layout-flex wp-container-core-columns-is-layout-9d6595d7 wp-block-columns-is-layout-flex\"><div class=\"wp-block-column is-layout-flow wp-block-column-is-layout-flow\"><figure class=\"wp-block-image size-large\"><a href=\"https:\/\/www2.maccaferri.com\/l\/965143\/2025-04-28\/5trmrb\"><img fetchpriority=\"high\" decoding=\"async\" width=\"1024\" height=\"1024\" src=\"https:\/\/www.maccaferri.com\/fr\/wp-content\/uploads\/2025\/03\/3-1024x1024.png\" alt=\"\" class=\"wp-image-94697\" srcset=\"https:\/\/www.maccaferri.com\/fr\/wp-content\/uploads\/2025\/03\/3-1024x1024.png 1024w, https:\/\/www.maccaferri.com\/fr\/wp-content\/uploads\/2025\/03\/3-300x300.png 300w, https:\/\/www.maccaferri.com\/fr\/wp-content\/uploads\/2025\/03\/3-150x150.png 150w, https:\/\/www.maccaferri.com\/fr\/wp-content\/uploads\/2025\/03\/3-768x768.png 768w, https:\/\/www.maccaferri.com\/fr\/wp-content\/uploads\/2025\/03\/3-120x120.png 120w, https:\/\/www.maccaferri.com\/fr\/wp-content\/uploads\/2025\/03\/3.png 1080w\" sizes=\"(max-width: 1024px) 100vw, 1024px\" \/><\/a><\/figure><\/div>\n\n<div class=\"wp-block-column is-layout-flow wp-block-column-is-layout-flow\"><figure class=\"wp-block-image size-large\"><a href=\"https:\/\/www2.maccaferri.com\/l\/965143\/2025-04-28\/5trmn1\"><img decoding=\"async\" width=\"1024\" height=\"1024\" src=\"https:\/\/www.maccaferri.com\/fr\/wp-content\/uploads\/2025\/03\/2-1024x1024.png\" alt=\"\" class=\"wp-image-94693\" srcset=\"https:\/\/www.maccaferri.com\/fr\/wp-content\/uploads\/2025\/03\/2-1024x1024.png 1024w, https:\/\/www.maccaferri.com\/fr\/wp-content\/uploads\/2025\/03\/2-300x300.png 300w, https:\/\/www.maccaferri.com\/fr\/wp-content\/uploads\/2025\/03\/2-150x150.png 150w, https:\/\/www.maccaferri.com\/fr\/wp-content\/uploads\/2025\/03\/2-768x768.png 768w, https:\/\/www.maccaferri.com\/fr\/wp-content\/uploads\/2025\/03\/2-120x120.png 120w, https:\/\/www.maccaferri.com\/fr\/wp-content\/uploads\/2025\/03\/2.png 1080w\" sizes=\"(max-width: 1024px) 100vw, 1024px\" \/><\/a><\/figure><\/div>\n\n<div class=\"wp-block-column is-layout-flow wp-block-column-is-layout-flow\"><figure class=\"wp-block-image size-large\"><a href=\"https:\/\/www2.maccaferri.com\/l\/965143\/2025-04-28\/5trmmx\"><img decoding=\"async\" width=\"1024\" height=\"1024\" src=\"https:\/\/www.maccaferri.com\/fr\/wp-content\/uploads\/2025\/03\/1-1024x1024.png\" alt=\"\" class=\"wp-image-94688\" srcset=\"https:\/\/www.maccaferri.com\/fr\/wp-content\/uploads\/2025\/03\/1-1024x1024.png 1024w, https:\/\/www.maccaferri.com\/fr\/wp-content\/uploads\/2025\/03\/1-300x300.png 300w, https:\/\/www.maccaferri.com\/fr\/wp-content\/uploads\/2025\/03\/1-150x150.png 150w, https:\/\/www.maccaferri.com\/fr\/wp-content\/uploads\/2025\/03\/1-768x768.png 768w, https:\/\/www.maccaferri.com\/fr\/wp-content\/uploads\/2025\/03\/1-120x120.png 120w, https:\/\/www.maccaferri.com\/fr\/wp-content\/uploads\/2025\/03\/1.png 1080w\" sizes=\"(max-width: 1024px) 100vw, 1024px\" \/><\/a><\/figure><\/div><\/div><\/div><\/div>\n\n<div class=\"wp-block-column is-layout-flow wp-block-column-is-layout-flow\"><p class=\"has-text-align-center has-text-color has-link-color has-medium-font-size wp-elements-121bc8446f1b439308ea1d34f19eb208\" style=\"color:#004652\"><strong>&nbsp;J\u2019ai plus de temps, <\/strong><br><strong>je r\u00e9ponds \u00e0 15 questions<\/strong><\/p>\n\n<div style=\"height:29px\" aria-hidden=\"true\" class=\"wp-block-spacer\"><\/div>\n\n<p class=\"has-text-align-center\">Vous avez 5 minutes \u00e0 nous accorder ? r\u00e9pondre \u00e0 notre questionnaire<\/p>\n\n<div style=\"height:40px\" aria-hidden=\"true\" class=\"wp-block-spacer\"><\/div>\n\n<div class=\"wp-block-buttons is-content-justification-center is-layout-flex wp-container-core-buttons-is-layout-16018d1d wp-block-buttons-is-layout-flex\"><div class=\"wp-block-button\"><a class=\"wp-block-button__link has-text-align-center wp-element-button\" href=\"https:\/\/www2.maccaferri.com\/l\/965143\/2025-04-28\/5trmrf\" target=\"_blank\" rel=\"noreferrer noopener\">R\u00e9pondre \u00e0 15 questions<\/a><\/div><\/div><\/div><\/div><\/div><div style=\"height:280px\" aria-hidden=\"true\" class=\"wp-block-spacer\"><\/div><div class=\"wp-block-mac-container-block box-container\"><div class=\"wp-block-columns is-layout-flex wp-container-core-columns-is-layout-9d6595d7 wp-block-columns-is-layout-flex\"><div class=\"wp-block-column is-layout-flow wp-block-column-is-layout-flow\"><figure class=\"wp-block-image aligncenter size-large\"><a href=\"https:\/\/www2.maccaferri.com\/l\/965143\/2023-08-04\/5qsdvb\" target=\"_blank\" rel=\"noreferrer noopener\"><img loading=\"lazy\" decoding=\"async\" width=\"1024\" height=\"129\" src=\"https:\/\/www.maccaferri.com\/fr\/wp-content\/uploads\/2023\/08\/Rejoignez_notre_communte_technique-1024x129.png\" alt=\"\" class=\"wp-image-53982\" srcset=\"https:\/\/www.maccaferri.com\/fr\/wp-content\/uploads\/2023\/08\/Rejoignez_notre_communte_technique-1024x129.png 1024w, https:\/\/www.maccaferri.com\/fr\/wp-content\/uploads\/2023\/08\/Rejoignez_notre_communte_technique-300x38.png 300w, https:\/\/www.maccaferri.com\/fr\/wp-content\/uploads\/2023\/08\/Rejoignez_notre_communte_technique-768x97.png 768w, https:\/\/www.maccaferri.com\/fr\/wp-content\/uploads\/2023\/08\/Rejoignez_notre_communte_technique-1536x194.png 1536w, https:\/\/www.maccaferri.com\/fr\/wp-content\/uploads\/2023\/08\/Rejoignez_notre_communte_technique-120x15.png 120w, https:\/\/www.maccaferri.com\/fr\/wp-content\/uploads\/2023\/08\/Rejoignez_notre_communte_technique.png 1584w\" sizes=\"(max-width: 1024px) 100vw, 1024px\" \/><\/a><\/figure><\/div><\/div><\/div><div style=\"height:302px\" aria-hidden=\"true\" class=\"wp-block-spacer\"><\/div>","protected":false},"excerpt":{"rendered":"<p>Votre avis nous int\u00e9resse Vous souhaitez maintenant r\u00e9pondre :<\/p>\n","protected":false},"author":7096,"featured_media":95169,"parent":0,"menu_order":0,"comment_status":"closed","ping_status":"closed","template":"","meta":{"_acf_changed":false,"_joinchat":[],"footnotes":""},"class_list":["post-95158","page","type-page","status-publish","has-post-thumbnail","hentry"],"acf":{"uuid_products":"","product-documents":""},"yoast_head":"<!-- This site is optimized with the Yoast SEO Premium plugin v27.0 (Yoast SEO v27.0) - https:\/\/yoast.com\/product\/yoast-seo-premium-wordpress\/ -->\n<title>MERCI - vous avez donn\u00e9 votre avis en apportant une expression libre - Maccaferri France<\/title>\n<meta name=\"description\" content=\"Votre avis nous int\u00e9resse Vous souhaitez maintenant r\u00e9pondre : Donnez nous votre impression g\u00e9n\u00e9rale sur vos \u00e9changes avec France Maccaferri Vous avez\" \/>\n<meta name=\"robots\" content=\"index, follow, max-snippet:-1, max-image-preview:large, max-video-preview:-1\" \/>\n<link rel=\"canonical\" href=\"https:\/\/www.maccaferri.com\/fr\/merci-vous-avez-donne-votre-avis-en-apportant-une-expression-libre\/\" \/>\n<meta property=\"og:locale\" content=\"fr_FR\" \/>\n<meta property=\"og:type\" content=\"article\" \/>\n<meta property=\"og:title\" content=\"MERCI - vous avez donn\u00e9 votre avis en apportant une expression libre\" \/>\n<meta property=\"og:description\" content=\"Votre avis nous int\u00e9resse Vous souhaitez maintenant r\u00e9pondre : Donnez nous votre impression g\u00e9n\u00e9rale sur vos \u00e9changes avec France Maccaferri Vous avez\" \/>\n<meta property=\"og:url\" content=\"https:\/\/www.maccaferri.com\/fr\/merci-vous-avez-donne-votre-avis-en-apportant-une-expression-libre\/\" \/>\n<meta property=\"og:site_name\" content=\"Maccaferri France\" \/>\n<meta property=\"article:modified_time\" content=\"2025-04-28T14:29:36+00:00\" \/>\n<meta property=\"og:image\" content=\"https:\/\/www.maccaferri.com\/fr\/wp-content\/uploads\/2025\/03\/Header-site-_-V2.png\" \/>\n\t<meta property=\"og:image:width\" content=\"1915\" \/>\n\t<meta property=\"og:image:height\" content=\"530\" \/>\n\t<meta property=\"og:image:type\" content=\"image\/png\" \/>\n<meta name=\"twitter:card\" content=\"summary_large_image\" \/>\n<meta name=\"twitter:label1\" content=\"Dur\u00e9e de lecture estim\u00e9e\" \/>\n\t<meta name=\"twitter:data1\" content=\"2 minutes\" \/>\n<script type=\"application\/ld+json\" class=\"yoast-schema-graph\">{\"@context\":\"https:\/\/schema.org\",\"@graph\":[{\"@type\":\"WebPage\",\"@id\":\"https:\/\/www.maccaferri.com\/fr\/merci-vous-avez-donne-votre-avis-en-apportant-une-expression-libre\/\",\"url\":\"https:\/\/www.maccaferri.com\/fr\/merci-vous-avez-donne-votre-avis-en-apportant-une-expression-libre\/\",\"name\":\"MERCI - vous avez donn\u00e9 votre avis en apportant une expression libre - Maccaferri France\",\"isPartOf\":{\"@id\":\"https:\/\/www.maccaferri.com\/fr\/#website\"},\"primaryImageOfPage\":{\"@id\":\"https:\/\/www.maccaferri.com\/fr\/merci-vous-avez-donne-votre-avis-en-apportant-une-expression-libre\/#primaryimage\"},\"image\":{\"@id\":\"https:\/\/www.maccaferri.com\/fr\/merci-vous-avez-donne-votre-avis-en-apportant-une-expression-libre\/#primaryimage\"},\"thumbnailUrl\":\"https:\/\/www.maccaferri.com\/fr\/wp-content\/uploads\/2025\/03\/Header-site-_-V2.png\",\"datePublished\":\"2025-04-28T13:47:45+00:00\",\"dateModified\":\"2025-04-28T14:29:36+00:00\",\"description\":\"Votre avis nous int\u00e9resse Vous souhaitez maintenant r\u00e9pondre : Donnez nous votre impression g\u00e9n\u00e9rale sur vos \u00e9changes avec France Maccaferri Vous avez\",\"breadcrumb\":{\"@id\":\"https:\/\/www.maccaferri.com\/fr\/merci-vous-avez-donne-votre-avis-en-apportant-une-expression-libre\/#breadcrumb\"},\"inLanguage\":\"fr-FR\",\"potentialAction\":[{\"@type\":\"ReadAction\",\"target\":[\"https:\/\/www.maccaferri.com\/fr\/merci-vous-avez-donne-votre-avis-en-apportant-une-expression-libre\/\"]}]},{\"@type\":\"ImageObject\",\"inLanguage\":\"fr-FR\",\"@id\":\"https:\/\/www.maccaferri.com\/fr\/merci-vous-avez-donne-votre-avis-en-apportant-une-expression-libre\/#primaryimage\",\"url\":\"https:\/\/www.maccaferri.com\/fr\/wp-content\/uploads\/2025\/03\/Header-site-_-V2.png\",\"contentUrl\":\"https:\/\/www.maccaferri.com\/fr\/wp-content\/uploads\/2025\/03\/Header-site-_-V2.png\",\"width\":1915,\"height\":530},{\"@type\":\"BreadcrumbList\",\"@id\":\"https:\/\/www.maccaferri.com\/fr\/merci-vous-avez-donne-votre-avis-en-apportant-une-expression-libre\/#breadcrumb\",\"itemListElement\":[{\"@type\":\"ListItem\",\"position\":1,\"name\":\"Home\",\"item\":\"https:\/\/www.maccaferri.com\/fr\/\"},{\"@type\":\"ListItem\",\"position\":2,\"name\":\"MERCI &#8211; vous avez donn\u00e9 votre avis en apportant une expression libre\"}]},{\"@type\":\"WebSite\",\"@id\":\"https:\/\/www.maccaferri.com\/fr\/#website\",\"url\":\"https:\/\/www.maccaferri.com\/fr\/\",\"name\":\"Maccaferri France\",\"description\":\"\",\"publisher\":{\"@id\":\"https:\/\/www.maccaferri.com\/fr\/#organization\"},\"potentialAction\":[{\"@type\":\"SearchAction\",\"target\":{\"@type\":\"EntryPoint\",\"urlTemplate\":\"https:\/\/www.maccaferri.com\/fr\/?s={search_term_string}\"},\"query-input\":{\"@type\":\"PropertyValueSpecification\",\"valueRequired\":true,\"valueName\":\"search_term_string\"}}],\"inLanguage\":\"fr-FR\"},{\"@type\":\"Organization\",\"@id\":\"https:\/\/www.maccaferri.com\/fr\/#organization\",\"name\":\"Maccaferri France\",\"url\":\"https:\/\/www.maccaferri.com\/fr\/\",\"logo\":{\"@type\":\"ImageObject\",\"inLanguage\":\"fr-FR\",\"@id\":\"https:\/\/www.maccaferri.com\/fr\/#\/schema\/logo\/image\/\",\"url\":\"https:\/\/www.maccaferri.com\/fr\/wp-content\/uploads\/2022\/07\/logo-maccaferri.png\",\"contentUrl\":\"https:\/\/www.maccaferri.com\/fr\/wp-content\/uploads\/2022\/07\/logo-maccaferri.png\",\"width\":152,\"height\":32,\"caption\":\"Maccaferri France\"},\"image\":{\"@id\":\"https:\/\/www.maccaferri.com\/fr\/#\/schema\/logo\/image\/\"}}]}<\/script>\n<!-- \/ Yoast SEO Premium plugin. -->","yoast_head_json":{"title":"MERCI - vous avez donn\u00e9 votre avis en apportant une expression libre - Maccaferri France","description":"Votre avis nous int\u00e9resse Vous souhaitez maintenant r\u00e9pondre : Donnez nous votre impression g\u00e9n\u00e9rale sur vos \u00e9changes avec France Maccaferri Vous avez","robots":{"index":"index","follow":"follow","max-snippet":"max-snippet:-1","max-image-preview":"max-image-preview:large","max-video-preview":"max-video-preview:-1"},"canonical":"https:\/\/www.maccaferri.com\/fr\/merci-vous-avez-donne-votre-avis-en-apportant-une-expression-libre\/","og_locale":"fr_FR","og_type":"article","og_title":"MERCI - vous avez donn\u00e9 votre avis en apportant une expression libre","og_description":"Votre avis nous int\u00e9resse Vous souhaitez maintenant r\u00e9pondre : Donnez nous votre impression g\u00e9n\u00e9rale sur vos \u00e9changes avec France Maccaferri Vous avez","og_url":"https:\/\/www.maccaferri.com\/fr\/merci-vous-avez-donne-votre-avis-en-apportant-une-expression-libre\/","og_site_name":"Maccaferri France","article_modified_time":"2025-04-28T14:29:36+00:00","og_image":[{"width":1915,"height":530,"url":"https:\/\/www.maccaferri.com\/fr\/wp-content\/uploads\/2025\/03\/Header-site-_-V2.png","type":"image\/png"}],"twitter_card":"summary_large_image","twitter_misc":{"Dur\u00e9e de lecture estim\u00e9e":"2 minutes"},"schema":{"@context":"https:\/\/schema.org","@graph":[{"@type":"WebPage","@id":"https:\/\/www.maccaferri.com\/fr\/merci-vous-avez-donne-votre-avis-en-apportant-une-expression-libre\/","url":"https:\/\/www.maccaferri.com\/fr\/merci-vous-avez-donne-votre-avis-en-apportant-une-expression-libre\/","name":"MERCI - vous avez donn\u00e9 votre avis en apportant une expression libre - Maccaferri France","isPartOf":{"@id":"https:\/\/www.maccaferri.com\/fr\/#website"},"primaryImageOfPage":{"@id":"https:\/\/www.maccaferri.com\/fr\/merci-vous-avez-donne-votre-avis-en-apportant-une-expression-libre\/#primaryimage"},"image":{"@id":"https:\/\/www.maccaferri.com\/fr\/merci-vous-avez-donne-votre-avis-en-apportant-une-expression-libre\/#primaryimage"},"thumbnailUrl":"https:\/\/www.maccaferri.com\/fr\/wp-content\/uploads\/2025\/03\/Header-site-_-V2.png","datePublished":"2025-04-28T13:47:45+00:00","dateModified":"2025-04-28T14:29:36+00:00","description":"Votre avis nous int\u00e9resse Vous souhaitez maintenant r\u00e9pondre : Donnez nous votre impression g\u00e9n\u00e9rale sur vos \u00e9changes avec France Maccaferri Vous avez","breadcrumb":{"@id":"https:\/\/www.maccaferri.com\/fr\/merci-vous-avez-donne-votre-avis-en-apportant-une-expression-libre\/#breadcrumb"},"inLanguage":"fr-FR","potentialAction":[{"@type":"ReadAction","target":["https:\/\/www.maccaferri.com\/fr\/merci-vous-avez-donne-votre-avis-en-apportant-une-expression-libre\/"]}]},{"@type":"ImageObject","inLanguage":"fr-FR","@id":"https:\/\/www.maccaferri.com\/fr\/merci-vous-avez-donne-votre-avis-en-apportant-une-expression-libre\/#primaryimage","url":"https:\/\/www.maccaferri.com\/fr\/wp-content\/uploads\/2025\/03\/Header-site-_-V2.png","contentUrl":"https:\/\/www.maccaferri.com\/fr\/wp-content\/uploads\/2025\/03\/Header-site-_-V2.png","width":1915,"height":530},{"@type":"BreadcrumbList","@id":"https:\/\/www.maccaferri.com\/fr\/merci-vous-avez-donne-votre-avis-en-apportant-une-expression-libre\/#breadcrumb","itemListElement":[{"@type":"ListItem","position":1,"name":"Home","item":"https:\/\/www.maccaferri.com\/fr\/"},{"@type":"ListItem","position":2,"name":"MERCI &#8211; vous avez donn\u00e9 votre avis en apportant une expression libre"}]},{"@type":"WebSite","@id":"https:\/\/www.maccaferri.com\/fr\/#website","url":"https:\/\/www.maccaferri.com\/fr\/","name":"Maccaferri France","description":"","publisher":{"@id":"https:\/\/www.maccaferri.com\/fr\/#organization"},"potentialAction":[{"@type":"SearchAction","target":{"@type":"EntryPoint","urlTemplate":"https:\/\/www.maccaferri.com\/fr\/?s={search_term_string}"},"query-input":{"@type":"PropertyValueSpecification","valueRequired":true,"valueName":"search_term_string"}}],"inLanguage":"fr-FR"},{"@type":"Organization","@id":"https:\/\/www.maccaferri.com\/fr\/#organization","name":"Maccaferri France","url":"https:\/\/www.maccaferri.com\/fr\/","logo":{"@type":"ImageObject","inLanguage":"fr-FR","@id":"https:\/\/www.maccaferri.com\/fr\/#\/schema\/logo\/image\/","url":"https:\/\/www.maccaferri.com\/fr\/wp-content\/uploads\/2022\/07\/logo-maccaferri.png","contentUrl":"https:\/\/www.maccaferri.com\/fr\/wp-content\/uploads\/2022\/07\/logo-maccaferri.png","width":152,"height":32,"caption":"Maccaferri France"},"image":{"@id":"https:\/\/www.maccaferri.com\/fr\/#\/schema\/logo\/image\/"}}]}},"_links":{"self":[{"href":"https:\/\/www.maccaferri.com\/fr\/wp-json\/wp\/v2\/pages\/95158","targetHints":{"allow":["GET"]}}],"collection":[{"href":"https:\/\/www.maccaferri.com\/fr\/wp-json\/wp\/v2\/pages"}],"about":[{"href":"https:\/\/www.maccaferri.com\/fr\/wp-json\/wp\/v2\/types\/page"}],"author":[{"embeddable":true,"href":"https:\/\/www.maccaferri.com\/fr\/wp-json\/wp\/v2\/users\/7096"}],"replies":[{"embeddable":true,"href":"https:\/\/www.maccaferri.com\/fr\/wp-json\/wp\/v2\/comments?post=95158"}],"version-history":[{"count":4,"href":"https:\/\/www.maccaferri.com\/fr\/wp-json\/wp\/v2\/pages\/95158\/revisions"}],"predecessor-version":[{"id":96829,"href":"https:\/\/www.maccaferri.com\/fr\/wp-json\/wp\/v2\/pages\/95158\/revisions\/96829"}],"wp:featuredmedia":[{"embeddable":true,"href":"https:\/\/www.maccaferri.com\/fr\/wp-json\/wp\/v2\/media\/95169"}],"wp:attachment":[{"href":"https:\/\/www.maccaferri.com\/fr\/wp-json\/wp\/v2\/media?parent=95158"}],"curies":[{"name":"wp","href":"https:\/\/api.w.org\/{rel}","templated":true}]}}