{"id":88693,"date":"2024-12-16T16:30:18","date_gmt":"2024-12-16T15:30:18","guid":{"rendered":"https:\/\/www.maccaferri.com\/fr\/?page_id=88693"},"modified":"2025-11-28T09:29:05","modified_gmt":"2025-11-28T08:29:05","slug":"episode-7-france-maccaferri-propose-aussi-des-solutions-pour-le-batiment","status":"publish","type":"page","link":"https:\/\/www.maccaferri.com\/fr\/episode-7-france-maccaferri-propose-aussi-des-solutions-pour-le-batiment\/","title":{"rendered":"\u00c9pisode 7 : France Maccaferri propose aussi des solutions pour le b\u00e2timent"},"content":{"rendered":"<div class=\"wp-block-columns is-layout-flex wp-container-core-columns-is-layout-9d6595d7 wp-block-columns-is-layout-flex\"><div class=\"wp-block-column is-layout-flow wp-block-column-is-layout-flow\"><div class=\"wp-block-columns is-layout-flex wp-container-core-columns-is-layout-9d6595d7 wp-block-columns-is-layout-flex\"><div class=\"wp-block-column is-layout-flow wp-block-column-is-layout-flow\"><div class=\"wp-block-mac-container-block box-container\"><div class=\"wp-block-columns is-layout-flex wp-container-core-columns-is-layout-9d6595d7 wp-block-columns-is-layout-flex\"><div class=\"wp-block-column is-layout-flow wp-block-column-is-layout-flow\"><div class=\"container content-paragraph box-container\"><div class=\"row\"><div class=\"col-12 col-lg-12 col-xl-12 col-xxl-12\"><h6>Le 7\u00e8me \u00e9pisode du podcast Immersion Chantier d\u00e9di\u00e9 au drainage dans le secteur du b\u00e2timent.<\/h6><div class=\"content-txt\"><p>En plus d\u2019intervenir dans les domaines g\u00e9otechnique, hydraulique, de l\u2019environnement et les risques naturels, France Maccaferri a souhait\u00e9 aussi <strong>\u00e9largir sa pr\u00e9sence<\/strong> dans le secteur du <strong>b\u00e2timent<\/strong> en France \u00e0 travers certaines de ses solutions<strong> g\u00e9osynth\u00e9tiques<\/strong> \u00e9prouv\u00e9es depuis plus de 30 ans.<\/p>\n<p>&nbsp;<\/p>\n<p>Avec cette nouvelle immersion, d\u00e9couvrons ensemble le march\u00e9 du <strong>drainage<\/strong> dans le <strong>b\u00e2timent<\/strong> avec Fabrice, charg\u00e9 de d\u00e9veloppement march\u00e9 b\u00e2timent, pour en apprendre plus sur les besoins actuels dans ce secteur, l\u2019int\u00e9r\u00eat d\u2019utiliser des g\u00e9osynth\u00e9tiques pour le drainage et l\u2019illustrer par des cas concrets.<\/p>\n<p>&nbsp;<\/p>\n<p>Pour d\u00e9couvrir notre gamme de drainage pour le b\u00e2timent, c\u2019est ici\u00a0!<\/p>\n<\/div><\/div><\/div><\/div><\/div><\/div><\/div><\/div><\/div>\n\n<div class=\"wp-block-mac-container-block box-container\"><div class=\"wp-block-columns is-layout-flex wp-container-core-columns-is-layout-9d6595d7 wp-block-columns-is-layout-flex\"><div class=\"wp-block-column is-layout-flow wp-block-column-is-layout-flow\"><div class=\"wp-block-buttons is-content-justification-center is-layout-flex wp-container-core-buttons-is-layout-16018d1d wp-block-buttons-is-layout-flex\"><div class=\"wp-block-button has-custom-width wp-block-button__width-50\"><a class=\"wp-block-button__link has-medium-font-size has-custom-font-size wp-element-button\" href=\"https:\/\/smartlinks.audiomeans.fr\/l\/immersion-chantier-c24dc8a4\/geosynthetiques-et-batiment-entretien-avec-un-expert-b4d0cfbf\" style=\"border-radius:19px\" target=\"_blank\" rel=\"noreferrer noopener\">\u00c9COUTER l&#8217;\u00c9PISODE 7<\/a><\/div><\/div><\/div><\/div><\/div><\/div><\/div><div style=\"height:100px\" aria-hidden=\"true\" class=\"wp-block-spacer\"><\/div><div class=\"wp-block-buttons is-content-justification-center is-layout-flex wp-container-core-buttons-is-layout-16018d1d wp-block-buttons-is-layout-flex\"><div class=\"wp-block-button\"><a class=\"wp-block-button__link wp-element-button\" href=\"https:\/\/www.maccaferri.com\/fr\/solutions-durables-pour-le-batiment\/\" target=\"_blank\" rel=\"noreferrer noopener\">En savoir plus sur les solutions maccaferri pour le batiment<\/a><\/div><\/div><div style=\"height:100px\" aria-hidden=\"true\" class=\"wp-block-spacer\"><\/div><div class=\"wp-block-columns is-layout-flex wp-container-core-columns-is-layout-9d6595d7 wp-block-columns-is-layout-flex\"><div class=\"wp-block-column is-layout-flow wp-block-column-is-layout-flow\"><div class=\"container-fluid carousel-image-gallery\">\n        <div class=\"row\">\n            <div id=\"carouselImageblock_3924d805e3e819d88c9c540af0d1d0a5\" class=\"carousel slide carouselImageGallery\" data-bs-ride=\"carousel\">\n                <!-- \/\/ Indicators -->\n                <ol class=\"carousel-indicators\">\n                                            <li data-bs-target=\"#carouselImageblock_3924d805e3e819d88c9c540af0d1d0a5\" data-bs-slide-to=\"0\" class=\"active\" aria-current=\"true\" aria-label=\"Slide\"><\/li>\n                                            <li data-bs-target=\"#carouselImageblock_3924d805e3e819d88c9c540af0d1d0a5\" data-bs-slide-to=\"1\" class=\"\" aria-current=\"true\" aria-label=\"Slide\"><\/li>\n                                            <li data-bs-target=\"#carouselImageblock_3924d805e3e819d88c9c540af0d1d0a5\" data-bs-slide-to=\"2\" class=\"\" aria-current=\"true\" aria-label=\"Slide\"><\/li>\n                                            <li data-bs-target=\"#carouselImageblock_3924d805e3e819d88c9c540af0d1d0a5\" data-bs-slide-to=\"3\" class=\"\" aria-current=\"true\" aria-label=\"Slide\"><\/li>\n                                            <li data-bs-target=\"#carouselImageblock_3924d805e3e819d88c9c540af0d1d0a5\" data-bs-slide-to=\"4\" class=\"\" aria-current=\"true\" aria-label=\"Slide\"><\/li>\n                                            <li data-bs-target=\"#carouselImageblock_3924d805e3e819d88c9c540af0d1d0a5\" data-bs-slide-to=\"5\" class=\"\" aria-current=\"true\" aria-label=\"Slide\"><\/li>\n                                    <\/ol>\n\n                <div class=\"carousel-inner container\" role=\"listbox\">\n                                            <div class=\"carousel-item active\">\n                        <div class=\"col-12 col-lg-4 col-xl-4 col-xxl-4 space-mobile\">\n                            <div class=\"grid-item-wrapper\">\n                                <div class=\"img-responsive-wrapper\">\n                                    <div class=\"img-responsive\">\n                                        <div class=\"img-wrapper\"><img decoding=\"async\" src=\"https:\/\/www.maccaferri.com\/fr\/wp-content\/uploads\/2024\/12\/1.roof-garden_-1.jpg\" alt=\"\" \/><\/div>\n                                    <\/div>\n                                <\/div>\n                                <div class=\"griditem-text-wrapper text-center\">\n                                    <p class=\"griditem-text text-center\">Toitures v\u00e9g\u00e9talis\u00e9es &#8211; Le Terradrain offre d&#039;excellentes performances en mati\u00e8re d&#039;\u00e9coulement des eaux pluviales, am\u00e9liorant la stabilit\u00e9 statique des structures et pr\u00e9venant la pourriture des racines des toitures v\u00e9g\u00e9talis\u00e9es tout en assurant un drainage efficace (du 4 au 20mm d\u2019\u00e9paisseur). <\/p>\n                   \n                                <\/div>\n                            <\/div>\n                        <\/div>\n                        <\/div>\n                                            <div class=\"carousel-item \">\n                        <div class=\"col-12 col-lg-4 col-xl-4 col-xxl-4 space-mobile\">\n                            <div class=\"grid-item-wrapper\">\n                                <div class=\"img-responsive-wrapper\">\n                                    <div class=\"img-responsive\">\n                                        <div class=\"img-wrapper\"><img decoding=\"async\" src=\"https:\/\/www.maccaferri.com\/fr\/wp-content\/uploads\/2024\/12\/2.metallic-roof_.jpg\" alt=\"\" \/><\/div>\n                                    <\/div>\n                                <\/div>\n                                <div class=\"griditem-text-wrapper text-center\">\n                                    <p class=\"griditem-text text-center\">Toitures m\u00e9talliques &#8211; Le produit Maccaferri pour les toitures est la combinaison d&#039;une membrane imperm\u00e9able hautement respirante et d\u2019un g\u00e9otextile polym\u00e8re tridimensionnel.<\/p>\n                   \n                                <\/div>\n                            <\/div>\n                        <\/div>\n                        <\/div>\n                                            <div class=\"carousel-item \">\n                        <div class=\"col-12 col-lg-4 col-xl-4 col-xxl-4 space-mobile\">\n                            <div class=\"grid-item-wrapper\">\n                                <div class=\"img-responsive-wrapper\">\n                                    <div class=\"img-responsive\">\n                                        <div class=\"img-wrapper\"><img decoding=\"async\" src=\"https:\/\/www.maccaferri.com\/fr\/wp-content\/uploads\/2024\/12\/3.building-fondation_.jpg\" alt=\"\" \/><\/div>\n                                    <\/div>\n                                <\/div>\n                                <div class=\"griditem-text-wrapper text-center\">\n                                    <p class=\"griditem-text text-center\">Fondations des b\u00e2timents &#8211; Le TerraDrain M est pos\u00e9 verticalement en contact des murs enterr\u00e9s, il permet de prot\u00e9ger et de drainer les eaux d\u2019infiltrations vers le drain collecteur. <\/p>\n                   \n                                <\/div>\n                            <\/div>\n                        <\/div>\n                        <\/div>\n                                            <div class=\"carousel-item \">\n                        <div class=\"col-12 col-lg-4 col-xl-4 col-xxl-4 space-mobile\">\n                            <div class=\"grid-item-wrapper\">\n                                <div class=\"img-responsive-wrapper\">\n                                    <div class=\"img-responsive\">\n                                        <div class=\"img-wrapper\"><img decoding=\"async\" src=\"https:\/\/www.maccaferri.com\/fr\/wp-content\/uploads\/2024\/12\/4.pkg-area_.jpg\" alt=\"\" \/><\/div>\n                                    <\/div>\n                                <\/div>\n                                <div class=\"griditem-text-wrapper text-center\">\n                                    <p class=\"griditem-text text-center\">Drainage des zones de parking (sous dallage, pav\u00e9s, \u2026) : Le TerraDrain W avec ses canaux parall\u00e8les permet de supporter des charges importantes (dalle b\u00e9ton, radier, pav\u00e9s, \u2026). Il draine les remont\u00e9es de nappe ou les eaux d\u2019infiltrations et permet de r\u00e9aliser moins de terrassement. <\/p>\n                   \n                                <\/div>\n                            <\/div>\n                        <\/div>\n                        <\/div>\n                                            <div class=\"carousel-item \">\n                        <div class=\"col-12 col-lg-4 col-xl-4 col-xxl-4 space-mobile\">\n                            <div class=\"grid-item-wrapper\">\n                                <div class=\"img-responsive-wrapper\">\n                                    <div class=\"img-responsive\">\n                                        <div class=\"img-wrapper\"><img decoding=\"async\" src=\"https:\/\/www.maccaferri.com\/fr\/wp-content\/uploads\/2024\/12\/5.green-pkg-area_.jpg\" alt=\"\" \/><\/div>\n                                    <\/div>\n                                <\/div>\n                                <div class=\"griditem-text-wrapper text-center\">\n                                    <p class=\"griditem-text text-center\">Drainage pour les parkings v\u00e9g\u00e9talis\u00e9s &#8211; Le multicomposite pour espaces verts prot\u00e8ge les pelouses dans les zones de stationnement, \u00e9vitant que le gazon ne soit endommag\u00e9 par le stationnement des v\u00e9hicules.<\/p>\n                   \n                                <\/div>\n                            <\/div>\n                        <\/div>\n                        <\/div>\n                                            <div class=\"carousel-item \">\n                        <div class=\"col-12 col-lg-4 col-xl-4 col-xxl-4 space-mobile\">\n                            <div class=\"grid-item-wrapper\">\n                                <div class=\"img-responsive-wrapper\">\n                                    <div class=\"img-responsive\">\n                                        <div class=\"img-wrapper\"><img decoding=\"async\" src=\"https:\/\/www.maccaferri.com\/fr\/wp-content\/uploads\/2024\/12\/retaining-walls.jpg\" alt=\"\" \/><\/div>\n                                    <\/div>\n                                <\/div>\n                                <div class=\"griditem-text-wrapper text-center\">\n                                    <p class=\"griditem-text text-center\">Murs de sout\u00e8nement &#8211; En contact vertical direct sur le mur de sout\u00e8nement, le TerraDrain M permet de prot\u00e9ger et de drainer les eaux d\u2019infiltrations vers le drain collecteur. <\/p>\n                   \n                                <\/div>\n                            <\/div>\n                        <\/div>\n                        <\/div>\n                                    <\/div>\n            <\/div>\n\n        <\/div>\n    <\/div><\/div><\/div>","protected":false},"excerpt":{"rendered":"","protected":false},"author":7096,"featured_media":89189,"parent":0,"menu_order":0,"comment_status":"closed","ping_status":"closed","template":"","meta":{"_acf_changed":false,"_joinchat":[],"footnotes":""},"class_list":["post-88693","page","type-page","status-publish","has-post-thumbnail","hentry"],"acf":{"uuid_products":"","product-documents":""},"yoast_head":"<!-- This site is optimized with the Yoast SEO Premium plugin v27.0 (Yoast SEO v27.0) - https:\/\/yoast.com\/product\/yoast-seo-premium-wordpress\/ -->\n<title>\u00c9pisode 7 : France Maccaferri propose aussi des solutions pour le b\u00e2timent - Maccaferri France<\/title>\n<meta name=\"description\" content=\"Le 7\u00e8me \u00e9pisode du podcast Immersion Chantier d\u00e9di\u00e9 au drainage dans le secteur du b\u00e2timent. Entretien avec un expert.\" \/>\n<meta name=\"robots\" content=\"index, follow, max-snippet:-1, max-image-preview:large, max-video-preview:-1\" \/>\n<link rel=\"canonical\" href=\"https:\/\/www.maccaferri.com\/fr\/episode-7-france-maccaferri-propose-aussi-des-solutions-pour-le-batiment\/\" \/>\n<meta property=\"og:locale\" content=\"fr_FR\" \/>\n<meta property=\"og:type\" content=\"article\" \/>\n<meta property=\"og:title\" content=\"\u00c9pisode 7 : France Maccaferri propose aussi des solutions pour le b\u00e2timent\" \/>\n<meta property=\"og:description\" content=\"Le 7\u00e8me \u00e9pisode du podcast Immersion Chantier d\u00e9di\u00e9 au drainage dans le secteur du b\u00e2timent. Entretien avec un expert.\" \/>\n<meta property=\"og:url\" content=\"https:\/\/www.maccaferri.com\/fr\/episode-7-france-maccaferri-propose-aussi-des-solutions-pour-le-batiment\/\" \/>\n<meta property=\"og:site_name\" content=\"Maccaferri France\" \/>\n<meta property=\"article:modified_time\" content=\"2025-11-28T08:29:05+00:00\" \/>\n<meta property=\"og:image\" content=\"https:\/\/www.maccaferri.com\/fr\/wp-content\/uploads\/2025\/01\/episode-7-1.png\" \/>\n\t<meta property=\"og:image:width\" content=\"1915\" \/>\n\t<meta property=\"og:image:height\" content=\"530\" \/>\n\t<meta property=\"og:image:type\" content=\"image\/png\" \/>\n<meta name=\"twitter:card\" content=\"summary_large_image\" \/>\n<meta name=\"twitter:label1\" content=\"Dur\u00e9e de lecture estim\u00e9e\" \/>\n\t<meta name=\"twitter:data1\" content=\"1 minute\" \/>\n<script type=\"application\/ld+json\" class=\"yoast-schema-graph\">{\"@context\":\"https:\/\/schema.org\",\"@graph\":[{\"@type\":\"WebPage\",\"@id\":\"https:\/\/www.maccaferri.com\/fr\/episode-7-france-maccaferri-propose-aussi-des-solutions-pour-le-batiment\/\",\"url\":\"https:\/\/www.maccaferri.com\/fr\/episode-7-france-maccaferri-propose-aussi-des-solutions-pour-le-batiment\/\",\"name\":\"\u00c9pisode 7 : France Maccaferri propose aussi des solutions pour le b\u00e2timent - Maccaferri France\",\"isPartOf\":{\"@id\":\"https:\/\/www.maccaferri.com\/fr\/#website\"},\"primaryImageOfPage\":{\"@id\":\"https:\/\/www.maccaferri.com\/fr\/episode-7-france-maccaferri-propose-aussi-des-solutions-pour-le-batiment\/#primaryimage\"},\"image\":{\"@id\":\"https:\/\/www.maccaferri.com\/fr\/episode-7-france-maccaferri-propose-aussi-des-solutions-pour-le-batiment\/#primaryimage\"},\"thumbnailUrl\":\"https:\/\/www.maccaferri.com\/fr\/wp-content\/uploads\/2025\/01\/episode-7-1.png\",\"datePublished\":\"2024-12-16T15:30:18+00:00\",\"dateModified\":\"2025-11-28T08:29:05+00:00\",\"description\":\"Le 7\u00e8me \u00e9pisode du podcast Immersion Chantier d\u00e9di\u00e9 au drainage dans le secteur du b\u00e2timent. Entretien avec un expert.\",\"breadcrumb\":{\"@id\":\"https:\/\/www.maccaferri.com\/fr\/episode-7-france-maccaferri-propose-aussi-des-solutions-pour-le-batiment\/#breadcrumb\"},\"inLanguage\":\"fr-FR\",\"potentialAction\":[{\"@type\":\"ReadAction\",\"target\":[\"https:\/\/www.maccaferri.com\/fr\/episode-7-france-maccaferri-propose-aussi-des-solutions-pour-le-batiment\/\"]}]},{\"@type\":\"ImageObject\",\"inLanguage\":\"fr-FR\",\"@id\":\"https:\/\/www.maccaferri.com\/fr\/episode-7-france-maccaferri-propose-aussi-des-solutions-pour-le-batiment\/#primaryimage\",\"url\":\"https:\/\/www.maccaferri.com\/fr\/wp-content\/uploads\/2025\/01\/episode-7-1.png\",\"contentUrl\":\"https:\/\/www.maccaferri.com\/fr\/wp-content\/uploads\/2025\/01\/episode-7-1.png\",\"width\":1915,\"height\":530},{\"@type\":\"BreadcrumbList\",\"@id\":\"https:\/\/www.maccaferri.com\/fr\/episode-7-france-maccaferri-propose-aussi-des-solutions-pour-le-batiment\/#breadcrumb\",\"itemListElement\":[{\"@type\":\"ListItem\",\"position\":1,\"name\":\"Home\",\"item\":\"https:\/\/www.maccaferri.com\/fr\/\"},{\"@type\":\"ListItem\",\"position\":2,\"name\":\"\u00c9pisode 7 : France Maccaferri propose aussi des solutions pour le b\u00e2timent\"}]},{\"@type\":\"WebSite\",\"@id\":\"https:\/\/www.maccaferri.com\/fr\/#website\",\"url\":\"https:\/\/www.maccaferri.com\/fr\/\",\"name\":\"Maccaferri France\",\"description\":\"\",\"publisher\":{\"@id\":\"https:\/\/www.maccaferri.com\/fr\/#organization\"},\"potentialAction\":[{\"@type\":\"SearchAction\",\"target\":{\"@type\":\"EntryPoint\",\"urlTemplate\":\"https:\/\/www.maccaferri.com\/fr\/?s={search_term_string}\"},\"query-input\":{\"@type\":\"PropertyValueSpecification\",\"valueRequired\":true,\"valueName\":\"search_term_string\"}}],\"inLanguage\":\"fr-FR\"},{\"@type\":\"Organization\",\"@id\":\"https:\/\/www.maccaferri.com\/fr\/#organization\",\"name\":\"Maccaferri France\",\"url\":\"https:\/\/www.maccaferri.com\/fr\/\",\"logo\":{\"@type\":\"ImageObject\",\"inLanguage\":\"fr-FR\",\"@id\":\"https:\/\/www.maccaferri.com\/fr\/#\/schema\/logo\/image\/\",\"url\":\"https:\/\/www.maccaferri.com\/fr\/wp-content\/uploads\/2022\/07\/logo-maccaferri.png\",\"contentUrl\":\"https:\/\/www.maccaferri.com\/fr\/wp-content\/uploads\/2022\/07\/logo-maccaferri.png\",\"width\":152,\"height\":32,\"caption\":\"Maccaferri France\"},\"image\":{\"@id\":\"https:\/\/www.maccaferri.com\/fr\/#\/schema\/logo\/image\/\"}}]}<\/script>\n<!-- \/ Yoast SEO Premium plugin. -->","yoast_head_json":{"title":"\u00c9pisode 7 : France Maccaferri propose aussi des solutions pour le b\u00e2timent - Maccaferri France","description":"Le 7\u00e8me \u00e9pisode du podcast Immersion Chantier d\u00e9di\u00e9 au drainage dans le secteur du b\u00e2timent. Entretien avec un expert.","robots":{"index":"index","follow":"follow","max-snippet":"max-snippet:-1","max-image-preview":"max-image-preview:large","max-video-preview":"max-video-preview:-1"},"canonical":"https:\/\/www.maccaferri.com\/fr\/episode-7-france-maccaferri-propose-aussi-des-solutions-pour-le-batiment\/","og_locale":"fr_FR","og_type":"article","og_title":"\u00c9pisode 7 : France Maccaferri propose aussi des solutions pour le b\u00e2timent","og_description":"Le 7\u00e8me \u00e9pisode du podcast Immersion Chantier d\u00e9di\u00e9 au drainage dans le secteur du b\u00e2timent. Entretien avec un expert.","og_url":"https:\/\/www.maccaferri.com\/fr\/episode-7-france-maccaferri-propose-aussi-des-solutions-pour-le-batiment\/","og_site_name":"Maccaferri France","article_modified_time":"2025-11-28T08:29:05+00:00","og_image":[{"width":1915,"height":530,"url":"https:\/\/www.maccaferri.com\/fr\/wp-content\/uploads\/2025\/01\/episode-7-1.png","type":"image\/png"}],"twitter_card":"summary_large_image","twitter_misc":{"Dur\u00e9e de lecture estim\u00e9e":"1 minute"},"schema":{"@context":"https:\/\/schema.org","@graph":[{"@type":"WebPage","@id":"https:\/\/www.maccaferri.com\/fr\/episode-7-france-maccaferri-propose-aussi-des-solutions-pour-le-batiment\/","url":"https:\/\/www.maccaferri.com\/fr\/episode-7-france-maccaferri-propose-aussi-des-solutions-pour-le-batiment\/","name":"\u00c9pisode 7 : France Maccaferri propose aussi des solutions pour le b\u00e2timent - Maccaferri France","isPartOf":{"@id":"https:\/\/www.maccaferri.com\/fr\/#website"},"primaryImageOfPage":{"@id":"https:\/\/www.maccaferri.com\/fr\/episode-7-france-maccaferri-propose-aussi-des-solutions-pour-le-batiment\/#primaryimage"},"image":{"@id":"https:\/\/www.maccaferri.com\/fr\/episode-7-france-maccaferri-propose-aussi-des-solutions-pour-le-batiment\/#primaryimage"},"thumbnailUrl":"https:\/\/www.maccaferri.com\/fr\/wp-content\/uploads\/2025\/01\/episode-7-1.png","datePublished":"2024-12-16T15:30:18+00:00","dateModified":"2025-11-28T08:29:05+00:00","description":"Le 7\u00e8me \u00e9pisode du podcast Immersion Chantier d\u00e9di\u00e9 au drainage dans le secteur du b\u00e2timent. Entretien avec un expert.","breadcrumb":{"@id":"https:\/\/www.maccaferri.com\/fr\/episode-7-france-maccaferri-propose-aussi-des-solutions-pour-le-batiment\/#breadcrumb"},"inLanguage":"fr-FR","potentialAction":[{"@type":"ReadAction","target":["https:\/\/www.maccaferri.com\/fr\/episode-7-france-maccaferri-propose-aussi-des-solutions-pour-le-batiment\/"]}]},{"@type":"ImageObject","inLanguage":"fr-FR","@id":"https:\/\/www.maccaferri.com\/fr\/episode-7-france-maccaferri-propose-aussi-des-solutions-pour-le-batiment\/#primaryimage","url":"https:\/\/www.maccaferri.com\/fr\/wp-content\/uploads\/2025\/01\/episode-7-1.png","contentUrl":"https:\/\/www.maccaferri.com\/fr\/wp-content\/uploads\/2025\/01\/episode-7-1.png","width":1915,"height":530},{"@type":"BreadcrumbList","@id":"https:\/\/www.maccaferri.com\/fr\/episode-7-france-maccaferri-propose-aussi-des-solutions-pour-le-batiment\/#breadcrumb","itemListElement":[{"@type":"ListItem","position":1,"name":"Home","item":"https:\/\/www.maccaferri.com\/fr\/"},{"@type":"ListItem","position":2,"name":"\u00c9pisode 7 : France Maccaferri propose aussi des solutions pour le b\u00e2timent"}]},{"@type":"WebSite","@id":"https:\/\/www.maccaferri.com\/fr\/#website","url":"https:\/\/www.maccaferri.com\/fr\/","name":"Maccaferri France","description":"","publisher":{"@id":"https:\/\/www.maccaferri.com\/fr\/#organization"},"potentialAction":[{"@type":"SearchAction","target":{"@type":"EntryPoint","urlTemplate":"https:\/\/www.maccaferri.com\/fr\/?s={search_term_string}"},"query-input":{"@type":"PropertyValueSpecification","valueRequired":true,"valueName":"search_term_string"}}],"inLanguage":"fr-FR"},{"@type":"Organization","@id":"https:\/\/www.maccaferri.com\/fr\/#organization","name":"Maccaferri France","url":"https:\/\/www.maccaferri.com\/fr\/","logo":{"@type":"ImageObject","inLanguage":"fr-FR","@id":"https:\/\/www.maccaferri.com\/fr\/#\/schema\/logo\/image\/","url":"https:\/\/www.maccaferri.com\/fr\/wp-content\/uploads\/2022\/07\/logo-maccaferri.png","contentUrl":"https:\/\/www.maccaferri.com\/fr\/wp-content\/uploads\/2022\/07\/logo-maccaferri.png","width":152,"height":32,"caption":"Maccaferri France"},"image":{"@id":"https:\/\/www.maccaferri.com\/fr\/#\/schema\/logo\/image\/"}}]}},"_links":{"self":[{"href":"https:\/\/www.maccaferri.com\/fr\/wp-json\/wp\/v2\/pages\/88693","targetHints":{"allow":["GET"]}}],"collection":[{"href":"https:\/\/www.maccaferri.com\/fr\/wp-json\/wp\/v2\/pages"}],"about":[{"href":"https:\/\/www.maccaferri.com\/fr\/wp-json\/wp\/v2\/types\/page"}],"author":[{"embeddable":true,"href":"https:\/\/www.maccaferri.com\/fr\/wp-json\/wp\/v2\/users\/7096"}],"replies":[{"embeddable":true,"href":"https:\/\/www.maccaferri.com\/fr\/wp-json\/wp\/v2\/comments?post=88693"}],"version-history":[{"count":11,"href":"https:\/\/www.maccaferri.com\/fr\/wp-json\/wp\/v2\/pages\/88693\/revisions"}],"predecessor-version":[{"id":114516,"href":"https:\/\/www.maccaferri.com\/fr\/wp-json\/wp\/v2\/pages\/88693\/revisions\/114516"}],"wp:featuredmedia":[{"embeddable":true,"href":"https:\/\/www.maccaferri.com\/fr\/wp-json\/wp\/v2\/media\/89189"}],"wp:attachment":[{"href":"https:\/\/www.maccaferri.com\/fr\/wp-json\/wp\/v2\/media?parent=88693"}],"curies":[{"name":"wp","href":"https:\/\/api.w.org\/{rel}","templated":true}]}}