{"id":88406,"date":"2023-06-19T12:45:03","date_gmt":"2023-06-19T10:45:03","guid":{"rendered":"https:\/\/www.maccaferri.com\/fr\/?page_id=88406"},"modified":"2025-10-06T15:29:26","modified_gmt":"2025-10-06T13:29:26","slug":"informative-technical-package","status":"publish","type":"page","link":"https:\/\/www.maccaferri.com\/fr\/informative-technical-package\/","title":{"rendered":"Informative Technical Package"},"content":{"rendered":"<div class=\"wp-block-mac-slider-hero-block hero-slider\"><div id=\"hero40\" class=\"carousel slide\" data-bs-ride=\"true\"><ol class=\"carousel-indicators box-container\"><li data-bs-target=\"#hero40\" data-bs-slide-to=\"0\" class=\"active\"><\/li><\/ol><div class=\"carousel-inner\"><div class=\"carousel-item active\"><div class=\"hero\"><div class=\"gts__picture\"><img decoding=\"async\" src=\"https:\/\/www.maccaferri.com\/fr\/wp-content\/uploads\/2023\/06\/Immagine-testa-sito-1.png\" style=\"display:none\"\/><div class=\"gts__picture__image\" style=\"background-image:url(https:\/\/www.maccaferri.com\/fr\/wp-content\/uploads\/2023\/06\/Immagine-testa-sito-1.png)\"><\/div><\/div><div class=\"container box-container\"><div class=\"row\"><div class=\"col-12 col-lg-6 col-xl-6 col-xxl-6\"><p><span class=\"hero-index\" style=\"display:none\">0<\/span><\/p><h2 class=\"hero-text-container\"><span class=\"hero-text\">RESSOURCES POUR LA GESTION DES G\u00c9ORISQUES<\/span><\/h2><a class=\"hero-buttonurl\" href=\"https:\/\/www.maccaferri.com\/informative-technical-package\/#download\"><span class=\"hero-buttontext\">T\u00c9L\u00c9CHARGER MAINTENANT<\/span><\/a><\/div><\/div><\/div><\/div><\/div><\/div><button class=\"carousel-control-prev\" href=\"#hero40\" type=\"button\" data-bs-slide=\"prev\"><span class=\"carousel-control-prev-icon\" aria-hidden=\"true\"><\/span><span class=\"visually-hidden\">Previous<\/span><\/button><button class=\"carousel-control-next\" href=\"#hero40\" type=\"button\" data-bs-slide=\"next\"><span class=\"carousel-control-next-icon\" aria-hidden=\"true\"><\/span><span class=\"visually-hidden\">Next<\/span><\/button><\/div><\/div><div class=\"wp-block-columns has-background is-layout-flex wp-container-core-columns-is-layout-9d6595d7 wp-block-columns-is-layout-flex\" style=\"background-color:#004857\"><div class=\"wp-block-column is-layout-flow wp-block-column-is-layout-flow\"><div class=\"wp-block-mac-title-cta-two-block container box-container\" style=\"background:#004857\"><div class=\"row\"><div class=\"col-12 col-lg-5 col-xl-5 col-xxl-5 title-box-txt\"><H2 class=\"wp-block-mac-title-cta-two-block\" style=\"color:#A7C8CB\">NOS CHOIX<\/H2><\/div><div class=\"col-12 offset-lg-1 offset-xl-1 offset-xxl-1 col-lg-6 col-xl-6 col-xxl-6 title-box-txt\"><div style=\"text-align:right\"><p class=\"wp-block-mac-title-cta-two-block\" style=\"color:#FFFFFF\">Les syst\u00e8mes de protection contre les chutes de blocs et la gestion des risques sont essentiels pour la s\u00e9curit\u00e9 des routes, des chemins de fer, des op\u00e9rations mini\u00e8res et des infrastructures. M\u00eame les petits incidents peuvent provoquer des perturbations importantes et des impacts \u00e9conomiques. Les b\u00e2timents et installations vuln\u00e9rables sont \u00e9galement \u00e0 risque en raison des chutes de blocs, des laves torrentielles et des avalanches. Avec plus de 60 ans d&#8217;exp\u00e9rience, Maccaferri propose une large gamme de syst\u00e8mes de protection contre les chutes de pierres et de blocs et des solutions pour l\u2019att\u00e9nuation des risques naturels. Certifi\u00e9s, test\u00e9s et conformes aux normes les plus r\u00e9centes, le logiciel de dimensionnement MAC.RO\u2122 est facile \u00e0 installer et propose une protection efficace dans le monde entier.<\/p><\/div><div style=\"text-align:right\"><a href=\"https:\/\/www.maccaferri.com\/informative-technical-package\/#download\" target=\"_blank\" class=\"buttonurl\" rel=\"noopener\"><span class=\"buttontext\">T\u00c9L\u00c9CHARGER MAINTENANT<\/span><\/a><\/div><\/div><\/div><\/div><\/div><\/div><div class=\"wp-block-columns is-layout-flex wp-container-core-columns-is-layout-9d6595d7 wp-block-columns-is-layout-flex\"><div class=\"wp-block-column is-layout-flow wp-block-column-is-layout-flow\" id=\"download\"><\/div><\/div><div class=\"wp-block-mac-container-block box-container\"><div class=\"wp-block-columns is-layout-flex wp-container-core-columns-is-layout-9d6595d7 wp-block-columns-is-layout-flex\"><div class=\"wp-block-column is-layout-flow wp-block-column-is-layout-flow\"><div class=\"wp-block-mac-card-new-block block-latest-news-container\"><div class=\"card\"><div class=\"content-images\"><img decoding=\"async\" class=\"box-image\" src=\"https:\/\/www.maccaferri.com\/wp-content\/uploads\/2023\/06\/rockfall-1.png\" alt=\"Image Stories\"\/><\/div><div class=\"card-body\"><h6 class=\"wp-block-mac-card-new-block\" style=\"color:#212429\">Brochure Rockfall<\/h6><span class=\"abstract\" style=\"color:#212429\"><\/span><a href=\"https:\/\/www2.maccaferri.com\/l\/965143\/2023-06-26\/5qmxjy\" target=\"_blank\" class=\"cta\" rel=\"noopener\"><span class=\"text\" style=\"color:#004857\">Download<\/span><\/a><div class=\"star\"><span class=\"material-symbols-rounded starrate\">star<\/span><\/div><\/div><\/div><\/div><\/div>\n\n<div class=\"wp-block-column is-layout-flow wp-block-column-is-layout-flow\"><div class=\"wp-block-mac-card-new-block block-latest-news-container\"><div class=\"card\"><div class=\"content-images\"><img decoding=\"async\" class=\"box-image\" src=\"https:\/\/www.maccaferri.com\/wp-content\/uploads\/2023\/06\/hellomac_card.png\" alt=\"Image Stories\"\/><\/div><div class=\"card-body\"><h6 class=\"wp-block-mac-card-new-block\" style=\"color:#212429\">HELLOMAC PPT<\/h6><span class=\"abstract\" style=\"color:#212429\"><\/span><a href=\"https:\/\/www2.maccaferri.com\/l\/965143\/2023-06-26\/5qmxj5\" target=\"_blank\" class=\"cta\" rel=\"noopener\"><span class=\"text\" style=\"color:#004857\">Download<\/span><\/a><div class=\"star\"><span class=\"material-symbols-rounded starrate\">star<\/span><\/div><\/div><\/div><\/div><\/div>\n\n<div class=\"wp-block-column is-layout-flow wp-block-column-is-layout-flow\"><div class=\"wp-block-mac-card-new-block block-latest-news-container\"><div class=\"card\"><div class=\"content-images\"><img decoding=\"async\" class=\"box-image\" src=\"https:\/\/www.maccaferri.com\/wp-content\/uploads\/2023\/06\/MacArmour.png\" alt=\"Image Stories\"\/><\/div><div class=\"card-body\"><h6 class=\"wp-block-mac-card-new-block\" style=\"color:#212429\">MacArmour PPT<\/h6><span class=\"abstract\" style=\"color:#212429\"><\/span><a href=\"https:\/\/www2.maccaferri.com\/l\/965143\/2023-06-26\/5qmxhn\" target=\"_blank\" class=\"cta\" rel=\"noopener\"><span class=\"text\" style=\"color:#004857\">Download<\/span><\/a><div class=\"star\"><span class=\"material-symbols-rounded starrate\">star<\/span><\/div><\/div><\/div><\/div><\/div>\n\n<div class=\"wp-block-column is-layout-flow wp-block-column-is-layout-flow\"><div class=\"wp-block-mac-card-new-block block-latest-news-container\"><div class=\"card\"><div class=\"content-images\"><img decoding=\"async\" class=\"box-image\" src=\"https:\/\/www.maccaferri.com\/wp-content\/uploads\/2023\/06\/Hydaulic-1.png\" alt=\"Image Stories\"\/><\/div><div class=\"card-body\"><h6 class=\"wp-block-mac-card-new-block\" style=\"color:#212429\">Brochure Hydraulic Works<\/h6><span class=\"abstract\" style=\"color:#212429\"><\/span><a href=\"https:\/\/www2.maccaferri.com\/l\/965143\/2023-06-26\/5qmxhc\" target=\"_blank\" class=\"cta\" rel=\"noopener\"><span class=\"text\" style=\"color:#004857\">Downlaod<\/span><\/a><div class=\"star\"><span class=\"material-symbols-rounded starrate\">star<\/span><\/div><\/div><\/div><\/div><\/div><\/div><\/div>","protected":false},"excerpt":{"rendered":"","protected":false},"author":6,"featured_media":0,"parent":0,"menu_order":0,"comment_status":"closed","ping_status":"closed","template":"","meta":{"_acf_changed":false,"_joinchat":[],"footnotes":""},"class_list":["post-88406","page","type-page","status-publish","hentry"],"acf":{"uuid_products":"","product-documents":""},"yoast_head":"<!-- This site is optimized with the Yoast SEO Premium plugin v27.0 (Yoast SEO v27.0) - https:\/\/yoast.com\/product\/yoast-seo-premium-wordpress\/ -->\n<title>Informative Technical Package - Maccaferri France<\/title>\n<meta name=\"description\" content=\"0RESSOURCES POUR LA GESTION DES G\u00c9ORISQUEST\u00c9L\u00c9CHARGER MAINTENANTPreviousNext NOS CHOIXLes syst\u00e8mes de protection contre les chutes de blocs et la gestion\" \/>\n<meta name=\"robots\" content=\"index, follow, max-snippet:-1, max-image-preview:large, max-video-preview:-1\" \/>\n<link rel=\"canonical\" href=\"https:\/\/www.maccaferri.com\/fr\/informative-technical-package\/\" \/>\n<meta property=\"og:locale\" content=\"fr_FR\" \/>\n<meta property=\"og:type\" content=\"article\" \/>\n<meta property=\"og:title\" content=\"Informative Technical Package\" \/>\n<meta property=\"og:description\" content=\"0RESSOURCES POUR LA GESTION DES G\u00c9ORISQUEST\u00c9L\u00c9CHARGER MAINTENANTPreviousNext NOS CHOIXLes syst\u00e8mes de protection contre les chutes de blocs et la gestion\" \/>\n<meta property=\"og:url\" content=\"https:\/\/www.maccaferri.com\/fr\/informative-technical-package\/\" \/>\n<meta property=\"og:site_name\" content=\"Maccaferri France\" \/>\n<meta property=\"article:modified_time\" content=\"2025-10-06T13:29:26+00:00\" \/>\n<meta property=\"og:image\" content=\"https:\/\/www.maccaferri.com\/fr\/wp-content\/uploads\/2023\/06\/Immagine-testa-sito-1.png\" \/>\n<meta name=\"twitter:card\" content=\"summary_large_image\" \/>\n<meta name=\"twitter:label1\" content=\"Dur\u00e9e de lecture estim\u00e9e\" \/>\n\t<meta name=\"twitter:data1\" content=\"2 minutes\" \/>\n<script type=\"application\/ld+json\" class=\"yoast-schema-graph\">{\"@context\":\"https:\/\/schema.org\",\"@graph\":[{\"@type\":\"WebPage\",\"@id\":\"https:\/\/www.maccaferri.com\/fr\/informative-technical-package\/\",\"url\":\"https:\/\/www.maccaferri.com\/fr\/informative-technical-package\/\",\"name\":\"Informative Technical Package - Maccaferri France\",\"isPartOf\":{\"@id\":\"https:\/\/www.maccaferri.com\/fr\/#website\"},\"primaryImageOfPage\":{\"@id\":\"https:\/\/www.maccaferri.com\/fr\/informative-technical-package\/#primaryimage\"},\"image\":{\"@id\":\"https:\/\/www.maccaferri.com\/fr\/informative-technical-package\/#primaryimage\"},\"thumbnailUrl\":\"https:\/\/www.maccaferri.com\/fr\/wp-content\/uploads\/2023\/06\/Immagine-testa-sito-1.png\",\"datePublished\":\"2023-06-19T10:45:03+00:00\",\"dateModified\":\"2025-10-06T13:29:26+00:00\",\"description\":\"0RESSOURCES POUR LA GESTION DES G\u00c9ORISQUEST\u00c9L\u00c9CHARGER MAINTENANTPreviousNext NOS CHOIXLes syst\u00e8mes de protection contre les chutes de blocs et la gestion\",\"breadcrumb\":{\"@id\":\"https:\/\/www.maccaferri.com\/fr\/informative-technical-package\/#breadcrumb\"},\"inLanguage\":\"fr-FR\",\"potentialAction\":[{\"@type\":\"ReadAction\",\"target\":[\"https:\/\/www.maccaferri.com\/fr\/informative-technical-package\/\"]}]},{\"@type\":\"ImageObject\",\"inLanguage\":\"fr-FR\",\"@id\":\"https:\/\/www.maccaferri.com\/fr\/informative-technical-package\/#primaryimage\",\"url\":\"https:\/\/www.maccaferri.com\/fr\/wp-content\/uploads\/2023\/06\/Immagine-testa-sito-1.png\",\"contentUrl\":\"https:\/\/www.maccaferri.com\/fr\/wp-content\/uploads\/2023\/06\/Immagine-testa-sito-1.png\",\"width\":1915,\"height\":530},{\"@type\":\"BreadcrumbList\",\"@id\":\"https:\/\/www.maccaferri.com\/fr\/informative-technical-package\/#breadcrumb\",\"itemListElement\":[{\"@type\":\"ListItem\",\"position\":1,\"name\":\"Home\",\"item\":\"https:\/\/www.maccaferri.com\/fr\/\"},{\"@type\":\"ListItem\",\"position\":2,\"name\":\"Informative Technical Package\"}]},{\"@type\":\"WebSite\",\"@id\":\"https:\/\/www.maccaferri.com\/fr\/#website\",\"url\":\"https:\/\/www.maccaferri.com\/fr\/\",\"name\":\"Maccaferri France\",\"description\":\"\",\"publisher\":{\"@id\":\"https:\/\/www.maccaferri.com\/fr\/#organization\"},\"potentialAction\":[{\"@type\":\"SearchAction\",\"target\":{\"@type\":\"EntryPoint\",\"urlTemplate\":\"https:\/\/www.maccaferri.com\/fr\/?s={search_term_string}\"},\"query-input\":{\"@type\":\"PropertyValueSpecification\",\"valueRequired\":true,\"valueName\":\"search_term_string\"}}],\"inLanguage\":\"fr-FR\"},{\"@type\":\"Organization\",\"@id\":\"https:\/\/www.maccaferri.com\/fr\/#organization\",\"name\":\"Maccaferri France\",\"url\":\"https:\/\/www.maccaferri.com\/fr\/\",\"logo\":{\"@type\":\"ImageObject\",\"inLanguage\":\"fr-FR\",\"@id\":\"https:\/\/www.maccaferri.com\/fr\/#\/schema\/logo\/image\/\",\"url\":\"https:\/\/www.maccaferri.com\/fr\/wp-content\/uploads\/2022\/07\/logo-maccaferri.png\",\"contentUrl\":\"https:\/\/www.maccaferri.com\/fr\/wp-content\/uploads\/2022\/07\/logo-maccaferri.png\",\"width\":152,\"height\":32,\"caption\":\"Maccaferri France\"},\"image\":{\"@id\":\"https:\/\/www.maccaferri.com\/fr\/#\/schema\/logo\/image\/\"}}]}<\/script>\n<!-- \/ Yoast SEO Premium plugin. -->","yoast_head_json":{"title":"Informative Technical Package - Maccaferri France","description":"0RESSOURCES POUR LA GESTION DES G\u00c9ORISQUEST\u00c9L\u00c9CHARGER MAINTENANTPreviousNext NOS CHOIXLes syst\u00e8mes de protection contre les chutes de blocs et la gestion","robots":{"index":"index","follow":"follow","max-snippet":"max-snippet:-1","max-image-preview":"max-image-preview:large","max-video-preview":"max-video-preview:-1"},"canonical":"https:\/\/www.maccaferri.com\/fr\/informative-technical-package\/","og_locale":"fr_FR","og_type":"article","og_title":"Informative Technical Package","og_description":"0RESSOURCES POUR LA GESTION DES G\u00c9ORISQUEST\u00c9L\u00c9CHARGER MAINTENANTPreviousNext NOS CHOIXLes syst\u00e8mes de protection contre les chutes de blocs et la gestion","og_url":"https:\/\/www.maccaferri.com\/fr\/informative-technical-package\/","og_site_name":"Maccaferri France","article_modified_time":"2025-10-06T13:29:26+00:00","og_image":[{"url":"https:\/\/www.maccaferri.com\/fr\/wp-content\/uploads\/2023\/06\/Immagine-testa-sito-1.png","type":"","width":"","height":""}],"twitter_card":"summary_large_image","twitter_misc":{"Dur\u00e9e de lecture estim\u00e9e":"2 minutes"},"schema":{"@context":"https:\/\/schema.org","@graph":[{"@type":"WebPage","@id":"https:\/\/www.maccaferri.com\/fr\/informative-technical-package\/","url":"https:\/\/www.maccaferri.com\/fr\/informative-technical-package\/","name":"Informative Technical Package - Maccaferri France","isPartOf":{"@id":"https:\/\/www.maccaferri.com\/fr\/#website"},"primaryImageOfPage":{"@id":"https:\/\/www.maccaferri.com\/fr\/informative-technical-package\/#primaryimage"},"image":{"@id":"https:\/\/www.maccaferri.com\/fr\/informative-technical-package\/#primaryimage"},"thumbnailUrl":"https:\/\/www.maccaferri.com\/fr\/wp-content\/uploads\/2023\/06\/Immagine-testa-sito-1.png","datePublished":"2023-06-19T10:45:03+00:00","dateModified":"2025-10-06T13:29:26+00:00","description":"0RESSOURCES POUR LA GESTION DES G\u00c9ORISQUEST\u00c9L\u00c9CHARGER MAINTENANTPreviousNext NOS CHOIXLes syst\u00e8mes de protection contre les chutes de blocs et la gestion","breadcrumb":{"@id":"https:\/\/www.maccaferri.com\/fr\/informative-technical-package\/#breadcrumb"},"inLanguage":"fr-FR","potentialAction":[{"@type":"ReadAction","target":["https:\/\/www.maccaferri.com\/fr\/informative-technical-package\/"]}]},{"@type":"ImageObject","inLanguage":"fr-FR","@id":"https:\/\/www.maccaferri.com\/fr\/informative-technical-package\/#primaryimage","url":"https:\/\/www.maccaferri.com\/fr\/wp-content\/uploads\/2023\/06\/Immagine-testa-sito-1.png","contentUrl":"https:\/\/www.maccaferri.com\/fr\/wp-content\/uploads\/2023\/06\/Immagine-testa-sito-1.png","width":1915,"height":530},{"@type":"BreadcrumbList","@id":"https:\/\/www.maccaferri.com\/fr\/informative-technical-package\/#breadcrumb","itemListElement":[{"@type":"ListItem","position":1,"name":"Home","item":"https:\/\/www.maccaferri.com\/fr\/"},{"@type":"ListItem","position":2,"name":"Informative Technical Package"}]},{"@type":"WebSite","@id":"https:\/\/www.maccaferri.com\/fr\/#website","url":"https:\/\/www.maccaferri.com\/fr\/","name":"Maccaferri France","description":"","publisher":{"@id":"https:\/\/www.maccaferri.com\/fr\/#organization"},"potentialAction":[{"@type":"SearchAction","target":{"@type":"EntryPoint","urlTemplate":"https:\/\/www.maccaferri.com\/fr\/?s={search_term_string}"},"query-input":{"@type":"PropertyValueSpecification","valueRequired":true,"valueName":"search_term_string"}}],"inLanguage":"fr-FR"},{"@type":"Organization","@id":"https:\/\/www.maccaferri.com\/fr\/#organization","name":"Maccaferri France","url":"https:\/\/www.maccaferri.com\/fr\/","logo":{"@type":"ImageObject","inLanguage":"fr-FR","@id":"https:\/\/www.maccaferri.com\/fr\/#\/schema\/logo\/image\/","url":"https:\/\/www.maccaferri.com\/fr\/wp-content\/uploads\/2022\/07\/logo-maccaferri.png","contentUrl":"https:\/\/www.maccaferri.com\/fr\/wp-content\/uploads\/2022\/07\/logo-maccaferri.png","width":152,"height":32,"caption":"Maccaferri France"},"image":{"@id":"https:\/\/www.maccaferri.com\/fr\/#\/schema\/logo\/image\/"}}]}},"_links":{"self":[{"href":"https:\/\/www.maccaferri.com\/fr\/wp-json\/wp\/v2\/pages\/88406","targetHints":{"allow":["GET"]}}],"collection":[{"href":"https:\/\/www.maccaferri.com\/fr\/wp-json\/wp\/v2\/pages"}],"about":[{"href":"https:\/\/www.maccaferri.com\/fr\/wp-json\/wp\/v2\/types\/page"}],"author":[{"embeddable":true,"href":"https:\/\/www.maccaferri.com\/fr\/wp-json\/wp\/v2\/users\/6"}],"replies":[{"embeddable":true,"href":"https:\/\/www.maccaferri.com\/fr\/wp-json\/wp\/v2\/comments?post=88406"}],"version-history":[{"count":4,"href":"https:\/\/www.maccaferri.com\/fr\/wp-json\/wp\/v2\/pages\/88406\/revisions"}],"predecessor-version":[{"id":104787,"href":"https:\/\/www.maccaferri.com\/fr\/wp-json\/wp\/v2\/pages\/88406\/revisions\/104787"}],"wp:attachment":[{"href":"https:\/\/www.maccaferri.com\/fr\/wp-json\/wp\/v2\/media?parent=88406"}],"curies":[{"name":"wp","href":"https:\/\/api.w.org\/{rel}","templated":true}]}}