{"id":88379,"date":"2023-02-20T12:29:24","date_gmt":"2023-02-20T11:29:24","guid":{"rendered":"https:\/\/www.maccaferri.com\/fr\/?page_id=88379"},"modified":"2025-03-26T17:11:38","modified_gmt":"2025-03-26T16:11:38","slug":"fastmac","status":"publish","type":"page","link":"https:\/\/www.maccaferri.com\/fr\/fastmac\/","title":{"rendered":"FastMac"},"content":{"rendered":"<div class=\"wp-block-mac-h1-title-hero-block container-fluid block-txt-container\" style=\"background:linear-gradient(180deg,rgb(1,94,111) 0%,rgb(0,72,87) 100%)\"><div class=\"row\"><div class=\"col\"><div class=\"gts__picture\"><img decoding=\"async\" src=\"https:\/\/www.maccaferri.com\/fr\/wp-content\/uploads\/2023\/02\/FastMac.png\" style=\"display:none\"\/><div class=\"gts__picture__image\" style=\"background-image:url(https:\/\/www.maccaferri.com\/fr\/wp-content\/uploads\/2023\/02\/FastMac.png)\"><\/div><\/div><div class=\"container box-container\"><div class=\"row\"><div class=\"col title-box-txt\"><h1 class=\"wp-block-mac-h1-title-hero-block\" style=\"color:#ffffff;text-align:none\">FastMac<\/h1><\/div><\/div><\/div><\/div><\/div><\/div><div class=\"wp-block-mac-container-block box-container\"><div class=\"wp-block-columns is-layout-flex wp-container-core-columns-is-layout-9d6595d7 wp-block-columns-is-layout-flex\"><div class=\"wp-block-column is-layout-flow wp-block-column-is-layout-flow\"><div class=\"container content-paragraph box-container\"><div class=\"row\"><div class=\"col-12 col-lg-12 col-xl-12 col-xxl-12\"><div class=\"content-txt\"><h2>L&#8217;outil le plus rapide et le plus simple pour installer les gabions, le Matelas Reno\u00ae Plus et le grillage double torsion.<\/h2>\n<\/div><\/div><\/div><\/div>\n\n<div class=\"wp-block-mac-container-block box-container\"><div class=\"wp-block-columns is-layout-flex wp-container-core-columns-is-layout-9d6595d7 wp-block-columns-is-layout-flex\"><div class=\"wp-block-column is-layout-flow wp-block-column-is-layout-flow\"><div class=\"container content-paragraph box-container\"><div class=\"row\"><div class=\"col-12 col-lg-12 col-xl-12 col-xxl-12\"><div class=\"content-txt\"><h4>Qualit\u00e9 rapide<\/h4>\n<\/div><\/div><\/div><\/div><\/div><\/div><\/div>\n\n<div class=\"wp-block-mac-container-block box-container\"><div class=\"wp-block-columns is-layout-flex wp-container-core-columns-is-layout-9d6595d7 wp-block-columns-is-layout-flex\"><div class=\"wp-block-column is-layout-flow wp-block-column-is-layout-flow\"><p><strong>Assembler des gabions et des matelas Reno\u00ae n&#8217;a jamais \u00e9t\u00e9 aussi facile qu&#8217;avec FastMac<\/strong>, un<strong> syst\u00e8me d&#8217;agrafeuse pneumatique<\/strong> avec <strong>anneaux de serrage haute r\u00e9sistance<\/strong>. FastMac garantit un syst\u00e8me rapide, s\u00fbr et de haute qualit\u00e9 pour assembler et connecter les unit\u00e9s entre elles. Les anneaux de serrage r\u00e9duisent consid\u00e9rablement le temps d&#8217;assemblage et d&#8217;installation par rapport au fil de ligature traditionnel, avec une capacit\u00e9 d&#8217;installation de <strong>plus de 65 anneaux par minute<\/strong>. Gr\u00e2ce \u00e0 FastMac, l&#8217;activit\u00e9 de ligature peut \u00eatre jusqu&#8217;\u00e0 <strong>8 fois plus rapide, permettant un gain de temps <\/strong>de 70 % \u00e0 80 % sur l&#8217;installation, selon le produit. De plus, les structures en gabions et en matelas Reno\u00ae assembl\u00e9es avec des anneaux de serrage pr\u00e9sentent une<strong> durabilit\u00e9 am\u00e9lior\u00e9e<\/strong>, avec<strong> une dur\u00e9e de vie pr\u00e9vue de 120 ans<\/strong>, une r\u00e9sistance plus \u00e9lev\u00e9e et plus uniforme, ce qui entra\u00eene une a<strong>m\u00e9lioration globale de la qualit\u00e9<\/strong>.<\/p><\/div><\/div><\/div>\n\n<div class=\"wp-block-mac-container-block box-container\"><div class=\"wp-block-columns is-layout-flex wp-container-core-columns-is-layout-9d6595d7 wp-block-columns-is-layout-flex\"><div class=\"wp-block-column is-layout-flow wp-block-column-is-layout-flow\"><div class=\"container content-paragraph box-container\"><div class=\"row\"><div class=\"col-12 col-lg-12 col-xl-12 col-xxl-12\"><div class=\"content-txt\"><h4>Le d\u00e9fi des 30 secondes<\/h4>\n<\/div><\/div><\/div><\/div><\/div><\/div><\/div>\n\n<div class=\"wp-block-mac-container-block box-container\"><div class=\"wp-block-columns is-layout-flex wp-container-core-columns-is-layout-9d6595d7 wp-block-columns-is-layout-flex\"><div class=\"wp-block-column is-layout-flow wp-block-column-is-layout-flow\"><p><strong>Deux grillages<\/strong>, l&#8217;un attach\u00e9 avec des <strong>anneaux C<\/strong> et l<strong>&#8216;agrafeuse pneumatique FastMac<\/strong>, l&#8217;autre avec du<strong> fil de ligature<\/strong>. Lequel sera le plus rapide ?<\/p><\/div><\/div><\/div><\/div><\/div><\/div><div class=\"wp-block-mac-container-block box-container\"><div class=\"wp-block-columns is-layout-flex wp-container-core-columns-is-layout-9d6595d7 wp-block-columns-is-layout-flex\"><div class=\"wp-block-column is-layout-flow wp-block-column-is-layout-flow\"><figure class=\"wp-block-video\"><video controls controlslist=\"nodownload\" poster=\"https:\/\/www.maccaferri.com\/fr\/wp-content\/uploads\/2023\/02\/MicrosoftTeams-image-29.png\" src=\"https:\/\/www.maccaferri.com\/fr\/wp-content\/uploads\/2023\/02\/Maccaferri_FastMac_v03.mp4\"><\/video><\/figure><\/div><\/div><\/div><div style=\"height:100px\" aria-hidden=\"true\" class=\"wp-block-spacer\"><\/div>","protected":false},"excerpt":{"rendered":"","protected":false},"author":6,"featured_media":0,"parent":0,"menu_order":0,"comment_status":"closed","ping_status":"closed","template":"","meta":{"_acf_changed":false,"_joinchat":[],"footnotes":""},"class_list":["post-88379","page","type-page","status-publish","hentry"],"acf":{"uuid_products":"","product-documents":""},"yoast_head":"<!-- This site is optimized with the Yoast SEO Premium plugin v27.0 (Yoast SEO v27.0) - https:\/\/yoast.com\/product\/yoast-seo-premium-wordpress\/ -->\n<title>FastMac - Maccaferri France<\/title>\n<meta name=\"description\" content=\"FastMac Assembler des gabions et des matelas Reno\u00ae n&#039;a jamais \u00e9t\u00e9 aussi facile qu&#039;avec FastMac, un syst\u00e8me d&#039;agrafeuse pneumatique avec anneaux de serrage\" \/>\n<meta name=\"robots\" content=\"index, follow, max-snippet:-1, max-image-preview:large, max-video-preview:-1\" \/>\n<link rel=\"canonical\" href=\"https:\/\/www.maccaferri.com\/fr\/fastmac\/\" \/>\n<meta property=\"og:locale\" content=\"fr_FR\" \/>\n<meta property=\"og:type\" content=\"article\" \/>\n<meta property=\"og:title\" content=\"FastMac\" \/>\n<meta property=\"og:description\" content=\"FastMac Assembler des gabions et des matelas Reno\u00ae n&#039;a jamais \u00e9t\u00e9 aussi facile qu&#039;avec FastMac, un syst\u00e8me d&#039;agrafeuse pneumatique avec anneaux de serrage\" \/>\n<meta property=\"og:url\" content=\"https:\/\/www.maccaferri.com\/fr\/fastmac\/\" \/>\n<meta property=\"og:site_name\" content=\"Maccaferri France\" \/>\n<meta property=\"article:modified_time\" content=\"2025-03-26T16:11:38+00:00\" \/>\n<meta property=\"og:image\" content=\"https:\/\/www.maccaferri.com\/fr\/wp-content\/uploads\/2023\/02\/FastMac.png\" \/>\n<meta name=\"twitter:card\" content=\"summary_large_image\" \/>\n<meta name=\"twitter:label1\" content=\"Dur\u00e9e de lecture estim\u00e9e\" \/>\n\t<meta name=\"twitter:data1\" content=\"1 minute\" \/>\n<script type=\"application\/ld+json\" class=\"yoast-schema-graph\">{\"@context\":\"https:\/\/schema.org\",\"@graph\":[{\"@type\":\"WebPage\",\"@id\":\"https:\/\/www.maccaferri.com\/fr\/fastmac\/\",\"url\":\"https:\/\/www.maccaferri.com\/fr\/fastmac\/\",\"name\":\"FastMac - Maccaferri France\",\"isPartOf\":{\"@id\":\"https:\/\/www.maccaferri.com\/fr\/#website\"},\"primaryImageOfPage\":{\"@id\":\"https:\/\/www.maccaferri.com\/fr\/fastmac\/#primaryimage\"},\"image\":{\"@id\":\"https:\/\/www.maccaferri.com\/fr\/fastmac\/#primaryimage\"},\"thumbnailUrl\":\"https:\/\/www.maccaferri.com\/fr\/wp-content\/uploads\/2023\/02\/FastMac.png\",\"datePublished\":\"2023-02-20T11:29:24+00:00\",\"dateModified\":\"2025-03-26T16:11:38+00:00\",\"description\":\"FastMac Assembler des gabions et des matelas Reno\u00ae n'a jamais \u00e9t\u00e9 aussi facile qu'avec FastMac, un syst\u00e8me d'agrafeuse pneumatique avec anneaux de serrage\",\"breadcrumb\":{\"@id\":\"https:\/\/www.maccaferri.com\/fr\/fastmac\/#breadcrumb\"},\"inLanguage\":\"fr-FR\",\"potentialAction\":[{\"@type\":\"ReadAction\",\"target\":[\"https:\/\/www.maccaferri.com\/fr\/fastmac\/\"]}]},{\"@type\":\"ImageObject\",\"inLanguage\":\"fr-FR\",\"@id\":\"https:\/\/www.maccaferri.com\/fr\/fastmac\/#primaryimage\",\"url\":\"https:\/\/www.maccaferri.com\/fr\/wp-content\/uploads\/2023\/02\/FastMac.png\",\"contentUrl\":\"https:\/\/www.maccaferri.com\/fr\/wp-content\/uploads\/2023\/02\/FastMac.png\",\"width\":1915,\"height\":530},{\"@type\":\"BreadcrumbList\",\"@id\":\"https:\/\/www.maccaferri.com\/fr\/fastmac\/#breadcrumb\",\"itemListElement\":[{\"@type\":\"ListItem\",\"position\":1,\"name\":\"Home\",\"item\":\"https:\/\/www.maccaferri.com\/fr\/\"},{\"@type\":\"ListItem\",\"position\":2,\"name\":\"FastMac\"}]},{\"@type\":\"WebSite\",\"@id\":\"https:\/\/www.maccaferri.com\/fr\/#website\",\"url\":\"https:\/\/www.maccaferri.com\/fr\/\",\"name\":\"Maccaferri France\",\"description\":\"\",\"publisher\":{\"@id\":\"https:\/\/www.maccaferri.com\/fr\/#organization\"},\"potentialAction\":[{\"@type\":\"SearchAction\",\"target\":{\"@type\":\"EntryPoint\",\"urlTemplate\":\"https:\/\/www.maccaferri.com\/fr\/?s={search_term_string}\"},\"query-input\":{\"@type\":\"PropertyValueSpecification\",\"valueRequired\":true,\"valueName\":\"search_term_string\"}}],\"inLanguage\":\"fr-FR\"},{\"@type\":\"Organization\",\"@id\":\"https:\/\/www.maccaferri.com\/fr\/#organization\",\"name\":\"Maccaferri France\",\"url\":\"https:\/\/www.maccaferri.com\/fr\/\",\"logo\":{\"@type\":\"ImageObject\",\"inLanguage\":\"fr-FR\",\"@id\":\"https:\/\/www.maccaferri.com\/fr\/#\/schema\/logo\/image\/\",\"url\":\"https:\/\/www.maccaferri.com\/fr\/wp-content\/uploads\/2022\/07\/logo-maccaferri.png\",\"contentUrl\":\"https:\/\/www.maccaferri.com\/fr\/wp-content\/uploads\/2022\/07\/logo-maccaferri.png\",\"width\":152,\"height\":32,\"caption\":\"Maccaferri France\"},\"image\":{\"@id\":\"https:\/\/www.maccaferri.com\/fr\/#\/schema\/logo\/image\/\"}}]}<\/script>\n<!-- \/ Yoast SEO Premium plugin. -->","yoast_head_json":{"title":"FastMac - Maccaferri France","description":"FastMac Assembler des gabions et des matelas Reno\u00ae n'a jamais \u00e9t\u00e9 aussi facile qu'avec FastMac, un syst\u00e8me d'agrafeuse pneumatique avec anneaux de serrage","robots":{"index":"index","follow":"follow","max-snippet":"max-snippet:-1","max-image-preview":"max-image-preview:large","max-video-preview":"max-video-preview:-1"},"canonical":"https:\/\/www.maccaferri.com\/fr\/fastmac\/","og_locale":"fr_FR","og_type":"article","og_title":"FastMac","og_description":"FastMac Assembler des gabions et des matelas Reno\u00ae n'a jamais \u00e9t\u00e9 aussi facile qu'avec FastMac, un syst\u00e8me d'agrafeuse pneumatique avec anneaux de serrage","og_url":"https:\/\/www.maccaferri.com\/fr\/fastmac\/","og_site_name":"Maccaferri France","article_modified_time":"2025-03-26T16:11:38+00:00","og_image":[{"url":"https:\/\/www.maccaferri.com\/fr\/wp-content\/uploads\/2023\/02\/FastMac.png","type":"","width":"","height":""}],"twitter_card":"summary_large_image","twitter_misc":{"Dur\u00e9e de lecture estim\u00e9e":"1 minute"},"schema":{"@context":"https:\/\/schema.org","@graph":[{"@type":"WebPage","@id":"https:\/\/www.maccaferri.com\/fr\/fastmac\/","url":"https:\/\/www.maccaferri.com\/fr\/fastmac\/","name":"FastMac - Maccaferri France","isPartOf":{"@id":"https:\/\/www.maccaferri.com\/fr\/#website"},"primaryImageOfPage":{"@id":"https:\/\/www.maccaferri.com\/fr\/fastmac\/#primaryimage"},"image":{"@id":"https:\/\/www.maccaferri.com\/fr\/fastmac\/#primaryimage"},"thumbnailUrl":"https:\/\/www.maccaferri.com\/fr\/wp-content\/uploads\/2023\/02\/FastMac.png","datePublished":"2023-02-20T11:29:24+00:00","dateModified":"2025-03-26T16:11:38+00:00","description":"FastMac Assembler des gabions et des matelas Reno\u00ae n'a jamais \u00e9t\u00e9 aussi facile qu'avec FastMac, un syst\u00e8me d'agrafeuse pneumatique avec anneaux de serrage","breadcrumb":{"@id":"https:\/\/www.maccaferri.com\/fr\/fastmac\/#breadcrumb"},"inLanguage":"fr-FR","potentialAction":[{"@type":"ReadAction","target":["https:\/\/www.maccaferri.com\/fr\/fastmac\/"]}]},{"@type":"ImageObject","inLanguage":"fr-FR","@id":"https:\/\/www.maccaferri.com\/fr\/fastmac\/#primaryimage","url":"https:\/\/www.maccaferri.com\/fr\/wp-content\/uploads\/2023\/02\/FastMac.png","contentUrl":"https:\/\/www.maccaferri.com\/fr\/wp-content\/uploads\/2023\/02\/FastMac.png","width":1915,"height":530},{"@type":"BreadcrumbList","@id":"https:\/\/www.maccaferri.com\/fr\/fastmac\/#breadcrumb","itemListElement":[{"@type":"ListItem","position":1,"name":"Home","item":"https:\/\/www.maccaferri.com\/fr\/"},{"@type":"ListItem","position":2,"name":"FastMac"}]},{"@type":"WebSite","@id":"https:\/\/www.maccaferri.com\/fr\/#website","url":"https:\/\/www.maccaferri.com\/fr\/","name":"Maccaferri France","description":"","publisher":{"@id":"https:\/\/www.maccaferri.com\/fr\/#organization"},"potentialAction":[{"@type":"SearchAction","target":{"@type":"EntryPoint","urlTemplate":"https:\/\/www.maccaferri.com\/fr\/?s={search_term_string}"},"query-input":{"@type":"PropertyValueSpecification","valueRequired":true,"valueName":"search_term_string"}}],"inLanguage":"fr-FR"},{"@type":"Organization","@id":"https:\/\/www.maccaferri.com\/fr\/#organization","name":"Maccaferri France","url":"https:\/\/www.maccaferri.com\/fr\/","logo":{"@type":"ImageObject","inLanguage":"fr-FR","@id":"https:\/\/www.maccaferri.com\/fr\/#\/schema\/logo\/image\/","url":"https:\/\/www.maccaferri.com\/fr\/wp-content\/uploads\/2022\/07\/logo-maccaferri.png","contentUrl":"https:\/\/www.maccaferri.com\/fr\/wp-content\/uploads\/2022\/07\/logo-maccaferri.png","width":152,"height":32,"caption":"Maccaferri France"},"image":{"@id":"https:\/\/www.maccaferri.com\/fr\/#\/schema\/logo\/image\/"}}]}},"_links":{"self":[{"href":"https:\/\/www.maccaferri.com\/fr\/wp-json\/wp\/v2\/pages\/88379","targetHints":{"allow":["GET"]}}],"collection":[{"href":"https:\/\/www.maccaferri.com\/fr\/wp-json\/wp\/v2\/pages"}],"about":[{"href":"https:\/\/www.maccaferri.com\/fr\/wp-json\/wp\/v2\/types\/page"}],"author":[{"embeddable":true,"href":"https:\/\/www.maccaferri.com\/fr\/wp-json\/wp\/v2\/users\/6"}],"replies":[{"embeddable":true,"href":"https:\/\/www.maccaferri.com\/fr\/wp-json\/wp\/v2\/comments?post=88379"}],"version-history":[{"count":2,"href":"https:\/\/www.maccaferri.com\/fr\/wp-json\/wp\/v2\/pages\/88379\/revisions"}],"predecessor-version":[{"id":94948,"href":"https:\/\/www.maccaferri.com\/fr\/wp-json\/wp\/v2\/pages\/88379\/revisions\/94948"}],"wp:attachment":[{"href":"https:\/\/www.maccaferri.com\/fr\/wp-json\/wp\/v2\/media?parent=88379"}],"curies":[{"name":"wp","href":"https:\/\/api.w.org\/{rel}","templated":true}]}}