{"id":88369,"date":"2023-08-30T17:10:50","date_gmt":"2023-08-30T15:10:50","guid":{"rendered":"https:\/\/www.maccaferri.com\/fr\/?page_id=88369"},"modified":"2025-05-22T12:21:24","modified_gmt":"2025-05-22T10:21:24","slug":"geosynthetics","status":"publish","type":"page","link":"https:\/\/www.maccaferri.com\/fr\/geosynthetics\/","title":{"rendered":"GEOSYNTHETICS"},"content":{"rendered":"<div class=\"wp-block-mac-slider-hero-block hero-slider\"><div id=\"hero81\" class=\"carousel slide\" data-bs-ride=\"true\"><ol class=\"carousel-indicators box-container\"><li data-bs-target=\"#hero81\" data-bs-slide-to=\"0\" class=\"active\"><\/li><\/ol><div class=\"carousel-inner\"><div class=\"carousel-item active\"><div class=\"hero\"><div class=\"gts__picture\"><img decoding=\"async\" src=\"https:\/\/www.maccaferri.com\/wp-content\/uploads\/2023\/08\/Header-pagine-Nuovo-sito-10.png\" style=\"display:none\"\/><div class=\"gts__picture__image\" style=\"background-image:url(https:\/\/www.maccaferri.com\/wp-content\/uploads\/2023\/08\/Header-pagine-Nuovo-sito-10.png)\"><\/div><\/div><div class=\"container box-container\"><div class=\"row\"><div class=\"col-12 col-lg-6 col-xl-6 col-xxl-6\"><p><span class=\"hero-index\" style=\"display:none\">0<\/span><\/p><h2 class=\"hero-text-container\"><span class=\"hero-text\">GEOSYNTHETICS<\/span><\/h2><a class=\"hero-buttonurl\" href=\"#download\"><span class=\"hero-buttontext\">T\u00e9l\u00e9chargez les documents ici<\/span><\/a><\/div><\/div><\/div><\/div><\/div><\/div><button class=\"carousel-control-prev\" href=\"#hero81\" type=\"button\" data-bs-slide=\"prev\"><span class=\"carousel-control-prev-icon\" aria-hidden=\"true\"><\/span><span class=\"visually-hidden\">Previous<\/span><\/button><button class=\"carousel-control-next\" href=\"#hero81\" type=\"button\" data-bs-slide=\"next\"><span class=\"carousel-control-next-icon\" aria-hidden=\"true\"><\/span><span class=\"visually-hidden\">Next<\/span><\/button><\/div><\/div><div style=\"height:70px\" aria-hidden=\"true\" class=\"wp-block-spacer\"><\/div><div class=\"wp-block-mac-h2-title-block block-txt-container box-container\"><div class=\"row\"><div class=\"col title-box-txt\"><h2 style=\"color:#212429;text-align:none\">GEOSYNTHETICS WORLD<\/h2><\/div><\/div><\/div><div class=\"wp-block-mac-container-block box-container\"><div class=\"wp-block-columns is-layout-flex wp-container-core-columns-is-layout-9d6595d7 wp-block-columns-is-layout-flex\"><div class=\"wp-block-column is-layout-flow wp-block-column-is-layout-flow\"><p>Les g\u00e9osynth\u00e9tiques sont utilis\u00e9s pour d&#8217;innombrables applications, y compris : renforcer le sol existant, am\u00e9liorer sa capacit\u00e9 portante, prolonger la dur\u00e9e de vie des autoroutes, soutenir les remblais, emp\u00eacher les lixiviats des d\u00e9charges de contaminer le sol et limiter l&#8217;\u00e9rosion.<\/p>\n\n<p>Avec des caract\u00e9ristiques techniques d\u00e9finies et des propri\u00e9t\u00e9s de performance, les g\u00e9osynth\u00e9tiques remplacent l&#8217;utilisation de mat\u00e9riaux naturels dans la construction. <\/p>\n\n<p>Il est prouv\u00e9 qu&#8217;ils r\u00e9duisent les co\u00fbts des projets et l&#8217;impact environnemental par rapport aux m\u00e9thodes de construction traditionnelles.<\/p>\n\n<p>Nos produits g\u00e9osynth\u00e9tiques peuvent \u00eatre utilis\u00e9s pour remplir les fonctions principales suivantes :<\/p>\n\n<ul class=\"wp-block-list\"><li>Reinforcement<\/li>\n\n<li>Stabilisation et renforcement de l&#8217;asphalte<\/li>\n\n<li>Drainage<\/li>\n\n<li>S\u00e9paration, filtration et protection<\/li>\n\n<li>Syst\u00e8mes de barri\u00e8re<\/li>\n\n<li>Protection contre l&#8217;\u00e9rosion<\/li><\/ul><\/div><\/div><\/div><div style=\"height:52px\" aria-hidden=\"true\" class=\"wp-block-spacer\"><\/div><div class=\"wp-block-mac-container-block box-container\"><div class=\"wp-block-columns is-layout-flex wp-container-core-columns-is-layout-9d6595d7 wp-block-columns-is-layout-flex\"><div class=\"wp-block-column is-layout-flow wp-block-column-is-layout-flow\"><p style=\"font-size:25px\"><strong>REINFORCEMENT<\/strong><\/p>\n\n<div style=\"height:28px\" aria-hidden=\"true\" class=\"wp-block-spacer\"><\/div>\n\n<p>Depuis plus de 30 ans, les g\u00e9ogrilles renforcent et stabilisent les sols, permettant ainsi au sol de mieux performer qu&#8217;\u00e0 l&#8217;\u00e9tat non renforc\u00e9, de supporter des charges plus importantes, de tenir \u00e0 des angles plus raides et de r\u00e9duire l&#8217;affaissement.<\/p><\/div>\n\n<div class=\"wp-block-column is-layout-flow wp-block-column-is-layout-flow\"><p style=\"font-size:25px\"><strong>STABILISATION ET RENFORCEMENT DE L&#8217;ASPHALTE<\/strong><\/p>\n\n<p>Que vous construisiez un lit de voie ferr\u00e9e, une piste foresti\u00e8re en gravier sur un sol mou ou que vous refassiez la surface d&#8217;une autoroute \u00e0 plusieurs voies accueillant des milliers de v\u00e9hicules par jour, nous avons les connaissances techniques n\u00e9cessaires pour am\u00e9liorer les performances des voies ferr\u00e9es, des routes et des rev\u00eatements en asphalte.<\/p><\/div><\/div><\/div><div style=\"height:50px\" aria-hidden=\"true\" class=\"wp-block-spacer\"><\/div><div class=\"wp-block-mac-container-block box-container\"><div class=\"wp-block-columns is-layout-flex wp-container-core-columns-is-layout-9d6595d7 wp-block-columns-is-layout-flex\"><div class=\"wp-block-column is-layout-flow wp-block-column-is-layout-flow\"><p style=\"font-size:25px\"><strong>DRAINAGE<\/strong><\/p>\n\n<p>Un exc\u00e8s d&#8217;eau dans le sol l&#8217;affaiblit, provoquant divers probl\u00e8mes. G\u00e9rer l&#8217;eau derri\u00e8re les murs, les autoroutes, les tunnels et les couvertures environnementales est essentiel pour les performances \u00e0 long terme des structures.<\/p><\/div>\n\n<div class=\"wp-block-column is-layout-flow wp-block-column-is-layout-flow\"><p style=\"font-size:25px\"><strong>S\u00c9PARATION\/FILTRATION\/PROTECTION<\/strong><\/p>\n\n<p>Nos g\u00e9otextiles sont actuellement utilis\u00e9s dans de nombreuses applications d&#8217;ing\u00e9nierie g\u00e9otechnique et hydraulique.<\/p><\/div><\/div><\/div><div style=\"height:50px\" aria-hidden=\"true\" class=\"wp-block-spacer\"><\/div><div class=\"wp-block-mac-container-block box-container\"><div class=\"wp-block-columns is-layout-flex wp-container-core-columns-is-layout-9d6595d7 wp-block-columns-is-layout-flex\"><div class=\"wp-block-column is-layout-flow wp-block-column-is-layout-flow\"><p style=\"font-size:25px\"><strong>SYST\u00c8MES DE BARRI\u00c8RE<\/strong><\/p>\n\n<p>Les g\u00e9omembranes sont utilis\u00e9es pour emp\u00eacher la migration des fluides d&#8217;un endroit \u00e0 un autre ; par exemple, pour rev\u00eatir les d\u00e9charges et emp\u00eacher les lixiviats de polluer les eaux souterraines, pour contr\u00f4ler l&#8217;entr\u00e9e des eaux souterraines dans les tunnels ou pour cr\u00e9er des bassins de r\u00e9tention dans les am\u00e9nagements.<\/p><\/div>\n\n<div class=\"wp-block-column is-layout-flow wp-block-column-is-layout-flow\"><p style=\"font-size:25px\"><strong>PROTECTION CONTRE L&#8217;\u00c9ROSION<\/strong><\/p>\n\n<p>Toutes les pentes et surfaces naturelles sont soumises \u00e0 des forces d&#8217;\u00e9rosion continues. Pour limiter les pertes de terres co\u00fbteuses, Maccaferri propose une gamme de syst\u00e8mes de protection contre l&#8217;\u00e9rosion adapt\u00e9s \u00e0 la gravit\u00e9 de l&#8217;\u00e9rosion attendue.<\/p><\/div><\/div><\/div><div style=\"height:100px\" aria-hidden=\"true\" class=\"wp-block-spacer\"><\/div><div class=\"wp-block-mac-h2-title-block block-txt-container box-container\"><div class=\"row\"><div class=\"col title-box-txt\"><h2 style=\"color:#212429;text-align:none\">Histoire de succ\u00e8s : d\u00e9charge de Micorosa<\/h2><\/div><\/div><\/div><div class=\"wp-block-mac-container-block box-container\"><div class=\"wp-block-columns is-layout-flex wp-container-core-columns-is-layout-9d6595d7 wp-block-columns-is-layout-flex\"><div class=\"wp-block-column is-vertically-aligned-center is-layout-flow wp-block-column-is-layout-flow\"><figure class=\"wp-block-video aligncenter\"><video height=\"530\" style=\"aspect-ratio: 1915 \/ 530;\" width=\"1915\" controls poster=\"https:\/\/www.maccaferri.com\/wp-content\/uploads\/2024\/10\/immagine-15.png\" src=\"https:\/\/www.maccaferri.com\/wp-content\/uploads\/2023\/09\/Untitled-3.mp4\"><\/video><figcaption class=\"wp-element-caption\"><strong>Intervention de r\u00e9habilitation de la d\u00e9charge de Micorosa (Brindisi, Italie)<\/strong><\/figcaption><\/figure><\/div><\/div><\/div><div style=\"height:60px\" aria-hidden=\"true\" class=\"wp-block-spacer\"><\/div><div style=\"height:40px\" aria-hidden=\"true\" class=\"wp-block-spacer\"><\/div><div class=\"wp-block-mac-h2-title-block block-txt-container box-container\"><div class=\"row\"><div class=\"col title-box-txt\"><h2 style=\"color:#212429;text-align:none\">Webinaire d\u00e9di\u00e9<\/h2><\/div><\/div><\/div><div class=\"wp-block-mac-container-block box-container\"><div class=\"wp-block-columns is-layout-flex wp-container-core-columns-is-layout-9d6595d7 wp-block-columns-is-layout-flex\"><div class=\"wp-block-column is-layout-flow wp-block-column-is-layout-flow\"><div class=\"wp-block-mac-card-height-block block-card-height-block-container\"><div class=\"card\"><div class=\"content-images\"><img decoding=\"async\" class=\"box-image\" src=\"https:\/\/www.maccaferri.com\/wp-content\/uploads\/2023\/09\/5.png\" alt=\"Image Stories\"\/><\/div><div class=\"card-body\"><h6 class=\"wp-block-mac-card-height-block\" style=\"color:#212429\">Gestion durable de l&#8217;eau dans les structures d&#8217;ing\u00e9nierie civile<\/h6><span class=\"abstract\" style=\"color:#212429\"><\/span><a href=\"https:\/\/www.maccaferri.com\/webinar\/sustainable-water-management-in-civil-engineering-structures\/\" target=\"_blank\" class=\"cta\" rel=\"noopener\"><span class=\"text\" style=\"color:#004857\">LINK HERE<\/span><\/a><div class=\"star\"><span class=\"material-symbols-rounded starrate\">star<\/span><\/div><\/div><\/div><\/div><\/div>\n\n<div class=\"wp-block-column is-layout-flow wp-block-column-is-layout-flow\"><div class=\"wp-block-mac-card-height-block block-card-height-block-container\"><div class=\"card\"><div class=\"content-images\"><img decoding=\"async\" class=\"box-image\" src=\"https:\/\/www.maccaferri.com\/wp-content\/uploads\/2023\/09\/4.png\" alt=\"Image Stories\"\/><\/div><div class=\"card-body\"><h6 class=\"wp-block-mac-card-height-block\" style=\"color:#212429\">Comment pr\u00e9venir l&#8217;\u00e9rosion du sol tout en favorisant l&#8217;\u00e9tablissement de la v\u00e9g\u00e9tation<\/h6><span class=\"abstract\" style=\"color:#212429\"><\/span><a href=\"https:\/\/www.maccaferri.com\/fr\/webinar\/how-to-prevent-soil-erosion-while-promoting-the-establishment-of-vegetation\/\" target=\"_blank\" class=\"cta\" rel=\"noopener\"><span class=\"text\" style=\"color:#004857\">LINK HERE<\/span><\/a><div class=\"star\"><span class=\"material-symbols-rounded starrate\">star<\/span><\/div><\/div><\/div><\/div><\/div>\n\n<div class=\"wp-block-column is-layout-flow wp-block-column-is-layout-flow\"><div class=\"wp-block-mac-card-height-block block-card-height-block-container\"><div class=\"card\"><div class=\"content-images\"><img decoding=\"async\" class=\"box-image\" src=\"https:\/\/www.maccaferri.com\/wp-content\/uploads\/2023\/09\/6.png\" alt=\"Image Stories\"\/><\/div><div class=\"card-body\"><h6 class=\"wp-block-mac-card-height-block\" style=\"color:#212429\">L&#8217;\u00e9volution des g\u00e9osynth\u00e9tiques : des origines aux solutions avanc\u00e9es modernes<\/h6><span class=\"abstract\" style=\"color:#212429\"><\/span><a href=\"https:\/\/www.maccaferri.com\/webinar\/geosynthetic-revolution\/\" target=\"_blank\" class=\"cta\" rel=\"noopener\"><span class=\"text\" style=\"color:#004857\">LINK HERE<\/span><\/a><div class=\"star\"><span class=\"material-symbols-rounded starrate\">star<\/span><\/div><\/div><\/div><\/div><\/div><\/div><\/div><div class=\"wp-block-mac-container-block box-container\"><div class=\"wp-block-columns is-layout-flex wp-container-core-columns-is-layout-9d6595d7 wp-block-columns-is-layout-flex\"><div class=\"wp-block-column is-layout-flow wp-block-column-is-layout-flow\"><div class=\"wp-block-buttons is-layout-flex wp-block-buttons-is-layout-flex\"><div class=\"wp-block-button\"><a class=\"wp-block-button__link wp-element-button\" href=\"https:\/\/www.maccaferri.com\/fr\/centre-connaissances\/\">All other webinars<\/a><\/div><\/div><\/div><\/div><\/div><div style=\"height:60px\" aria-hidden=\"true\" id=\"download\" class=\"wp-block-spacer\"><\/div><div class=\"wp-block-mac-h2-title-block block-txt-container box-container\"><div class=\"row\"><div class=\"col title-box-txt\"><h2 style=\"color:#212429;text-align:none\">Zone de t\u00e9l\u00e9chargement<\/h2><\/div><\/div><\/div><div class=\"content-document-dowload\">\n    <div class=\"container-fluid box-container\">\n        <div class=\"row\">\n            <div class=\"col-12\">\n            <h2><\/h2>\n            <\/div>\n        <\/div>\n    <\/div>\n    <div class=\"content-fluid has-white-background-color has-background\"><div class=\"content-document-dowload box-container\"><ul><li><a href=\"https:\/\/www.maccaferri.com\/fr\/download\/geosynthetics-materials\/\" target=\"_blank\" title=\"Geosynthetics Materials\">Geosynthetics Materials<\/a><a href=\"https:\/\/www.maccaferri.com\/fr\/dashboard\" class=\"btn-dowload\" data-bs-toggle=\"tooltip\" data-bs-placement=\"top\" title=\"Geosynthetics Materials\"><span class=\"material-symbols-outlined download\">sim_card_download<\/span><\/a><\/li><\/ul><\/div><\/div><\/div>\n\n<script type=\"text\/javascript\">\n    jQuery('.btn-file-download').click(function(e) {\n        e.preventDefault();\n        let idFile = jQuery(this).data('id-file');\n        window.open('https:\/\/www.maccaferri.com\/fr\/?wpdmdl=' + idFile);\n        return false;\n    });\n    \/\/tooltip\n    var tooltipTriggerList = [].slice.call(document.querySelectorAll('[data-bs-toggle=\"tooltip\"]'))\n    var tooltipList = tooltipTriggerList.map(function(tooltipTriggerEl) {\n        return new bootstrap.Tooltip(tooltipTriggerEl)\n    })\n<\/script><div style=\"height:100px\" aria-hidden=\"true\" class=\"wp-block-spacer\"><\/div><p><\/p>","protected":false},"excerpt":{"rendered":"","protected":false},"author":11460,"featured_media":0,"parent":0,"menu_order":0,"comment_status":"closed","ping_status":"closed","template":"","meta":{"_acf_changed":false,"_joinchat":[],"footnotes":""},"class_list":["post-88369","page","type-page","status-publish","hentry"],"acf":{"uuid_products":"","product-documents":[91182]},"yoast_head":"<!-- This site is optimized with the Yoast SEO Premium plugin v27.0 (Yoast SEO v27.0) - https:\/\/yoast.com\/product\/yoast-seo-premium-wordpress\/ -->\n<title>GEOSYNTHETICS - Maccaferri France<\/title>\n<meta name=\"description\" content=\"0GEOSYNTHETICST\u00e9l\u00e9chargez les documents iciPreviousNext GEOSYNTHETICS WORLD Les g\u00e9osynth\u00e9tiques sont utilis\u00e9s pour d&#039;innombrables applications, y compris\" \/>\n<meta name=\"robots\" content=\"index, follow, max-snippet:-1, max-image-preview:large, max-video-preview:-1\" \/>\n<link rel=\"canonical\" href=\"https:\/\/www.maccaferri.com\/fr\/geosynthetics\/\" \/>\n<meta property=\"og:locale\" content=\"fr_FR\" \/>\n<meta property=\"og:type\" content=\"article\" \/>\n<meta property=\"og:title\" content=\"GEOSYNTHETICS\" \/>\n<meta property=\"og:description\" content=\"0GEOSYNTHETICST\u00e9l\u00e9chargez les documents iciPreviousNext GEOSYNTHETICS WORLD Les g\u00e9osynth\u00e9tiques sont utilis\u00e9s pour d&#039;innombrables applications, y compris\" \/>\n<meta property=\"og:url\" content=\"https:\/\/www.maccaferri.com\/fr\/geosynthetics\/\" \/>\n<meta property=\"og:site_name\" content=\"Maccaferri France\" \/>\n<meta property=\"article:modified_time\" content=\"2025-05-22T10:21:24+00:00\" \/>\n<meta property=\"og:image\" content=\"https:\/\/www.maccaferri.com\/wp-content\/uploads\/2023\/08\/Header-pagine-Nuovo-sito-10.png\" \/>\n<meta name=\"twitter:card\" content=\"summary_large_image\" \/>\n<meta name=\"twitter:label1\" content=\"Dur\u00e9e de lecture estim\u00e9e\" \/>\n\t<meta name=\"twitter:data1\" content=\"3 minutes\" \/>\n<script type=\"application\/ld+json\" class=\"yoast-schema-graph\">{\"@context\":\"https:\/\/schema.org\",\"@graph\":[{\"@type\":\"WebPage\",\"@id\":\"https:\/\/www.maccaferri.com\/fr\/geosynthetics\/\",\"url\":\"https:\/\/www.maccaferri.com\/fr\/geosynthetics\/\",\"name\":\"GEOSYNTHETICS - Maccaferri France\",\"isPartOf\":{\"@id\":\"https:\/\/www.maccaferri.com\/fr\/#website\"},\"primaryImageOfPage\":{\"@id\":\"https:\/\/www.maccaferri.com\/fr\/geosynthetics\/#primaryimage\"},\"image\":{\"@id\":\"https:\/\/www.maccaferri.com\/fr\/geosynthetics\/#primaryimage\"},\"thumbnailUrl\":\"https:\/\/www.maccaferri.com\/wp-content\/uploads\/2023\/08\/Header-pagine-Nuovo-sito-10.png\",\"datePublished\":\"2023-08-30T15:10:50+00:00\",\"dateModified\":\"2025-05-22T10:21:24+00:00\",\"description\":\"0GEOSYNTHETICST\u00e9l\u00e9chargez les documents iciPreviousNext GEOSYNTHETICS WORLD Les g\u00e9osynth\u00e9tiques sont utilis\u00e9s pour d'innombrables applications, y compris\",\"breadcrumb\":{\"@id\":\"https:\/\/www.maccaferri.com\/fr\/geosynthetics\/#breadcrumb\"},\"inLanguage\":\"fr-FR\",\"potentialAction\":[{\"@type\":\"ReadAction\",\"target\":[\"https:\/\/www.maccaferri.com\/fr\/geosynthetics\/\"]}]},{\"@type\":\"ImageObject\",\"inLanguage\":\"fr-FR\",\"@id\":\"https:\/\/www.maccaferri.com\/fr\/geosynthetics\/#primaryimage\",\"url\":\"https:\/\/www.maccaferri.com\/wp-content\/uploads\/2023\/08\/Header-pagine-Nuovo-sito-10.png\",\"contentUrl\":\"https:\/\/www.maccaferri.com\/wp-content\/uploads\/2023\/08\/Header-pagine-Nuovo-sito-10.png\"},{\"@type\":\"BreadcrumbList\",\"@id\":\"https:\/\/www.maccaferri.com\/fr\/geosynthetics\/#breadcrumb\",\"itemListElement\":[{\"@type\":\"ListItem\",\"position\":1,\"name\":\"Home\",\"item\":\"https:\/\/www.maccaferri.com\/fr\/\"},{\"@type\":\"ListItem\",\"position\":2,\"name\":\"GEOSYNTHETICS\"}]},{\"@type\":\"WebSite\",\"@id\":\"https:\/\/www.maccaferri.com\/fr\/#website\",\"url\":\"https:\/\/www.maccaferri.com\/fr\/\",\"name\":\"Maccaferri France\",\"description\":\"\",\"publisher\":{\"@id\":\"https:\/\/www.maccaferri.com\/fr\/#organization\"},\"potentialAction\":[{\"@type\":\"SearchAction\",\"target\":{\"@type\":\"EntryPoint\",\"urlTemplate\":\"https:\/\/www.maccaferri.com\/fr\/?s={search_term_string}\"},\"query-input\":{\"@type\":\"PropertyValueSpecification\",\"valueRequired\":true,\"valueName\":\"search_term_string\"}}],\"inLanguage\":\"fr-FR\"},{\"@type\":\"Organization\",\"@id\":\"https:\/\/www.maccaferri.com\/fr\/#organization\",\"name\":\"Maccaferri France\",\"url\":\"https:\/\/www.maccaferri.com\/fr\/\",\"logo\":{\"@type\":\"ImageObject\",\"inLanguage\":\"fr-FR\",\"@id\":\"https:\/\/www.maccaferri.com\/fr\/#\/schema\/logo\/image\/\",\"url\":\"https:\/\/www.maccaferri.com\/fr\/wp-content\/uploads\/2022\/07\/logo-maccaferri.png\",\"contentUrl\":\"https:\/\/www.maccaferri.com\/fr\/wp-content\/uploads\/2022\/07\/logo-maccaferri.png\",\"width\":152,\"height\":32,\"caption\":\"Maccaferri France\"},\"image\":{\"@id\":\"https:\/\/www.maccaferri.com\/fr\/#\/schema\/logo\/image\/\"}}]}<\/script>\n<!-- \/ Yoast SEO Premium plugin. -->","yoast_head_json":{"title":"GEOSYNTHETICS - Maccaferri France","description":"0GEOSYNTHETICST\u00e9l\u00e9chargez les documents iciPreviousNext GEOSYNTHETICS WORLD Les g\u00e9osynth\u00e9tiques sont utilis\u00e9s pour d'innombrables applications, y compris","robots":{"index":"index","follow":"follow","max-snippet":"max-snippet:-1","max-image-preview":"max-image-preview:large","max-video-preview":"max-video-preview:-1"},"canonical":"https:\/\/www.maccaferri.com\/fr\/geosynthetics\/","og_locale":"fr_FR","og_type":"article","og_title":"GEOSYNTHETICS","og_description":"0GEOSYNTHETICST\u00e9l\u00e9chargez les documents iciPreviousNext GEOSYNTHETICS WORLD Les g\u00e9osynth\u00e9tiques sont utilis\u00e9s pour d'innombrables applications, y compris","og_url":"https:\/\/www.maccaferri.com\/fr\/geosynthetics\/","og_site_name":"Maccaferri France","article_modified_time":"2025-05-22T10:21:24+00:00","og_image":[{"url":"https:\/\/www.maccaferri.com\/wp-content\/uploads\/2023\/08\/Header-pagine-Nuovo-sito-10.png","type":"","width":"","height":""}],"twitter_card":"summary_large_image","twitter_misc":{"Dur\u00e9e de lecture estim\u00e9e":"3 minutes"},"schema":{"@context":"https:\/\/schema.org","@graph":[{"@type":"WebPage","@id":"https:\/\/www.maccaferri.com\/fr\/geosynthetics\/","url":"https:\/\/www.maccaferri.com\/fr\/geosynthetics\/","name":"GEOSYNTHETICS - Maccaferri France","isPartOf":{"@id":"https:\/\/www.maccaferri.com\/fr\/#website"},"primaryImageOfPage":{"@id":"https:\/\/www.maccaferri.com\/fr\/geosynthetics\/#primaryimage"},"image":{"@id":"https:\/\/www.maccaferri.com\/fr\/geosynthetics\/#primaryimage"},"thumbnailUrl":"https:\/\/www.maccaferri.com\/wp-content\/uploads\/2023\/08\/Header-pagine-Nuovo-sito-10.png","datePublished":"2023-08-30T15:10:50+00:00","dateModified":"2025-05-22T10:21:24+00:00","description":"0GEOSYNTHETICST\u00e9l\u00e9chargez les documents iciPreviousNext GEOSYNTHETICS WORLD Les g\u00e9osynth\u00e9tiques sont utilis\u00e9s pour d'innombrables applications, y compris","breadcrumb":{"@id":"https:\/\/www.maccaferri.com\/fr\/geosynthetics\/#breadcrumb"},"inLanguage":"fr-FR","potentialAction":[{"@type":"ReadAction","target":["https:\/\/www.maccaferri.com\/fr\/geosynthetics\/"]}]},{"@type":"ImageObject","inLanguage":"fr-FR","@id":"https:\/\/www.maccaferri.com\/fr\/geosynthetics\/#primaryimage","url":"https:\/\/www.maccaferri.com\/wp-content\/uploads\/2023\/08\/Header-pagine-Nuovo-sito-10.png","contentUrl":"https:\/\/www.maccaferri.com\/wp-content\/uploads\/2023\/08\/Header-pagine-Nuovo-sito-10.png"},{"@type":"BreadcrumbList","@id":"https:\/\/www.maccaferri.com\/fr\/geosynthetics\/#breadcrumb","itemListElement":[{"@type":"ListItem","position":1,"name":"Home","item":"https:\/\/www.maccaferri.com\/fr\/"},{"@type":"ListItem","position":2,"name":"GEOSYNTHETICS"}]},{"@type":"WebSite","@id":"https:\/\/www.maccaferri.com\/fr\/#website","url":"https:\/\/www.maccaferri.com\/fr\/","name":"Maccaferri France","description":"","publisher":{"@id":"https:\/\/www.maccaferri.com\/fr\/#organization"},"potentialAction":[{"@type":"SearchAction","target":{"@type":"EntryPoint","urlTemplate":"https:\/\/www.maccaferri.com\/fr\/?s={search_term_string}"},"query-input":{"@type":"PropertyValueSpecification","valueRequired":true,"valueName":"search_term_string"}}],"inLanguage":"fr-FR"},{"@type":"Organization","@id":"https:\/\/www.maccaferri.com\/fr\/#organization","name":"Maccaferri France","url":"https:\/\/www.maccaferri.com\/fr\/","logo":{"@type":"ImageObject","inLanguage":"fr-FR","@id":"https:\/\/www.maccaferri.com\/fr\/#\/schema\/logo\/image\/","url":"https:\/\/www.maccaferri.com\/fr\/wp-content\/uploads\/2022\/07\/logo-maccaferri.png","contentUrl":"https:\/\/www.maccaferri.com\/fr\/wp-content\/uploads\/2022\/07\/logo-maccaferri.png","width":152,"height":32,"caption":"Maccaferri France"},"image":{"@id":"https:\/\/www.maccaferri.com\/fr\/#\/schema\/logo\/image\/"}}]}},"_links":{"self":[{"href":"https:\/\/www.maccaferri.com\/fr\/wp-json\/wp\/v2\/pages\/88369","targetHints":{"allow":["GET"]}}],"collection":[{"href":"https:\/\/www.maccaferri.com\/fr\/wp-json\/wp\/v2\/pages"}],"about":[{"href":"https:\/\/www.maccaferri.com\/fr\/wp-json\/wp\/v2\/types\/page"}],"author":[{"embeddable":true,"href":"https:\/\/www.maccaferri.com\/fr\/wp-json\/wp\/v2\/users\/11460"}],"replies":[{"embeddable":true,"href":"https:\/\/www.maccaferri.com\/fr\/wp-json\/wp\/v2\/comments?post=88369"}],"version-history":[{"count":6,"href":"https:\/\/www.maccaferri.com\/fr\/wp-json\/wp\/v2\/pages\/88369\/revisions"}],"predecessor-version":[{"id":91185,"href":"https:\/\/www.maccaferri.com\/fr\/wp-json\/wp\/v2\/pages\/88369\/revisions\/91185"}],"acf:post":[{"embeddable":true,"href":"https:\/\/www.maccaferri.com\/fr\/wp-json\/wp\/v2\/wpdmpro\/91182"}],"wp:attachment":[{"href":"https:\/\/www.maccaferri.com\/fr\/wp-json\/wp\/v2\/media?parent=88369"}],"curies":[{"name":"wp","href":"https:\/\/api.w.org\/{rel}","templated":true}]}}