{"id":88088,"date":"2024-02-14T17:07:41","date_gmt":"2024-02-14T16:07:41","guid":{"rendered":"https:\/\/www.maccaferri.com\/fr\/?page_id=88088"},"modified":"2026-03-17T10:58:17","modified_gmt":"2026-03-17T09:58:17","slug":"defense-securite","status":"publish","type":"page","link":"https:\/\/www.maccaferri.com\/fr\/defense-securite\/","title":{"rendered":"Defence and Security"},"content":{"rendered":"<div class=\"wp-block-mac-slider-hero-block hero-slider\"><div id=\"hero13\" class=\"carousel slide\" data-bs-ride=\"true\"><ol class=\"carousel-indicators box-container\"><li data-bs-target=\"#hero13\" data-bs-slide-to=\"0\" class=\"active\"><\/li><\/ol><div class=\"carousel-inner\"><div class=\"carousel-item active\"><div class=\"hero\"><div class=\"gts__picture\"><img decoding=\"async\" src=\"https:\/\/www.maccaferri.com\/ca\/wp-content\/uploads\/2024\/10\/perimetro-dettaglio-light.jpg\" style=\"display:none\"\/><div class=\"gts__picture__image\" style=\"background-image:url(https:\/\/www.maccaferri.com\/ca\/wp-content\/uploads\/2024\/10\/perimetro-dettaglio-light.jpg)\"><\/div><\/div><div class=\"container box-container\"><div class=\"row\"><div class=\"col-12 col-lg-6 col-xl-6 col-xxl-6\"><p><span class=\"hero-index\" style=\"display:none\">0<\/span><\/p><h2 class=\"hero-text-container\"><span class=\"hero-text\">D\u00c9FENSE ET <br>S\u00c9CURIT\u00c9<\/span><\/h2><a class=\"hero-buttonurl\" href=\"#download\"><span class=\"hero-buttontext\">Zone de t\u00e9l\u00e9chargement ici<\/span><\/a><\/div><\/div><\/div><\/div><\/div><\/div><button class=\"carousel-control-prev\" href=\"#hero13\" type=\"button\" data-bs-slide=\"prev\"><span class=\"carousel-control-prev-icon\" aria-hidden=\"true\"><\/span><span class=\"visually-hidden\">Previous<\/span><\/button><button class=\"carousel-control-next\" href=\"#hero13\" type=\"button\" data-bs-slide=\"next\"><span class=\"carousel-control-next-icon\" aria-hidden=\"true\"><\/span><span class=\"visually-hidden\">Next<\/span><\/button><\/div><\/div><div style=\"height:30px\" aria-hidden=\"true\" class=\"wp-block-spacer\"><\/div><div class=\"wp-block-mac-container-block box-container\"><div class=\"wp-block-columns is-layout-flex wp-container-core-columns-is-layout-9d6595d7 wp-block-columns-is-layout-flex\"><div class=\"wp-block-column is-layout-flow wp-block-column-is-layout-flow\"><h2 class=\"wp-block-heading has-text-color has-link-color wp-elements-f783195dc46855830d3fe26782cccaf9\" id=\"h-des-gabions-de-la-premiere-guerre-mondiale-a-la-securite-moderne-maccaferri-innove-pour-la-securite\" style=\"color:#034e51;font-size:30px\"><strong>DES GABIONS DE LA PREMI\u00c8RE GUERRE MONDIALE \u00c0 LA S\u00c9CURIT\u00c9 MODERNE, MACCAFERRI INNOVE POUR LA S\u00c9CURIT\u00c9<\/strong><\/h2>\n\n<p class=\"has-medium-font-size\">Depuis plus d&#8217;un si\u00e8cle, Maccaferri est un pionnier de l&#8217;innovation en mati\u00e8re de d\u00e9fense, en commen\u00e7ant par la r\u00e9invention des gabions pendant la Premi\u00e8re Guerre mondiale. \u00c9voluant pour relever les d\u00e9fis modernes, l&#8217;expertise de l&#8217;entreprise s&#8217;\u00e9tend \u00e0 des solutions pour se d\u00e9fendre contre les inondations et les risques naturels, la balistique et les explosions et, plus r\u00e9cemment, les attaques terroristes. L&#8217;h\u00e9ritage durable de Maccaferri de plus de 100 ans refl\u00e8te son engagement in\u00e9branlable \u00e0 fa\u00e7onner des solutions de d\u00e9fense avanc\u00e9es pour un avenir plus s\u00fbr.<\/p><\/div><\/div><\/div><div class=\"wp-block-mac-container-block box-container\"><div class=\"wp-block-columns is-layout-flex wp-container-core-columns-is-layout-9d6595d7 wp-block-columns-is-layout-flex\"><div class=\"wp-block-column is-layout-flow wp-block-column-is-layout-flow\"><figure class=\"wp-block-image size-full\"><img decoding=\"async\" src=\"https:\/\/www.maccaferri.com\/wp-content\/uploads\/2024\/03\/Confronto1-Passato-edited.jpg\" alt=\"\" class=\"wp-image-64128\"\/><\/figure><\/div>\n\n<div class=\"wp-block-column is-layout-flow wp-block-column-is-layout-flow\"><figure class=\"wp-block-image size-full\"><img decoding=\"async\" src=\"https:\/\/www.maccaferri.com\/wp-content\/uploads\/2024\/03\/Defence_Security-min.png\" alt=\"\" class=\"wp-image-64419\"\/><\/figure><\/div><\/div><\/div><div style=\"height:50px\" aria-hidden=\"true\" class=\"wp-block-spacer\"><\/div><div class=\"wp-block-mac-container-block box-container\"><div class=\"wp-block-columns is-layout-flex wp-container-core-columns-is-layout-9d6595d7 wp-block-columns-is-layout-flex\"><div class=\"wp-block-column is-layout-flow wp-block-column-is-layout-flow\"><h2 class=\"wp-block-heading has-text-color has-link-color wp-elements-6f8758655f8d776744d47a8a739e7f21\" id=\"h-le-spectre-des-operations\" style=\"color:#034e51;font-size:30px\"><strong>LE SPECTRE DES OP\u00c9RATIONS<\/strong><\/h2>\n\n<p class=\"has-medium-font-size\">Avec un si\u00e8cle d&#8217;exp\u00e9rience dans une large gamme de disciplines, Maccaferri ne se contente pas de fournir des produits de haute qualit\u00e9, elle se distingue \u00e9galement en tant que partenaire capable et fiable. Notre entreprise va au-del\u00e0 de la fourniture de solutions, offrant un soutien \u00e0 360\u00b0 pour r\u00e9pondre \u00e0 des besoins divers.<\/p>\n\n<p class=\"has-medium-font-size\">Nos EBS MAC, anciennement connus sous le nom de DefenCell MAC, sont fabriqu\u00e9s conform\u00e9ment \u00e0 des normes militaires strictes reconnues et conviennent \u00e0 un large \u00e9ventail d&#8217;applications dans le spectre op\u00e9rationnel, y compris les murs p\u00e9rim\u00e9triques EBS, les barri\u00e8res de contr\u00f4le d&#8217;entr\u00e9e et de v\u00e9hicules, les postes d&#8217;observation, les abris et bunkers, le stockage de munitions et d&#8217;explosifs, et les champs de formation.<\/p>\n\n<figure class=\"wp-block-image aligncenter size-full\"><img decoding=\"async\" src=\"https:\/\/www.maccaferri.com\/ca\/wp-content\/uploads\/2024\/10\/immagine-1-1.png\" alt=\"\" class=\"wp-image-93886\"\/><\/figure><\/div><\/div><\/div><div style=\"height:50px\" aria-hidden=\"true\" class=\"wp-block-spacer\"><\/div><div class=\"wp-block-mac-container-block box-container\"><div class=\"wp-block-columns is-layout-flex wp-container-core-columns-is-layout-9d6595d7 wp-block-columns-is-layout-flex\"><div class=\"wp-block-column is-layout-flow wp-block-column-is-layout-flow\"><h2 class=\"wp-block-heading has-text-color has-link-color wp-elements-b8f18b28949f13b66e751025e1c120b2\" id=\"h-notre-portefeuille\" style=\"color:#034e51;font-size:30px\"><strong>NOTRE PORTEFEUILLE<\/strong><\/h2>\n\n<p class=\"has-medium-font-size\"><\/p><\/div><\/div><\/div><div class=\"wp-block-mac-container-block box-container\"><div class=\"wp-block-columns is-layout-flex wp-container-core-columns-is-layout-9d6595d7 wp-block-columns-is-layout-flex\"><div class=\"wp-block-column is-layout-flow wp-block-column-is-layout-flow\"><div class=\"container-fluid carousel-image-gallery\">\n        <div class=\"row\">\n            <div id=\"carouselImageblock_02cf77fe0ce54f61725581b70096b7f8\" class=\"carousel slide carouselImageGallery\" data-bs-ride=\"carousel\">\n                <!-- \/\/ Indicators -->\n                <ol class=\"carousel-indicators\">\n                                            <li data-bs-target=\"#carouselImageblock_02cf77fe0ce54f61725581b70096b7f8\" data-bs-slide-to=\"0\" class=\"active\" aria-current=\"true\" aria-label=\"Slide\"><\/li>\n                                            <li data-bs-target=\"#carouselImageblock_02cf77fe0ce54f61725581b70096b7f8\" data-bs-slide-to=\"1\" class=\"\" aria-current=\"true\" aria-label=\"Slide\"><\/li>\n                                            <li data-bs-target=\"#carouselImageblock_02cf77fe0ce54f61725581b70096b7f8\" data-bs-slide-to=\"2\" class=\"\" aria-current=\"true\" aria-label=\"Slide\"><\/li>\n                                    <\/ol>\n\n                <div class=\"carousel-inner container\" role=\"listbox\">\n                                            <div class=\"carousel-item active\">\n                        <div class=\"col-12 col-lg-4 col-xl-4 col-xxl-4 space-mobile\">\n                            <div class=\"grid-item-wrapper\">\n                                <div class=\"img-responsive-wrapper\">\n                                    <div class=\"img-responsive\">\n                                        <div class=\"img-wrapper\"><img decoding=\"async\" src=\"https:\/\/www.maccaferri.com\/fr\/wp-content\/uploads\/2025\/01\/Prodotto-MacSafe-1.jpg\" alt=\"\" \/><\/div>\n                                    <\/div>\n                                <\/div>\n                                <div class=\"griditem-text-wrapper text-center\">\n                                    <p class=\"griditem-text text-center\">MacSafe\u00ae, un syst\u00e8me avanc\u00e9 de pr\u00e9vention des incursions de v\u00e9hicules hostiles d\u00e9velopp\u00e9 par Maccaferri en r\u00e9ponse \u00e0 la n\u00e9cessit\u00e9 de protection discr\u00e8te et efficace dans les lieux publics.\r\n\r\n<\/p>\n                   \n                                <\/div>\n                            <\/div>\n                        <\/div>\n                        <\/div>\n                                            <div class=\"carousel-item \">\n                        <div class=\"col-12 col-lg-4 col-xl-4 col-xxl-4 space-mobile\">\n                            <div class=\"grid-item-wrapper\">\n                                <div class=\"img-responsive-wrapper\">\n                                    <div class=\"img-responsive\">\n                                        <div class=\"img-wrapper\"><img decoding=\"async\" src=\"https:\/\/www.maccaferri.com\/fr\/wp-content\/uploads\/2025\/01\/Prodotto-Defence-1.png\" alt=\"\" \/><\/div>\n                                    <\/div>\n                                <\/div>\n                                <div class=\"griditem-text-wrapper text-center\">\n                                    <p class=\"griditem-text text-center\">EBS MAC est une structure multicellulaire d\u00e9velopp\u00e9e sp\u00e9cifiquement pour offrir une protection des forces contre une gamme d&#039;armements, d&#039;explosifs et d&#039;attaques de v\u00e9hicules.\r\n\r\n<\/p>\n                   \n                                <\/div>\n                            <\/div>\n                        <\/div>\n                        <\/div>\n                                            <div class=\"carousel-item \">\n                        <div class=\"col-12 col-lg-4 col-xl-4 col-xxl-4 space-mobile\">\n                            <div class=\"grid-item-wrapper\">\n                                <div class=\"img-responsive-wrapper\">\n                                    <div class=\"img-responsive\">\n                                        <div class=\"img-wrapper\"><img decoding=\"async\" src=\"https:\/\/www.maccaferri.com\/fr\/wp-content\/uploads\/2025\/01\/Prodotto-Defence-FE-1.jpg\" alt=\"\" \/><\/div>\n                                    <\/div>\n                                <\/div>\n                                <div class=\"griditem-text-wrapper text-center\">\n                                    <p class=\"griditem-text text-center\">EBS MAC FE, une version sp\u00e9cialis\u00e9e des barri\u00e8res de d\u00e9fense de Maccaferri, est con\u00e7ue pour la protection contre les inondations. Ce syst\u00e8me modulaire est con\u00e7u pour un d\u00e9ploiement rapide en cas d&#039;urgence et peut \u00e9galement \u00eatre int\u00e9gr\u00e9 sans probl\u00e8me dans des conceptions paysag\u00e8res pour une protection \u00e0 long terme.\r\n\r\n<\/p>\n                   \n                                <\/div>\n                            <\/div>\n                        <\/div>\n                        <\/div>\n                                    <\/div>\n            <\/div>\n\n        <\/div>\n    <\/div><\/div><\/div><\/div><div style=\"height:50px\" aria-hidden=\"true\" class=\"wp-block-spacer\"><\/div><div class=\"wp-block-mac-container-block box-container\"><div class=\"wp-block-columns is-layout-flex wp-container-core-columns-is-layout-9d6595d7 wp-block-columns-is-layout-flex\"><div class=\"wp-block-column is-layout-flow wp-block-column-is-layout-flow\"><h2 class=\"wp-block-heading has-text-color has-link-color wp-elements-1b8387949fff84f3c2f2a14c4e4e7073\" id=\"h-decouvrez-comment-nos-ebs-mac-sont-installes\" style=\"color:#034e51;font-size:30px\"><strong>D\u00c9COUVREZ COMMENT NOS EBS MAC SONT INSTALL\u00c9S !<\/strong><\/h2>\n\n<p class=\"has-medium-font-size\">Regardez maintenant la vid\u00e9o de d\u00e9fense.<\/p>\n\n<figure class=\"wp-block-video\"><video controls controlslist=\"nodownload\" poster=\"https:\/\/www.maccaferri.com\/ca\/wp-content\/uploads\/2024\/10\/Screenshot-2024-10-18-123914.png\" src=\"https:\/\/www.maccaferri.com\/ca\/wp-content\/uploads\/2024\/12\/EBS-MAC.mp4\"><\/video><\/figure><\/div><\/div><\/div><div style=\"height:100px\" aria-hidden=\"true\" class=\"wp-block-spacer\"><\/div><div class=\"wp-block-mac-container-block box-container\"><div class=\"wp-block-columns is-layout-flex wp-container-core-columns-is-layout-9d6595d7 wp-block-columns-is-layout-flex\"><div class=\"wp-block-column is-layout-flow wp-block-column-is-layout-flow\"><h2 class=\"wp-block-heading has-text-color has-link-color wp-elements-88ea90d0823d7c2764a0c2c855afa746\" id=\"h-zone-de-telechargement\" style=\"color:#034e51;font-size:30px\"><strong>ZONE DE T\u00c9L\u00c9CHARGEMENT<\/strong><\/h2>\n\n<p id=\"download\">Remplissez le formulaire ci-dessous pour acc\u00e9der \u00e0 notre mat\u00e9riel exclusif sur la D\u00e9fense et la S\u00e9curit\u00e9.<\/p>\n\n<iframe src=\"https:\/\/www2.maccaferri.com\/l\/965143\/2026-03-17\/5vxdcq\" width=\"100%\" height=\"700\" type=\"text\/html\" frameborder=\"0\" allowTransparency=\"true\" style=\"border: 0\" data-cookieconsent=\"ignore\"><\/iframe><\/div><\/div><\/div><div style=\"height:100px\" aria-hidden=\"true\" class=\"wp-block-spacer\"><\/div>","protected":false},"excerpt":{"rendered":"","protected":false},"author":24301,"featured_media":0,"parent":0,"menu_order":0,"comment_status":"closed","ping_status":"closed","template":"","meta":{"_acf_changed":false,"_joinchat":[],"footnotes":""},"class_list":["post-88088","page","type-page","status-publish","hentry"],"acf":{"uuid_products":"","product-documents":""},"yoast_head":"<!-- This site is optimized with the Yoast SEO Premium plugin v27.0 (Yoast SEO v27.0) - https:\/\/yoast.com\/product\/yoast-seo-premium-wordpress\/ -->\n<title>Defence and Security - Maccaferri France<\/title>\n<meta name=\"description\" content=\"0D\u00c9FENSE ET S\u00c9CURIT\u00c9Zone de t\u00e9l\u00e9chargement iciPreviousNext DES GABIONS DE LA PREMI\u00c8RE GUERRE MONDIALE \u00c0 LA S\u00c9CURIT\u00c9 MODERNE, MACCAFERRI INNOVE POUR LA\" \/>\n<meta name=\"robots\" content=\"index, follow, max-snippet:-1, max-image-preview:large, max-video-preview:-1\" \/>\n<link rel=\"canonical\" href=\"https:\/\/www.maccaferri.com\/fr\/defense-securite\/\" \/>\n<meta property=\"og:locale\" content=\"fr_FR\" \/>\n<meta property=\"og:type\" content=\"article\" \/>\n<meta property=\"og:title\" content=\"Defence and Security\" \/>\n<meta property=\"og:description\" content=\"0D\u00c9FENSE ET S\u00c9CURIT\u00c9Zone de t\u00e9l\u00e9chargement iciPreviousNext DES GABIONS DE LA PREMI\u00c8RE GUERRE MONDIALE \u00c0 LA S\u00c9CURIT\u00c9 MODERNE, MACCAFERRI INNOVE POUR LA\" \/>\n<meta property=\"og:url\" content=\"https:\/\/www.maccaferri.com\/fr\/defense-securite\/\" \/>\n<meta property=\"og:site_name\" content=\"Maccaferri France\" \/>\n<meta property=\"article:modified_time\" content=\"2026-03-17T09:58:17+00:00\" \/>\n<meta property=\"og:image\" content=\"https:\/\/www.maccaferri.com\/ca\/wp-content\/uploads\/2024\/10\/perimetro-dettaglio-light.jpg\" \/>\n<meta name=\"twitter:card\" content=\"summary_large_image\" \/>\n<meta name=\"twitter:label1\" content=\"Dur\u00e9e de lecture estim\u00e9e\" \/>\n\t<meta name=\"twitter:data1\" content=\"3 minutes\" \/>\n<script type=\"application\/ld+json\" class=\"yoast-schema-graph\">{\"@context\":\"https:\/\/schema.org\",\"@graph\":[{\"@type\":\"WebPage\",\"@id\":\"https:\/\/www.maccaferri.com\/fr\/defense-securite\/\",\"url\":\"https:\/\/www.maccaferri.com\/fr\/defense-securite\/\",\"name\":\"Defence and Security - Maccaferri France\",\"isPartOf\":{\"@id\":\"https:\/\/www.maccaferri.com\/fr\/#website\"},\"primaryImageOfPage\":{\"@id\":\"https:\/\/www.maccaferri.com\/fr\/defense-securite\/#primaryimage\"},\"image\":{\"@id\":\"https:\/\/www.maccaferri.com\/fr\/defense-securite\/#primaryimage\"},\"thumbnailUrl\":\"https:\/\/www.maccaferri.com\/ca\/wp-content\/uploads\/2024\/10\/perimetro-dettaglio-light.jpg\",\"datePublished\":\"2024-02-14T16:07:41+00:00\",\"dateModified\":\"2026-03-17T09:58:17+00:00\",\"description\":\"0D\u00c9FENSE ET S\u00c9CURIT\u00c9Zone de t\u00e9l\u00e9chargement iciPreviousNext DES GABIONS DE LA PREMI\u00c8RE GUERRE MONDIALE \u00c0 LA S\u00c9CURIT\u00c9 MODERNE, MACCAFERRI INNOVE POUR LA\",\"breadcrumb\":{\"@id\":\"https:\/\/www.maccaferri.com\/fr\/defense-securite\/#breadcrumb\"},\"inLanguage\":\"fr-FR\",\"potentialAction\":[{\"@type\":\"ReadAction\",\"target\":[\"https:\/\/www.maccaferri.com\/fr\/defense-securite\/\"]}]},{\"@type\":\"ImageObject\",\"inLanguage\":\"fr-FR\",\"@id\":\"https:\/\/www.maccaferri.com\/fr\/defense-securite\/#primaryimage\",\"url\":\"https:\/\/www.maccaferri.com\/ca\/wp-content\/uploads\/2024\/10\/perimetro-dettaglio-light.jpg\",\"contentUrl\":\"https:\/\/www.maccaferri.com\/ca\/wp-content\/uploads\/2024\/10\/perimetro-dettaglio-light.jpg\"},{\"@type\":\"BreadcrumbList\",\"@id\":\"https:\/\/www.maccaferri.com\/fr\/defense-securite\/#breadcrumb\",\"itemListElement\":[{\"@type\":\"ListItem\",\"position\":1,\"name\":\"Home\",\"item\":\"https:\/\/www.maccaferri.com\/fr\/\"},{\"@type\":\"ListItem\",\"position\":2,\"name\":\"Defence and Security\"}]},{\"@type\":\"WebSite\",\"@id\":\"https:\/\/www.maccaferri.com\/fr\/#website\",\"url\":\"https:\/\/www.maccaferri.com\/fr\/\",\"name\":\"Maccaferri France\",\"description\":\"\",\"publisher\":{\"@id\":\"https:\/\/www.maccaferri.com\/fr\/#organization\"},\"potentialAction\":[{\"@type\":\"SearchAction\",\"target\":{\"@type\":\"EntryPoint\",\"urlTemplate\":\"https:\/\/www.maccaferri.com\/fr\/?s={search_term_string}\"},\"query-input\":{\"@type\":\"PropertyValueSpecification\",\"valueRequired\":true,\"valueName\":\"search_term_string\"}}],\"inLanguage\":\"fr-FR\"},{\"@type\":\"Organization\",\"@id\":\"https:\/\/www.maccaferri.com\/fr\/#organization\",\"name\":\"Maccaferri France\",\"url\":\"https:\/\/www.maccaferri.com\/fr\/\",\"logo\":{\"@type\":\"ImageObject\",\"inLanguage\":\"fr-FR\",\"@id\":\"https:\/\/www.maccaferri.com\/fr\/#\/schema\/logo\/image\/\",\"url\":\"https:\/\/www.maccaferri.com\/fr\/wp-content\/uploads\/2022\/07\/logo-maccaferri.png\",\"contentUrl\":\"https:\/\/www.maccaferri.com\/fr\/wp-content\/uploads\/2022\/07\/logo-maccaferri.png\",\"width\":152,\"height\":32,\"caption\":\"Maccaferri France\"},\"image\":{\"@id\":\"https:\/\/www.maccaferri.com\/fr\/#\/schema\/logo\/image\/\"}}]}<\/script>\n<!-- \/ Yoast SEO Premium plugin. -->","yoast_head_json":{"title":"Defence and Security - Maccaferri France","description":"0D\u00c9FENSE ET S\u00c9CURIT\u00c9Zone de t\u00e9l\u00e9chargement iciPreviousNext DES GABIONS DE LA PREMI\u00c8RE GUERRE MONDIALE \u00c0 LA S\u00c9CURIT\u00c9 MODERNE, MACCAFERRI INNOVE POUR LA","robots":{"index":"index","follow":"follow","max-snippet":"max-snippet:-1","max-image-preview":"max-image-preview:large","max-video-preview":"max-video-preview:-1"},"canonical":"https:\/\/www.maccaferri.com\/fr\/defense-securite\/","og_locale":"fr_FR","og_type":"article","og_title":"Defence and Security","og_description":"0D\u00c9FENSE ET S\u00c9CURIT\u00c9Zone de t\u00e9l\u00e9chargement iciPreviousNext DES GABIONS DE LA PREMI\u00c8RE GUERRE MONDIALE \u00c0 LA S\u00c9CURIT\u00c9 MODERNE, MACCAFERRI INNOVE POUR LA","og_url":"https:\/\/www.maccaferri.com\/fr\/defense-securite\/","og_site_name":"Maccaferri France","article_modified_time":"2026-03-17T09:58:17+00:00","og_image":[{"url":"https:\/\/www.maccaferri.com\/ca\/wp-content\/uploads\/2024\/10\/perimetro-dettaglio-light.jpg","type":"","width":"","height":""}],"twitter_card":"summary_large_image","twitter_misc":{"Dur\u00e9e de lecture estim\u00e9e":"3 minutes"},"schema":{"@context":"https:\/\/schema.org","@graph":[{"@type":"WebPage","@id":"https:\/\/www.maccaferri.com\/fr\/defense-securite\/","url":"https:\/\/www.maccaferri.com\/fr\/defense-securite\/","name":"Defence and Security - Maccaferri France","isPartOf":{"@id":"https:\/\/www.maccaferri.com\/fr\/#website"},"primaryImageOfPage":{"@id":"https:\/\/www.maccaferri.com\/fr\/defense-securite\/#primaryimage"},"image":{"@id":"https:\/\/www.maccaferri.com\/fr\/defense-securite\/#primaryimage"},"thumbnailUrl":"https:\/\/www.maccaferri.com\/ca\/wp-content\/uploads\/2024\/10\/perimetro-dettaglio-light.jpg","datePublished":"2024-02-14T16:07:41+00:00","dateModified":"2026-03-17T09:58:17+00:00","description":"0D\u00c9FENSE ET S\u00c9CURIT\u00c9Zone de t\u00e9l\u00e9chargement iciPreviousNext DES GABIONS DE LA PREMI\u00c8RE GUERRE MONDIALE \u00c0 LA S\u00c9CURIT\u00c9 MODERNE, MACCAFERRI INNOVE POUR LA","breadcrumb":{"@id":"https:\/\/www.maccaferri.com\/fr\/defense-securite\/#breadcrumb"},"inLanguage":"fr-FR","potentialAction":[{"@type":"ReadAction","target":["https:\/\/www.maccaferri.com\/fr\/defense-securite\/"]}]},{"@type":"ImageObject","inLanguage":"fr-FR","@id":"https:\/\/www.maccaferri.com\/fr\/defense-securite\/#primaryimage","url":"https:\/\/www.maccaferri.com\/ca\/wp-content\/uploads\/2024\/10\/perimetro-dettaglio-light.jpg","contentUrl":"https:\/\/www.maccaferri.com\/ca\/wp-content\/uploads\/2024\/10\/perimetro-dettaglio-light.jpg"},{"@type":"BreadcrumbList","@id":"https:\/\/www.maccaferri.com\/fr\/defense-securite\/#breadcrumb","itemListElement":[{"@type":"ListItem","position":1,"name":"Home","item":"https:\/\/www.maccaferri.com\/fr\/"},{"@type":"ListItem","position":2,"name":"Defence and Security"}]},{"@type":"WebSite","@id":"https:\/\/www.maccaferri.com\/fr\/#website","url":"https:\/\/www.maccaferri.com\/fr\/","name":"Maccaferri France","description":"","publisher":{"@id":"https:\/\/www.maccaferri.com\/fr\/#organization"},"potentialAction":[{"@type":"SearchAction","target":{"@type":"EntryPoint","urlTemplate":"https:\/\/www.maccaferri.com\/fr\/?s={search_term_string}"},"query-input":{"@type":"PropertyValueSpecification","valueRequired":true,"valueName":"search_term_string"}}],"inLanguage":"fr-FR"},{"@type":"Organization","@id":"https:\/\/www.maccaferri.com\/fr\/#organization","name":"Maccaferri France","url":"https:\/\/www.maccaferri.com\/fr\/","logo":{"@type":"ImageObject","inLanguage":"fr-FR","@id":"https:\/\/www.maccaferri.com\/fr\/#\/schema\/logo\/image\/","url":"https:\/\/www.maccaferri.com\/fr\/wp-content\/uploads\/2022\/07\/logo-maccaferri.png","contentUrl":"https:\/\/www.maccaferri.com\/fr\/wp-content\/uploads\/2022\/07\/logo-maccaferri.png","width":152,"height":32,"caption":"Maccaferri France"},"image":{"@id":"https:\/\/www.maccaferri.com\/fr\/#\/schema\/logo\/image\/"}}]}},"_links":{"self":[{"href":"https:\/\/www.maccaferri.com\/fr\/wp-json\/wp\/v2\/pages\/88088","targetHints":{"allow":["GET"]}}],"collection":[{"href":"https:\/\/www.maccaferri.com\/fr\/wp-json\/wp\/v2\/pages"}],"about":[{"href":"https:\/\/www.maccaferri.com\/fr\/wp-json\/wp\/v2\/types\/page"}],"author":[{"embeddable":true,"href":"https:\/\/www.maccaferri.com\/fr\/wp-json\/wp\/v2\/users\/24301"}],"replies":[{"embeddable":true,"href":"https:\/\/www.maccaferri.com\/fr\/wp-json\/wp\/v2\/comments?post=88088"}],"version-history":[{"count":7,"href":"https:\/\/www.maccaferri.com\/fr\/wp-json\/wp\/v2\/pages\/88088\/revisions"}],"predecessor-version":[{"id":118425,"href":"https:\/\/www.maccaferri.com\/fr\/wp-json\/wp\/v2\/pages\/88088\/revisions\/118425"}],"wp:attachment":[{"href":"https:\/\/www.maccaferri.com\/fr\/wp-json\/wp\/v2\/media?parent=88088"}],"curies":[{"name":"wp","href":"https:\/\/api.w.org\/{rel}","templated":true}]}}