{"id":8574,"date":"2023-01-27T16:55:03","date_gmt":"2023-01-27T15:55:03","guid":{"rendered":"https:\/\/www.maccaferri.com\/fr\/?page_id=8574"},"modified":"2023-07-25T15:06:16","modified_gmt":"2023-07-25T13:06:16","slug":"episode-4-protection-des-berges-du-canal-de-niffer","status":"publish","type":"page","link":"https:\/\/www.maccaferri.com\/fr\/episode-4-protection-des-berges-du-canal-de-niffer\/","title":{"rendered":"\u00c9pisode 4 : protection des berges du Canal de Niffer"},"content":{"rendered":"<div class=\"wp-block-columns is-layout-flex wp-container-core-columns-is-layout-9d6595d7 wp-block-columns-is-layout-flex\"><div class=\"wp-block-column is-layout-flow wp-block-column-is-layout-flow\"><div class=\"wp-block-columns is-layout-flex wp-container-core-columns-is-layout-9d6595d7 wp-block-columns-is-layout-flex\"><div class=\"wp-block-column is-layout-flow wp-block-column-is-layout-flow\"><div class=\"wp-block-mac-container-block box-container\"><div class=\"wp-block-columns is-layout-flex wp-container-core-columns-is-layout-9d6595d7 wp-block-columns-is-layout-flex\"><div class=\"wp-block-column is-layout-flow wp-block-column-is-layout-flow\"><div class=\"container content-paragraph box-container\"><div class=\"row\"><div class=\"col-12 col-lg-12 col-xl-12 col-xxl-12\"><h6>Protection des berges du Canal de Niffer : un am\u00e9nagement durable<\/h6><div class=\"content-txt\"><p><span data-offset-key=\"9sblm-0-0\">\u00a0Dans cette nouvelle Immersion, nous sommes venus \u00e0 la rencontre de deux interlocuteurs assurant les r\u00f4les de maitre d\u2019ouvrage et entreprise adjudicataire sur les travaux de protection des berges du canal de Niffer, pr\u00e8s de Mulhouse, o\u00f9 la soci\u00e9t\u00e9 Maccaferri a r\u00e9alis\u00e9 les prestations d\u2019aide au dimensionnement, d\u2019approvisionnement et de pose des fournitures, entre 2016 &amp; 2021.<\/span><\/p>\n<\/div><\/div><\/div><\/div><\/div><\/div><\/div><\/div><\/div>\n\n<div class=\"wp-block-mac-container-block box-container\"><div class=\"wp-block-columns is-layout-flex wp-container-core-columns-is-layout-9d6595d7 wp-block-columns-is-layout-flex\"><div class=\"wp-block-column is-layout-flow wp-block-column-is-layout-flow\"><div class=\"wp-block-buttons is-content-justification-center is-layout-flex wp-container-core-buttons-is-layout-16018d1d wp-block-buttons-is-layout-flex\"><div class=\"wp-block-button has-custom-width wp-block-button__width-50 has-custom-font-size has-medium-font-size\"><a class=\"wp-block-button__link\" href=\"https:\/\/audmns.com\/MeikCmK\" style=\"border-radius:19px\" target=\"_blank\" rel=\"noreferrer noopener\">\u00c9COUTER \u00c9PISODE 4<\/a><\/div><\/div><\/div><\/div><\/div>\n\n<div class=\"wp-block-columns is-layout-flex wp-container-core-columns-is-layout-9d6595d7 wp-block-columns-is-layout-flex\"><div class=\"wp-block-column is-layout-flow wp-block-column-is-layout-flow\"><\/div><\/div><\/div><\/div><div class=\"wp-block-columns is-layout-flex wp-container-core-columns-is-layout-9d6595d7 wp-block-columns-is-layout-flex\"><div class=\"wp-block-column is-layout-flow wp-block-column-is-layout-flow\"><div class=\"container-fluid carousel-image-gallery\">\n        <div class=\"row\">\n            <div id=\"carouselImageblock_63d25cea716f8\" class=\"carousel slide carouselImageGallery\" data-bs-ride=\"carousel\">\n                <!-- \/\/ Indicators -->\n                <ol class=\"carousel-indicators\">\n                                            <li data-bs-target=\"#carouselImageblock_63d25cea716f8\" data-bs-slide-to=\"0\" class=\"active\" aria-current=\"true\" aria-label=\"Slide\"><\/li>\n                                            <li data-bs-target=\"#carouselImageblock_63d25cea716f8\" data-bs-slide-to=\"1\" class=\"\" aria-current=\"true\" aria-label=\"Slide\"><\/li>\n                                            <li data-bs-target=\"#carouselImageblock_63d25cea716f8\" data-bs-slide-to=\"2\" class=\"\" aria-current=\"true\" aria-label=\"Slide\"><\/li>\n                                            <li data-bs-target=\"#carouselImageblock_63d25cea716f8\" data-bs-slide-to=\"3\" class=\"\" aria-current=\"true\" aria-label=\"Slide\"><\/li>\n                                    <\/ol>\n\n                <div class=\"carousel-inner container\" role=\"listbox\">\n                                            <div class=\"carousel-item active\">\n                        <div class=\"col-12 col-lg-4 col-xl-4 col-xxl-4 space-mobile\">\n                            <div class=\"grid-item-wrapper\">\n                                <div class=\"img-responsive-wrapper\">\n                                    <div class=\"img-responsive\">\n                                        <div class=\"img-wrapper\"><img decoding=\"async\" src=\"https:\/\/www.maccaferri.com\/fr\/wp-content\/uploads\/2023\/01\/20210722_121032109_iOS-scaled.jpg\" alt=\"Niffer1\" \/><\/div>\n                                    <\/div>\n                                <\/div>\n                                <div class=\"griditem-text-wrapper text-center\">\n                                    <p class=\"griditem-text text-center\"><\/p>\n                   \n                                <\/div>\n                            <\/div>\n                        <\/div>\n                        <\/div>\n                                            <div class=\"carousel-item \">\n                        <div class=\"col-12 col-lg-4 col-xl-4 col-xxl-4 space-mobile\">\n                            <div class=\"grid-item-wrapper\">\n                                <div class=\"img-responsive-wrapper\">\n                                    <div class=\"img-responsive\">\n                                        <div class=\"img-wrapper\"><img decoding=\"async\" src=\"https:\/\/www.maccaferri.com\/fr\/wp-content\/uploads\/2023\/01\/IMG_1571-scaled.jpg\" alt=\"Niffer2\" \/><\/div>\n                                    <\/div>\n                                <\/div>\n                                <div class=\"griditem-text-wrapper text-center\">\n                                    <p class=\"griditem-text text-center\"><\/p>\n                   \n                                <\/div>\n                            <\/div>\n                        <\/div>\n                        <\/div>\n                                            <div class=\"carousel-item \">\n                        <div class=\"col-12 col-lg-4 col-xl-4 col-xxl-4 space-mobile\">\n                            <div class=\"grid-item-wrapper\">\n                                <div class=\"img-responsive-wrapper\">\n                                    <div class=\"img-responsive\">\n                                        <div class=\"img-wrapper\"><img decoding=\"async\" src=\"https:\/\/www.maccaferri.com\/fr\/wp-content\/uploads\/2023\/07\/IMG_7366-scaled-1.jpg\" alt=\"Niffer3\" \/><\/div>\n                                    <\/div>\n                                <\/div>\n                                <div class=\"griditem-text-wrapper text-center\">\n                                    <p class=\"griditem-text text-center\"><\/p>\n                   \n                                <\/div>\n                            <\/div>\n                        <\/div>\n                        <\/div>\n                                            <div class=\"carousel-item \">\n                        <div class=\"col-12 col-lg-4 col-xl-4 col-xxl-4 space-mobile\">\n                            <div class=\"grid-item-wrapper\">\n                                <div class=\"img-responsive-wrapper\">\n                                    <div class=\"img-responsive\">\n                                        <div class=\"img-wrapper\"><img decoding=\"async\" src=\"https:\/\/www.maccaferri.com\/fr\/wp-content\/uploads\/2023\/07\/IMG_7371-scaled-1.jpg\" alt=\"Niffer4\" \/><\/div>\n                                    <\/div>\n                                <\/div>\n                                <div class=\"griditem-text-wrapper text-center\">\n                                    <p class=\"griditem-text text-center\"><\/p>\n                   \n                                <\/div>\n                            <\/div>\n                        <\/div>\n                        <\/div>\n                                    <\/div>\n            <\/div>\n\n        <\/div>\n    <\/div><\/div><\/div>","protected":false},"excerpt":{"rendered":"","protected":false},"author":21,"featured_media":8478,"parent":0,"menu_order":0,"comment_status":"closed","ping_status":"closed","template":"","meta":{"_acf_changed":false,"_joinchat":[],"footnotes":""},"class_list":["post-8574","page","type-page","status-publish","has-post-thumbnail","hentry"],"acf":{"uuid_products":"","product-documents":""},"yoast_head":"<!-- This site is optimized with the Yoast SEO Premium plugin v27.0 (Yoast SEO v27.0) - https:\/\/yoast.com\/product\/yoast-seo-premium-wordpress\/ -->\n<title>\u00c9pisode 4 : protection des berges du Canal de Niffer - Maccaferri France<\/title>\n<meta name=\"description\" content=\"Dans cette nouvelle Immersion, nous sommes venus \u00e0 la rencontre de deux interlocuteurs assurant les r\u00f4les de maitre d\u2019ouvrage et entreprise adjudicataire sur les travaux de protection des berges du canal de Niffer, pr\u00e8s de Mulhouse, o\u00f9 la soci\u00e9t\u00e9 Maccaferri\" \/>\n<meta name=\"robots\" content=\"index, follow, max-snippet:-1, max-image-preview:large, max-video-preview:-1\" \/>\n<link rel=\"canonical\" href=\"https:\/\/www.maccaferri.com\/fr\/episode-4-protection-des-berges-du-canal-de-niffer\/\" \/>\n<meta property=\"og:locale\" content=\"fr_FR\" \/>\n<meta property=\"og:type\" content=\"article\" \/>\n<meta property=\"og:title\" content=\"\u00c9pisode 4 : protection des berges du Canal de Niffer\" \/>\n<meta property=\"og:description\" content=\"Dans cette nouvelle Immersion, nous sommes venus \u00e0 la rencontre de deux interlocuteurs assurant les r\u00f4les de maitre d\u2019ouvrage et entreprise adjudicataire sur les travaux de protection des berges du canal de Niffer, pr\u00e8s de Mulhouse, o\u00f9 la soci\u00e9t\u00e9 Maccaferri\" \/>\n<meta property=\"og:url\" content=\"https:\/\/www.maccaferri.com\/fr\/episode-4-protection-des-berges-du-canal-de-niffer\/\" \/>\n<meta property=\"og:site_name\" content=\"Maccaferri France\" \/>\n<meta property=\"article:modified_time\" content=\"2023-07-25T13:06:16+00:00\" \/>\n<meta property=\"og:image\" content=\"https:\/\/www.maccaferri.com\/fr\/wp-content\/uploads\/2023\/01\/4.png\" \/>\n\t<meta property=\"og:image:width\" content=\"1915\" \/>\n\t<meta property=\"og:image:height\" content=\"530\" \/>\n\t<meta property=\"og:image:type\" content=\"image\/png\" \/>\n<meta name=\"twitter:card\" content=\"summary_large_image\" \/>\n<meta name=\"twitter:label1\" content=\"Dur\u00e9e de lecture estim\u00e9e\" \/>\n\t<meta name=\"twitter:data1\" content=\"1 minute\" \/>\n<script type=\"application\/ld+json\" class=\"yoast-schema-graph\">{\"@context\":\"https:\/\/schema.org\",\"@graph\":[{\"@type\":\"WebPage\",\"@id\":\"https:\/\/www.maccaferri.com\/fr\/episode-4-protection-des-berges-du-canal-de-niffer\/\",\"url\":\"https:\/\/www.maccaferri.com\/fr\/episode-4-protection-des-berges-du-canal-de-niffer\/\",\"name\":\"\u00c9pisode 4 : protection des berges du Canal de Niffer - Maccaferri France\",\"isPartOf\":{\"@id\":\"https:\/\/www.maccaferri.com\/fr\/#website\"},\"primaryImageOfPage\":{\"@id\":\"https:\/\/www.maccaferri.com\/fr\/episode-4-protection-des-berges-du-canal-de-niffer\/#primaryimage\"},\"image\":{\"@id\":\"https:\/\/www.maccaferri.com\/fr\/episode-4-protection-des-berges-du-canal-de-niffer\/#primaryimage\"},\"thumbnailUrl\":\"https:\/\/www.maccaferri.com\/fr\/wp-content\/uploads\/2023\/01\/4.png\",\"datePublished\":\"2023-01-27T15:55:03+00:00\",\"dateModified\":\"2023-07-25T13:06:16+00:00\",\"description\":\"Dans cette nouvelle Immersion, nous sommes venus \u00e0 la rencontre de deux interlocuteurs assurant les r\u00f4les de maitre d\u2019ouvrage et entreprise adjudicataire sur les travaux de protection des berges du canal de Niffer, pr\u00e8s de Mulhouse, o\u00f9 la soci\u00e9t\u00e9 Maccaferri\",\"breadcrumb\":{\"@id\":\"https:\/\/www.maccaferri.com\/fr\/episode-4-protection-des-berges-du-canal-de-niffer\/#breadcrumb\"},\"inLanguage\":\"fr-FR\",\"potentialAction\":[{\"@type\":\"ReadAction\",\"target\":[\"https:\/\/www.maccaferri.com\/fr\/episode-4-protection-des-berges-du-canal-de-niffer\/\"]}]},{\"@type\":\"ImageObject\",\"inLanguage\":\"fr-FR\",\"@id\":\"https:\/\/www.maccaferri.com\/fr\/episode-4-protection-des-berges-du-canal-de-niffer\/#primaryimage\",\"url\":\"https:\/\/www.maccaferri.com\/fr\/wp-content\/uploads\/2023\/01\/4.png\",\"contentUrl\":\"https:\/\/www.maccaferri.com\/fr\/wp-content\/uploads\/2023\/01\/4.png\",\"width\":1915,\"height\":530,\"caption\":\"Visuel-ep5\"},{\"@type\":\"BreadcrumbList\",\"@id\":\"https:\/\/www.maccaferri.com\/fr\/episode-4-protection-des-berges-du-canal-de-niffer\/#breadcrumb\",\"itemListElement\":[{\"@type\":\"ListItem\",\"position\":1,\"name\":\"Home\",\"item\":\"https:\/\/www.maccaferri.com\/fr\/\"},{\"@type\":\"ListItem\",\"position\":2,\"name\":\"\u00c9pisode 4 : protection des berges du Canal de Niffer\"}]},{\"@type\":\"WebSite\",\"@id\":\"https:\/\/www.maccaferri.com\/fr\/#website\",\"url\":\"https:\/\/www.maccaferri.com\/fr\/\",\"name\":\"Maccaferri France\",\"description\":\"\",\"publisher\":{\"@id\":\"https:\/\/www.maccaferri.com\/fr\/#organization\"},\"potentialAction\":[{\"@type\":\"SearchAction\",\"target\":{\"@type\":\"EntryPoint\",\"urlTemplate\":\"https:\/\/www.maccaferri.com\/fr\/?s={search_term_string}\"},\"query-input\":{\"@type\":\"PropertyValueSpecification\",\"valueRequired\":true,\"valueName\":\"search_term_string\"}}],\"inLanguage\":\"fr-FR\"},{\"@type\":\"Organization\",\"@id\":\"https:\/\/www.maccaferri.com\/fr\/#organization\",\"name\":\"Maccaferri France\",\"url\":\"https:\/\/www.maccaferri.com\/fr\/\",\"logo\":{\"@type\":\"ImageObject\",\"inLanguage\":\"fr-FR\",\"@id\":\"https:\/\/www.maccaferri.com\/fr\/#\/schema\/logo\/image\/\",\"url\":\"https:\/\/www.maccaferri.com\/fr\/wp-content\/uploads\/2022\/07\/logo-maccaferri.png\",\"contentUrl\":\"https:\/\/www.maccaferri.com\/fr\/wp-content\/uploads\/2022\/07\/logo-maccaferri.png\",\"width\":152,\"height\":32,\"caption\":\"Maccaferri France\"},\"image\":{\"@id\":\"https:\/\/www.maccaferri.com\/fr\/#\/schema\/logo\/image\/\"}}]}<\/script>\n<!-- \/ Yoast SEO Premium plugin. -->","yoast_head_json":{"title":"\u00c9pisode 4 : protection des berges du Canal de Niffer - Maccaferri France","description":"Dans cette nouvelle Immersion, nous sommes venus \u00e0 la rencontre de deux interlocuteurs assurant les r\u00f4les de maitre d\u2019ouvrage et entreprise adjudicataire sur les travaux de protection des berges du canal de Niffer, pr\u00e8s de Mulhouse, o\u00f9 la soci\u00e9t\u00e9 Maccaferri","robots":{"index":"index","follow":"follow","max-snippet":"max-snippet:-1","max-image-preview":"max-image-preview:large","max-video-preview":"max-video-preview:-1"},"canonical":"https:\/\/www.maccaferri.com\/fr\/episode-4-protection-des-berges-du-canal-de-niffer\/","og_locale":"fr_FR","og_type":"article","og_title":"\u00c9pisode 4 : protection des berges du Canal de Niffer","og_description":"Dans cette nouvelle Immersion, nous sommes venus \u00e0 la rencontre de deux interlocuteurs assurant les r\u00f4les de maitre d\u2019ouvrage et entreprise adjudicataire sur les travaux de protection des berges du canal de Niffer, pr\u00e8s de Mulhouse, o\u00f9 la soci\u00e9t\u00e9 Maccaferri","og_url":"https:\/\/www.maccaferri.com\/fr\/episode-4-protection-des-berges-du-canal-de-niffer\/","og_site_name":"Maccaferri France","article_modified_time":"2023-07-25T13:06:16+00:00","og_image":[{"width":1915,"height":530,"url":"https:\/\/www.maccaferri.com\/fr\/wp-content\/uploads\/2023\/01\/4.png","type":"image\/png"}],"twitter_card":"summary_large_image","twitter_misc":{"Dur\u00e9e de lecture estim\u00e9e":"1 minute"},"schema":{"@context":"https:\/\/schema.org","@graph":[{"@type":"WebPage","@id":"https:\/\/www.maccaferri.com\/fr\/episode-4-protection-des-berges-du-canal-de-niffer\/","url":"https:\/\/www.maccaferri.com\/fr\/episode-4-protection-des-berges-du-canal-de-niffer\/","name":"\u00c9pisode 4 : protection des berges du Canal de Niffer - Maccaferri France","isPartOf":{"@id":"https:\/\/www.maccaferri.com\/fr\/#website"},"primaryImageOfPage":{"@id":"https:\/\/www.maccaferri.com\/fr\/episode-4-protection-des-berges-du-canal-de-niffer\/#primaryimage"},"image":{"@id":"https:\/\/www.maccaferri.com\/fr\/episode-4-protection-des-berges-du-canal-de-niffer\/#primaryimage"},"thumbnailUrl":"https:\/\/www.maccaferri.com\/fr\/wp-content\/uploads\/2023\/01\/4.png","datePublished":"2023-01-27T15:55:03+00:00","dateModified":"2023-07-25T13:06:16+00:00","description":"Dans cette nouvelle Immersion, nous sommes venus \u00e0 la rencontre de deux interlocuteurs assurant les r\u00f4les de maitre d\u2019ouvrage et entreprise adjudicataire sur les travaux de protection des berges du canal de Niffer, pr\u00e8s de Mulhouse, o\u00f9 la soci\u00e9t\u00e9 Maccaferri","breadcrumb":{"@id":"https:\/\/www.maccaferri.com\/fr\/episode-4-protection-des-berges-du-canal-de-niffer\/#breadcrumb"},"inLanguage":"fr-FR","potentialAction":[{"@type":"ReadAction","target":["https:\/\/www.maccaferri.com\/fr\/episode-4-protection-des-berges-du-canal-de-niffer\/"]}]},{"@type":"ImageObject","inLanguage":"fr-FR","@id":"https:\/\/www.maccaferri.com\/fr\/episode-4-protection-des-berges-du-canal-de-niffer\/#primaryimage","url":"https:\/\/www.maccaferri.com\/fr\/wp-content\/uploads\/2023\/01\/4.png","contentUrl":"https:\/\/www.maccaferri.com\/fr\/wp-content\/uploads\/2023\/01\/4.png","width":1915,"height":530,"caption":"Visuel-ep5"},{"@type":"BreadcrumbList","@id":"https:\/\/www.maccaferri.com\/fr\/episode-4-protection-des-berges-du-canal-de-niffer\/#breadcrumb","itemListElement":[{"@type":"ListItem","position":1,"name":"Home","item":"https:\/\/www.maccaferri.com\/fr\/"},{"@type":"ListItem","position":2,"name":"\u00c9pisode 4 : protection des berges du Canal de Niffer"}]},{"@type":"WebSite","@id":"https:\/\/www.maccaferri.com\/fr\/#website","url":"https:\/\/www.maccaferri.com\/fr\/","name":"Maccaferri France","description":"","publisher":{"@id":"https:\/\/www.maccaferri.com\/fr\/#organization"},"potentialAction":[{"@type":"SearchAction","target":{"@type":"EntryPoint","urlTemplate":"https:\/\/www.maccaferri.com\/fr\/?s={search_term_string}"},"query-input":{"@type":"PropertyValueSpecification","valueRequired":true,"valueName":"search_term_string"}}],"inLanguage":"fr-FR"},{"@type":"Organization","@id":"https:\/\/www.maccaferri.com\/fr\/#organization","name":"Maccaferri France","url":"https:\/\/www.maccaferri.com\/fr\/","logo":{"@type":"ImageObject","inLanguage":"fr-FR","@id":"https:\/\/www.maccaferri.com\/fr\/#\/schema\/logo\/image\/","url":"https:\/\/www.maccaferri.com\/fr\/wp-content\/uploads\/2022\/07\/logo-maccaferri.png","contentUrl":"https:\/\/www.maccaferri.com\/fr\/wp-content\/uploads\/2022\/07\/logo-maccaferri.png","width":152,"height":32,"caption":"Maccaferri France"},"image":{"@id":"https:\/\/www.maccaferri.com\/fr\/#\/schema\/logo\/image\/"}}]}},"_links":{"self":[{"href":"https:\/\/www.maccaferri.com\/fr\/wp-json\/wp\/v2\/pages\/8574","targetHints":{"allow":["GET"]}}],"collection":[{"href":"https:\/\/www.maccaferri.com\/fr\/wp-json\/wp\/v2\/pages"}],"about":[{"href":"https:\/\/www.maccaferri.com\/fr\/wp-json\/wp\/v2\/types\/page"}],"author":[{"embeddable":true,"href":"https:\/\/www.maccaferri.com\/fr\/wp-json\/wp\/v2\/users\/21"}],"replies":[{"embeddable":true,"href":"https:\/\/www.maccaferri.com\/fr\/wp-json\/wp\/v2\/comments?post=8574"}],"version-history":[{"count":10,"href":"https:\/\/www.maccaferri.com\/fr\/wp-json\/wp\/v2\/pages\/8574\/revisions"}],"predecessor-version":[{"id":52885,"href":"https:\/\/www.maccaferri.com\/fr\/wp-json\/wp\/v2\/pages\/8574\/revisions\/52885"}],"wp:featuredmedia":[{"embeddable":true,"href":"https:\/\/www.maccaferri.com\/fr\/wp-json\/wp\/v2\/media\/8478"}],"wp:attachment":[{"href":"https:\/\/www.maccaferri.com\/fr\/wp-json\/wp\/v2\/media?parent=8574"}],"curies":[{"name":"wp","href":"https:\/\/api.w.org\/{rel}","templated":true}]}}