{"id":8488,"date":"2023-01-27T16:23:44","date_gmt":"2023-01-27T15:23:44","guid":{"rendered":"https:\/\/www.maccaferri.com\/fr\/?page_id=8488"},"modified":"2023-05-22T11:46:53","modified_gmt":"2023-05-22T09:46:53","slug":"episode-2-reconstruction-apres-la-tempete-alex-partie-2","status":"publish","type":"page","link":"https:\/\/www.maccaferri.com\/fr\/episode-2-reconstruction-apres-la-tempete-alex-partie-2\/","title":{"rendered":"\u00c9pisode 2 : Reconstruction apr\u00e8s la temp\u00eate Alex &#8211; partie 2"},"content":{"rendered":"<div class=\"wp-block-columns is-layout-flex wp-container-core-columns-is-layout-9d6595d7 wp-block-columns-is-layout-flex\"><div class=\"wp-block-column is-layout-flow wp-block-column-is-layout-flow\"><div class=\"wp-block-columns is-layout-flex wp-container-core-columns-is-layout-9d6595d7 wp-block-columns-is-layout-flex\"><div class=\"wp-block-column is-layout-flow wp-block-column-is-layout-flow\"><div class=\"wp-block-mac-container-block box-container\"><div class=\"wp-block-columns is-layout-flex wp-container-core-columns-is-layout-9d6595d7 wp-block-columns-is-layout-flex\"><div class=\"wp-block-column is-layout-flow wp-block-column-is-layout-flow\"><div class=\"container content-paragraph box-container\"><div class=\"row\"><div class=\"col-12 col-lg-12 col-xl-12 col-xxl-12\"><h6>R\u00e9tablissement des axes routiers, Vallon du Bor\u00e9on.<\/h6><div class=\"content-txt\"><div data-contents=\"true\">\n<div class=\"RichTextEditor__block___2Vs_D RichTextEditor__paragraph___3NTf9\" data-block=\"true\" data-editor=\"emkq3\" data-offset-key=\"3i37b-0-0\">\n<div class=\"public-DraftStyleDefault-block public-DraftStyleDefault-ltr\" data-offset-key=\"3i37b-0-0\"><span data-offset-key=\"3i37b-0-0\">Dans ce 2\u00e8me \u00e9pisode en \u00ab immersion \u00bb, nous retrouvons Guillaume Roman, le responsable technique du groupement d\u2019entreprises SLBTP, CACHAT, VENTURI, dans la Vall\u00e9e de la V\u00e9subie. Nous reviendrons sur les chantiers de reconstruction de la <\/span><span data-offset-key=\"3i37b-1-0\">route du Bor\u00e9on<\/span><span data-offset-key=\"3i37b-2-0\"> en amont de Saint Martin-V\u00e9subie, qui a \u00e9t\u00e9 coup\u00e9e \u00e0 plusieurs endroits suite \u00e0 des glissements provoqu\u00e9s par la temp\u00eate Alex d\u2019octobre 2020.<\/span><span data-offset-key=\"3i37b-2-1\">\u00a0<\/span><\/div>\n<\/div>\n<\/div>\n<\/div><\/div><\/div><\/div><\/div><\/div><\/div><\/div><\/div>\n\n<div class=\"wp-block-mac-container-block box-container\"><div class=\"wp-block-columns is-layout-flex wp-container-core-columns-is-layout-9d6595d7 wp-block-columns-is-layout-flex\"><div class=\"wp-block-column is-layout-flow wp-block-column-is-layout-flow\"><div class=\"wp-block-buttons is-content-justification-center is-layout-flex wp-container-core-buttons-is-layout-16018d1d wp-block-buttons-is-layout-flex\"><div class=\"wp-block-button has-custom-width wp-block-button__width-50 has-custom-font-size has-medium-font-size\"><a class=\"wp-block-button__link\" href=\"https:\/\/audmns.com\/NKHypeO\" style=\"border-radius:19px\" target=\"_blank\" rel=\"noreferrer noopener\">\u00c9COUTER \u00c9PISODE 2<\/a><\/div><\/div><\/div><\/div><\/div>\n\n<div class=\"wp-block-columns is-layout-flex wp-container-core-columns-is-layout-9d6595d7 wp-block-columns-is-layout-flex\"><div class=\"wp-block-column is-layout-flow wp-block-column-is-layout-flow\"><\/div><\/div><\/div><\/div><div class=\"wp-block-columns is-layout-flex wp-container-core-columns-is-layout-9d6595d7 wp-block-columns-is-layout-flex\"><div class=\"wp-block-column is-layout-flow wp-block-column-is-layout-flow\"><div class=\"container-fluid carousel-image-gallery\">\n        <div class=\"row\">\n            <div id=\"carouselImageblock_63d25cea716f8\" class=\"carousel slide carouselImageGallery\" data-bs-ride=\"carousel\">\n                <!-- \/\/ Indicators -->\n                <ol class=\"carousel-indicators\">\n                                            <li data-bs-target=\"#carouselImageblock_63d25cea716f8\" data-bs-slide-to=\"0\" class=\"active\" aria-current=\"true\" aria-label=\"Slide\"><\/li>\n                                            <li data-bs-target=\"#carouselImageblock_63d25cea716f8\" data-bs-slide-to=\"1\" class=\"\" aria-current=\"true\" aria-label=\"Slide\"><\/li>\n                                            <li data-bs-target=\"#carouselImageblock_63d25cea716f8\" data-bs-slide-to=\"2\" class=\"\" aria-current=\"true\" aria-label=\"Slide\"><\/li>\n                                    <\/ol>\n\n                <div class=\"carousel-inner container\" role=\"listbox\">\n                                            <div class=\"carousel-item active\">\n                        <div class=\"col-12 col-lg-4 col-xl-4 col-xxl-4 space-mobile\">\n                            <div class=\"grid-item-wrapper\">\n                                <div class=\"img-responsive-wrapper\">\n                                    <div class=\"img-responsive\">\n                                        <div class=\"img-wrapper\"><img decoding=\"async\" src=\"https:\/\/www.maccaferri.com\/fr\/wp-content\/uploads\/2023\/01\/DJI_0017-scaled.jpg\" alt=\"Boreon1\" \/><\/div>\n                                    <\/div>\n                                <\/div>\n                                <div class=\"griditem-text-wrapper text-center\">\n                                    <p class=\"griditem-text text-center\"><\/p>\n                   \n                                <\/div>\n                            <\/div>\n                        <\/div>\n                        <\/div>\n                                            <div class=\"carousel-item \">\n                        <div class=\"col-12 col-lg-4 col-xl-4 col-xxl-4 space-mobile\">\n                            <div class=\"grid-item-wrapper\">\n                                <div class=\"img-responsive-wrapper\">\n                                    <div class=\"img-responsive\">\n                                        <div class=\"img-wrapper\"><img decoding=\"async\" src=\"https:\/\/www.maccaferri.com\/fr\/wp-content\/uploads\/2023\/01\/DJI_0025-scaled.jpg\" alt=\"Boreon2\" \/><\/div>\n                                    <\/div>\n                                <\/div>\n                                <div class=\"griditem-text-wrapper text-center\">\n                                    <p class=\"griditem-text text-center\"><\/p>\n                   \n                                <\/div>\n                            <\/div>\n                        <\/div>\n                        <\/div>\n                                            <div class=\"carousel-item \">\n                        <div class=\"col-12 col-lg-4 col-xl-4 col-xxl-4 space-mobile\">\n                            <div class=\"grid-item-wrapper\">\n                                <div class=\"img-responsive-wrapper\">\n                                    <div class=\"img-responsive\">\n                                        <div class=\"img-wrapper\"><img decoding=\"async\" src=\"https:\/\/www.maccaferri.com\/fr\/wp-content\/uploads\/2023\/01\/DJI_0633-scaled.jpg\" alt=\"Boreon6\" \/><\/div>\n                                    <\/div>\n                                <\/div>\n                                <div class=\"griditem-text-wrapper text-center\">\n                                    <p class=\"griditem-text text-center\"><\/p>\n                   \n                                <\/div>\n                            <\/div>\n                        <\/div>\n                        <\/div>\n                                    <\/div>\n            <\/div>\n\n        <\/div>\n    <\/div><\/div><\/div>","protected":false},"excerpt":{"rendered":"","protected":false},"author":21,"featured_media":8536,"parent":0,"menu_order":0,"comment_status":"closed","ping_status":"closed","template":"","meta":{"_acf_changed":false,"_joinchat":[],"footnotes":""},"class_list":["post-8488","page","type-page","status-publish","has-post-thumbnail","hentry"],"acf":{"uuid_products":"","product-documents":""},"yoast_head":"<!-- This site is optimized with the Yoast SEO Premium plugin v27.0 (Yoast SEO v27.0) - https:\/\/yoast.com\/product\/yoast-seo-premium-wordpress\/ -->\n<title>\u00c9pisode 2 : Reconstruction apr\u00e8s la temp\u00eate Alex - partie 2 - Maccaferri France<\/title>\n<meta name=\"description\" content=\"Nous reviendrons sur les chantiers de reconstruction de la route du Bor\u00e9on en amont de Saint Martin-V\u00e9subie, qui a \u00e9t\u00e9 coup\u00e9e \u00e0 plusieurs endroits suite \u00e0 des glissements provoqu\u00e9s par la temp\u00eate Alex d\u2019octobre 2020.\u00a0\" \/>\n<meta name=\"robots\" content=\"index, follow, max-snippet:-1, max-image-preview:large, max-video-preview:-1\" \/>\n<link rel=\"canonical\" href=\"https:\/\/www.maccaferri.com\/fr\/episode-2-reconstruction-apres-la-tempete-alex-partie-2\/\" \/>\n<meta property=\"og:locale\" content=\"fr_FR\" \/>\n<meta property=\"og:type\" content=\"article\" \/>\n<meta property=\"og:title\" content=\"\u00c9pisode 2 : Reconstruction apr\u00e8s la temp\u00eate Alex - partie 2\" \/>\n<meta property=\"og:description\" content=\"Nous reviendrons sur les chantiers de reconstruction de la route du Bor\u00e9on en amont de Saint Martin-V\u00e9subie, qui a \u00e9t\u00e9 coup\u00e9e \u00e0 plusieurs endroits suite \u00e0 des glissements provoqu\u00e9s par la temp\u00eate Alex d\u2019octobre 2020.\u00a0\" \/>\n<meta property=\"og:url\" content=\"https:\/\/www.maccaferri.com\/fr\/episode-2-reconstruction-apres-la-tempete-alex-partie-2\/\" \/>\n<meta property=\"og:site_name\" content=\"Maccaferri France\" \/>\n<meta property=\"article:modified_time\" content=\"2023-05-22T09:46:53+00:00\" \/>\n<meta property=\"og:image\" content=\"https:\/\/www.maccaferri.com\/fr\/wp-content\/uploads\/2023\/01\/EPISODE-21.png\" \/>\n\t<meta property=\"og:image:width\" content=\"1915\" \/>\n\t<meta property=\"og:image:height\" content=\"530\" \/>\n\t<meta property=\"og:image:type\" content=\"image\/png\" \/>\n<meta name=\"twitter:card\" content=\"summary_large_image\" \/>\n<meta name=\"twitter:label1\" content=\"Dur\u00e9e de lecture estim\u00e9e\" \/>\n\t<meta name=\"twitter:data1\" content=\"1 minute\" \/>\n<script type=\"application\/ld+json\" class=\"yoast-schema-graph\">{\"@context\":\"https:\/\/schema.org\",\"@graph\":[{\"@type\":\"WebPage\",\"@id\":\"https:\/\/www.maccaferri.com\/fr\/episode-2-reconstruction-apres-la-tempete-alex-partie-2\/\",\"url\":\"https:\/\/www.maccaferri.com\/fr\/episode-2-reconstruction-apres-la-tempete-alex-partie-2\/\",\"name\":\"\u00c9pisode 2 : Reconstruction apr\u00e8s la temp\u00eate Alex - partie 2 - Maccaferri France\",\"isPartOf\":{\"@id\":\"https:\/\/www.maccaferri.com\/fr\/#website\"},\"primaryImageOfPage\":{\"@id\":\"https:\/\/www.maccaferri.com\/fr\/episode-2-reconstruction-apres-la-tempete-alex-partie-2\/#primaryimage\"},\"image\":{\"@id\":\"https:\/\/www.maccaferri.com\/fr\/episode-2-reconstruction-apres-la-tempete-alex-partie-2\/#primaryimage\"},\"thumbnailUrl\":\"https:\/\/www.maccaferri.com\/fr\/wp-content\/uploads\/2023\/01\/EPISODE-21.png\",\"datePublished\":\"2023-01-27T15:23:44+00:00\",\"dateModified\":\"2023-05-22T09:46:53+00:00\",\"description\":\"Nous reviendrons sur les chantiers de reconstruction de la route du Bor\u00e9on en amont de Saint Martin-V\u00e9subie, qui a \u00e9t\u00e9 coup\u00e9e \u00e0 plusieurs endroits suite \u00e0 des glissements provoqu\u00e9s par la temp\u00eate Alex d\u2019octobre 2020.\u00a0\",\"breadcrumb\":{\"@id\":\"https:\/\/www.maccaferri.com\/fr\/episode-2-reconstruction-apres-la-tempete-alex-partie-2\/#breadcrumb\"},\"inLanguage\":\"fr-FR\",\"potentialAction\":[{\"@type\":\"ReadAction\",\"target\":[\"https:\/\/www.maccaferri.com\/fr\/episode-2-reconstruction-apres-la-tempete-alex-partie-2\/\"]}]},{\"@type\":\"ImageObject\",\"inLanguage\":\"fr-FR\",\"@id\":\"https:\/\/www.maccaferri.com\/fr\/episode-2-reconstruction-apres-la-tempete-alex-partie-2\/#primaryimage\",\"url\":\"https:\/\/www.maccaferri.com\/fr\/wp-content\/uploads\/2023\/01\/EPISODE-21.png\",\"contentUrl\":\"https:\/\/www.maccaferri.com\/fr\/wp-content\/uploads\/2023\/01\/EPISODE-21.png\",\"width\":1915,\"height\":530,\"caption\":\"EPISODE 2(1)\"},{\"@type\":\"BreadcrumbList\",\"@id\":\"https:\/\/www.maccaferri.com\/fr\/episode-2-reconstruction-apres-la-tempete-alex-partie-2\/#breadcrumb\",\"itemListElement\":[{\"@type\":\"ListItem\",\"position\":1,\"name\":\"Home\",\"item\":\"https:\/\/www.maccaferri.com\/fr\/\"},{\"@type\":\"ListItem\",\"position\":2,\"name\":\"\u00c9pisode 2 : Reconstruction apr\u00e8s la temp\u00eate Alex &#8211; partie 2\"}]},{\"@type\":\"WebSite\",\"@id\":\"https:\/\/www.maccaferri.com\/fr\/#website\",\"url\":\"https:\/\/www.maccaferri.com\/fr\/\",\"name\":\"Maccaferri France\",\"description\":\"\",\"publisher\":{\"@id\":\"https:\/\/www.maccaferri.com\/fr\/#organization\"},\"potentialAction\":[{\"@type\":\"SearchAction\",\"target\":{\"@type\":\"EntryPoint\",\"urlTemplate\":\"https:\/\/www.maccaferri.com\/fr\/?s={search_term_string}\"},\"query-input\":{\"@type\":\"PropertyValueSpecification\",\"valueRequired\":true,\"valueName\":\"search_term_string\"}}],\"inLanguage\":\"fr-FR\"},{\"@type\":\"Organization\",\"@id\":\"https:\/\/www.maccaferri.com\/fr\/#organization\",\"name\":\"Maccaferri France\",\"url\":\"https:\/\/www.maccaferri.com\/fr\/\",\"logo\":{\"@type\":\"ImageObject\",\"inLanguage\":\"fr-FR\",\"@id\":\"https:\/\/www.maccaferri.com\/fr\/#\/schema\/logo\/image\/\",\"url\":\"https:\/\/www.maccaferri.com\/fr\/wp-content\/uploads\/2022\/07\/logo-maccaferri.png\",\"contentUrl\":\"https:\/\/www.maccaferri.com\/fr\/wp-content\/uploads\/2022\/07\/logo-maccaferri.png\",\"width\":152,\"height\":32,\"caption\":\"Maccaferri France\"},\"image\":{\"@id\":\"https:\/\/www.maccaferri.com\/fr\/#\/schema\/logo\/image\/\"}}]}<\/script>\n<!-- \/ Yoast SEO Premium plugin. -->","yoast_head_json":{"title":"\u00c9pisode 2 : Reconstruction apr\u00e8s la temp\u00eate Alex - partie 2 - Maccaferri France","description":"Nous reviendrons sur les chantiers de reconstruction de la route du Bor\u00e9on en amont de Saint Martin-V\u00e9subie, qui a \u00e9t\u00e9 coup\u00e9e \u00e0 plusieurs endroits suite \u00e0 des glissements provoqu\u00e9s par la temp\u00eate Alex d\u2019octobre 2020.\u00a0","robots":{"index":"index","follow":"follow","max-snippet":"max-snippet:-1","max-image-preview":"max-image-preview:large","max-video-preview":"max-video-preview:-1"},"canonical":"https:\/\/www.maccaferri.com\/fr\/episode-2-reconstruction-apres-la-tempete-alex-partie-2\/","og_locale":"fr_FR","og_type":"article","og_title":"\u00c9pisode 2 : Reconstruction apr\u00e8s la temp\u00eate Alex - partie 2","og_description":"Nous reviendrons sur les chantiers de reconstruction de la route du Bor\u00e9on en amont de Saint Martin-V\u00e9subie, qui a \u00e9t\u00e9 coup\u00e9e \u00e0 plusieurs endroits suite \u00e0 des glissements provoqu\u00e9s par la temp\u00eate Alex d\u2019octobre 2020.\u00a0","og_url":"https:\/\/www.maccaferri.com\/fr\/episode-2-reconstruction-apres-la-tempete-alex-partie-2\/","og_site_name":"Maccaferri France","article_modified_time":"2023-05-22T09:46:53+00:00","og_image":[{"width":1915,"height":530,"url":"https:\/\/www.maccaferri.com\/fr\/wp-content\/uploads\/2023\/01\/EPISODE-21.png","type":"image\/png"}],"twitter_card":"summary_large_image","twitter_misc":{"Dur\u00e9e de lecture estim\u00e9e":"1 minute"},"schema":{"@context":"https:\/\/schema.org","@graph":[{"@type":"WebPage","@id":"https:\/\/www.maccaferri.com\/fr\/episode-2-reconstruction-apres-la-tempete-alex-partie-2\/","url":"https:\/\/www.maccaferri.com\/fr\/episode-2-reconstruction-apres-la-tempete-alex-partie-2\/","name":"\u00c9pisode 2 : Reconstruction apr\u00e8s la temp\u00eate Alex - partie 2 - Maccaferri France","isPartOf":{"@id":"https:\/\/www.maccaferri.com\/fr\/#website"},"primaryImageOfPage":{"@id":"https:\/\/www.maccaferri.com\/fr\/episode-2-reconstruction-apres-la-tempete-alex-partie-2\/#primaryimage"},"image":{"@id":"https:\/\/www.maccaferri.com\/fr\/episode-2-reconstruction-apres-la-tempete-alex-partie-2\/#primaryimage"},"thumbnailUrl":"https:\/\/www.maccaferri.com\/fr\/wp-content\/uploads\/2023\/01\/EPISODE-21.png","datePublished":"2023-01-27T15:23:44+00:00","dateModified":"2023-05-22T09:46:53+00:00","description":"Nous reviendrons sur les chantiers de reconstruction de la route du Bor\u00e9on en amont de Saint Martin-V\u00e9subie, qui a \u00e9t\u00e9 coup\u00e9e \u00e0 plusieurs endroits suite \u00e0 des glissements provoqu\u00e9s par la temp\u00eate Alex d\u2019octobre 2020.\u00a0","breadcrumb":{"@id":"https:\/\/www.maccaferri.com\/fr\/episode-2-reconstruction-apres-la-tempete-alex-partie-2\/#breadcrumb"},"inLanguage":"fr-FR","potentialAction":[{"@type":"ReadAction","target":["https:\/\/www.maccaferri.com\/fr\/episode-2-reconstruction-apres-la-tempete-alex-partie-2\/"]}]},{"@type":"ImageObject","inLanguage":"fr-FR","@id":"https:\/\/www.maccaferri.com\/fr\/episode-2-reconstruction-apres-la-tempete-alex-partie-2\/#primaryimage","url":"https:\/\/www.maccaferri.com\/fr\/wp-content\/uploads\/2023\/01\/EPISODE-21.png","contentUrl":"https:\/\/www.maccaferri.com\/fr\/wp-content\/uploads\/2023\/01\/EPISODE-21.png","width":1915,"height":530,"caption":"EPISODE 2(1)"},{"@type":"BreadcrumbList","@id":"https:\/\/www.maccaferri.com\/fr\/episode-2-reconstruction-apres-la-tempete-alex-partie-2\/#breadcrumb","itemListElement":[{"@type":"ListItem","position":1,"name":"Home","item":"https:\/\/www.maccaferri.com\/fr\/"},{"@type":"ListItem","position":2,"name":"\u00c9pisode 2 : Reconstruction apr\u00e8s la temp\u00eate Alex &#8211; partie 2"}]},{"@type":"WebSite","@id":"https:\/\/www.maccaferri.com\/fr\/#website","url":"https:\/\/www.maccaferri.com\/fr\/","name":"Maccaferri France","description":"","publisher":{"@id":"https:\/\/www.maccaferri.com\/fr\/#organization"},"potentialAction":[{"@type":"SearchAction","target":{"@type":"EntryPoint","urlTemplate":"https:\/\/www.maccaferri.com\/fr\/?s={search_term_string}"},"query-input":{"@type":"PropertyValueSpecification","valueRequired":true,"valueName":"search_term_string"}}],"inLanguage":"fr-FR"},{"@type":"Organization","@id":"https:\/\/www.maccaferri.com\/fr\/#organization","name":"Maccaferri France","url":"https:\/\/www.maccaferri.com\/fr\/","logo":{"@type":"ImageObject","inLanguage":"fr-FR","@id":"https:\/\/www.maccaferri.com\/fr\/#\/schema\/logo\/image\/","url":"https:\/\/www.maccaferri.com\/fr\/wp-content\/uploads\/2022\/07\/logo-maccaferri.png","contentUrl":"https:\/\/www.maccaferri.com\/fr\/wp-content\/uploads\/2022\/07\/logo-maccaferri.png","width":152,"height":32,"caption":"Maccaferri France"},"image":{"@id":"https:\/\/www.maccaferri.com\/fr\/#\/schema\/logo\/image\/"}}]}},"_links":{"self":[{"href":"https:\/\/www.maccaferri.com\/fr\/wp-json\/wp\/v2\/pages\/8488","targetHints":{"allow":["GET"]}}],"collection":[{"href":"https:\/\/www.maccaferri.com\/fr\/wp-json\/wp\/v2\/pages"}],"about":[{"href":"https:\/\/www.maccaferri.com\/fr\/wp-json\/wp\/v2\/types\/page"}],"author":[{"embeddable":true,"href":"https:\/\/www.maccaferri.com\/fr\/wp-json\/wp\/v2\/users\/21"}],"replies":[{"embeddable":true,"href":"https:\/\/www.maccaferri.com\/fr\/wp-json\/wp\/v2\/comments?post=8488"}],"version-history":[{"count":12,"href":"https:\/\/www.maccaferri.com\/fr\/wp-json\/wp\/v2\/pages\/8488\/revisions"}],"predecessor-version":[{"id":21222,"href":"https:\/\/www.maccaferri.com\/fr\/wp-json\/wp\/v2\/pages\/8488\/revisions\/21222"}],"wp:featuredmedia":[{"embeddable":true,"href":"https:\/\/www.maccaferri.com\/fr\/wp-json\/wp\/v2\/media\/8536"}],"wp:attachment":[{"href":"https:\/\/www.maccaferri.com\/fr\/wp-json\/wp\/v2\/media?parent=8488"}],"curies":[{"name":"wp","href":"https:\/\/api.w.org\/{rel}","templated":true}]}}