{"id":8362,"date":"2023-01-26T11:28:30","date_gmt":"2023-01-26T10:28:30","guid":{"rendered":"https:\/\/www.maccaferri.com\/fr\/?page_id=8362"},"modified":"2023-05-22T11:50:52","modified_gmt":"2023-05-22T09:50:52","slug":"episode-1-reconstruction-apres-la-tempete-alex","status":"publish","type":"page","link":"https:\/\/www.maccaferri.com\/fr\/episode-1-reconstruction-apres-la-tempete-alex\/","title":{"rendered":"Episode 1 : Reconstruction apr\u00e8s la temp\u00eate Alex"},"content":{"rendered":"<div class=\"wp-block-columns is-layout-flex wp-container-core-columns-is-layout-9d6595d7 wp-block-columns-is-layout-flex\"><div class=\"wp-block-column is-layout-flow wp-block-column-is-layout-flow\"><div class=\"wp-block-columns is-layout-flex wp-container-core-columns-is-layout-9d6595d7 wp-block-columns-is-layout-flex\"><div class=\"wp-block-column is-layout-flow wp-block-column-is-layout-flow\"><div class=\"wp-block-mac-container-block box-container\"><div class=\"wp-block-columns is-layout-flex wp-container-core-columns-is-layout-9d6595d7 wp-block-columns-is-layout-flex\"><div class=\"wp-block-column is-layout-flow wp-block-column-is-layout-flow\"><div class=\"container content-paragraph box-container\"><div class=\"row\"><div class=\"col-12 col-lg-12 col-xl-12 col-xxl-12\"><h6>R\u00e9tablissement des axes routiers, focus sur la Boll\u00e8ne-V\u00e9subie.<\/h6><div class=\"content-txt\"><p>Dans ce 1er \u00e9pisode en \u00ab immersion \u00bb, nous sommes all\u00e9s \u00e0 la rencontre de Guillaume Roman, le responsable technique du groupement d\u2019entreprises SLBTP, CACHAT, VENTURI, dans la Vall\u00e9e de la V\u00e9subie. D\u00e9couvrez quelles ont \u00e9t\u00e9 les solutions techniques choisies pour r\u00e9tablir les axes routiers dans la Vall\u00e9e apr\u00e8s la temp\u00eate Alex d\u2019octobre 2020 et pourquoi leurs choix s\u2019est port\u00e9 sur ces solutions, avec un focus sur le chantier de la Boll\u00e8ne-V\u00e9subie.<\/p>\n<\/div><\/div><\/div><\/div><\/div><\/div><\/div><\/div><\/div>\n\n<div class=\"wp-block-mac-container-block box-container\"><div class=\"wp-block-columns is-layout-flex wp-container-core-columns-is-layout-9d6595d7 wp-block-columns-is-layout-flex\"><div class=\"wp-block-column is-layout-flow wp-block-column-is-layout-flow\"><div class=\"wp-block-buttons is-content-justification-center is-layout-flex wp-container-core-buttons-is-layout-16018d1d wp-block-buttons-is-layout-flex\"><div class=\"wp-block-button has-custom-width wp-block-button__width-50 has-custom-font-size has-medium-font-size\"><a class=\"wp-block-button__link\" href=\"https:\/\/smartlinks.audiomeans.fr\/l\/immersion-chantier-c24dc8a4\/reconstruction-apres-la-tempete-alex-654ff238\" style=\"border-radius:19px\" target=\"_blank\" rel=\"noreferrer noopener\">\u00c9COUTER \u00c9PISODE 1<\/a><\/div><\/div><\/div><\/div><\/div>\n\n<div class=\"wp-block-columns is-layout-flex wp-container-core-columns-is-layout-9d6595d7 wp-block-columns-is-layout-flex\"><div class=\"wp-block-column is-layout-flow wp-block-column-is-layout-flow\"><\/div><\/div><\/div><\/div><div class=\"wp-block-columns is-layout-flex wp-container-core-columns-is-layout-9d6595d7 wp-block-columns-is-layout-flex\"><div class=\"wp-block-column is-layout-flow wp-block-column-is-layout-flow\"><div class=\"container-fluid carousel-image-gallery\">\n        <div class=\"row\">\n            <div id=\"carouselImageblock_63d25cea716f8\" class=\"carousel slide carouselImageGallery\" data-bs-ride=\"carousel\">\n                <!-- \/\/ Indicators -->\n                <ol class=\"carousel-indicators\">\n                                            <li data-bs-target=\"#carouselImageblock_63d25cea716f8\" data-bs-slide-to=\"0\" class=\"active\" aria-current=\"true\" aria-label=\"Slide\"><\/li>\n                                            <li data-bs-target=\"#carouselImageblock_63d25cea716f8\" data-bs-slide-to=\"1\" class=\"\" aria-current=\"true\" aria-label=\"Slide\"><\/li>\n                                            <li data-bs-target=\"#carouselImageblock_63d25cea716f8\" data-bs-slide-to=\"2\" class=\"\" aria-current=\"true\" aria-label=\"Slide\"><\/li>\n                                    <\/ol>\n\n                <div class=\"carousel-inner container\" role=\"listbox\">\n                                            <div class=\"carousel-item active\">\n                        <div class=\"col-12 col-lg-4 col-xl-4 col-xxl-4 space-mobile\">\n                            <div class=\"grid-item-wrapper\">\n                                <div class=\"img-responsive-wrapper\">\n                                    <div class=\"img-responsive\">\n                                        <div class=\"img-wrapper\"><img decoding=\"async\" src=\"https:\/\/www.maccaferri.com\/fr\/wp-content\/uploads\/2023\/01\/Before-the-works.jpg\" alt=\"\" \/><\/div>\n                                    <\/div>\n                                <\/div>\n                                <div class=\"griditem-text-wrapper text-center\">\n                                    <p class=\"griditem-text text-center\"><\/p>\n                   \n                                <\/div>\n                            <\/div>\n                        <\/div>\n                        <\/div>\n                                            <div class=\"carousel-item \">\n                        <div class=\"col-12 col-lg-4 col-xl-4 col-xxl-4 space-mobile\">\n                            <div class=\"grid-item-wrapper\">\n                                <div class=\"img-responsive-wrapper\">\n                                    <div class=\"img-responsive\">\n                                        <div class=\"img-wrapper\"><img decoding=\"async\" src=\"https:\/\/www.maccaferri.com\/fr\/wp-content\/uploads\/2023\/01\/During-the-works-scaled.jpg\" alt=\"\" \/><\/div>\n                                    <\/div>\n                                <\/div>\n                                <div class=\"griditem-text-wrapper text-center\">\n                                    <p class=\"griditem-text text-center\"><\/p>\n                   \n                                <\/div>\n                            <\/div>\n                        <\/div>\n                        <\/div>\n                                            <div class=\"carousel-item \">\n                        <div class=\"col-12 col-lg-4 col-xl-4 col-xxl-4 space-mobile\">\n                            <div class=\"grid-item-wrapper\">\n                                <div class=\"img-responsive-wrapper\">\n                                    <div class=\"img-responsive\">\n                                        <div class=\"img-wrapper\"><img decoding=\"async\" src=\"https:\/\/www.maccaferri.com\/fr\/wp-content\/uploads\/2023\/01\/After-the-works-scaled.jpg\" alt=\"\" \/><\/div>\n                                    <\/div>\n                                <\/div>\n                                <div class=\"griditem-text-wrapper text-center\">\n                                    <p class=\"griditem-text text-center\"><\/p>\n                   \n                                <\/div>\n                            <\/div>\n                        <\/div>\n                        <\/div>\n                                    <\/div>\n            <\/div>\n\n        <\/div>\n    <\/div><\/div><\/div>","protected":false},"excerpt":{"rendered":"","protected":false},"author":6,"featured_media":8365,"parent":0,"menu_order":0,"comment_status":"closed","ping_status":"closed","template":"","meta":{"_acf_changed":false,"_joinchat":[],"footnotes":""},"class_list":["post-8362","page","type-page","status-publish","has-post-thumbnail","hentry"],"acf":{"uuid_products":"","product-documents":""},"yoast_head":"<!-- This site is optimized with the Yoast SEO Premium plugin v27.0 (Yoast SEO v27.0) - https:\/\/yoast.com\/product\/yoast-seo-premium-wordpress\/ -->\n<title>Episode 1 : Reconstruction apr\u00e8s la temp\u00eate Alex - Maccaferri France<\/title>\n<meta name=\"description\" content=\"D\u00e9couvrez quelles ont \u00e9t\u00e9 les solutions techniques choisies pour r\u00e9tablir les axes routiers dans la Vall\u00e9e apr\u00e8s la temp\u00eate Alex d\u2019octobre 2020 et pourquoi leurs choix s\u2019est port\u00e9 sur ces solutions, avec un focus sur le chantier de la Boll\u00e8ne-V\u00e9subie.\" \/>\n<meta name=\"robots\" content=\"index, follow, max-snippet:-1, max-image-preview:large, max-video-preview:-1\" \/>\n<link rel=\"canonical\" href=\"https:\/\/www.maccaferri.com\/fr\/episode-1-reconstruction-apres-la-tempete-alex\/\" \/>\n<meta property=\"og:locale\" content=\"fr_FR\" \/>\n<meta property=\"og:type\" content=\"article\" \/>\n<meta property=\"og:title\" content=\"Episode 1 : Reconstruction apr\u00e8s la temp\u00eate Alex\" \/>\n<meta property=\"og:description\" content=\"D\u00e9couvrez quelles ont \u00e9t\u00e9 les solutions techniques choisies pour r\u00e9tablir les axes routiers dans la Vall\u00e9e apr\u00e8s la temp\u00eate Alex d\u2019octobre 2020 et pourquoi leurs choix s\u2019est port\u00e9 sur ces solutions, avec un focus sur le chantier de la Boll\u00e8ne-V\u00e9subie.\" \/>\n<meta property=\"og:url\" content=\"https:\/\/www.maccaferri.com\/fr\/episode-1-reconstruction-apres-la-tempete-alex\/\" \/>\n<meta property=\"og:site_name\" content=\"Maccaferri France\" \/>\n<meta property=\"article:modified_time\" content=\"2023-05-22T09:50:52+00:00\" \/>\n<meta property=\"og:image\" content=\"https:\/\/www.maccaferri.com\/fr\/wp-content\/uploads\/2023\/01\/MicrosoftTeams-image-20.png\" \/>\n\t<meta property=\"og:image:width\" content=\"1915\" \/>\n\t<meta property=\"og:image:height\" content=\"530\" \/>\n\t<meta property=\"og:image:type\" content=\"image\/png\" \/>\n<meta name=\"twitter:card\" content=\"summary_large_image\" \/>\n<meta name=\"twitter:label1\" content=\"Dur\u00e9e de lecture estim\u00e9e\" \/>\n\t<meta name=\"twitter:data1\" content=\"1 minute\" \/>\n<script type=\"application\/ld+json\" class=\"yoast-schema-graph\">{\"@context\":\"https:\/\/schema.org\",\"@graph\":[{\"@type\":\"WebPage\",\"@id\":\"https:\/\/www.maccaferri.com\/fr\/episode-1-reconstruction-apres-la-tempete-alex\/\",\"url\":\"https:\/\/www.maccaferri.com\/fr\/episode-1-reconstruction-apres-la-tempete-alex\/\",\"name\":\"Episode 1 : Reconstruction apr\u00e8s la temp\u00eate Alex - Maccaferri France\",\"isPartOf\":{\"@id\":\"https:\/\/www.maccaferri.com\/fr\/#website\"},\"primaryImageOfPage\":{\"@id\":\"https:\/\/www.maccaferri.com\/fr\/episode-1-reconstruction-apres-la-tempete-alex\/#primaryimage\"},\"image\":{\"@id\":\"https:\/\/www.maccaferri.com\/fr\/episode-1-reconstruction-apres-la-tempete-alex\/#primaryimage\"},\"thumbnailUrl\":\"https:\/\/www.maccaferri.com\/fr\/wp-content\/uploads\/2023\/01\/MicrosoftTeams-image-20.png\",\"datePublished\":\"2023-01-26T10:28:30+00:00\",\"dateModified\":\"2023-05-22T09:50:52+00:00\",\"description\":\"D\u00e9couvrez quelles ont \u00e9t\u00e9 les solutions techniques choisies pour r\u00e9tablir les axes routiers dans la Vall\u00e9e apr\u00e8s la temp\u00eate Alex d\u2019octobre 2020 et pourquoi leurs choix s\u2019est port\u00e9 sur ces solutions, avec un focus sur le chantier de la Boll\u00e8ne-V\u00e9subie.\",\"breadcrumb\":{\"@id\":\"https:\/\/www.maccaferri.com\/fr\/episode-1-reconstruction-apres-la-tempete-alex\/#breadcrumb\"},\"inLanguage\":\"fr-FR\",\"potentialAction\":[{\"@type\":\"ReadAction\",\"target\":[\"https:\/\/www.maccaferri.com\/fr\/episode-1-reconstruction-apres-la-tempete-alex\/\"]}]},{\"@type\":\"ImageObject\",\"inLanguage\":\"fr-FR\",\"@id\":\"https:\/\/www.maccaferri.com\/fr\/episode-1-reconstruction-apres-la-tempete-alex\/#primaryimage\",\"url\":\"https:\/\/www.maccaferri.com\/fr\/wp-content\/uploads\/2023\/01\/MicrosoftTeams-image-20.png\",\"contentUrl\":\"https:\/\/www.maccaferri.com\/fr\/wp-content\/uploads\/2023\/01\/MicrosoftTeams-image-20.png\",\"width\":1915,\"height\":530},{\"@type\":\"BreadcrumbList\",\"@id\":\"https:\/\/www.maccaferri.com\/fr\/episode-1-reconstruction-apres-la-tempete-alex\/#breadcrumb\",\"itemListElement\":[{\"@type\":\"ListItem\",\"position\":1,\"name\":\"Home\",\"item\":\"https:\/\/www.maccaferri.com\/fr\/\"},{\"@type\":\"ListItem\",\"position\":2,\"name\":\"Episode 1 : Reconstruction apr\u00e8s la temp\u00eate Alex\"}]},{\"@type\":\"WebSite\",\"@id\":\"https:\/\/www.maccaferri.com\/fr\/#website\",\"url\":\"https:\/\/www.maccaferri.com\/fr\/\",\"name\":\"Maccaferri France\",\"description\":\"\",\"publisher\":{\"@id\":\"https:\/\/www.maccaferri.com\/fr\/#organization\"},\"potentialAction\":[{\"@type\":\"SearchAction\",\"target\":{\"@type\":\"EntryPoint\",\"urlTemplate\":\"https:\/\/www.maccaferri.com\/fr\/?s={search_term_string}\"},\"query-input\":{\"@type\":\"PropertyValueSpecification\",\"valueRequired\":true,\"valueName\":\"search_term_string\"}}],\"inLanguage\":\"fr-FR\"},{\"@type\":\"Organization\",\"@id\":\"https:\/\/www.maccaferri.com\/fr\/#organization\",\"name\":\"Maccaferri France\",\"url\":\"https:\/\/www.maccaferri.com\/fr\/\",\"logo\":{\"@type\":\"ImageObject\",\"inLanguage\":\"fr-FR\",\"@id\":\"https:\/\/www.maccaferri.com\/fr\/#\/schema\/logo\/image\/\",\"url\":\"https:\/\/www.maccaferri.com\/fr\/wp-content\/uploads\/2022\/07\/logo-maccaferri.png\",\"contentUrl\":\"https:\/\/www.maccaferri.com\/fr\/wp-content\/uploads\/2022\/07\/logo-maccaferri.png\",\"width\":152,\"height\":32,\"caption\":\"Maccaferri France\"},\"image\":{\"@id\":\"https:\/\/www.maccaferri.com\/fr\/#\/schema\/logo\/image\/\"}}]}<\/script>\n<!-- \/ Yoast SEO Premium plugin. -->","yoast_head_json":{"title":"Episode 1 : Reconstruction apr\u00e8s la temp\u00eate Alex - Maccaferri France","description":"D\u00e9couvrez quelles ont \u00e9t\u00e9 les solutions techniques choisies pour r\u00e9tablir les axes routiers dans la Vall\u00e9e apr\u00e8s la temp\u00eate Alex d\u2019octobre 2020 et pourquoi leurs choix s\u2019est port\u00e9 sur ces solutions, avec un focus sur le chantier de la Boll\u00e8ne-V\u00e9subie.","robots":{"index":"index","follow":"follow","max-snippet":"max-snippet:-1","max-image-preview":"max-image-preview:large","max-video-preview":"max-video-preview:-1"},"canonical":"https:\/\/www.maccaferri.com\/fr\/episode-1-reconstruction-apres-la-tempete-alex\/","og_locale":"fr_FR","og_type":"article","og_title":"Episode 1 : Reconstruction apr\u00e8s la temp\u00eate Alex","og_description":"D\u00e9couvrez quelles ont \u00e9t\u00e9 les solutions techniques choisies pour r\u00e9tablir les axes routiers dans la Vall\u00e9e apr\u00e8s la temp\u00eate Alex d\u2019octobre 2020 et pourquoi leurs choix s\u2019est port\u00e9 sur ces solutions, avec un focus sur le chantier de la Boll\u00e8ne-V\u00e9subie.","og_url":"https:\/\/www.maccaferri.com\/fr\/episode-1-reconstruction-apres-la-tempete-alex\/","og_site_name":"Maccaferri France","article_modified_time":"2023-05-22T09:50:52+00:00","og_image":[{"width":1915,"height":530,"url":"https:\/\/www.maccaferri.com\/fr\/wp-content\/uploads\/2023\/01\/MicrosoftTeams-image-20.png","type":"image\/png"}],"twitter_card":"summary_large_image","twitter_misc":{"Dur\u00e9e de lecture estim\u00e9e":"1 minute"},"schema":{"@context":"https:\/\/schema.org","@graph":[{"@type":"WebPage","@id":"https:\/\/www.maccaferri.com\/fr\/episode-1-reconstruction-apres-la-tempete-alex\/","url":"https:\/\/www.maccaferri.com\/fr\/episode-1-reconstruction-apres-la-tempete-alex\/","name":"Episode 1 : Reconstruction apr\u00e8s la temp\u00eate Alex - Maccaferri France","isPartOf":{"@id":"https:\/\/www.maccaferri.com\/fr\/#website"},"primaryImageOfPage":{"@id":"https:\/\/www.maccaferri.com\/fr\/episode-1-reconstruction-apres-la-tempete-alex\/#primaryimage"},"image":{"@id":"https:\/\/www.maccaferri.com\/fr\/episode-1-reconstruction-apres-la-tempete-alex\/#primaryimage"},"thumbnailUrl":"https:\/\/www.maccaferri.com\/fr\/wp-content\/uploads\/2023\/01\/MicrosoftTeams-image-20.png","datePublished":"2023-01-26T10:28:30+00:00","dateModified":"2023-05-22T09:50:52+00:00","description":"D\u00e9couvrez quelles ont \u00e9t\u00e9 les solutions techniques choisies pour r\u00e9tablir les axes routiers dans la Vall\u00e9e apr\u00e8s la temp\u00eate Alex d\u2019octobre 2020 et pourquoi leurs choix s\u2019est port\u00e9 sur ces solutions, avec un focus sur le chantier de la Boll\u00e8ne-V\u00e9subie.","breadcrumb":{"@id":"https:\/\/www.maccaferri.com\/fr\/episode-1-reconstruction-apres-la-tempete-alex\/#breadcrumb"},"inLanguage":"fr-FR","potentialAction":[{"@type":"ReadAction","target":["https:\/\/www.maccaferri.com\/fr\/episode-1-reconstruction-apres-la-tempete-alex\/"]}]},{"@type":"ImageObject","inLanguage":"fr-FR","@id":"https:\/\/www.maccaferri.com\/fr\/episode-1-reconstruction-apres-la-tempete-alex\/#primaryimage","url":"https:\/\/www.maccaferri.com\/fr\/wp-content\/uploads\/2023\/01\/MicrosoftTeams-image-20.png","contentUrl":"https:\/\/www.maccaferri.com\/fr\/wp-content\/uploads\/2023\/01\/MicrosoftTeams-image-20.png","width":1915,"height":530},{"@type":"BreadcrumbList","@id":"https:\/\/www.maccaferri.com\/fr\/episode-1-reconstruction-apres-la-tempete-alex\/#breadcrumb","itemListElement":[{"@type":"ListItem","position":1,"name":"Home","item":"https:\/\/www.maccaferri.com\/fr\/"},{"@type":"ListItem","position":2,"name":"Episode 1 : Reconstruction apr\u00e8s la temp\u00eate Alex"}]},{"@type":"WebSite","@id":"https:\/\/www.maccaferri.com\/fr\/#website","url":"https:\/\/www.maccaferri.com\/fr\/","name":"Maccaferri France","description":"","publisher":{"@id":"https:\/\/www.maccaferri.com\/fr\/#organization"},"potentialAction":[{"@type":"SearchAction","target":{"@type":"EntryPoint","urlTemplate":"https:\/\/www.maccaferri.com\/fr\/?s={search_term_string}"},"query-input":{"@type":"PropertyValueSpecification","valueRequired":true,"valueName":"search_term_string"}}],"inLanguage":"fr-FR"},{"@type":"Organization","@id":"https:\/\/www.maccaferri.com\/fr\/#organization","name":"Maccaferri France","url":"https:\/\/www.maccaferri.com\/fr\/","logo":{"@type":"ImageObject","inLanguage":"fr-FR","@id":"https:\/\/www.maccaferri.com\/fr\/#\/schema\/logo\/image\/","url":"https:\/\/www.maccaferri.com\/fr\/wp-content\/uploads\/2022\/07\/logo-maccaferri.png","contentUrl":"https:\/\/www.maccaferri.com\/fr\/wp-content\/uploads\/2022\/07\/logo-maccaferri.png","width":152,"height":32,"caption":"Maccaferri France"},"image":{"@id":"https:\/\/www.maccaferri.com\/fr\/#\/schema\/logo\/image\/"}}]}},"_links":{"self":[{"href":"https:\/\/www.maccaferri.com\/fr\/wp-json\/wp\/v2\/pages\/8362","targetHints":{"allow":["GET"]}}],"collection":[{"href":"https:\/\/www.maccaferri.com\/fr\/wp-json\/wp\/v2\/pages"}],"about":[{"href":"https:\/\/www.maccaferri.com\/fr\/wp-json\/wp\/v2\/types\/page"}],"author":[{"embeddable":true,"href":"https:\/\/www.maccaferri.com\/fr\/wp-json\/wp\/v2\/users\/6"}],"replies":[{"embeddable":true,"href":"https:\/\/www.maccaferri.com\/fr\/wp-json\/wp\/v2\/comments?post=8362"}],"version-history":[{"count":25,"href":"https:\/\/www.maccaferri.com\/fr\/wp-json\/wp\/v2\/pages\/8362\/revisions"}],"predecessor-version":[{"id":21226,"href":"https:\/\/www.maccaferri.com\/fr\/wp-json\/wp\/v2\/pages\/8362\/revisions\/21226"}],"wp:featuredmedia":[{"embeddable":true,"href":"https:\/\/www.maccaferri.com\/fr\/wp-json\/wp\/v2\/media\/8365"}],"wp:attachment":[{"href":"https:\/\/www.maccaferri.com\/fr\/wp-json\/wp\/v2\/media?parent=8362"}],"curies":[{"name":"wp","href":"https:\/\/api.w.org\/{rel}","templated":true}]}}