{"id":63582,"date":"2024-04-03T17:14:45","date_gmt":"2024-04-03T15:14:45","guid":{"rendered":"https:\/\/www.maccaferri.com\/fr\/?page_id=63582"},"modified":"2026-03-18T17:28:34","modified_gmt":"2026-03-18T16:28:34","slug":"protection-contre-les-avalanches","status":"publish","type":"page","link":"https:\/\/www.maccaferri.com\/fr\/protection-contre-les-avalanches\/","title":{"rendered":"PROTECTION CONTRE LES AVALANCHES"},"content":{"rendered":"<div class=\"wp-block-mac-slider-hero-block hero-slider\"><div id=\"hero13\" class=\"carousel slide\" data-bs-ride=\"true\"><ol class=\"carousel-indicators box-container\"><li data-bs-target=\"#hero13\" data-bs-slide-to=\"0\" class=\"active\"><\/li><\/ol><div class=\"carousel-inner\"><div class=\"carousel-item active\"><div class=\"hero\"><div class=\"gts__picture\"><img decoding=\"async\" src=\"https:\/\/www.maccaferri.com\/wp-content\/uploads\/2023\/11\/ama-dablam-2064522_1920.jpg\" style=\"display:none\" \/><div class=\"gts__picture__image\" style=\"background-image:url(https:\/\/www.maccaferri.com\/wp-content\/uploads\/2023\/11\/ama-dablam-2064522_1920.jpg)\"><\/div><\/div><div class=\"container box-container\"><div class=\"row\"><div class=\"col-12 col-lg-6 col-xl-6 col-xxl-6\"><p><span class=\"hero-index\" style=\"display:none\">0<\/span><\/p><h2 class=\"hero-text-container\"><span class=\"hero-text\">PROTECTION CONTRE LES AVALANCHES<\/span><\/h2><a class=\"hero-buttonurl\" href=\"https:\/\/www.maccaferri.com\/fr\/download\/brochure-protections-contre-les-avalanches\/\"><span class=\"hero-buttontext\">T\u00e9l\u00e9chargement<\/span><\/a><\/div><\/div><\/div><\/div><\/div><\/div><button class=\"carousel-control-prev\" type=\"button\" data-bs-slide=\"prev\"><span class=\"carousel-control-prev-icon\" aria-hidden=\"true\"><\/span><span class=\"visually-hidden\">Previous<\/span><\/button><button class=\"carousel-control-next\" type=\"button\" data-bs-slide=\"next\"><span class=\"carousel-control-next-icon\" aria-hidden=\"true\"><\/span><span class=\"visually-hidden\">Next<\/span><\/button><\/div><\/div><div style=\"height:30px\" aria-hidden=\"true\" class=\"wp-block-spacer\"><\/div><div class=\"wp-block-mac-h2-title-block block-txt-container box-container\"><div class=\"row\"><div class=\"col title-box-txt\"><h2 style=\"color:#212429;text-align:none\">PROTECTION MAXIMALE, INNOVATION \u00c9PROUV\u00c9E<\/h2><\/div><\/div><\/div><div style=\"height:50px\" aria-hidden=\"true\" class=\"wp-block-spacer\"><\/div><div class=\"wp-block-mac-container-block box-container\"><div class=\"wp-block-columns is-layout-flex wp-container-core-columns-is-layout-9d6595d7 wp-block-columns-is-layout-flex\"><div class=\"wp-block-column is-layout-flow wp-block-column-is-layout-flow\"><figure class=\"wp-block-image size-large\"><img decoding=\"async\" src=\"https:\/\/www.maccaferri.com\/wp-content\/uploads\/2023\/11\/illustrazione_snow_valanga_consfondo-1024x537.jpg\" alt=\"\" class=\"wp-image-59848\"\/><\/figure>\n\n<div style=\"height:30px\" aria-hidden=\"true\" class=\"wp-block-spacer\"><\/div>\n\n<p class=\"has-text-align-center\">La force importante des avalanches, capables d\u2019entrainer de nombreux volumes de neige et de d\u00e9bris \u00e0 de grandes vitesses, souligne la n\u00e9cessit\u00e9 absolue de r\u00e9duire les risques..<\/p><\/div>\n\n<div class=\"wp-block-column is-layout-flow wp-block-column-is-layout-flow\"><figure class=\"wp-block-image size-large\"><img decoding=\"async\" src=\"https:\/\/www.maccaferri.com\/wp-content\/uploads\/2023\/11\/illustrazione_snow_con-sfondo_v.3-1024x537.jpg\" alt=\"\" class=\"wp-image-59850\"\/><\/figure>\n\n<div style=\"height:30px\" aria-hidden=\"true\" class=\"wp-block-spacer\"><\/div>\n\n<p class=\"has-text-align-center\">Avec des d\u00e9cennies d&#8217;exp\u00e9rience, Maccaferri est un leader de confiance dans le domaine de l&#8217;att\u00e9nuation de la neige, offrant des solutions \u00e9prouv\u00e9es pour les conditions hivernales les plus difficiles et les environnements de chantier les plus exigeants.<\/p><\/div><\/div><\/div><div style=\"height:50px\" aria-hidden=\"true\" class=\"wp-block-spacer\"><\/div><div class=\"wp-block-mac-h2-title-block block-txt-container box-container\"><div class=\"row\"><div class=\"col title-box-txt\"><h2 style=\"color:#212429;text-align:none\">NOTRE GAMME<\/h2><\/div><\/div><\/div><div style=\"height:30px\" aria-hidden=\"true\" class=\"wp-block-spacer\"><\/div><div class=\"wp-block-mac-container-block box-container\"><div class=\"wp-block-columns is-layout-flex wp-container-core-columns-is-layout-9d6595d7 wp-block-columns-is-layout-flex\"><div class=\"wp-block-column is-layout-flow wp-block-column-is-layout-flow\"><div class=\"container-fluid carousel-image-gallery\">\n        <div class=\"row\">\n            <div id=\"carouselImageblock_09dba129c470a5a0703745454219a371\" class=\"carousel slide carouselImageGallery\" data-bs-ride=\"carousel\">\n                <!-- \/\/ Indicators -->\n                <ol class=\"carousel-indicators\">\n                                            <li data-bs-target=\"#carouselImageblock_09dba129c470a5a0703745454219a371\" data-bs-slide-to=\"0\" class=\"active\" aria-current=\"true\" aria-label=\"Slide\"><\/li>\n                                            <li data-bs-target=\"#carouselImageblock_09dba129c470a5a0703745454219a371\" data-bs-slide-to=\"1\" class=\"\" aria-current=\"true\" aria-label=\"Slide\"><\/li>\n                                            <li data-bs-target=\"#carouselImageblock_09dba129c470a5a0703745454219a371\" data-bs-slide-to=\"2\" class=\"\" aria-current=\"true\" aria-label=\"Slide\"><\/li>\n                                            <li data-bs-target=\"#carouselImageblock_09dba129c470a5a0703745454219a371\" data-bs-slide-to=\"3\" class=\"\" aria-current=\"true\" aria-label=\"Slide\"><\/li>\n                                    <\/ol>\n\n                <div class=\"carousel-inner container\" role=\"listbox\">\n                                            <div class=\"carousel-item active\">\n                        <div class=\"col-12 col-lg-4 col-xl-4 col-xxl-4 space-mobile\">\n                            <div class=\"grid-item-wrapper\">\n                                <div class=\"img-responsive-wrapper\">\n                                    <div class=\"img-responsive\">\n                                        <div class=\"img-wrapper\"><img decoding=\"async\" src=\"https:\/\/www.maccaferri.com\/fr\/wp-content\/uploads\/2024\/04\/DSC01743-1.jpg\" alt=\"\" \/><\/div>\n                                    <\/div>\n                                <\/div>\n                                <div class=\"griditem-text-wrapper text-center\">\n                                    <p class=\"griditem-text text-center\">Les structures AVAMAC stabilisent les couches de neige dans les zones de d\u00e9tachement, offrant des avantages distincts par rapport aux filets \u00e0 neige traditionnels avec des composants sp\u00e9cialis\u00e9s.<\/p>\n                   \n                                <\/div>\n                            <\/div>\n                        <\/div>\n                        <\/div>\n                                            <div class=\"carousel-item \">\n                        <div class=\"col-12 col-lg-4 col-xl-4 col-xxl-4 space-mobile\">\n                            <div class=\"grid-item-wrapper\">\n                                <div class=\"img-responsive-wrapper\">\n                                    <div class=\"img-responsive\">\n                                        <div class=\"img-wrapper\"><img decoding=\"async\" src=\"https:\/\/www.maccaferri.com\/fr\/wp-content\/uploads\/2024\/04\/20230920_162927.jpg\" alt=\"\" \/><\/div>\n                                    <\/div>\n                                <\/div>\n                                <div class=\"griditem-text-wrapper text-center\">\n                                    <p class=\"griditem-text text-center\">Les syst\u00e8mes READYMAC SNOW stabilisent le manteau neigeux dans les zones sujettes aux avalanches et suit les r\u00e9glementations et des normes.<\/p>\n                   \n                                <\/div>\n                            <\/div>\n                        <\/div>\n                        <\/div>\n                                            <div class=\"carousel-item \">\n                        <div class=\"col-12 col-lg-4 col-xl-4 col-xxl-4 space-mobile\">\n                            <div class=\"grid-item-wrapper\">\n                                <div class=\"img-responsive-wrapper\">\n                                    <div class=\"img-responsive\">\n                                        <div class=\"img-wrapper\"><img decoding=\"async\" src=\"https:\/\/www.maccaferri.com\/fr\/wp-content\/uploads\/2024\/04\/Immagine3.jpg\" alt=\"\" \/><\/div>\n                                    <\/div>\n                                <\/div>\n                                <div class=\"griditem-text-wrapper text-center\">\n                                    <p class=\"griditem-text text-center\">Les protections contre les avalanches TERRAMESH sont m\u00e9ticuleusement con\u00e7ues pour r\u00e9sister aux forces des avalanches, garantissant ainsi la s\u00e9curit\u00e9 des villes et des routes de montagne.<\/p>\n                   \n                                <\/div>\n                            <\/div>\n                        <\/div>\n                        <\/div>\n                                            <div class=\"carousel-item \">\n                        <div class=\"col-12 col-lg-4 col-xl-4 col-xxl-4 space-mobile\">\n                            <div class=\"grid-item-wrapper\">\n                                <div class=\"img-responsive-wrapper\">\n                                    <div class=\"img-responsive\">\n                                        <div class=\"img-wrapper\"><img decoding=\"async\" src=\"https:\/\/www.maccaferri.com\/fr\/wp-content\/uploads\/2024\/04\/hellomac-mockup-1.png\" alt=\"\" \/><\/div>\n                                    <\/div>\n                                <\/div>\n                                <div class=\"griditem-text-wrapper text-center\">\n                                    <p class=\"griditem-text text-center\">HELLOMAC SNOW am\u00e9liore la s\u00e9curit\u00e9 gr\u00e2ce \u00e0 des solutions intelligentes et \u00e0 une technologie g\u00e9otechnique avanc\u00e9e, permettant une surveillance efficace des pentes enneig\u00e9es et une r\u00e9duction du risque d&#039;avalanche.<\/p>\n                   \n                                <\/div>\n                            <\/div>\n                        <\/div>\n                        <\/div>\n                                    <\/div>\n            <\/div>\n\n        <\/div>\n    <\/div><\/div><\/div><\/div><div style=\"height:100px\" aria-hidden=\"true\" class=\"wp-block-spacer\"><\/div><div class=\"wp-block-mac-h2-title-block block-txt-container box-container\"><div class=\"row\"><div class=\"col title-box-txt\"><h2 style=\"color:#212429;text-align:none\">WEBINAIRE<\/h2><\/div><\/div><\/div><div class=\"wp-block-mac-container-block box-container\"><div class=\"wp-block-columns is-layout-flex wp-container-core-columns-is-layout-9d6595d7 wp-block-columns-is-layout-flex\"><div class=\"wp-block-column is-layout-flow wp-block-column-is-layout-flow\"><div class=\"wp-block-mac-container-block box-container\"><div class=\"wp-block-columns is-layout-flex wp-container-core-columns-is-layout-9d6595d7 wp-block-columns-is-layout-flex\"><div class=\"wp-block-column is-layout-flow wp-block-column-is-layout-flow\"><figure class=\"wp-block-image size-full is-style-default\"><img decoding=\"async\" src=\"https:\/\/www.maccaferri.com\/wp-content\/uploads\/2023\/12\/immagine-1-1.png\" alt=\"\" class=\"wp-image-61008\"\/><\/figure><\/div>\n\n<div class=\"wp-block-column is-layout-flow wp-block-column-is-layout-flow\"><div style=\"height:40px\" aria-hidden=\"true\" class=\"wp-block-spacer\"><\/div>\n\n<p class=\"has-text-align-center\" style=\"font-size:25px\"><strong>Protection contre les risques d\u2019avalanches&nbsp;: L\u2019innovation au service de la s\u00e9curit\u00e9<\/strong><\/p>\n\n<p class=\"has-text-align-center\">Visionnez le webinaire sur les protections contre les risques d\u2019avalanches pour d\u00e9couvrir nos strat\u00e9gies innovantes qui red\u00e9finissent la s\u00e9curit\u00e9 dans les r\u00e9gions montagneuses et s&#8217;attaquent \u00e0 la force redoutable <br>des avalanches.<\/p>\n\n<div class=\"wp-block-buttons is-content-justification-center is-layout-flex wp-container-core-buttons-is-layout-16018d1d wp-block-buttons-is-layout-flex\"><div class=\"wp-block-button\"><a class=\"wp-block-button__link wp-element-button\" href=\"https:\/\/www2.maccaferri.com\/l\/965143\/2026-03-18\/5vxl5g\" target=\"_blank\" rel=\"noreferrer noopener\">visionner<\/a><\/div><\/div><\/div><\/div><\/div><\/div><\/div><\/div><div style=\"height:100px\" aria-hidden=\"true\" class=\"wp-block-spacer\"><\/div><div class=\"content-document-dowload\">\n    <div class=\"container-fluid box-container\">\n        <div class=\"row\">\n            <div class=\"col-12\">\n            <h2>T\u00e9l\u00e9charger les documents<\/h2>\n            <\/div>\n        <\/div>\n    <\/div>\n    <div class=\"content-fluid has-white-background-color has-background\"><div class=\"content-document-dowload box-container\"><ul><li><a href=\"https:\/\/www.maccaferri.com\/fr\/download\/brochure-protections-contre-les-avalanches\/\" target=\"_blank\" title=\"Protections contre les avalanches - BROCHURE\">Protections contre les avalanches &#8211; BROCHURE<\/a><a href=\"https:\/\/www.maccaferri.com\/fr\/dashboard\" class=\"btn-dowload\" data-bs-toggle=\"tooltip\" data-bs-placement=\"top\" title=\"Protections contre les avalanches - BROCHURE\"><span class=\"material-symbols-outlined download\">sim_card_download<\/span><\/a><\/li><\/ul><\/div><\/div><\/div>\n\n<script type=\"text\/javascript\">\n    jQuery('.btn-file-download').click(function(e) {\n        e.preventDefault();\n        let idFile = jQuery(this).data('id-file');\n        window.open('https:\/\/www.maccaferri.com\/fr\/?wpdmdl=' + idFile);\n        return false;\n    });\n    \/\/tooltip\n    var tooltipTriggerList = [].slice.call(document.querySelectorAll('[data-bs-toggle=\"tooltip\"]'))\n    var tooltipList = tooltipTriggerList.map(function(tooltipTriggerEl) {\n        return new bootstrap.Tooltip(tooltipTriggerEl)\n    })\n<\/script>","protected":false},"excerpt":{"rendered":"","protected":false},"author":21,"featured_media":0,"parent":0,"menu_order":0,"comment_status":"closed","ping_status":"closed","template":"","meta":{"_acf_changed":false,"_joinchat":[],"footnotes":""},"class_list":["post-63582","page","type-page","status-publish","hentry"],"acf":{"uuid_products":"","product-documents":[71034]},"yoast_head":"<!-- This site is optimized with the Yoast SEO Premium plugin v27.0 (Yoast SEO v27.0) - https:\/\/yoast.com\/product\/yoast-seo-premium-wordpress\/ -->\n<title>PROTECTION CONTRE LES AVALANCHES - Maccaferri France<\/title>\n<meta name=\"description\" content=\"0PROTECTION CONTRE LES AVALANCHEST\u00e9l\u00e9chargementPreviousNext PROTECTION MAXIMALE, INNOVATION \u00c9PROUV\u00c9E La force importante des avalanches, capables\" \/>\n<meta name=\"robots\" content=\"index, follow, max-snippet:-1, max-image-preview:large, max-video-preview:-1\" \/>\n<link rel=\"canonical\" href=\"https:\/\/www.maccaferri.com\/fr\/protection-contre-les-avalanches\/\" \/>\n<meta property=\"og:locale\" content=\"fr_FR\" \/>\n<meta property=\"og:type\" content=\"article\" \/>\n<meta property=\"og:title\" content=\"PROTECTION CONTRE LES AVALANCHES\" \/>\n<meta property=\"og:description\" content=\"0PROTECTION CONTRE LES AVALANCHEST\u00e9l\u00e9chargementPreviousNext PROTECTION MAXIMALE, INNOVATION \u00c9PROUV\u00c9E La force importante des avalanches, capables\" \/>\n<meta property=\"og:url\" content=\"https:\/\/www.maccaferri.com\/fr\/protection-contre-les-avalanches\/\" \/>\n<meta property=\"og:site_name\" content=\"Maccaferri France\" \/>\n<meta property=\"article:modified_time\" content=\"2026-03-18T16:28:34+00:00\" \/>\n<meta property=\"og:image\" content=\"https:\/\/www.maccaferri.com\/wp-content\/uploads\/2023\/11\/ama-dablam-2064522_1920.jpg\" \/>\n<meta name=\"twitter:card\" content=\"summary_large_image\" \/>\n<meta name=\"twitter:label1\" content=\"Dur\u00e9e de lecture estim\u00e9e\" \/>\n\t<meta name=\"twitter:data1\" content=\"2 minutes\" \/>\n<script type=\"application\/ld+json\" class=\"yoast-schema-graph\">{\"@context\":\"https:\/\/schema.org\",\"@graph\":[{\"@type\":\"WebPage\",\"@id\":\"https:\/\/www.maccaferri.com\/fr\/protection-contre-les-avalanches\/\",\"url\":\"https:\/\/www.maccaferri.com\/fr\/protection-contre-les-avalanches\/\",\"name\":\"PROTECTION CONTRE LES AVALANCHES - Maccaferri France\",\"isPartOf\":{\"@id\":\"https:\/\/www.maccaferri.com\/fr\/#website\"},\"primaryImageOfPage\":{\"@id\":\"https:\/\/www.maccaferri.com\/fr\/protection-contre-les-avalanches\/#primaryimage\"},\"image\":{\"@id\":\"https:\/\/www.maccaferri.com\/fr\/protection-contre-les-avalanches\/#primaryimage\"},\"thumbnailUrl\":\"https:\/\/www.maccaferri.com\/wp-content\/uploads\/2023\/11\/ama-dablam-2064522_1920.jpg\",\"datePublished\":\"2024-04-03T15:14:45+00:00\",\"dateModified\":\"2026-03-18T16:28:34+00:00\",\"description\":\"0PROTECTION CONTRE LES AVALANCHEST\u00e9l\u00e9chargementPreviousNext PROTECTION MAXIMALE, INNOVATION \u00c9PROUV\u00c9E La force importante des avalanches, capables\",\"breadcrumb\":{\"@id\":\"https:\/\/www.maccaferri.com\/fr\/protection-contre-les-avalanches\/#breadcrumb\"},\"inLanguage\":\"fr-FR\",\"potentialAction\":[{\"@type\":\"ReadAction\",\"target\":[\"https:\/\/www.maccaferri.com\/fr\/protection-contre-les-avalanches\/\"]}]},{\"@type\":\"ImageObject\",\"inLanguage\":\"fr-FR\",\"@id\":\"https:\/\/www.maccaferri.com\/fr\/protection-contre-les-avalanches\/#primaryimage\",\"url\":\"https:\/\/www.maccaferri.com\/wp-content\/uploads\/2023\/11\/ama-dablam-2064522_1920.jpg\",\"contentUrl\":\"https:\/\/www.maccaferri.com\/wp-content\/uploads\/2023\/11\/ama-dablam-2064522_1920.jpg\"},{\"@type\":\"BreadcrumbList\",\"@id\":\"https:\/\/www.maccaferri.com\/fr\/protection-contre-les-avalanches\/#breadcrumb\",\"itemListElement\":[{\"@type\":\"ListItem\",\"position\":1,\"name\":\"Home\",\"item\":\"https:\/\/www.maccaferri.com\/fr\/\"},{\"@type\":\"ListItem\",\"position\":2,\"name\":\"PROTECTION CONTRE LES AVALANCHES\"}]},{\"@type\":\"WebSite\",\"@id\":\"https:\/\/www.maccaferri.com\/fr\/#website\",\"url\":\"https:\/\/www.maccaferri.com\/fr\/\",\"name\":\"Maccaferri France\",\"description\":\"\",\"publisher\":{\"@id\":\"https:\/\/www.maccaferri.com\/fr\/#organization\"},\"potentialAction\":[{\"@type\":\"SearchAction\",\"target\":{\"@type\":\"EntryPoint\",\"urlTemplate\":\"https:\/\/www.maccaferri.com\/fr\/?s={search_term_string}\"},\"query-input\":{\"@type\":\"PropertyValueSpecification\",\"valueRequired\":true,\"valueName\":\"search_term_string\"}}],\"inLanguage\":\"fr-FR\"},{\"@type\":\"Organization\",\"@id\":\"https:\/\/www.maccaferri.com\/fr\/#organization\",\"name\":\"Maccaferri France\",\"url\":\"https:\/\/www.maccaferri.com\/fr\/\",\"logo\":{\"@type\":\"ImageObject\",\"inLanguage\":\"fr-FR\",\"@id\":\"https:\/\/www.maccaferri.com\/fr\/#\/schema\/logo\/image\/\",\"url\":\"https:\/\/www.maccaferri.com\/fr\/wp-content\/uploads\/2022\/07\/logo-maccaferri.png\",\"contentUrl\":\"https:\/\/www.maccaferri.com\/fr\/wp-content\/uploads\/2022\/07\/logo-maccaferri.png\",\"width\":152,\"height\":32,\"caption\":\"Maccaferri France\"},\"image\":{\"@id\":\"https:\/\/www.maccaferri.com\/fr\/#\/schema\/logo\/image\/\"}}]}<\/script>\n<!-- \/ Yoast SEO Premium plugin. -->","yoast_head_json":{"title":"PROTECTION CONTRE LES AVALANCHES - Maccaferri France","description":"0PROTECTION CONTRE LES AVALANCHEST\u00e9l\u00e9chargementPreviousNext PROTECTION MAXIMALE, INNOVATION \u00c9PROUV\u00c9E La force importante des avalanches, capables","robots":{"index":"index","follow":"follow","max-snippet":"max-snippet:-1","max-image-preview":"max-image-preview:large","max-video-preview":"max-video-preview:-1"},"canonical":"https:\/\/www.maccaferri.com\/fr\/protection-contre-les-avalanches\/","og_locale":"fr_FR","og_type":"article","og_title":"PROTECTION CONTRE LES AVALANCHES","og_description":"0PROTECTION CONTRE LES AVALANCHEST\u00e9l\u00e9chargementPreviousNext PROTECTION MAXIMALE, INNOVATION \u00c9PROUV\u00c9E La force importante des avalanches, capables","og_url":"https:\/\/www.maccaferri.com\/fr\/protection-contre-les-avalanches\/","og_site_name":"Maccaferri France","article_modified_time":"2026-03-18T16:28:34+00:00","og_image":[{"url":"https:\/\/www.maccaferri.com\/wp-content\/uploads\/2023\/11\/ama-dablam-2064522_1920.jpg","type":"","width":"","height":""}],"twitter_card":"summary_large_image","twitter_misc":{"Dur\u00e9e de lecture estim\u00e9e":"2 minutes"},"schema":{"@context":"https:\/\/schema.org","@graph":[{"@type":"WebPage","@id":"https:\/\/www.maccaferri.com\/fr\/protection-contre-les-avalanches\/","url":"https:\/\/www.maccaferri.com\/fr\/protection-contre-les-avalanches\/","name":"PROTECTION CONTRE LES AVALANCHES - Maccaferri France","isPartOf":{"@id":"https:\/\/www.maccaferri.com\/fr\/#website"},"primaryImageOfPage":{"@id":"https:\/\/www.maccaferri.com\/fr\/protection-contre-les-avalanches\/#primaryimage"},"image":{"@id":"https:\/\/www.maccaferri.com\/fr\/protection-contre-les-avalanches\/#primaryimage"},"thumbnailUrl":"https:\/\/www.maccaferri.com\/wp-content\/uploads\/2023\/11\/ama-dablam-2064522_1920.jpg","datePublished":"2024-04-03T15:14:45+00:00","dateModified":"2026-03-18T16:28:34+00:00","description":"0PROTECTION CONTRE LES AVALANCHEST\u00e9l\u00e9chargementPreviousNext PROTECTION MAXIMALE, INNOVATION \u00c9PROUV\u00c9E La force importante des avalanches, capables","breadcrumb":{"@id":"https:\/\/www.maccaferri.com\/fr\/protection-contre-les-avalanches\/#breadcrumb"},"inLanguage":"fr-FR","potentialAction":[{"@type":"ReadAction","target":["https:\/\/www.maccaferri.com\/fr\/protection-contre-les-avalanches\/"]}]},{"@type":"ImageObject","inLanguage":"fr-FR","@id":"https:\/\/www.maccaferri.com\/fr\/protection-contre-les-avalanches\/#primaryimage","url":"https:\/\/www.maccaferri.com\/wp-content\/uploads\/2023\/11\/ama-dablam-2064522_1920.jpg","contentUrl":"https:\/\/www.maccaferri.com\/wp-content\/uploads\/2023\/11\/ama-dablam-2064522_1920.jpg"},{"@type":"BreadcrumbList","@id":"https:\/\/www.maccaferri.com\/fr\/protection-contre-les-avalanches\/#breadcrumb","itemListElement":[{"@type":"ListItem","position":1,"name":"Home","item":"https:\/\/www.maccaferri.com\/fr\/"},{"@type":"ListItem","position":2,"name":"PROTECTION CONTRE LES AVALANCHES"}]},{"@type":"WebSite","@id":"https:\/\/www.maccaferri.com\/fr\/#website","url":"https:\/\/www.maccaferri.com\/fr\/","name":"Maccaferri France","description":"","publisher":{"@id":"https:\/\/www.maccaferri.com\/fr\/#organization"},"potentialAction":[{"@type":"SearchAction","target":{"@type":"EntryPoint","urlTemplate":"https:\/\/www.maccaferri.com\/fr\/?s={search_term_string}"},"query-input":{"@type":"PropertyValueSpecification","valueRequired":true,"valueName":"search_term_string"}}],"inLanguage":"fr-FR"},{"@type":"Organization","@id":"https:\/\/www.maccaferri.com\/fr\/#organization","name":"Maccaferri France","url":"https:\/\/www.maccaferri.com\/fr\/","logo":{"@type":"ImageObject","inLanguage":"fr-FR","@id":"https:\/\/www.maccaferri.com\/fr\/#\/schema\/logo\/image\/","url":"https:\/\/www.maccaferri.com\/fr\/wp-content\/uploads\/2022\/07\/logo-maccaferri.png","contentUrl":"https:\/\/www.maccaferri.com\/fr\/wp-content\/uploads\/2022\/07\/logo-maccaferri.png","width":152,"height":32,"caption":"Maccaferri France"},"image":{"@id":"https:\/\/www.maccaferri.com\/fr\/#\/schema\/logo\/image\/"}}]}},"_links":{"self":[{"href":"https:\/\/www.maccaferri.com\/fr\/wp-json\/wp\/v2\/pages\/63582","targetHints":{"allow":["GET"]}}],"collection":[{"href":"https:\/\/www.maccaferri.com\/fr\/wp-json\/wp\/v2\/pages"}],"about":[{"href":"https:\/\/www.maccaferri.com\/fr\/wp-json\/wp\/v2\/types\/page"}],"author":[{"embeddable":true,"href":"https:\/\/www.maccaferri.com\/fr\/wp-json\/wp\/v2\/users\/21"}],"replies":[{"embeddable":true,"href":"https:\/\/www.maccaferri.com\/fr\/wp-json\/wp\/v2\/comments?post=63582"}],"version-history":[{"count":17,"href":"https:\/\/www.maccaferri.com\/fr\/wp-json\/wp\/v2\/pages\/63582\/revisions"}],"predecessor-version":[{"id":118442,"href":"https:\/\/www.maccaferri.com\/fr\/wp-json\/wp\/v2\/pages\/63582\/revisions\/118442"}],"acf:post":[{"embeddable":true,"href":"https:\/\/www.maccaferri.com\/fr\/wp-json\/wp\/v2\/wpdmpro\/71034"}],"wp:attachment":[{"href":"https:\/\/www.maccaferri.com\/fr\/wp-json\/wp\/v2\/media?parent=63582"}],"curies":[{"name":"wp","href":"https:\/\/api.w.org\/{rel}","templated":true}]}}