{"id":62722,"date":"2024-02-19T16:42:46","date_gmt":"2024-02-19T15:42:46","guid":{"rendered":"https:\/\/www.maccaferri.com\/fr\/?page_id=62722"},"modified":"2024-03-15T10:17:45","modified_gmt":"2024-03-15T09:17:45","slug":"webinaire-de-la-theorie-a-la-pratique-les-geogrilles-de-stabilisation-sur-sols-tres-peu-porteurs","status":"publish","type":"page","link":"https:\/\/www.maccaferri.com\/fr\/webinaire-de-la-theorie-a-la-pratique-les-geogrilles-de-stabilisation-sur-sols-tres-peu-porteurs\/","title":{"rendered":"WEBINAIRE &#8211; De la th\u00e9orie \u00e0 la pratique\u00a0: les g\u00e9ogrilles de stabilisation sur sols tr\u00e8s peu porteurs"},"content":{"rendered":"<div class=\"wp-block-mac-h2-title-block block-txt-container box-container\"><div class=\"row\"><div class=\"col title-box-txt\"><h2 style=\"color:#212429;text-align:none\">De la th\u00e9orie \u00e0 la pratique\u00a0: les g\u00e9ogrilles de stabilisation sur sols tr\u00e8s peu porteurs<\/h2><\/div><\/div><\/div><div class=\"wp-block-mac-container-block box-container\"><div class=\"wp-block-columns is-layout-flex wp-container-core-columns-is-layout-9d6595d7 wp-block-columns-is-layout-flex\"><div class=\"wp-block-column is-layout-flow wp-block-column-is-layout-flow\"><figure class=\"wp-block-video\"><video height=\"1080\" style=\"aspect-ratio: 1920 \/ 1080;\" width=\"1920\" controls src=\"https:\/\/www.maccaferri.com\/fr\/wp-content\/uploads\/2024\/02\/De-la-theorie-a-la-pratique-_-les-geogrilles-de-stabilisation-sur-sols-tres-peu-porteurs-1.mp4\"><\/video><\/figure><\/div><\/div><\/div><div class=\"wp-block-mac-container-block box-container\"><div class=\"wp-block-columns is-layout-flex wp-container-core-columns-is-layout-9d6595d7 wp-block-columns-is-layout-flex\"><div class=\"wp-block-column is-layout-flow wp-block-column-is-layout-flow\"><p class=\"has-text-align-center\">Pour plus d&#8217;information contactez nous ! <\/p><\/div><\/div><\/div><div class=\"wp-block-buttons is-content-justification-center is-layout-flex wp-container-core-buttons-is-layout-16018d1d wp-block-buttons-is-layout-flex\"><div class=\"wp-block-button\"><a class=\"wp-block-button__link wp-element-button\" href=\"https:\/\/www.maccaferri.com\/fr\/contactez-nous\/\" target=\"_blank\" rel=\"noreferrer noopener\">Contactez nous !<\/a><\/div><\/div><div class=\"content-document-dowload\">\n    <div class=\"container-fluid box-container\">\n        <div class=\"row\">\n            <div class=\"col-12\">\n            <h2>T\u00e9l\u00e9charger les documents<\/h2>\n            <\/div>\n        <\/div>\n    <\/div>\n    <div class=\"content-fluid has-white-background-color has-background\"><div class=\"content-document-dowload box-container\"><ul><li><a href=\"https:\/\/www.maccaferri.com\/fr\/download\/brochure-stabilisation-de-sol-renforcement-chaussees\/\" target=\"_blank\" title=\"Brochure - Stabilisation de sol &amp; renforcement chauss\u00e9es\">Brochure &#8211; Stabilisation de sol &amp; renforcement chauss\u00e9es<\/a><a href=\"https:\/\/www.maccaferri.com\/fr\/dashboard\" class=\"btn-dowload\" data-bs-toggle=\"tooltip\" data-bs-placement=\"top\" title=\"Brochure - Stabilisation de sol &amp; renforcement chauss\u00e9es\"><span class=\"material-symbols-outlined download\">sim_card_download<\/span><\/a><\/li><li><a href=\"https:\/\/www.maccaferri.com\/fr\/download\/presentation-webinaire-les-geogrilles-de-stabilisation-sur-les-sols-peu-porteurs\/\" target=\"_blank\" title=\"PRESENTATION WEBINAIRE - les g\u00e9ogrilles de stabilisation sur les sols peu porteurs\">PRESENTATION WEBINAIRE &#8211; les g\u00e9ogrilles de stabilisation sur les sols peu porteurs<\/a><a href=\"https:\/\/www.maccaferri.com\/fr\/dashboard\" class=\"btn-dowload\" data-bs-toggle=\"tooltip\" data-bs-placement=\"top\" title=\"PRESENTATION WEBINAIRE - les g\u00e9ogrilles de stabilisation sur les sols peu porteurs\"><span class=\"material-symbols-outlined download\">sim_card_download<\/span><\/a><\/li><li><a href=\"https:\/\/www.maccaferri.com\/fr\/download\/fch_stabilisation-du-casier-a-sediments-du-polder-de-brest\/\" target=\"_blank\" title=\"FCH_STABILISATION DU CASIER \u00c0 S\u00c9DIMENTS DU POLDER DE BREST\">FCH_STABILISATION DU CASIER \u00c0 S\u00c9DIMENTS DU POLDER DE BREST<\/a><a href=\"#\" target=\"_blank\" class=\"btn-dowload btn-file-download\" data-id-file=\"62737\" data-cat-file=\"default\" data-bs-toggle=\"tooltip\" data-bs-placement=\"top\" title=\"FCH_STABILISATION DU CASIER \u00c0 S\u00c9DIMENTS DU POLDER DE BREST\"><span class=\"material-symbols-outlined download\">sim_card_download<\/span><\/a><\/li><li><a href=\"https:\/\/www.maccaferri.com\/fr\/download\/fch_creation-bassin-deau-pluviale-sur-des-residus-de-bauxite_gardanne\/\" target=\"_blank\" title=\"FCH_CREATION BASSIN D'EAU PLUVIALE SUR DES RESIDUS DE BAUXITE_Gardanne\">FCH_CREATION BASSIN D&#8217;EAU PLUVIALE SUR DES RESIDUS DE BAUXITE_Gardanne<\/a><a href=\"#\" target=\"_blank\" class=\"btn-dowload btn-file-download\" data-id-file=\"62740\" data-cat-file=\"default\" data-bs-toggle=\"tooltip\" data-bs-placement=\"top\" title=\"FCH_CREATION BASSIN D'EAU PLUVIALE SUR DES RESIDUS DE BAUXITE_Gardanne\"><span class=\"material-symbols-outlined download\">sim_card_download<\/span><\/a><\/li><\/ul><\/div><\/div><\/div>\n\n<script type=\"text\/javascript\">\n    jQuery('.btn-file-download').click(function(e) {\n        e.preventDefault();\n        let idFile = jQuery(this).data('id-file');\n        window.open('https:\/\/www.maccaferri.com\/fr\/?wpdmdl=' + idFile);\n        return false;\n    });\n    \/\/tooltip\n    var tooltipTriggerList = [].slice.call(document.querySelectorAll('[data-bs-toggle=\"tooltip\"]'))\n    var tooltipList = tooltipTriggerList.map(function(tooltipTriggerEl) {\n        return new bootstrap.Tooltip(tooltipTriggerEl)\n    })\n<\/script>","protected":false},"excerpt":{"rendered":"","protected":false},"author":7096,"featured_media":62529,"parent":0,"menu_order":0,"comment_status":"closed","ping_status":"closed","template":"","meta":{"_acf_changed":false,"_joinchat":[],"footnotes":""},"class_list":["post-62722","page","type-page","status-publish","has-post-thumbnail","hentry"],"acf":{"uuid_products":"","product-documents":[62731,62734,62737,62740]},"yoast_head":"<!-- This site is optimized with the Yoast SEO Premium plugin v27.0 (Yoast SEO v27.0) - https:\/\/yoast.com\/product\/yoast-seo-premium-wordpress\/ -->\n<title>WEBINAIRE - De la th\u00e9orie \u00e0 la pratique\u00a0: les g\u00e9ogrilles de stabilisation sur sols tr\u00e8s peu porteurs - Maccaferri France<\/title>\n<meta name=\"description\" content=\"Visionnez notre webinaire sur les sols peu porteurs - la th\u00e9orie \u00e0 la pratique\u00a0: les g\u00e9ogrilles de stabilisation sur sols tr\u00e8s peu porteurs\" \/>\n<meta name=\"robots\" content=\"index, follow, max-snippet:-1, max-image-preview:large, max-video-preview:-1\" \/>\n<link rel=\"canonical\" href=\"https:\/\/www.maccaferri.com\/fr\/webinaire-de-la-theorie-a-la-pratique-les-geogrilles-de-stabilisation-sur-sols-tres-peu-porteurs\/\" \/>\n<meta property=\"og:locale\" content=\"fr_FR\" \/>\n<meta property=\"og:type\" content=\"article\" \/>\n<meta property=\"og:title\" content=\"WEBINAIRE - De la th\u00e9orie \u00e0 la pratique\u00a0: les g\u00e9ogrilles de stabilisation sur sols tr\u00e8s peu porteurs\" \/>\n<meta property=\"og:description\" content=\"Visionnez notre webinaire sur les sols peu porteurs - la th\u00e9orie \u00e0 la pratique\u00a0: les g\u00e9ogrilles de stabilisation sur sols tr\u00e8s peu porteurs\" \/>\n<meta property=\"og:url\" content=\"https:\/\/www.maccaferri.com\/fr\/webinaire-de-la-theorie-a-la-pratique-les-geogrilles-de-stabilisation-sur-sols-tres-peu-porteurs\/\" \/>\n<meta property=\"og:site_name\" content=\"Maccaferri France\" \/>\n<meta property=\"article:modified_time\" content=\"2024-03-15T09:17:45+00:00\" \/>\n<meta property=\"og:image\" content=\"https:\/\/www.maccaferri.com\/fr\/wp-content\/uploads\/2024\/02\/Site-internet-Webinaire-16022024_BD.png\" \/>\n\t<meta property=\"og:image:width\" content=\"1915\" \/>\n\t<meta property=\"og:image:height\" content=\"530\" \/>\n\t<meta property=\"og:image:type\" content=\"image\/png\" \/>\n<meta name=\"twitter:card\" content=\"summary_large_image\" \/>\n<meta name=\"twitter:label1\" content=\"Dur\u00e9e de lecture estim\u00e9e\" \/>\n\t<meta name=\"twitter:data1\" content=\"1 minute\" \/>\n<script type=\"application\/ld+json\" class=\"yoast-schema-graph\">{\"@context\":\"https:\/\/schema.org\",\"@graph\":[{\"@type\":\"WebPage\",\"@id\":\"https:\/\/www.maccaferri.com\/fr\/webinaire-de-la-theorie-a-la-pratique-les-geogrilles-de-stabilisation-sur-sols-tres-peu-porteurs\/\",\"url\":\"https:\/\/www.maccaferri.com\/fr\/webinaire-de-la-theorie-a-la-pratique-les-geogrilles-de-stabilisation-sur-sols-tres-peu-porteurs\/\",\"name\":\"WEBINAIRE - De la th\u00e9orie \u00e0 la pratique\u00a0: les g\u00e9ogrilles de stabilisation sur sols tr\u00e8s peu porteurs - Maccaferri France\",\"isPartOf\":{\"@id\":\"https:\/\/www.maccaferri.com\/fr\/#website\"},\"primaryImageOfPage\":{\"@id\":\"https:\/\/www.maccaferri.com\/fr\/webinaire-de-la-theorie-a-la-pratique-les-geogrilles-de-stabilisation-sur-sols-tres-peu-porteurs\/#primaryimage\"},\"image\":{\"@id\":\"https:\/\/www.maccaferri.com\/fr\/webinaire-de-la-theorie-a-la-pratique-les-geogrilles-de-stabilisation-sur-sols-tres-peu-porteurs\/#primaryimage\"},\"thumbnailUrl\":\"https:\/\/www.maccaferri.com\/fr\/wp-content\/uploads\/2024\/02\/Site-internet-Webinaire-16022024_BD.png\",\"datePublished\":\"2024-02-19T15:42:46+00:00\",\"dateModified\":\"2024-03-15T09:17:45+00:00\",\"description\":\"Visionnez notre webinaire sur les sols peu porteurs - la th\u00e9orie \u00e0 la pratique\u00a0: les g\u00e9ogrilles de stabilisation sur sols tr\u00e8s peu porteurs\",\"breadcrumb\":{\"@id\":\"https:\/\/www.maccaferri.com\/fr\/webinaire-de-la-theorie-a-la-pratique-les-geogrilles-de-stabilisation-sur-sols-tres-peu-porteurs\/#breadcrumb\"},\"inLanguage\":\"fr-FR\",\"potentialAction\":[{\"@type\":\"ReadAction\",\"target\":[\"https:\/\/www.maccaferri.com\/fr\/webinaire-de-la-theorie-a-la-pratique-les-geogrilles-de-stabilisation-sur-sols-tres-peu-porteurs\/\"]}]},{\"@type\":\"ImageObject\",\"inLanguage\":\"fr-FR\",\"@id\":\"https:\/\/www.maccaferri.com\/fr\/webinaire-de-la-theorie-a-la-pratique-les-geogrilles-de-stabilisation-sur-sols-tres-peu-porteurs\/#primaryimage\",\"url\":\"https:\/\/www.maccaferri.com\/fr\/wp-content\/uploads\/2024\/02\/Site-internet-Webinaire-16022024_BD.png\",\"contentUrl\":\"https:\/\/www.maccaferri.com\/fr\/wp-content\/uploads\/2024\/02\/Site-internet-Webinaire-16022024_BD.png\",\"width\":1915,\"height\":530},{\"@type\":\"BreadcrumbList\",\"@id\":\"https:\/\/www.maccaferri.com\/fr\/webinaire-de-la-theorie-a-la-pratique-les-geogrilles-de-stabilisation-sur-sols-tres-peu-porteurs\/#breadcrumb\",\"itemListElement\":[{\"@type\":\"ListItem\",\"position\":1,\"name\":\"Home\",\"item\":\"https:\/\/www.maccaferri.com\/fr\/\"},{\"@type\":\"ListItem\",\"position\":2,\"name\":\"WEBINAIRE &#8211; De la th\u00e9orie \u00e0 la pratique\u00a0: les g\u00e9ogrilles de stabilisation sur sols tr\u00e8s peu porteurs\"}]},{\"@type\":\"WebSite\",\"@id\":\"https:\/\/www.maccaferri.com\/fr\/#website\",\"url\":\"https:\/\/www.maccaferri.com\/fr\/\",\"name\":\"Maccaferri France\",\"description\":\"\",\"publisher\":{\"@id\":\"https:\/\/www.maccaferri.com\/fr\/#organization\"},\"potentialAction\":[{\"@type\":\"SearchAction\",\"target\":{\"@type\":\"EntryPoint\",\"urlTemplate\":\"https:\/\/www.maccaferri.com\/fr\/?s={search_term_string}\"},\"query-input\":{\"@type\":\"PropertyValueSpecification\",\"valueRequired\":true,\"valueName\":\"search_term_string\"}}],\"inLanguage\":\"fr-FR\"},{\"@type\":\"Organization\",\"@id\":\"https:\/\/www.maccaferri.com\/fr\/#organization\",\"name\":\"Maccaferri France\",\"url\":\"https:\/\/www.maccaferri.com\/fr\/\",\"logo\":{\"@type\":\"ImageObject\",\"inLanguage\":\"fr-FR\",\"@id\":\"https:\/\/www.maccaferri.com\/fr\/#\/schema\/logo\/image\/\",\"url\":\"https:\/\/www.maccaferri.com\/fr\/wp-content\/uploads\/2022\/07\/logo-maccaferri.png\",\"contentUrl\":\"https:\/\/www.maccaferri.com\/fr\/wp-content\/uploads\/2022\/07\/logo-maccaferri.png\",\"width\":152,\"height\":32,\"caption\":\"Maccaferri France\"},\"image\":{\"@id\":\"https:\/\/www.maccaferri.com\/fr\/#\/schema\/logo\/image\/\"}}]}<\/script>\n<!-- \/ Yoast SEO Premium plugin. -->","yoast_head_json":{"title":"WEBINAIRE - De la th\u00e9orie \u00e0 la pratique\u00a0: les g\u00e9ogrilles de stabilisation sur sols tr\u00e8s peu porteurs - Maccaferri France","description":"Visionnez notre webinaire sur les sols peu porteurs - la th\u00e9orie \u00e0 la pratique\u00a0: les g\u00e9ogrilles de stabilisation sur sols tr\u00e8s peu porteurs","robots":{"index":"index","follow":"follow","max-snippet":"max-snippet:-1","max-image-preview":"max-image-preview:large","max-video-preview":"max-video-preview:-1"},"canonical":"https:\/\/www.maccaferri.com\/fr\/webinaire-de-la-theorie-a-la-pratique-les-geogrilles-de-stabilisation-sur-sols-tres-peu-porteurs\/","og_locale":"fr_FR","og_type":"article","og_title":"WEBINAIRE - De la th\u00e9orie \u00e0 la pratique\u00a0: les g\u00e9ogrilles de stabilisation sur sols tr\u00e8s peu porteurs","og_description":"Visionnez notre webinaire sur les sols peu porteurs - la th\u00e9orie \u00e0 la pratique\u00a0: les g\u00e9ogrilles de stabilisation sur sols tr\u00e8s peu porteurs","og_url":"https:\/\/www.maccaferri.com\/fr\/webinaire-de-la-theorie-a-la-pratique-les-geogrilles-de-stabilisation-sur-sols-tres-peu-porteurs\/","og_site_name":"Maccaferri France","article_modified_time":"2024-03-15T09:17:45+00:00","og_image":[{"width":1915,"height":530,"url":"https:\/\/www.maccaferri.com\/fr\/wp-content\/uploads\/2024\/02\/Site-internet-Webinaire-16022024_BD.png","type":"image\/png"}],"twitter_card":"summary_large_image","twitter_misc":{"Dur\u00e9e de lecture estim\u00e9e":"1 minute"},"schema":{"@context":"https:\/\/schema.org","@graph":[{"@type":"WebPage","@id":"https:\/\/www.maccaferri.com\/fr\/webinaire-de-la-theorie-a-la-pratique-les-geogrilles-de-stabilisation-sur-sols-tres-peu-porteurs\/","url":"https:\/\/www.maccaferri.com\/fr\/webinaire-de-la-theorie-a-la-pratique-les-geogrilles-de-stabilisation-sur-sols-tres-peu-porteurs\/","name":"WEBINAIRE - De la th\u00e9orie \u00e0 la pratique\u00a0: les g\u00e9ogrilles de stabilisation sur sols tr\u00e8s peu porteurs - Maccaferri France","isPartOf":{"@id":"https:\/\/www.maccaferri.com\/fr\/#website"},"primaryImageOfPage":{"@id":"https:\/\/www.maccaferri.com\/fr\/webinaire-de-la-theorie-a-la-pratique-les-geogrilles-de-stabilisation-sur-sols-tres-peu-porteurs\/#primaryimage"},"image":{"@id":"https:\/\/www.maccaferri.com\/fr\/webinaire-de-la-theorie-a-la-pratique-les-geogrilles-de-stabilisation-sur-sols-tres-peu-porteurs\/#primaryimage"},"thumbnailUrl":"https:\/\/www.maccaferri.com\/fr\/wp-content\/uploads\/2024\/02\/Site-internet-Webinaire-16022024_BD.png","datePublished":"2024-02-19T15:42:46+00:00","dateModified":"2024-03-15T09:17:45+00:00","description":"Visionnez notre webinaire sur les sols peu porteurs - la th\u00e9orie \u00e0 la pratique\u00a0: les g\u00e9ogrilles de stabilisation sur sols tr\u00e8s peu porteurs","breadcrumb":{"@id":"https:\/\/www.maccaferri.com\/fr\/webinaire-de-la-theorie-a-la-pratique-les-geogrilles-de-stabilisation-sur-sols-tres-peu-porteurs\/#breadcrumb"},"inLanguage":"fr-FR","potentialAction":[{"@type":"ReadAction","target":["https:\/\/www.maccaferri.com\/fr\/webinaire-de-la-theorie-a-la-pratique-les-geogrilles-de-stabilisation-sur-sols-tres-peu-porteurs\/"]}]},{"@type":"ImageObject","inLanguage":"fr-FR","@id":"https:\/\/www.maccaferri.com\/fr\/webinaire-de-la-theorie-a-la-pratique-les-geogrilles-de-stabilisation-sur-sols-tres-peu-porteurs\/#primaryimage","url":"https:\/\/www.maccaferri.com\/fr\/wp-content\/uploads\/2024\/02\/Site-internet-Webinaire-16022024_BD.png","contentUrl":"https:\/\/www.maccaferri.com\/fr\/wp-content\/uploads\/2024\/02\/Site-internet-Webinaire-16022024_BD.png","width":1915,"height":530},{"@type":"BreadcrumbList","@id":"https:\/\/www.maccaferri.com\/fr\/webinaire-de-la-theorie-a-la-pratique-les-geogrilles-de-stabilisation-sur-sols-tres-peu-porteurs\/#breadcrumb","itemListElement":[{"@type":"ListItem","position":1,"name":"Home","item":"https:\/\/www.maccaferri.com\/fr\/"},{"@type":"ListItem","position":2,"name":"WEBINAIRE &#8211; De la th\u00e9orie \u00e0 la pratique\u00a0: les g\u00e9ogrilles de stabilisation sur sols tr\u00e8s peu porteurs"}]},{"@type":"WebSite","@id":"https:\/\/www.maccaferri.com\/fr\/#website","url":"https:\/\/www.maccaferri.com\/fr\/","name":"Maccaferri France","description":"","publisher":{"@id":"https:\/\/www.maccaferri.com\/fr\/#organization"},"potentialAction":[{"@type":"SearchAction","target":{"@type":"EntryPoint","urlTemplate":"https:\/\/www.maccaferri.com\/fr\/?s={search_term_string}"},"query-input":{"@type":"PropertyValueSpecification","valueRequired":true,"valueName":"search_term_string"}}],"inLanguage":"fr-FR"},{"@type":"Organization","@id":"https:\/\/www.maccaferri.com\/fr\/#organization","name":"Maccaferri France","url":"https:\/\/www.maccaferri.com\/fr\/","logo":{"@type":"ImageObject","inLanguage":"fr-FR","@id":"https:\/\/www.maccaferri.com\/fr\/#\/schema\/logo\/image\/","url":"https:\/\/www.maccaferri.com\/fr\/wp-content\/uploads\/2022\/07\/logo-maccaferri.png","contentUrl":"https:\/\/www.maccaferri.com\/fr\/wp-content\/uploads\/2022\/07\/logo-maccaferri.png","width":152,"height":32,"caption":"Maccaferri France"},"image":{"@id":"https:\/\/www.maccaferri.com\/fr\/#\/schema\/logo\/image\/"}}]}},"_links":{"self":[{"href":"https:\/\/www.maccaferri.com\/fr\/wp-json\/wp\/v2\/pages\/62722","targetHints":{"allow":["GET"]}}],"collection":[{"href":"https:\/\/www.maccaferri.com\/fr\/wp-json\/wp\/v2\/pages"}],"about":[{"href":"https:\/\/www.maccaferri.com\/fr\/wp-json\/wp\/v2\/types\/page"}],"author":[{"embeddable":true,"href":"https:\/\/www.maccaferri.com\/fr\/wp-json\/wp\/v2\/users\/7096"}],"replies":[{"embeddable":true,"href":"https:\/\/www.maccaferri.com\/fr\/wp-json\/wp\/v2\/comments?post=62722"}],"version-history":[{"count":2,"href":"https:\/\/www.maccaferri.com\/fr\/wp-json\/wp\/v2\/pages\/62722\/revisions"}],"predecessor-version":[{"id":62742,"href":"https:\/\/www.maccaferri.com\/fr\/wp-json\/wp\/v2\/pages\/62722\/revisions\/62742"}],"acf:post":[{"embeddable":true,"href":"https:\/\/www.maccaferri.com\/fr\/wp-json\/wp\/v2\/wpdmpro\/62740"},{"embeddable":true,"href":"https:\/\/www.maccaferri.com\/fr\/wp-json\/wp\/v2\/wpdmpro\/62737"},{"embeddable":true,"href":"https:\/\/www.maccaferri.com\/fr\/wp-json\/wp\/v2\/wpdmpro\/62734"},{"embeddable":true,"href":"https:\/\/www.maccaferri.com\/fr\/wp-json\/wp\/v2\/wpdmpro\/62731"}],"wp:featuredmedia":[{"embeddable":true,"href":"https:\/\/www.maccaferri.com\/fr\/wp-json\/wp\/v2\/media\/62529"}],"wp:attachment":[{"href":"https:\/\/www.maccaferri.com\/fr\/wp-json\/wp\/v2\/media?parent=62722"}],"curies":[{"name":"wp","href":"https:\/\/api.w.org\/{rel}","templated":true}]}}