{"id":56199,"date":"2023-09-22T14:02:47","date_gmt":"2023-09-22T12:02:47","guid":{"rendered":"https:\/\/www.maccaferri.com\/fr\/?page_id=56199"},"modified":"2025-04-16T16:53:59","modified_gmt":"2025-04-16T14:53:59","slug":"travaux-dedification-de-la-digue-maritime-dyves-17","status":"publish","type":"page","link":"https:\/\/www.maccaferri.com\/fr\/travaux-dedification-de-la-digue-maritime-dyves-17\/","title":{"rendered":"WEBINAIRE &#8211; TRAVAUX D&#8217;\u00c9DIFICATION DE LA DIGUE MARITIME D&#8217;YVES (17) SUITE \u00c0 LA TEMP\u00caTE XYNTHIA"},"content":{"rendered":"<div class=\"wp-block-mac-h2-title-block block-txt-container box-container\"><div class=\"row\"><div class=\"col title-box-txt\"><h2 style=\"color:#212429;text-align:none\">TRAVAUX D&#8217;\u00c9DIFICATION DE LA DIGUE MARITIME D&#8217;YVES (17) SUITE \u00c0 LA TEMP\u00caTE XYNTHIA<\/h2><\/div><\/div><\/div><div class=\"wp-block-mac-container-block box-container\"><div class=\"wp-block-columns is-layout-flex wp-container-core-columns-is-layout-9d6595d7 wp-block-columns-is-layout-flex\"><div class=\"wp-block-column is-layout-flow wp-block-column-is-layout-flow\"><figure class=\"wp-block-video webinar-track\"><video height=\"1080\" style=\"aspect-ratio: 1920 \/ 1080;\" width=\"1920\" controls src=\"https:\/\/www.maccaferri.com\/fr\/wp-content\/uploads\/2023\/09\/Webinaire-Travaux-dedification-de-la-digue-maritime-dYves-17-suite-a-la-tempete-Xynthia-1.mp4\"><\/video><\/figure><\/div><\/div><\/div><div class=\"content-document-dowload\">\n    <div class=\"container-fluid box-container\">\n        <div class=\"row\">\n            <div class=\"col-12\">\n            <h2>T\u00e9l\u00e9charger les documents<\/h2>\n            <\/div>\n        <\/div>\n    <\/div>\n    <div class=\"content-fluid has-white-background-color has-background\"><div class=\"content-document-dowload box-container\"><ul><li><a href=\"https:\/\/www.maccaferri.com\/fr\/download\/trifold_hydrualics-pdf\/\" target=\"_blank\" title=\"MATELAS RENO PLUS - DEPLIANT\">MATELAS RENO PLUS &#8211; DEPLIANT<\/a><a href=\"https:\/\/www.maccaferri.com\/fr\/dashboard\" class=\"btn-dowload\" data-bs-toggle=\"tooltip\" data-bs-placement=\"top\" title=\"MATELAS RENO PLUS - DEPLIANT\"><span class=\"material-symbols-outlined download\">sim_card_download<\/span><\/a><\/li><li><a href=\"https:\/\/www.maccaferri.com\/fr\/download\/flyer-fr-macmat-r-2021-pdf\/\" target=\"_blank\" title=\"MACMAT R - FLYER (brochure)\">MACMAT R &#8211; FLYER (brochure)<\/a><a href=\"https:\/\/www.maccaferri.com\/fr\/dashboard\" class=\"btn-dowload\" data-bs-toggle=\"tooltip\" data-bs-placement=\"top\" title=\"MACMAT R - FLYER (brochure)\"><span class=\"material-symbols-outlined download\">sim_card_download<\/span><\/a><\/li><li><a href=\"https:\/\/www.maccaferri.com\/fr\/download\/webinaire-travaux-dedification-de-la-digue-maritime-dyves-17-suite-a-la-tempete-xynthia\/\" target=\"_blank\" title=\"PR\u00c9SENTATION WEBINAIRE - TRAVAUX D'\u00c9DIFICATION DE LA DIGUE MARITIME D'YVES (17) SUITE \u00c0 LA TEMP\u00caTE XYNTHIA\">PR\u00c9SENTATION WEBINAIRE &#8211; TRAVAUX D&#8217;\u00c9DIFICATION DE LA DIGUE MARITIME D&#8217;YVES (17) SUITE \u00c0 LA TEMP\u00caTE XYNTHIA<\/a><a href=\"https:\/\/www.maccaferri.com\/fr\/dashboard\" class=\"btn-dowload\" data-bs-toggle=\"tooltip\" data-bs-placement=\"top\" title=\"PR\u00c9SENTATION WEBINAIRE - TRAVAUX D'\u00c9DIFICATION DE LA DIGUE MARITIME D'YVES (17) SUITE \u00c0 LA TEMP\u00caTE XYNTHIA\"><span class=\"material-symbols-outlined download\">sim_card_download<\/span><\/a><\/li><\/ul><\/div><\/div><\/div>\n\n<script type=\"text\/javascript\">\n    jQuery('.btn-file-download').click(function(e) {\n        e.preventDefault();\n        let idFile = jQuery(this).data('id-file');\n        window.open('https:\/\/www.maccaferri.com\/fr\/?wpdmdl=' + idFile);\n        return false;\n    });\n    \/\/tooltip\n    var tooltipTriggerList = [].slice.call(document.querySelectorAll('[data-bs-toggle=\"tooltip\"]'))\n    var tooltipList = tooltipTriggerList.map(function(tooltipTriggerEl) {\n        return new bootstrap.Tooltip(tooltipTriggerEl)\n    })\n<\/script>","protected":false},"excerpt":{"rendered":"","protected":false},"author":7096,"featured_media":54696,"parent":0,"menu_order":0,"comment_status":"closed","ping_status":"closed","template":"template-parts\/content-webinar-locked-access.php","meta":{"_acf_changed":false,"_joinchat":[],"footnotes":""},"class_list":["post-56199","page","type-page","status-publish","has-post-thumbnail","hentry"],"acf":{"uuid_products":"","product-documents":[4577,6627,56212]},"yoast_head":"<!-- This site is optimized with the Yoast SEO Premium plugin v27.0 (Yoast SEO v27.0) - https:\/\/yoast.com\/product\/yoast-seo-premium-wordpress\/ -->\n<title>WEBINAIRE - TRAVAUX D&#039;\u00c9DIFICATION DE LA DIGUE MARITIME D&#039;YVES (17) SUITE \u00c0 LA TEMP\u00caTE XYNTHIA - Maccaferri France<\/title>\n<meta name=\"description\" content=\"Visionnez notre webinaire sur les travaux d&#039;\u00e9dification de la digue maritime d&#039;Yves.\" \/>\n<meta name=\"robots\" content=\"index, follow, max-snippet:-1, max-image-preview:large, max-video-preview:-1\" \/>\n<link rel=\"canonical\" href=\"https:\/\/www.maccaferri.com\/fr\/travaux-dedification-de-la-digue-maritime-dyves-17\/\" \/>\n<meta property=\"og:locale\" content=\"fr_FR\" \/>\n<meta property=\"og:type\" content=\"article\" \/>\n<meta property=\"og:title\" content=\"WEBINAIRE - TRAVAUX D&#039;\u00c9DIFICATION DE LA DIGUE MARITIME D&#039;YVES (17) SUITE \u00c0 LA TEMP\u00caTE XYNTHIA\" \/>\n<meta property=\"og:description\" content=\"Visionnez notre webinaire sur les travaux d&#039;\u00e9dification de la digue maritime d&#039;Yves.\" \/>\n<meta property=\"og:url\" content=\"https:\/\/www.maccaferri.com\/fr\/travaux-dedification-de-la-digue-maritime-dyves-17\/\" \/>\n<meta property=\"og:site_name\" content=\"Maccaferri France\" \/>\n<meta property=\"article:modified_time\" content=\"2025-04-16T14:53:59+00:00\" \/>\n<meta property=\"og:image\" content=\"https:\/\/www.maccaferri.com\/fr\/wp-content\/uploads\/2023\/08\/Webinaire-22092023_site_compressee.png\" \/>\n\t<meta property=\"og:image:width\" content=\"1915\" \/>\n\t<meta property=\"og:image:height\" content=\"530\" \/>\n\t<meta property=\"og:image:type\" content=\"image\/png\" \/>\n<meta name=\"twitter:card\" content=\"summary_large_image\" \/>\n<meta name=\"twitter:label1\" content=\"Dur\u00e9e de lecture estim\u00e9e\" \/>\n\t<meta name=\"twitter:data1\" content=\"1 minute\" \/>\n<script type=\"application\/ld+json\" class=\"yoast-schema-graph\">{\"@context\":\"https:\/\/schema.org\",\"@graph\":[{\"@type\":\"WebPage\",\"@id\":\"https:\/\/www.maccaferri.com\/fr\/travaux-dedification-de-la-digue-maritime-dyves-17\/\",\"url\":\"https:\/\/www.maccaferri.com\/fr\/travaux-dedification-de-la-digue-maritime-dyves-17\/\",\"name\":\"WEBINAIRE - TRAVAUX D'\u00c9DIFICATION DE LA DIGUE MARITIME D'YVES (17) SUITE \u00c0 LA TEMP\u00caTE XYNTHIA - Maccaferri France\",\"isPartOf\":{\"@id\":\"https:\/\/www.maccaferri.com\/fr\/#website\"},\"primaryImageOfPage\":{\"@id\":\"https:\/\/www.maccaferri.com\/fr\/travaux-dedification-de-la-digue-maritime-dyves-17\/#primaryimage\"},\"image\":{\"@id\":\"https:\/\/www.maccaferri.com\/fr\/travaux-dedification-de-la-digue-maritime-dyves-17\/#primaryimage\"},\"thumbnailUrl\":\"https:\/\/www.maccaferri.com\/fr\/wp-content\/uploads\/2023\/08\/Webinaire-22092023_site_compressee.png\",\"datePublished\":\"2023-09-22T12:02:47+00:00\",\"dateModified\":\"2025-04-16T14:53:59+00:00\",\"description\":\"Visionnez notre webinaire sur les travaux d'\u00e9dification de la digue maritime d'Yves.\",\"breadcrumb\":{\"@id\":\"https:\/\/www.maccaferri.com\/fr\/travaux-dedification-de-la-digue-maritime-dyves-17\/#breadcrumb\"},\"inLanguage\":\"fr-FR\",\"potentialAction\":[{\"@type\":\"ReadAction\",\"target\":[\"https:\/\/www.maccaferri.com\/fr\/travaux-dedification-de-la-digue-maritime-dyves-17\/\"]}]},{\"@type\":\"ImageObject\",\"inLanguage\":\"fr-FR\",\"@id\":\"https:\/\/www.maccaferri.com\/fr\/travaux-dedification-de-la-digue-maritime-dyves-17\/#primaryimage\",\"url\":\"https:\/\/www.maccaferri.com\/fr\/wp-content\/uploads\/2023\/08\/Webinaire-22092023_site_compressee.png\",\"contentUrl\":\"https:\/\/www.maccaferri.com\/fr\/wp-content\/uploads\/2023\/08\/Webinaire-22092023_site_compressee.png\",\"width\":1915,\"height\":530},{\"@type\":\"BreadcrumbList\",\"@id\":\"https:\/\/www.maccaferri.com\/fr\/travaux-dedification-de-la-digue-maritime-dyves-17\/#breadcrumb\",\"itemListElement\":[{\"@type\":\"ListItem\",\"position\":1,\"name\":\"Home\",\"item\":\"https:\/\/www.maccaferri.com\/fr\/\"},{\"@type\":\"ListItem\",\"position\":2,\"name\":\"WEBINAIRE &#8211; TRAVAUX D&#8217;\u00c9DIFICATION DE LA DIGUE MARITIME D&#8217;YVES (17) SUITE \u00c0 LA TEMP\u00caTE XYNTHIA\"}]},{\"@type\":\"WebSite\",\"@id\":\"https:\/\/www.maccaferri.com\/fr\/#website\",\"url\":\"https:\/\/www.maccaferri.com\/fr\/\",\"name\":\"Maccaferri France\",\"description\":\"\",\"publisher\":{\"@id\":\"https:\/\/www.maccaferri.com\/fr\/#organization\"},\"potentialAction\":[{\"@type\":\"SearchAction\",\"target\":{\"@type\":\"EntryPoint\",\"urlTemplate\":\"https:\/\/www.maccaferri.com\/fr\/?s={search_term_string}\"},\"query-input\":{\"@type\":\"PropertyValueSpecification\",\"valueRequired\":true,\"valueName\":\"search_term_string\"}}],\"inLanguage\":\"fr-FR\"},{\"@type\":\"Organization\",\"@id\":\"https:\/\/www.maccaferri.com\/fr\/#organization\",\"name\":\"Maccaferri France\",\"url\":\"https:\/\/www.maccaferri.com\/fr\/\",\"logo\":{\"@type\":\"ImageObject\",\"inLanguage\":\"fr-FR\",\"@id\":\"https:\/\/www.maccaferri.com\/fr\/#\/schema\/logo\/image\/\",\"url\":\"https:\/\/www.maccaferri.com\/fr\/wp-content\/uploads\/2022\/07\/logo-maccaferri.png\",\"contentUrl\":\"https:\/\/www.maccaferri.com\/fr\/wp-content\/uploads\/2022\/07\/logo-maccaferri.png\",\"width\":152,\"height\":32,\"caption\":\"Maccaferri France\"},\"image\":{\"@id\":\"https:\/\/www.maccaferri.com\/fr\/#\/schema\/logo\/image\/\"}}]}<\/script>\n<!-- \/ Yoast SEO Premium plugin. -->","yoast_head_json":{"title":"WEBINAIRE - TRAVAUX D'\u00c9DIFICATION DE LA DIGUE MARITIME D'YVES (17) SUITE \u00c0 LA TEMP\u00caTE XYNTHIA - Maccaferri France","description":"Visionnez notre webinaire sur les travaux d'\u00e9dification de la digue maritime d'Yves.","robots":{"index":"index","follow":"follow","max-snippet":"max-snippet:-1","max-image-preview":"max-image-preview:large","max-video-preview":"max-video-preview:-1"},"canonical":"https:\/\/www.maccaferri.com\/fr\/travaux-dedification-de-la-digue-maritime-dyves-17\/","og_locale":"fr_FR","og_type":"article","og_title":"WEBINAIRE - TRAVAUX D'\u00c9DIFICATION DE LA DIGUE MARITIME D'YVES (17) SUITE \u00c0 LA TEMP\u00caTE XYNTHIA","og_description":"Visionnez notre webinaire sur les travaux d'\u00e9dification de la digue maritime d'Yves.","og_url":"https:\/\/www.maccaferri.com\/fr\/travaux-dedification-de-la-digue-maritime-dyves-17\/","og_site_name":"Maccaferri France","article_modified_time":"2025-04-16T14:53:59+00:00","og_image":[{"width":1915,"height":530,"url":"https:\/\/www.maccaferri.com\/fr\/wp-content\/uploads\/2023\/08\/Webinaire-22092023_site_compressee.png","type":"image\/png"}],"twitter_card":"summary_large_image","twitter_misc":{"Dur\u00e9e de lecture estim\u00e9e":"1 minute"},"schema":{"@context":"https:\/\/schema.org","@graph":[{"@type":"WebPage","@id":"https:\/\/www.maccaferri.com\/fr\/travaux-dedification-de-la-digue-maritime-dyves-17\/","url":"https:\/\/www.maccaferri.com\/fr\/travaux-dedification-de-la-digue-maritime-dyves-17\/","name":"WEBINAIRE - TRAVAUX D'\u00c9DIFICATION DE LA DIGUE MARITIME D'YVES (17) SUITE \u00c0 LA TEMP\u00caTE XYNTHIA - Maccaferri France","isPartOf":{"@id":"https:\/\/www.maccaferri.com\/fr\/#website"},"primaryImageOfPage":{"@id":"https:\/\/www.maccaferri.com\/fr\/travaux-dedification-de-la-digue-maritime-dyves-17\/#primaryimage"},"image":{"@id":"https:\/\/www.maccaferri.com\/fr\/travaux-dedification-de-la-digue-maritime-dyves-17\/#primaryimage"},"thumbnailUrl":"https:\/\/www.maccaferri.com\/fr\/wp-content\/uploads\/2023\/08\/Webinaire-22092023_site_compressee.png","datePublished":"2023-09-22T12:02:47+00:00","dateModified":"2025-04-16T14:53:59+00:00","description":"Visionnez notre webinaire sur les travaux d'\u00e9dification de la digue maritime d'Yves.","breadcrumb":{"@id":"https:\/\/www.maccaferri.com\/fr\/travaux-dedification-de-la-digue-maritime-dyves-17\/#breadcrumb"},"inLanguage":"fr-FR","potentialAction":[{"@type":"ReadAction","target":["https:\/\/www.maccaferri.com\/fr\/travaux-dedification-de-la-digue-maritime-dyves-17\/"]}]},{"@type":"ImageObject","inLanguage":"fr-FR","@id":"https:\/\/www.maccaferri.com\/fr\/travaux-dedification-de-la-digue-maritime-dyves-17\/#primaryimage","url":"https:\/\/www.maccaferri.com\/fr\/wp-content\/uploads\/2023\/08\/Webinaire-22092023_site_compressee.png","contentUrl":"https:\/\/www.maccaferri.com\/fr\/wp-content\/uploads\/2023\/08\/Webinaire-22092023_site_compressee.png","width":1915,"height":530},{"@type":"BreadcrumbList","@id":"https:\/\/www.maccaferri.com\/fr\/travaux-dedification-de-la-digue-maritime-dyves-17\/#breadcrumb","itemListElement":[{"@type":"ListItem","position":1,"name":"Home","item":"https:\/\/www.maccaferri.com\/fr\/"},{"@type":"ListItem","position":2,"name":"WEBINAIRE &#8211; TRAVAUX D&#8217;\u00c9DIFICATION DE LA DIGUE MARITIME D&#8217;YVES (17) SUITE \u00c0 LA TEMP\u00caTE XYNTHIA"}]},{"@type":"WebSite","@id":"https:\/\/www.maccaferri.com\/fr\/#website","url":"https:\/\/www.maccaferri.com\/fr\/","name":"Maccaferri France","description":"","publisher":{"@id":"https:\/\/www.maccaferri.com\/fr\/#organization"},"potentialAction":[{"@type":"SearchAction","target":{"@type":"EntryPoint","urlTemplate":"https:\/\/www.maccaferri.com\/fr\/?s={search_term_string}"},"query-input":{"@type":"PropertyValueSpecification","valueRequired":true,"valueName":"search_term_string"}}],"inLanguage":"fr-FR"},{"@type":"Organization","@id":"https:\/\/www.maccaferri.com\/fr\/#organization","name":"Maccaferri France","url":"https:\/\/www.maccaferri.com\/fr\/","logo":{"@type":"ImageObject","inLanguage":"fr-FR","@id":"https:\/\/www.maccaferri.com\/fr\/#\/schema\/logo\/image\/","url":"https:\/\/www.maccaferri.com\/fr\/wp-content\/uploads\/2022\/07\/logo-maccaferri.png","contentUrl":"https:\/\/www.maccaferri.com\/fr\/wp-content\/uploads\/2022\/07\/logo-maccaferri.png","width":152,"height":32,"caption":"Maccaferri France"},"image":{"@id":"https:\/\/www.maccaferri.com\/fr\/#\/schema\/logo\/image\/"}}]}},"_links":{"self":[{"href":"https:\/\/www.maccaferri.com\/fr\/wp-json\/wp\/v2\/pages\/56199","targetHints":{"allow":["GET"]}}],"collection":[{"href":"https:\/\/www.maccaferri.com\/fr\/wp-json\/wp\/v2\/pages"}],"about":[{"href":"https:\/\/www.maccaferri.com\/fr\/wp-json\/wp\/v2\/types\/page"}],"author":[{"embeddable":true,"href":"https:\/\/www.maccaferri.com\/fr\/wp-json\/wp\/v2\/users\/7096"}],"replies":[{"embeddable":true,"href":"https:\/\/www.maccaferri.com\/fr\/wp-json\/wp\/v2\/comments?post=56199"}],"version-history":[{"count":11,"href":"https:\/\/www.maccaferri.com\/fr\/wp-json\/wp\/v2\/pages\/56199\/revisions"}],"predecessor-version":[{"id":96613,"href":"https:\/\/www.maccaferri.com\/fr\/wp-json\/wp\/v2\/pages\/56199\/revisions\/96613"}],"acf:post":[{"embeddable":true,"href":"https:\/\/www.maccaferri.com\/fr\/wp-json\/wp\/v2\/wpdmpro\/56212"},{"embeddable":true,"href":"https:\/\/www.maccaferri.com\/fr\/wp-json\/wp\/v2\/wpdmpro\/6627"},{"embeddable":true,"href":"https:\/\/www.maccaferri.com\/fr\/wp-json\/wp\/v2\/wpdmpro\/4577"}],"wp:featuredmedia":[{"embeddable":true,"href":"https:\/\/www.maccaferri.com\/fr\/wp-json\/wp\/v2\/media\/54696"}],"wp:attachment":[{"href":"https:\/\/www.maccaferri.com\/fr\/wp-json\/wp\/v2\/media?parent=56199"}],"curies":[{"name":"wp","href":"https:\/\/api.w.org\/{rel}","templated":true}]}}