{"id":49623,"date":"2023-07-10T10:47:36","date_gmt":"2023-07-10T08:47:36","guid":{"rendered":"https:\/\/www.maccaferri.com\/fr\/?page_id=49623"},"modified":"2023-07-10T10:55:43","modified_gmt":"2023-07-10T08:55:43","slug":"polimac","status":"publish","type":"page","link":"https:\/\/www.maccaferri.com\/fr\/polimac\/","title":{"rendered":"PoliMac"},"content":{"rendered":"<div class=\"wp-block-cover is-light\" style=\"min-height:100vh;aspect-ratio:unset;\"><span aria-hidden=\"true\" class=\"wp-block-cover__background has-background-dim-10 has-background-dim\"><\/span><video class=\"wp-block-cover__video-background intrinsic-ignore\" autoplay muted loop playsinline src=\"https:\/\/www.maccaferri.com\/wp-content\/uploads\/2023\/03\/LOOP-POLIMAC-MAccaferri-1.mp4\" style=\"object-position:52% 51%\" data-object-fit=\"cover\" data-object-position=\"52% 51%\"><\/video><div class=\"wp-block-cover__inner-container is-layout-flow wp-block-cover-is-layout-flow\"><p class=\"has-text-align-center has-small-font-size\"><\/p><\/div><\/div><div class=\"wp-block-mac-container-block box-container\"><div class=\"wp-block-columns is-layout-flex wp-container-core-columns-is-layout-9d6595d7 wp-block-columns-is-layout-flex\"><div class=\"wp-block-column is-layout-flow wp-block-column-is-layout-flow\"><\/div><\/div><\/div><div class=\"container content-paragraph box-container\"><div class=\"row\"><div class=\"col-12 col-lg-12 col-xl-12 col-xxl-12\"><div class=\"content-txt\"><h1 style=\"text-align: center\"><span style=\"color: #004857\"><strong>PoliMac\u00ae <\/strong><\/span><\/h1>\n<\/div><\/div><\/div><\/div><div class=\"wp-block-mac-container-block box-container\"><div class=\"wp-block-columns is-layout-flex wp-container-core-columns-is-layout-9d6595d7 wp-block-columns-is-layout-flex\"><div class=\"wp-block-column is-layout-flow wp-block-column-is-layout-flow\"><figure class=\"wp-block-image aligncenter size-full is-resized\"><img decoding=\"async\" src=\"https:\/\/www.maccaferri.com\/wp-content\/uploads\/2023\/03\/WEATHERING-RESISTANCE.png\" alt=\"\" class=\"wp-image-13141\" width=\"128\" height=\"126\" \/><\/figure>\n\n<div class=\"container content-paragraph box-container\"><div class=\"row\"><div class=\"col-12 col-lg-12 col-xl-12 col-xxl-12\"><div class=\"content-txt\"><h5 style=\"text-align: center\"><strong>Plus R\u00e9sistant<\/strong><\/h5>\n<\/div><\/div><\/div><\/div>\n\n<p class=\"has-text-align-center\">R\u00e9pondent aux exigences de performance technique de l&#8217;industrie de la construction.<\/p><\/div>\n\n<div class=\"wp-block-column is-layout-flow wp-block-column-is-layout-flow\"><figure class=\"wp-block-image aligncenter size-full is-resized\"><img decoding=\"async\" src=\"https:\/\/www.maccaferri.com\/wp-content\/uploads\/2023\/03\/MECHANICAL-PERFORMANCE.png\" alt=\"\" class=\"wp-image-13137\" width=\"128\" height=\"127\" \/><\/figure>\n\n<div class=\"container content-paragraph box-container\"><div class=\"row\"><div class=\"col-12 col-lg-12 col-xl-12 col-xxl-12\"><div class=\"content-txt\"><h5 style=\"text-align: center\"><strong>Dur\u00e9e de vie prolong\u00e9e<\/strong><\/h5>\n<\/div><\/div><\/div><\/div>\n\n<p class=\"has-text-align-center\">Maximise la long\u00e9vit\u00e9 et <br>l&#8217;efficacit\u00e9 structurelle.<\/p><\/div>\n\n<div class=\"wp-block-column is-layout-flow wp-block-column-is-layout-flow\"><figure class=\"wp-block-image aligncenter size-full is-resized\"><img decoding=\"async\" src=\"https:\/\/www.maccaferri.com\/wp-content\/uploads\/2023\/03\/ENVIRONMENTAL-FRIENDLINESS.png\" alt=\"\" class=\"wp-image-13138\" width=\"126\" height=\"125\" \/><\/figure>\n\n<div class=\"container content-paragraph box-container\"><div class=\"row\"><div class=\"col-12 col-lg-12 col-xl-12 col-xxl-12\"><div class=\"content-txt\"><h5 style=\"text-align: center\"><strong>Respectueux de l&#8217;environnement<\/strong><\/h5>\n<\/div><\/div><\/div><\/div>\n\n<p class=\"has-text-align-center\">R\u00e9pond aux exigences  <br>environnementales du projet.<\/p><\/div><\/div><\/div><div style=\"height:43px\" aria-hidden=\"true\" class=\"wp-block-spacer\"><\/div><div class=\"wp-block-mac-editor-block container-fluid\" style=\"background:#004857\"><div class=\"row\"><div class=\"col\"><div class=\"gts__picture\"><img style=\"display:none\" \/><div class=\"gts__picture__image\" style=\"background-image:url(undefined)\"><\/div><\/div><div class=\"container box-container\"><div class=\"row\"><div class=\"col title-box-txt\"><div style=\"text-align:center\"><h2 class=\"wp-block-mac-editor-block\" style=\"color:#FFFFFF\">Dans 120 ans, l&#8217;exposition environnementale sera plus agressive. <br>Nous avons la solution aujourd&#8217;hui.<\/h2><\/div><div style=\"text-align:center\"><p class=\"wp-block-mac-editor-block\" style=\"color:#FFFFFF\"><\/p><\/div><div style=\"text-align:right\"><a target=\"_blank\" class=\"buttonurl\" rel=\"noopener\"><span class=\"buttontext\"><\/span><\/a><\/div><\/div><\/div><\/div><\/div><\/div><\/div><div class=\"wp-block-columns is-layout-flex wp-container-core-columns-is-layout-9d6595d7 wp-block-columns-is-layout-flex\"><div class=\"wp-block-column is-layout-flow wp-block-column-is-layout-flow\"><div style=\"height:50px\" aria-hidden=\"true\" class=\"wp-block-spacer\"><\/div><\/div><\/div><div class=\"wp-block-mac-h4-title-bold-block block-txt-container box-container\"><div class=\"row\"><div class=\"col title-box-txt\"><h4 style=\"color:#004857;text-align:center\">Le rev\u00eatement polym\u00e8re PoliMac\u00ae est appliqu\u00e9 sur diff\u00e9rents produits Maccaferri pour r\u00e9pondre aux exigences de durabilit\u00e9, de performance et de rentabilit\u00e9 des projets de g\u00e9nie civil d&#8217;aujourd&#8217;hui.<\/h4><\/div><\/div><\/div><div class=\"wp-block-mac-container-block box-container\"><div class=\"container\"><h2><\/h2><div class=\"row\"><\/div><\/div><\/div><div style=\"height:100px\" aria-hidden=\"true\" class=\"wp-block-spacer\"><\/div><div class=\"wp-block-mac-container-block box-container\"><div class=\"wp-block-columns is-layout-flex wp-container-core-columns-is-layout-9d6595d7 wp-block-columns-is-layout-flex\"><div class=\"wp-block-column is-layout-flow wp-block-column-is-layout-flow\"><div class=\"wp-block-mac-h4-title-block block-txt-container box-container\"><div class=\"row\"><div class=\"col title-box-txt\"><h4 style=\"color:#212429;text-align:center\">POUR EN SAVOIR PLUS SUR POLIMAC\u00ae<\/h4><\/div><\/div><\/div>\n\n<div class=\"wp-block-buttons is-horizontal is-content-justification-center is-layout-flex wp-container-core-buttons-is-layout-499968f5 wp-block-buttons-is-layout-flex\"><div class=\"wp-block-button\"><a class=\"wp-block-button__link\" href=\"https:\/\/www2.maccaferri.com\/l\/965143\/2023-07-10\/5qpf1v\" target=\"_blank\" rel=\"noreferrer noopener\">T\u00c9L\u00c9CHARGER LES DOCUMENTS<\/a><\/div><\/div><\/div><\/div><\/div><div style=\"height:100px\" aria-hidden=\"true\" class=\"wp-block-spacer\"><\/div>","protected":false},"excerpt":{"rendered":"","protected":false},"author":6,"featured_media":0,"parent":0,"menu_order":0,"comment_status":"closed","ping_status":"closed","template":"","meta":{"_acf_changed":false,"_joinchat":[],"footnotes":""},"class_list":["post-49623","page","type-page","status-publish","hentry"],"acf":{"uuid_products":"","product-documents":""},"yoast_head":"<!-- This site is optimized with the Yoast SEO Premium plugin v27.0 (Yoast SEO v27.0) - https:\/\/yoast.com\/product\/yoast-seo-premium-wordpress\/ -->\n<title>PoliMac - Maccaferri France<\/title>\n<meta name=\"description\" content=\"Le rev\u00eatement PoliMac\u00ae est un m\u00e9lange depolym\u00e8res ayant une excellente adh\u00e9rence au fil,sp\u00e9cialement adapt\u00e9 pour r\u00e9sister aux conditionsd&#039;application dans des environnements extr\u00eamementagressifs.\" \/>\n<meta name=\"robots\" content=\"index, follow, max-snippet:-1, max-image-preview:large, max-video-preview:-1\" \/>\n<link rel=\"canonical\" href=\"https:\/\/www.maccaferri.com\/fr\/polimac\/\" \/>\n<meta property=\"og:locale\" content=\"fr_FR\" \/>\n<meta property=\"og:type\" content=\"article\" \/>\n<meta property=\"og:title\" content=\"PoliMac\" \/>\n<meta property=\"og:description\" content=\"Le rev\u00eatement PoliMac\u00ae est un m\u00e9lange depolym\u00e8res ayant une excellente adh\u00e9rence au fil,sp\u00e9cialement adapt\u00e9 pour r\u00e9sister aux conditionsd&#039;application dans des environnements extr\u00eamementagressifs.\" \/>\n<meta property=\"og:url\" content=\"https:\/\/www.maccaferri.com\/fr\/polimac\/\" \/>\n<meta property=\"og:site_name\" content=\"Maccaferri France\" \/>\n<meta property=\"article:modified_time\" content=\"2023-07-10T08:55:43+00:00\" \/>\n<meta property=\"og:image\" content=\"https:\/\/www.maccaferri.com\/wp-content\/uploads\/2023\/03\/WEATHERING-RESISTANCE.png\" \/>\n<meta name=\"twitter:card\" content=\"summary_large_image\" \/>\n<meta name=\"twitter:label1\" content=\"Dur\u00e9e de lecture estim\u00e9e\" \/>\n\t<meta name=\"twitter:data1\" content=\"2 minutes\" \/>\n<script type=\"application\/ld+json\" class=\"yoast-schema-graph\">{\"@context\":\"https:\/\/schema.org\",\"@graph\":[{\"@type\":\"WebPage\",\"@id\":\"https:\/\/www.maccaferri.com\/fr\/polimac\/\",\"url\":\"https:\/\/www.maccaferri.com\/fr\/polimac\/\",\"name\":\"PoliMac - Maccaferri France\",\"isPartOf\":{\"@id\":\"https:\/\/www.maccaferri.com\/fr\/#website\"},\"primaryImageOfPage\":{\"@id\":\"https:\/\/www.maccaferri.com\/fr\/polimac\/#primaryimage\"},\"image\":{\"@id\":\"https:\/\/www.maccaferri.com\/fr\/polimac\/#primaryimage\"},\"thumbnailUrl\":\"https:\/\/www.maccaferri.com\/wp-content\/uploads\/2023\/03\/WEATHERING-RESISTANCE.png\",\"datePublished\":\"2023-07-10T08:47:36+00:00\",\"dateModified\":\"2023-07-10T08:55:43+00:00\",\"description\":\"Le rev\u00eatement PoliMac\u00ae est un m\u00e9lange depolym\u00e8res ayant une excellente adh\u00e9rence au fil,sp\u00e9cialement adapt\u00e9 pour r\u00e9sister aux conditionsd'application dans des environnements extr\u00eamementagressifs.\",\"breadcrumb\":{\"@id\":\"https:\/\/www.maccaferri.com\/fr\/polimac\/#breadcrumb\"},\"inLanguage\":\"fr-FR\",\"potentialAction\":[{\"@type\":\"ReadAction\",\"target\":[\"https:\/\/www.maccaferri.com\/fr\/polimac\/\"]}]},{\"@type\":\"ImageObject\",\"inLanguage\":\"fr-FR\",\"@id\":\"https:\/\/www.maccaferri.com\/fr\/polimac\/#primaryimage\",\"url\":\"https:\/\/www.maccaferri.com\/wp-content\/uploads\/2023\/03\/WEATHERING-RESISTANCE.png\",\"contentUrl\":\"https:\/\/www.maccaferri.com\/wp-content\/uploads\/2023\/03\/WEATHERING-RESISTANCE.png\"},{\"@type\":\"BreadcrumbList\",\"@id\":\"https:\/\/www.maccaferri.com\/fr\/polimac\/#breadcrumb\",\"itemListElement\":[{\"@type\":\"ListItem\",\"position\":1,\"name\":\"Home\",\"item\":\"https:\/\/www.maccaferri.com\/fr\/\"},{\"@type\":\"ListItem\",\"position\":2,\"name\":\"PoliMac\"}]},{\"@type\":\"WebSite\",\"@id\":\"https:\/\/www.maccaferri.com\/fr\/#website\",\"url\":\"https:\/\/www.maccaferri.com\/fr\/\",\"name\":\"Maccaferri France\",\"description\":\"\",\"publisher\":{\"@id\":\"https:\/\/www.maccaferri.com\/fr\/#organization\"},\"potentialAction\":[{\"@type\":\"SearchAction\",\"target\":{\"@type\":\"EntryPoint\",\"urlTemplate\":\"https:\/\/www.maccaferri.com\/fr\/?s={search_term_string}\"},\"query-input\":{\"@type\":\"PropertyValueSpecification\",\"valueRequired\":true,\"valueName\":\"search_term_string\"}}],\"inLanguage\":\"fr-FR\"},{\"@type\":\"Organization\",\"@id\":\"https:\/\/www.maccaferri.com\/fr\/#organization\",\"name\":\"Maccaferri France\",\"url\":\"https:\/\/www.maccaferri.com\/fr\/\",\"logo\":{\"@type\":\"ImageObject\",\"inLanguage\":\"fr-FR\",\"@id\":\"https:\/\/www.maccaferri.com\/fr\/#\/schema\/logo\/image\/\",\"url\":\"https:\/\/www.maccaferri.com\/fr\/wp-content\/uploads\/2022\/07\/logo-maccaferri.png\",\"contentUrl\":\"https:\/\/www.maccaferri.com\/fr\/wp-content\/uploads\/2022\/07\/logo-maccaferri.png\",\"width\":152,\"height\":32,\"caption\":\"Maccaferri France\"},\"image\":{\"@id\":\"https:\/\/www.maccaferri.com\/fr\/#\/schema\/logo\/image\/\"}}]}<\/script>\n<!-- \/ Yoast SEO Premium plugin. -->","yoast_head_json":{"title":"PoliMac - Maccaferri France","description":"Le rev\u00eatement PoliMac\u00ae est un m\u00e9lange depolym\u00e8res ayant une excellente adh\u00e9rence au fil,sp\u00e9cialement adapt\u00e9 pour r\u00e9sister aux conditionsd'application dans des environnements extr\u00eamementagressifs.","robots":{"index":"index","follow":"follow","max-snippet":"max-snippet:-1","max-image-preview":"max-image-preview:large","max-video-preview":"max-video-preview:-1"},"canonical":"https:\/\/www.maccaferri.com\/fr\/polimac\/","og_locale":"fr_FR","og_type":"article","og_title":"PoliMac","og_description":"Le rev\u00eatement PoliMac\u00ae est un m\u00e9lange depolym\u00e8res ayant une excellente adh\u00e9rence au fil,sp\u00e9cialement adapt\u00e9 pour r\u00e9sister aux conditionsd'application dans des environnements extr\u00eamementagressifs.","og_url":"https:\/\/www.maccaferri.com\/fr\/polimac\/","og_site_name":"Maccaferri France","article_modified_time":"2023-07-10T08:55:43+00:00","og_image":[{"url":"https:\/\/www.maccaferri.com\/wp-content\/uploads\/2023\/03\/WEATHERING-RESISTANCE.png","type":"","width":"","height":""}],"twitter_card":"summary_large_image","twitter_misc":{"Dur\u00e9e de lecture estim\u00e9e":"2 minutes"},"schema":{"@context":"https:\/\/schema.org","@graph":[{"@type":"WebPage","@id":"https:\/\/www.maccaferri.com\/fr\/polimac\/","url":"https:\/\/www.maccaferri.com\/fr\/polimac\/","name":"PoliMac - Maccaferri France","isPartOf":{"@id":"https:\/\/www.maccaferri.com\/fr\/#website"},"primaryImageOfPage":{"@id":"https:\/\/www.maccaferri.com\/fr\/polimac\/#primaryimage"},"image":{"@id":"https:\/\/www.maccaferri.com\/fr\/polimac\/#primaryimage"},"thumbnailUrl":"https:\/\/www.maccaferri.com\/wp-content\/uploads\/2023\/03\/WEATHERING-RESISTANCE.png","datePublished":"2023-07-10T08:47:36+00:00","dateModified":"2023-07-10T08:55:43+00:00","description":"Le rev\u00eatement PoliMac\u00ae est un m\u00e9lange depolym\u00e8res ayant une excellente adh\u00e9rence au fil,sp\u00e9cialement adapt\u00e9 pour r\u00e9sister aux conditionsd'application dans des environnements extr\u00eamementagressifs.","breadcrumb":{"@id":"https:\/\/www.maccaferri.com\/fr\/polimac\/#breadcrumb"},"inLanguage":"fr-FR","potentialAction":[{"@type":"ReadAction","target":["https:\/\/www.maccaferri.com\/fr\/polimac\/"]}]},{"@type":"ImageObject","inLanguage":"fr-FR","@id":"https:\/\/www.maccaferri.com\/fr\/polimac\/#primaryimage","url":"https:\/\/www.maccaferri.com\/wp-content\/uploads\/2023\/03\/WEATHERING-RESISTANCE.png","contentUrl":"https:\/\/www.maccaferri.com\/wp-content\/uploads\/2023\/03\/WEATHERING-RESISTANCE.png"},{"@type":"BreadcrumbList","@id":"https:\/\/www.maccaferri.com\/fr\/polimac\/#breadcrumb","itemListElement":[{"@type":"ListItem","position":1,"name":"Home","item":"https:\/\/www.maccaferri.com\/fr\/"},{"@type":"ListItem","position":2,"name":"PoliMac"}]},{"@type":"WebSite","@id":"https:\/\/www.maccaferri.com\/fr\/#website","url":"https:\/\/www.maccaferri.com\/fr\/","name":"Maccaferri France","description":"","publisher":{"@id":"https:\/\/www.maccaferri.com\/fr\/#organization"},"potentialAction":[{"@type":"SearchAction","target":{"@type":"EntryPoint","urlTemplate":"https:\/\/www.maccaferri.com\/fr\/?s={search_term_string}"},"query-input":{"@type":"PropertyValueSpecification","valueRequired":true,"valueName":"search_term_string"}}],"inLanguage":"fr-FR"},{"@type":"Organization","@id":"https:\/\/www.maccaferri.com\/fr\/#organization","name":"Maccaferri France","url":"https:\/\/www.maccaferri.com\/fr\/","logo":{"@type":"ImageObject","inLanguage":"fr-FR","@id":"https:\/\/www.maccaferri.com\/fr\/#\/schema\/logo\/image\/","url":"https:\/\/www.maccaferri.com\/fr\/wp-content\/uploads\/2022\/07\/logo-maccaferri.png","contentUrl":"https:\/\/www.maccaferri.com\/fr\/wp-content\/uploads\/2022\/07\/logo-maccaferri.png","width":152,"height":32,"caption":"Maccaferri France"},"image":{"@id":"https:\/\/www.maccaferri.com\/fr\/#\/schema\/logo\/image\/"}}]}},"_links":{"self":[{"href":"https:\/\/www.maccaferri.com\/fr\/wp-json\/wp\/v2\/pages\/49623","targetHints":{"allow":["GET"]}}],"collection":[{"href":"https:\/\/www.maccaferri.com\/fr\/wp-json\/wp\/v2\/pages"}],"about":[{"href":"https:\/\/www.maccaferri.com\/fr\/wp-json\/wp\/v2\/types\/page"}],"author":[{"embeddable":true,"href":"https:\/\/www.maccaferri.com\/fr\/wp-json\/wp\/v2\/users\/6"}],"replies":[{"embeddable":true,"href":"https:\/\/www.maccaferri.com\/fr\/wp-json\/wp\/v2\/comments?post=49623"}],"version-history":[{"count":42,"href":"https:\/\/www.maccaferri.com\/fr\/wp-json\/wp\/v2\/pages\/49623\/revisions"}],"predecessor-version":[{"id":50044,"href":"https:\/\/www.maccaferri.com\/fr\/wp-json\/wp\/v2\/pages\/49623\/revisions\/50044"}],"wp:attachment":[{"href":"https:\/\/www.maccaferri.com\/fr\/wp-json\/wp\/v2\/media?parent=49623"}],"curies":[{"name":"wp","href":"https:\/\/api.w.org\/{rel}","templated":true}]}}