{"id":4350,"date":"2022-12-22T15:48:59","date_gmt":"2022-12-22T14:48:59","guid":{"rendered":"https:\/\/www.maccaferri.com\/fr\/?page_id=4350"},"modified":"2023-08-07T14:59:44","modified_gmt":"2023-08-07T12:59:44","slug":"use-of-high-perfomance-geosynthetics-in-railway-projects-session-3","status":"publish","type":"page","link":"https:\/\/www.maccaferri.com\/fr\/use-of-high-perfomance-geosynthetics-in-railway-projects-session-3\/","title":{"rendered":"WEBINAR &#8211; Use of high perfomance geosynthetics in railway projects"},"content":{"rendered":"<div class=\"wp-block-mac-h1-title-hero-block container-fluid block-txt-container\" style=\"background:linear-gradient(180deg,rgb(1,94,111) 0%,rgb(0,72,87) 100%)\"><div class=\"row\"><div class=\"col\"><div class=\"gts__picture\"><img style=\"display:none\" \/><div class=\"gts__picture__image\" style=\"background-image:url(undefined)\"><\/div><\/div><div class=\"container box-container\"><div class=\"row\"><div class=\"col title-box-txt\"><h1 class=\"wp-block-mac-h1-title-hero-block\" style=\"color:#ffffff;text-align:none\">WEBINAR<\/h1><\/div><\/div><\/div><\/div><\/div><\/div><div class=\"wp-block-mac-h2-title-block block-txt-container box-container\"><div class=\"row\"><div class=\"col title-box-txt\"><h2 style=\"color:#212429;text-align:none\">Use of high perfomance geosynthetics in railway projects<\/h2><\/div><\/div><\/div><div class=\"wp-block-mac-container-block box-container\"><div class=\"wp-block-columns is-layout-flex wp-container-core-columns-is-layout-9d6595d7 wp-block-columns-is-layout-flex\"><div class=\"wp-block-column is-layout-flow wp-block-column-is-layout-flow\"><figure class=\"wp-block-video\"><video height=\"1080\" style=\"aspect-ratio: 1920 \/ 1080;\" width=\"1920\" controls src=\"https:\/\/www.maccaferri.com\/fr\/wp-content\/uploads\/2023\/06\/20210930-Use-of-high-perfomance-geosynthetics-in-railway-projects-Session-1-1-3.mp4\"><\/video><\/figure><\/div><\/div><\/div><div class=\"content-document-dowload\">\n    <div class=\"container-fluid box-container\">\n        <div class=\"row\">\n            <div class=\"col-12\">\n            <h2>T\u00e9l\u00e9charger les documents<\/h2>\n            <\/div>\n        <\/div>\n    <\/div>\n    <div class=\"content-fluid has-white-background-color has-background\"><div class=\"content-document-dowload box-container\"><ul><li><a href=\"https:\/\/www.maccaferri.com\/fr\/download\/webinar-railways-eng\/\" target=\"_blank\" title=\"WEBINAR RAILWAYS - PR\u00c9SENTATION\">WEBINAR RAILWAYS &#8211; PR\u00c9SENTATION<\/a><a href=\"https:\/\/www.maccaferri.com\/fr\/dashboard\" class=\"btn-dowload\" data-bs-toggle=\"tooltip\" data-bs-placement=\"top\" title=\"WEBINAR RAILWAYS - PR\u00c9SENTATION\"><span class=\"material-symbols-outlined download\">sim_card_download<\/span><\/a><\/li><\/ul><\/div><\/div><\/div>\n\n<script type=\"text\/javascript\">\n    jQuery('.btn-file-download').click(function(e) {\n        e.preventDefault();\n        let idFile = jQuery(this).data('id-file');\n        window.open('https:\/\/www.maccaferri.com\/fr\/?wpdmdl=' + idFile);\n        return false;\n    });\n    \/\/tooltip\n    var tooltipTriggerList = [].slice.call(document.querySelectorAll('[data-bs-toggle=\"tooltip\"]'))\n    var tooltipList = tooltipTriggerList.map(function(tooltipTriggerEl) {\n        return new bootstrap.Tooltip(tooltipTriggerEl)\n    })\n<\/script>","protected":false},"excerpt":{"rendered":"","protected":false},"author":1,"featured_media":0,"parent":0,"menu_order":0,"comment_status":"closed","ping_status":"closed","template":"","meta":{"_acf_changed":false,"_joinchat":[],"footnotes":""},"class_list":["post-4350","page","type-page","status-publish","hentry"],"acf":{"uuid_products":"","product-documents":[4315]},"yoast_head":"<!-- This site is optimized with the Yoast SEO Premium plugin v27.0 (Yoast SEO v27.0) - https:\/\/yoast.com\/product\/yoast-seo-premium-wordpress\/ -->\n<title>WEBINAR - Use of high perfomance geosynthetics in railway projects - Maccaferri France<\/title>\n<meta name=\"description\" content=\"D\u00e9couvrez notre webinaire sur l&#039;utilisation de nos g\u00e9osynth\u00e9tiques hautes performances dans le cadre des projets ferroviaires\" \/>\n<meta name=\"robots\" content=\"index, follow, max-snippet:-1, max-image-preview:large, max-video-preview:-1\" \/>\n<link rel=\"canonical\" href=\"https:\/\/www.maccaferri.com\/fr\/use-of-high-perfomance-geosynthetics-in-railway-projects-session-3\/\" \/>\n<meta property=\"og:locale\" content=\"fr_FR\" \/>\n<meta property=\"og:type\" content=\"article\" \/>\n<meta property=\"og:title\" content=\"WEBINAR - Use of high perfomance geosynthetics in railway projects\" \/>\n<meta property=\"og:description\" content=\"D\u00e9couvrez notre webinaire sur l&#039;utilisation de nos g\u00e9osynth\u00e9tiques hautes performances dans le cadre des projets ferroviaires\" \/>\n<meta property=\"og:url\" content=\"https:\/\/www.maccaferri.com\/fr\/use-of-high-perfomance-geosynthetics-in-railway-projects-session-3\/\" \/>\n<meta property=\"og:site_name\" content=\"Maccaferri France\" \/>\n<meta property=\"article:modified_time\" content=\"2023-08-07T12:59:44+00:00\" \/>\n<meta name=\"twitter:card\" content=\"summary_large_image\" \/>\n<meta name=\"twitter:label1\" content=\"Dur\u00e9e de lecture estim\u00e9e\" \/>\n\t<meta name=\"twitter:data1\" content=\"1 minute\" \/>\n<script type=\"application\/ld+json\" class=\"yoast-schema-graph\">{\"@context\":\"https:\/\/schema.org\",\"@graph\":[{\"@type\":\"WebPage\",\"@id\":\"https:\/\/www.maccaferri.com\/fr\/use-of-high-perfomance-geosynthetics-in-railway-projects-session-3\/\",\"url\":\"https:\/\/www.maccaferri.com\/fr\/use-of-high-perfomance-geosynthetics-in-railway-projects-session-3\/\",\"name\":\"WEBINAR - Use of high perfomance geosynthetics in railway projects - Maccaferri France\",\"isPartOf\":{\"@id\":\"https:\/\/www.maccaferri.com\/fr\/#website\"},\"datePublished\":\"2022-12-22T14:48:59+00:00\",\"dateModified\":\"2023-08-07T12:59:44+00:00\",\"description\":\"D\u00e9couvrez notre webinaire sur l'utilisation de nos g\u00e9osynth\u00e9tiques hautes performances dans le cadre des projets ferroviaires\",\"breadcrumb\":{\"@id\":\"https:\/\/www.maccaferri.com\/fr\/use-of-high-perfomance-geosynthetics-in-railway-projects-session-3\/#breadcrumb\"},\"inLanguage\":\"fr-FR\",\"potentialAction\":[{\"@type\":\"ReadAction\",\"target\":[\"https:\/\/www.maccaferri.com\/fr\/use-of-high-perfomance-geosynthetics-in-railway-projects-session-3\/\"]}]},{\"@type\":\"BreadcrumbList\",\"@id\":\"https:\/\/www.maccaferri.com\/fr\/use-of-high-perfomance-geosynthetics-in-railway-projects-session-3\/#breadcrumb\",\"itemListElement\":[{\"@type\":\"ListItem\",\"position\":1,\"name\":\"Home\",\"item\":\"https:\/\/www.maccaferri.com\/fr\/\"},{\"@type\":\"ListItem\",\"position\":2,\"name\":\"WEBINAR &#8211; Use of high perfomance geosynthetics in railway projects\"}]},{\"@type\":\"WebSite\",\"@id\":\"https:\/\/www.maccaferri.com\/fr\/#website\",\"url\":\"https:\/\/www.maccaferri.com\/fr\/\",\"name\":\"Maccaferri France\",\"description\":\"\",\"publisher\":{\"@id\":\"https:\/\/www.maccaferri.com\/fr\/#organization\"},\"potentialAction\":[{\"@type\":\"SearchAction\",\"target\":{\"@type\":\"EntryPoint\",\"urlTemplate\":\"https:\/\/www.maccaferri.com\/fr\/?s={search_term_string}\"},\"query-input\":{\"@type\":\"PropertyValueSpecification\",\"valueRequired\":true,\"valueName\":\"search_term_string\"}}],\"inLanguage\":\"fr-FR\"},{\"@type\":\"Organization\",\"@id\":\"https:\/\/www.maccaferri.com\/fr\/#organization\",\"name\":\"Maccaferri France\",\"url\":\"https:\/\/www.maccaferri.com\/fr\/\",\"logo\":{\"@type\":\"ImageObject\",\"inLanguage\":\"fr-FR\",\"@id\":\"https:\/\/www.maccaferri.com\/fr\/#\/schema\/logo\/image\/\",\"url\":\"https:\/\/www.maccaferri.com\/fr\/wp-content\/uploads\/2022\/07\/logo-maccaferri.png\",\"contentUrl\":\"https:\/\/www.maccaferri.com\/fr\/wp-content\/uploads\/2022\/07\/logo-maccaferri.png\",\"width\":152,\"height\":32,\"caption\":\"Maccaferri France\"},\"image\":{\"@id\":\"https:\/\/www.maccaferri.com\/fr\/#\/schema\/logo\/image\/\"}}]}<\/script>\n<!-- \/ Yoast SEO Premium plugin. -->","yoast_head_json":{"title":"WEBINAR - Use of high perfomance geosynthetics in railway projects - Maccaferri France","description":"D\u00e9couvrez notre webinaire sur l'utilisation de nos g\u00e9osynth\u00e9tiques hautes performances dans le cadre des projets ferroviaires","robots":{"index":"index","follow":"follow","max-snippet":"max-snippet:-1","max-image-preview":"max-image-preview:large","max-video-preview":"max-video-preview:-1"},"canonical":"https:\/\/www.maccaferri.com\/fr\/use-of-high-perfomance-geosynthetics-in-railway-projects-session-3\/","og_locale":"fr_FR","og_type":"article","og_title":"WEBINAR - Use of high perfomance geosynthetics in railway projects","og_description":"D\u00e9couvrez notre webinaire sur l'utilisation de nos g\u00e9osynth\u00e9tiques hautes performances dans le cadre des projets ferroviaires","og_url":"https:\/\/www.maccaferri.com\/fr\/use-of-high-perfomance-geosynthetics-in-railway-projects-session-3\/","og_site_name":"Maccaferri France","article_modified_time":"2023-08-07T12:59:44+00:00","twitter_card":"summary_large_image","twitter_misc":{"Dur\u00e9e de lecture estim\u00e9e":"1 minute"},"schema":{"@context":"https:\/\/schema.org","@graph":[{"@type":"WebPage","@id":"https:\/\/www.maccaferri.com\/fr\/use-of-high-perfomance-geosynthetics-in-railway-projects-session-3\/","url":"https:\/\/www.maccaferri.com\/fr\/use-of-high-perfomance-geosynthetics-in-railway-projects-session-3\/","name":"WEBINAR - Use of high perfomance geosynthetics in railway projects - Maccaferri France","isPartOf":{"@id":"https:\/\/www.maccaferri.com\/fr\/#website"},"datePublished":"2022-12-22T14:48:59+00:00","dateModified":"2023-08-07T12:59:44+00:00","description":"D\u00e9couvrez notre webinaire sur l'utilisation de nos g\u00e9osynth\u00e9tiques hautes performances dans le cadre des projets ferroviaires","breadcrumb":{"@id":"https:\/\/www.maccaferri.com\/fr\/use-of-high-perfomance-geosynthetics-in-railway-projects-session-3\/#breadcrumb"},"inLanguage":"fr-FR","potentialAction":[{"@type":"ReadAction","target":["https:\/\/www.maccaferri.com\/fr\/use-of-high-perfomance-geosynthetics-in-railway-projects-session-3\/"]}]},{"@type":"BreadcrumbList","@id":"https:\/\/www.maccaferri.com\/fr\/use-of-high-perfomance-geosynthetics-in-railway-projects-session-3\/#breadcrumb","itemListElement":[{"@type":"ListItem","position":1,"name":"Home","item":"https:\/\/www.maccaferri.com\/fr\/"},{"@type":"ListItem","position":2,"name":"WEBINAR &#8211; Use of high perfomance geosynthetics in railway projects"}]},{"@type":"WebSite","@id":"https:\/\/www.maccaferri.com\/fr\/#website","url":"https:\/\/www.maccaferri.com\/fr\/","name":"Maccaferri France","description":"","publisher":{"@id":"https:\/\/www.maccaferri.com\/fr\/#organization"},"potentialAction":[{"@type":"SearchAction","target":{"@type":"EntryPoint","urlTemplate":"https:\/\/www.maccaferri.com\/fr\/?s={search_term_string}"},"query-input":{"@type":"PropertyValueSpecification","valueRequired":true,"valueName":"search_term_string"}}],"inLanguage":"fr-FR"},{"@type":"Organization","@id":"https:\/\/www.maccaferri.com\/fr\/#organization","name":"Maccaferri France","url":"https:\/\/www.maccaferri.com\/fr\/","logo":{"@type":"ImageObject","inLanguage":"fr-FR","@id":"https:\/\/www.maccaferri.com\/fr\/#\/schema\/logo\/image\/","url":"https:\/\/www.maccaferri.com\/fr\/wp-content\/uploads\/2022\/07\/logo-maccaferri.png","contentUrl":"https:\/\/www.maccaferri.com\/fr\/wp-content\/uploads\/2022\/07\/logo-maccaferri.png","width":152,"height":32,"caption":"Maccaferri France"},"image":{"@id":"https:\/\/www.maccaferri.com\/fr\/#\/schema\/logo\/image\/"}}]}},"_links":{"self":[{"href":"https:\/\/www.maccaferri.com\/fr\/wp-json\/wp\/v2\/pages\/4350","targetHints":{"allow":["GET"]}}],"collection":[{"href":"https:\/\/www.maccaferri.com\/fr\/wp-json\/wp\/v2\/pages"}],"about":[{"href":"https:\/\/www.maccaferri.com\/fr\/wp-json\/wp\/v2\/types\/page"}],"author":[{"embeddable":true,"href":"https:\/\/www.maccaferri.com\/fr\/wp-json\/wp\/v2\/users\/1"}],"replies":[{"embeddable":true,"href":"https:\/\/www.maccaferri.com\/fr\/wp-json\/wp\/v2\/comments?post=4350"}],"version-history":[{"count":9,"href":"https:\/\/www.maccaferri.com\/fr\/wp-json\/wp\/v2\/pages\/4350\/revisions"}],"predecessor-version":[{"id":39252,"href":"https:\/\/www.maccaferri.com\/fr\/wp-json\/wp\/v2\/pages\/4350\/revisions\/39252"}],"acf:post":[{"embeddable":true,"href":"https:\/\/www.maccaferri.com\/fr\/wp-json\/wp\/v2\/wpdmpro\/4315"}],"wp:attachment":[{"href":"https:\/\/www.maccaferri.com\/fr\/wp-json\/wp\/v2\/media?parent=4350"}],"curies":[{"name":"wp","href":"https:\/\/api.w.org\/{rel}","templated":true}]}}