{"id":3514,"date":"2022-12-14T12:27:40","date_gmt":"2022-12-14T11:27:40","guid":{"rendered":"https:\/\/www.maccaferri.com\/fr\/?page_id=3514"},"modified":"2026-02-11T17:53:02","modified_gmt":"2026-02-11T16:53:02","slug":"maccaferri-logiciels","status":"publish","type":"page","link":"https:\/\/www.maccaferri.com\/fr\/maccaferri-logiciels\/","title":{"rendered":"Logiciels Maccaferri"},"content":{"rendered":"<div class=\"wp-block-mac-h1-title-hero-block container-fluid block-txt-container\" style=\"background:linear-gradient(180deg,rgb(1,94,111) 0%,rgb(0,72,87) 100%)\"><div class=\"row\"><div class=\"col\"><div class=\"gts__picture\"><img decoding=\"async\" src=\"https:\/\/www.maccaferri.com\/fr\/wp-content\/uploads\/2023\/01\/software-2.jpeg\" style=\"display:none\"\/><div class=\"gts__picture__image\" style=\"background-image:url(https:\/\/www.maccaferri.com\/fr\/wp-content\/uploads\/2023\/01\/software-2.jpeg)\"><\/div><\/div><div class=\"container box-container\"><div class=\"row\"><div class=\"col title-box-txt\"><h1 class=\"wp-block-mac-h1-title-hero-block\" style=\"color:#ffffff;text-align:none\">Logiciels Maccaferri<\/h1><\/div><\/div><\/div><\/div><\/div><\/div><div style=\"height:100px\" aria-hidden=\"true\" class=\"wp-block-spacer\"><\/div><div class=\"wp-block-columns is-layout-flex wp-container-core-columns-is-layout-9d6595d7 wp-block-columns-is-layout-flex\"><div class=\"wp-block-column is-layout-flow wp-block-column-is-layout-flow\"><div class=\"wp-block-mac-container-block box-container\"><div class=\"wp-block-columns is-layout-flex wp-container-core-columns-is-layout-9d6595d7 wp-block-columns-is-layout-flex\"><div class=\"wp-block-column is-layout-flow wp-block-column-is-layout-flow\"><div class=\"wp-block-mac-h5-txt-paragraph-block block-txt-container box-container\"><div class=\"row\"><div class=\"col paragraph-box-txt\"><h5 class=\"wp-block-mac-h5-txt-paragraph-block\" style=\"color:#212429;text-align:left\">D\u00e9velopp\u00e9s en partenariat avec des instituts et des universit\u00e9s de premier plan, nos logiciels faciles \u00e0 utiliser et utilis\u00e9s dans le monde entier permettent aux ing\u00e9nieurs de concevoir et de fournir des solutions de g\u00e9nie civil efficaces et fiables.<br><br>Bas\u00e9es sur des donn\u00e9es exp\u00e9rimentales recueillies au cours de d\u00e9cennies d&#8217;exp\u00e9rience sur le terrain et de campagnes de tests rigoureuses, nos logiciels gratuits r\u00e9pondent aux exigences des ing\u00e9nieurs en g\u00e9nie civil et g\u00e9otechniques du monde entier tout en offrant des avantages suppl\u00e9mentaires en termes de rentabilit\u00e9 et d&#8217;optimisation des solutions utilis\u00e9es.<br><br>Contactez-nous pour b\u00e9n\u00e9ficier d&#8217;une formation sur nos logiciels et commencer la conception de solutions d&#8217;ing\u00e9nierie haut de gamme et stimulantes dans les conditions les plus diverses.<\/h5><\/div><\/div><\/div><\/div><\/div><\/div><\/div><\/div><div class=\"wp-block-mac-container-block box-container\"><div class=\"wp-block-columns is-layout-flex wp-container-core-columns-is-layout-9d6595d7 wp-block-columns-is-layout-flex\"><div class=\"wp-block-column is-layout-flow wp-block-column-is-layout-flow\"><figure class=\"wp-block-image size-full\"><img fetchpriority=\"high\" decoding=\"async\" width=\"430\" height=\"330\" src=\"https:\/\/www.maccaferri.com\/fr\/wp-content\/uploads\/sites\/30\/2022\/12\/maccaferri-software.png\" alt=\"\" class=\"wp-image-3075\" srcset=\"https:\/\/www.maccaferri.com\/fr\/wp-content\/uploads\/2022\/12\/maccaferri-software.png 430w, https:\/\/www.maccaferri.com\/fr\/wp-content\/uploads\/2022\/12\/maccaferri-software-300x230.png 300w\" sizes=\"(max-width: 430px) 100vw, 430px\" \/><\/figure><\/div>\n\n<div class=\"wp-block-column is-layout-flow wp-block-column-is-layout-flow\"><div style=\"height:50px\" aria-hidden=\"true\" class=\"wp-block-spacer\"><\/div>\n\n<div class=\"wp-block-mac-h2-title-bold-block block-txt-container box-container\"><div class=\"row\"><div class=\"col title-box-txt\"><h2 style=\"color:#004857;text-align:center\">Logiciels en ligne <\/h2><\/div><\/div><\/div>\n\n<p class=\"has-text-align-left has-medium-font-size\">Visitez la plateforme eDesign avec les logiciels de Maccaferri. Concevez vos projets en ligne de n&#8217;importe o\u00f9. Aucun t\u00e9l\u00e9chargement n&#8217;est n\u00e9cessaire.<\/p>\n\n<ul style=\"font-size:19px\" class=\"wp-block-list\"><li><strong>Mac S-Design<\/strong> : s\u00e9curisez avec des grillages et filets plaqu\u00e9s en sol meuble<\/li>\n\n<li><strong>MacTube Design<\/strong> : prot\u00e9ger les c\u00f4tes<\/li>\n\n<li><strong>MacBars Design<\/strong> : stabilisez votre remblai<\/li>\n\n<li><strong>MACRA Design<\/strong> : dimensionnement des ouvrages hydrauliques<\/li>\n\n<li><strong>REQUALIFE<\/strong> : concevoir des cours d&#8217;eau pour un avenir durable<\/li>\n\n<li><strong>ECoMac Design<\/strong>: pr\u00e9venir l&#8217;\u00e9rosion des sols<\/li>\n\n<li><strong>MacQuay Design<\/strong>: protection des structures contre l&#8217;affouillement et l&#8217;\u00e9rosion<\/li>\n\n<li><strong>MacRo Design<\/strong>: Protection avec des <strong>grillages et filets plaqu\u00e9s<\/strong> en parois rocheuses &amp; <strong>grillages et filets pendus<\/strong> en falaise<\/li>\n\n<li><strong>GROUNDMAC <\/strong>: Am\u00e9liorez votre sol<br><\/li><\/ul>\n\n<div class=\"wp-block-buttons is-content-justification-center is-layout-flex wp-container-core-buttons-is-layout-16018d1d wp-block-buttons-is-layout-flex\"><div class=\"wp-block-button\"><a class=\"wp-block-button__link wp-element-button\" href=\"https:\/\/edesign.maccaferri.com\/\">ACC\u00c8S A LA platEformE<\/a><\/div><\/div><\/div><\/div><\/div><div style=\"height:150px\" aria-hidden=\"true\" class=\"wp-block-spacer\"><\/div><div class=\"wp-block-mac-container-block box-container\"><div class=\"wp-block-columns is-layout-flex wp-container-core-columns-is-layout-9d6595d7 wp-block-columns-is-layout-flex\"><div class=\"wp-block-column is-layout-flow wp-block-column-is-layout-flow\"><div class=\"wp-block-mac-h2-title-bold-block block-txt-container box-container\"><div class=\"row\"><div class=\"col title-box-txt\"><h2 style=\"color:#004857;text-align:left\">Logiciels de conception t\u00e9l\u00e9chargeables<\/h2><\/div><\/div><\/div>\n\n<p class=\"has-text-align-left has-medium-font-size\">D\u00e9couvrez nos  logiciels de conception t\u00e9l\u00e9chargeables :<\/p>\n\n<ul style=\"font-size:19px\" class=\"wp-block-list\"><li><strong>MACFLOW Studio<\/strong> : conception de solutions de drainage efficace<\/li>\n\n<li><strong>GAWAC<\/strong>: Projet de murs de sout\u00e8nement en gabions<\/li><\/ul>\n\n<div class=\"wp-block-buttons is-layout-flex wp-block-buttons-is-layout-flex\"><div class=\"wp-block-button aligncenter\"><a class=\"wp-block-button__link wp-element-button\" href=\"https:\/\/www.maccaferri.com\/fr\/search?category-link=&amp;r=&amp;sectors-select=&amp;applications-select=&amp;solutions-select=&amp;products-select=&amp;location-select=&amp;full=on&amp;find_softwares=1\">obtenir les logiciels<\/a><\/div><\/div><\/div>\n\n<div class=\"wp-block-column is-layout-flow wp-block-column-is-layout-flow\"><div style=\"height:100px\" aria-hidden=\"true\" class=\"wp-block-spacer\"><\/div>\n\n<figure class=\"wp-block-image size-large\"><img decoding=\"async\" width=\"1024\" height=\"686\" src=\"https:\/\/www.maccaferri.com\/fr\/wp-content\/uploads\/sites\/30\/2022\/12\/maccaferri-software-downloadable-1024x686.png\" alt=\"\" class=\"wp-image-3728\" srcset=\"https:\/\/www.maccaferri.com\/fr\/wp-content\/uploads\/2022\/12\/maccaferri-software-downloadable-1024x686.png 1024w, https:\/\/www.maccaferri.com\/fr\/wp-content\/uploads\/2022\/12\/maccaferri-software-downloadable-300x201.png 300w, https:\/\/www.maccaferri.com\/fr\/wp-content\/uploads\/2022\/12\/maccaferri-software-downloadable-768x514.png 768w, https:\/\/www.maccaferri.com\/fr\/wp-content\/uploads\/2022\/12\/maccaferri-software-downloadable-1536x1029.png 1536w, https:\/\/www.maccaferri.com\/fr\/wp-content\/uploads\/2022\/12\/maccaferri-software-downloadable.png 1583w\" sizes=\"(max-width: 1024px) 100vw, 1024px\" \/><\/figure><\/div><\/div><\/div><div style=\"height:100px\" aria-hidden=\"true\" class=\"wp-block-spacer\"><\/div>","protected":false},"excerpt":{"rendered":"","protected":false},"author":2,"featured_media":0,"parent":0,"menu_order":0,"comment_status":"closed","ping_status":"closed","template":"","meta":{"_acf_changed":false,"_joinchat":[],"footnotes":""},"class_list":["post-3514","page","type-page","status-publish","hentry"],"acf":{"uuid_products":"","product-documents":""},"yoast_head":"<!-- This site is optimized with the Yoast SEO Premium plugin v27.0 (Yoast SEO v27.0) - https:\/\/yoast.com\/product\/yoast-seo-premium-wordpress\/ -->\n<title>Logiciels Maccaferri - Maccaferri France<\/title>\n<meta name=\"description\" content=\"D\u00e9velopp\u00e9s en partenariat avec des instituts et des universit\u00e9s de premier plan, nos logiciels faciles \u00e0 utiliser et utilis\u00e9s dans le monde entier permettent aux ing\u00e9nieurs de concevoir et de fournir des solutions de g\u00e9nie civil efficaces et fiables.\" \/>\n<meta name=\"robots\" content=\"index, follow, max-snippet:-1, max-image-preview:large, max-video-preview:-1\" \/>\n<link rel=\"canonical\" href=\"https:\/\/www.maccaferri.com\/fr\/maccaferri-logiciels\/\" \/>\n<meta property=\"og:locale\" content=\"fr_FR\" \/>\n<meta property=\"og:type\" content=\"article\" \/>\n<meta property=\"og:title\" content=\"Logiciels Maccaferri\" \/>\n<meta property=\"og:description\" content=\"D\u00e9velopp\u00e9s en partenariat avec des instituts et des universit\u00e9s de premier plan, nos logiciels faciles \u00e0 utiliser et utilis\u00e9s dans le monde entier permettent aux ing\u00e9nieurs de concevoir et de fournir des solutions de g\u00e9nie civil efficaces et fiables.\" \/>\n<meta property=\"og:url\" content=\"https:\/\/www.maccaferri.com\/fr\/maccaferri-logiciels\/\" \/>\n<meta property=\"og:site_name\" content=\"Maccaferri France\" \/>\n<meta property=\"article:modified_time\" content=\"2026-02-11T16:53:02+00:00\" \/>\n<meta property=\"og:image\" content=\"https:\/\/www.maccaferri.com\/fr\/wp-content\/uploads\/2023\/01\/software-2.jpeg\" \/>\n<meta name=\"twitter:card\" content=\"summary_large_image\" \/>\n<meta name=\"twitter:label1\" content=\"Dur\u00e9e de lecture estim\u00e9e\" \/>\n\t<meta name=\"twitter:data1\" content=\"2 minutes\" \/>\n<script type=\"application\/ld+json\" class=\"yoast-schema-graph\">{\"@context\":\"https:\/\/schema.org\",\"@graph\":[{\"@type\":\"WebPage\",\"@id\":\"https:\/\/www.maccaferri.com\/fr\/maccaferri-logiciels\/\",\"url\":\"https:\/\/www.maccaferri.com\/fr\/maccaferri-logiciels\/\",\"name\":\"Logiciels Maccaferri - Maccaferri France\",\"isPartOf\":{\"@id\":\"https:\/\/www.maccaferri.com\/fr\/#website\"},\"primaryImageOfPage\":{\"@id\":\"https:\/\/www.maccaferri.com\/fr\/maccaferri-logiciels\/#primaryimage\"},\"image\":{\"@id\":\"https:\/\/www.maccaferri.com\/fr\/maccaferri-logiciels\/#primaryimage\"},\"thumbnailUrl\":\"https:\/\/www.maccaferri.com\/fr\/wp-content\/uploads\/2023\/01\/software-2.jpeg\",\"datePublished\":\"2022-12-14T11:27:40+00:00\",\"dateModified\":\"2026-02-11T16:53:02+00:00\",\"description\":\"D\u00e9velopp\u00e9s en partenariat avec des instituts et des universit\u00e9s de premier plan, nos logiciels faciles \u00e0 utiliser et utilis\u00e9s dans le monde entier permettent aux ing\u00e9nieurs de concevoir et de fournir des solutions de g\u00e9nie civil efficaces et fiables.\",\"breadcrumb\":{\"@id\":\"https:\/\/www.maccaferri.com\/fr\/maccaferri-logiciels\/#breadcrumb\"},\"inLanguage\":\"fr-FR\",\"potentialAction\":[{\"@type\":\"ReadAction\",\"target\":[\"https:\/\/www.maccaferri.com\/fr\/maccaferri-logiciels\/\"]}]},{\"@type\":\"ImageObject\",\"inLanguage\":\"fr-FR\",\"@id\":\"https:\/\/www.maccaferri.com\/fr\/maccaferri-logiciels\/#primaryimage\",\"url\":\"https:\/\/www.maccaferri.com\/fr\/wp-content\/uploads\/2023\/01\/software-2.jpeg\",\"contentUrl\":\"https:\/\/www.maccaferri.com\/fr\/wp-content\/uploads\/2023\/01\/software-2.jpeg\",\"width\":1280,\"height\":720},{\"@type\":\"BreadcrumbList\",\"@id\":\"https:\/\/www.maccaferri.com\/fr\/maccaferri-logiciels\/#breadcrumb\",\"itemListElement\":[{\"@type\":\"ListItem\",\"position\":1,\"name\":\"Home\",\"item\":\"https:\/\/www.maccaferri.com\/fr\/\"},{\"@type\":\"ListItem\",\"position\":2,\"name\":\"Logiciels Maccaferri\"}]},{\"@type\":\"WebSite\",\"@id\":\"https:\/\/www.maccaferri.com\/fr\/#website\",\"url\":\"https:\/\/www.maccaferri.com\/fr\/\",\"name\":\"Maccaferri France\",\"description\":\"\",\"publisher\":{\"@id\":\"https:\/\/www.maccaferri.com\/fr\/#organization\"},\"potentialAction\":[{\"@type\":\"SearchAction\",\"target\":{\"@type\":\"EntryPoint\",\"urlTemplate\":\"https:\/\/www.maccaferri.com\/fr\/?s={search_term_string}\"},\"query-input\":{\"@type\":\"PropertyValueSpecification\",\"valueRequired\":true,\"valueName\":\"search_term_string\"}}],\"inLanguage\":\"fr-FR\"},{\"@type\":\"Organization\",\"@id\":\"https:\/\/www.maccaferri.com\/fr\/#organization\",\"name\":\"Maccaferri France\",\"url\":\"https:\/\/www.maccaferri.com\/fr\/\",\"logo\":{\"@type\":\"ImageObject\",\"inLanguage\":\"fr-FR\",\"@id\":\"https:\/\/www.maccaferri.com\/fr\/#\/schema\/logo\/image\/\",\"url\":\"https:\/\/www.maccaferri.com\/fr\/wp-content\/uploads\/2022\/07\/logo-maccaferri.png\",\"contentUrl\":\"https:\/\/www.maccaferri.com\/fr\/wp-content\/uploads\/2022\/07\/logo-maccaferri.png\",\"width\":152,\"height\":32,\"caption\":\"Maccaferri France\"},\"image\":{\"@id\":\"https:\/\/www.maccaferri.com\/fr\/#\/schema\/logo\/image\/\"}}]}<\/script>\n<!-- \/ Yoast SEO Premium plugin. -->","yoast_head_json":{"title":"Logiciels Maccaferri - Maccaferri France","description":"D\u00e9velopp\u00e9s en partenariat avec des instituts et des universit\u00e9s de premier plan, nos logiciels faciles \u00e0 utiliser et utilis\u00e9s dans le monde entier permettent aux ing\u00e9nieurs de concevoir et de fournir des solutions de g\u00e9nie civil efficaces et fiables.","robots":{"index":"index","follow":"follow","max-snippet":"max-snippet:-1","max-image-preview":"max-image-preview:large","max-video-preview":"max-video-preview:-1"},"canonical":"https:\/\/www.maccaferri.com\/fr\/maccaferri-logiciels\/","og_locale":"fr_FR","og_type":"article","og_title":"Logiciels Maccaferri","og_description":"D\u00e9velopp\u00e9s en partenariat avec des instituts et des universit\u00e9s de premier plan, nos logiciels faciles \u00e0 utiliser et utilis\u00e9s dans le monde entier permettent aux ing\u00e9nieurs de concevoir et de fournir des solutions de g\u00e9nie civil efficaces et fiables.","og_url":"https:\/\/www.maccaferri.com\/fr\/maccaferri-logiciels\/","og_site_name":"Maccaferri France","article_modified_time":"2026-02-11T16:53:02+00:00","og_image":[{"url":"https:\/\/www.maccaferri.com\/fr\/wp-content\/uploads\/2023\/01\/software-2.jpeg","type":"","width":"","height":""}],"twitter_card":"summary_large_image","twitter_misc":{"Dur\u00e9e de lecture estim\u00e9e":"2 minutes"},"schema":{"@context":"https:\/\/schema.org","@graph":[{"@type":"WebPage","@id":"https:\/\/www.maccaferri.com\/fr\/maccaferri-logiciels\/","url":"https:\/\/www.maccaferri.com\/fr\/maccaferri-logiciels\/","name":"Logiciels Maccaferri - Maccaferri France","isPartOf":{"@id":"https:\/\/www.maccaferri.com\/fr\/#website"},"primaryImageOfPage":{"@id":"https:\/\/www.maccaferri.com\/fr\/maccaferri-logiciels\/#primaryimage"},"image":{"@id":"https:\/\/www.maccaferri.com\/fr\/maccaferri-logiciels\/#primaryimage"},"thumbnailUrl":"https:\/\/www.maccaferri.com\/fr\/wp-content\/uploads\/2023\/01\/software-2.jpeg","datePublished":"2022-12-14T11:27:40+00:00","dateModified":"2026-02-11T16:53:02+00:00","description":"D\u00e9velopp\u00e9s en partenariat avec des instituts et des universit\u00e9s de premier plan, nos logiciels faciles \u00e0 utiliser et utilis\u00e9s dans le monde entier permettent aux ing\u00e9nieurs de concevoir et de fournir des solutions de g\u00e9nie civil efficaces et fiables.","breadcrumb":{"@id":"https:\/\/www.maccaferri.com\/fr\/maccaferri-logiciels\/#breadcrumb"},"inLanguage":"fr-FR","potentialAction":[{"@type":"ReadAction","target":["https:\/\/www.maccaferri.com\/fr\/maccaferri-logiciels\/"]}]},{"@type":"ImageObject","inLanguage":"fr-FR","@id":"https:\/\/www.maccaferri.com\/fr\/maccaferri-logiciels\/#primaryimage","url":"https:\/\/www.maccaferri.com\/fr\/wp-content\/uploads\/2023\/01\/software-2.jpeg","contentUrl":"https:\/\/www.maccaferri.com\/fr\/wp-content\/uploads\/2023\/01\/software-2.jpeg","width":1280,"height":720},{"@type":"BreadcrumbList","@id":"https:\/\/www.maccaferri.com\/fr\/maccaferri-logiciels\/#breadcrumb","itemListElement":[{"@type":"ListItem","position":1,"name":"Home","item":"https:\/\/www.maccaferri.com\/fr\/"},{"@type":"ListItem","position":2,"name":"Logiciels Maccaferri"}]},{"@type":"WebSite","@id":"https:\/\/www.maccaferri.com\/fr\/#website","url":"https:\/\/www.maccaferri.com\/fr\/","name":"Maccaferri France","description":"","publisher":{"@id":"https:\/\/www.maccaferri.com\/fr\/#organization"},"potentialAction":[{"@type":"SearchAction","target":{"@type":"EntryPoint","urlTemplate":"https:\/\/www.maccaferri.com\/fr\/?s={search_term_string}"},"query-input":{"@type":"PropertyValueSpecification","valueRequired":true,"valueName":"search_term_string"}}],"inLanguage":"fr-FR"},{"@type":"Organization","@id":"https:\/\/www.maccaferri.com\/fr\/#organization","name":"Maccaferri France","url":"https:\/\/www.maccaferri.com\/fr\/","logo":{"@type":"ImageObject","inLanguage":"fr-FR","@id":"https:\/\/www.maccaferri.com\/fr\/#\/schema\/logo\/image\/","url":"https:\/\/www.maccaferri.com\/fr\/wp-content\/uploads\/2022\/07\/logo-maccaferri.png","contentUrl":"https:\/\/www.maccaferri.com\/fr\/wp-content\/uploads\/2022\/07\/logo-maccaferri.png","width":152,"height":32,"caption":"Maccaferri France"},"image":{"@id":"https:\/\/www.maccaferri.com\/fr\/#\/schema\/logo\/image\/"}}]}},"_links":{"self":[{"href":"https:\/\/www.maccaferri.com\/fr\/wp-json\/wp\/v2\/pages\/3514","targetHints":{"allow":["GET"]}}],"collection":[{"href":"https:\/\/www.maccaferri.com\/fr\/wp-json\/wp\/v2\/pages"}],"about":[{"href":"https:\/\/www.maccaferri.com\/fr\/wp-json\/wp\/v2\/types\/page"}],"author":[{"embeddable":true,"href":"https:\/\/www.maccaferri.com\/fr\/wp-json\/wp\/v2\/users\/2"}],"replies":[{"embeddable":true,"href":"https:\/\/www.maccaferri.com\/fr\/wp-json\/wp\/v2\/comments?post=3514"}],"version-history":[{"count":44,"href":"https:\/\/www.maccaferri.com\/fr\/wp-json\/wp\/v2\/pages\/3514\/revisions"}],"predecessor-version":[{"id":117325,"href":"https:\/\/www.maccaferri.com\/fr\/wp-json\/wp\/v2\/pages\/3514\/revisions\/117325"}],"wp:attachment":[{"href":"https:\/\/www.maccaferri.com\/fr\/wp-json\/wp\/v2\/media?parent=3514"}],"curies":[{"name":"wp","href":"https:\/\/api.w.org\/{rel}","templated":true}]}}