{"id":3503,"date":"2022-12-12T06:48:29","date_gmt":"2022-12-12T05:48:29","guid":{"rendered":"https:\/\/www.maccaferri.com\/fr\/?page_id=3503"},"modified":"2023-01-23T09:55:29","modified_gmt":"2023-01-23T08:55:29","slug":"bibliotheque-objets-bim","status":"publish","type":"page","link":"https:\/\/www.maccaferri.com\/fr\/bibliotheque-objets-bim\/","title":{"rendered":"Biblioth\u00e8que  Objets BIM"},"content":{"rendered":"<div class=\"wp-block-mac-h1-title-hero-block container-fluid block-txt-container\" style=\"background:linear-gradient(180deg,rgb(1,94,111) 0%,rgb(0,72,87) 100%)\"><div class=\"row\"><div class=\"col\"><div class=\"gts__picture\"><img decoding=\"async\" src=\"https:\/\/www.maccaferri.com\/fr\/wp-content\/uploads\/sites\/30\/2022\/12\/BIM-Maccaferri-Terramesh.jpg\" style=\"display:none\"\/><div class=\"gts__picture__image\" style=\"background-image:url(https:\/\/www.maccaferri.com\/fr\/wp-content\/uploads\/sites\/30\/2022\/12\/BIM-Maccaferri-Terramesh.jpg)\"><\/div><\/div><div class=\"container box-container\"><div class=\"row\"><div class=\"col title-box-txt\"><h1 class=\"wp-block-mac-h1-title-hero-block\" style=\"color:#ffffff;text-align:none\">Biblioth\u00e8que Objets BIM<\/h1><\/div><\/div><\/div><\/div><\/div><\/div><div style=\"height:100px\" aria-hidden=\"true\" class=\"wp-block-spacer\"><\/div><div class=\"wp-block-columns is-layout-flex wp-container-core-columns-is-layout-9d6595d7 wp-block-columns-is-layout-flex\"><div class=\"wp-block-column is-layout-flow wp-block-column-is-layout-flow\"><div class=\"wp-block-mac-container-block box-container\"><div class=\"wp-block-columns is-layout-flex wp-container-core-columns-is-layout-9d6595d7 wp-block-columns-is-layout-flex\"><div class=\"wp-block-column is-layout-flow wp-block-column-is-layout-flow\"><p class=\"has-text-align-center\">Le <strong>BIM Building Information Modeling (BIM<\/strong>) est un process intelligent bas\u00e9 sur un mod\u00e8le 3D.<\/p>\n\n<p class=\"has-text-align-center\"><strong>Un nouvel outil incroyable<\/strong> pour les professionnels de l&#8217;ing\u00e9nierie et le construction.<\/p>\n\n<p class=\"has-text-align-center\">Bimstore.co n&#8217;est pas seulement une biblioth\u00e8que d&#8217;informations, c&#8217;est une communaut\u00e9 collaborative qui relie les passionn\u00e9s de la cr\u00e9ation d&#8217;un avenir plus intelligent.<\/p><\/div><\/div><\/div><\/div><\/div><div class=\"wp-block-mac-container-block box-container\"><div class=\"wp-block-columns is-layout-flex wp-container-core-columns-is-layout-9d6595d7 wp-block-columns-is-layout-flex\"><div class=\"wp-block-column is-layout-flow wp-block-column-is-layout-flow\"><iframe width=\"100%\" height=\"1300\" style=\"border:0px;\" border=\"none\" src=\"https:\/\/www.bimstore.co\/bimshelf\/d8bb0b62-3b5e-4293-9eef-5da70089e994\"><\/iframe><\/div><\/div><\/div><div class=\"wp-block-columns is-layout-flex wp-container-core-columns-is-layout-9d6595d7 wp-block-columns-is-layout-flex\"><div class=\"wp-block-column is-layout-flow wp-block-column-is-layout-flow\"><div class=\"wp-block-mac-container-block box-container\"><div class=\"wp-block-columns is-layout-flex wp-container-core-columns-is-layout-9d6595d7 wp-block-columns-is-layout-flex\"><div class=\"wp-block-column is-layout-flow wp-block-column-is-layout-flow\"><\/div><\/div><\/div><\/div><\/div><div style=\"height:100px\" aria-hidden=\"true\" class=\"wp-block-spacer\"><\/div>","protected":false},"excerpt":{"rendered":"","protected":false},"author":2,"featured_media":0,"parent":0,"menu_order":0,"comment_status":"closed","ping_status":"closed","template":"","meta":{"_acf_changed":false,"_joinchat":[],"footnotes":""},"class_list":["post-3503","page","type-page","status-publish","hentry"],"acf":{"uuid_products":"","product-documents":""},"yoast_head":"<!-- This site is optimized with the Yoast SEO Premium plugin v27.0 (Yoast SEO v27.0) - https:\/\/yoast.com\/product\/yoast-seo-premium-wordpress\/ -->\n<title>Biblioth\u00e8que Objets BIM - Maccaferri France<\/title>\n<meta name=\"description\" content=\"Maccaferri s&#039;engage \u00e0 promouvoir la collaboration entre les acteurs de l&#039;industrie tout au long du cycle de vie d&#039;un projet. Avec cet objectif \u00e0 l&#039;esprit, nous rendons nos solutions disponibles \u00e9galement en tant qu&#039;objets BIM, encourageant l&#039;adoption de la technologie BIM pour am\u00e9liorer les processus de conception et de construction, en \u00e9vitant les inexactitudes de fonctionnement sur site.\" \/>\n<meta name=\"robots\" content=\"index, follow, max-snippet:-1, max-image-preview:large, max-video-preview:-1\" \/>\n<link rel=\"canonical\" href=\"https:\/\/www.maccaferri.com\/fr\/bibliotheque-objets-bim\/\" \/>\n<meta property=\"og:locale\" content=\"fr_FR\" \/>\n<meta property=\"og:type\" content=\"article\" \/>\n<meta property=\"og:title\" content=\"Biblioth\u00e8que Objets BIM\" \/>\n<meta property=\"og:description\" content=\"Maccaferri s&#039;engage \u00e0 promouvoir la collaboration entre les acteurs de l&#039;industrie tout au long du cycle de vie d&#039;un projet. Avec cet objectif \u00e0 l&#039;esprit, nous rendons nos solutions disponibles \u00e9galement en tant qu&#039;objets BIM, encourageant l&#039;adoption de la technologie BIM pour am\u00e9liorer les processus de conception et de construction, en \u00e9vitant les inexactitudes de fonctionnement sur site.\" \/>\n<meta property=\"og:url\" content=\"https:\/\/www.maccaferri.com\/fr\/bibliotheque-objets-bim\/\" \/>\n<meta property=\"og:site_name\" content=\"Maccaferri France\" \/>\n<meta property=\"article:modified_time\" content=\"2023-01-23T08:55:29+00:00\" \/>\n<meta property=\"og:image\" content=\"https:\/\/www.maccaferri.com\/fr\/wp-content\/uploads\/sites\/30\/2022\/12\/BIM-Maccaferri-Terramesh.jpg\" \/>\n<meta name=\"twitter:card\" content=\"summary_large_image\" \/>\n<meta name=\"twitter:label1\" content=\"Dur\u00e9e de lecture estim\u00e9e\" \/>\n\t<meta name=\"twitter:data1\" content=\"1 minute\" \/>\n<script type=\"application\/ld+json\" class=\"yoast-schema-graph\">{\"@context\":\"https:\/\/schema.org\",\"@graph\":[{\"@type\":\"WebPage\",\"@id\":\"https:\/\/www.maccaferri.com\/fr\/bibliotheque-objets-bim\/\",\"url\":\"https:\/\/www.maccaferri.com\/fr\/bibliotheque-objets-bim\/\",\"name\":\"Biblioth\u00e8que Objets BIM - Maccaferri France\",\"isPartOf\":{\"@id\":\"https:\/\/www.maccaferri.com\/fr\/#website\"},\"primaryImageOfPage\":{\"@id\":\"https:\/\/www.maccaferri.com\/fr\/bibliotheque-objets-bim\/#primaryimage\"},\"image\":{\"@id\":\"https:\/\/www.maccaferri.com\/fr\/bibliotheque-objets-bim\/#primaryimage\"},\"thumbnailUrl\":\"https:\/\/www.maccaferri.com\/fr\/wp-content\/uploads\/sites\/30\/2022\/12\/BIM-Maccaferri-Terramesh.jpg\",\"datePublished\":\"2022-12-12T05:48:29+00:00\",\"dateModified\":\"2023-01-23T08:55:29+00:00\",\"description\":\"Maccaferri s'engage \u00e0 promouvoir la collaboration entre les acteurs de l'industrie tout au long du cycle de vie d'un projet. Avec cet objectif \u00e0 l'esprit, nous rendons nos solutions disponibles \u00e9galement en tant qu'objets BIM, encourageant l'adoption de la technologie BIM pour am\u00e9liorer les processus de conception et de construction, en \u00e9vitant les inexactitudes de fonctionnement sur site.\",\"breadcrumb\":{\"@id\":\"https:\/\/www.maccaferri.com\/fr\/bibliotheque-objets-bim\/#breadcrumb\"},\"inLanguage\":\"fr-FR\",\"potentialAction\":[{\"@type\":\"ReadAction\",\"target\":[\"https:\/\/www.maccaferri.com\/fr\/bibliotheque-objets-bim\/\"]}]},{\"@type\":\"ImageObject\",\"inLanguage\":\"fr-FR\",\"@id\":\"https:\/\/www.maccaferri.com\/fr\/bibliotheque-objets-bim\/#primaryimage\",\"url\":\"https:\/\/www.maccaferri.com\/fr\/wp-content\/uploads\/sites\/30\/2022\/12\/BIM-Maccaferri-Terramesh.jpg\",\"contentUrl\":\"https:\/\/www.maccaferri.com\/fr\/wp-content\/uploads\/sites\/30\/2022\/12\/BIM-Maccaferri-Terramesh.jpg\"},{\"@type\":\"BreadcrumbList\",\"@id\":\"https:\/\/www.maccaferri.com\/fr\/bibliotheque-objets-bim\/#breadcrumb\",\"itemListElement\":[{\"@type\":\"ListItem\",\"position\":1,\"name\":\"Home\",\"item\":\"https:\/\/www.maccaferri.com\/fr\/\"},{\"@type\":\"ListItem\",\"position\":2,\"name\":\"Biblioth\u00e8que Objets BIM\"}]},{\"@type\":\"WebSite\",\"@id\":\"https:\/\/www.maccaferri.com\/fr\/#website\",\"url\":\"https:\/\/www.maccaferri.com\/fr\/\",\"name\":\"Maccaferri France\",\"description\":\"\",\"publisher\":{\"@id\":\"https:\/\/www.maccaferri.com\/fr\/#organization\"},\"potentialAction\":[{\"@type\":\"SearchAction\",\"target\":{\"@type\":\"EntryPoint\",\"urlTemplate\":\"https:\/\/www.maccaferri.com\/fr\/?s={search_term_string}\"},\"query-input\":{\"@type\":\"PropertyValueSpecification\",\"valueRequired\":true,\"valueName\":\"search_term_string\"}}],\"inLanguage\":\"fr-FR\"},{\"@type\":\"Organization\",\"@id\":\"https:\/\/www.maccaferri.com\/fr\/#organization\",\"name\":\"Maccaferri France\",\"url\":\"https:\/\/www.maccaferri.com\/fr\/\",\"logo\":{\"@type\":\"ImageObject\",\"inLanguage\":\"fr-FR\",\"@id\":\"https:\/\/www.maccaferri.com\/fr\/#\/schema\/logo\/image\/\",\"url\":\"https:\/\/www.maccaferri.com\/fr\/wp-content\/uploads\/2022\/07\/logo-maccaferri.png\",\"contentUrl\":\"https:\/\/www.maccaferri.com\/fr\/wp-content\/uploads\/2022\/07\/logo-maccaferri.png\",\"width\":152,\"height\":32,\"caption\":\"Maccaferri France\"},\"image\":{\"@id\":\"https:\/\/www.maccaferri.com\/fr\/#\/schema\/logo\/image\/\"}}]}<\/script>\n<!-- \/ Yoast SEO Premium plugin. -->","yoast_head_json":{"title":"Biblioth\u00e8que Objets BIM - Maccaferri France","description":"Maccaferri s'engage \u00e0 promouvoir la collaboration entre les acteurs de l'industrie tout au long du cycle de vie d'un projet. Avec cet objectif \u00e0 l'esprit, nous rendons nos solutions disponibles \u00e9galement en tant qu'objets BIM, encourageant l'adoption de la technologie BIM pour am\u00e9liorer les processus de conception et de construction, en \u00e9vitant les inexactitudes de fonctionnement sur site.","robots":{"index":"index","follow":"follow","max-snippet":"max-snippet:-1","max-image-preview":"max-image-preview:large","max-video-preview":"max-video-preview:-1"},"canonical":"https:\/\/www.maccaferri.com\/fr\/bibliotheque-objets-bim\/","og_locale":"fr_FR","og_type":"article","og_title":"Biblioth\u00e8que Objets BIM","og_description":"Maccaferri s'engage \u00e0 promouvoir la collaboration entre les acteurs de l'industrie tout au long du cycle de vie d'un projet. Avec cet objectif \u00e0 l'esprit, nous rendons nos solutions disponibles \u00e9galement en tant qu'objets BIM, encourageant l'adoption de la technologie BIM pour am\u00e9liorer les processus de conception et de construction, en \u00e9vitant les inexactitudes de fonctionnement sur site.","og_url":"https:\/\/www.maccaferri.com\/fr\/bibliotheque-objets-bim\/","og_site_name":"Maccaferri France","article_modified_time":"2023-01-23T08:55:29+00:00","og_image":[{"url":"https:\/\/www.maccaferri.com\/fr\/wp-content\/uploads\/sites\/30\/2022\/12\/BIM-Maccaferri-Terramesh.jpg","type":"","width":"","height":""}],"twitter_card":"summary_large_image","twitter_misc":{"Dur\u00e9e de lecture estim\u00e9e":"1 minute"},"schema":{"@context":"https:\/\/schema.org","@graph":[{"@type":"WebPage","@id":"https:\/\/www.maccaferri.com\/fr\/bibliotheque-objets-bim\/","url":"https:\/\/www.maccaferri.com\/fr\/bibliotheque-objets-bim\/","name":"Biblioth\u00e8que Objets BIM - Maccaferri France","isPartOf":{"@id":"https:\/\/www.maccaferri.com\/fr\/#website"},"primaryImageOfPage":{"@id":"https:\/\/www.maccaferri.com\/fr\/bibliotheque-objets-bim\/#primaryimage"},"image":{"@id":"https:\/\/www.maccaferri.com\/fr\/bibliotheque-objets-bim\/#primaryimage"},"thumbnailUrl":"https:\/\/www.maccaferri.com\/fr\/wp-content\/uploads\/sites\/30\/2022\/12\/BIM-Maccaferri-Terramesh.jpg","datePublished":"2022-12-12T05:48:29+00:00","dateModified":"2023-01-23T08:55:29+00:00","description":"Maccaferri s'engage \u00e0 promouvoir la collaboration entre les acteurs de l'industrie tout au long du cycle de vie d'un projet. Avec cet objectif \u00e0 l'esprit, nous rendons nos solutions disponibles \u00e9galement en tant qu'objets BIM, encourageant l'adoption de la technologie BIM pour am\u00e9liorer les processus de conception et de construction, en \u00e9vitant les inexactitudes de fonctionnement sur site.","breadcrumb":{"@id":"https:\/\/www.maccaferri.com\/fr\/bibliotheque-objets-bim\/#breadcrumb"},"inLanguage":"fr-FR","potentialAction":[{"@type":"ReadAction","target":["https:\/\/www.maccaferri.com\/fr\/bibliotheque-objets-bim\/"]}]},{"@type":"ImageObject","inLanguage":"fr-FR","@id":"https:\/\/www.maccaferri.com\/fr\/bibliotheque-objets-bim\/#primaryimage","url":"https:\/\/www.maccaferri.com\/fr\/wp-content\/uploads\/sites\/30\/2022\/12\/BIM-Maccaferri-Terramesh.jpg","contentUrl":"https:\/\/www.maccaferri.com\/fr\/wp-content\/uploads\/sites\/30\/2022\/12\/BIM-Maccaferri-Terramesh.jpg"},{"@type":"BreadcrumbList","@id":"https:\/\/www.maccaferri.com\/fr\/bibliotheque-objets-bim\/#breadcrumb","itemListElement":[{"@type":"ListItem","position":1,"name":"Home","item":"https:\/\/www.maccaferri.com\/fr\/"},{"@type":"ListItem","position":2,"name":"Biblioth\u00e8que Objets BIM"}]},{"@type":"WebSite","@id":"https:\/\/www.maccaferri.com\/fr\/#website","url":"https:\/\/www.maccaferri.com\/fr\/","name":"Maccaferri France","description":"","publisher":{"@id":"https:\/\/www.maccaferri.com\/fr\/#organization"},"potentialAction":[{"@type":"SearchAction","target":{"@type":"EntryPoint","urlTemplate":"https:\/\/www.maccaferri.com\/fr\/?s={search_term_string}"},"query-input":{"@type":"PropertyValueSpecification","valueRequired":true,"valueName":"search_term_string"}}],"inLanguage":"fr-FR"},{"@type":"Organization","@id":"https:\/\/www.maccaferri.com\/fr\/#organization","name":"Maccaferri France","url":"https:\/\/www.maccaferri.com\/fr\/","logo":{"@type":"ImageObject","inLanguage":"fr-FR","@id":"https:\/\/www.maccaferri.com\/fr\/#\/schema\/logo\/image\/","url":"https:\/\/www.maccaferri.com\/fr\/wp-content\/uploads\/2022\/07\/logo-maccaferri.png","contentUrl":"https:\/\/www.maccaferri.com\/fr\/wp-content\/uploads\/2022\/07\/logo-maccaferri.png","width":152,"height":32,"caption":"Maccaferri France"},"image":{"@id":"https:\/\/www.maccaferri.com\/fr\/#\/schema\/logo\/image\/"}}]}},"_links":{"self":[{"href":"https:\/\/www.maccaferri.com\/fr\/wp-json\/wp\/v2\/pages\/3503","targetHints":{"allow":["GET"]}}],"collection":[{"href":"https:\/\/www.maccaferri.com\/fr\/wp-json\/wp\/v2\/pages"}],"about":[{"href":"https:\/\/www.maccaferri.com\/fr\/wp-json\/wp\/v2\/types\/page"}],"author":[{"embeddable":true,"href":"https:\/\/www.maccaferri.com\/fr\/wp-json\/wp\/v2\/users\/2"}],"replies":[{"embeddable":true,"href":"https:\/\/www.maccaferri.com\/fr\/wp-json\/wp\/v2\/comments?post=3503"}],"version-history":[{"count":21,"href":"https:\/\/www.maccaferri.com\/fr\/wp-json\/wp\/v2\/pages\/3503\/revisions"}],"predecessor-version":[{"id":8260,"href":"https:\/\/www.maccaferri.com\/fr\/wp-json\/wp\/v2\/pages\/3503\/revisions\/8260"}],"wp:attachment":[{"href":"https:\/\/www.maccaferri.com\/fr\/wp-json\/wp\/v2\/media?parent=3503"}],"curies":[{"name":"wp","href":"https:\/\/api.w.org\/{rel}","templated":true}]}}