{"id":1398,"date":"2022-07-29T11:40:29","date_gmt":"2022-07-29T09:40:29","guid":{"rendered":"https:\/\/www.maccaferri.com\/fr\/?page_id=1398"},"modified":"2025-02-13T16:59:39","modified_gmt":"2025-02-13T15:59:39","slug":"innovations","status":"publish","type":"page","link":"https:\/\/www.maccaferri.com\/fr\/innovations\/","title":{"rendered":"Innovation"},"content":{"rendered":"<div class=\"wp-block-cover has-parallax rbc-is-hidden-on-tablet rbc-is-hidden-on-mobile\" style=\"min-height:900px;aspect-ratio:unset;\"><span aria-hidden=\"true\" class=\"wp-block-cover__background has-background-dim-0 has-background-dim\"><\/span><div class=\"wp-block-cover__image-background wp-image-88805 has-parallax\" style=\"background-position:50% 50%;background-image:url(https:\/\/www.maccaferri.com\/wp-content\/uploads\/2024\/12\/HERO_Innovazione-1440x900-1.jpg)\"><\/div><div class=\"wp-block-cover__inner-container is-layout-constrained wp-block-cover-is-layout-constrained\"><div class=\"wp-block-mac-container-block box-container\"><div class=\"wp-block-columns is-layout-flex wp-container-core-columns-is-layout-9d6595d7 wp-block-columns-is-layout-flex\"><div class=\"wp-block-column is-layout-flow wp-block-column-is-layout-flow\"><div style=\"height:65px\" aria-hidden=\"true\" class=\"wp-block-spacer\"><\/div>\n\n<p class=\"has-text-align-left has-white-color has-text-color has-link-color wp-elements-f37729371fc95daa2b715c2126ff4721\" style=\"font-size:80px\"><strong>Nous Diffusons<\/strong><\/p>\n\n<div style=\"height:30px\" aria-hidden=\"true\" class=\"wp-block-spacer\"><\/div>\n\n<p class=\"has-text-align-left has-white-color has-text-color has-link-color wp-elements-84d6080276020be78a58c6017dc65b70\" style=\"font-size:80px\"><strong>l&#8217;Innovation<\/strong><\/p>\n\n<div class=\"wp-block-columns is-layout-flex wp-container-core-columns-is-layout-9d6595d7 wp-block-columns-is-layout-flex\"><div class=\"wp-block-column is-layout-flow wp-block-column-is-layout-flow\"><p class=\"has-text-align-left has-white-color has-text-color has-background has-link-color wp-elements-4fe4e486ae151df56844d55bdccf814c\" style=\"background-color:#ffffff00;margin-left:0px;padding-left:0px;font-size:20px\">Nous avons commenc\u00e9 par l\u2019invention du <strong>gabion<\/strong>, qui a r\u00e9volutionn\u00e9 le secteur de l\u2019ing\u00e9nierie civile et environnementale. Depuis, nous sommes des leaders du changement, innovant en permanence gr\u00e2ce \u00e0 un engagement fort envers la <strong>recherche et le d\u00e9veloppement (R&amp;D)<\/strong>.<\/p><\/div>\n\n<div class=\"wp-block-column is-layout-flow wp-block-column-is-layout-flow\"><\/div><\/div>\n\n<div style=\"height:406px\" aria-hidden=\"true\" class=\"wp-block-spacer\"><\/div><\/div><\/div><\/div>\n\n<div class=\"wp-block-mac-container-block box-container\"><div class=\"wp-block-columns is-layout-flex wp-container-core-columns-is-layout-9d6595d7 wp-block-columns-is-layout-flex\"><div class=\"wp-block-column is-layout-flow wp-block-column-is-layout-flow\"><\/div>\n\n<div class=\"wp-block-column is-layout-flow wp-block-column-is-layout-flow\"><\/div><\/div><\/div><\/div><\/div><div class=\"wp-block-cover rbc-is-hidden-on-wide rbc-is-hidden-on-desktop\" style=\"min-height:900px;aspect-ratio:unset;\"><span aria-hidden=\"true\" class=\"wp-block-cover__background has-background-dim-0 has-background-dim\"><\/span><img decoding=\"async\" class=\"wp-block-cover__image-background wp-image-88805\" alt=\"\" src=\"https:\/\/www.maccaferri.com\/wp-content\/uploads\/2024\/12\/HERO_Innovazione-1440x900-1.jpg\" data-object-fit=\"cover\"\/><div class=\"wp-block-cover__inner-container is-layout-constrained wp-block-cover-is-layout-constrained\"><div class=\"wp-block-mac-container-block box-container\"><div class=\"wp-block-columns is-layout-flex wp-container-core-columns-is-layout-9d6595d7 wp-block-columns-is-layout-flex\"><div class=\"wp-block-column is-layout-flow wp-block-column-is-layout-flow\"><div style=\"height:30px\" aria-hidden=\"true\" class=\"wp-block-spacer\"><\/div>\n\n<h1 class=\"wp-block-heading has-x-large-font-size\"><strong>Nous Diffusons l&#8217;Innovation<\/strong><\/h1>\n\n<div style=\"height:35px\" aria-hidden=\"true\" class=\"wp-block-spacer\"><\/div>\n\n<p>Nous avons commenc\u00e9 par l\u2019invention du <strong>gabion<\/strong>, qui a r\u00e9volutionn\u00e9 le secteur de l\u2019ing\u00e9nierie civile et environnementale. Depuis, nous sommes des leaders du changement, innovant en permanence gr\u00e2ce \u00e0 un engagement fort envers la <strong>recherche et le d\u00e9veloppement (R&amp;D)<\/strong>.<\/p><\/div><\/div><\/div>\n\n<div class=\"wp-block-mac-container-block box-container\"><div class=\"wp-block-columns is-layout-flex wp-container-core-columns-is-layout-9d6595d7 wp-block-columns-is-layout-flex\"><div class=\"wp-block-column is-layout-flow wp-block-column-is-layout-flow\"><\/div>\n\n<div class=\"wp-block-column is-layout-flow wp-block-column-is-layout-flow\"><\/div><\/div><\/div><\/div><\/div><div class=\"wp-block-mac-container-block box-container\"><div style=\"height:100px\" aria-hidden=\"true\" class=\"wp-block-spacer\"><\/div>\n\n<div class=\"wp-block-columns is-layout-flex wp-container-core-columns-is-layout-9d6595d7 wp-block-columns-is-layout-flex\"><div class=\"wp-block-column is-vertically-aligned-center is-layout-flow wp-block-column-is-layout-flow\" style=\"flex-basis:40%\"><p style=\"font-size:25px\"><strong>Rendre la S\u00e9curit\u00e9 Plus Intelligente<\/strong><\/p>\n\n<p class=\"has-medium-font-size\">Nous croyons aux technologies num\u00e9riques, c&#8217;est pourquoi nous investissons continuellement dans la <strong>digitalisation<\/strong> de nos solutions, en particulier celles ax\u00e9es sur la s\u00e9curit\u00e9 des personnes et de leur environnement.<\/p>\n\n<p class=\"has-medium-font-size\">Avec nos syst\u00e8mes d\u2019alerte pr\u00e9coce <strong>HELLOMAC<\/strong>, nous visons \u00e0 renforcer notre position d\u2019acteur de pointe dans le <strong>secteur de l\u2019IoT<\/strong>, en surfant sur la vague qui a rendu les infrastructures et la construction de plus en plus intelligentes ces derni\u00e8res ann\u00e9es.<\/p><\/div>\n\n<div class=\"wp-block-column is-layout-flow wp-block-column-is-layout-flow\" style=\"flex-basis:60%\"><figure class=\"wp-block-image size-full\"><img decoding=\"async\" src=\"https:\/\/www.maccaferri.com\/wp-content\/uploads\/2024\/12\/1-Rendiamo-la-sicurezza-piu-smart-630x450-1.jpg\" alt=\"\" class=\"wp-image-88820\"\/><\/figure><\/div><\/div><\/div><div style=\"height:100px\" aria-hidden=\"true\" class=\"wp-block-spacer\"><\/div><div class=\"wp-block-cover\" style=\"min-height:700px;aspect-ratio:unset;\"><span aria-hidden=\"true\" class=\"wp-block-cover__background has-background-dim-0 has-background-dim\"><\/span><img decoding=\"async\" class=\"wp-block-cover__image-background wp-image-88815\" alt=\"\" src=\"https:\/\/www.maccaferri.com\/wp-content\/uploads\/2024\/12\/2-Tecnologie-verdi-1440x820-1.jpg\" data-object-fit=\"cover\"\/><div class=\"wp-block-cover__inner-container is-layout-constrained wp-block-cover-is-layout-constrained\"><div class=\"wp-block-mac-container-block box-container\"><div class=\"wp-block-columns is-layout-flex wp-container-core-columns-is-layout-9d6595d7 wp-block-columns-is-layout-flex\"><div class=\"wp-block-column is-layout-flow wp-block-column-is-layout-flow\"><\/div>\n\n<div class=\"wp-block-column is-layout-flow wp-block-column-is-layout-flow\" style=\"flex-basis:40%\"><p style=\"font-size:25px\"><strong>Des Technologies Vraiment \u00c9cologiques<\/strong><\/p>\n\n<p class=\"has-medium-font-size\">Allier <strong>durabilit\u00e9<\/strong> <strong>et<\/strong> <strong>long\u00e9vit\u00e9<\/strong> est le plus grand d\u00e9fi du g\u00e9nie civil et de l\u2019ing\u00e9nierie environnementale. Nous investissons dans la R&amp;D pour d\u00e9velopper des solutions \u00e9cologiques et \u00e0 faible impact, utilisant des mat\u00e9riaux recycl\u00e9s tout en garantissant une efficacit\u00e9, une s\u00e9curit\u00e9 et une long\u00e9vit\u00e9 optimales.<\/p>\n\n<p class=\"has-medium-font-size\"><strong>Nos solutions sont durables et pr\u00e9sentent une faible empreinte carbone gr\u00e2ce \u00e0 une installation rapide et \u00e0 l\u2019optimisation des mat\u00e9riaux.<\/strong><\/p><\/div><\/div><\/div><\/div><\/div><div class=\"wp-block-mac-container-block box-container\"><div style=\"height:100px\" aria-hidden=\"true\" class=\"wp-block-spacer\"><\/div>\n\n<div class=\"wp-block-columns is-layout-flex wp-container-core-columns-is-layout-9d6595d7 wp-block-columns-is-layout-flex\"><div class=\"wp-block-column is-vertically-aligned-center is-layout-flow wp-block-column-is-layout-flow\" style=\"flex-basis:40%\"><p style=\"font-size:25px\"><strong>Innovation accessible<\/strong><\/p>\n\n<p class=\"has-medium-font-size\">Nous croyons que, pour \u00eatre r\u00e9elle, l\u2019innovation doit \u00eatre <strong>partag\u00e9e<\/strong>.<\/p>\n\n<p class=\"has-medium-font-size\">En collaboration avec des <strong>universit\u00e9s<\/strong> et des <strong>centres de recherche<\/strong>, nous avons d\u00e9velopp\u00e9 une suite d\u2019outils <strong>gratuits<\/strong> \u00e0 la disposition de tous pour concevoir des solutions efficaces et fiables.<\/p>\n\n<p class=\"has-medium-font-size\">Ces logiciels <strong>conviviaux<\/strong> et pr\u00eats \u00e0 l\u2019emploi s\u2019appuient sur des <strong>d\u00e9cennies de donn\u00e9es<\/strong> de terrain et de<strong> tests rigoureux<\/strong>.<\/p><\/div>\n\n<div class=\"wp-block-column is-layout-flow wp-block-column-is-layout-flow\" style=\"flex-basis:60%\"><figure class=\"wp-block-image size-full\"><img decoding=\"async\" src=\"https:\/\/www.maccaferri.com\/wp-content\/uploads\/2024\/12\/3-Open-innovation-630x400-1.png\" alt=\"\" class=\"wp-image-88825\"\/><\/figure><\/div><\/div><\/div><div style=\"height:100px\" aria-hidden=\"true\" class=\"wp-block-spacer\"><\/div><h3 class=\"wp-block-heading has-text-align-center has-text-color has-link-color wp-elements-c9f787d604dceb32ee22e9c92528f91e\" style=\"color:#035d6f\"><strong>Concevez l\u2019avenir avec notre logiciel<\/strong><\/h3><div class=\"wp-block-buttons is-content-justification-center is-layout-flex wp-container-core-buttons-is-layout-16018d1d wp-block-buttons-is-layout-flex\"><div class=\"wp-block-button\"><a class=\"wp-block-button__link wp-element-button\" href=\"https:\/\/www.maccaferri.com\/fr\/maccaferri-logiciels\" target=\"_blank\" rel=\"noreferrer noopener\"><strong>VISITEZ LA PLATEFORME<\/strong><\/a><\/div><\/div><div style=\"height:100px\" aria-hidden=\"true\" class=\"wp-block-spacer\"><\/div><div class=\"wp-block-cover\"><span aria-hidden=\"true\" class=\"wp-block-cover__background has-background-dim-100 has-background-dim\" style=\"background-color:#185e6f\"><\/span><div class=\"wp-block-cover__inner-container is-layout-constrained wp-block-cover-is-layout-constrained\"><div style=\"height:100px\" aria-hidden=\"true\" class=\"wp-block-spacer\"><\/div>\n\n<div class=\"wp-block-mac-container-block box-container\"><div class=\"wp-block-columns is-layout-flex wp-container-core-columns-is-layout-9d6595d7 wp-block-columns-is-layout-flex\"><div class=\"wp-block-column is-layout-flow wp-block-column-is-layout-flow\"><figure class=\"wp-block-image size-large is-style-default\"><img fetchpriority=\"high\" decoding=\"async\" width=\"1024\" height=\"675\" src=\"https:\/\/www.maccaferri.com\/wp-content\/uploads\/2022\/12\/Maccaferri-BIM-Objects-1024x675.png\" alt=\"\" class=\"wp-image-3547\" srcset=\"https:\/\/www.maccaferri.com\/fr\/wp-content\/uploads\/2022\/12\/Maccaferri-BIM-Objects-1024x675.png 1024w, https:\/\/www.maccaferri.com\/fr\/wp-content\/uploads\/2022\/12\/Maccaferri-BIM-Objects-300x198.png 300w, https:\/\/www.maccaferri.com\/fr\/wp-content\/uploads\/2022\/12\/Maccaferri-BIM-Objects-768x506.png 768w, https:\/\/www.maccaferri.com\/fr\/wp-content\/uploads\/2022\/12\/Maccaferri-BIM-Objects.png 1121w\" sizes=\"(max-width: 1024px) 100vw, 1024px\" \/><\/figure><\/div>\n\n<div class=\"wp-block-column is-layout-flow wp-block-column-is-layout-flow\" style=\"flex-basis:40%\"><p style=\"font-size:25px\">OBJETS BIM MACCAFERRI<\/p>\n\n<p class=\"has-medium-font-size\">Le <strong>Building<\/strong> <strong>Information<\/strong> <strong>Modeling<\/strong> <strong>(BIM) <\/strong>est un processus intelligent bas\u00e9 sur un mod\u00e8le 3D, un outil r\u00e9volutionnaire pour les professionnels de l\u2019ing\u00e9nierie et de la construction.<\/p>\n\n<p class=\"has-medium-font-size\"><strong>Maccaferri<\/strong> s\u2019engage \u00e0 favoriser la <strong>collaboration<\/strong> entre les acteurs de l\u2019industrie tout au long du cycle de vie d\u2019un projet.<\/p>\n\n<p class=\"has-medium-font-size\">Dans cette optique, nous mettons nos solutions \u00e0 disposition sous forme d\u2019objets BIM, encourageant ainsi l\u2019adoption de la technologie <strong>BIM<\/strong> pour am\u00e9liorer les processus de c<strong>onception et de construction<\/strong>, tout en \u00e9vitant les impr\u00e9cisions lors des op\u00e9rations sur site.<\/p><\/div><\/div><\/div>\n\n<div style=\"height:65px\" aria-hidden=\"true\" class=\"wp-block-spacer\"><\/div>\n\n<h3 class=\"wp-block-heading has-text-align-center has-white-color has-text-color has-link-color wp-elements-b5f3a63c984227a3a106af6b91ffac6f\"><strong>D\u00e9couvrez nos Objets BIM<\/strong><\/h3>\n\n<div class=\"wp-block-buttons is-content-justification-center is-layout-flex wp-container-core-buttons-is-layout-16018d1d wp-block-buttons-is-layout-flex\"><div class=\"wp-block-button\"><a class=\"wp-block-button__link has-luminous-vivid-orange-background-color has-background wp-element-button\" href=\"https:\/\/www.maccaferri.com\/fr\/bibliotheque-objets-bim\" target=\"_blank\" rel=\"noreferrer noopener\"><strong>ACC\u00c9S \u00c0 LA BIBLIOTH\u00c8QUE<\/strong><\/a><\/div><\/div>\n\n<div style=\"height:100px\" aria-hidden=\"true\" class=\"wp-block-spacer\"><\/div><\/div><\/div><p><\/p>","protected":false},"excerpt":{"rendered":"<p>Concevez l\u2019avenir avec notre logiciel<\/p>\n","protected":false},"author":1,"featured_media":0,"parent":0,"menu_order":0,"comment_status":"closed","ping_status":"closed","template":"","meta":{"_acf_changed":false,"_joinchat":[],"footnotes":""},"class_list":["post-1398","page","type-page","status-publish","hentry"],"acf":{"uuid_products":"","product-documents":""},"yoast_head":"<!-- This site is optimized with the Yoast SEO Premium plugin v27.0 (Yoast SEO v27.0) - https:\/\/yoast.com\/product\/yoast-seo-premium-wordpress\/ -->\n<title>Innovation - Maccaferri France<\/title>\n<meta name=\"description\" content=\"Chez Maccaferri, nous croyons fermement \u00e0 l&#039;innovation. L&#039;innovation en termes de solutions et de produits est un \u00e9l\u00e9ment important de l&#039;\u00e9volution des entreprises. Depuis notre cr\u00e9ation il y a plus de 140 ans, nous travaillons chaque jour pour trouver de meilleures solutions pour nos clients \u00e0 tous les degr\u00e9s de latitude et de longitude.\" \/>\n<meta name=\"robots\" content=\"index, follow, max-snippet:-1, max-image-preview:large, max-video-preview:-1\" \/>\n<link rel=\"canonical\" href=\"https:\/\/www.maccaferri.com\/fr\/innovations\/\" \/>\n<meta property=\"og:locale\" content=\"fr_FR\" \/>\n<meta property=\"og:type\" content=\"article\" \/>\n<meta property=\"og:title\" content=\"Innovation\" \/>\n<meta property=\"og:description\" content=\"Chez Maccaferri, nous croyons fermement \u00e0 l&#039;innovation. L&#039;innovation en termes de solutions et de produits est un \u00e9l\u00e9ment important de l&#039;\u00e9volution des entreprises. Depuis notre cr\u00e9ation il y a plus de 140 ans, nous travaillons chaque jour pour trouver de meilleures solutions pour nos clients \u00e0 tous les degr\u00e9s de latitude et de longitude.\" \/>\n<meta property=\"og:url\" content=\"https:\/\/www.maccaferri.com\/fr\/innovations\/\" \/>\n<meta property=\"og:site_name\" content=\"Maccaferri France\" \/>\n<meta property=\"article:modified_time\" content=\"2025-02-13T15:59:39+00:00\" \/>\n<meta name=\"twitter:card\" content=\"summary_large_image\" \/>\n<meta name=\"twitter:label1\" content=\"Dur\u00e9e de lecture estim\u00e9e\" \/>\n\t<meta name=\"twitter:data1\" content=\"3 minutes\" \/>\n<script type=\"application\/ld+json\" class=\"yoast-schema-graph\">{\"@context\":\"https:\/\/schema.org\",\"@graph\":[{\"@type\":\"WebPage\",\"@id\":\"https:\/\/www.maccaferri.com\/fr\/innovations\/\",\"url\":\"https:\/\/www.maccaferri.com\/fr\/innovations\/\",\"name\":\"Innovation - Maccaferri France\",\"isPartOf\":{\"@id\":\"https:\/\/www.maccaferri.com\/fr\/#website\"},\"primaryImageOfPage\":{\"@id\":\"https:\/\/www.maccaferri.com\/fr\/innovations\/#primaryimage\"},\"image\":{\"@id\":\"https:\/\/www.maccaferri.com\/fr\/innovations\/#primaryimage\"},\"thumbnailUrl\":\"https:\/\/www.maccaferri.com\/wp-content\/uploads\/2024\/12\/HERO_Innovazione-1440x900-1.jpg\",\"datePublished\":\"2022-07-29T09:40:29+00:00\",\"dateModified\":\"2025-02-13T15:59:39+00:00\",\"description\":\"Chez Maccaferri, nous croyons fermement \u00e0 l'innovation. L'innovation en termes de solutions et de produits est un \u00e9l\u00e9ment important de l'\u00e9volution des entreprises. Depuis notre cr\u00e9ation il y a plus de 140 ans, nous travaillons chaque jour pour trouver de meilleures solutions pour nos clients \u00e0 tous les degr\u00e9s de latitude et de longitude.\",\"breadcrumb\":{\"@id\":\"https:\/\/www.maccaferri.com\/fr\/innovations\/#breadcrumb\"},\"inLanguage\":\"fr-FR\",\"potentialAction\":[{\"@type\":\"ReadAction\",\"target\":[\"https:\/\/www.maccaferri.com\/fr\/innovations\/\"]}]},{\"@type\":\"ImageObject\",\"inLanguage\":\"fr-FR\",\"@id\":\"https:\/\/www.maccaferri.com\/fr\/innovations\/#primaryimage\",\"url\":\"https:\/\/www.maccaferri.com\/wp-content\/uploads\/2024\/12\/HERO_Innovazione-1440x900-1.jpg\",\"contentUrl\":\"https:\/\/www.maccaferri.com\/wp-content\/uploads\/2024\/12\/HERO_Innovazione-1440x900-1.jpg\"},{\"@type\":\"BreadcrumbList\",\"@id\":\"https:\/\/www.maccaferri.com\/fr\/innovations\/#breadcrumb\",\"itemListElement\":[{\"@type\":\"ListItem\",\"position\":1,\"name\":\"Home\",\"item\":\"https:\/\/www.maccaferri.com\/fr\/\"},{\"@type\":\"ListItem\",\"position\":2,\"name\":\"Innovation\"}]},{\"@type\":\"WebSite\",\"@id\":\"https:\/\/www.maccaferri.com\/fr\/#website\",\"url\":\"https:\/\/www.maccaferri.com\/fr\/\",\"name\":\"Maccaferri France\",\"description\":\"\",\"publisher\":{\"@id\":\"https:\/\/www.maccaferri.com\/fr\/#organization\"},\"potentialAction\":[{\"@type\":\"SearchAction\",\"target\":{\"@type\":\"EntryPoint\",\"urlTemplate\":\"https:\/\/www.maccaferri.com\/fr\/?s={search_term_string}\"},\"query-input\":{\"@type\":\"PropertyValueSpecification\",\"valueRequired\":true,\"valueName\":\"search_term_string\"}}],\"inLanguage\":\"fr-FR\"},{\"@type\":\"Organization\",\"@id\":\"https:\/\/www.maccaferri.com\/fr\/#organization\",\"name\":\"Maccaferri France\",\"url\":\"https:\/\/www.maccaferri.com\/fr\/\",\"logo\":{\"@type\":\"ImageObject\",\"inLanguage\":\"fr-FR\",\"@id\":\"https:\/\/www.maccaferri.com\/fr\/#\/schema\/logo\/image\/\",\"url\":\"https:\/\/www.maccaferri.com\/fr\/wp-content\/uploads\/2022\/07\/logo-maccaferri.png\",\"contentUrl\":\"https:\/\/www.maccaferri.com\/fr\/wp-content\/uploads\/2022\/07\/logo-maccaferri.png\",\"width\":152,\"height\":32,\"caption\":\"Maccaferri France\"},\"image\":{\"@id\":\"https:\/\/www.maccaferri.com\/fr\/#\/schema\/logo\/image\/\"}}]}<\/script>\n<!-- \/ Yoast SEO Premium plugin. -->","yoast_head_json":{"title":"Innovation - Maccaferri France","description":"Chez Maccaferri, nous croyons fermement \u00e0 l'innovation. L'innovation en termes de solutions et de produits est un \u00e9l\u00e9ment important de l'\u00e9volution des entreprises. Depuis notre cr\u00e9ation il y a plus de 140 ans, nous travaillons chaque jour pour trouver de meilleures solutions pour nos clients \u00e0 tous les degr\u00e9s de latitude et de longitude.","robots":{"index":"index","follow":"follow","max-snippet":"max-snippet:-1","max-image-preview":"max-image-preview:large","max-video-preview":"max-video-preview:-1"},"canonical":"https:\/\/www.maccaferri.com\/fr\/innovations\/","og_locale":"fr_FR","og_type":"article","og_title":"Innovation","og_description":"Chez Maccaferri, nous croyons fermement \u00e0 l'innovation. L'innovation en termes de solutions et de produits est un \u00e9l\u00e9ment important de l'\u00e9volution des entreprises. Depuis notre cr\u00e9ation il y a plus de 140 ans, nous travaillons chaque jour pour trouver de meilleures solutions pour nos clients \u00e0 tous les degr\u00e9s de latitude et de longitude.","og_url":"https:\/\/www.maccaferri.com\/fr\/innovations\/","og_site_name":"Maccaferri France","article_modified_time":"2025-02-13T15:59:39+00:00","twitter_card":"summary_large_image","twitter_misc":{"Dur\u00e9e de lecture estim\u00e9e":"3 minutes"},"schema":{"@context":"https:\/\/schema.org","@graph":[{"@type":"WebPage","@id":"https:\/\/www.maccaferri.com\/fr\/innovations\/","url":"https:\/\/www.maccaferri.com\/fr\/innovations\/","name":"Innovation - Maccaferri France","isPartOf":{"@id":"https:\/\/www.maccaferri.com\/fr\/#website"},"primaryImageOfPage":{"@id":"https:\/\/www.maccaferri.com\/fr\/innovations\/#primaryimage"},"image":{"@id":"https:\/\/www.maccaferri.com\/fr\/innovations\/#primaryimage"},"thumbnailUrl":"https:\/\/www.maccaferri.com\/wp-content\/uploads\/2024\/12\/HERO_Innovazione-1440x900-1.jpg","datePublished":"2022-07-29T09:40:29+00:00","dateModified":"2025-02-13T15:59:39+00:00","description":"Chez Maccaferri, nous croyons fermement \u00e0 l'innovation. L'innovation en termes de solutions et de produits est un \u00e9l\u00e9ment important de l'\u00e9volution des entreprises. Depuis notre cr\u00e9ation il y a plus de 140 ans, nous travaillons chaque jour pour trouver de meilleures solutions pour nos clients \u00e0 tous les degr\u00e9s de latitude et de longitude.","breadcrumb":{"@id":"https:\/\/www.maccaferri.com\/fr\/innovations\/#breadcrumb"},"inLanguage":"fr-FR","potentialAction":[{"@type":"ReadAction","target":["https:\/\/www.maccaferri.com\/fr\/innovations\/"]}]},{"@type":"ImageObject","inLanguage":"fr-FR","@id":"https:\/\/www.maccaferri.com\/fr\/innovations\/#primaryimage","url":"https:\/\/www.maccaferri.com\/wp-content\/uploads\/2024\/12\/HERO_Innovazione-1440x900-1.jpg","contentUrl":"https:\/\/www.maccaferri.com\/wp-content\/uploads\/2024\/12\/HERO_Innovazione-1440x900-1.jpg"},{"@type":"BreadcrumbList","@id":"https:\/\/www.maccaferri.com\/fr\/innovations\/#breadcrumb","itemListElement":[{"@type":"ListItem","position":1,"name":"Home","item":"https:\/\/www.maccaferri.com\/fr\/"},{"@type":"ListItem","position":2,"name":"Innovation"}]},{"@type":"WebSite","@id":"https:\/\/www.maccaferri.com\/fr\/#website","url":"https:\/\/www.maccaferri.com\/fr\/","name":"Maccaferri France","description":"","publisher":{"@id":"https:\/\/www.maccaferri.com\/fr\/#organization"},"potentialAction":[{"@type":"SearchAction","target":{"@type":"EntryPoint","urlTemplate":"https:\/\/www.maccaferri.com\/fr\/?s={search_term_string}"},"query-input":{"@type":"PropertyValueSpecification","valueRequired":true,"valueName":"search_term_string"}}],"inLanguage":"fr-FR"},{"@type":"Organization","@id":"https:\/\/www.maccaferri.com\/fr\/#organization","name":"Maccaferri France","url":"https:\/\/www.maccaferri.com\/fr\/","logo":{"@type":"ImageObject","inLanguage":"fr-FR","@id":"https:\/\/www.maccaferri.com\/fr\/#\/schema\/logo\/image\/","url":"https:\/\/www.maccaferri.com\/fr\/wp-content\/uploads\/2022\/07\/logo-maccaferri.png","contentUrl":"https:\/\/www.maccaferri.com\/fr\/wp-content\/uploads\/2022\/07\/logo-maccaferri.png","width":152,"height":32,"caption":"Maccaferri France"},"image":{"@id":"https:\/\/www.maccaferri.com\/fr\/#\/schema\/logo\/image\/"}}]}},"_links":{"self":[{"href":"https:\/\/www.maccaferri.com\/fr\/wp-json\/wp\/v2\/pages\/1398","targetHints":{"allow":["GET"]}}],"collection":[{"href":"https:\/\/www.maccaferri.com\/fr\/wp-json\/wp\/v2\/pages"}],"about":[{"href":"https:\/\/www.maccaferri.com\/fr\/wp-json\/wp\/v2\/types\/page"}],"author":[{"embeddable":true,"href":"https:\/\/www.maccaferri.com\/fr\/wp-json\/wp\/v2\/users\/1"}],"replies":[{"embeddable":true,"href":"https:\/\/www.maccaferri.com\/fr\/wp-json\/wp\/v2\/comments?post=1398"}],"version-history":[{"count":51,"href":"https:\/\/www.maccaferri.com\/fr\/wp-json\/wp\/v2\/pages\/1398\/revisions"}],"predecessor-version":[{"id":92404,"href":"https:\/\/www.maccaferri.com\/fr\/wp-json\/wp\/v2\/pages\/1398\/revisions\/92404"}],"wp:attachment":[{"href":"https:\/\/www.maccaferri.com\/fr\/wp-json\/wp\/v2\/media?parent=1398"}],"curies":[{"name":"wp","href":"https:\/\/api.w.org\/{rel}","templated":true}]}}