{"id":117157,"date":"2026-02-20T14:50:25","date_gmt":"2026-02-20T13:50:25","guid":{"rendered":"https:\/\/www.maccaferri.com\/fr\/?page_id=117157"},"modified":"2026-02-20T15:02:06","modified_gmt":"2026-02-20T14:02:06","slug":"webinaire-les-geosynthetiques-dans-les-isd","status":"publish","type":"page","link":"https:\/\/www.maccaferri.com\/fr\/webinaire-les-geosynthetiques-dans-les-isd\/","title":{"rendered":"WEBINAIRE &#8211; les g\u00e9osynth\u00e9tiques dans les ISD"},"content":{"rendered":"<div class=\"wp-block-mac-h2-title-block block-txt-container box-container\"><div class=\"row\"><div class=\"col title-box-txt\"><h2 style=\"color:#212429;text-align:none\">Les g\u00e9osynth\u00e9tiques dans les ISD : conception et dimensionnement des dispositifs d&#8217;\u00e9tanch\u00e9it\u00e9 et de drainage en fond de casier et en couvertures d&#8217;alv\u00e9oles<\/h2><\/div><\/div><\/div><div class=\"wp-block-mac-container-block box-container\"><div class=\"wp-block-columns is-layout-flex wp-container-core-columns-is-layout-9d6595d7 wp-block-columns-is-layout-flex\"><div class=\"wp-block-column is-layout-flow wp-block-column-is-layout-flow\"><figure class=\"wp-block-video\"><video height=\"1080\" style=\"aspect-ratio: 1920 \/ 1080;\" width=\"1920\" controls src=\"https:\/\/www.maccaferri.com\/fr\/wp-content\/uploads\/2026\/02\/Video_Geosynthetiques-dans-les-ISD-1.mp4\"><\/video><\/figure><\/div><\/div><\/div><div class=\"wp-block-mac-container-block box-container\"><div class=\"wp-block-columns is-layout-flex wp-container-core-columns-is-layout-9d6595d7 wp-block-columns-is-layout-flex\"><div class=\"wp-block-column is-layout-flow wp-block-column-is-layout-flow\"><p class=\"has-text-align-center\">Pour plus d&#8217;information contactez nous ! <\/p><\/div><\/div><\/div><div class=\"wp-block-buttons is-content-justification-center is-layout-flex wp-container-core-buttons-is-layout-16018d1d wp-block-buttons-is-layout-flex\"><div class=\"wp-block-button\"><a class=\"wp-block-button__link wp-element-button\" href=\"https:\/\/www.maccaferri.com\/fr\/contactez-nous\/\" target=\"_blank\" rel=\"noreferrer noopener\">Contactez nous !<\/a><\/div><\/div><div class=\"content-document-dowload\">\n    <div class=\"container-fluid box-container\">\n        <div class=\"row\">\n            <div class=\"col-12\">\n            <h2>T\u00e9l\u00e9charger les documents<\/h2>\n            <\/div>\n        <\/div>\n    <\/div>\n    <div class=\"content-fluid has-white-background-color has-background\"><div class=\"content-document-dowload box-container\"><ul><li><a href=\"https:\/\/www.maccaferri.com\/fr\/download\/depliant_solutions-pour-isd_2025_fr\/\" target=\"_blank\" title=\"Depliant_Solutions pour ISD_2025_FR\">Depliant_Solutions pour ISD_2025_FR<\/a><a href=\"https:\/\/www.maccaferri.com\/fr\/dashboard\" class=\"btn-dowload\" data-bs-toggle=\"tooltip\" data-bs-placement=\"top\" title=\"Depliant_Solutions pour ISD_2025_FR\"><span class=\"material-symbols-outlined download\">sim_card_download<\/span><\/a><\/li><li><a href=\"https:\/\/www.maccaferri.com\/fr\/download\/presentation-webinaire_les-gsy-dans-les-isd_conception-et-dimensionnement-en-fdc-et-couverture_2026_fr\/\" target=\"_blank\" title=\"Presentation Webinaire_Les GSY dans les ISD_Conception et dimensionnement en FdC et Couverture_2026_FR\">Presentation Webinaire_Les GSY dans les ISD_Conception et dimensionnement en FdC et Couverture_2026_FR<\/a><a href=\"https:\/\/www.maccaferri.com\/fr\/dashboard\" class=\"btn-dowload\" data-bs-toggle=\"tooltip\" data-bs-placement=\"top\" title=\"Presentation Webinaire_Les GSY dans les ISD_Conception et dimensionnement en FdC et Couverture_2026_FR\"><span class=\"material-symbols-outlined download\">sim_card_download<\/span><\/a><\/li><li><a href=\"https:\/\/www.maccaferri.com\/fr\/download\/flyer-macdrain-w\/\" target=\"_blank\" title=\"MACDRAIN W - FLYER (brochure)\">MACDRAIN W &#8211; FLYER (brochure)<\/a><a href=\"https:\/\/www.maccaferri.com\/fr\/dashboard\" class=\"btn-dowload\" data-bs-toggle=\"tooltip\" data-bs-placement=\"top\" title=\"MACDRAIN W - FLYER (brochure)\"><span class=\"material-symbols-outlined download\">sim_card_download<\/span><\/a><\/li><li><a href=\"https:\/\/www.maccaferri.com\/fr\/download\/flyer_multicomposites_2024_fr\/\" target=\"_blank\" title=\"Flyer_Multicomposites_2024_FR\">Flyer_Multicomposites_2024_FR<\/a><a href=\"https:\/\/www.maccaferri.com\/fr\/dashboard\" class=\"btn-dowload\" data-bs-toggle=\"tooltip\" data-bs-placement=\"top\" title=\"Flyer_Multicomposites_2024_FR\"><span class=\"material-symbols-outlined download\">sim_card_download<\/span><\/a><\/li><\/ul><\/div><\/div><\/div>\n\n<script type=\"text\/javascript\">\n    jQuery('.btn-file-download').click(function(e) {\n        e.preventDefault();\n        let idFile = jQuery(this).data('id-file');\n        window.open('https:\/\/www.maccaferri.com\/fr\/?wpdmdl=' + idFile);\n        return false;\n    });\n    \/\/tooltip\n    var tooltipTriggerList = [].slice.call(document.querySelectorAll('[data-bs-toggle=\"tooltip\"]'))\n    var tooltipList = tooltipTriggerList.map(function(tooltipTriggerEl) {\n        return new bootstrap.Tooltip(tooltipTriggerEl)\n    })\n<\/script>","protected":false},"excerpt":{"rendered":"","protected":false},"author":7096,"featured_media":117201,"parent":0,"menu_order":0,"comment_status":"closed","ping_status":"closed","template":"","meta":{"_acf_changed":false,"_joinchat":[],"footnotes":""},"class_list":["post-117157","page","type-page","status-publish","has-post-thumbnail","hentry"],"acf":{"uuid_products":"","product-documents":[117675,117676,49596,117678]},"yoast_head":"<!-- This site is optimized with the Yoast SEO Premium plugin v27.0 (Yoast SEO v27.0) - https:\/\/yoast.com\/product\/yoast-seo-premium-wordpress\/ -->\n<title>WEBINAIRE - les g\u00e9osynth\u00e9tiques dans les ISD - Maccaferri France<\/title>\n<meta name=\"description\" content=\"Visionnez notre webinaire sur les g\u00e9osynth\u00e9tiques dans les ISD : conception et au dimensionnement des dispositifs d&#039;\u00e9tanch\u00e9it\u00e9 et de drainage en fond de casier et en couvertures d&#039;alv\u00e9oles\" \/>\n<meta name=\"robots\" content=\"index, follow, max-snippet:-1, max-image-preview:large, max-video-preview:-1\" \/>\n<link rel=\"canonical\" href=\"https:\/\/www.maccaferri.com\/fr\/webinaire-les-geosynthetiques-dans-les-isd\/\" \/>\n<meta property=\"og:locale\" content=\"fr_FR\" \/>\n<meta property=\"og:type\" content=\"article\" \/>\n<meta property=\"og:title\" content=\"WEBINAIRE - les g\u00e9osynth\u00e9tiques dans les ISD\" \/>\n<meta property=\"og:description\" content=\"Visionnez notre webinaire sur les g\u00e9osynth\u00e9tiques dans les ISD : conception et au dimensionnement des dispositifs d&#039;\u00e9tanch\u00e9it\u00e9 et de drainage en fond de casier et en couvertures d&#039;alv\u00e9oles\" \/>\n<meta property=\"og:url\" content=\"https:\/\/www.maccaferri.com\/fr\/webinaire-les-geosynthetiques-dans-les-isd\/\" \/>\n<meta property=\"og:site_name\" content=\"Maccaferri France\" \/>\n<meta property=\"article:modified_time\" content=\"2026-02-20T14:02:06+00:00\" \/>\n<meta property=\"og:image\" content=\"https:\/\/www.maccaferri.com\/fr\/wp-content\/uploads\/2026\/02\/Webinaire-20022026-2.png\" \/>\n\t<meta property=\"og:image:width\" content=\"1000\" \/>\n\t<meta property=\"og:image:height\" content=\"277\" \/>\n\t<meta property=\"og:image:type\" content=\"image\/png\" \/>\n<meta name=\"twitter:card\" content=\"summary_large_image\" \/>\n<meta name=\"twitter:label1\" content=\"Dur\u00e9e de lecture estim\u00e9e\" \/>\n\t<meta name=\"twitter:data1\" content=\"1 minute\" \/>\n<script type=\"application\/ld+json\" class=\"yoast-schema-graph\">{\"@context\":\"https:\/\/schema.org\",\"@graph\":[{\"@type\":\"WebPage\",\"@id\":\"https:\/\/www.maccaferri.com\/fr\/webinaire-les-geosynthetiques-dans-les-isd\/\",\"url\":\"https:\/\/www.maccaferri.com\/fr\/webinaire-les-geosynthetiques-dans-les-isd\/\",\"name\":\"WEBINAIRE - les g\u00e9osynth\u00e9tiques dans les ISD - Maccaferri France\",\"isPartOf\":{\"@id\":\"https:\/\/www.maccaferri.com\/fr\/#website\"},\"primaryImageOfPage\":{\"@id\":\"https:\/\/www.maccaferri.com\/fr\/webinaire-les-geosynthetiques-dans-les-isd\/#primaryimage\"},\"image\":{\"@id\":\"https:\/\/www.maccaferri.com\/fr\/webinaire-les-geosynthetiques-dans-les-isd\/#primaryimage\"},\"thumbnailUrl\":\"https:\/\/www.maccaferri.com\/fr\/wp-content\/uploads\/2026\/02\/Webinaire-20022026-2.png\",\"datePublished\":\"2026-02-20T13:50:25+00:00\",\"dateModified\":\"2026-02-20T14:02:06+00:00\",\"description\":\"Visionnez notre webinaire sur les g\u00e9osynth\u00e9tiques dans les ISD : conception et au dimensionnement des dispositifs d'\u00e9tanch\u00e9it\u00e9 et de drainage en fond de casier et en couvertures d'alv\u00e9oles\",\"breadcrumb\":{\"@id\":\"https:\/\/www.maccaferri.com\/fr\/webinaire-les-geosynthetiques-dans-les-isd\/#breadcrumb\"},\"inLanguage\":\"fr-FR\",\"potentialAction\":[{\"@type\":\"ReadAction\",\"target\":[\"https:\/\/www.maccaferri.com\/fr\/webinaire-les-geosynthetiques-dans-les-isd\/\"]}]},{\"@type\":\"ImageObject\",\"inLanguage\":\"fr-FR\",\"@id\":\"https:\/\/www.maccaferri.com\/fr\/webinaire-les-geosynthetiques-dans-les-isd\/#primaryimage\",\"url\":\"https:\/\/www.maccaferri.com\/fr\/wp-content\/uploads\/2026\/02\/Webinaire-20022026-2.png\",\"contentUrl\":\"https:\/\/www.maccaferri.com\/fr\/wp-content\/uploads\/2026\/02\/Webinaire-20022026-2.png\",\"width\":1000,\"height\":277},{\"@type\":\"BreadcrumbList\",\"@id\":\"https:\/\/www.maccaferri.com\/fr\/webinaire-les-geosynthetiques-dans-les-isd\/#breadcrumb\",\"itemListElement\":[{\"@type\":\"ListItem\",\"position\":1,\"name\":\"Home\",\"item\":\"https:\/\/www.maccaferri.com\/fr\/\"},{\"@type\":\"ListItem\",\"position\":2,\"name\":\"WEBINAIRE &#8211; les g\u00e9osynth\u00e9tiques dans les ISD\"}]},{\"@type\":\"WebSite\",\"@id\":\"https:\/\/www.maccaferri.com\/fr\/#website\",\"url\":\"https:\/\/www.maccaferri.com\/fr\/\",\"name\":\"Maccaferri France\",\"description\":\"\",\"publisher\":{\"@id\":\"https:\/\/www.maccaferri.com\/fr\/#organization\"},\"potentialAction\":[{\"@type\":\"SearchAction\",\"target\":{\"@type\":\"EntryPoint\",\"urlTemplate\":\"https:\/\/www.maccaferri.com\/fr\/?s={search_term_string}\"},\"query-input\":{\"@type\":\"PropertyValueSpecification\",\"valueRequired\":true,\"valueName\":\"search_term_string\"}}],\"inLanguage\":\"fr-FR\"},{\"@type\":\"Organization\",\"@id\":\"https:\/\/www.maccaferri.com\/fr\/#organization\",\"name\":\"Maccaferri France\",\"url\":\"https:\/\/www.maccaferri.com\/fr\/\",\"logo\":{\"@type\":\"ImageObject\",\"inLanguage\":\"fr-FR\",\"@id\":\"https:\/\/www.maccaferri.com\/fr\/#\/schema\/logo\/image\/\",\"url\":\"https:\/\/www.maccaferri.com\/fr\/wp-content\/uploads\/2022\/07\/logo-maccaferri.png\",\"contentUrl\":\"https:\/\/www.maccaferri.com\/fr\/wp-content\/uploads\/2022\/07\/logo-maccaferri.png\",\"width\":152,\"height\":32,\"caption\":\"Maccaferri France\"},\"image\":{\"@id\":\"https:\/\/www.maccaferri.com\/fr\/#\/schema\/logo\/image\/\"}}]}<\/script>\n<!-- \/ Yoast SEO Premium plugin. -->","yoast_head_json":{"title":"WEBINAIRE - les g\u00e9osynth\u00e9tiques dans les ISD - Maccaferri France","description":"Visionnez notre webinaire sur les g\u00e9osynth\u00e9tiques dans les ISD : conception et au dimensionnement des dispositifs d'\u00e9tanch\u00e9it\u00e9 et de drainage en fond de casier et en couvertures d'alv\u00e9oles","robots":{"index":"index","follow":"follow","max-snippet":"max-snippet:-1","max-image-preview":"max-image-preview:large","max-video-preview":"max-video-preview:-1"},"canonical":"https:\/\/www.maccaferri.com\/fr\/webinaire-les-geosynthetiques-dans-les-isd\/","og_locale":"fr_FR","og_type":"article","og_title":"WEBINAIRE - les g\u00e9osynth\u00e9tiques dans les ISD","og_description":"Visionnez notre webinaire sur les g\u00e9osynth\u00e9tiques dans les ISD : conception et au dimensionnement des dispositifs d'\u00e9tanch\u00e9it\u00e9 et de drainage en fond de casier et en couvertures d'alv\u00e9oles","og_url":"https:\/\/www.maccaferri.com\/fr\/webinaire-les-geosynthetiques-dans-les-isd\/","og_site_name":"Maccaferri France","article_modified_time":"2026-02-20T14:02:06+00:00","og_image":[{"width":1000,"height":277,"url":"https:\/\/www.maccaferri.com\/fr\/wp-content\/uploads\/2026\/02\/Webinaire-20022026-2.png","type":"image\/png"}],"twitter_card":"summary_large_image","twitter_misc":{"Dur\u00e9e de lecture estim\u00e9e":"1 minute"},"schema":{"@context":"https:\/\/schema.org","@graph":[{"@type":"WebPage","@id":"https:\/\/www.maccaferri.com\/fr\/webinaire-les-geosynthetiques-dans-les-isd\/","url":"https:\/\/www.maccaferri.com\/fr\/webinaire-les-geosynthetiques-dans-les-isd\/","name":"WEBINAIRE - les g\u00e9osynth\u00e9tiques dans les ISD - Maccaferri France","isPartOf":{"@id":"https:\/\/www.maccaferri.com\/fr\/#website"},"primaryImageOfPage":{"@id":"https:\/\/www.maccaferri.com\/fr\/webinaire-les-geosynthetiques-dans-les-isd\/#primaryimage"},"image":{"@id":"https:\/\/www.maccaferri.com\/fr\/webinaire-les-geosynthetiques-dans-les-isd\/#primaryimage"},"thumbnailUrl":"https:\/\/www.maccaferri.com\/fr\/wp-content\/uploads\/2026\/02\/Webinaire-20022026-2.png","datePublished":"2026-02-20T13:50:25+00:00","dateModified":"2026-02-20T14:02:06+00:00","description":"Visionnez notre webinaire sur les g\u00e9osynth\u00e9tiques dans les ISD : conception et au dimensionnement des dispositifs d'\u00e9tanch\u00e9it\u00e9 et de drainage en fond de casier et en couvertures d'alv\u00e9oles","breadcrumb":{"@id":"https:\/\/www.maccaferri.com\/fr\/webinaire-les-geosynthetiques-dans-les-isd\/#breadcrumb"},"inLanguage":"fr-FR","potentialAction":[{"@type":"ReadAction","target":["https:\/\/www.maccaferri.com\/fr\/webinaire-les-geosynthetiques-dans-les-isd\/"]}]},{"@type":"ImageObject","inLanguage":"fr-FR","@id":"https:\/\/www.maccaferri.com\/fr\/webinaire-les-geosynthetiques-dans-les-isd\/#primaryimage","url":"https:\/\/www.maccaferri.com\/fr\/wp-content\/uploads\/2026\/02\/Webinaire-20022026-2.png","contentUrl":"https:\/\/www.maccaferri.com\/fr\/wp-content\/uploads\/2026\/02\/Webinaire-20022026-2.png","width":1000,"height":277},{"@type":"BreadcrumbList","@id":"https:\/\/www.maccaferri.com\/fr\/webinaire-les-geosynthetiques-dans-les-isd\/#breadcrumb","itemListElement":[{"@type":"ListItem","position":1,"name":"Home","item":"https:\/\/www.maccaferri.com\/fr\/"},{"@type":"ListItem","position":2,"name":"WEBINAIRE &#8211; les g\u00e9osynth\u00e9tiques dans les ISD"}]},{"@type":"WebSite","@id":"https:\/\/www.maccaferri.com\/fr\/#website","url":"https:\/\/www.maccaferri.com\/fr\/","name":"Maccaferri France","description":"","publisher":{"@id":"https:\/\/www.maccaferri.com\/fr\/#organization"},"potentialAction":[{"@type":"SearchAction","target":{"@type":"EntryPoint","urlTemplate":"https:\/\/www.maccaferri.com\/fr\/?s={search_term_string}"},"query-input":{"@type":"PropertyValueSpecification","valueRequired":true,"valueName":"search_term_string"}}],"inLanguage":"fr-FR"},{"@type":"Organization","@id":"https:\/\/www.maccaferri.com\/fr\/#organization","name":"Maccaferri France","url":"https:\/\/www.maccaferri.com\/fr\/","logo":{"@type":"ImageObject","inLanguage":"fr-FR","@id":"https:\/\/www.maccaferri.com\/fr\/#\/schema\/logo\/image\/","url":"https:\/\/www.maccaferri.com\/fr\/wp-content\/uploads\/2022\/07\/logo-maccaferri.png","contentUrl":"https:\/\/www.maccaferri.com\/fr\/wp-content\/uploads\/2022\/07\/logo-maccaferri.png","width":152,"height":32,"caption":"Maccaferri France"},"image":{"@id":"https:\/\/www.maccaferri.com\/fr\/#\/schema\/logo\/image\/"}}]}},"_links":{"self":[{"href":"https:\/\/www.maccaferri.com\/fr\/wp-json\/wp\/v2\/pages\/117157","targetHints":{"allow":["GET"]}}],"collection":[{"href":"https:\/\/www.maccaferri.com\/fr\/wp-json\/wp\/v2\/pages"}],"about":[{"href":"https:\/\/www.maccaferri.com\/fr\/wp-json\/wp\/v2\/types\/page"}],"author":[{"embeddable":true,"href":"https:\/\/www.maccaferri.com\/fr\/wp-json\/wp\/v2\/users\/7096"}],"replies":[{"embeddable":true,"href":"https:\/\/www.maccaferri.com\/fr\/wp-json\/wp\/v2\/comments?post=117157"}],"version-history":[{"count":4,"href":"https:\/\/www.maccaferri.com\/fr\/wp-json\/wp\/v2\/pages\/117157\/revisions"}],"predecessor-version":[{"id":117686,"href":"https:\/\/www.maccaferri.com\/fr\/wp-json\/wp\/v2\/pages\/117157\/revisions\/117686"}],"acf:post":[{"embeddable":true,"href":"https:\/\/www.maccaferri.com\/fr\/wp-json\/wp\/v2\/wpdmpro\/117678"},{"embeddable":true,"href":"https:\/\/www.maccaferri.com\/fr\/wp-json\/wp\/v2\/wpdmpro\/49596"},{"embeddable":true,"href":"https:\/\/www.maccaferri.com\/fr\/wp-json\/wp\/v2\/wpdmpro\/117676"},{"embeddable":true,"href":"https:\/\/www.maccaferri.com\/fr\/wp-json\/wp\/v2\/wpdmpro\/117675"}],"wp:featuredmedia":[{"embeddable":true,"href":"https:\/\/www.maccaferri.com\/fr\/wp-json\/wp\/v2\/media\/117201"}],"wp:attachment":[{"href":"https:\/\/www.maccaferri.com\/fr\/wp-json\/wp\/v2\/media?parent=117157"}],"curies":[{"name":"wp","href":"https:\/\/api.w.org\/{rel}","templated":true}]}}