{"id":11706,"date":"2023-03-23T14:23:57","date_gmt":"2023-03-23T13:23:57","guid":{"rendered":"https:\/\/www.maccaferri.com\/fr\/?page_id=11706"},"modified":"2023-07-27T11:15:17","modified_gmt":"2023-07-27T09:15:17","slug":"episode-5-ecrans-horizontaux-dans-le-canyon-des-ecouges","status":"publish","type":"page","link":"https:\/\/www.maccaferri.com\/fr\/episode-5-ecrans-horizontaux-dans-le-canyon-des-ecouges\/","title":{"rendered":"\u00c9pisode 5 : \u00e9crans horizontaux dans le canyon des \u00c9couges"},"content":{"rendered":"<div class=\"wp-block-columns is-layout-flex wp-container-core-columns-is-layout-9d6595d7 wp-block-columns-is-layout-flex\"><div class=\"wp-block-column is-layout-flow wp-block-column-is-layout-flow\"><div class=\"wp-block-columns is-layout-flex wp-container-core-columns-is-layout-9d6595d7 wp-block-columns-is-layout-flex\"><div class=\"wp-block-column is-layout-flow wp-block-column-is-layout-flow\"><div class=\"wp-block-mac-container-block box-container\"><div class=\"wp-block-columns is-layout-flex wp-container-core-columns-is-layout-9d6595d7 wp-block-columns-is-layout-flex\"><div class=\"wp-block-column is-layout-flow wp-block-column-is-layout-flow\"><div class=\"container content-paragraph box-container\"><div class=\"row\"><div class=\"col-12 col-lg-12 col-xl-12 col-xxl-12\"><h6>\u00c9crans horizontaux dans le canyon des \u00c9couges<\/h6><div class=\"content-txt\"><p>En Is\u00e8re, sur la RD35 reliant le village de Rencurel \u00e0 celui de Saint Gervais, de nombreuses interventions ponctuelles d\u2019urgence avaient \u00e9t\u00e9 d\u00e9j\u00e0 r\u00e9alis\u00e9es. Sur pr\u00e8s de 500m de longueur, le tunnel creus\u00e9 dans le rocher venait doubler la section en encorbellement ferm\u00e9e depuis un \u00e9boulement survenu en 2008.<\/p>\n<p>Pour cette nouvelle immersion de notre podcast Immersion chantier, nous reviendrons sur les travaux de mise en s\u00e9curit\u00e9 et de protection\u00a0 r\u00e9alis\u00e9s afin de rouvrir cette route d\u00e9partementale, \u00e0 travers le t\u00e9moignage de Fran\u00e7ois Bonnaire, conducteur de travaux de la soci\u00e9t\u00e9 <a href=\"https:\/\/www.hydrokarst.fr\/\" target=\"_blank\" rel=\"noopener\">HYDROKARST<\/a> et responsable du suivi op\u00e9rationnel du chantier.<\/p>\n<p>Pour d\u00e9couvrir notre gamme de protection contre les chutes de blocs, c&#8217;est <a href=\"https:\/\/www.maccaferri.com\/fr\/applications\/protection-contre-les-chutes-de-blocs-et-filets-pare-avalanches\/\" target=\"_blank\" rel=\"noopener\">ici<\/a> !<\/p>\n<\/div><\/div><\/div><\/div><\/div><\/div><\/div><\/div><\/div>\n\n<div class=\"wp-block-mac-container-block box-container\"><div class=\"wp-block-columns is-layout-flex wp-container-core-columns-is-layout-9d6595d7 wp-block-columns-is-layout-flex\"><div class=\"wp-block-column is-layout-flow wp-block-column-is-layout-flow\"><div class=\"wp-block-buttons is-content-justification-center is-layout-flex wp-container-core-buttons-is-layout-16018d1d wp-block-buttons-is-layout-flex\"><div class=\"wp-block-button has-custom-width wp-block-button__width-50 has-custom-font-size has-medium-font-size\"><a class=\"wp-block-button__link\" href=\"https:\/\/audmns.com\/rRVuQtH\" style=\"border-radius:19px\" target=\"_blank\" rel=\"noreferrer noopener\">\u00c9COUTER \u00c9PISODE 5<\/a><\/div><\/div><\/div><\/div><\/div>\n\n<div class=\"wp-block-columns is-layout-flex wp-container-core-columns-is-layout-9d6595d7 wp-block-columns-is-layout-flex\"><div class=\"wp-block-column is-layout-flow wp-block-column-is-layout-flow\"><div class=\"wp-block-buttons is-layout-flex wp-block-buttons-is-layout-flex\"><div class=\"wp-block-button aligncenter\"><a class=\"wp-block-button__link\" href=\"https:\/\/www.maccaferri.com\/fr\/download\/fch-38-rd35-travaux-de-securisation-canyon-et-tunnel-des-ecouges\/\" target=\"_blank\" rel=\"noreferrer noopener\">T\u00e9l\u00e9charger l&#8217;\u00e9tude de cas<\/a><\/div><\/div><\/div><\/div><\/div><\/div><div class=\"wp-block-columns is-layout-flex wp-container-core-columns-is-layout-9d6595d7 wp-block-columns-is-layout-flex\"><div class=\"wp-block-column is-layout-flow wp-block-column-is-layout-flow\"><div class=\"container-fluid carousel-image-gallery\">\n        <div class=\"row\">\n            <div id=\"carouselImageblock_63d25cea716f8\" class=\"carousel slide carouselImageGallery\" data-bs-ride=\"carousel\">\n                <!-- \/\/ Indicators -->\n                <ol class=\"carousel-indicators\">\n                                            <li data-bs-target=\"#carouselImageblock_63d25cea716f8\" data-bs-slide-to=\"0\" class=\"active\" aria-current=\"true\" aria-label=\"Slide\"><\/li>\n                                            <li data-bs-target=\"#carouselImageblock_63d25cea716f8\" data-bs-slide-to=\"1\" class=\"\" aria-current=\"true\" aria-label=\"Slide\"><\/li>\n                                            <li data-bs-target=\"#carouselImageblock_63d25cea716f8\" data-bs-slide-to=\"2\" class=\"\" aria-current=\"true\" aria-label=\"Slide\"><\/li>\n                                            <li data-bs-target=\"#carouselImageblock_63d25cea716f8\" data-bs-slide-to=\"3\" class=\"\" aria-current=\"true\" aria-label=\"Slide\"><\/li>\n                                    <\/ol>\n\n                <div class=\"carousel-inner container\" role=\"listbox\">\n                                            <div class=\"carousel-item active\">\n                        <div class=\"col-12 col-lg-4 col-xl-4 col-xxl-4 space-mobile\">\n                            <div class=\"grid-item-wrapper\">\n                                <div class=\"img-responsive-wrapper\">\n                                    <div class=\"img-responsive\">\n                                        <div class=\"img-wrapper\"><img decoding=\"async\" src=\"https:\/\/www.maccaferri.com\/fr\/wp-content\/uploads\/2023\/07\/IMG_9450-scaled-2.jpg\" alt=\"Ecouges3\" \/><\/div>\n                                    <\/div>\n                                <\/div>\n                                <div class=\"griditem-text-wrapper text-center\">\n                                    <p class=\"griditem-text text-center\"><\/p>\n                   \n                                <\/div>\n                            <\/div>\n                        <\/div>\n                        <\/div>\n                                            <div class=\"carousel-item \">\n                        <div class=\"col-12 col-lg-4 col-xl-4 col-xxl-4 space-mobile\">\n                            <div class=\"grid-item-wrapper\">\n                                <div class=\"img-responsive-wrapper\">\n                                    <div class=\"img-responsive\">\n                                        <div class=\"img-wrapper\"><img decoding=\"async\" src=\"https:\/\/www.maccaferri.com\/fr\/wp-content\/uploads\/2023\/03\/IMG_9643-scaled.jpg\" alt=\"Ecouges2\" \/><\/div>\n                                    <\/div>\n                                <\/div>\n                                <div class=\"griditem-text-wrapper text-center\">\n                                    <p class=\"griditem-text text-center\"><\/p>\n                   \n                                <\/div>\n                            <\/div>\n                        <\/div>\n                        <\/div>\n                                            <div class=\"carousel-item \">\n                        <div class=\"col-12 col-lg-4 col-xl-4 col-xxl-4 space-mobile\">\n                            <div class=\"grid-item-wrapper\">\n                                <div class=\"img-responsive-wrapper\">\n                                    <div class=\"img-responsive\">\n                                        <div class=\"img-wrapper\"><img decoding=\"async\" src=\"https:\/\/www.maccaferri.com\/fr\/wp-content\/uploads\/2023\/07\/Route-des-Ecouges-38-scaled-2.jpg\" alt=\"Ecouges1\" \/><\/div>\n                                    <\/div>\n                                <\/div>\n                                <div class=\"griditem-text-wrapper text-center\">\n                                    <p class=\"griditem-text text-center\"><\/p>\n                   \n                                <\/div>\n                            <\/div>\n                        <\/div>\n                        <\/div>\n                                            <div class=\"carousel-item \">\n                        <div class=\"col-12 col-lg-4 col-xl-4 col-xxl-4 space-mobile\">\n                            <div class=\"grid-item-wrapper\">\n                                <div class=\"img-responsive-wrapper\">\n                                    <div class=\"img-responsive\">\n                                        <div class=\"img-wrapper\"><img decoding=\"async\" src=\"https:\/\/www.maccaferri.com\/fr\/wp-content\/uploads\/2023\/03\/LALD0092.jpg\" alt=\"Ecouges4\" \/><\/div>\n                                    <\/div>\n                                <\/div>\n                                <div class=\"griditem-text-wrapper text-center\">\n                                    <p class=\"griditem-text text-center\"><\/p>\n                   \n                                <\/div>\n                            <\/div>\n                        <\/div>\n                        <\/div>\n                                    <\/div>\n            <\/div>\n\n        <\/div>\n    <\/div><\/div><\/div>","protected":false},"excerpt":{"rendered":"","protected":false},"author":21,"featured_media":11740,"parent":0,"menu_order":0,"comment_status":"closed","ping_status":"closed","template":"","meta":{"_acf_changed":false,"_joinchat":[],"footnotes":""},"class_list":["post-11706","page","type-page","status-publish","has-post-thumbnail","hentry"],"acf":{"uuid_products":"","product-documents":""},"yoast_head":"<!-- This site is optimized with the Yoast SEO Premium plugin v27.0 (Yoast SEO v27.0) - https:\/\/yoast.com\/product\/yoast-seo-premium-wordpress\/ -->\n<title>\u00c9pisode 5 : \u00e9crans horizontaux dans le canyon des \u00c9couges - Maccaferri France<\/title>\n<meta name=\"description\" content=\"D\u00e9couvrez le 5\u00e8me \u00e9pisode de notre Podcast Immersion Chantier, sur les \u00e9crans horizontaux qui prot\u00e9gent le Canyon des Ecouges !\" \/>\n<meta name=\"robots\" content=\"index, follow, max-snippet:-1, max-image-preview:large, max-video-preview:-1\" \/>\n<link rel=\"canonical\" href=\"https:\/\/www.maccaferri.com\/fr\/episode-5-ecrans-horizontaux-dans-le-canyon-des-ecouges\/\" \/>\n<meta property=\"og:locale\" content=\"fr_FR\" \/>\n<meta property=\"og:type\" content=\"article\" \/>\n<meta property=\"og:title\" content=\"\u00c9pisode 5 : \u00e9crans horizontaux dans le canyon des \u00c9couges\" \/>\n<meta property=\"og:description\" content=\"D\u00e9couvrez le 5\u00e8me \u00e9pisode de notre Podcast Immersion Chantier, sur les \u00e9crans horizontaux qui prot\u00e9gent le Canyon des Ecouges !\" \/>\n<meta property=\"og:url\" content=\"https:\/\/www.maccaferri.com\/fr\/episode-5-ecrans-horizontaux-dans-le-canyon-des-ecouges\/\" \/>\n<meta property=\"og:site_name\" content=\"Maccaferri France\" \/>\n<meta property=\"article:modified_time\" content=\"2023-07-27T09:15:17+00:00\" \/>\n<meta property=\"og:image\" content=\"https:\/\/www.maccaferri.com\/fr\/wp-content\/uploads\/2023\/03\/Visuel-page-site-Internet.png\" \/>\n\t<meta property=\"og:image:width\" content=\"1600\" \/>\n\t<meta property=\"og:image:height\" content=\"443\" \/>\n\t<meta property=\"og:image:type\" content=\"image\/png\" \/>\n<meta name=\"twitter:card\" content=\"summary_large_image\" \/>\n<meta name=\"twitter:label1\" content=\"Dur\u00e9e de lecture estim\u00e9e\" \/>\n\t<meta name=\"twitter:data1\" content=\"1 minute\" \/>\n<script type=\"application\/ld+json\" class=\"yoast-schema-graph\">{\"@context\":\"https:\/\/schema.org\",\"@graph\":[{\"@type\":\"WebPage\",\"@id\":\"https:\/\/www.maccaferri.com\/fr\/episode-5-ecrans-horizontaux-dans-le-canyon-des-ecouges\/\",\"url\":\"https:\/\/www.maccaferri.com\/fr\/episode-5-ecrans-horizontaux-dans-le-canyon-des-ecouges\/\",\"name\":\"\u00c9pisode 5 : \u00e9crans horizontaux dans le canyon des \u00c9couges - Maccaferri France\",\"isPartOf\":{\"@id\":\"https:\/\/www.maccaferri.com\/fr\/#website\"},\"primaryImageOfPage\":{\"@id\":\"https:\/\/www.maccaferri.com\/fr\/episode-5-ecrans-horizontaux-dans-le-canyon-des-ecouges\/#primaryimage\"},\"image\":{\"@id\":\"https:\/\/www.maccaferri.com\/fr\/episode-5-ecrans-horizontaux-dans-le-canyon-des-ecouges\/#primaryimage\"},\"thumbnailUrl\":\"https:\/\/www.maccaferri.com\/fr\/wp-content\/uploads\/2023\/03\/Visuel-page-site-Internet.png\",\"datePublished\":\"2023-03-23T13:23:57+00:00\",\"dateModified\":\"2023-07-27T09:15:17+00:00\",\"description\":\"D\u00e9couvrez le 5\u00e8me \u00e9pisode de notre Podcast Immersion Chantier, sur les \u00e9crans horizontaux qui prot\u00e9gent le Canyon des Ecouges !\",\"breadcrumb\":{\"@id\":\"https:\/\/www.maccaferri.com\/fr\/episode-5-ecrans-horizontaux-dans-le-canyon-des-ecouges\/#breadcrumb\"},\"inLanguage\":\"fr-FR\",\"potentialAction\":[{\"@type\":\"ReadAction\",\"target\":[\"https:\/\/www.maccaferri.com\/fr\/episode-5-ecrans-horizontaux-dans-le-canyon-des-ecouges\/\"]}]},{\"@type\":\"ImageObject\",\"inLanguage\":\"fr-FR\",\"@id\":\"https:\/\/www.maccaferri.com\/fr\/episode-5-ecrans-horizontaux-dans-le-canyon-des-ecouges\/#primaryimage\",\"url\":\"https:\/\/www.maccaferri.com\/fr\/wp-content\/uploads\/2023\/03\/Visuel-page-site-Internet.png\",\"contentUrl\":\"https:\/\/www.maccaferri.com\/fr\/wp-content\/uploads\/2023\/03\/Visuel-page-site-Internet.png\",\"width\":1600,\"height\":443,\"caption\":\"Visuel-ep5\"},{\"@type\":\"BreadcrumbList\",\"@id\":\"https:\/\/www.maccaferri.com\/fr\/episode-5-ecrans-horizontaux-dans-le-canyon-des-ecouges\/#breadcrumb\",\"itemListElement\":[{\"@type\":\"ListItem\",\"position\":1,\"name\":\"Home\",\"item\":\"https:\/\/www.maccaferri.com\/fr\/\"},{\"@type\":\"ListItem\",\"position\":2,\"name\":\"\u00c9pisode 5 : \u00e9crans horizontaux dans le canyon des \u00c9couges\"}]},{\"@type\":\"WebSite\",\"@id\":\"https:\/\/www.maccaferri.com\/fr\/#website\",\"url\":\"https:\/\/www.maccaferri.com\/fr\/\",\"name\":\"Maccaferri France\",\"description\":\"\",\"publisher\":{\"@id\":\"https:\/\/www.maccaferri.com\/fr\/#organization\"},\"potentialAction\":[{\"@type\":\"SearchAction\",\"target\":{\"@type\":\"EntryPoint\",\"urlTemplate\":\"https:\/\/www.maccaferri.com\/fr\/?s={search_term_string}\"},\"query-input\":{\"@type\":\"PropertyValueSpecification\",\"valueRequired\":true,\"valueName\":\"search_term_string\"}}],\"inLanguage\":\"fr-FR\"},{\"@type\":\"Organization\",\"@id\":\"https:\/\/www.maccaferri.com\/fr\/#organization\",\"name\":\"Maccaferri France\",\"url\":\"https:\/\/www.maccaferri.com\/fr\/\",\"logo\":{\"@type\":\"ImageObject\",\"inLanguage\":\"fr-FR\",\"@id\":\"https:\/\/www.maccaferri.com\/fr\/#\/schema\/logo\/image\/\",\"url\":\"https:\/\/www.maccaferri.com\/fr\/wp-content\/uploads\/2022\/07\/logo-maccaferri.png\",\"contentUrl\":\"https:\/\/www.maccaferri.com\/fr\/wp-content\/uploads\/2022\/07\/logo-maccaferri.png\",\"width\":152,\"height\":32,\"caption\":\"Maccaferri France\"},\"image\":{\"@id\":\"https:\/\/www.maccaferri.com\/fr\/#\/schema\/logo\/image\/\"}}]}<\/script>\n<!-- \/ Yoast SEO Premium plugin. -->","yoast_head_json":{"title":"\u00c9pisode 5 : \u00e9crans horizontaux dans le canyon des \u00c9couges - Maccaferri France","description":"D\u00e9couvrez le 5\u00e8me \u00e9pisode de notre Podcast Immersion Chantier, sur les \u00e9crans horizontaux qui prot\u00e9gent le Canyon des Ecouges !","robots":{"index":"index","follow":"follow","max-snippet":"max-snippet:-1","max-image-preview":"max-image-preview:large","max-video-preview":"max-video-preview:-1"},"canonical":"https:\/\/www.maccaferri.com\/fr\/episode-5-ecrans-horizontaux-dans-le-canyon-des-ecouges\/","og_locale":"fr_FR","og_type":"article","og_title":"\u00c9pisode 5 : \u00e9crans horizontaux dans le canyon des \u00c9couges","og_description":"D\u00e9couvrez le 5\u00e8me \u00e9pisode de notre Podcast Immersion Chantier, sur les \u00e9crans horizontaux qui prot\u00e9gent le Canyon des Ecouges !","og_url":"https:\/\/www.maccaferri.com\/fr\/episode-5-ecrans-horizontaux-dans-le-canyon-des-ecouges\/","og_site_name":"Maccaferri France","article_modified_time":"2023-07-27T09:15:17+00:00","og_image":[{"width":1600,"height":443,"url":"https:\/\/www.maccaferri.com\/fr\/wp-content\/uploads\/2023\/03\/Visuel-page-site-Internet.png","type":"image\/png"}],"twitter_card":"summary_large_image","twitter_misc":{"Dur\u00e9e de lecture estim\u00e9e":"1 minute"},"schema":{"@context":"https:\/\/schema.org","@graph":[{"@type":"WebPage","@id":"https:\/\/www.maccaferri.com\/fr\/episode-5-ecrans-horizontaux-dans-le-canyon-des-ecouges\/","url":"https:\/\/www.maccaferri.com\/fr\/episode-5-ecrans-horizontaux-dans-le-canyon-des-ecouges\/","name":"\u00c9pisode 5 : \u00e9crans horizontaux dans le canyon des \u00c9couges - Maccaferri France","isPartOf":{"@id":"https:\/\/www.maccaferri.com\/fr\/#website"},"primaryImageOfPage":{"@id":"https:\/\/www.maccaferri.com\/fr\/episode-5-ecrans-horizontaux-dans-le-canyon-des-ecouges\/#primaryimage"},"image":{"@id":"https:\/\/www.maccaferri.com\/fr\/episode-5-ecrans-horizontaux-dans-le-canyon-des-ecouges\/#primaryimage"},"thumbnailUrl":"https:\/\/www.maccaferri.com\/fr\/wp-content\/uploads\/2023\/03\/Visuel-page-site-Internet.png","datePublished":"2023-03-23T13:23:57+00:00","dateModified":"2023-07-27T09:15:17+00:00","description":"D\u00e9couvrez le 5\u00e8me \u00e9pisode de notre Podcast Immersion Chantier, sur les \u00e9crans horizontaux qui prot\u00e9gent le Canyon des Ecouges !","breadcrumb":{"@id":"https:\/\/www.maccaferri.com\/fr\/episode-5-ecrans-horizontaux-dans-le-canyon-des-ecouges\/#breadcrumb"},"inLanguage":"fr-FR","potentialAction":[{"@type":"ReadAction","target":["https:\/\/www.maccaferri.com\/fr\/episode-5-ecrans-horizontaux-dans-le-canyon-des-ecouges\/"]}]},{"@type":"ImageObject","inLanguage":"fr-FR","@id":"https:\/\/www.maccaferri.com\/fr\/episode-5-ecrans-horizontaux-dans-le-canyon-des-ecouges\/#primaryimage","url":"https:\/\/www.maccaferri.com\/fr\/wp-content\/uploads\/2023\/03\/Visuel-page-site-Internet.png","contentUrl":"https:\/\/www.maccaferri.com\/fr\/wp-content\/uploads\/2023\/03\/Visuel-page-site-Internet.png","width":1600,"height":443,"caption":"Visuel-ep5"},{"@type":"BreadcrumbList","@id":"https:\/\/www.maccaferri.com\/fr\/episode-5-ecrans-horizontaux-dans-le-canyon-des-ecouges\/#breadcrumb","itemListElement":[{"@type":"ListItem","position":1,"name":"Home","item":"https:\/\/www.maccaferri.com\/fr\/"},{"@type":"ListItem","position":2,"name":"\u00c9pisode 5 : \u00e9crans horizontaux dans le canyon des \u00c9couges"}]},{"@type":"WebSite","@id":"https:\/\/www.maccaferri.com\/fr\/#website","url":"https:\/\/www.maccaferri.com\/fr\/","name":"Maccaferri France","description":"","publisher":{"@id":"https:\/\/www.maccaferri.com\/fr\/#organization"},"potentialAction":[{"@type":"SearchAction","target":{"@type":"EntryPoint","urlTemplate":"https:\/\/www.maccaferri.com\/fr\/?s={search_term_string}"},"query-input":{"@type":"PropertyValueSpecification","valueRequired":true,"valueName":"search_term_string"}}],"inLanguage":"fr-FR"},{"@type":"Organization","@id":"https:\/\/www.maccaferri.com\/fr\/#organization","name":"Maccaferri France","url":"https:\/\/www.maccaferri.com\/fr\/","logo":{"@type":"ImageObject","inLanguage":"fr-FR","@id":"https:\/\/www.maccaferri.com\/fr\/#\/schema\/logo\/image\/","url":"https:\/\/www.maccaferri.com\/fr\/wp-content\/uploads\/2022\/07\/logo-maccaferri.png","contentUrl":"https:\/\/www.maccaferri.com\/fr\/wp-content\/uploads\/2022\/07\/logo-maccaferri.png","width":152,"height":32,"caption":"Maccaferri France"},"image":{"@id":"https:\/\/www.maccaferri.com\/fr\/#\/schema\/logo\/image\/"}}]}},"_links":{"self":[{"href":"https:\/\/www.maccaferri.com\/fr\/wp-json\/wp\/v2\/pages\/11706","targetHints":{"allow":["GET"]}}],"collection":[{"href":"https:\/\/www.maccaferri.com\/fr\/wp-json\/wp\/v2\/pages"}],"about":[{"href":"https:\/\/www.maccaferri.com\/fr\/wp-json\/wp\/v2\/types\/page"}],"author":[{"embeddable":true,"href":"https:\/\/www.maccaferri.com\/fr\/wp-json\/wp\/v2\/users\/21"}],"replies":[{"embeddable":true,"href":"https:\/\/www.maccaferri.com\/fr\/wp-json\/wp\/v2\/comments?post=11706"}],"version-history":[{"count":27,"href":"https:\/\/www.maccaferri.com\/fr\/wp-json\/wp\/v2\/pages\/11706\/revisions"}],"predecessor-version":[{"id":53461,"href":"https:\/\/www.maccaferri.com\/fr\/wp-json\/wp\/v2\/pages\/11706\/revisions\/53461"}],"wp:featuredmedia":[{"embeddable":true,"href":"https:\/\/www.maccaferri.com\/fr\/wp-json\/wp\/v2\/media\/11740"}],"wp:attachment":[{"href":"https:\/\/www.maccaferri.com\/fr\/wp-json\/wp\/v2\/media?parent=11706"}],"curies":[{"name":"wp","href":"https:\/\/api.w.org\/{rel}","templated":true}]}}