{"id":115237,"date":"2026-01-20T09:37:11","date_gmt":"2026-01-20T08:37:11","guid":{"rendered":"https:\/\/www.maccaferri.com\/fr\/?page_id=115237"},"modified":"2026-01-20T09:54:47","modified_gmt":"2026-01-20T08:54:47","slug":"episode-9-defis-techniques-et-innovation-durable-lechangeur-de-la-paoute","status":"publish","type":"page","link":"https:\/\/www.maccaferri.com\/fr\/episode-9-defis-techniques-et-innovation-durable-lechangeur-de-la-paoute\/","title":{"rendered":"\u00c9pisode 9 : D\u00e9fis techniques et innovation durable : l\u2019\u00e9changeur de La Paoute"},"content":{"rendered":"<div class=\"wp-block-columns is-layout-flex wp-container-core-columns-is-layout-9d6595d7 wp-block-columns-is-layout-flex\"><div class=\"wp-block-column is-layout-flow wp-block-column-is-layout-flow\"><div class=\"wp-block-mac-container-block box-container\"><div class=\"wp-block-columns is-layout-flex wp-container-core-columns-is-layout-9d6595d7 wp-block-columns-is-layout-flex\"><div class=\"wp-block-column is-layout-flow wp-block-column-is-layout-flow\"><div style=\"height:100px\" aria-hidden=\"true\" class=\"wp-block-spacer\"><\/div>\n\n<p>Dans le cadre de la cr\u00e9ation de l&#8217;<strong>\u00e9changeur de la Paoute \u00e0 Grasse <\/strong>sur la RD6185 situ\u00e9 dans les Alpes-Maritimes, nous venons \u00e0 la rencontre d\u2019<strong>Eiffage G\u00e9nie Civil<\/strong> pour ce 9<sup>\u00e8me<\/sup> \u00e9pisode du podcast Immersion Chantier.<\/p>\n\n<p>L\u2019\u00e9changeur de La Paoute a \u00e9t\u00e9 con\u00e7u afin de<strong> fluidifier <\/strong>le <strong>trafic<\/strong> et d\u2019am\u00e9liorer l\u2019accessibilit\u00e9 au giratoire de La Paoute, point n\u00e9vralgique de la zone \u00e9conomique situ\u00e9e au sud de Grasse.<\/p>\n\n<p>Plusieurs d\u00e9fis techniques majeurs \u00e9taient \u00e0 relever dont notamment : un environnement particuli\u00e8rement contraint, la pr\u00e9servation d\u2019un corridor \u00e9cologique, ainsi que le maintien de la circulation sur la voie existante durant toute la dur\u00e9e des travaux. \u00c0 ces contraintes se sont ajout\u00e9es des ambitions environnementales fortes, notamment en mati\u00e8re de r\u00e9emploi des mat\u00e9riaux excav\u00e9s sur site pour la r\u00e9alisation des remblais et remblais renforc\u00e9s.<\/p>\n\n<p>Lors de ce chantier, Maccaferri a r\u00e9alis\u00e9 les prestations d\u2019<strong>aide<\/strong> au <strong>dimensionnement<\/strong>, d\u2019<strong>approvisionnement<\/strong> et de <strong>pose des fournitures<\/strong> de solutions types Gabions en 2023. Et a donc propos\u00e9 le <strong>TerraMesh\u00ae System<\/strong>, une solution technique \u00e0 parement en gabions, adapt\u00e9e aux ouvrages de grande hauteur.<\/p><\/div><\/div><\/div>\n\n<div style=\"height:45px\" aria-hidden=\"true\" class=\"wp-block-spacer\"><\/div>\n\n<div class=\"wp-block-mac-container-block box-container\"><div class=\"wp-block-columns is-layout-flex wp-container-core-columns-is-layout-9d6595d7 wp-block-columns-is-layout-flex\"><div class=\"wp-block-column is-layout-flow wp-block-column-is-layout-flow\"><div class=\"wp-block-buttons is-content-justification-center is-layout-flex wp-container-core-buttons-is-layout-16018d1d wp-block-buttons-is-layout-flex\"><div class=\"wp-block-button has-custom-width wp-block-button__width-50\"><a class=\"wp-block-button__link has-medium-font-size has-custom-font-size wp-element-button\" href=\"https:\/\/audmns.com\/eWnnQSc\" style=\"border-radius:19px\">\u00c9COUTER l&#8217;\u00c9PISODE 9<\/a><\/div><\/div><\/div><\/div><\/div><\/div><\/div><div style=\"height:100px\" aria-hidden=\"true\" class=\"wp-block-spacer\"><\/div><div class=\"wp-block-buttons is-content-justification-center is-layout-flex wp-container-core-buttons-is-layout-16018d1d wp-block-buttons-is-layout-flex\"><div class=\"wp-block-button\"><a class=\"wp-block-button__link wp-element-button\" href=\"https:\/\/www.maccaferri.com\/fr\/produits\/terramesh\/\" target=\"_blank\" rel=\"noreferrer noopener\">en savoir plus sur le Terramesh<\/a><\/div><\/div><div style=\"height:100px\" aria-hidden=\"true\" class=\"wp-block-spacer\"><\/div><div class=\"wp-block-columns is-layout-flex wp-container-core-columns-is-layout-9d6595d7 wp-block-columns-is-layout-flex\"><div class=\"wp-block-column is-layout-flow wp-block-column-is-layout-flow\"><div class=\"container-fluid carousel-image-gallery\">\n        <div class=\"row\">\n            <div id=\"carouselImageblock_69c8d259db45a337bb4b1be50ba6ab0e\" class=\"carousel slide carouselImageGallery\" data-bs-ride=\"carousel\">\n                <!-- \/\/ Indicators -->\n                <ol class=\"carousel-indicators\">\n                                            <li data-bs-target=\"#carouselImageblock_69c8d259db45a337bb4b1be50ba6ab0e\" data-bs-slide-to=\"0\" class=\"active\" aria-current=\"true\" aria-label=\"Slide\"><\/li>\n                                            <li data-bs-target=\"#carouselImageblock_69c8d259db45a337bb4b1be50ba6ab0e\" data-bs-slide-to=\"1\" class=\"\" aria-current=\"true\" aria-label=\"Slide\"><\/li>\n                                            <li data-bs-target=\"#carouselImageblock_69c8d259db45a337bb4b1be50ba6ab0e\" data-bs-slide-to=\"2\" class=\"\" aria-current=\"true\" aria-label=\"Slide\"><\/li>\n                                            <li data-bs-target=\"#carouselImageblock_69c8d259db45a337bb4b1be50ba6ab0e\" data-bs-slide-to=\"3\" class=\"\" aria-current=\"true\" aria-label=\"Slide\"><\/li>\n                                    <\/ol>\n\n                <div class=\"carousel-inner container\" role=\"listbox\">\n                                            <div class=\"carousel-item active\">\n                        <div class=\"col-12 col-lg-4 col-xl-4 col-xxl-4 space-mobile\">\n                            <div class=\"grid-item-wrapper\">\n                                <div class=\"img-responsive-wrapper\">\n                                    <div class=\"img-responsive\">\n                                        <div class=\"img-wrapper\"><img decoding=\"async\" src=\"https:\/\/www.maccaferri.com\/fr\/wp-content\/uploads\/2024\/06\/vue-densemble_1.jpg\" alt=\"\" \/><\/div>\n                                    <\/div>\n                                <\/div>\n                                <div class=\"griditem-text-wrapper text-center\">\n                                    <p class=\"griditem-text text-center\"><\/p>\n                   \n                                <\/div>\n                            <\/div>\n                        <\/div>\n                        <\/div>\n                                            <div class=\"carousel-item \">\n                        <div class=\"col-12 col-lg-4 col-xl-4 col-xxl-4 space-mobile\">\n                            <div class=\"grid-item-wrapper\">\n                                <div class=\"img-responsive-wrapper\">\n                                    <div class=\"img-responsive\">\n                                        <div class=\"img-wrapper\"><img decoding=\"async\" src=\"https:\/\/www.maccaferri.com\/fr\/wp-content\/uploads\/2024\/06\/La-Paoute.png\" alt=\"\" \/><\/div>\n                                    <\/div>\n                                <\/div>\n                                <div class=\"griditem-text-wrapper text-center\">\n                                    <p class=\"griditem-text text-center\"><\/p>\n                   \n                                <\/div>\n                            <\/div>\n                        <\/div>\n                        <\/div>\n                                            <div class=\"carousel-item \">\n                        <div class=\"col-12 col-lg-4 col-xl-4 col-xxl-4 space-mobile\">\n                            <div class=\"grid-item-wrapper\">\n                                <div class=\"img-responsive-wrapper\">\n                                    <div class=\"img-responsive\">\n                                        <div class=\"img-wrapper\"><img decoding=\"async\" src=\"https:\/\/www.maccaferri.com\/fr\/wp-content\/uploads\/2024\/06\/6.png\" alt=\"\" \/><\/div>\n                                    <\/div>\n                                <\/div>\n                                <div class=\"griditem-text-wrapper text-center\">\n                                    <p class=\"griditem-text text-center\"><\/p>\n                   \n                                <\/div>\n                            <\/div>\n                        <\/div>\n                        <\/div>\n                                            <div class=\"carousel-item \">\n                        <div class=\"col-12 col-lg-4 col-xl-4 col-xxl-4 space-mobile\">\n                            <div class=\"grid-item-wrapper\">\n                                <div class=\"img-responsive-wrapper\">\n                                    <div class=\"img-responsive\">\n                                        <div class=\"img-wrapper\"><img decoding=\"async\" src=\"https:\/\/www.maccaferri.com\/fr\/wp-content\/uploads\/2024\/06\/20230911_162550_2.jpg\" alt=\"\" \/><\/div>\n                                    <\/div>\n                                <\/div>\n                                <div class=\"griditem-text-wrapper text-center\">\n                                    <p class=\"griditem-text text-center\"><\/p>\n                   \n                                <\/div>\n                            <\/div>\n                        <\/div>\n                        <\/div>\n                                    <\/div>\n            <\/div>\n\n        <\/div>\n    <\/div><\/div><\/div><p><\/p>","protected":false},"excerpt":{"rendered":"","protected":false},"author":7096,"featured_media":115472,"parent":0,"menu_order":0,"comment_status":"closed","ping_status":"closed","template":"","meta":{"_acf_changed":false,"_joinchat":[],"footnotes":""},"class_list":["post-115237","page","type-page","status-publish","has-post-thumbnail","hentry"],"acf":{"uuid_products":"","product-documents":""},"yoast_head":"<!-- This site is optimized with the Yoast SEO Premium plugin v27.0 (Yoast SEO v27.0) - https:\/\/yoast.com\/product\/yoast-seo-premium-wordpress\/ -->\n<title>\u00c9pisode 9 : D\u00e9fis techniques et innovation durable : l\u2019\u00e9changeur de La Paoute - Maccaferri France<\/title>\n<meta name=\"description\" content=\"Le 9\u00e8me \u00e9pisode du podcast Immersion Chantier d\u00e9di\u00e9 \u00e0 la cr\u00e9ation de l&#039;\u00e9changeur de la Paoute \u00e0 Grasse sur la RD6185.\" \/>\n<meta name=\"robots\" content=\"index, follow, max-snippet:-1, max-image-preview:large, max-video-preview:-1\" \/>\n<link rel=\"canonical\" href=\"https:\/\/www.maccaferri.com\/fr\/episode-9-defis-techniques-et-innovation-durable-lechangeur-de-la-paoute\/\" \/>\n<meta property=\"og:locale\" content=\"fr_FR\" \/>\n<meta property=\"og:type\" content=\"article\" \/>\n<meta property=\"og:title\" content=\"\u00c9pisode 9 : D\u00e9fis techniques et innovation durable : l\u2019\u00e9changeur de La Paoute\" \/>\n<meta property=\"og:description\" content=\"Le 9\u00e8me \u00e9pisode du podcast Immersion Chantier d\u00e9di\u00e9 \u00e0 la cr\u00e9ation de l&#039;\u00e9changeur de la Paoute \u00e0 Grasse sur la RD6185.\" \/>\n<meta property=\"og:url\" content=\"https:\/\/www.maccaferri.com\/fr\/episode-9-defis-techniques-et-innovation-durable-lechangeur-de-la-paoute\/\" \/>\n<meta property=\"og:site_name\" content=\"Maccaferri France\" \/>\n<meta property=\"article:modified_time\" content=\"2026-01-20T08:54:47+00:00\" \/>\n<meta property=\"og:image\" content=\"https:\/\/www.maccaferri.com\/fr\/wp-content\/uploads\/2026\/01\/episode-9.png\" \/>\n\t<meta property=\"og:image:width\" content=\"1915\" \/>\n\t<meta property=\"og:image:height\" content=\"530\" \/>\n\t<meta property=\"og:image:type\" content=\"image\/png\" \/>\n<meta name=\"twitter:card\" content=\"summary_large_image\" \/>\n<meta name=\"twitter:label1\" content=\"Dur\u00e9e de lecture estim\u00e9e\" \/>\n\t<meta name=\"twitter:data1\" content=\"2 minutes\" \/>\n<script type=\"application\/ld+json\" class=\"yoast-schema-graph\">{\"@context\":\"https:\/\/schema.org\",\"@graph\":[{\"@type\":\"WebPage\",\"@id\":\"https:\/\/www.maccaferri.com\/fr\/episode-9-defis-techniques-et-innovation-durable-lechangeur-de-la-paoute\/\",\"url\":\"https:\/\/www.maccaferri.com\/fr\/episode-9-defis-techniques-et-innovation-durable-lechangeur-de-la-paoute\/\",\"name\":\"\u00c9pisode 9 : D\u00e9fis techniques et innovation durable : l\u2019\u00e9changeur de La Paoute - Maccaferri France\",\"isPartOf\":{\"@id\":\"https:\/\/www.maccaferri.com\/fr\/#website\"},\"primaryImageOfPage\":{\"@id\":\"https:\/\/www.maccaferri.com\/fr\/episode-9-defis-techniques-et-innovation-durable-lechangeur-de-la-paoute\/#primaryimage\"},\"image\":{\"@id\":\"https:\/\/www.maccaferri.com\/fr\/episode-9-defis-techniques-et-innovation-durable-lechangeur-de-la-paoute\/#primaryimage\"},\"thumbnailUrl\":\"https:\/\/www.maccaferri.com\/fr\/wp-content\/uploads\/2026\/01\/episode-9.png\",\"datePublished\":\"2026-01-20T08:37:11+00:00\",\"dateModified\":\"2026-01-20T08:54:47+00:00\",\"description\":\"Le 9\u00e8me \u00e9pisode du podcast Immersion Chantier d\u00e9di\u00e9 \u00e0 la cr\u00e9ation de l'\u00e9changeur de la Paoute \u00e0 Grasse sur la RD6185.\",\"breadcrumb\":{\"@id\":\"https:\/\/www.maccaferri.com\/fr\/episode-9-defis-techniques-et-innovation-durable-lechangeur-de-la-paoute\/#breadcrumb\"},\"inLanguage\":\"fr-FR\",\"potentialAction\":[{\"@type\":\"ReadAction\",\"target\":[\"https:\/\/www.maccaferri.com\/fr\/episode-9-defis-techniques-et-innovation-durable-lechangeur-de-la-paoute\/\"]}]},{\"@type\":\"ImageObject\",\"inLanguage\":\"fr-FR\",\"@id\":\"https:\/\/www.maccaferri.com\/fr\/episode-9-defis-techniques-et-innovation-durable-lechangeur-de-la-paoute\/#primaryimage\",\"url\":\"https:\/\/www.maccaferri.com\/fr\/wp-content\/uploads\/2026\/01\/episode-9.png\",\"contentUrl\":\"https:\/\/www.maccaferri.com\/fr\/wp-content\/uploads\/2026\/01\/episode-9.png\",\"width\":1915,\"height\":530},{\"@type\":\"BreadcrumbList\",\"@id\":\"https:\/\/www.maccaferri.com\/fr\/episode-9-defis-techniques-et-innovation-durable-lechangeur-de-la-paoute\/#breadcrumb\",\"itemListElement\":[{\"@type\":\"ListItem\",\"position\":1,\"name\":\"Home\",\"item\":\"https:\/\/www.maccaferri.com\/fr\/\"},{\"@type\":\"ListItem\",\"position\":2,\"name\":\"\u00c9pisode 9 : D\u00e9fis techniques et innovation durable : l\u2019\u00e9changeur de La Paoute\"}]},{\"@type\":\"WebSite\",\"@id\":\"https:\/\/www.maccaferri.com\/fr\/#website\",\"url\":\"https:\/\/www.maccaferri.com\/fr\/\",\"name\":\"Maccaferri France\",\"description\":\"\",\"publisher\":{\"@id\":\"https:\/\/www.maccaferri.com\/fr\/#organization\"},\"potentialAction\":[{\"@type\":\"SearchAction\",\"target\":{\"@type\":\"EntryPoint\",\"urlTemplate\":\"https:\/\/www.maccaferri.com\/fr\/?s={search_term_string}\"},\"query-input\":{\"@type\":\"PropertyValueSpecification\",\"valueRequired\":true,\"valueName\":\"search_term_string\"}}],\"inLanguage\":\"fr-FR\"},{\"@type\":\"Organization\",\"@id\":\"https:\/\/www.maccaferri.com\/fr\/#organization\",\"name\":\"Maccaferri France\",\"url\":\"https:\/\/www.maccaferri.com\/fr\/\",\"logo\":{\"@type\":\"ImageObject\",\"inLanguage\":\"fr-FR\",\"@id\":\"https:\/\/www.maccaferri.com\/fr\/#\/schema\/logo\/image\/\",\"url\":\"https:\/\/www.maccaferri.com\/fr\/wp-content\/uploads\/2022\/07\/logo-maccaferri.png\",\"contentUrl\":\"https:\/\/www.maccaferri.com\/fr\/wp-content\/uploads\/2022\/07\/logo-maccaferri.png\",\"width\":152,\"height\":32,\"caption\":\"Maccaferri France\"},\"image\":{\"@id\":\"https:\/\/www.maccaferri.com\/fr\/#\/schema\/logo\/image\/\"}}]}<\/script>\n<!-- \/ Yoast SEO Premium plugin. -->","yoast_head_json":{"title":"\u00c9pisode 9 : D\u00e9fis techniques et innovation durable : l\u2019\u00e9changeur de La Paoute - Maccaferri France","description":"Le 9\u00e8me \u00e9pisode du podcast Immersion Chantier d\u00e9di\u00e9 \u00e0 la cr\u00e9ation de l'\u00e9changeur de la Paoute \u00e0 Grasse sur la RD6185.","robots":{"index":"index","follow":"follow","max-snippet":"max-snippet:-1","max-image-preview":"max-image-preview:large","max-video-preview":"max-video-preview:-1"},"canonical":"https:\/\/www.maccaferri.com\/fr\/episode-9-defis-techniques-et-innovation-durable-lechangeur-de-la-paoute\/","og_locale":"fr_FR","og_type":"article","og_title":"\u00c9pisode 9 : D\u00e9fis techniques et innovation durable : l\u2019\u00e9changeur de La Paoute","og_description":"Le 9\u00e8me \u00e9pisode du podcast Immersion Chantier d\u00e9di\u00e9 \u00e0 la cr\u00e9ation de l'\u00e9changeur de la Paoute \u00e0 Grasse sur la RD6185.","og_url":"https:\/\/www.maccaferri.com\/fr\/episode-9-defis-techniques-et-innovation-durable-lechangeur-de-la-paoute\/","og_site_name":"Maccaferri France","article_modified_time":"2026-01-20T08:54:47+00:00","og_image":[{"width":1915,"height":530,"url":"https:\/\/www.maccaferri.com\/fr\/wp-content\/uploads\/2026\/01\/episode-9.png","type":"image\/png"}],"twitter_card":"summary_large_image","twitter_misc":{"Dur\u00e9e de lecture estim\u00e9e":"2 minutes"},"schema":{"@context":"https:\/\/schema.org","@graph":[{"@type":"WebPage","@id":"https:\/\/www.maccaferri.com\/fr\/episode-9-defis-techniques-et-innovation-durable-lechangeur-de-la-paoute\/","url":"https:\/\/www.maccaferri.com\/fr\/episode-9-defis-techniques-et-innovation-durable-lechangeur-de-la-paoute\/","name":"\u00c9pisode 9 : D\u00e9fis techniques et innovation durable : l\u2019\u00e9changeur de La Paoute - Maccaferri France","isPartOf":{"@id":"https:\/\/www.maccaferri.com\/fr\/#website"},"primaryImageOfPage":{"@id":"https:\/\/www.maccaferri.com\/fr\/episode-9-defis-techniques-et-innovation-durable-lechangeur-de-la-paoute\/#primaryimage"},"image":{"@id":"https:\/\/www.maccaferri.com\/fr\/episode-9-defis-techniques-et-innovation-durable-lechangeur-de-la-paoute\/#primaryimage"},"thumbnailUrl":"https:\/\/www.maccaferri.com\/fr\/wp-content\/uploads\/2026\/01\/episode-9.png","datePublished":"2026-01-20T08:37:11+00:00","dateModified":"2026-01-20T08:54:47+00:00","description":"Le 9\u00e8me \u00e9pisode du podcast Immersion Chantier d\u00e9di\u00e9 \u00e0 la cr\u00e9ation de l'\u00e9changeur de la Paoute \u00e0 Grasse sur la RD6185.","breadcrumb":{"@id":"https:\/\/www.maccaferri.com\/fr\/episode-9-defis-techniques-et-innovation-durable-lechangeur-de-la-paoute\/#breadcrumb"},"inLanguage":"fr-FR","potentialAction":[{"@type":"ReadAction","target":["https:\/\/www.maccaferri.com\/fr\/episode-9-defis-techniques-et-innovation-durable-lechangeur-de-la-paoute\/"]}]},{"@type":"ImageObject","inLanguage":"fr-FR","@id":"https:\/\/www.maccaferri.com\/fr\/episode-9-defis-techniques-et-innovation-durable-lechangeur-de-la-paoute\/#primaryimage","url":"https:\/\/www.maccaferri.com\/fr\/wp-content\/uploads\/2026\/01\/episode-9.png","contentUrl":"https:\/\/www.maccaferri.com\/fr\/wp-content\/uploads\/2026\/01\/episode-9.png","width":1915,"height":530},{"@type":"BreadcrumbList","@id":"https:\/\/www.maccaferri.com\/fr\/episode-9-defis-techniques-et-innovation-durable-lechangeur-de-la-paoute\/#breadcrumb","itemListElement":[{"@type":"ListItem","position":1,"name":"Home","item":"https:\/\/www.maccaferri.com\/fr\/"},{"@type":"ListItem","position":2,"name":"\u00c9pisode 9 : D\u00e9fis techniques et innovation durable : l\u2019\u00e9changeur de La Paoute"}]},{"@type":"WebSite","@id":"https:\/\/www.maccaferri.com\/fr\/#website","url":"https:\/\/www.maccaferri.com\/fr\/","name":"Maccaferri France","description":"","publisher":{"@id":"https:\/\/www.maccaferri.com\/fr\/#organization"},"potentialAction":[{"@type":"SearchAction","target":{"@type":"EntryPoint","urlTemplate":"https:\/\/www.maccaferri.com\/fr\/?s={search_term_string}"},"query-input":{"@type":"PropertyValueSpecification","valueRequired":true,"valueName":"search_term_string"}}],"inLanguage":"fr-FR"},{"@type":"Organization","@id":"https:\/\/www.maccaferri.com\/fr\/#organization","name":"Maccaferri France","url":"https:\/\/www.maccaferri.com\/fr\/","logo":{"@type":"ImageObject","inLanguage":"fr-FR","@id":"https:\/\/www.maccaferri.com\/fr\/#\/schema\/logo\/image\/","url":"https:\/\/www.maccaferri.com\/fr\/wp-content\/uploads\/2022\/07\/logo-maccaferri.png","contentUrl":"https:\/\/www.maccaferri.com\/fr\/wp-content\/uploads\/2022\/07\/logo-maccaferri.png","width":152,"height":32,"caption":"Maccaferri France"},"image":{"@id":"https:\/\/www.maccaferri.com\/fr\/#\/schema\/logo\/image\/"}}]}},"_links":{"self":[{"href":"https:\/\/www.maccaferri.com\/fr\/wp-json\/wp\/v2\/pages\/115237","targetHints":{"allow":["GET"]}}],"collection":[{"href":"https:\/\/www.maccaferri.com\/fr\/wp-json\/wp\/v2\/pages"}],"about":[{"href":"https:\/\/www.maccaferri.com\/fr\/wp-json\/wp\/v2\/types\/page"}],"author":[{"embeddable":true,"href":"https:\/\/www.maccaferri.com\/fr\/wp-json\/wp\/v2\/users\/7096"}],"replies":[{"embeddable":true,"href":"https:\/\/www.maccaferri.com\/fr\/wp-json\/wp\/v2\/comments?post=115237"}],"version-history":[{"count":6,"href":"https:\/\/www.maccaferri.com\/fr\/wp-json\/wp\/v2\/pages\/115237\/revisions"}],"predecessor-version":[{"id":115481,"href":"https:\/\/www.maccaferri.com\/fr\/wp-json\/wp\/v2\/pages\/115237\/revisions\/115481"}],"wp:featuredmedia":[{"embeddable":true,"href":"https:\/\/www.maccaferri.com\/fr\/wp-json\/wp\/v2\/media\/115472"}],"wp:attachment":[{"href":"https:\/\/www.maccaferri.com\/fr\/wp-json\/wp\/v2\/media?parent=115237"}],"curies":[{"name":"wp","href":"https:\/\/api.w.org\/{rel}","templated":true}]}}