{"id":10590,"date":"2023-03-03T15:36:36","date_gmt":"2023-03-03T14:36:36","guid":{"rendered":"https:\/\/www.maccaferri.com\/fr\/?page_id=10590"},"modified":"2023-05-22T11:18:12","modified_gmt":"2023-05-22T09:18:12","slug":"webinaire-systemes-de-grillage-tests-certifications","status":"publish","type":"page","link":"https:\/\/www.maccaferri.com\/fr\/webinaire-systemes-de-grillage-tests-certifications\/","title":{"rendered":"WEBINAIRE &#8211; Syst\u00e8mes de grillage : tests &amp; certifications"},"content":{"rendered":"<div class=\"wp-block-mac-h1-title-hero-block container-fluid block-txt-container\" style=\"background:linear-gradient(180deg,rgb(1,94,111) 0%,rgb(0,72,87) 100%)\"><div class=\"row\"><div class=\"col\"><div class=\"gts__picture\"><img style=\"display:none\" \/><div class=\"gts__picture__image\" style=\"background-image:url(undefined)\"><\/div><\/div><div class=\"container box-container\"><div class=\"row\"><div class=\"col title-box-txt\"><h1 class=\"wp-block-mac-h1-title-hero-block\" style=\"color:#ffffff;text-align:none\">WEBINAIRE<\/h1><\/div><\/div><\/div><\/div><\/div><\/div><div class=\"wp-block-mac-h2-title-block block-txt-container box-container\"><div class=\"row\"><div class=\"col title-box-txt\"><h2 style=\"color:#212429;text-align:none\">Syst\u00e8mes de grillage : tests &amp; certifications<\/h2><\/div><\/div><\/div><div class=\"wp-block-mac-container-block box-container\"><div class=\"wp-block-columns is-layout-flex wp-container-core-columns-is-layout-9d6595d7 wp-block-columns-is-layout-flex\"><div class=\"wp-block-column is-layout-flow wp-block-column-is-layout-flow\"><figure class=\"wp-block-video\"><video height=\"1080\" style=\"aspect-ratio: 1920 \/ 1080;\" width=\"1920\" controls src=\"https:\/\/www.maccaferri.com\/fr\/wp-content\/uploads\/2023\/03\/Webinaire-Systemes-de-grillage-et-filets-_-tests-certifications-.mp4\"><\/video><\/figure><\/div><\/div><\/div>","protected":false},"excerpt":{"rendered":"","protected":false},"author":6,"featured_media":0,"parent":0,"menu_order":0,"comment_status":"closed","ping_status":"closed","template":"","meta":{"_acf_changed":false,"_joinchat":[],"footnotes":""},"class_list":["post-10590","page","type-page","status-publish","hentry"],"acf":{"uuid_products":"","product-documents":[6544,6543]},"yoast_head":"<!-- This site is optimized with the Yoast SEO Premium plugin v27.0 (Yoast SEO v27.0) - https:\/\/yoast.com\/product\/yoast-seo-premium-wordpress\/ -->\n<title>WEBINAIRE - Syst\u00e8mes de grillage : tests &amp; certifications - Maccaferri France<\/title>\n<meta name=\"description\" content=\"Visionnez notre webinaire sur les syst\u00e8mes de grillage et filets, et plus particuli\u00e8rement sur les tests et certifications dont ils b\u00e9n\u00e9ficient.\" \/>\n<meta name=\"robots\" content=\"index, follow, max-snippet:-1, max-image-preview:large, max-video-preview:-1\" \/>\n<link rel=\"canonical\" href=\"https:\/\/www.maccaferri.com\/fr\/webinaire-systemes-de-grillage-tests-certifications\/\" \/>\n<meta property=\"og:locale\" content=\"fr_FR\" \/>\n<meta property=\"og:type\" content=\"article\" \/>\n<meta property=\"og:title\" content=\"WEBINAIRE - Syst\u00e8mes de grillage : tests &amp; certifications\" \/>\n<meta property=\"og:description\" content=\"Visionnez notre webinaire sur les syst\u00e8mes de grillage et filets, et plus particuli\u00e8rement sur les tests et certifications dont ils b\u00e9n\u00e9ficient.\" \/>\n<meta property=\"og:url\" content=\"https:\/\/www.maccaferri.com\/fr\/webinaire-systemes-de-grillage-tests-certifications\/\" \/>\n<meta property=\"og:site_name\" content=\"Maccaferri France\" \/>\n<meta property=\"article:modified_time\" content=\"2023-05-22T09:18:12+00:00\" \/>\n<meta name=\"twitter:card\" content=\"summary_large_image\" \/>\n<meta name=\"twitter:label1\" content=\"Dur\u00e9e de lecture estim\u00e9e\" \/>\n\t<meta name=\"twitter:data1\" content=\"1 minute\" \/>\n<script type=\"application\/ld+json\" class=\"yoast-schema-graph\">{\"@context\":\"https:\/\/schema.org\",\"@graph\":[{\"@type\":\"WebPage\",\"@id\":\"https:\/\/www.maccaferri.com\/fr\/webinaire-systemes-de-grillage-tests-certifications\/\",\"url\":\"https:\/\/www.maccaferri.com\/fr\/webinaire-systemes-de-grillage-tests-certifications\/\",\"name\":\"WEBINAIRE - Syst\u00e8mes de grillage : tests &amp; certifications - Maccaferri France\",\"isPartOf\":{\"@id\":\"https:\/\/www.maccaferri.com\/fr\/#website\"},\"datePublished\":\"2023-03-03T14:36:36+00:00\",\"dateModified\":\"2023-05-22T09:18:12+00:00\",\"description\":\"Visionnez notre webinaire sur les syst\u00e8mes de grillage et filets, et plus particuli\u00e8rement sur les tests et certifications dont ils b\u00e9n\u00e9ficient.\",\"breadcrumb\":{\"@id\":\"https:\/\/www.maccaferri.com\/fr\/webinaire-systemes-de-grillage-tests-certifications\/#breadcrumb\"},\"inLanguage\":\"fr-FR\",\"potentialAction\":[{\"@type\":\"ReadAction\",\"target\":[\"https:\/\/www.maccaferri.com\/fr\/webinaire-systemes-de-grillage-tests-certifications\/\"]}]},{\"@type\":\"BreadcrumbList\",\"@id\":\"https:\/\/www.maccaferri.com\/fr\/webinaire-systemes-de-grillage-tests-certifications\/#breadcrumb\",\"itemListElement\":[{\"@type\":\"ListItem\",\"position\":1,\"name\":\"Home\",\"item\":\"https:\/\/www.maccaferri.com\/fr\/\"},{\"@type\":\"ListItem\",\"position\":2,\"name\":\"WEBINAIRE &#8211; Syst\u00e8mes de grillage : tests &amp; certifications\"}]},{\"@type\":\"WebSite\",\"@id\":\"https:\/\/www.maccaferri.com\/fr\/#website\",\"url\":\"https:\/\/www.maccaferri.com\/fr\/\",\"name\":\"Maccaferri France\",\"description\":\"\",\"publisher\":{\"@id\":\"https:\/\/www.maccaferri.com\/fr\/#organization\"},\"potentialAction\":[{\"@type\":\"SearchAction\",\"target\":{\"@type\":\"EntryPoint\",\"urlTemplate\":\"https:\/\/www.maccaferri.com\/fr\/?s={search_term_string}\"},\"query-input\":{\"@type\":\"PropertyValueSpecification\",\"valueRequired\":true,\"valueName\":\"search_term_string\"}}],\"inLanguage\":\"fr-FR\"},{\"@type\":\"Organization\",\"@id\":\"https:\/\/www.maccaferri.com\/fr\/#organization\",\"name\":\"Maccaferri France\",\"url\":\"https:\/\/www.maccaferri.com\/fr\/\",\"logo\":{\"@type\":\"ImageObject\",\"inLanguage\":\"fr-FR\",\"@id\":\"https:\/\/www.maccaferri.com\/fr\/#\/schema\/logo\/image\/\",\"url\":\"https:\/\/www.maccaferri.com\/fr\/wp-content\/uploads\/2022\/07\/logo-maccaferri.png\",\"contentUrl\":\"https:\/\/www.maccaferri.com\/fr\/wp-content\/uploads\/2022\/07\/logo-maccaferri.png\",\"width\":152,\"height\":32,\"caption\":\"Maccaferri France\"},\"image\":{\"@id\":\"https:\/\/www.maccaferri.com\/fr\/#\/schema\/logo\/image\/\"}}]}<\/script>\n<!-- \/ Yoast SEO Premium plugin. -->","yoast_head_json":{"title":"WEBINAIRE - Syst\u00e8mes de grillage : tests &amp; certifications - Maccaferri France","description":"Visionnez notre webinaire sur les syst\u00e8mes de grillage et filets, et plus particuli\u00e8rement sur les tests et certifications dont ils b\u00e9n\u00e9ficient.","robots":{"index":"index","follow":"follow","max-snippet":"max-snippet:-1","max-image-preview":"max-image-preview:large","max-video-preview":"max-video-preview:-1"},"canonical":"https:\/\/www.maccaferri.com\/fr\/webinaire-systemes-de-grillage-tests-certifications\/","og_locale":"fr_FR","og_type":"article","og_title":"WEBINAIRE - Syst\u00e8mes de grillage : tests &amp; certifications","og_description":"Visionnez notre webinaire sur les syst\u00e8mes de grillage et filets, et plus particuli\u00e8rement sur les tests et certifications dont ils b\u00e9n\u00e9ficient.","og_url":"https:\/\/www.maccaferri.com\/fr\/webinaire-systemes-de-grillage-tests-certifications\/","og_site_name":"Maccaferri France","article_modified_time":"2023-05-22T09:18:12+00:00","twitter_card":"summary_large_image","twitter_misc":{"Dur\u00e9e de lecture estim\u00e9e":"1 minute"},"schema":{"@context":"https:\/\/schema.org","@graph":[{"@type":"WebPage","@id":"https:\/\/www.maccaferri.com\/fr\/webinaire-systemes-de-grillage-tests-certifications\/","url":"https:\/\/www.maccaferri.com\/fr\/webinaire-systemes-de-grillage-tests-certifications\/","name":"WEBINAIRE - Syst\u00e8mes de grillage : tests &amp; certifications - Maccaferri France","isPartOf":{"@id":"https:\/\/www.maccaferri.com\/fr\/#website"},"datePublished":"2023-03-03T14:36:36+00:00","dateModified":"2023-05-22T09:18:12+00:00","description":"Visionnez notre webinaire sur les syst\u00e8mes de grillage et filets, et plus particuli\u00e8rement sur les tests et certifications dont ils b\u00e9n\u00e9ficient.","breadcrumb":{"@id":"https:\/\/www.maccaferri.com\/fr\/webinaire-systemes-de-grillage-tests-certifications\/#breadcrumb"},"inLanguage":"fr-FR","potentialAction":[{"@type":"ReadAction","target":["https:\/\/www.maccaferri.com\/fr\/webinaire-systemes-de-grillage-tests-certifications\/"]}]},{"@type":"BreadcrumbList","@id":"https:\/\/www.maccaferri.com\/fr\/webinaire-systemes-de-grillage-tests-certifications\/#breadcrumb","itemListElement":[{"@type":"ListItem","position":1,"name":"Home","item":"https:\/\/www.maccaferri.com\/fr\/"},{"@type":"ListItem","position":2,"name":"WEBINAIRE &#8211; Syst\u00e8mes de grillage : tests &amp; certifications"}]},{"@type":"WebSite","@id":"https:\/\/www.maccaferri.com\/fr\/#website","url":"https:\/\/www.maccaferri.com\/fr\/","name":"Maccaferri France","description":"","publisher":{"@id":"https:\/\/www.maccaferri.com\/fr\/#organization"},"potentialAction":[{"@type":"SearchAction","target":{"@type":"EntryPoint","urlTemplate":"https:\/\/www.maccaferri.com\/fr\/?s={search_term_string}"},"query-input":{"@type":"PropertyValueSpecification","valueRequired":true,"valueName":"search_term_string"}}],"inLanguage":"fr-FR"},{"@type":"Organization","@id":"https:\/\/www.maccaferri.com\/fr\/#organization","name":"Maccaferri France","url":"https:\/\/www.maccaferri.com\/fr\/","logo":{"@type":"ImageObject","inLanguage":"fr-FR","@id":"https:\/\/www.maccaferri.com\/fr\/#\/schema\/logo\/image\/","url":"https:\/\/www.maccaferri.com\/fr\/wp-content\/uploads\/2022\/07\/logo-maccaferri.png","contentUrl":"https:\/\/www.maccaferri.com\/fr\/wp-content\/uploads\/2022\/07\/logo-maccaferri.png","width":152,"height":32,"caption":"Maccaferri France"},"image":{"@id":"https:\/\/www.maccaferri.com\/fr\/#\/schema\/logo\/image\/"}}]}},"_links":{"self":[{"href":"https:\/\/www.maccaferri.com\/fr\/wp-json\/wp\/v2\/pages\/10590","targetHints":{"allow":["GET"]}}],"collection":[{"href":"https:\/\/www.maccaferri.com\/fr\/wp-json\/wp\/v2\/pages"}],"about":[{"href":"https:\/\/www.maccaferri.com\/fr\/wp-json\/wp\/v2\/types\/page"}],"author":[{"embeddable":true,"href":"https:\/\/www.maccaferri.com\/fr\/wp-json\/wp\/v2\/users\/6"}],"replies":[{"embeddable":true,"href":"https:\/\/www.maccaferri.com\/fr\/wp-json\/wp\/v2\/comments?post=10590"}],"version-history":[{"count":6,"href":"https:\/\/www.maccaferri.com\/fr\/wp-json\/wp\/v2\/pages\/10590\/revisions"}],"predecessor-version":[{"id":10737,"href":"https:\/\/www.maccaferri.com\/fr\/wp-json\/wp\/v2\/pages\/10590\/revisions\/10737"}],"wp:attachment":[{"href":"https:\/\/www.maccaferri.com\/fr\/wp-json\/wp\/v2\/media?parent=10590"}],"curies":[{"name":"wp","href":"https:\/\/api.w.org\/{rel}","templated":true}]}}