{"id":105425,"date":"2025-10-17T15:08:32","date_gmt":"2025-10-17T13:08:32","guid":{"rendered":"https:\/\/www.maccaferri.com\/fr\/?page_id=105425"},"modified":"2025-10-20T11:34:37","modified_gmt":"2025-10-20T09:34:37","slug":"webinaire-etude-de-cas-la-gestion-du-risque-rocheux-dans-les-alpes-de-haute-provence-des-solutions-adaptees-a-chaque-problematique-sur-la-rd-900","status":"publish","type":"page","link":"https:\/\/www.maccaferri.com\/fr\/webinaire-etude-de-cas-la-gestion-du-risque-rocheux-dans-les-alpes-de-haute-provence-des-solutions-adaptees-a-chaque-problematique-sur-la-rd-900\/","title":{"rendered":"WEBINAIRE &#8211; Etude de cas \u2013 La gestion du risque rocheux dans les Alpes de Haute Provence : des solutions adapt\u00e9es \u00e0 chaque probl\u00e9matique sur la RD 900"},"content":{"rendered":"<div class=\"wp-block-mac-h2-title-block block-txt-container box-container\"><div class=\"row\"><div class=\"col title-box-txt\"><h2 style=\"color:#212429;text-align:none\">Etude de cas \u2013 La gestion du risque rocheux dans les Alpes de Haute Provence : des solutions adapt\u00e9es \u00e0 chaque probl\u00e9matique sur la RD 900<\/h2><\/div><\/div><\/div><div class=\"wp-block-mac-container-block box-container\"><div class=\"wp-block-columns is-layout-flex wp-container-core-columns-is-layout-9d6595d7 wp-block-columns-is-layout-flex\"><div class=\"wp-block-column is-layout-flow wp-block-column-is-layout-flow\"><figure class=\"wp-block-video\"><video height=\"1080\" style=\"aspect-ratio: 1920 \/ 1080;\" width=\"1920\" controls src=\"https:\/\/www.maccaferri.com\/fr\/wp-content\/uploads\/2025\/10\/La-gestion-du-risque-rocheux-dans-les-Alpes-de-Haute-Provence-2.mp4\"><\/video><\/figure><\/div><\/div><\/div><div class=\"wp-block-mac-container-block box-container\"><div class=\"wp-block-columns is-layout-flex wp-container-core-columns-is-layout-9d6595d7 wp-block-columns-is-layout-flex\"><div class=\"wp-block-column is-layout-flow wp-block-column-is-layout-flow\"><p class=\"has-text-align-center\">Pour plus d&#8217;information contactez nous ! <\/p><\/div><\/div><\/div><div class=\"wp-block-buttons is-content-justification-center is-layout-flex wp-container-core-buttons-is-layout-16018d1d wp-block-buttons-is-layout-flex\"><div class=\"wp-block-button\"><a class=\"wp-block-button__link wp-element-button\" href=\"https:\/\/www.maccaferri.com\/fr\/contactez-nous\/\" target=\"_blank\" rel=\"noreferrer noopener\">Contactez nous !<\/a><\/div><\/div><div class=\"content-document-dowload\">\n    <div class=\"container-fluid box-container\">\n        <div class=\"row\">\n            <div class=\"col-12\">\n            <h2>T\u00e9l\u00e9charger les documents<\/h2>\n            <\/div>\n        <\/div>\n    <\/div>\n    <div class=\"content-fluid has-white-background-color has-background\"><div class=\"content-document-dowload box-container\"><ul><li><a href=\"https:\/\/www.maccaferri.com\/fr\/download\/article-travaux-protection-contre-les-eboulements-rocheux-de-la-rd900-sur-le-secteur-de-la-rochaille-04\/\" target=\"_blank\" title=\"Article Travaux \u2013 Protection contre les \u00e9boulements rocheux de la RD900 sur le secteur de La Rochaille (04)\">Article Travaux \u2013 Protection contre les \u00e9boulements rocheux de la RD900 sur le secteur de La Rochaille (04)<\/a><a href=\"https:\/\/www.maccaferri.com\/fr\/dashboard\" class=\"btn-dowload\" data-bs-toggle=\"tooltip\" data-bs-placement=\"top\" title=\"Article Travaux \u2013 Protection contre les \u00e9boulements rocheux de la RD900 sur le secteur de La Rochaille (04)\"><span class=\"material-symbols-outlined download\">sim_card_download<\/span><\/a><\/li><li><a href=\"https:\/\/www.maccaferri.com\/fr\/download\/article-solscope-mag-la-securisation-de-la-route-rd-900-contre-les-eboulements-rocheux-dans-le-secteur-de-la-rochaille\/\" target=\"_blank\" title=\"Article Solscope Mag - La s\u00e9curisation de la route RD 900 contre les \u00e9boulements rocheux dans le secteur de La Rochaille\">Article Solscope Mag &#8211; La s\u00e9curisation de la route RD 900 contre les \u00e9boulements rocheux dans le secteur de La Rochaille<\/a><a href=\"https:\/\/www.maccaferri.com\/fr\/dashboard\" class=\"btn-dowload\" data-bs-toggle=\"tooltip\" data-bs-placement=\"top\" title=\"Article Solscope Mag - La s\u00e9curisation de la route RD 900 contre les \u00e9boulements rocheux dans le secteur de La Rochaille\"><span class=\"material-symbols-outlined download\">sim_card_download<\/span><\/a><\/li><li><a href=\"https:\/\/www.maccaferri.com\/fr\/download\/fiche-chantier-la-rochaille-04-hellomac\/\" target=\"_blank\" title=\"Fiche chantier - La Rochaille 04 - HELLOMAC\">Fiche chantier &#8211; La Rochaille 04 &#8211; HELLOMAC<\/a><a href=\"#\" target=\"_blank\" class=\"btn-dowload btn-file-download\" data-id-file=\"56437\" data-cat-file=\"default\" data-bs-toggle=\"tooltip\" data-bs-placement=\"top\" title=\"Fiche chantier - La Rochaille 04 - HELLOMAC\"><span class=\"material-symbols-outlined download\">sim_card_download<\/span><\/a><\/li><li><a href=\"https:\/\/www.maccaferri.com\/fr\/download\/fiche-chantier-la-rochaille-04-protections-risques-naturels\/\" target=\"_blank\" title=\"Fiche chantier - La Rochaille 04 - Protections risques naturels\">Fiche chantier &#8211; La Rochaille 04 &#8211; Protections risques naturels<\/a><a href=\"#\" target=\"_blank\" class=\"btn-dowload btn-file-download\" data-id-file=\"56443\" data-cat-file=\"default\" data-bs-toggle=\"tooltip\" data-bs-placement=\"top\" title=\"Fiche chantier - La Rochaille 04 - Protections risques naturels\"><span class=\"material-symbols-outlined download\">sim_card_download<\/span><\/a><\/li><li><a href=\"https:\/\/www.maccaferri.com\/fr\/download\/presentation-webinaire-etude-de-cas-la-gestion-du-risque-rocheux-dans-les-alpes-de-haute-provence\/\" target=\"_blank\" title=\"PRESENTATION WEBINAIRE - Etude de cas \u2013 La gestion du risque rocheux dans les Alpes de Haute Provence\">PRESENTATION WEBINAIRE &#8211; Etude de cas \u2013 La gestion du risque rocheux dans les Alpes de Haute Provence<\/a><a href=\"https:\/\/www.maccaferri.com\/fr\/dashboard\" class=\"btn-dowload\" data-bs-toggle=\"tooltip\" data-bs-placement=\"top\" title=\"PRESENTATION WEBINAIRE - Etude de cas \u2013 La gestion du risque rocheux dans les Alpes de Haute Provence\"><span class=\"material-symbols-outlined download\">sim_card_download<\/span><\/a><\/li><\/ul><\/div><\/div><\/div>\n\n<script type=\"text\/javascript\">\n    jQuery('.btn-file-download').click(function(e) {\n        e.preventDefault();\n        let idFile = jQuery(this).data('id-file');\n        window.open('https:\/\/www.maccaferri.com\/fr\/?wpdmdl=' + idFile);\n        return false;\n    });\n    \/\/tooltip\n    var tooltipTriggerList = [].slice.call(document.querySelectorAll('[data-bs-toggle=\"tooltip\"]'))\n    var tooltipList = tooltipTriggerList.map(function(tooltipTriggerEl) {\n        return new bootstrap.Tooltip(tooltipTriggerEl)\n    })\n<\/script>","protected":false},"excerpt":{"rendered":"","protected":false},"author":7096,"featured_media":104555,"parent":0,"menu_order":0,"comment_status":"closed","ping_status":"closed","template":"","meta":{"_acf_changed":false,"_joinchat":[],"footnotes":""},"class_list":["post-105425","page","type-page","status-publish","has-post-thumbnail","hentry"],"acf":{"uuid_products":"","product-documents":[71845,71601,56437,56443,105430]},"yoast_head":"<!-- This site is optimized with the Yoast SEO Premium plugin v27.0 (Yoast SEO v27.0) - https:\/\/yoast.com\/product\/yoast-seo-premium-wordpress\/ -->\n<title>WEBINAIRE - Etude de cas \u2013 La gestion du risque rocheux dans les Alpes de Haute Provence : des solutions adapt\u00e9es \u00e0 chaque probl\u00e9matique sur la RD 900 - Maccaferri France<\/title>\n<meta name=\"description\" content=\"Visionnez notre webinaire Etude de cas \u2013 La gestion du risque rocheux dans les Alpes de Haute Provence : des solutions adapt\u00e9es \u00e0 chaque probl\u00e9matique sur la RD 900\" \/>\n<meta name=\"robots\" content=\"index, follow, max-snippet:-1, max-image-preview:large, max-video-preview:-1\" \/>\n<link rel=\"canonical\" href=\"https:\/\/www.maccaferri.com\/fr\/webinaire-etude-de-cas-la-gestion-du-risque-rocheux-dans-les-alpes-de-haute-provence-des-solutions-adaptees-a-chaque-problematique-sur-la-rd-900\/\" \/>\n<meta property=\"og:locale\" content=\"fr_FR\" \/>\n<meta property=\"og:type\" content=\"article\" \/>\n<meta property=\"og:title\" content=\"WEBINAIRE - Etude de cas \u2013 La gestion du risque rocheux dans les Alpes de Haute Provence : des solutions adapt\u00e9es \u00e0 chaque probl\u00e9matique sur la RD 900\" \/>\n<meta property=\"og:description\" content=\"Visionnez notre webinaire Etude de cas \u2013 La gestion du risque rocheux dans les Alpes de Haute Provence : des solutions adapt\u00e9es \u00e0 chaque probl\u00e9matique sur la RD 900\" \/>\n<meta property=\"og:url\" content=\"https:\/\/www.maccaferri.com\/fr\/webinaire-etude-de-cas-la-gestion-du-risque-rocheux-dans-les-alpes-de-haute-provence-des-solutions-adaptees-a-chaque-problematique-sur-la-rd-900\/\" \/>\n<meta property=\"og:site_name\" content=\"Maccaferri France\" \/>\n<meta property=\"article:modified_time\" content=\"2025-10-20T09:34:37+00:00\" \/>\n<meta property=\"og:image\" content=\"https:\/\/www.maccaferri.com\/fr\/wp-content\/uploads\/2025\/10\/Webinaire-17102025_2.png\" \/>\n\t<meta property=\"og:image:width\" content=\"1000\" \/>\n\t<meta property=\"og:image:height\" content=\"277\" \/>\n\t<meta property=\"og:image:type\" content=\"image\/png\" \/>\n<meta name=\"twitter:card\" content=\"summary_large_image\" \/>\n<meta name=\"twitter:label1\" content=\"Dur\u00e9e de lecture estim\u00e9e\" \/>\n\t<meta name=\"twitter:data1\" content=\"1 minute\" \/>\n<script type=\"application\/ld+json\" class=\"yoast-schema-graph\">{\"@context\":\"https:\/\/schema.org\",\"@graph\":[{\"@type\":\"WebPage\",\"@id\":\"https:\/\/www.maccaferri.com\/fr\/webinaire-etude-de-cas-la-gestion-du-risque-rocheux-dans-les-alpes-de-haute-provence-des-solutions-adaptees-a-chaque-problematique-sur-la-rd-900\/\",\"url\":\"https:\/\/www.maccaferri.com\/fr\/webinaire-etude-de-cas-la-gestion-du-risque-rocheux-dans-les-alpes-de-haute-provence-des-solutions-adaptees-a-chaque-problematique-sur-la-rd-900\/\",\"name\":\"WEBINAIRE - Etude de cas \u2013 La gestion du risque rocheux dans les Alpes de Haute Provence : des solutions adapt\u00e9es \u00e0 chaque probl\u00e9matique sur la RD 900 - Maccaferri France\",\"isPartOf\":{\"@id\":\"https:\/\/www.maccaferri.com\/fr\/#website\"},\"primaryImageOfPage\":{\"@id\":\"https:\/\/www.maccaferri.com\/fr\/webinaire-etude-de-cas-la-gestion-du-risque-rocheux-dans-les-alpes-de-haute-provence-des-solutions-adaptees-a-chaque-problematique-sur-la-rd-900\/#primaryimage\"},\"image\":{\"@id\":\"https:\/\/www.maccaferri.com\/fr\/webinaire-etude-de-cas-la-gestion-du-risque-rocheux-dans-les-alpes-de-haute-provence-des-solutions-adaptees-a-chaque-problematique-sur-la-rd-900\/#primaryimage\"},\"thumbnailUrl\":\"https:\/\/www.maccaferri.com\/fr\/wp-content\/uploads\/2025\/10\/Webinaire-17102025_2.png\",\"datePublished\":\"2025-10-17T13:08:32+00:00\",\"dateModified\":\"2025-10-20T09:34:37+00:00\",\"description\":\"Visionnez notre webinaire Etude de cas \u2013 La gestion du risque rocheux dans les Alpes de Haute Provence : des solutions adapt\u00e9es \u00e0 chaque probl\u00e9matique sur la RD 900\",\"breadcrumb\":{\"@id\":\"https:\/\/www.maccaferri.com\/fr\/webinaire-etude-de-cas-la-gestion-du-risque-rocheux-dans-les-alpes-de-haute-provence-des-solutions-adaptees-a-chaque-problematique-sur-la-rd-900\/#breadcrumb\"},\"inLanguage\":\"fr-FR\",\"potentialAction\":[{\"@type\":\"ReadAction\",\"target\":[\"https:\/\/www.maccaferri.com\/fr\/webinaire-etude-de-cas-la-gestion-du-risque-rocheux-dans-les-alpes-de-haute-provence-des-solutions-adaptees-a-chaque-problematique-sur-la-rd-900\/\"]}]},{\"@type\":\"ImageObject\",\"inLanguage\":\"fr-FR\",\"@id\":\"https:\/\/www.maccaferri.com\/fr\/webinaire-etude-de-cas-la-gestion-du-risque-rocheux-dans-les-alpes-de-haute-provence-des-solutions-adaptees-a-chaque-problematique-sur-la-rd-900\/#primaryimage\",\"url\":\"https:\/\/www.maccaferri.com\/fr\/wp-content\/uploads\/2025\/10\/Webinaire-17102025_2.png\",\"contentUrl\":\"https:\/\/www.maccaferri.com\/fr\/wp-content\/uploads\/2025\/10\/Webinaire-17102025_2.png\",\"width\":1000,\"height\":277},{\"@type\":\"BreadcrumbList\",\"@id\":\"https:\/\/www.maccaferri.com\/fr\/webinaire-etude-de-cas-la-gestion-du-risque-rocheux-dans-les-alpes-de-haute-provence-des-solutions-adaptees-a-chaque-problematique-sur-la-rd-900\/#breadcrumb\",\"itemListElement\":[{\"@type\":\"ListItem\",\"position\":1,\"name\":\"Home\",\"item\":\"https:\/\/www.maccaferri.com\/fr\/\"},{\"@type\":\"ListItem\",\"position\":2,\"name\":\"WEBINAIRE &#8211; Etude de cas \u2013 La gestion du risque rocheux dans les Alpes de Haute Provence : des solutions adapt\u00e9es \u00e0 chaque probl\u00e9matique sur la RD 900\"}]},{\"@type\":\"WebSite\",\"@id\":\"https:\/\/www.maccaferri.com\/fr\/#website\",\"url\":\"https:\/\/www.maccaferri.com\/fr\/\",\"name\":\"Maccaferri France\",\"description\":\"\",\"publisher\":{\"@id\":\"https:\/\/www.maccaferri.com\/fr\/#organization\"},\"potentialAction\":[{\"@type\":\"SearchAction\",\"target\":{\"@type\":\"EntryPoint\",\"urlTemplate\":\"https:\/\/www.maccaferri.com\/fr\/?s={search_term_string}\"},\"query-input\":{\"@type\":\"PropertyValueSpecification\",\"valueRequired\":true,\"valueName\":\"search_term_string\"}}],\"inLanguage\":\"fr-FR\"},{\"@type\":\"Organization\",\"@id\":\"https:\/\/www.maccaferri.com\/fr\/#organization\",\"name\":\"Maccaferri France\",\"url\":\"https:\/\/www.maccaferri.com\/fr\/\",\"logo\":{\"@type\":\"ImageObject\",\"inLanguage\":\"fr-FR\",\"@id\":\"https:\/\/www.maccaferri.com\/fr\/#\/schema\/logo\/image\/\",\"url\":\"https:\/\/www.maccaferri.com\/fr\/wp-content\/uploads\/2022\/07\/logo-maccaferri.png\",\"contentUrl\":\"https:\/\/www.maccaferri.com\/fr\/wp-content\/uploads\/2022\/07\/logo-maccaferri.png\",\"width\":152,\"height\":32,\"caption\":\"Maccaferri France\"},\"image\":{\"@id\":\"https:\/\/www.maccaferri.com\/fr\/#\/schema\/logo\/image\/\"}}]}<\/script>\n<!-- \/ Yoast SEO Premium plugin. -->","yoast_head_json":{"title":"WEBINAIRE - Etude de cas \u2013 La gestion du risque rocheux dans les Alpes de Haute Provence : des solutions adapt\u00e9es \u00e0 chaque probl\u00e9matique sur la RD 900 - Maccaferri France","description":"Visionnez notre webinaire Etude de cas \u2013 La gestion du risque rocheux dans les Alpes de Haute Provence : des solutions adapt\u00e9es \u00e0 chaque probl\u00e9matique sur la RD 900","robots":{"index":"index","follow":"follow","max-snippet":"max-snippet:-1","max-image-preview":"max-image-preview:large","max-video-preview":"max-video-preview:-1"},"canonical":"https:\/\/www.maccaferri.com\/fr\/webinaire-etude-de-cas-la-gestion-du-risque-rocheux-dans-les-alpes-de-haute-provence-des-solutions-adaptees-a-chaque-problematique-sur-la-rd-900\/","og_locale":"fr_FR","og_type":"article","og_title":"WEBINAIRE - Etude de cas \u2013 La gestion du risque rocheux dans les Alpes de Haute Provence : des solutions adapt\u00e9es \u00e0 chaque probl\u00e9matique sur la RD 900","og_description":"Visionnez notre webinaire Etude de cas \u2013 La gestion du risque rocheux dans les Alpes de Haute Provence : des solutions adapt\u00e9es \u00e0 chaque probl\u00e9matique sur la RD 900","og_url":"https:\/\/www.maccaferri.com\/fr\/webinaire-etude-de-cas-la-gestion-du-risque-rocheux-dans-les-alpes-de-haute-provence-des-solutions-adaptees-a-chaque-problematique-sur-la-rd-900\/","og_site_name":"Maccaferri France","article_modified_time":"2025-10-20T09:34:37+00:00","og_image":[{"width":1000,"height":277,"url":"https:\/\/www.maccaferri.com\/fr\/wp-content\/uploads\/2025\/10\/Webinaire-17102025_2.png","type":"image\/png"}],"twitter_card":"summary_large_image","twitter_misc":{"Dur\u00e9e de lecture estim\u00e9e":"1 minute"},"schema":{"@context":"https:\/\/schema.org","@graph":[{"@type":"WebPage","@id":"https:\/\/www.maccaferri.com\/fr\/webinaire-etude-de-cas-la-gestion-du-risque-rocheux-dans-les-alpes-de-haute-provence-des-solutions-adaptees-a-chaque-problematique-sur-la-rd-900\/","url":"https:\/\/www.maccaferri.com\/fr\/webinaire-etude-de-cas-la-gestion-du-risque-rocheux-dans-les-alpes-de-haute-provence-des-solutions-adaptees-a-chaque-problematique-sur-la-rd-900\/","name":"WEBINAIRE - Etude de cas \u2013 La gestion du risque rocheux dans les Alpes de Haute Provence : des solutions adapt\u00e9es \u00e0 chaque probl\u00e9matique sur la RD 900 - Maccaferri France","isPartOf":{"@id":"https:\/\/www.maccaferri.com\/fr\/#website"},"primaryImageOfPage":{"@id":"https:\/\/www.maccaferri.com\/fr\/webinaire-etude-de-cas-la-gestion-du-risque-rocheux-dans-les-alpes-de-haute-provence-des-solutions-adaptees-a-chaque-problematique-sur-la-rd-900\/#primaryimage"},"image":{"@id":"https:\/\/www.maccaferri.com\/fr\/webinaire-etude-de-cas-la-gestion-du-risque-rocheux-dans-les-alpes-de-haute-provence-des-solutions-adaptees-a-chaque-problematique-sur-la-rd-900\/#primaryimage"},"thumbnailUrl":"https:\/\/www.maccaferri.com\/fr\/wp-content\/uploads\/2025\/10\/Webinaire-17102025_2.png","datePublished":"2025-10-17T13:08:32+00:00","dateModified":"2025-10-20T09:34:37+00:00","description":"Visionnez notre webinaire Etude de cas \u2013 La gestion du risque rocheux dans les Alpes de Haute Provence : des solutions adapt\u00e9es \u00e0 chaque probl\u00e9matique sur la RD 900","breadcrumb":{"@id":"https:\/\/www.maccaferri.com\/fr\/webinaire-etude-de-cas-la-gestion-du-risque-rocheux-dans-les-alpes-de-haute-provence-des-solutions-adaptees-a-chaque-problematique-sur-la-rd-900\/#breadcrumb"},"inLanguage":"fr-FR","potentialAction":[{"@type":"ReadAction","target":["https:\/\/www.maccaferri.com\/fr\/webinaire-etude-de-cas-la-gestion-du-risque-rocheux-dans-les-alpes-de-haute-provence-des-solutions-adaptees-a-chaque-problematique-sur-la-rd-900\/"]}]},{"@type":"ImageObject","inLanguage":"fr-FR","@id":"https:\/\/www.maccaferri.com\/fr\/webinaire-etude-de-cas-la-gestion-du-risque-rocheux-dans-les-alpes-de-haute-provence-des-solutions-adaptees-a-chaque-problematique-sur-la-rd-900\/#primaryimage","url":"https:\/\/www.maccaferri.com\/fr\/wp-content\/uploads\/2025\/10\/Webinaire-17102025_2.png","contentUrl":"https:\/\/www.maccaferri.com\/fr\/wp-content\/uploads\/2025\/10\/Webinaire-17102025_2.png","width":1000,"height":277},{"@type":"BreadcrumbList","@id":"https:\/\/www.maccaferri.com\/fr\/webinaire-etude-de-cas-la-gestion-du-risque-rocheux-dans-les-alpes-de-haute-provence-des-solutions-adaptees-a-chaque-problematique-sur-la-rd-900\/#breadcrumb","itemListElement":[{"@type":"ListItem","position":1,"name":"Home","item":"https:\/\/www.maccaferri.com\/fr\/"},{"@type":"ListItem","position":2,"name":"WEBINAIRE &#8211; Etude de cas \u2013 La gestion du risque rocheux dans les Alpes de Haute Provence : des solutions adapt\u00e9es \u00e0 chaque probl\u00e9matique sur la RD 900"}]},{"@type":"WebSite","@id":"https:\/\/www.maccaferri.com\/fr\/#website","url":"https:\/\/www.maccaferri.com\/fr\/","name":"Maccaferri France","description":"","publisher":{"@id":"https:\/\/www.maccaferri.com\/fr\/#organization"},"potentialAction":[{"@type":"SearchAction","target":{"@type":"EntryPoint","urlTemplate":"https:\/\/www.maccaferri.com\/fr\/?s={search_term_string}"},"query-input":{"@type":"PropertyValueSpecification","valueRequired":true,"valueName":"search_term_string"}}],"inLanguage":"fr-FR"},{"@type":"Organization","@id":"https:\/\/www.maccaferri.com\/fr\/#organization","name":"Maccaferri France","url":"https:\/\/www.maccaferri.com\/fr\/","logo":{"@type":"ImageObject","inLanguage":"fr-FR","@id":"https:\/\/www.maccaferri.com\/fr\/#\/schema\/logo\/image\/","url":"https:\/\/www.maccaferri.com\/fr\/wp-content\/uploads\/2022\/07\/logo-maccaferri.png","contentUrl":"https:\/\/www.maccaferri.com\/fr\/wp-content\/uploads\/2022\/07\/logo-maccaferri.png","width":152,"height":32,"caption":"Maccaferri France"},"image":{"@id":"https:\/\/www.maccaferri.com\/fr\/#\/schema\/logo\/image\/"}}]}},"_links":{"self":[{"href":"https:\/\/www.maccaferri.com\/fr\/wp-json\/wp\/v2\/pages\/105425","targetHints":{"allow":["GET"]}}],"collection":[{"href":"https:\/\/www.maccaferri.com\/fr\/wp-json\/wp\/v2\/pages"}],"about":[{"href":"https:\/\/www.maccaferri.com\/fr\/wp-json\/wp\/v2\/types\/page"}],"author":[{"embeddable":true,"href":"https:\/\/www.maccaferri.com\/fr\/wp-json\/wp\/v2\/users\/7096"}],"replies":[{"embeddable":true,"href":"https:\/\/www.maccaferri.com\/fr\/wp-json\/wp\/v2\/comments?post=105425"}],"version-history":[{"count":4,"href":"https:\/\/www.maccaferri.com\/fr\/wp-json\/wp\/v2\/pages\/105425\/revisions"}],"predecessor-version":[{"id":105488,"href":"https:\/\/www.maccaferri.com\/fr\/wp-json\/wp\/v2\/pages\/105425\/revisions\/105488"}],"acf:post":[{"embeddable":true,"href":"https:\/\/www.maccaferri.com\/fr\/wp-json\/wp\/v2\/wpdmpro\/105430"},{"embeddable":true,"href":"https:\/\/www.maccaferri.com\/fr\/wp-json\/wp\/v2\/wpdmpro\/56443"},{"embeddable":true,"href":"https:\/\/www.maccaferri.com\/fr\/wp-json\/wp\/v2\/wpdmpro\/56437"},{"embeddable":true,"href":"https:\/\/www.maccaferri.com\/fr\/wp-json\/wp\/v2\/wpdmpro\/71601"},{"embeddable":true,"href":"https:\/\/www.maccaferri.com\/fr\/wp-json\/wp\/v2\/wpdmpro\/71845"}],"wp:featuredmedia":[{"embeddable":true,"href":"https:\/\/www.maccaferri.com\/fr\/wp-json\/wp\/v2\/media\/104555"}],"wp:attachment":[{"href":"https:\/\/www.maccaferri.com\/fr\/wp-json\/wp\/v2\/media?parent=105425"}],"curies":[{"name":"wp","href":"https:\/\/api.w.org\/{rel}","templated":true}]}}