{"id":87410,"date":"2023-02-20T12:29:24","date_gmt":"2023-02-20T11:29:24","guid":{"rendered":"https:\/\/www.maccaferri.com\/es\/?page_id=87410"},"modified":"2025-05-29T10:10:23","modified_gmt":"2025-05-29T08:10:23","slug":"fastmac","status":"publish","type":"page","link":"https:\/\/www.maccaferri.com\/es\/fastmac\/","title":{"rendered":"FastMac"},"content":{"rendered":"<div class=\"wp-block-mac-h1-title-hero-block container-fluid block-txt-container\" style=\"background:linear-gradient(180deg,rgb(1,94,111) 0%,rgb(0,72,87) 100%)\"><div class=\"row\"><div class=\"col\"><div class=\"gts__picture\"><img decoding=\"async\" src=\"https:\/\/www.maccaferri.com\/es\/wp-content\/uploads\/2025\/05\/FastMac_min-6.jpg\" style=\"display:none\"\/><div class=\"gts__picture__image\" style=\"background-image:url(https:\/\/www.maccaferri.com\/es\/wp-content\/uploads\/2025\/05\/FastMac_min-6.jpg)\"><\/div><\/div><div class=\"container box-container\"><div class=\"row\"><div class=\"col title-box-txt\"><h1 class=\"wp-block-mac-h1-title-hero-block\" style=\"color:#ffffff;text-align:none\">FastMac<\/h1><\/div><\/div><\/div><\/div><\/div><\/div><div class=\"wp-block-mac-container-block box-container\"><div class=\"wp-block-columns is-layout-flex wp-container-core-columns-is-layout-9d6595d7 wp-block-columns-is-layout-flex\"><div class=\"wp-block-column is-layout-flow wp-block-column-is-layout-flow\"><div class=\"container content-paragraph box-container\"><div class=\"row\"><div class=\"col-12 col-lg-12 col-xl-12 col-xxl-12\"><div class=\"content-txt\"><h2>La herramienta m\u00e1s r\u00e1pida y sencilla para instalar Gaviones, Reno Mattress Plus y Malla de Alambre de Doble Torsi\u00f3n.<\/h2>\n<\/div><\/div><\/div><\/div>\n\n<div class=\"wp-block-mac-container-block box-container\"><div class=\"wp-block-columns is-layout-flex wp-container-core-columns-is-layout-9d6595d7 wp-block-columns-is-layout-flex\"><div class=\"wp-block-column is-layout-flow wp-block-column-is-layout-flow\"><div class=\"container content-paragraph box-container\"><div class=\"row\"><div class=\"col-12 col-lg-12 col-xl-12 col-xxl-12\"><div class=\"content-txt\"><h4>Calidad r\u00e1pida<\/h4>\n<\/div><\/div><\/div><\/div><\/div><\/div><\/div>\n\n<div class=\"wp-block-mac-container-block box-container\"><div class=\"wp-block-columns is-layout-flex wp-container-core-columns-is-layout-9d6595d7 wp-block-columns-is-layout-flex\"><div class=\"wp-block-column is-layout-flow wp-block-column-is-layout-flow\"><p>El ensamblaje de Gaviones y Reno Mattress nunca ha sido tan f\u00e1cil como con FastMac, un sistema de sujeci\u00f3n neum\u00e1tico con anillos de sujeci\u00f3n de alta resistencia. FastMac garantiza un sistema r\u00e1pido, seguro y de calidad asegurada para ensamblar y conectar unidades. Los anillos de sujeci\u00f3n reducen dr\u00e1sticamente el tiempo de ensamblaje e instalaci\u00f3n en comparaci\u00f3n con el alambre de amarre tradicional, con una capacidad de instalaci\u00f3n de m\u00e1s de 65 anillos por minuto. Gracias a FastMac, la actividad de sujeci\u00f3n puede ser hasta 8 veces m\u00e1s r\u00e1pida, permitiendo un ahorro del 70% al 80% en el tiempo total de instalaci\u00f3n, dependiendo del producto. Adem\u00e1s, las estructuras de Gaviones y Reno Mattress ensambladas con anillos de sujeci\u00f3n muestran una mayor durabilidad, con una vida \u00fatil estimada de 120 a\u00f1os, mayor y m\u00e1s uniforme resistencia, lo que resulta en una mejora general de la calidad.<\/p><\/div><\/div><\/div>\n\n<div class=\"wp-block-mac-container-block box-container\"><div class=\"wp-block-columns is-layout-flex wp-container-core-columns-is-layout-9d6595d7 wp-block-columns-is-layout-flex\"><div class=\"wp-block-column is-layout-flow wp-block-column-is-layout-flow\"><div class=\"container content-paragraph box-container\"><div class=\"row\"><div class=\"col-12 col-lg-12 col-xl-12 col-xxl-12\"><div class=\"content-txt\"><h4>El desaf\u00edo de los 30 segundos<\/h4>\n<\/div><\/div><\/div><\/div><\/div><\/div><\/div>\n\n<div class=\"wp-block-mac-container-block box-container\"><div class=\"wp-block-columns is-layout-flex wp-container-core-columns-is-layout-9d6595d7 wp-block-columns-is-layout-flex\"><div class=\"wp-block-column is-layout-flow wp-block-column-is-layout-flow\"><p>Dos redes, una sujeta con anillos C y FastMac, otra con alambre de amarre. \u00bfCu\u00e1l ser\u00e1 m\u00e1s r\u00e1pida?<\/p><\/div><\/div><\/div><\/div><\/div><\/div><div class=\"wp-block-mac-container-block box-container\"><div class=\"wp-block-columns is-layout-flex wp-container-core-columns-is-layout-9d6595d7 wp-block-columns-is-layout-flex\"><div class=\"wp-block-column is-layout-flow wp-block-column-is-layout-flow\"><figure class=\"wp-block-video\"><video controls controlslist=\"nodownload\" poster=\"https:\/\/www.maccaferri.com\/es\/wp-content\/uploads\/2023\/02\/MicrosoftTeams-image-29.png\" src=\"https:\/\/www.maccaferri.com\/es\/wp-content\/uploads\/2023\/02\/Maccaferri_FastMac_v03.mp4\"><\/video><\/figure><\/div><\/div><\/div><div style=\"height:100px\" aria-hidden=\"true\" class=\"wp-block-spacer\"><\/div>","protected":false},"excerpt":{"rendered":"","protected":false},"author":6,"featured_media":0,"parent":0,"menu_order":0,"comment_status":"closed","ping_status":"closed","template":"","meta":{"_acf_changed":false,"_joinchat":[],"footnotes":""},"class_list":["post-87410","page","type-page","status-publish","hentry"],"acf":{"uuid_products":"","product-documents":""},"yoast_head":"<!-- This site is optimized with the Yoast SEO Premium plugin v27.0 (Yoast SEO v27.0) - https:\/\/yoast.com\/product\/yoast-seo-premium-wordpress\/ -->\n<title>FastMac - Maccaferri Espa\u00f1a<\/title>\n<meta name=\"description\" content=\"FastMac El ensamblaje de Gaviones y Reno Mattress nunca ha sido tan f\u00e1cil como con FastMac, un sistema de sujeci\u00f3n neum\u00e1tico con anillos de sujeci\u00f3n de\" \/>\n<meta name=\"robots\" content=\"index, follow, max-snippet:-1, max-image-preview:large, max-video-preview:-1\" \/>\n<link rel=\"canonical\" href=\"https:\/\/www.maccaferri.com\/es\/fastmac\/\" \/>\n<meta property=\"og:locale\" content=\"es_ES\" \/>\n<meta property=\"og:type\" content=\"article\" \/>\n<meta property=\"og:title\" content=\"FastMac - Maccaferri Espa\u00f1a\" \/>\n<meta property=\"og:description\" content=\"FastMac El ensamblaje de Gaviones y Reno Mattress nunca ha sido tan f\u00e1cil como con FastMac, un sistema de sujeci\u00f3n neum\u00e1tico con anillos de sujeci\u00f3n de\" \/>\n<meta property=\"og:url\" content=\"https:\/\/www.maccaferri.com\/es\/fastmac\/\" \/>\n<meta property=\"og:site_name\" content=\"Maccaferri Espa\u00f1a\" \/>\n<meta property=\"article:modified_time\" content=\"2025-05-29T08:10:23+00:00\" \/>\n<meta property=\"og:image\" content=\"https:\/\/www.maccaferri.com\/es\/wp-content\/uploads\/2025\/05\/FastMac_min-6.jpg\" \/>\n<meta name=\"twitter:card\" content=\"summary_large_image\" \/>\n<meta name=\"twitter:label1\" content=\"Est. reading time\" \/>\n\t<meta name=\"twitter:data1\" content=\"1 minute\" \/>\n<script type=\"application\/ld+json\" class=\"yoast-schema-graph\">{\"@context\":\"https:\/\/schema.org\",\"@graph\":[{\"@type\":\"WebPage\",\"@id\":\"https:\/\/www.maccaferri.com\/es\/fastmac\/\",\"url\":\"https:\/\/www.maccaferri.com\/es\/fastmac\/\",\"name\":\"FastMac - Maccaferri Espa\u00f1a\",\"isPartOf\":{\"@id\":\"https:\/\/www.maccaferri.com\/es\/#website\"},\"primaryImageOfPage\":{\"@id\":\"https:\/\/www.maccaferri.com\/es\/fastmac\/#primaryimage\"},\"image\":{\"@id\":\"https:\/\/www.maccaferri.com\/es\/fastmac\/#primaryimage\"},\"thumbnailUrl\":\"https:\/\/www.maccaferri.com\/es\/wp-content\/uploads\/2025\/05\/FastMac_min-6.jpg\",\"datePublished\":\"2023-02-20T11:29:24+00:00\",\"dateModified\":\"2025-05-29T08:10:23+00:00\",\"description\":\"FastMac El ensamblaje de Gaviones y Reno Mattress nunca ha sido tan f\u00e1cil como con FastMac, un sistema de sujeci\u00f3n neum\u00e1tico con anillos de sujeci\u00f3n de\",\"inLanguage\":\"es-ES\",\"potentialAction\":[{\"@type\":\"ReadAction\",\"target\":[\"https:\/\/www.maccaferri.com\/es\/fastmac\/\"]}]},{\"@type\":\"ImageObject\",\"inLanguage\":\"es-ES\",\"@id\":\"https:\/\/www.maccaferri.com\/es\/fastmac\/#primaryimage\",\"url\":\"https:\/\/www.maccaferri.com\/es\/wp-content\/uploads\/2025\/05\/FastMac_min-6.jpg\",\"contentUrl\":\"https:\/\/www.maccaferri.com\/es\/wp-content\/uploads\/2025\/05\/FastMac_min-6.jpg\",\"width\":1915,\"height\":530,\"caption\":\"xr:d:DAFZOvOAx8k:5,j:47121314557,t:23021615\"},{\"@type\":\"WebSite\",\"@id\":\"https:\/\/www.maccaferri.com\/es\/#website\",\"url\":\"https:\/\/www.maccaferri.com\/es\/\",\"name\":\"Maccaferri Espa\u00f1a\",\"description\":\"\",\"publisher\":{\"@id\":\"https:\/\/www.maccaferri.com\/es\/#organization\"},\"potentialAction\":[{\"@type\":\"SearchAction\",\"target\":{\"@type\":\"EntryPoint\",\"urlTemplate\":\"https:\/\/www.maccaferri.com\/es\/?s={search_term_string}\"},\"query-input\":{\"@type\":\"PropertyValueSpecification\",\"valueRequired\":true,\"valueName\":\"search_term_string\"}}],\"inLanguage\":\"es-ES\"},{\"@type\":\"Organization\",\"@id\":\"https:\/\/www.maccaferri.com\/es\/#organization\",\"name\":\"Maccaferri Espa\u00f1a\",\"url\":\"https:\/\/www.maccaferri.com\/es\/\",\"logo\":{\"@type\":\"ImageObject\",\"inLanguage\":\"es-ES\",\"@id\":\"https:\/\/www.maccaferri.com\/es\/#\/schema\/logo\/image\/\",\"url\":\"https:\/\/www.maccaferri.com\/es\/wp-content\/uploads\/2022\/07\/logo-maccaferri.png\",\"contentUrl\":\"https:\/\/www.maccaferri.com\/es\/wp-content\/uploads\/2022\/07\/logo-maccaferri.png\",\"width\":152,\"height\":32,\"caption\":\"Maccaferri Espa\u00f1a\"},\"image\":{\"@id\":\"https:\/\/www.maccaferri.com\/es\/#\/schema\/logo\/image\/\"}}]}<\/script>\n<!-- \/ Yoast SEO Premium plugin. -->","yoast_head_json":{"title":"FastMac - Maccaferri Espa\u00f1a","description":"FastMac El ensamblaje de Gaviones y Reno Mattress nunca ha sido tan f\u00e1cil como con FastMac, un sistema de sujeci\u00f3n neum\u00e1tico con anillos de sujeci\u00f3n de","robots":{"index":"index","follow":"follow","max-snippet":"max-snippet:-1","max-image-preview":"max-image-preview:large","max-video-preview":"max-video-preview:-1"},"canonical":"https:\/\/www.maccaferri.com\/es\/fastmac\/","og_locale":"es_ES","og_type":"article","og_title":"FastMac - Maccaferri Espa\u00f1a","og_description":"FastMac El ensamblaje de Gaviones y Reno Mattress nunca ha sido tan f\u00e1cil como con FastMac, un sistema de sujeci\u00f3n neum\u00e1tico con anillos de sujeci\u00f3n de","og_url":"https:\/\/www.maccaferri.com\/es\/fastmac\/","og_site_name":"Maccaferri Espa\u00f1a","article_modified_time":"2025-05-29T08:10:23+00:00","og_image":[{"url":"https:\/\/www.maccaferri.com\/es\/wp-content\/uploads\/2025\/05\/FastMac_min-6.jpg","type":"","width":"","height":""}],"twitter_card":"summary_large_image","twitter_misc":{"Est. reading time":"1 minute"},"schema":{"@context":"https:\/\/schema.org","@graph":[{"@type":"WebPage","@id":"https:\/\/www.maccaferri.com\/es\/fastmac\/","url":"https:\/\/www.maccaferri.com\/es\/fastmac\/","name":"FastMac - Maccaferri Espa\u00f1a","isPartOf":{"@id":"https:\/\/www.maccaferri.com\/es\/#website"},"primaryImageOfPage":{"@id":"https:\/\/www.maccaferri.com\/es\/fastmac\/#primaryimage"},"image":{"@id":"https:\/\/www.maccaferri.com\/es\/fastmac\/#primaryimage"},"thumbnailUrl":"https:\/\/www.maccaferri.com\/es\/wp-content\/uploads\/2025\/05\/FastMac_min-6.jpg","datePublished":"2023-02-20T11:29:24+00:00","dateModified":"2025-05-29T08:10:23+00:00","description":"FastMac El ensamblaje de Gaviones y Reno Mattress nunca ha sido tan f\u00e1cil como con FastMac, un sistema de sujeci\u00f3n neum\u00e1tico con anillos de sujeci\u00f3n de","inLanguage":"es-ES","potentialAction":[{"@type":"ReadAction","target":["https:\/\/www.maccaferri.com\/es\/fastmac\/"]}]},{"@type":"ImageObject","inLanguage":"es-ES","@id":"https:\/\/www.maccaferri.com\/es\/fastmac\/#primaryimage","url":"https:\/\/www.maccaferri.com\/es\/wp-content\/uploads\/2025\/05\/FastMac_min-6.jpg","contentUrl":"https:\/\/www.maccaferri.com\/es\/wp-content\/uploads\/2025\/05\/FastMac_min-6.jpg","width":1915,"height":530,"caption":"xr:d:DAFZOvOAx8k:5,j:47121314557,t:23021615"},{"@type":"WebSite","@id":"https:\/\/www.maccaferri.com\/es\/#website","url":"https:\/\/www.maccaferri.com\/es\/","name":"Maccaferri Espa\u00f1a","description":"","publisher":{"@id":"https:\/\/www.maccaferri.com\/es\/#organization"},"potentialAction":[{"@type":"SearchAction","target":{"@type":"EntryPoint","urlTemplate":"https:\/\/www.maccaferri.com\/es\/?s={search_term_string}"},"query-input":{"@type":"PropertyValueSpecification","valueRequired":true,"valueName":"search_term_string"}}],"inLanguage":"es-ES"},{"@type":"Organization","@id":"https:\/\/www.maccaferri.com\/es\/#organization","name":"Maccaferri Espa\u00f1a","url":"https:\/\/www.maccaferri.com\/es\/","logo":{"@type":"ImageObject","inLanguage":"es-ES","@id":"https:\/\/www.maccaferri.com\/es\/#\/schema\/logo\/image\/","url":"https:\/\/www.maccaferri.com\/es\/wp-content\/uploads\/2022\/07\/logo-maccaferri.png","contentUrl":"https:\/\/www.maccaferri.com\/es\/wp-content\/uploads\/2022\/07\/logo-maccaferri.png","width":152,"height":32,"caption":"Maccaferri Espa\u00f1a"},"image":{"@id":"https:\/\/www.maccaferri.com\/es\/#\/schema\/logo\/image\/"}}]}},"_links":{"self":[{"href":"https:\/\/www.maccaferri.com\/es\/wp-json\/wp\/v2\/pages\/87410","targetHints":{"allow":["GET"]}}],"collection":[{"href":"https:\/\/www.maccaferri.com\/es\/wp-json\/wp\/v2\/pages"}],"about":[{"href":"https:\/\/www.maccaferri.com\/es\/wp-json\/wp\/v2\/types\/page"}],"author":[{"embeddable":true,"href":"https:\/\/www.maccaferri.com\/es\/wp-json\/wp\/v2\/users\/6"}],"replies":[{"embeddable":true,"href":"https:\/\/www.maccaferri.com\/es\/wp-json\/wp\/v2\/comments?post=87410"}],"version-history":[{"count":3,"href":"https:\/\/www.maccaferri.com\/es\/wp-json\/wp\/v2\/pages\/87410\/revisions"}],"predecessor-version":[{"id":97012,"href":"https:\/\/www.maccaferri.com\/es\/wp-json\/wp\/v2\/pages\/87410\/revisions\/97012"}],"wp:attachment":[{"href":"https:\/\/www.maccaferri.com\/es\/wp-json\/wp\/v2\/media?parent=87410"}],"curies":[{"name":"wp","href":"https:\/\/api.w.org\/{rel}","templated":true}]}}