{"id":87400,"date":"2023-08-24T17:34:07","date_gmt":"2023-08-24T15:34:07","guid":{"rendered":"https:\/\/www.maccaferri.com\/es\/?page_id=87400"},"modified":"2025-05-29T10:25:28","modified_gmt":"2025-05-29T08:25:28","slug":"multicomposite-geosynthetics","status":"publish","type":"page","link":"https:\/\/www.maccaferri.com\/es\/multicomposite-geosynthetics\/","title":{"rendered":"MULTICOMPOSITE GEOSYNTHETICS"},"content":{"rendered":"<div class=\"wp-block-mac-slider-hero-block hero-slider\"><div id=\"hero78\" class=\"carousel slide\" data-bs-ride=\"true\"><ol class=\"carousel-indicators box-container\"><li data-bs-target=\"#hero78\" data-bs-slide-to=\"0\" class=\"active\"><\/li><\/ol><div class=\"carousel-inner\"><div class=\"carousel-item active\"><div class=\"hero\"><div class=\"gts__picture\"><img decoding=\"async\" src=\"https:\/\/www.maccaferri.com\/wp-content\/uploads\/2023\/08\/tricomp-1-scaled.jpg\" style=\"display:none\"\/><div class=\"gts__picture__image\" style=\"background-image:url(https:\/\/www.maccaferri.com\/wp-content\/uploads\/2023\/08\/tricomp-1-scaled.jpg)\"><\/div><\/div><div class=\"container box-container\"><div class=\"row\"><div class=\"col-12 col-lg-6 col-xl-6 col-xxl-6\"><p><span class=\"hero-index\" style=\"display:none\">0<\/span><\/p><h2 class=\"hero-text-container\"><span class=\"hero-text\">MULTICOMPOSITE GEOSYNTHETICS<\/span><\/h2><a class=\"hero-buttonurl\" href=\"#download\"><span class=\"hero-buttontext\">\u00c1rea de descarga aqu\u00ed<\/span><\/a><\/div><\/div><\/div><\/div><\/div><\/div><button class=\"carousel-control-prev\" href=\"#hero78\" type=\"button\" data-bs-slide=\"prev\"><span class=\"carousel-control-prev-icon\" aria-hidden=\"true\"><\/span><span class=\"visually-hidden\">Previous<\/span><\/button><button class=\"carousel-control-next\" href=\"#hero78\" type=\"button\" data-bs-slide=\"next\"><span class=\"carousel-control-next-icon\" aria-hidden=\"true\"><\/span><span class=\"visually-hidden\">Next<\/span><\/button><\/div><\/div><div style=\"height:100px\" aria-hidden=\"true\" class=\"wp-block-spacer\"><\/div><div class=\"wp-block-mac-container-block box-container\"><div class=\"wp-block-columns is-layout-flex wp-container-core-columns-is-layout-9d6595d7 wp-block-columns-is-layout-flex\"><div class=\"wp-block-column is-layout-flow wp-block-column-is-layout-flow\"><p class=\"has-large-font-size\"><strong>DESCUBRE UN MUNDO DE POSIBILIDADES<\/strong><\/p>\n\n<div style=\"height:50px\" aria-hidden=\"true\" class=\"wp-block-spacer\"><\/div>\n\n<p>Descubre el potencial innovador de los geosint\u00e9ticos Multicompuestos de Maccaferri, que redefinen el panorama de los geosint\u00e9ticos al ofrecer una soluci\u00f3n vers\u00e1til que cumple diversas funciones. Sum\u00e9rgete en el futuro transformador de los geosint\u00e9ticos con los Multigeocompuestos, mejorando el rendimiento, la precisi\u00f3n y la eficiencia de costos para obtener resultados excepcionales en proyectos y flujos de trabajo optimizados.<\/p>\n\n<div style=\"height:70px\" aria-hidden=\"true\" class=\"wp-block-spacer\"><\/div>\n\n<figure class=\"wp-block-image size-large is-style-default\"><img fetchpriority=\"high\" decoding=\"async\" width=\"1024\" height=\"438\" src=\"https:\/\/www.maccaferri.com\/es\/wp-content\/uploads\/2023\/08\/FIRMA-GSY1-1024x438.png\" alt=\"\" class=\"wp-image-52713\" srcset=\"https:\/\/www.maccaferri.com\/es\/wp-content\/uploads\/2023\/08\/FIRMA-GSY1-1024x438.png 1024w, https:\/\/www.maccaferri.com\/es\/wp-content\/uploads\/2023\/08\/FIRMA-GSY1-300x128.png 300w, https:\/\/www.maccaferri.com\/es\/wp-content\/uploads\/2023\/08\/FIRMA-GSY1-768x329.png 768w, https:\/\/www.maccaferri.com\/es\/wp-content\/uploads\/2023\/08\/FIRMA-GSY1-1536x658.png 1536w, https:\/\/www.maccaferri.com\/es\/wp-content\/uploads\/2023\/08\/FIRMA-GSY1-2048x877.png 2048w, https:\/\/www.maccaferri.com\/es\/wp-content\/uploads\/2023\/08\/FIRMA-GSY1-120x51.png 120w\" sizes=\"(max-width: 1024px) 100vw, 1024px\" \/><\/figure><\/div><\/div><\/div><div style=\"height:75px\" aria-hidden=\"true\" class=\"wp-block-spacer\"><\/div><div class=\"wp-block-mac-container-block box-container\"><div class=\"wp-block-columns is-layout-flex wp-container-core-columns-is-layout-9d6595d7 wp-block-columns-is-layout-flex\"><div class=\"wp-block-column is-layout-flow wp-block-column-is-layout-flow\"><p style=\"font-size:30px\"><strong>CONTROL DE EROSI\u00d3N<\/strong><\/p>\n\n<p>La combinaci\u00f3n de diversos elementos geosint\u00e9ticos en nuestro multicompuesto mitiga eficazmente la erosi\u00f3n, estabilizando el terreno en pendientes y riberas.<\/p><\/div>\n\n<div class=\"wp-block-column is-layout-flow wp-block-column-is-layout-flow\"><p style=\"font-size:30px\"><strong>REFUERZO<\/strong><\/p>\n\n<p>El multicompuesto, que integra diferentes geosint\u00e9ticos, refuerza la resistencia del suelo, permitiendo la construcci\u00f3n de carreteras resistentes y muros de contenci\u00f3n en terrenos desafiantes.<\/p><\/div><\/div><\/div><div style=\"height:70px\" aria-hidden=\"true\" class=\"wp-block-spacer\"><\/div><div class=\"wp-block-mac-container-block box-container\"><div class=\"wp-block-columns is-layout-flex wp-container-core-columns-is-layout-9d6595d7 wp-block-columns-is-layout-flex\"><div class=\"wp-block-column is-layout-flow wp-block-column-is-layout-flow\"><p style=\"font-size:30px\"><strong>FILTRACI\u00d3N<\/strong><\/p>\n\n<p>Nuestro vers\u00e1til multicompuesto geosint\u00e9tico act\u00faa como un sistema de filtraci\u00f3n superior, permitiendo el flujo de agua mientras retiene part\u00edculas de suelo para un drenaje \u00f3ptimo y una calidad del agua mejorada.<\/p><\/div>\n\n<div class=\"wp-block-column is-layout-flow wp-block-column-is-layout-flow\"><p style=\"font-size:30px\"><strong>DRAINAGE<\/strong><\/p>\n\n<p>Nuestra soluci\u00f3n multicompuesta, que incorpora diversos componentes geosint\u00e9ticos, destaca en la recolecci\u00f3n y canalizaci\u00f3n del agua lejos de \u00e1reas cr\u00edticas, garantizando un drenaje eficiente.<\/p><\/div><\/div><\/div><div style=\"height:70px\" aria-hidden=\"true\" class=\"wp-block-spacer\"><\/div><div class=\"wp-block-mac-container-block box-container\"><div class=\"wp-block-columns is-layout-flex wp-container-core-columns-is-layout-9d6595d7 wp-block-columns-is-layout-flex\"><div class=\"wp-block-column is-layout-flow wp-block-column-is-layout-flow\"><p style=\"font-size:30px\"><strong>BARRERA<\/strong><\/p>\n\n<p>El multicompuesto, compuesto por diversos geosint\u00e9ticos, forma una barrera impermeable que contiene eficazmente los contaminantes y preserva la integridad ambiental.<\/p><\/div>\n\n<div class=\"wp-block-column is-layout-flow wp-block-column-is-layout-flow\"><p style=\"font-size:30px\"><strong>PROTECCI\u00d3N<\/strong><\/p>\n\n<p>Con una combinaci\u00f3n de materiales geosint\u00e9ticos, nuestro multicompuesto ofrece una protecci\u00f3n robusta, protegiendo estructuras vitales de perforaciones, da\u00f1os por UV y desgaste f\u00edsico.<\/p><\/div><\/div><\/div><div style=\"height:70px\" aria-hidden=\"true\" class=\"wp-block-spacer\"><\/div><div class=\"wp-block-mac-container-block box-container\"><div class=\"wp-block-columns is-layout-flex wp-container-core-columns-is-layout-9d6595d7 wp-block-columns-is-layout-flex\"><div class=\"wp-block-column is-layout-flow wp-block-column-is-layout-flow\"><p style=\"font-size:30px\"><strong>SEPARACI\u00d3N<\/strong><\/p>\n\n<p>Nuestro innovador multicompuesto, que utiliza una mezcla de geosint\u00e9ticos, mantiene una separaci\u00f3n clara entre diferentes capas de suelo, preservando sus propiedades \u00fanicas en proyectos de construcci\u00f3n.<\/p><\/div>\n\n<div class=\"wp-block-column is-layout-flow wp-block-column-is-layout-flow\"><p style=\"font-size:30px\"><strong>\u2026 POSIBILIDADES INFINITAS<\/strong><\/p><\/div><\/div><\/div><div style=\"height:70px\" aria-hidden=\"true\" class=\"wp-block-spacer\"><\/div><div class=\"wp-block-mac-h2-title-block block-txt-container box-container\"><div class=\"row\"><div class=\"col title-box-txt\"><h2 style=\"color:#212429;text-align:none\">Historia de \u00e9xito: Cava D\u00e8 Tirreni<\/h2><\/div><\/div><\/div><div class=\"wp-block-mac-container-block box-container\"><div class=\"wp-block-columns is-layout-flex wp-container-core-columns-is-layout-9d6595d7 wp-block-columns-is-layout-flex\"><div class=\"wp-block-column is-layout-flow wp-block-column-is-layout-flow\"><figure class=\"wp-block-video\"><video height=\"826\" style=\"aspect-ratio: 1200 \/ 826;\" width=\"1200\" controls poster=\"https:\/\/www.maccaferri.com\/wp-content\/uploads\/2024\/10\/immagine-2.png\" src=\"https:\/\/www.maccaferri.com\/es\/wp-content\/uploads\/2023\/08\/643e1591-b2ea-4ed8-8fec-7ac0e41e26c6-1.mp4\"><\/video><\/figure><\/div><\/div><\/div><div style=\"height:50px\" aria-hidden=\"true\" class=\"wp-block-spacer\"><\/div><div class=\"wp-block-mac-container-block box-container\"><div class=\"wp-block-columns is-layout-flex wp-container-core-columns-is-layout-9d6595d7 wp-block-columns-is-layout-flex\"><div class=\"wp-block-column is-layout-flow wp-block-column-is-layout-flow\"><div class=\"wp-block-mac-container-block box-container\"><div class=\"wp-block-columns is-layout-flex wp-container-core-columns-is-layout-9d6595d7 wp-block-columns-is-layout-flex\"><div class=\"wp-block-column is-layout-flow wp-block-column-is-layout-flow\"><div class=\"wp-block-mac-h2-title-block block-txt-container box-container\"><div class=\"row\"><div class=\"col title-box-txt\"><h2 style=\"color:#212429;text-align:center\">Seminario web dedicado<\/h2><\/div><\/div><\/div>\n\n<p class=\"has-text-align-center\" style=\"font-size:15px\">La evoluci\u00f3n de los geosint\u00e9ticos: desde sus or\u00edgenes hasta las soluciones avanzadas modernas.<br>Durante m\u00e1s de 100 a\u00f1os hemos trabajado junto a nuestros clientes para desarrollar soluciones de ingenier\u00eda inclusivas con la naturaleza que puedan satisfacer las necesidades del presente y anticiparse a las del futuro.<\/p>\n\n<div class=\"wp-block-buttons is-content-justification-center is-layout-flex wp-container-core-buttons-is-layout-16018d1d wp-block-buttons-is-layout-flex\"><div class=\"wp-block-button\"><a class=\"wp-block-button__link wp-element-button\" href=\"https:\/\/www.maccaferri.com\/es\/webinar\/geosynthetic-revolution\/\">enlace aqu\u00ed<\/a><\/div><\/div><\/div>\n\n<div class=\"wp-block-column is-layout-flow wp-block-column-is-layout-flow\"><div style=\"height:50px\" aria-hidden=\"true\" class=\"wp-block-spacer\"><\/div>\n\n<figure class=\"wp-block-image aligncenter size-large\"><img decoding=\"async\" width=\"1024\" height=\"576\" src=\"https:\/\/www.maccaferri.com\/es\/wp-content\/uploads\/2023\/08\/vlcsnap-2023-08-21-15h34m18s395-1-1-1024x576.png\" alt=\"\" class=\"wp-image-52863\" srcset=\"https:\/\/www.maccaferri.com\/es\/wp-content\/uploads\/2023\/08\/vlcsnap-2023-08-21-15h34m18s395-1-1-1024x576.png 1024w, https:\/\/www.maccaferri.com\/es\/wp-content\/uploads\/2023\/08\/vlcsnap-2023-08-21-15h34m18s395-1-1-300x169.png 300w, https:\/\/www.maccaferri.com\/es\/wp-content\/uploads\/2023\/08\/vlcsnap-2023-08-21-15h34m18s395-1-1-768x432.png 768w, https:\/\/www.maccaferri.com\/es\/wp-content\/uploads\/2023\/08\/vlcsnap-2023-08-21-15h34m18s395-1-1-1536x864.png 1536w, https:\/\/www.maccaferri.com\/es\/wp-content\/uploads\/2023\/08\/vlcsnap-2023-08-21-15h34m18s395-1-1-120x68.png 120w, https:\/\/www.maccaferri.com\/es\/wp-content\/uploads\/2023\/08\/vlcsnap-2023-08-21-15h34m18s395-1-1.png 1920w\" sizes=\"(max-width: 1024px) 100vw, 1024px\" \/><\/figure><\/div><\/div><\/div><\/div><\/div><\/div><div style=\"height:50px\" aria-hidden=\"true\" class=\"wp-block-spacer\"><\/div><div class=\"wp-block-mac-h2-title-block block-txt-container box-container download\"><div class=\"row\"><div class=\"col title-box-txt\"><h2 style=\"color:#212429;text-align:none\">\u00c1REA DE DESCARGA<\/h2><\/div><\/div><\/div><div class=\"wp-block-mac-container-block box-container\"><div class=\"wp-block-columns is-layout-flex wp-container-core-columns-is-layout-9d6595d7 wp-block-columns-is-layout-flex\"><div class=\"wp-block-column is-layout-flow wp-block-column-is-layout-flow\"><p class=\"has-medium-font-size\" id=\"download\">Rellena el formulario a continuaci\u00f3n para acceder a nuestro material exclusivo sobre geosint\u00e9ticos multicompuestos.<\/p><\/div><\/div><\/div><div class=\"wp-block-mac-container-block box-container\"><div class=\"wp-block-columns is-layout-flex wp-container-core-columns-is-layout-9d6595d7 wp-block-columns-is-layout-flex\"><div class=\"wp-block-column is-layout-flow wp-block-column-is-layout-flow\"><iframe src=\"https:\/\/www2.maccaferri.com\/l\/965143\/2025-04-14\/5tq36n\" width=\"100%\" height=\"800\" type=\"text\/html\" frameborder=\"0\" allowtransparency=\"true\" style=\"border: 0\" data-cookieconsent=\"ignore\"><\/iframe><\/div><\/div><\/div><div style=\"height:100px\" aria-hidden=\"true\" class=\"wp-block-spacer\"><\/div><p><\/p>","protected":false},"excerpt":{"rendered":"","protected":false},"author":11460,"featured_media":0,"parent":0,"menu_order":0,"comment_status":"closed","ping_status":"closed","template":"","meta":{"_acf_changed":false,"_joinchat":[],"footnotes":""},"class_list":["post-87400","page","type-page","status-publish","hentry"],"acf":{"uuid_products":"","product-documents":""},"yoast_head":"<!-- This site is optimized with the Yoast SEO Premium plugin v27.0 (Yoast SEO v27.0) - https:\/\/yoast.com\/product\/yoast-seo-premium-wordpress\/ -->\n<title>MULTICOMPOSITE GEOSYNTHETICS - Maccaferri Espa\u00f1a<\/title>\n<meta name=\"description\" content=\"0MULTICOMPOSITE GEOSYNTHETICS\u00c1rea de descarga aqu\u00edPreviousNext DESCUBRE UN MUNDO DE POSIBILIDADES Descubre el potencial innovador de los geosint\u00e9ticos\" \/>\n<meta name=\"robots\" content=\"index, follow, max-snippet:-1, max-image-preview:large, max-video-preview:-1\" \/>\n<link rel=\"canonical\" href=\"https:\/\/www.maccaferri.com\/es\/multicomposite-geosynthetics\/\" \/>\n<meta property=\"og:locale\" content=\"es_ES\" \/>\n<meta property=\"og:type\" content=\"article\" \/>\n<meta property=\"og:title\" content=\"MULTICOMPOSITE GEOSYNTHETICS - Maccaferri Espa\u00f1a\" \/>\n<meta property=\"og:description\" content=\"0MULTICOMPOSITE GEOSYNTHETICS\u00c1rea de descarga aqu\u00edPreviousNext DESCUBRE UN MUNDO DE POSIBILIDADES Descubre el potencial innovador de los geosint\u00e9ticos\" \/>\n<meta property=\"og:url\" content=\"https:\/\/www.maccaferri.com\/es\/multicomposite-geosynthetics\/\" \/>\n<meta property=\"og:site_name\" content=\"Maccaferri Espa\u00f1a\" \/>\n<meta property=\"article:modified_time\" content=\"2025-05-29T08:25:28+00:00\" \/>\n<meta property=\"og:image\" content=\"https:\/\/www.maccaferri.com\/wp-content\/uploads\/2023\/08\/tricomp-1-scaled.jpg\" \/>\n<meta name=\"twitter:card\" content=\"summary_large_image\" \/>\n<meta name=\"twitter:label1\" content=\"Est. reading time\" \/>\n\t<meta name=\"twitter:data1\" content=\"3 minutes\" \/>\n<script type=\"application\/ld+json\" class=\"yoast-schema-graph\">{\"@context\":\"https:\/\/schema.org\",\"@graph\":[{\"@type\":\"WebPage\",\"@id\":\"https:\/\/www.maccaferri.com\/es\/multicomposite-geosynthetics\/\",\"url\":\"https:\/\/www.maccaferri.com\/es\/multicomposite-geosynthetics\/\",\"name\":\"MULTICOMPOSITE GEOSYNTHETICS - Maccaferri Espa\u00f1a\",\"isPartOf\":{\"@id\":\"https:\/\/www.maccaferri.com\/es\/#website\"},\"primaryImageOfPage\":{\"@id\":\"https:\/\/www.maccaferri.com\/es\/multicomposite-geosynthetics\/#primaryimage\"},\"image\":{\"@id\":\"https:\/\/www.maccaferri.com\/es\/multicomposite-geosynthetics\/#primaryimage\"},\"thumbnailUrl\":\"https:\/\/www.maccaferri.com\/wp-content\/uploads\/2023\/08\/tricomp-1-scaled.jpg\",\"datePublished\":\"2023-08-24T15:34:07+00:00\",\"dateModified\":\"2025-05-29T08:25:28+00:00\",\"description\":\"0MULTICOMPOSITE GEOSYNTHETICS\u00c1rea de descarga aqu\u00edPreviousNext DESCUBRE UN MUNDO DE POSIBILIDADES Descubre el potencial innovador de los geosint\u00e9ticos\",\"inLanguage\":\"es-ES\",\"potentialAction\":[{\"@type\":\"ReadAction\",\"target\":[\"https:\/\/www.maccaferri.com\/es\/multicomposite-geosynthetics\/\"]}]},{\"@type\":\"ImageObject\",\"inLanguage\":\"es-ES\",\"@id\":\"https:\/\/www.maccaferri.com\/es\/multicomposite-geosynthetics\/#primaryimage\",\"url\":\"https:\/\/www.maccaferri.com\/wp-content\/uploads\/2023\/08\/tricomp-1-scaled.jpg\",\"contentUrl\":\"https:\/\/www.maccaferri.com\/wp-content\/uploads\/2023\/08\/tricomp-1-scaled.jpg\"},{\"@type\":\"WebSite\",\"@id\":\"https:\/\/www.maccaferri.com\/es\/#website\",\"url\":\"https:\/\/www.maccaferri.com\/es\/\",\"name\":\"Maccaferri Espa\u00f1a\",\"description\":\"\",\"publisher\":{\"@id\":\"https:\/\/www.maccaferri.com\/es\/#organization\"},\"potentialAction\":[{\"@type\":\"SearchAction\",\"target\":{\"@type\":\"EntryPoint\",\"urlTemplate\":\"https:\/\/www.maccaferri.com\/es\/?s={search_term_string}\"},\"query-input\":{\"@type\":\"PropertyValueSpecification\",\"valueRequired\":true,\"valueName\":\"search_term_string\"}}],\"inLanguage\":\"es-ES\"},{\"@type\":\"Organization\",\"@id\":\"https:\/\/www.maccaferri.com\/es\/#organization\",\"name\":\"Maccaferri Espa\u00f1a\",\"url\":\"https:\/\/www.maccaferri.com\/es\/\",\"logo\":{\"@type\":\"ImageObject\",\"inLanguage\":\"es-ES\",\"@id\":\"https:\/\/www.maccaferri.com\/es\/#\/schema\/logo\/image\/\",\"url\":\"https:\/\/www.maccaferri.com\/es\/wp-content\/uploads\/2022\/07\/logo-maccaferri.png\",\"contentUrl\":\"https:\/\/www.maccaferri.com\/es\/wp-content\/uploads\/2022\/07\/logo-maccaferri.png\",\"width\":152,\"height\":32,\"caption\":\"Maccaferri Espa\u00f1a\"},\"image\":{\"@id\":\"https:\/\/www.maccaferri.com\/es\/#\/schema\/logo\/image\/\"}}]}<\/script>\n<!-- \/ Yoast SEO Premium plugin. -->","yoast_head_json":{"title":"MULTICOMPOSITE GEOSYNTHETICS - Maccaferri Espa\u00f1a","description":"0MULTICOMPOSITE GEOSYNTHETICS\u00c1rea de descarga aqu\u00edPreviousNext DESCUBRE UN MUNDO DE POSIBILIDADES Descubre el potencial innovador de los geosint\u00e9ticos","robots":{"index":"index","follow":"follow","max-snippet":"max-snippet:-1","max-image-preview":"max-image-preview:large","max-video-preview":"max-video-preview:-1"},"canonical":"https:\/\/www.maccaferri.com\/es\/multicomposite-geosynthetics\/","og_locale":"es_ES","og_type":"article","og_title":"MULTICOMPOSITE GEOSYNTHETICS - Maccaferri Espa\u00f1a","og_description":"0MULTICOMPOSITE GEOSYNTHETICS\u00c1rea de descarga aqu\u00edPreviousNext DESCUBRE UN MUNDO DE POSIBILIDADES Descubre el potencial innovador de los geosint\u00e9ticos","og_url":"https:\/\/www.maccaferri.com\/es\/multicomposite-geosynthetics\/","og_site_name":"Maccaferri Espa\u00f1a","article_modified_time":"2025-05-29T08:25:28+00:00","og_image":[{"url":"https:\/\/www.maccaferri.com\/wp-content\/uploads\/2023\/08\/tricomp-1-scaled.jpg","type":"","width":"","height":""}],"twitter_card":"summary_large_image","twitter_misc":{"Est. reading time":"3 minutes"},"schema":{"@context":"https:\/\/schema.org","@graph":[{"@type":"WebPage","@id":"https:\/\/www.maccaferri.com\/es\/multicomposite-geosynthetics\/","url":"https:\/\/www.maccaferri.com\/es\/multicomposite-geosynthetics\/","name":"MULTICOMPOSITE GEOSYNTHETICS - Maccaferri Espa\u00f1a","isPartOf":{"@id":"https:\/\/www.maccaferri.com\/es\/#website"},"primaryImageOfPage":{"@id":"https:\/\/www.maccaferri.com\/es\/multicomposite-geosynthetics\/#primaryimage"},"image":{"@id":"https:\/\/www.maccaferri.com\/es\/multicomposite-geosynthetics\/#primaryimage"},"thumbnailUrl":"https:\/\/www.maccaferri.com\/wp-content\/uploads\/2023\/08\/tricomp-1-scaled.jpg","datePublished":"2023-08-24T15:34:07+00:00","dateModified":"2025-05-29T08:25:28+00:00","description":"0MULTICOMPOSITE GEOSYNTHETICS\u00c1rea de descarga aqu\u00edPreviousNext DESCUBRE UN MUNDO DE POSIBILIDADES Descubre el potencial innovador de los geosint\u00e9ticos","inLanguage":"es-ES","potentialAction":[{"@type":"ReadAction","target":["https:\/\/www.maccaferri.com\/es\/multicomposite-geosynthetics\/"]}]},{"@type":"ImageObject","inLanguage":"es-ES","@id":"https:\/\/www.maccaferri.com\/es\/multicomposite-geosynthetics\/#primaryimage","url":"https:\/\/www.maccaferri.com\/wp-content\/uploads\/2023\/08\/tricomp-1-scaled.jpg","contentUrl":"https:\/\/www.maccaferri.com\/wp-content\/uploads\/2023\/08\/tricomp-1-scaled.jpg"},{"@type":"WebSite","@id":"https:\/\/www.maccaferri.com\/es\/#website","url":"https:\/\/www.maccaferri.com\/es\/","name":"Maccaferri Espa\u00f1a","description":"","publisher":{"@id":"https:\/\/www.maccaferri.com\/es\/#organization"},"potentialAction":[{"@type":"SearchAction","target":{"@type":"EntryPoint","urlTemplate":"https:\/\/www.maccaferri.com\/es\/?s={search_term_string}"},"query-input":{"@type":"PropertyValueSpecification","valueRequired":true,"valueName":"search_term_string"}}],"inLanguage":"es-ES"},{"@type":"Organization","@id":"https:\/\/www.maccaferri.com\/es\/#organization","name":"Maccaferri Espa\u00f1a","url":"https:\/\/www.maccaferri.com\/es\/","logo":{"@type":"ImageObject","inLanguage":"es-ES","@id":"https:\/\/www.maccaferri.com\/es\/#\/schema\/logo\/image\/","url":"https:\/\/www.maccaferri.com\/es\/wp-content\/uploads\/2022\/07\/logo-maccaferri.png","contentUrl":"https:\/\/www.maccaferri.com\/es\/wp-content\/uploads\/2022\/07\/logo-maccaferri.png","width":152,"height":32,"caption":"Maccaferri Espa\u00f1a"},"image":{"@id":"https:\/\/www.maccaferri.com\/es\/#\/schema\/logo\/image\/"}}]}},"_links":{"self":[{"href":"https:\/\/www.maccaferri.com\/es\/wp-json\/wp\/v2\/pages\/87400","targetHints":{"allow":["GET"]}}],"collection":[{"href":"https:\/\/www.maccaferri.com\/es\/wp-json\/wp\/v2\/pages"}],"about":[{"href":"https:\/\/www.maccaferri.com\/es\/wp-json\/wp\/v2\/types\/page"}],"author":[{"embeddable":true,"href":"https:\/\/www.maccaferri.com\/es\/wp-json\/wp\/v2\/users\/11460"}],"replies":[{"embeddable":true,"href":"https:\/\/www.maccaferri.com\/es\/wp-json\/wp\/v2\/comments?post=87400"}],"version-history":[{"count":8,"href":"https:\/\/www.maccaferri.com\/es\/wp-json\/wp\/v2\/pages\/87400\/revisions"}],"predecessor-version":[{"id":97018,"href":"https:\/\/www.maccaferri.com\/es\/wp-json\/wp\/v2\/pages\/87400\/revisions\/97018"}],"wp:attachment":[{"href":"https:\/\/www.maccaferri.com\/es\/wp-json\/wp\/v2\/media?parent=87400"}],"curies":[{"name":"wp","href":"https:\/\/api.w.org\/{rel}","templated":true}]}}