{"id":87366,"date":"2024-11-14T17:16:22","date_gmt":"2024-11-14T16:16:22","guid":{"rendered":"https:\/\/www.maccaferri.com\/es\/?page_id=87366"},"modified":"2025-05-29T11:07:42","modified_gmt":"2025-05-29T09:07:42","slug":"sustainable-building-solutions","status":"publish","type":"page","link":"https:\/\/www.maccaferri.com\/es\/sustainable-building-solutions\/","title":{"rendered":"SUSTAINABLE \u200bBUILDING SOLUTIONS"},"content":{"rendered":"<div class=\"wp-block-mac-slider-hero-block hero-slider\"><div id=\"hero97\" class=\"carousel slide\" data-bs-ride=\"true\"><ol class=\"carousel-indicators box-container\"><li data-bs-target=\"#hero97\" data-bs-slide-to=\"0\" class=\"active\"><\/li><\/ol><div class=\"carousel-inner\"><div class=\"carousel-item active\"><div class=\"hero\"><div class=\"gts__picture\"><img decoding=\"async\" src=\"https:\/\/www.maccaferri.com\/es\/wp-content\/uploads\/2024\/12\/MECDEF-2.jpg\" style=\"display:none\"\/><div class=\"gts__picture__image\" style=\"background-image:url(https:\/\/www.maccaferri.com\/es\/wp-content\/uploads\/2024\/12\/MECDEF-2.jpg)\"><\/div><\/div><div class=\"container box-container\"><div class=\"row\"><div class=\"col-12 col-lg-6 col-xl-6 col-xxl-6\"><p><span class=\"hero-index\" style=\"display:none\">0<\/span><\/p><h2 class=\"hero-text-container\"><span class=\"hero-text\">SUSTAINABLE \u200bBUILDING <br>SOLUTIONS<\/span><\/h2><\/div><\/div><\/div><\/div><\/div><\/div><button class=\"carousel-control-prev\" href=\"#hero97\" type=\"button\" data-bs-slide=\"prev\"><span class=\"carousel-control-prev-icon\" aria-hidden=\"true\"><\/span><span class=\"visually-hidden\">Previous<\/span><\/button><button class=\"carousel-control-next\" href=\"#hero97\" type=\"button\" data-bs-slide=\"next\"><span class=\"carousel-control-next-icon\" aria-hidden=\"true\"><\/span><span class=\"visually-hidden\">Next<\/span><\/button><\/div><\/div><div style=\"height:100px\" aria-hidden=\"true\" class=\"wp-block-spacer\"><\/div><div class=\"wp-block-mac-container-block box-container\"><div class=\"wp-block-columns is-layout-flex wp-container-core-columns-is-layout-9d6595d7 wp-block-columns-is-layout-flex\"><div class=\"wp-block-column is-layout-flow wp-block-column-is-layout-flow\"><figure class=\"wp-block-image size-full\"><img decoding=\"async\" src=\"https:\/\/www.maccaferri.com\/wp-content\/uploads\/2024\/11\/Immagine-1-BIS-800x600px.jpg\" alt=\"\" class=\"wp-image-83756\"\/><\/figure><\/div>\n\n<div class=\"wp-block-column is-layout-flow wp-block-column-is-layout-flow\" style=\"flex-basis:30px\"><\/div>\n\n<div class=\"wp-block-column is-layout-flow wp-block-column-is-layout-flow\"><div style=\"height:100px\" aria-hidden=\"true\" class=\"wp-block-spacer\"><\/div>\n\n<p>Nuestras soluciones responden a las diversas exigencias t\u00e9cnicas del sector de la construcci\u00f3n civil e industrial, desde el drenaje y la protecci\u00f3n hasta el agua y la impermeabilizaci\u00f3n de estructuras y cubiertas, hasta el ahorro de energ\u00eda y el confort habitacional, desde el control del vapor hasta problemas relacionados con pavimentos exteriores, con soluciones inteligentes e innovadoras.<\/p><\/div><\/div><\/div><div style=\"height:100px\" aria-hidden=\"true\" class=\"wp-block-spacer\"><\/div><div class=\"wp-block-columns has-background is-layout-flex wp-container-core-columns-is-layout-9d6595d7 wp-block-columns-is-layout-flex\" style=\"background-color:#104857\"><div class=\"wp-block-column is-layout-flow wp-block-column-is-layout-flow\" style=\"flex-basis:10%\"><\/div>\n\n<div class=\"wp-block-column is-layout-flow wp-block-column-is-layout-flow\" style=\"flex-basis:80%\"><div style=\"height:40px\" aria-hidden=\"true\" class=\"wp-block-spacer\"><\/div>\n\n<div class=\"wp-block-mac-h4-title-block block-txt-container box-container\"><div class=\"row\"><div class=\"col title-box-txt\"><h4 style=\"color:#ffffff;text-align:center\">Estas soluciones enfrentan los retos de la construcci\u00f3n promoviendo al mismo tiempo la sostenibilidad, la resiliencia y la eficiencia en conformidad con los est\u00e1ndares industriales y medioambientales.<\/h4><\/div><\/div><\/div>\n\n<div style=\"height:40px\" aria-hidden=\"true\" class=\"wp-block-spacer\"><\/div><\/div>\n\n<div class=\"wp-block-column is-layout-flow wp-block-column-is-layout-flow\" style=\"flex-basis:10%\"><\/div><\/div><div style=\"height:100px\" aria-hidden=\"true\" class=\"wp-block-spacer\"><\/div><div style=\"width: 100%;\"><div style=\"position: relative; padding-bottom: 56.25%; padding-top: 0; height: 0;\"><iframe title=\"Infografica BIS\" frameborder=\"0\" width=\"1200\" height=\"675\" style=\"position: absolute; top: 0; left: 0; width: 100%; height: 100%;\" src=\"https:\/\/view.genially.com\/675312e6a4905c23acd1aa74\" type=\"text\/html\" allowscriptaccess=\"always\" allowfullscreen=\"true\" scrolling=\"yes\" allownetworking=\"all\"><\/iframe> <\/div> <\/div><div class=\"wp-block-mac-container-block box-container\"><div class=\"wp-block-columns is-layout-flex wp-container-core-columns-is-layout-9d6595d7 wp-block-columns-is-layout-flex\"><div class=\"wp-block-column is-layout-flow wp-block-column-is-layout-flow\"><div style=\"height:100px\" aria-hidden=\"true\" class=\"wp-block-spacer\"><\/div><\/div><\/div><\/div><div class=\"container-fluid carousel-image-gallery\">\n        <div class=\"row\">\n            <div id=\"carouselImageblock_ae7775e26d5016fc24ab05c20e0c2041\" class=\"carousel slide carouselImageGallery\" data-bs-ride=\"carousel\">\n                <!-- \/\/ Indicators -->\n                <ol class=\"carousel-indicators\">\n                                            <li data-bs-target=\"#carouselImageblock_ae7775e26d5016fc24ab05c20e0c2041\" data-bs-slide-to=\"0\" class=\"active\" aria-current=\"true\" aria-label=\"Slide\"><\/li>\n                                            <li data-bs-target=\"#carouselImageblock_ae7775e26d5016fc24ab05c20e0c2041\" data-bs-slide-to=\"1\" class=\"\" aria-current=\"true\" aria-label=\"Slide\"><\/li>\n                                            <li data-bs-target=\"#carouselImageblock_ae7775e26d5016fc24ab05c20e0c2041\" data-bs-slide-to=\"2\" class=\"\" aria-current=\"true\" aria-label=\"Slide\"><\/li>\n                                            <li data-bs-target=\"#carouselImageblock_ae7775e26d5016fc24ab05c20e0c2041\" data-bs-slide-to=\"3\" class=\"\" aria-current=\"true\" aria-label=\"Slide\"><\/li>\n                                            <li data-bs-target=\"#carouselImageblock_ae7775e26d5016fc24ab05c20e0c2041\" data-bs-slide-to=\"4\" class=\"\" aria-current=\"true\" aria-label=\"Slide\"><\/li>\n                                            <li data-bs-target=\"#carouselImageblock_ae7775e26d5016fc24ab05c20e0c2041\" data-bs-slide-to=\"5\" class=\"\" aria-current=\"true\" aria-label=\"Slide\"><\/li>\n                                    <\/ol>\n\n                <div class=\"carousel-inner container\" role=\"listbox\">\n                                            <div class=\"carousel-item active\">\n                        <div class=\"col-12 col-lg-4 col-xl-4 col-xxl-4 space-mobile\">\n                            <div class=\"grid-item-wrapper\">\n                                <div class=\"img-responsive-wrapper\">\n                                    <div class=\"img-responsive\">\n                                        <div class=\"img-wrapper\"><img decoding=\"async\" src=\"https:\/\/www.maccaferri.com\/es\/wp-content\/uploads\/2025\/05\/RoofGarden_Slider2_800x800px-1-3.jpg\" alt=\"Roof Garden \u2013 Terradrain asegura una gesti\u00f3n eficiente de los escurrimientos, mejorando la estabilidad de la estructura y previniendo la putrefacci\u00f3n de las ra\u00edces en los jardines de azotea con drenaje a tiempo.\" \/><\/div>\n                                    <\/div>\n                                <\/div>\n                                <div class=\"griditem-text-wrapper text-center\">\n                                    <p class=\"griditem-text text-center\">Roof Garden \u2013 Terradrain asegura una gesti\u00f3n eficiente de los escurrimientos, mejorando la estabilidad de la estructura y previniendo la putrefacci\u00f3n de las ra\u00edces en los jardines de azotea con drenaje a tiempo.<\/p>\n                   \n                                <\/div>\n                            <\/div>\n                        <\/div>\n                        <\/div>\n                                            <div class=\"carousel-item \">\n                        <div class=\"col-12 col-lg-4 col-xl-4 col-xxl-4 space-mobile\">\n                            <div class=\"grid-item-wrapper\">\n                                <div class=\"img-responsive-wrapper\">\n                                    <div class=\"img-responsive\">\n                                        <div class=\"img-wrapper\"><img decoding=\"async\" src=\"https:\/\/www.maccaferri.com\/es\/wp-content\/uploads\/2025\/05\/MetallicRoof_Slider1_800x800px-1-3.jpg\" alt=\"Metallic Roof \u2013 Los productos para cubiertas de Maccaferri combinan una membrana transpirable e impermeable con una red polim\u00e9rica tridimensional.\" \/><\/div>\n                                    <\/div>\n                                <\/div>\n                                <div class=\"griditem-text-wrapper text-center\">\n                                    <p class=\"griditem-text text-center\">Metallic Roof \u2013 Los productos para cubiertas de Maccaferri combinan una membrana transpirable e impermeable con una red polim\u00e9rica tridimensional.<\/p>\n                   \n                                <\/div>\n                            <\/div>\n                        <\/div>\n                        <\/div>\n                                            <div class=\"carousel-item \">\n                        <div class=\"col-12 col-lg-4 col-xl-4 col-xxl-4 space-mobile\">\n                            <div class=\"grid-item-wrapper\">\n                                <div class=\"img-responsive-wrapper\">\n                                    <div class=\"img-responsive\">\n                                        <div class=\"img-wrapper\"><img decoding=\"async\" src=\"https:\/\/www.maccaferri.com\/es\/wp-content\/uploads\/2025\/05\/BuildingFoundation_Slider3_800x800px-1-3.jpg\" alt=\"Building Foundation \u2013 Cualquier estructura en contacto directo con el suelo requiere impermeabilizaci\u00f3n adecuada para preservar sus propiedades y garantizar la vida \u00fatil del dise\u00f1o.\" \/><\/div>\n                                    <\/div>\n                                <\/div>\n                                <div class=\"griditem-text-wrapper text-center\">\n                                    <p class=\"griditem-text text-center\">Building Foundation \u2013 Cualquier estructura en contacto directo con el suelo requiere impermeabilizaci\u00f3n adecuada para preservar sus propiedades y garantizar la vida \u00fatil del dise\u00f1o.<\/p>\n                   \n                                <\/div>\n                            <\/div>\n                        <\/div>\n                        <\/div>\n                                            <div class=\"carousel-item \">\n                        <div class=\"col-12 col-lg-4 col-xl-4 col-xxl-4 space-mobile\">\n                            <div class=\"grid-item-wrapper\">\n                                <div class=\"img-responsive-wrapper\">\n                                    <div class=\"img-responsive\">\n                                        <div class=\"img-wrapper\"><img decoding=\"async\" src=\"https:\/\/www.maccaferri.com\/es\/wp-content\/uploads\/2025\/05\/ParkingArea_Slider4_800x800px-1-3.jpg\" alt=\"Parking Area \u2013 Cualquier estructura en contacto directo con el suelo requiere protecci\u00f3n adecuada contra el agua para preservar sus propiedades y garantizar su durabilidad.\" \/><\/div>\n                                    <\/div>\n                                <\/div>\n                                <div class=\"griditem-text-wrapper text-center\">\n                                    <p class=\"griditem-text text-center\">Parking Area \u2013 Cualquier estructura en contacto directo con el suelo requiere protecci\u00f3n adecuada contra el agua para preservar sus propiedades y garantizar su durabilidad.<\/p>\n                   \n                                <\/div>\n                            <\/div>\n                        <\/div>\n                        <\/div>\n                                            <div class=\"carousel-item \">\n                        <div class=\"col-12 col-lg-4 col-xl-4 col-xxl-4 space-mobile\">\n                            <div class=\"grid-item-wrapper\">\n                                <div class=\"img-responsive-wrapper\">\n                                    <div class=\"img-responsive\">\n                                        <div class=\"img-wrapper\"><img decoding=\"async\" src=\"https:\/\/www.maccaferri.com\/es\/wp-content\/uploads\/2025\/05\/GreenParking_Slider5_800x800px-1-3.jpg\" alt=\"Green Parking Area \u2013 El Multicomposite para zonas verdes protege el c\u00e9sped en las \u00e1reas de estacionamiento, evitando da\u00f1os en el c\u00e9sped causados por el estacionamiento de veh\u00edculos.\" \/><\/div>\n                                    <\/div>\n                                <\/div>\n                                <div class=\"griditem-text-wrapper text-center\">\n                                    <p class=\"griditem-text text-center\">Green Parking Area \u2013 El Multicomposite para zonas verdes protege el c\u00e9sped en las \u00e1reas de estacionamiento, evitando da\u00f1os en el c\u00e9sped causados por el estacionamiento de veh\u00edculos.<\/p>\n                   \n                                <\/div>\n                            <\/div>\n                        <\/div>\n                        <\/div>\n                                            <div class=\"carousel-item \">\n                        <div class=\"col-12 col-lg-4 col-xl-4 col-xxl-4 space-mobile\">\n                            <div class=\"grid-item-wrapper\">\n                                <div class=\"img-responsive-wrapper\">\n                                    <div class=\"img-responsive\">\n                                        <div class=\"img-wrapper\"><img decoding=\"async\" src=\"https:\/\/www.maccaferri.com\/es\/wp-content\/uploads\/2025\/05\/RetainingWall_Slider6_800x800px-1-2.jpg\" alt=\"Retaining Walls \u2013 Cualquier elemento construido en contacto directo con el suelo requiere protecci\u00f3n adecuada contra el agua para preservar sus propiedades y la durabilidad del dise\u00f1o.\" \/><\/div>\n                                    <\/div>\n                                <\/div>\n                                <div class=\"griditem-text-wrapper text-center\">\n                                    <p class=\"griditem-text text-center\">Retaining Walls \u2013 Cualquier elemento construido en contacto directo con el suelo requiere protecci\u00f3n adecuada contra el agua para preservar sus propiedades y la durabilidad del dise\u00f1o.<\/p>\n                   \n                                <\/div>\n                            <\/div>\n                        <\/div>\n                        <\/div>\n                                    <\/div>\n            <\/div>\n\n        <\/div>\n    <\/div><div class=\"wp-block-mac-container-block box-container\"><div class=\"wp-block-columns is-layout-flex wp-container-core-columns-is-layout-9d6595d7 wp-block-columns-is-layout-flex\"><div class=\"wp-block-column is-layout-flow wp-block-column-is-layout-flow\"><div style=\"height:100px\" aria-hidden=\"true\" class=\"wp-block-spacer\"><\/div>\n\n<div class=\"wp-block-mac-h4-title-block block-txt-container box-container\"><div class=\"row\"><div class=\"col title-box-txt\"><h4 style=\"color:#212429;text-align:left\">Descargue nuestros materiales<\/h4><\/div><\/div><\/div>\n\n<div class=\"wp-block-mac-container-block box-container\"><div class=\"wp-block-columns is-layout-flex wp-container-core-columns-is-layout-9d6595d7 wp-block-columns-is-layout-flex\"><div class=\"wp-block-column is-layout-flow wp-block-column-is-layout-flow\"><div class=\"wp-block-columns is-layout-flex wp-container-core-columns-is-layout-9d6595d7 wp-block-columns-is-layout-flex\"><div class=\"wp-block-column is-layout-flow wp-block-column-is-layout-flow\"><iframe src=\"https:\/\/www2.maccaferri.com\/l\/965143\/2025-04-25\/5trfyy\" width=\"100%\" height=\"800\" type=\"text\/html\" frameborder=\"0\" allowTransparency=\"true\" style=\"border: 0\" data-cookieconsent=\"ignore\"><\/iframe><\/div><\/div><\/div><\/div><\/div><\/div><\/div><\/div><div style=\"height:100px\" aria-hidden=\"true\" class=\"wp-block-spacer\"><\/div><div class=\"wp-block-columns is-layout-flex wp-container-core-columns-is-layout-9d6595d7 wp-block-columns-is-layout-flex\"><div class=\"wp-block-column has-background is-layout-flow wp-block-column-is-layout-flow\" style=\"background-color:#004857\"><div class=\"wp-block-mac-title-cta-two-block container box-container\" style=\"background:#004857\"><div class=\"row\"><div class=\"col-12 col-lg-5 col-xl-5 col-xxl-5 title-box-txt\"><H2 class=\"wp-block-mac-title-cta-two-block\" style=\"color:#A7C8CB\">Conozca a nuestros expertos<\/H2><\/div><div class=\"col-12 offset-lg-1 offset-xl-1 offset-xxl-1 col-lg-6 col-xl-6 col-xxl-6 title-box-txt\"><div style=\"text-align:right\"><p class=\"wp-block-mac-title-cta-two-block\" style=\"color:#FFFFFF\">Somos el socio ganador para el mundo complejo de la construcci\u00f3n civil e industrial. Gracias a una amplia gama, nuestros productos son la respuesta a las diversas exigencias t\u00e9cnicas de muchos sectores. \u00bfTiene preguntas o necesita ayuda?<\/p><\/div><div style=\"text-align:right\"><a href=\"https:\/\/www.maccaferri.com\/es\/contacto\/\" target=\"_blank\" class=\"buttonurl\" rel=\"noopener\"><span class=\"buttontext\">Cont\u00e1ctenos<\/span><\/a><\/div><\/div><\/div><\/div><\/div><\/div><div style=\"height:100px\" aria-hidden=\"true\" class=\"wp-block-spacer\"><\/div>","protected":false},"excerpt":{"rendered":"","protected":false},"author":6,"featured_media":0,"parent":0,"menu_order":0,"comment_status":"closed","ping_status":"closed","template":"","meta":{"_acf_changed":false,"_joinchat":[],"footnotes":""},"class_list":["post-87366","page","type-page","status-publish","hentry"],"acf":{"uuid_products":"","product-documents":""},"yoast_head":"<!-- This site is optimized with the Yoast SEO Premium plugin v27.0 (Yoast SEO v27.0) - https:\/\/yoast.com\/product\/yoast-seo-premium-wordpress\/ -->\n<title>SUSTAINABLE \u200bBUILDING SOLUTIONS - Maccaferri Espa\u00f1a<\/title>\n<meta name=\"description\" content=\"0SUSTAINABLE \u200bBUILDING SOLUTIONSPreviousNext Nuestras soluciones responden a las diversas exigencias t\u00e9cnicas del sector de la construcci\u00f3n civil e\" \/>\n<meta name=\"robots\" content=\"index, follow, max-snippet:-1, max-image-preview:large, max-video-preview:-1\" \/>\n<link rel=\"canonical\" href=\"https:\/\/www.maccaferri.com\/es\/sustainable-building-solutions\/\" \/>\n<meta property=\"og:locale\" content=\"es_ES\" \/>\n<meta property=\"og:type\" content=\"article\" \/>\n<meta property=\"og:title\" content=\"SUSTAINABLE \u200bBUILDING SOLUTIONS - Maccaferri Espa\u00f1a\" \/>\n<meta property=\"og:description\" content=\"0SUSTAINABLE \u200bBUILDING SOLUTIONSPreviousNext Nuestras soluciones responden a las diversas exigencias t\u00e9cnicas del sector de la construcci\u00f3n civil e\" \/>\n<meta property=\"og:url\" content=\"https:\/\/www.maccaferri.com\/es\/sustainable-building-solutions\/\" \/>\n<meta property=\"og:site_name\" content=\"Maccaferri Espa\u00f1a\" \/>\n<meta property=\"article:modified_time\" content=\"2025-05-29T09:07:42+00:00\" \/>\n<meta property=\"og:image\" content=\"https:\/\/www.maccaferri.com\/es\/wp-content\/uploads\/2024\/12\/MECDEF-2.jpg\" \/>\n<meta name=\"twitter:card\" content=\"summary_large_image\" \/>\n<meta name=\"twitter:label1\" content=\"Est. reading time\" \/>\n\t<meta name=\"twitter:data1\" content=\"1 minute\" \/>\n<script type=\"application\/ld+json\" class=\"yoast-schema-graph\">{\"@context\":\"https:\/\/schema.org\",\"@graph\":[{\"@type\":\"WebPage\",\"@id\":\"https:\/\/www.maccaferri.com\/es\/sustainable-building-solutions\/\",\"url\":\"https:\/\/www.maccaferri.com\/es\/sustainable-building-solutions\/\",\"name\":\"SUSTAINABLE \u200bBUILDING SOLUTIONS - Maccaferri Espa\u00f1a\",\"isPartOf\":{\"@id\":\"https:\/\/www.maccaferri.com\/es\/#website\"},\"primaryImageOfPage\":{\"@id\":\"https:\/\/www.maccaferri.com\/es\/sustainable-building-solutions\/#primaryimage\"},\"image\":{\"@id\":\"https:\/\/www.maccaferri.com\/es\/sustainable-building-solutions\/#primaryimage\"},\"thumbnailUrl\":\"https:\/\/www.maccaferri.com\/es\/wp-content\/uploads\/2024\/12\/MECDEF-2.jpg\",\"datePublished\":\"2024-11-14T16:16:22+00:00\",\"dateModified\":\"2025-05-29T09:07:42+00:00\",\"description\":\"0SUSTAINABLE \u200bBUILDING SOLUTIONSPreviousNext Nuestras soluciones responden a las diversas exigencias t\u00e9cnicas del sector de la construcci\u00f3n civil e\",\"inLanguage\":\"es-ES\",\"potentialAction\":[{\"@type\":\"ReadAction\",\"target\":[\"https:\/\/www.maccaferri.com\/es\/sustainable-building-solutions\/\"]}]},{\"@type\":\"ImageObject\",\"inLanguage\":\"es-ES\",\"@id\":\"https:\/\/www.maccaferri.com\/es\/sustainable-building-solutions\/#primaryimage\",\"url\":\"https:\/\/www.maccaferri.com\/es\/wp-content\/uploads\/2024\/12\/MECDEF-2.jpg\",\"contentUrl\":\"https:\/\/www.maccaferri.com\/es\/wp-content\/uploads\/2024\/12\/MECDEF-2.jpg\",\"width\":1000,\"height\":750},{\"@type\":\"WebSite\",\"@id\":\"https:\/\/www.maccaferri.com\/es\/#website\",\"url\":\"https:\/\/www.maccaferri.com\/es\/\",\"name\":\"Maccaferri Espa\u00f1a\",\"description\":\"\",\"publisher\":{\"@id\":\"https:\/\/www.maccaferri.com\/es\/#organization\"},\"potentialAction\":[{\"@type\":\"SearchAction\",\"target\":{\"@type\":\"EntryPoint\",\"urlTemplate\":\"https:\/\/www.maccaferri.com\/es\/?s={search_term_string}\"},\"query-input\":{\"@type\":\"PropertyValueSpecification\",\"valueRequired\":true,\"valueName\":\"search_term_string\"}}],\"inLanguage\":\"es-ES\"},{\"@type\":\"Organization\",\"@id\":\"https:\/\/www.maccaferri.com\/es\/#organization\",\"name\":\"Maccaferri Espa\u00f1a\",\"url\":\"https:\/\/www.maccaferri.com\/es\/\",\"logo\":{\"@type\":\"ImageObject\",\"inLanguage\":\"es-ES\",\"@id\":\"https:\/\/www.maccaferri.com\/es\/#\/schema\/logo\/image\/\",\"url\":\"https:\/\/www.maccaferri.com\/es\/wp-content\/uploads\/2022\/07\/logo-maccaferri.png\",\"contentUrl\":\"https:\/\/www.maccaferri.com\/es\/wp-content\/uploads\/2022\/07\/logo-maccaferri.png\",\"width\":152,\"height\":32,\"caption\":\"Maccaferri Espa\u00f1a\"},\"image\":{\"@id\":\"https:\/\/www.maccaferri.com\/es\/#\/schema\/logo\/image\/\"}}]}<\/script>\n<!-- \/ Yoast SEO Premium plugin. -->","yoast_head_json":{"title":"SUSTAINABLE \u200bBUILDING SOLUTIONS - Maccaferri Espa\u00f1a","description":"0SUSTAINABLE \u200bBUILDING SOLUTIONSPreviousNext Nuestras soluciones responden a las diversas exigencias t\u00e9cnicas del sector de la construcci\u00f3n civil e","robots":{"index":"index","follow":"follow","max-snippet":"max-snippet:-1","max-image-preview":"max-image-preview:large","max-video-preview":"max-video-preview:-1"},"canonical":"https:\/\/www.maccaferri.com\/es\/sustainable-building-solutions\/","og_locale":"es_ES","og_type":"article","og_title":"SUSTAINABLE \u200bBUILDING SOLUTIONS - Maccaferri Espa\u00f1a","og_description":"0SUSTAINABLE \u200bBUILDING SOLUTIONSPreviousNext Nuestras soluciones responden a las diversas exigencias t\u00e9cnicas del sector de la construcci\u00f3n civil e","og_url":"https:\/\/www.maccaferri.com\/es\/sustainable-building-solutions\/","og_site_name":"Maccaferri Espa\u00f1a","article_modified_time":"2025-05-29T09:07:42+00:00","og_image":[{"url":"https:\/\/www.maccaferri.com\/es\/wp-content\/uploads\/2024\/12\/MECDEF-2.jpg","type":"","width":"","height":""}],"twitter_card":"summary_large_image","twitter_misc":{"Est. reading time":"1 minute"},"schema":{"@context":"https:\/\/schema.org","@graph":[{"@type":"WebPage","@id":"https:\/\/www.maccaferri.com\/es\/sustainable-building-solutions\/","url":"https:\/\/www.maccaferri.com\/es\/sustainable-building-solutions\/","name":"SUSTAINABLE \u200bBUILDING SOLUTIONS - Maccaferri Espa\u00f1a","isPartOf":{"@id":"https:\/\/www.maccaferri.com\/es\/#website"},"primaryImageOfPage":{"@id":"https:\/\/www.maccaferri.com\/es\/sustainable-building-solutions\/#primaryimage"},"image":{"@id":"https:\/\/www.maccaferri.com\/es\/sustainable-building-solutions\/#primaryimage"},"thumbnailUrl":"https:\/\/www.maccaferri.com\/es\/wp-content\/uploads\/2024\/12\/MECDEF-2.jpg","datePublished":"2024-11-14T16:16:22+00:00","dateModified":"2025-05-29T09:07:42+00:00","description":"0SUSTAINABLE \u200bBUILDING SOLUTIONSPreviousNext Nuestras soluciones responden a las diversas exigencias t\u00e9cnicas del sector de la construcci\u00f3n civil e","inLanguage":"es-ES","potentialAction":[{"@type":"ReadAction","target":["https:\/\/www.maccaferri.com\/es\/sustainable-building-solutions\/"]}]},{"@type":"ImageObject","inLanguage":"es-ES","@id":"https:\/\/www.maccaferri.com\/es\/sustainable-building-solutions\/#primaryimage","url":"https:\/\/www.maccaferri.com\/es\/wp-content\/uploads\/2024\/12\/MECDEF-2.jpg","contentUrl":"https:\/\/www.maccaferri.com\/es\/wp-content\/uploads\/2024\/12\/MECDEF-2.jpg","width":1000,"height":750},{"@type":"WebSite","@id":"https:\/\/www.maccaferri.com\/es\/#website","url":"https:\/\/www.maccaferri.com\/es\/","name":"Maccaferri Espa\u00f1a","description":"","publisher":{"@id":"https:\/\/www.maccaferri.com\/es\/#organization"},"potentialAction":[{"@type":"SearchAction","target":{"@type":"EntryPoint","urlTemplate":"https:\/\/www.maccaferri.com\/es\/?s={search_term_string}"},"query-input":{"@type":"PropertyValueSpecification","valueRequired":true,"valueName":"search_term_string"}}],"inLanguage":"es-ES"},{"@type":"Organization","@id":"https:\/\/www.maccaferri.com\/es\/#organization","name":"Maccaferri Espa\u00f1a","url":"https:\/\/www.maccaferri.com\/es\/","logo":{"@type":"ImageObject","inLanguage":"es-ES","@id":"https:\/\/www.maccaferri.com\/es\/#\/schema\/logo\/image\/","url":"https:\/\/www.maccaferri.com\/es\/wp-content\/uploads\/2022\/07\/logo-maccaferri.png","contentUrl":"https:\/\/www.maccaferri.com\/es\/wp-content\/uploads\/2022\/07\/logo-maccaferri.png","width":152,"height":32,"caption":"Maccaferri Espa\u00f1a"},"image":{"@id":"https:\/\/www.maccaferri.com\/es\/#\/schema\/logo\/image\/"}}]}},"_links":{"self":[{"href":"https:\/\/www.maccaferri.com\/es\/wp-json\/wp\/v2\/pages\/87366","targetHints":{"allow":["GET"]}}],"collection":[{"href":"https:\/\/www.maccaferri.com\/es\/wp-json\/wp\/v2\/pages"}],"about":[{"href":"https:\/\/www.maccaferri.com\/es\/wp-json\/wp\/v2\/types\/page"}],"author":[{"embeddable":true,"href":"https:\/\/www.maccaferri.com\/es\/wp-json\/wp\/v2\/users\/6"}],"replies":[{"embeddable":true,"href":"https:\/\/www.maccaferri.com\/es\/wp-json\/wp\/v2\/comments?post=87366"}],"version-history":[{"count":8,"href":"https:\/\/www.maccaferri.com\/es\/wp-json\/wp\/v2\/pages\/87366\/revisions"}],"predecessor-version":[{"id":97071,"href":"https:\/\/www.maccaferri.com\/es\/wp-json\/wp\/v2\/pages\/87366\/revisions\/97071"}],"wp:attachment":[{"href":"https:\/\/www.maccaferri.com\/es\/wp-json\/wp\/v2\/media?parent=87366"}],"curies":[{"name":"wp","href":"https:\/\/api.w.org\/{rel}","templated":true}]}}