{"id":7933,"date":"2023-01-18T13:31:44","date_gmt":"2023-01-18T12:31:44","guid":{"rendered":"https:\/\/www.maccaferri.com\/es?page_id=7933"},"modified":"2024-11-18T10:43:28","modified_gmt":"2024-11-18T09:43:28","slug":"thank-you","status":"publish","type":"page","link":"https:\/\/www.maccaferri.com\/es\/thank-you\/","title":{"rendered":"Thank you"},"content":{"rendered":"<div class=\"wp-block-mac-h1-title-hero-block container-fluid block-txt-container ico-contact-us\" style=\"background:linear-gradient(180deg,rgb(1,94,111) 0%,rgb(0,72,87) 100%)\"><div class=\"row\"><div class=\"col\"><div class=\"gts__picture\"><img style=\"display:none\"\/><div class=\"gts__picture__image\" style=\"background-image:url(undefined)\"><\/div><\/div><div class=\"container box-container\"><div class=\"row\"><div class=\"col title-box-txt\"><h1 class=\"wp-block-mac-h1-title-hero-block ico-contact-us\" style=\"color:#ffffff;text-align:center\">GRACIAS POR RELLENAR EL FORMULARIO.<\/h1><\/div><\/div><\/div><\/div><\/div><\/div><div style=\"height:100px\" aria-hidden=\"true\" class=\"wp-block-spacer\"><\/div><p class=\"has-text-align-center has-large-font-size\"><strong>Hemos recibido toda la informaci\u00f3n correctamente.<\/strong><\/p><div style=\"height:120px\" aria-hidden=\"true\" class=\"wp-block-spacer\"><\/div><p class=\"has-text-align-center\" style=\"font-size:27px\"><em><em><em><strong>Lleva tu proyecto m\u00e1s lejos<\/strong><\/em><\/em><\/em><\/p><div style=\"height:47px\" aria-hidden=\"true\" class=\"wp-block-spacer\"><\/div><div class=\"wp-block-columns is-layout-flex wp-container-core-columns-is-layout-9d6595d7 wp-block-columns-is-layout-flex\"><div class=\"wp-block-column is-vertically-aligned-center has-medium-font-size is-layout-flow wp-block-column-is-layout-flow\"><figure class=\"wp-block-image aligncenter size-full is-resized is-style-default\"><img decoding=\"async\" src=\"https:\/\/www.maccaferri.com\/wp-content\/uploads\/2024\/10\/lente.jpg\" alt=\"\" class=\"wp-image-83129\" style=\"width:150px\"\/><\/figure>\n\n<p class=\"has-text-align-center has-medium-font-size\"><em><em><em>Explora nuestros recursos<\/em><\/em><\/em><\/p>\n\n<div class=\"wp-block-buttons is-content-justification-center is-layout-flex wp-container-core-buttons-is-layout-16018d1d wp-block-buttons-is-layout-flex\"><div class=\"wp-block-button has-custom-font-size is-style-fill has-small-font-size\"><a class=\"wp-block-button__link wp-element-button\" href=\"https:\/\/www.maccaferri.com\/es\/centro-de-conocimiento\/?_gl=1*18xr8ac*_up*MQ..*_ga*ODE0MTc1MzY1LjE3MzAzNzQ4MzE.*_ga_G3M9415Z9W*MTczMDM3NDgzMS4xLjAuMTczMDM3NDgzMS4wLjAuMA..*_ga_5ZNY5P8FLW*MTczMDM3NDgzMS4xLjAuMTczMDM3NDgzMS4wLjAuMA..\">DESCUBRE M\u00c1S<\/a><\/div><\/div><\/div>\n\n<div class=\"wp-block-column is-vertically-aligned-center is-layout-flow wp-block-column-is-layout-flow\"><figure class=\"wp-block-image aligncenter size-full is-resized is-style-default\"><img decoding=\"async\" src=\"https:\/\/www.maccaferri.com\/wp-content\/uploads\/2024\/10\/software.jpg\" alt=\"\" class=\"wp-image-83126\" style=\"width:150px\"\/><\/figure>\n\n<p class=\"has-text-align-center has-medium-font-size\"><em>Descubre nuestro Paquete de Programas<\/em><\/p>\n\n<div class=\"wp-block-buttons is-content-justification-center is-layout-flex wp-container-core-buttons-is-layout-16018d1d wp-block-buttons-is-layout-flex\"><div class=\"wp-block-button has-custom-font-size is-style-fill has-small-font-size\"><a class=\"wp-block-button__link wp-element-button\" href=\"https:\/\/www.maccaferri.com\/es\/maccaferri-paquete-de-programas\/?_gl=1*18xr8ac*_up*MQ..*_ga*ODE0MTc1MzY1LjE3MzAzNzQ4MzE.*_ga_G3M9415Z9W*MTczMDM3NDgzMS4xLjAuMTczMDM3NDgzMS4wLjAuMA..*_ga_5ZNY5P8FLW*MTczMDM3NDgzMS4xLjAuMTczMDM3NDgzMS4wLjAuMA..\">DESCUBRE M\u00c1S<\/a><\/div><\/div><\/div>\n\n<div class=\"wp-block-column is-vertically-aligned-center is-layout-flow wp-block-column-is-layout-flow\"><figure class=\"wp-block-image aligncenter size-full is-resized is-style-default\"><img decoding=\"async\" src=\"https:\/\/www.maccaferri.com\/wp-content\/uploads\/2024\/10\/documento.jpg\" alt=\"\" class=\"wp-image-83121\" style=\"width:150px\"\/><\/figure>\n\n<p class=\"has-text-align-center has-medium-font-size\"><em><em>Conoce nuestros Casos de \u00c9xito<\/em><\/em><\/p>\n\n<div class=\"wp-block-buttons is-content-justification-center is-layout-flex wp-container-core-buttons-is-layout-16018d1d wp-block-buttons-is-layout-flex\"><div class=\"wp-block-button has-custom-font-size is-style-fill has-small-font-size\"><a class=\"wp-block-button__link wp-element-button\" href=\"https:\/\/www.maccaferri.com\/es\/casos-de-exito\/?_gl=1*18xr8ac*_up*MQ..*_ga*ODE0MTc1MzY1LjE3MzAzNzQ4MzE.*_ga_G3M9415Z9W*MTczMDM3NDgzMS4xLjAuMTczMDM3NDgzMS4wLjAuMA..*_ga_5ZNY5P8FLW*MTczMDM3NDgzMS4xLjAuMTczMDM3NDgzMS4wLjAuMA..\">DESCUBRE M\u00c1S<\/a><\/div><\/div><\/div><\/div><div style=\"height:73px\" aria-hidden=\"true\" class=\"wp-block-spacer\"><\/div><div class=\"wp-block-columns is-layout-flex wp-container-core-columns-is-layout-9d6595d7 wp-block-columns-is-layout-flex\"><\/div>","protected":false},"excerpt":{"rendered":"<p>Hemos recibido toda la informaci\u00f3n correctamente. Lleva tu proyecto m\u00e1s lejos Explora nuestros recursos Descubre nuestro Paquete de Programas Conoce nuestros Casos de \u00c9xito<\/p>\n","protected":false},"author":1,"featured_media":0,"parent":0,"menu_order":0,"comment_status":"closed","ping_status":"closed","template":"","meta":{"_acf_changed":false,"_joinchat":[],"footnotes":""},"class_list":["post-7933","page","type-page","status-publish","hentry"],"acf":{"uuid_products":"","product-documents":""},"yoast_head":"<!-- This site is optimized with the Yoast SEO Premium plugin v27.0 (Yoast SEO v27.0) - https:\/\/yoast.com\/product\/yoast-seo-premium-wordpress\/ -->\n<title>Thank you - Maccaferri Espa\u00f1a<\/title>\n<meta name=\"description\" content=\"GRACIAS POR RELLENAR EL FORMULARIO. Hemos recibido toda la informaci\u00f3n correctamente. Lleva tu proyecto m\u00e1s lejos Explora nuestros recursos DESCUBRE M\u00c1S\" \/>\n<meta name=\"robots\" content=\"index, follow, max-snippet:-1, max-image-preview:large, max-video-preview:-1\" \/>\n<link rel=\"canonical\" href=\"https:\/\/www.maccaferri.com\/es\/thank-you\/\" \/>\n<meta property=\"og:locale\" content=\"es_ES\" \/>\n<meta property=\"og:type\" content=\"article\" \/>\n<meta property=\"og:title\" content=\"Thank you - Maccaferri Espa\u00f1a\" \/>\n<meta property=\"og:description\" content=\"GRACIAS POR RELLENAR EL FORMULARIO. Hemos recibido toda la informaci\u00f3n correctamente. Lleva tu proyecto m\u00e1s lejos Explora nuestros recursos DESCUBRE M\u00c1S\" \/>\n<meta property=\"og:url\" content=\"https:\/\/www.maccaferri.com\/es\/thank-you\/\" \/>\n<meta property=\"og:site_name\" content=\"Maccaferri Espa\u00f1a\" \/>\n<meta property=\"article:modified_time\" content=\"2024-11-18T09:43:28+00:00\" \/>\n<meta property=\"og:image\" content=\"https:\/\/www.maccaferri.com\/wp-content\/uploads\/2024\/10\/lente.jpg\" \/>\n<meta name=\"twitter:card\" content=\"summary_large_image\" \/>\n<meta name=\"twitter:label1\" content=\"Est. reading time\" \/>\n\t<meta name=\"twitter:data1\" content=\"1 minute\" \/>\n<script type=\"application\/ld+json\" class=\"yoast-schema-graph\">{\"@context\":\"https:\/\/schema.org\",\"@graph\":[{\"@type\":\"WebPage\",\"@id\":\"https:\/\/www.maccaferri.com\/es\/thank-you\/\",\"url\":\"https:\/\/www.maccaferri.com\/es\/thank-you\/\",\"name\":\"Thank you - Maccaferri Espa\u00f1a\",\"isPartOf\":{\"@id\":\"https:\/\/www.maccaferri.com\/es\/#website\"},\"primaryImageOfPage\":{\"@id\":\"https:\/\/www.maccaferri.com\/es\/thank-you\/#primaryimage\"},\"image\":{\"@id\":\"https:\/\/www.maccaferri.com\/es\/thank-you\/#primaryimage\"},\"thumbnailUrl\":\"https:\/\/www.maccaferri.com\/wp-content\/uploads\/2024\/10\/lente.jpg\",\"datePublished\":\"2023-01-18T12:31:44+00:00\",\"dateModified\":\"2024-11-18T09:43:28+00:00\",\"description\":\"GRACIAS POR RELLENAR EL FORMULARIO. Hemos recibido toda la informaci\u00f3n correctamente. Lleva tu proyecto m\u00e1s lejos Explora nuestros recursos DESCUBRE M\u00c1S\",\"inLanguage\":\"es-ES\",\"potentialAction\":[{\"@type\":\"ReadAction\",\"target\":[\"https:\/\/www.maccaferri.com\/es\/thank-you\/\"]}]},{\"@type\":\"ImageObject\",\"inLanguage\":\"es-ES\",\"@id\":\"https:\/\/www.maccaferri.com\/es\/thank-you\/#primaryimage\",\"url\":\"https:\/\/www.maccaferri.com\/wp-content\/uploads\/2024\/10\/lente.jpg\",\"contentUrl\":\"https:\/\/www.maccaferri.com\/wp-content\/uploads\/2024\/10\/lente.jpg\"},{\"@type\":\"WebSite\",\"@id\":\"https:\/\/www.maccaferri.com\/es\/#website\",\"url\":\"https:\/\/www.maccaferri.com\/es\/\",\"name\":\"Maccaferri Espa\u00f1a\",\"description\":\"\",\"publisher\":{\"@id\":\"https:\/\/www.maccaferri.com\/es\/#organization\"},\"potentialAction\":[{\"@type\":\"SearchAction\",\"target\":{\"@type\":\"EntryPoint\",\"urlTemplate\":\"https:\/\/www.maccaferri.com\/es\/?s={search_term_string}\"},\"query-input\":{\"@type\":\"PropertyValueSpecification\",\"valueRequired\":true,\"valueName\":\"search_term_string\"}}],\"inLanguage\":\"es-ES\"},{\"@type\":\"Organization\",\"@id\":\"https:\/\/www.maccaferri.com\/es\/#organization\",\"name\":\"Maccaferri Espa\u00f1a\",\"url\":\"https:\/\/www.maccaferri.com\/es\/\",\"logo\":{\"@type\":\"ImageObject\",\"inLanguage\":\"es-ES\",\"@id\":\"https:\/\/www.maccaferri.com\/es\/#\/schema\/logo\/image\/\",\"url\":\"https:\/\/www.maccaferri.com\/es\/wp-content\/uploads\/2022\/07\/logo-maccaferri.png\",\"contentUrl\":\"https:\/\/www.maccaferri.com\/es\/wp-content\/uploads\/2022\/07\/logo-maccaferri.png\",\"width\":152,\"height\":32,\"caption\":\"Maccaferri Espa\u00f1a\"},\"image\":{\"@id\":\"https:\/\/www.maccaferri.com\/es\/#\/schema\/logo\/image\/\"}}]}<\/script>\n<!-- \/ Yoast SEO Premium plugin. -->","yoast_head_json":{"title":"Thank you - Maccaferri Espa\u00f1a","description":"GRACIAS POR RELLENAR EL FORMULARIO. Hemos recibido toda la informaci\u00f3n correctamente. Lleva tu proyecto m\u00e1s lejos Explora nuestros recursos DESCUBRE M\u00c1S","robots":{"index":"index","follow":"follow","max-snippet":"max-snippet:-1","max-image-preview":"max-image-preview:large","max-video-preview":"max-video-preview:-1"},"canonical":"https:\/\/www.maccaferri.com\/es\/thank-you\/","og_locale":"es_ES","og_type":"article","og_title":"Thank you - Maccaferri Espa\u00f1a","og_description":"GRACIAS POR RELLENAR EL FORMULARIO. Hemos recibido toda la informaci\u00f3n correctamente. Lleva tu proyecto m\u00e1s lejos Explora nuestros recursos DESCUBRE M\u00c1S","og_url":"https:\/\/www.maccaferri.com\/es\/thank-you\/","og_site_name":"Maccaferri Espa\u00f1a","article_modified_time":"2024-11-18T09:43:28+00:00","og_image":[{"url":"https:\/\/www.maccaferri.com\/wp-content\/uploads\/2024\/10\/lente.jpg","type":"","width":"","height":""}],"twitter_card":"summary_large_image","twitter_misc":{"Est. reading time":"1 minute"},"schema":{"@context":"https:\/\/schema.org","@graph":[{"@type":"WebPage","@id":"https:\/\/www.maccaferri.com\/es\/thank-you\/","url":"https:\/\/www.maccaferri.com\/es\/thank-you\/","name":"Thank you - Maccaferri Espa\u00f1a","isPartOf":{"@id":"https:\/\/www.maccaferri.com\/es\/#website"},"primaryImageOfPage":{"@id":"https:\/\/www.maccaferri.com\/es\/thank-you\/#primaryimage"},"image":{"@id":"https:\/\/www.maccaferri.com\/es\/thank-you\/#primaryimage"},"thumbnailUrl":"https:\/\/www.maccaferri.com\/wp-content\/uploads\/2024\/10\/lente.jpg","datePublished":"2023-01-18T12:31:44+00:00","dateModified":"2024-11-18T09:43:28+00:00","description":"GRACIAS POR RELLENAR EL FORMULARIO. Hemos recibido toda la informaci\u00f3n correctamente. Lleva tu proyecto m\u00e1s lejos Explora nuestros recursos DESCUBRE M\u00c1S","inLanguage":"es-ES","potentialAction":[{"@type":"ReadAction","target":["https:\/\/www.maccaferri.com\/es\/thank-you\/"]}]},{"@type":"ImageObject","inLanguage":"es-ES","@id":"https:\/\/www.maccaferri.com\/es\/thank-you\/#primaryimage","url":"https:\/\/www.maccaferri.com\/wp-content\/uploads\/2024\/10\/lente.jpg","contentUrl":"https:\/\/www.maccaferri.com\/wp-content\/uploads\/2024\/10\/lente.jpg"},{"@type":"WebSite","@id":"https:\/\/www.maccaferri.com\/es\/#website","url":"https:\/\/www.maccaferri.com\/es\/","name":"Maccaferri Espa\u00f1a","description":"","publisher":{"@id":"https:\/\/www.maccaferri.com\/es\/#organization"},"potentialAction":[{"@type":"SearchAction","target":{"@type":"EntryPoint","urlTemplate":"https:\/\/www.maccaferri.com\/es\/?s={search_term_string}"},"query-input":{"@type":"PropertyValueSpecification","valueRequired":true,"valueName":"search_term_string"}}],"inLanguage":"es-ES"},{"@type":"Organization","@id":"https:\/\/www.maccaferri.com\/es\/#organization","name":"Maccaferri Espa\u00f1a","url":"https:\/\/www.maccaferri.com\/es\/","logo":{"@type":"ImageObject","inLanguage":"es-ES","@id":"https:\/\/www.maccaferri.com\/es\/#\/schema\/logo\/image\/","url":"https:\/\/www.maccaferri.com\/es\/wp-content\/uploads\/2022\/07\/logo-maccaferri.png","contentUrl":"https:\/\/www.maccaferri.com\/es\/wp-content\/uploads\/2022\/07\/logo-maccaferri.png","width":152,"height":32,"caption":"Maccaferri Espa\u00f1a"},"image":{"@id":"https:\/\/www.maccaferri.com\/es\/#\/schema\/logo\/image\/"}}]}},"_links":{"self":[{"href":"https:\/\/www.maccaferri.com\/es\/wp-json\/wp\/v2\/pages\/7933","targetHints":{"allow":["GET"]}}],"collection":[{"href":"https:\/\/www.maccaferri.com\/es\/wp-json\/wp\/v2\/pages"}],"about":[{"href":"https:\/\/www.maccaferri.com\/es\/wp-json\/wp\/v2\/types\/page"}],"author":[{"embeddable":true,"href":"https:\/\/www.maccaferri.com\/es\/wp-json\/wp\/v2\/users\/1"}],"replies":[{"embeddable":true,"href":"https:\/\/www.maccaferri.com\/es\/wp-json\/wp\/v2\/comments?post=7933"}],"version-history":[{"count":4,"href":"https:\/\/www.maccaferri.com\/es\/wp-json\/wp\/v2\/pages\/7933\/revisions"}],"predecessor-version":[{"id":84071,"href":"https:\/\/www.maccaferri.com\/es\/wp-json\/wp\/v2\/pages\/7933\/revisions\/84071"}],"wp:attachment":[{"href":"https:\/\/www.maccaferri.com\/es\/wp-json\/wp\/v2\/media?parent=7933"}],"curies":[{"name":"wp","href":"https:\/\/api.w.org\/{rel}","templated":true}]}}