{"id":64761,"date":"2024-03-08T14:53:58","date_gmt":"2024-03-08T13:53:58","guid":{"rendered":"https:\/\/www.maccaferri.com\/es\/?page_id=64761"},"modified":"2024-03-08T14:53:59","modified_gmt":"2024-03-08T13:53:59","slug":"gracias-por-inscribirse-en-nuestro-seminario-web","status":"publish","type":"page","link":"https:\/\/www.maccaferri.com\/es\/gracias-por-inscribirse-en-nuestro-seminario-web\/","title":{"rendered":"Gracias por inscribirse en nuestro seminario web"},"content":{"rendered":"<div class=\"wp-block-mac-h1-title-hero-block container-fluid block-txt-container\" style=\"background:linear-gradient(180deg,rgb(1,94,111) 0%,rgb(0,72,87) 100%)\"><div class=\"row\"><div class=\"col\"><div class=\"gts__picture\"><img style=\"display:none\" \/><div class=\"gts__picture__image\" style=\"background-image:url(undefined)\"><\/div><\/div><div class=\"container box-container\"><div class=\"row\"><div class=\"col title-box-txt\"><h1 class=\"wp-block-mac-h1-title-hero-block\" style=\"color:#ffffff;text-align:none\">Gracias por inscribirse en nuestro seminario web<\/h1><\/div><\/div><\/div><\/div><\/div><\/div><div style=\"height:100px\" aria-hidden=\"true\" class=\"wp-block-spacer\"><\/div><div class=\"wp-block-mac-container-block box-container\"><div class=\"wp-block-columns is-layout-flex wp-container-core-columns-is-layout-9d6595d7 wp-block-columns-is-layout-flex\"><div class=\"wp-block-column is-vertically-aligned-center is-layout-flow wp-block-column-is-layout-flow\"><p class=\"has-text-align-center has-medium-font-size\">Su inscripci\u00f3n ha sido procesada.<\/p>\n\n<p class=\"has-text-align-center has-medium-font-size\">En breve recibir\u00e1 un correo electr\u00f3nico de confirmaci\u00f3n.<\/p><\/div><\/div><\/div><div style=\"height:100px\" aria-hidden=\"true\" class=\"wp-block-spacer\"><\/div><div class=\"wp-block-mac-container-block box-container\"><div class=\"wp-block-columns is-layout-flex wp-container-core-columns-is-layout-9d6595d7 wp-block-columns-is-layout-flex\"><div class=\"wp-block-column is-layout-flow wp-block-column-is-layout-flow\"><p class=\"has-text-align-center has-medium-font-size\">Mientras tanto, \u00bfquiere saber m\u00e1s sobre nuestras soluciones?<\/p><\/div><\/div><\/div><div class=\"wp-block-buttons is-content-justification-center is-layout-flex wp-container-core-buttons-is-layout-16018d1d wp-block-buttons-is-layout-flex\"><div class=\"wp-block-button\"><a class=\"wp-block-button__link wp-element-button\" href=\"https:\/\/www.maccaferri.com\/es\/\" target=\"_blank\" rel=\"noreferrer noopener\">Visite el sitio web de Macccaferri<\/a><\/div><\/div><div style=\"height:100px\" aria-hidden=\"true\" class=\"wp-block-spacer\"><\/div>","protected":false},"excerpt":{"rendered":"","protected":false},"author":21,"featured_media":0,"parent":0,"menu_order":0,"comment_status":"closed","ping_status":"closed","template":"","meta":{"_acf_changed":false,"_joinchat":[],"footnotes":""},"class_list":["post-64761","page","type-page","status-publish","hentry"],"acf":{"uuid_products":"","product-documents":""},"yoast_head":"<!-- This site is optimized with the Yoast SEO Premium plugin v27.0 (Yoast SEO v27.0) - https:\/\/yoast.com\/product\/yoast-seo-premium-wordpress\/ -->\n<title>Gracias por inscribirse en nuestro seminario web - Maccaferri Espa\u00f1a<\/title>\n<meta name=\"description\" content=\"Gracias por inscribirse en nuestro seminario web Su inscripci\u00f3n ha sido procesada. En breve recibir\u00e1 un correo electr\u00f3nico de confirmaci\u00f3n. Mientras\" \/>\n<meta name=\"robots\" content=\"index, follow, max-snippet:-1, max-image-preview:large, max-video-preview:-1\" \/>\n<link rel=\"canonical\" href=\"https:\/\/www.maccaferri.com\/es\/gracias-por-inscribirse-en-nuestro-seminario-web\/\" \/>\n<meta property=\"og:locale\" content=\"es_ES\" \/>\n<meta property=\"og:type\" content=\"article\" \/>\n<meta property=\"og:title\" content=\"Gracias por inscribirse en nuestro seminario web - Maccaferri Espa\u00f1a\" \/>\n<meta property=\"og:description\" content=\"Gracias por inscribirse en nuestro seminario web Su inscripci\u00f3n ha sido procesada. En breve recibir\u00e1 un correo electr\u00f3nico de confirmaci\u00f3n. Mientras\" \/>\n<meta property=\"og:url\" content=\"https:\/\/www.maccaferri.com\/es\/gracias-por-inscribirse-en-nuestro-seminario-web\/\" \/>\n<meta property=\"og:site_name\" content=\"Maccaferri Espa\u00f1a\" \/>\n<meta property=\"article:modified_time\" content=\"2024-03-08T13:53:59+00:00\" \/>\n<meta name=\"twitter:card\" content=\"summary_large_image\" \/>\n<meta name=\"twitter:label1\" content=\"Est. reading time\" \/>\n\t<meta name=\"twitter:data1\" content=\"1 minute\" \/>\n<script type=\"application\/ld+json\" class=\"yoast-schema-graph\">{\"@context\":\"https:\/\/schema.org\",\"@graph\":[{\"@type\":\"WebPage\",\"@id\":\"https:\/\/www.maccaferri.com\/es\/gracias-por-inscribirse-en-nuestro-seminario-web\/\",\"url\":\"https:\/\/www.maccaferri.com\/es\/gracias-por-inscribirse-en-nuestro-seminario-web\/\",\"name\":\"Gracias por inscribirse en nuestro seminario web - Maccaferri Espa\u00f1a\",\"isPartOf\":{\"@id\":\"https:\/\/www.maccaferri.com\/es\/#website\"},\"datePublished\":\"2024-03-08T13:53:58+00:00\",\"dateModified\":\"2024-03-08T13:53:59+00:00\",\"description\":\"Gracias por inscribirse en nuestro seminario web Su inscripci\u00f3n ha sido procesada. En breve recibir\u00e1 un correo electr\u00f3nico de confirmaci\u00f3n. Mientras\",\"inLanguage\":\"es-ES\",\"potentialAction\":[{\"@type\":\"ReadAction\",\"target\":[\"https:\/\/www.maccaferri.com\/es\/gracias-por-inscribirse-en-nuestro-seminario-web\/\"]}]},{\"@type\":\"WebSite\",\"@id\":\"https:\/\/www.maccaferri.com\/es\/#website\",\"url\":\"https:\/\/www.maccaferri.com\/es\/\",\"name\":\"Maccaferri Espa\u00f1a\",\"description\":\"\",\"publisher\":{\"@id\":\"https:\/\/www.maccaferri.com\/es\/#organization\"},\"potentialAction\":[{\"@type\":\"SearchAction\",\"target\":{\"@type\":\"EntryPoint\",\"urlTemplate\":\"https:\/\/www.maccaferri.com\/es\/?s={search_term_string}\"},\"query-input\":{\"@type\":\"PropertyValueSpecification\",\"valueRequired\":true,\"valueName\":\"search_term_string\"}}],\"inLanguage\":\"es-ES\"},{\"@type\":\"Organization\",\"@id\":\"https:\/\/www.maccaferri.com\/es\/#organization\",\"name\":\"Maccaferri Espa\u00f1a\",\"url\":\"https:\/\/www.maccaferri.com\/es\/\",\"logo\":{\"@type\":\"ImageObject\",\"inLanguage\":\"es-ES\",\"@id\":\"https:\/\/www.maccaferri.com\/es\/#\/schema\/logo\/image\/\",\"url\":\"https:\/\/www.maccaferri.com\/es\/wp-content\/uploads\/2022\/07\/logo-maccaferri.png\",\"contentUrl\":\"https:\/\/www.maccaferri.com\/es\/wp-content\/uploads\/2022\/07\/logo-maccaferri.png\",\"width\":152,\"height\":32,\"caption\":\"Maccaferri Espa\u00f1a\"},\"image\":{\"@id\":\"https:\/\/www.maccaferri.com\/es\/#\/schema\/logo\/image\/\"}}]}<\/script>\n<!-- \/ Yoast SEO Premium plugin. -->","yoast_head_json":{"title":"Gracias por inscribirse en nuestro seminario web - Maccaferri Espa\u00f1a","description":"Gracias por inscribirse en nuestro seminario web Su inscripci\u00f3n ha sido procesada. En breve recibir\u00e1 un correo electr\u00f3nico de confirmaci\u00f3n. Mientras","robots":{"index":"index","follow":"follow","max-snippet":"max-snippet:-1","max-image-preview":"max-image-preview:large","max-video-preview":"max-video-preview:-1"},"canonical":"https:\/\/www.maccaferri.com\/es\/gracias-por-inscribirse-en-nuestro-seminario-web\/","og_locale":"es_ES","og_type":"article","og_title":"Gracias por inscribirse en nuestro seminario web - Maccaferri Espa\u00f1a","og_description":"Gracias por inscribirse en nuestro seminario web Su inscripci\u00f3n ha sido procesada. En breve recibir\u00e1 un correo electr\u00f3nico de confirmaci\u00f3n. Mientras","og_url":"https:\/\/www.maccaferri.com\/es\/gracias-por-inscribirse-en-nuestro-seminario-web\/","og_site_name":"Maccaferri Espa\u00f1a","article_modified_time":"2024-03-08T13:53:59+00:00","twitter_card":"summary_large_image","twitter_misc":{"Est. reading time":"1 minute"},"schema":{"@context":"https:\/\/schema.org","@graph":[{"@type":"WebPage","@id":"https:\/\/www.maccaferri.com\/es\/gracias-por-inscribirse-en-nuestro-seminario-web\/","url":"https:\/\/www.maccaferri.com\/es\/gracias-por-inscribirse-en-nuestro-seminario-web\/","name":"Gracias por inscribirse en nuestro seminario web - Maccaferri Espa\u00f1a","isPartOf":{"@id":"https:\/\/www.maccaferri.com\/es\/#website"},"datePublished":"2024-03-08T13:53:58+00:00","dateModified":"2024-03-08T13:53:59+00:00","description":"Gracias por inscribirse en nuestro seminario web Su inscripci\u00f3n ha sido procesada. En breve recibir\u00e1 un correo electr\u00f3nico de confirmaci\u00f3n. Mientras","inLanguage":"es-ES","potentialAction":[{"@type":"ReadAction","target":["https:\/\/www.maccaferri.com\/es\/gracias-por-inscribirse-en-nuestro-seminario-web\/"]}]},{"@type":"WebSite","@id":"https:\/\/www.maccaferri.com\/es\/#website","url":"https:\/\/www.maccaferri.com\/es\/","name":"Maccaferri Espa\u00f1a","description":"","publisher":{"@id":"https:\/\/www.maccaferri.com\/es\/#organization"},"potentialAction":[{"@type":"SearchAction","target":{"@type":"EntryPoint","urlTemplate":"https:\/\/www.maccaferri.com\/es\/?s={search_term_string}"},"query-input":{"@type":"PropertyValueSpecification","valueRequired":true,"valueName":"search_term_string"}}],"inLanguage":"es-ES"},{"@type":"Organization","@id":"https:\/\/www.maccaferri.com\/es\/#organization","name":"Maccaferri Espa\u00f1a","url":"https:\/\/www.maccaferri.com\/es\/","logo":{"@type":"ImageObject","inLanguage":"es-ES","@id":"https:\/\/www.maccaferri.com\/es\/#\/schema\/logo\/image\/","url":"https:\/\/www.maccaferri.com\/es\/wp-content\/uploads\/2022\/07\/logo-maccaferri.png","contentUrl":"https:\/\/www.maccaferri.com\/es\/wp-content\/uploads\/2022\/07\/logo-maccaferri.png","width":152,"height":32,"caption":"Maccaferri Espa\u00f1a"},"image":{"@id":"https:\/\/www.maccaferri.com\/es\/#\/schema\/logo\/image\/"}}]}},"_links":{"self":[{"href":"https:\/\/www.maccaferri.com\/es\/wp-json\/wp\/v2\/pages\/64761","targetHints":{"allow":["GET"]}}],"collection":[{"href":"https:\/\/www.maccaferri.com\/es\/wp-json\/wp\/v2\/pages"}],"about":[{"href":"https:\/\/www.maccaferri.com\/es\/wp-json\/wp\/v2\/types\/page"}],"author":[{"embeddable":true,"href":"https:\/\/www.maccaferri.com\/es\/wp-json\/wp\/v2\/users\/21"}],"replies":[{"embeddable":true,"href":"https:\/\/www.maccaferri.com\/es\/wp-json\/wp\/v2\/comments?post=64761"}],"version-history":[{"count":2,"href":"https:\/\/www.maccaferri.com\/es\/wp-json\/wp\/v2\/pages\/64761\/revisions"}],"predecessor-version":[{"id":64764,"href":"https:\/\/www.maccaferri.com\/es\/wp-json\/wp\/v2\/pages\/64761\/revisions\/64764"}],"wp:attachment":[{"href":"https:\/\/www.maccaferri.com\/es\/wp-json\/wp\/v2\/media?parent=64761"}],"curies":[{"name":"wp","href":"https:\/\/api.w.org\/{rel}","templated":true}]}}