{"id":57792,"date":"2023-11-28T15:33:44","date_gmt":"2023-11-28T14:33:44","guid":{"rendered":"https:\/\/www.maccaferri.com\/es\/?page_id=57792"},"modified":"2023-12-01T10:47:15","modified_gmt":"2023-12-01T09:47:15","slug":"revestimientos-de-alta-durabilidad-galmac-c2-y-c3","status":"publish","type":"page","link":"https:\/\/www.maccaferri.com\/es\/revestimientos-de-alta-durabilidad-galmac-c2-y-c3\/","title":{"rendered":"REVESTIMIENTOS DE ALTA DURABILIDAD GalMac C2 Y C3"},"content":{"rendered":"<p><\/p><p><\/p><div class=\"wp-block-mac-slider-hero-block hero-slider\"><div id=\"hero81\" class=\"carousel slide\" data-bs-ride=\"true\"><ol class=\"carousel-indicators box-container\"><li data-bs-target=\"#hero81\" data-bs-slide-to=\"0\" class=\"active\"><\/li><\/ol><div class=\"carousel-inner\"><div class=\"carousel-item active\"><div class=\"hero\"><div class=\"gts__picture\"><img decoding=\"async\" src=\"https:\/\/www.maccaferri.com\/es\/wp-content\/uploads\/2023\/11\/Picture22.jpg\" style=\"display:none\" \/><div class=\"gts__picture__image\" style=\"background-image:url(https:\/\/www.maccaferri.com\/es\/wp-content\/uploads\/2023\/11\/Picture22.jpg)\"><\/div><\/div><div class=\"container box-container\"><div class=\"row\"><div class=\"col-12 col-lg-6 col-xl-6 col-xxl-6\"><p><span class=\"hero-index\" style=\"display:none\">0<\/span><\/p><h2 class=\"hero-text-container\"><span class=\"hero-text\"><strong>REVESTIMIENTOS DE ALTA DURABILIDAD GalMac C2 Y C3<\/strong><\/span><\/h2><\/div><\/div><\/div><\/div><\/div><\/div><button class=\"carousel-control-prev\" type=\"button\" data-bs-slide=\"prev\"><span class=\"carousel-control-prev-icon\" aria-hidden=\"true\"><\/span><span class=\"visually-hidden\">Previous<\/span><\/button><button class=\"carousel-control-next\" type=\"button\" data-bs-slide=\"next\"><span class=\"carousel-control-next-icon\" aria-hidden=\"true\"><\/span><span class=\"visually-hidden\">Next<\/span><\/button><\/div><\/div><div style=\"height:70px\" aria-hidden=\"true\" class=\"wp-block-spacer\"><\/div><div class=\"wp-block-mac-h2-title-block block-txt-container box-container\"><div class=\"row\"><div class=\"col title-box-txt\"><h2 style=\"color:#212429;text-align:none\">REVESTIMIENTO MET\u00c1LICO AVANZADO PARA COMBATIR LA CORROSI\u00d3N<\/h2><\/div><\/div><\/div><div class=\"wp-block-mac-container-block box-container\"><div class=\"wp-block-columns is-layout-flex wp-container-core-columns-is-layout-9d6595d7 wp-block-columns-is-layout-flex\"><div class=\"wp-block-column is-layout-flow wp-block-column-is-layout-flow\"><p>Cuando una protecci\u00f3n contra desprendimientos de rocas se expone a condiciones ambientales agresivas, puede deteriorarse r\u00e1pidamente, poniendo en peligro la seguridad de las personas y los bienes.<br>La exposici\u00f3n a la humedad y la contaminaci\u00f3n atmosferica, junto con los efectos de los cloruros y las sales, afectan considerablemente a la velocidad de<br>corrosi\u00f3n alterando las propiedades del acero.<\/p><\/div><\/div><\/div><div class=\"wp-block-mac-container-block box-container\"><div class=\"wp-block-columns is-layout-flex wp-container-core-columns-is-layout-9d6595d7 wp-block-columns-is-layout-flex\"><div class=\"wp-block-column is-layout-flow wp-block-column-is-layout-flow\"><figure class=\"wp-block-image aligncenter size-large\"><img fetchpriority=\"high\" decoding=\"async\" width=\"1024\" height=\"768\" src=\"https:\/\/www.maccaferri.com\/es\/wp-content\/uploads\/2023\/11\/IMG_1315-2-1024x768.jpg\" alt=\"\" class=\"wp-image-57826\" srcset=\"https:\/\/www.maccaferri.com\/es\/wp-content\/uploads\/2023\/11\/IMG_1315-2-1024x768.jpg 1024w, https:\/\/www.maccaferri.com\/es\/wp-content\/uploads\/2023\/11\/IMG_1315-2-300x225.jpg 300w, https:\/\/www.maccaferri.com\/es\/wp-content\/uploads\/2023\/11\/IMG_1315-2-768x576.jpg 768w, https:\/\/www.maccaferri.com\/es\/wp-content\/uploads\/2023\/11\/IMG_1315-2-1536x1152.jpg 1536w, https:\/\/www.maccaferri.com\/es\/wp-content\/uploads\/2023\/11\/IMG_1315-2-2048x1536.jpg 2048w, https:\/\/www.maccaferri.com\/es\/wp-content\/uploads\/2023\/11\/IMG_1315-2-120x90.jpg 120w\" sizes=\"(max-width: 1024px) 100vw, 1024px\" \/><\/figure><\/div>\n\n<div class=\"wp-block-column is-layout-flow wp-block-column-is-layout-flow\"><figure class=\"wp-block-image size-full\"><img decoding=\"async\" width=\"454\" height=\"338\" src=\"https:\/\/www.maccaferri.com\/es\/wp-content\/uploads\/2023\/11\/noun-falling-rocks-1925792-1.png\" alt=\"\" class=\"wp-image-57831\" srcset=\"https:\/\/www.maccaferri.com\/es\/wp-content\/uploads\/2023\/11\/noun-falling-rocks-1925792-1.png 454w, https:\/\/www.maccaferri.com\/es\/wp-content\/uploads\/2023\/11\/noun-falling-rocks-1925792-1-300x223.png 300w, https:\/\/www.maccaferri.com\/es\/wp-content\/uploads\/2023\/11\/noun-falling-rocks-1925792-1-120x89.png 120w\" sizes=\"(max-width: 454px) 100vw, 454px\" \/><\/figure><\/div>\n\n<div class=\"wp-block-column is-vertically-aligned-center is-layout-flow wp-block-column-is-layout-flow\"><figure class=\"wp-block-image aligncenter size-full is-resized\"><img decoding=\"async\" src=\"https:\/\/www.maccaferri.com\/es\/wp-content\/uploads\/2023\/11\/Capture-decran-2023-11-28-153012.png\" alt=\"\" class=\"wp-image-57903\" width=\"296\" height=\"144\" srcset=\"https:\/\/www.maccaferri.com\/es\/wp-content\/uploads\/2023\/11\/Capture-decran-2023-11-28-153012.png 181w, https:\/\/www.maccaferri.com\/es\/wp-content\/uploads\/2023\/11\/Capture-decran-2023-11-28-153012-120x58.png 120w\" sizes=\"(max-width: 296px) 100vw, 296px\" \/><\/figure><\/div><\/div><\/div><p><\/p><div class=\"wp-block-mac-container-block box-container\"><div class=\"wp-block-columns is-layout-flex wp-container-core-columns-is-layout-9d6595d7 wp-block-columns-is-layout-flex\"><div class=\"wp-block-column is-layout-flow wp-block-column-is-layout-flow\"><div class=\"container content-paragraph box-container\"><div class=\"row\"><div class=\"col-12 col-lg-12 col-xl-12 col-xxl-12\"><div class=\"content-txt\"><p style=\"text-align: center\"><strong><span style=\"color: #00414e\">La corrosi\u00f3n de los cables de acero puede deteriorar las protecciones contra desprendimientos de rocas.<\/span><\/strong><br data-rich-text-line-break=\"true\" \/><strong><span style=\"color: #00414e\">La aplicaci\u00f3n de un revestimiento avanzado mejora el rendimiento de nuestros sistemas de protecci\u00f3n contra desprendimientos de rocas evitando la degradaci\u00f3n de los cables.<\/span><\/strong><br data-rich-text-line-break=\"true\" \/><strong><span style=\"color: #00414e\">Una durabilidad 5 veces mayor significa menos mantenimiento y un menor coste total para la propiedad.<\/span><\/strong><\/p>\n<p style=\"text-align: center\"><span style=\"color: #ff0000\"><strong>El zinc de clase B no cumple <\/strong><\/span><span style=\"color: #ff0000\"><strong>la norma ISO 17745:2016.<\/strong><\/span><\/p>\n<\/div><\/div><\/div><\/div><\/div><\/div><\/div><div class=\"wp-block-mac-container-block box-container\"><div class=\"wp-block-columns is-layout-flex wp-container-core-columns-is-layout-9d6595d7 wp-block-columns-is-layout-flex\"><div class=\"wp-block-column is-layout-flow wp-block-column-is-layout-flow\"><div class=\"wp-block-mac-container-block box-container\"><div class=\"wp-block-columns is-layout-flex wp-container-core-columns-is-layout-9d6595d7 wp-block-columns-is-layout-flex\"><div class=\"wp-block-column is-layout-flow wp-block-column-is-layout-flow\"><div class=\"wp-block-mac-h2-title-block block-txt-container box-container\"><div class=\"row\"><div class=\"col title-box-txt\"><h2 style=\"color:#212429;text-align:none\">NO JUEGUES CON LA SEGURIDAD, SIGUE LAS NORMAS!<\/h2><\/div><\/div><\/div><\/div><\/div><\/div><\/div><\/div><\/div><div style=\"height:38px\" aria-hidden=\"true\" class=\"wp-block-spacer\"><\/div><div class=\"wp-block-mac-container-block box-container\"><div class=\"wp-block-columns is-layout-flex wp-container-core-columns-is-layout-9d6595d7 wp-block-columns-is-layout-flex\"><div class=\"wp-block-column is-layout-flow wp-block-column-is-layout-flow\" style=\"flex-basis:66.66%\"><figure class=\"wp-block-image size-large\"><img loading=\"lazy\" decoding=\"async\" width=\"1024\" height=\"735\" src=\"https:\/\/www.maccaferri.com\/es\/wp-content\/uploads\/2023\/11\/Capture-decran-2023-11-28-122701-1024x735.png\" alt=\"\" class=\"wp-image-57844\" srcset=\"https:\/\/www.maccaferri.com\/es\/wp-content\/uploads\/2023\/11\/Capture-decran-2023-11-28-122701-1024x735.png 1024w, https:\/\/www.maccaferri.com\/es\/wp-content\/uploads\/2023\/11\/Capture-decran-2023-11-28-122701-300x215.png 300w, https:\/\/www.maccaferri.com\/es\/wp-content\/uploads\/2023\/11\/Capture-decran-2023-11-28-122701-768x551.png 768w, https:\/\/www.maccaferri.com\/es\/wp-content\/uploads\/2023\/11\/Capture-decran-2023-11-28-122701-120x86.png 120w, https:\/\/www.maccaferri.com\/es\/wp-content\/uploads\/2023\/11\/Capture-decran-2023-11-28-122701.png 1077w\" sizes=\"(max-width: 1024px) 100vw, 1024px\" \/><\/figure><\/div>\n\n<div class=\"wp-block-column is-layout-flow wp-block-column-is-layout-flow\" style=\"flex-basis:33.33%\"><figure class=\"wp-block-image size-full\"><img loading=\"lazy\" decoding=\"async\" width=\"361\" height=\"533\" src=\"https:\/\/www.maccaferri.com\/es\/wp-content\/uploads\/2023\/11\/Capture-decran-2023-11-28-145524.png\" alt=\"\" class=\"wp-image-57855\" srcset=\"https:\/\/www.maccaferri.com\/es\/wp-content\/uploads\/2023\/11\/Capture-decran-2023-11-28-145524.png 361w, https:\/\/www.maccaferri.com\/es\/wp-content\/uploads\/2023\/11\/Capture-decran-2023-11-28-145524-203x300.png 203w, https:\/\/www.maccaferri.com\/es\/wp-content\/uploads\/2023\/11\/Capture-decran-2023-11-28-145524-81x120.png 81w\" sizes=\"(max-width: 361px) 100vw, 361px\" \/><\/figure><\/div><\/div><\/div><div style=\"height:23px\" aria-hidden=\"true\" class=\"wp-block-spacer\"><\/div><div class=\"wp-block-mac-container-block box-container\"><div class=\"wp-block-columns is-layout-flex wp-container-core-columns-is-layout-9d6595d7 wp-block-columns-is-layout-flex\"><div class=\"wp-block-column is-layout-flow wp-block-column-is-layout-flow\"><p class=\"has-medium-font-size\">Revestimientos Maccaferri GalMac C2 y GalMac C3 garantizan una vida \u00fatil de dise\u00f1o de al menos 50 a\u00f1os en ambiente C2 y C3, respectivamente.<br>De acuerdo con la normativa:<br>ISO 17745:2016, ISO 17746:2016, EN10223:2014.<\/p>\n\n<div style=\"height:25px\" aria-hidden=\"true\" class=\"wp-block-spacer\"><\/div>\n\n<p style=\"font-size:30px\"><strong>GARANTIZAR LA SEGURIDAD MEDIANTE ENSAYOS Y CERTIFICACI\u00d3N<\/strong><\/p>\n\n<p>Nuestras soluciones para desprendimientos de rocas se someten a una compleja y rigurosa campa\u00f1a de ensayos y certificaci\u00f3n.<br>La evaluaci\u00f3n de su rendimiento se realiza mediante ensayos espec\u00edficos, tanto en condiciones normales como en condiciones extremas, como la exposici\u00f3n prolongada a niebla salina y di\u00f3xido de azufre SO2.<br>Adem\u00e1s de los requisitos de los ensayos est\u00e1ndar internacionales para el rendimiento mec\u00e1nico de todo el sistema, todas las materias primas y  componentes de las barreras, mallas DT, redes de cable y de anillos Maccaferri se someten a pruebas de envejecimiento espec\u00edficas, con el fin de garantizar su fiabilidad desde el momento de la instalaci\u00f3n hasta el final de su vida \u00fatil.<\/p><\/div><\/div><\/div><div style=\"height:60px\" aria-hidden=\"true\" class=\"wp-block-spacer\"><\/div><div class=\"wp-block-mac-h2-title-block block-txt-container box-container\"><div class=\"row\"><div class=\"col title-box-txt\"><h2 style=\"color:#212429;text-align:none\">\u00c1rea de descargas<\/h2><\/div><\/div><\/div><div class=\"content-document-dowload\">\n    <div class=\"container-fluid box-container\">\n        <div class=\"row\">\n            <div class=\"col-12\">\n            <h2><\/h2>\n            <\/div>\n        <\/div>\n    <\/div>\n    <div class=\"content-fluid has-white-background-color has-background\"><div class=\"content-document-dowload box-container\"><ul><li><a href=\"https:\/\/www.maccaferri.com\/es\/download\/trifold_galmacc2_c3_es\/\" target=\"_blank\" title=\"Trifold_GalMacC2_C3_ES\">Trifold_GalMacC2_C3_ES<\/a><a href=\"https:\/\/www.maccaferri.com\/es\/dashboard\" class=\"btn-dowload\" data-bs-toggle=\"tooltip\" data-bs-placement=\"top\" title=\"Trifold_GalMacC2_C3_ES\"><span class=\"material-symbols-outlined download\">sim_card_download<\/span><\/a><\/li><li><a href=\"https:\/\/www.maccaferri.com\/es\/download\/brochure-sp-caida-de-rocas-pdf\/\" target=\"_blank\" title=\"Brochure-SP-Ca\u00edda de Rocas.pdf\">Brochure-SP-Ca\u00edda de Rocas.pdf<\/a><a href=\"https:\/\/www.maccaferri.com\/es\/dashboard\" class=\"btn-dowload\" data-bs-toggle=\"tooltip\" data-bs-placement=\"top\" title=\"Brochure-SP-Ca\u00edda de Rocas.pdf\"><span class=\"material-symbols-outlined download\">sim_card_download<\/span><\/a><\/li><\/ul><\/div><\/div><\/div>\n\n<script type=\"text\/javascript\">\n    jQuery('.btn-file-download').click(function(e) {\n        e.preventDefault();\n        let idFile = jQuery(this).data('id-file');\n        window.open('https:\/\/www.maccaferri.com\/es\/?wpdmdl=' + idFile);\n        return false;\n    });\n    \/\/tooltip\n    var tooltipTriggerList = [].slice.call(document.querySelectorAll('[data-bs-toggle=\"tooltip\"]'))\n    var tooltipList = tooltipTriggerList.map(function(tooltipTriggerEl) {\n        return new bootstrap.Tooltip(tooltipTriggerEl)\n    })\n<\/script><div class=\"wp-block-mac-container-block box-container\"><div class=\"wp-block-columns is-layout-flex wp-container-core-columns-is-layout-9d6595d7 wp-block-columns-is-layout-flex\"><div class=\"wp-block-column is-layout-flow wp-block-column-is-layout-flow\"><\/div><\/div><\/div><div style=\"height:100px\" aria-hidden=\"true\" class=\"wp-block-spacer\"><\/div>","protected":false},"excerpt":{"rendered":"","protected":false},"author":21,"featured_media":0,"parent":0,"menu_order":0,"comment_status":"closed","ping_status":"closed","template":"","meta":{"_acf_changed":false,"_joinchat":[],"footnotes":""},"class_list":["post-57792","page","type-page","status-publish","hentry"],"acf":{"uuid_products":"","product-documents":[57871,6444]},"yoast_head":"<!-- This site is optimized with the Yoast SEO Premium plugin v27.0 (Yoast SEO v27.0) - https:\/\/yoast.com\/product\/yoast-seo-premium-wordpress\/ -->\n<title>REVESTIMIENTOS DE ALTA DURABILIDAD GalMac C2 Y C3 - Maccaferri Espa\u00f1a<\/title>\n<meta name=\"description\" content=\"REVESTIMIENTO MET\u00c1LICO AVANZADO PARA COMBATIR LA CORROSI\u00d3N\" \/>\n<meta name=\"robots\" content=\"index, follow, max-snippet:-1, max-image-preview:large, max-video-preview:-1\" \/>\n<link rel=\"canonical\" href=\"https:\/\/www.maccaferri.com\/es\/revestimientos-de-alta-durabilidad-galmac-c2-y-c3\/\" \/>\n<meta property=\"og:locale\" content=\"es_ES\" \/>\n<meta property=\"og:type\" content=\"article\" \/>\n<meta property=\"og:title\" content=\"REVESTIMIENTOS DE ALTA DURABILIDAD GalMac C2 Y C3 - Maccaferri Espa\u00f1a\" \/>\n<meta property=\"og:description\" content=\"REVESTIMIENTO MET\u00c1LICO AVANZADO PARA COMBATIR LA CORROSI\u00d3N\" \/>\n<meta property=\"og:url\" content=\"https:\/\/www.maccaferri.com\/es\/revestimientos-de-alta-durabilidad-galmac-c2-y-c3\/\" \/>\n<meta property=\"og:site_name\" content=\"Maccaferri Espa\u00f1a\" \/>\n<meta property=\"article:modified_time\" content=\"2023-12-01T09:47:15+00:00\" \/>\n<meta property=\"og:image\" content=\"https:\/\/www.maccaferri.com\/es\/wp-content\/uploads\/2023\/11\/Picture22.jpg\" \/>\n<meta name=\"twitter:card\" content=\"summary_large_image\" \/>\n<meta name=\"twitter:label1\" content=\"Est. reading time\" \/>\n\t<meta name=\"twitter:data1\" content=\"3 minutes\" \/>\n<script type=\"application\/ld+json\" class=\"yoast-schema-graph\">{\"@context\":\"https:\/\/schema.org\",\"@graph\":[{\"@type\":\"WebPage\",\"@id\":\"https:\/\/www.maccaferri.com\/es\/revestimientos-de-alta-durabilidad-galmac-c2-y-c3\/\",\"url\":\"https:\/\/www.maccaferri.com\/es\/revestimientos-de-alta-durabilidad-galmac-c2-y-c3\/\",\"name\":\"REVESTIMIENTOS DE ALTA DURABILIDAD GalMac C2 Y C3 - Maccaferri Espa\u00f1a\",\"isPartOf\":{\"@id\":\"https:\/\/www.maccaferri.com\/es\/#website\"},\"primaryImageOfPage\":{\"@id\":\"https:\/\/www.maccaferri.com\/es\/revestimientos-de-alta-durabilidad-galmac-c2-y-c3\/#primaryimage\"},\"image\":{\"@id\":\"https:\/\/www.maccaferri.com\/es\/revestimientos-de-alta-durabilidad-galmac-c2-y-c3\/#primaryimage\"},\"thumbnailUrl\":\"https:\/\/www.maccaferri.com\/es\/wp-content\/uploads\/2023\/11\/Picture22.jpg\",\"datePublished\":\"2023-11-28T14:33:44+00:00\",\"dateModified\":\"2023-12-01T09:47:15+00:00\",\"description\":\"REVESTIMIENTO MET\u00c1LICO AVANZADO PARA COMBATIR LA CORROSI\u00d3N\",\"inLanguage\":\"es-ES\",\"potentialAction\":[{\"@type\":\"ReadAction\",\"target\":[\"https:\/\/www.maccaferri.com\/es\/revestimientos-de-alta-durabilidad-galmac-c2-y-c3\/\"]}]},{\"@type\":\"ImageObject\",\"inLanguage\":\"es-ES\",\"@id\":\"https:\/\/www.maccaferri.com\/es\/revestimientos-de-alta-durabilidad-galmac-c2-y-c3\/#primaryimage\",\"url\":\"https:\/\/www.maccaferri.com\/es\/wp-content\/uploads\/2023\/11\/Picture22.jpg\",\"contentUrl\":\"https:\/\/www.maccaferri.com\/es\/wp-content\/uploads\/2023\/11\/Picture22.jpg\",\"width\":1470,\"height\":1102},{\"@type\":\"WebSite\",\"@id\":\"https:\/\/www.maccaferri.com\/es\/#website\",\"url\":\"https:\/\/www.maccaferri.com\/es\/\",\"name\":\"Maccaferri Espa\u00f1a\",\"description\":\"\",\"publisher\":{\"@id\":\"https:\/\/www.maccaferri.com\/es\/#organization\"},\"potentialAction\":[{\"@type\":\"SearchAction\",\"target\":{\"@type\":\"EntryPoint\",\"urlTemplate\":\"https:\/\/www.maccaferri.com\/es\/?s={search_term_string}\"},\"query-input\":{\"@type\":\"PropertyValueSpecification\",\"valueRequired\":true,\"valueName\":\"search_term_string\"}}],\"inLanguage\":\"es-ES\"},{\"@type\":\"Organization\",\"@id\":\"https:\/\/www.maccaferri.com\/es\/#organization\",\"name\":\"Maccaferri Espa\u00f1a\",\"url\":\"https:\/\/www.maccaferri.com\/es\/\",\"logo\":{\"@type\":\"ImageObject\",\"inLanguage\":\"es-ES\",\"@id\":\"https:\/\/www.maccaferri.com\/es\/#\/schema\/logo\/image\/\",\"url\":\"https:\/\/www.maccaferri.com\/es\/wp-content\/uploads\/2022\/07\/logo-maccaferri.png\",\"contentUrl\":\"https:\/\/www.maccaferri.com\/es\/wp-content\/uploads\/2022\/07\/logo-maccaferri.png\",\"width\":152,\"height\":32,\"caption\":\"Maccaferri Espa\u00f1a\"},\"image\":{\"@id\":\"https:\/\/www.maccaferri.com\/es\/#\/schema\/logo\/image\/\"}}]}<\/script>\n<!-- \/ Yoast SEO Premium plugin. -->","yoast_head_json":{"title":"REVESTIMIENTOS DE ALTA DURABILIDAD GalMac C2 Y C3 - Maccaferri Espa\u00f1a","description":"REVESTIMIENTO MET\u00c1LICO AVANZADO PARA COMBATIR LA CORROSI\u00d3N","robots":{"index":"index","follow":"follow","max-snippet":"max-snippet:-1","max-image-preview":"max-image-preview:large","max-video-preview":"max-video-preview:-1"},"canonical":"https:\/\/www.maccaferri.com\/es\/revestimientos-de-alta-durabilidad-galmac-c2-y-c3\/","og_locale":"es_ES","og_type":"article","og_title":"REVESTIMIENTOS DE ALTA DURABILIDAD GalMac C2 Y C3 - Maccaferri Espa\u00f1a","og_description":"REVESTIMIENTO MET\u00c1LICO AVANZADO PARA COMBATIR LA CORROSI\u00d3N","og_url":"https:\/\/www.maccaferri.com\/es\/revestimientos-de-alta-durabilidad-galmac-c2-y-c3\/","og_site_name":"Maccaferri Espa\u00f1a","article_modified_time":"2023-12-01T09:47:15+00:00","og_image":[{"url":"https:\/\/www.maccaferri.com\/es\/wp-content\/uploads\/2023\/11\/Picture22.jpg","type":"","width":"","height":""}],"twitter_card":"summary_large_image","twitter_misc":{"Est. reading time":"3 minutes"},"schema":{"@context":"https:\/\/schema.org","@graph":[{"@type":"WebPage","@id":"https:\/\/www.maccaferri.com\/es\/revestimientos-de-alta-durabilidad-galmac-c2-y-c3\/","url":"https:\/\/www.maccaferri.com\/es\/revestimientos-de-alta-durabilidad-galmac-c2-y-c3\/","name":"REVESTIMIENTOS DE ALTA DURABILIDAD GalMac C2 Y C3 - Maccaferri Espa\u00f1a","isPartOf":{"@id":"https:\/\/www.maccaferri.com\/es\/#website"},"primaryImageOfPage":{"@id":"https:\/\/www.maccaferri.com\/es\/revestimientos-de-alta-durabilidad-galmac-c2-y-c3\/#primaryimage"},"image":{"@id":"https:\/\/www.maccaferri.com\/es\/revestimientos-de-alta-durabilidad-galmac-c2-y-c3\/#primaryimage"},"thumbnailUrl":"https:\/\/www.maccaferri.com\/es\/wp-content\/uploads\/2023\/11\/Picture22.jpg","datePublished":"2023-11-28T14:33:44+00:00","dateModified":"2023-12-01T09:47:15+00:00","description":"REVESTIMIENTO MET\u00c1LICO AVANZADO PARA COMBATIR LA CORROSI\u00d3N","inLanguage":"es-ES","potentialAction":[{"@type":"ReadAction","target":["https:\/\/www.maccaferri.com\/es\/revestimientos-de-alta-durabilidad-galmac-c2-y-c3\/"]}]},{"@type":"ImageObject","inLanguage":"es-ES","@id":"https:\/\/www.maccaferri.com\/es\/revestimientos-de-alta-durabilidad-galmac-c2-y-c3\/#primaryimage","url":"https:\/\/www.maccaferri.com\/es\/wp-content\/uploads\/2023\/11\/Picture22.jpg","contentUrl":"https:\/\/www.maccaferri.com\/es\/wp-content\/uploads\/2023\/11\/Picture22.jpg","width":1470,"height":1102},{"@type":"WebSite","@id":"https:\/\/www.maccaferri.com\/es\/#website","url":"https:\/\/www.maccaferri.com\/es\/","name":"Maccaferri Espa\u00f1a","description":"","publisher":{"@id":"https:\/\/www.maccaferri.com\/es\/#organization"},"potentialAction":[{"@type":"SearchAction","target":{"@type":"EntryPoint","urlTemplate":"https:\/\/www.maccaferri.com\/es\/?s={search_term_string}"},"query-input":{"@type":"PropertyValueSpecification","valueRequired":true,"valueName":"search_term_string"}}],"inLanguage":"es-ES"},{"@type":"Organization","@id":"https:\/\/www.maccaferri.com\/es\/#organization","name":"Maccaferri Espa\u00f1a","url":"https:\/\/www.maccaferri.com\/es\/","logo":{"@type":"ImageObject","inLanguage":"es-ES","@id":"https:\/\/www.maccaferri.com\/es\/#\/schema\/logo\/image\/","url":"https:\/\/www.maccaferri.com\/es\/wp-content\/uploads\/2022\/07\/logo-maccaferri.png","contentUrl":"https:\/\/www.maccaferri.com\/es\/wp-content\/uploads\/2022\/07\/logo-maccaferri.png","width":152,"height":32,"caption":"Maccaferri Espa\u00f1a"},"image":{"@id":"https:\/\/www.maccaferri.com\/es\/#\/schema\/logo\/image\/"}}]}},"_links":{"self":[{"href":"https:\/\/www.maccaferri.com\/es\/wp-json\/wp\/v2\/pages\/57792","targetHints":{"allow":["GET"]}}],"collection":[{"href":"https:\/\/www.maccaferri.com\/es\/wp-json\/wp\/v2\/pages"}],"about":[{"href":"https:\/\/www.maccaferri.com\/es\/wp-json\/wp\/v2\/types\/page"}],"author":[{"embeddable":true,"href":"https:\/\/www.maccaferri.com\/es\/wp-json\/wp\/v2\/users\/21"}],"replies":[{"embeddable":true,"href":"https:\/\/www.maccaferri.com\/es\/wp-json\/wp\/v2\/comments?post=57792"}],"version-history":[{"count":23,"href":"https:\/\/www.maccaferri.com\/es\/wp-json\/wp\/v2\/pages\/57792\/revisions"}],"predecessor-version":[{"id":59499,"href":"https:\/\/www.maccaferri.com\/es\/wp-json\/wp\/v2\/pages\/57792\/revisions\/59499"}],"acf:post":[{"embeddable":true,"href":"https:\/\/www.maccaferri.com\/es\/wp-json\/wp\/v2\/wpdmpro\/6444"},{"embeddable":true,"href":"https:\/\/www.maccaferri.com\/es\/wp-json\/wp\/v2\/wpdmpro\/57871"}],"wp:attachment":[{"href":"https:\/\/www.maccaferri.com\/es\/wp-json\/wp\/v2\/media?parent=57792"}],"curies":[{"name":"wp","href":"https:\/\/api.w.org\/{rel}","templated":true}]}}