{"id":54723,"date":"2023-10-18T10:55:42","date_gmt":"2023-10-18T08:55:42","guid":{"rendered":"https:\/\/www.maccaferri.com\/es\/?page_id=54723"},"modified":"2025-01-24T12:03:53","modified_gmt":"2025-01-24T11:03:53","slug":"geosynthetics","status":"publish","type":"page","link":"https:\/\/www.maccaferri.com\/es\/geosynthetics\/","title":{"rendered":"GEOSINT\u00c9TICOS"},"content":{"rendered":"<div class=\"wp-block-mac-slider-hero-block hero-slider\"><div id=\"hero81\" class=\"carousel slide\" data-bs-ride=\"true\"><ol class=\"carousel-indicators box-container\"><li data-bs-target=\"#hero81\" data-bs-slide-to=\"0\" class=\"active\"><\/li><\/ol><div class=\"carousel-inner\"><div class=\"carousel-item active\"><div class=\"hero\"><div class=\"gts__picture\"><img decoding=\"async\" src=\"https:\/\/www.maccaferri.com\/wp-content\/uploads\/2023\/08\/Header-pagine-Nuovo-sito-10.png\" style=\"display:none\"\/><div class=\"gts__picture__image\" style=\"background-image:url(https:\/\/www.maccaferri.com\/wp-content\/uploads\/2023\/08\/Header-pagine-Nuovo-sito-10.png)\"><\/div><\/div><div class=\"container box-container\"><div class=\"row\"><div class=\"col-12 col-lg-6 col-xl-6 col-xxl-6\"><p><span class=\"hero-index\" style=\"display:none\">0<\/span><\/p><h2 class=\"hero-text-container\"><span class=\"hero-text\">GEOSINT\u00c9TICOS<\/span><\/h2><a class=\"hero-buttonurl\" href=\"#download1\"><span class=\"hero-buttontext\">Descargue \u00e1rea aqu\u00ed<\/span><\/a><\/div><\/div><\/div><\/div><\/div><\/div><button class=\"carousel-control-prev\" href=\"#hero81\" type=\"button\" data-bs-slide=\"prev\"><span class=\"carousel-control-prev-icon\" aria-hidden=\"true\"><\/span><span class=\"visually-hidden\">Previous<\/span><\/button><button class=\"carousel-control-next\" href=\"#hero81\" type=\"button\" data-bs-slide=\"next\"><span class=\"carousel-control-next-icon\" aria-hidden=\"true\"><\/span><span class=\"visually-hidden\">Next<\/span><\/button><\/div><\/div><div style=\"height:70px\" aria-hidden=\"true\" class=\"wp-block-spacer\"><\/div><div class=\"wp-block-mac-h2-title-block block-txt-container box-container\"><div class=\"row\"><div class=\"col title-box-txt\"><h2 style=\"color:#212429;text-align:none\">EL MUNDO DE LOS GEOSINT\u00c9TICOS<\/h2><\/div><\/div><\/div><div class=\"wp-block-mac-container-block box-container\"><div class=\"wp-block-columns is-layout-flex wp-container-core-columns-is-layout-9d6595d7 wp-block-columns-is-layout-flex\"><div class=\"wp-block-column is-layout-flow wp-block-column-is-layout-flow\"><p>Los geosint\u00e9ticos se utilizan para innumerables aplicaciones, entre ellas: reforzar el suelo existente, mejorar su capacidad portante, alargar la vida \u00fatil de las carreteras, soportar terraplenes, impedir que los lixiviados de los vertederos contaminen el suelo y limitar la erosi\u00f3n.<br>Con unas caracter\u00edsticas t\u00e9cnicas y unas propiedades de rendimiento definidas, los geosint\u00e9ticos est\u00e1n sustituyendo el uso de materiales naturales en la construcci\u00f3n.<br>Se ha demostrado que reducen el coste del proyecto y el impacto ambiental en comparaci\u00f3n con los m\u00e9todos de construcci\u00f3n tradicionales.<\/p>\n\n<p>Nuestros productos geosint\u00e9ticos pueden utilizarse para cumplir las siguientes funciones principales:<br><\/p>\n\n<ul class=\"wp-block-list\"><li><a href=\"https:\/\/www.maccaferri.com\/es\/aplicaciones\/refuerzo-de-la-base\/\" target=\"_blank\" rel=\"noreferrer noopener\">Refuerzo<\/a><\/li>\n\n<li><a href=\"https:\/\/www.maccaferri.com\/es\/aplicaciones\/estabilizacion-del-suelo-y-pavimentos\/\" target=\"_blank\" rel=\"noreferrer noopener\">Estabilizaci\u00f3n y refuerzo asf\u00e1ltico<\/a><\/li>\n\n<li><a href=\"https:\/\/www.maccaferri.com\/es\/aplicaciones\/drenaje-de-estructuras\/\">Drenaje<\/a><\/li>\n\n<li><a href=\"https:\/\/www.maccaferri.com\/es\/productos\/geotextil-no-tejido\/\" target=\"_blank\" rel=\"noreferrer noopener\">Separaci\u00f3n, Filtraci\u00f3n y Protecci\u00f3n<\/a><\/li>\n\n<li><a href=\"https:\/\/www.maccaferri.com\/es\/productos\/geomembranas-polimericas\/\" target=\"_blank\" rel=\"noreferrer noopener\">Sistemas de Barreras<\/a><\/li>\n\n<li><a href=\"https:\/\/www.maccaferri.com\/es\/aplicaciones\/control-de-erosion\/\" target=\"_blank\" rel=\"noreferrer noopener\">Protecci\u00f3n contra la erosi\u00f3n<\/a><\/li><\/ul><\/div><\/div><\/div><div style=\"height:52px\" aria-hidden=\"true\" class=\"wp-block-spacer\"><\/div><div class=\"wp-block-mac-container-block box-container\"><div class=\"wp-block-columns is-layout-flex wp-container-core-columns-is-layout-9d6595d7 wp-block-columns-is-layout-flex\"><div class=\"wp-block-column is-layout-flow wp-block-column-is-layout-flow\"><p style=\"font-size:25px\"><strong>REFUERZO<\/strong><\/p>\n\n<p>Durante m\u00e1s de 30 a\u00f1os, las geomallas han reforzado y fortalecido los suelos, permitiendo que el suelo se comporte mejor de lo que lo har\u00eda en su estado no reforzado, acomodando mayores cargas, manteni\u00e9ndose en \u00e1ngulos m\u00e1s pronunciados y reduciendo los asentamientos.<\/p><\/div>\n\n<div class=\"wp-block-column is-layout-flow wp-block-column-is-layout-flow\"><p style=\"font-size:25px\"><strong>ESTABILIZACI\u00d3N Y REFUERZO ASF\u00c1LTICO<\/strong><\/p>\n\n<p>Tanto si est\u00e1 construyendo un lecho de v\u00eda ferroviaria, una pista forestal de grava sobre suelo blando o repavimentando una autopista de varios carriles por la que circulan miles de veh\u00edculos al d\u00eda, disponemos de los conocimientos t\u00e9cnicos necesarios para mejorar el rendimiento de las v\u00edas ferroviarias, las carreteras y los pavimentos de asfalto.<\/p><\/div><\/div><\/div><div style=\"height:50px\" aria-hidden=\"true\" class=\"wp-block-spacer\"><\/div><div class=\"wp-block-mac-container-block box-container\"><div class=\"wp-block-columns is-layout-flex wp-container-core-columns-is-layout-9d6595d7 wp-block-columns-is-layout-flex\"><div class=\"wp-block-column is-layout-flow wp-block-column-is-layout-flow\"><p style=\"font-size:25px\"><strong>DRENAJE<\/strong><\/p>\n\n<p>El exceso de agua en el suelo lo debilita, causando diversos problemas. Gestionar el agua detr\u00e1s de muros, carreteras, t\u00faneles y tapones ambientales es vital para el rendimiento de las estructuras a largo plazo.<\/p><\/div>\n\n<div class=\"wp-block-column is-layout-flow wp-block-column-is-layout-flow\"><p style=\"font-size:25px\"><strong>SEPARACI\u00d3N, FILTRACI\u00d3N Y PROTECCI\u00d3N<\/strong><\/p>\n\n<p>Nuestros geotextiles se utilizan actualmente en numerosas aplicaciones geot\u00e9cnicas y de ingenier\u00eda hidr\u00e1ulica.<\/p><\/div><\/div><\/div><div style=\"height:50px\" aria-hidden=\"true\" class=\"wp-block-spacer\"><\/div><div class=\"wp-block-mac-container-block box-container\"><div class=\"wp-block-columns is-layout-flex wp-container-core-columns-is-layout-9d6595d7 wp-block-columns-is-layout-flex\"><div class=\"wp-block-column is-layout-flow wp-block-column-is-layout-flow\"><p style=\"font-size:25px\"><strong>SISTEMAS DE BARRERAS<\/strong><\/p>\n\n<p>Las geomembranas se utilizan para impedir la migraci\u00f3n de fluidos de un lugar a otro; por ejemplo, recubriendo vertederos para impedir que los lixiviados contaminen las aguas subterr\u00e1neas, controlando la entrada de aguas subterr\u00e1neas en t\u00faneles o creando balsas de atenuaci\u00f3n dentro de urbanizaciones.<\/p><\/div>\n\n<div class=\"wp-block-column is-layout-flow wp-block-column-is-layout-flow\"><p style=\"font-size:25px\"><strong>PROTECCI\u00d3N CONTRA LA EROSI\u00d3N<\/strong><\/p>\n\n<p>Todos los taludes y superficies naturales est\u00e1n sometidos a fuerzas erosivas continuas. Para limitar la costosa p\u00e9rdida de tierras, Maccaferri ofrece una gama de sistemas de protecci\u00f3n contra la erosi\u00f3n que se adaptan a la gravedad de la erosi\u00f3n prevista.<\/p><\/div><\/div><\/div><div style=\"height:100px\" aria-hidden=\"true\" class=\"wp-block-spacer\"><\/div><div class=\"wp-block-mac-h2-title-block block-txt-container box-container\"><div class=\"row\"><div class=\"col title-box-txt\"><h2 style=\"color:#212429;text-align:none\">Caso de \u00e9xito: Vertedero de Micorosa <\/h2><\/div><\/div><\/div><div class=\"wp-block-mac-container-block box-container\"><div class=\"wp-block-columns is-layout-flex wp-container-core-columns-is-layout-9d6595d7 wp-block-columns-is-layout-flex\"><div class=\"wp-block-column is-vertically-aligned-center is-layout-flow wp-block-column-is-layout-flow\"><figure class=\"wp-block-video aligncenter\"><video height=\"826\" style=\"aspect-ratio: 1200 \/ 826;\" width=\"1200\" controls poster=\"https:\/\/www.maccaferri.com\/es\/wp-content\/uploads\/2024\/10\/immagine-4.png\" src=\"https:\/\/www.maccaferri.com\/wp-content\/uploads\/2023\/09\/Untitled-3.mp4\"><\/video><figcaption class=\"wp-element-caption\"><strong>Recuperaci\u00f3n del vertedero de Micorosa (Brindisi, Italia)<\/strong><\/figcaption><\/figure><\/div><\/div><\/div><div style=\"height:60px\" aria-hidden=\"true\" class=\"wp-block-spacer\"><\/div><div class=\"wp-block-mac-h2-title-block block-txt-container box-container\"><div class=\"row\"><div class=\"col title-box-txt\"><h2 style=\"color:#212429;text-align:none\">Webinar dedicado<\/h2><\/div><\/div><\/div><div class=\"wp-block-mac-container-block box-container\"><div class=\"wp-block-columns is-layout-flex wp-container-core-columns-is-layout-9d6595d7 wp-block-columns-is-layout-flex\"><div class=\"wp-block-column is-layout-flow wp-block-column-is-layout-flow\"><div class=\"wp-block-mac-card-height-block block-card-height-block-container\"><div class=\"card\"><div class=\"content-images\"><img decoding=\"async\" class=\"box-image\" src=\"https:\/\/www.maccaferri.com\/wp-content\/uploads\/2023\/09\/5.png\" alt=\"Image Stories\"\/><\/div><div class=\"card-body\"><h6 class=\"wp-block-mac-card-height-block\" style=\"color:#212429\">Gesti\u00f3n sostenible del agua en estructuras de ingenier\u00eda civil<br><\/h6><span class=\"abstract\" style=\"color:#212429\"><\/span><a href=\"https:\/\/www.maccaferri.com\/es\/webinar\/gestion-sostenible-del-agua-en-estructuras-de-ingenieria-civil\/\" target=\"_blank\" class=\"cta\" rel=\"noopener\"><span class=\"text\" style=\"color:#004857\">LINK AQU\u00cd<\/span><\/a><div class=\"star\"><span class=\"material-symbols-rounded starrate\">star<\/span><\/div><\/div><\/div><\/div><\/div>\n\n<div class=\"wp-block-column is-layout-flow wp-block-column-is-layout-flow\"><div class=\"wp-block-mac-card-height-block block-card-height-block-container\"><div class=\"card\"><div class=\"content-images\"><img decoding=\"async\" class=\"box-image\" src=\"https:\/\/www.maccaferri.com\/wp-content\/uploads\/2023\/09\/4.png\" alt=\"Image Stories\"\/><\/div><div class=\"card-body\"><h6 class=\"wp-block-mac-card-height-block\" style=\"color:#212429\">How to prevent soil erosion while promoting the establishment of vegetation<br><\/h6><span class=\"abstract\" style=\"color:#212429\"><\/span><a href=\"https:\/\/www.maccaferri.com\/es\/webinar\/how-to-prevent-soil-erosion-while-promoting-the-establishment-of-vegetation-2\/\" target=\"_blank\" class=\"cta\" rel=\"noopener\"><span class=\"text\" style=\"color:#004857\">LINK AQU\u00cd<\/span><\/a><div class=\"star\"><span class=\"material-symbols-rounded starrate\">star<\/span><\/div><\/div><\/div><\/div><\/div>\n\n<div class=\"wp-block-column is-layout-flow wp-block-column-is-layout-flow\"><div class=\"wp-block-mac-card-height-block block-card-height-block-container\"><div class=\"card\"><div class=\"content-images\"><img decoding=\"async\" class=\"box-image\" src=\"https:\/\/www.maccaferri.com\/wp-content\/uploads\/2023\/09\/6.png\" alt=\"Image Stories\"\/><\/div><div class=\"card-body\"><h6 class=\"wp-block-mac-card-height-block\" style=\"color:#212429\">The Evolution of Geosynthetics: from the origins to the modern advanced solutions<br><\/h6><span class=\"abstract\" style=\"color:#212429\"><\/span><a href=\"https:\/\/www.maccaferri.com\/es\/webinar\/geosynthetic-revolution\/\" target=\"_blank\" class=\"cta\" rel=\"noopener\"><span class=\"text\" style=\"color:#004857\">LINK AQU\u00cd<\/span><\/a><div class=\"star\"><span class=\"material-symbols-rounded starrate\">star<\/span><\/div><\/div><\/div><\/div><\/div><\/div><\/div><div class=\"wp-block-mac-container-block box-container\"><div class=\"wp-block-columns is-layout-flex wp-container-core-columns-is-layout-9d6595d7 wp-block-columns-is-layout-flex\"><div class=\"wp-block-column is-layout-flow wp-block-column-is-layout-flow\"><div class=\"wp-block-buttons is-layout-flex wp-block-buttons-is-layout-flex\"><div class=\"wp-block-button\"><a class=\"wp-block-button__link wp-element-button\" href=\"https:\/\/www.maccaferri.com\/es\/centro-de-conocimiento\/\">todos los dem\u00e1s seminarios web<\/a><\/div><\/div><\/div><\/div><\/div><div style=\"height:60px\" aria-hidden=\"true\" class=\"wp-block-spacer\"><\/div><div class=\"wp-block-mac-h2-title-block block-txt-container box-container\"><div class=\"row\"><div class=\"col title-box-txt\"><h2 style=\"color:#212429;text-align:none\">\u00c1rea de descargas<\/h2><\/div><\/div><\/div><div class=\"wp-block-mac-container-block box-container\"><div class=\"wp-block-columns is-layout-flex wp-container-core-columns-is-layout-9d6595d7 wp-block-columns-is-layout-flex\"><div class=\"wp-block-column is-layout-flow wp-block-column-is-layout-flow\" id=\"download1\"><p class=\"has-medium-font-size\">Rellene el siguiente formulario para acceder a nuestro material exclusivo sobre Geosint\u00e9ticos<\/p><\/div><\/div><\/div><div class=\"content-document-dowload\">\n    <div class=\"container-fluid box-container\">\n        <div class=\"row\">\n            <div class=\"col-12\">\n            <h2><\/h2>\n            <\/div>\n        <\/div>\n    <\/div>\n    <div class=\"content-fluid has-white-background-color has-background\"><div class=\"content-document-dowload box-container\"><ul><li><a href=\"https:\/\/www.maccaferri.com\/es\/download\/trifold-erosion-control-esp\/\" target=\"_blank\" title=\"Trifold erosion control-ESP\">Trifold erosion control-ESP<\/a><a href=\"https:\/\/www.maccaferri.com\/es\/dashboard\" class=\"btn-dowload\" data-bs-toggle=\"tooltip\" data-bs-placement=\"top\" title=\"Trifold erosion control-ESP\"><span class=\"material-symbols-outlined download\">sim_card_download<\/span><\/a><\/li><li><a href=\"https:\/\/www.maccaferri.com\/es\/download\/flyer-macdrain-drainage-esp\/\" target=\"_blank\" title=\"Flyer-MacDrain-Drainage-ESP\">Flyer-MacDrain-Drainage-ESP<\/a><a href=\"https:\/\/www.maccaferri.com\/es\/dashboard\" class=\"btn-dowload\" data-bs-toggle=\"tooltip\" data-bs-placement=\"top\" title=\"Flyer-MacDrain-Drainage-ESP\"><span class=\"material-symbols-outlined download\">sim_card_download<\/span><\/a><\/li><\/ul><\/div><\/div><\/div>\n\n<script type=\"text\/javascript\">\n    jQuery('.btn-file-download').click(function(e) {\n        e.preventDefault();\n        let idFile = jQuery(this).data('id-file');\n        window.open('https:\/\/www.maccaferri.com\/es\/?wpdmdl=' + idFile);\n        return false;\n    });\n    \/\/tooltip\n    var tooltipTriggerList = [].slice.call(document.querySelectorAll('[data-bs-toggle=\"tooltip\"]'))\n    var tooltipList = tooltipTriggerList.map(function(tooltipTriggerEl) {\n        return new bootstrap.Tooltip(tooltipTriggerEl)\n    })\n<\/script><div class=\"wp-block-mac-container-block box-container\"><div class=\"wp-block-columns is-layout-flex wp-container-core-columns-is-layout-9d6595d7 wp-block-columns-is-layout-flex\"><div class=\"wp-block-column is-layout-flow wp-block-column-is-layout-flow\"><\/div><\/div><\/div><div style=\"height:100px\" aria-hidden=\"true\" class=\"wp-block-spacer\"><\/div>","protected":false},"excerpt":{"rendered":"","protected":false},"author":11460,"featured_media":0,"parent":0,"menu_order":0,"comment_status":"closed","ping_status":"closed","template":"","meta":{"_acf_changed":false,"_joinchat":[],"footnotes":""},"class_list":["post-54723","page","type-page","status-publish","hentry"],"acf":{"uuid_products":"","product-documents":[54874,54877]},"yoast_head":"<!-- This site is optimized with the Yoast SEO Premium plugin v27.0 (Yoast SEO v27.0) - https:\/\/yoast.com\/product\/yoast-seo-premium-wordpress\/ -->\n<title>GEOSINT\u00c9TICOS - Maccaferri Espa\u00f1a<\/title>\n<meta name=\"description\" content=\"0GEOSINT\u00c9TICOSDescargue \u00e1rea aqu\u00edPreviousNext EL MUNDO DE LOS GEOSINT\u00c9TICOS Los geosint\u00e9ticos se utilizan para innumerables aplicaciones, entre ellas:\" \/>\n<meta name=\"robots\" content=\"index, follow, max-snippet:-1, max-image-preview:large, max-video-preview:-1\" \/>\n<link rel=\"canonical\" href=\"https:\/\/www.maccaferri.com\/es\/geosynthetics\/\" \/>\n<meta property=\"og:locale\" content=\"es_ES\" \/>\n<meta property=\"og:type\" content=\"article\" \/>\n<meta property=\"og:title\" content=\"GEOSINT\u00c9TICOS - Maccaferri Espa\u00f1a\" \/>\n<meta property=\"og:description\" content=\"0GEOSINT\u00c9TICOSDescargue \u00e1rea aqu\u00edPreviousNext EL MUNDO DE LOS GEOSINT\u00c9TICOS Los geosint\u00e9ticos se utilizan para innumerables aplicaciones, entre ellas:\" \/>\n<meta property=\"og:url\" content=\"https:\/\/www.maccaferri.com\/es\/geosynthetics\/\" \/>\n<meta property=\"og:site_name\" content=\"Maccaferri Espa\u00f1a\" \/>\n<meta property=\"article:modified_time\" content=\"2025-01-24T11:03:53+00:00\" \/>\n<meta property=\"og:image\" content=\"https:\/\/www.maccaferri.com\/wp-content\/uploads\/2023\/08\/Header-pagine-Nuovo-sito-10.png\" \/>\n<meta name=\"twitter:card\" content=\"summary_large_image\" \/>\n<meta name=\"twitter:label1\" content=\"Est. reading time\" \/>\n\t<meta name=\"twitter:data1\" content=\"3 minutes\" \/>\n<script type=\"application\/ld+json\" class=\"yoast-schema-graph\">{\"@context\":\"https:\/\/schema.org\",\"@graph\":[{\"@type\":\"WebPage\",\"@id\":\"https:\/\/www.maccaferri.com\/es\/geosynthetics\/\",\"url\":\"https:\/\/www.maccaferri.com\/es\/geosynthetics\/\",\"name\":\"GEOSINT\u00c9TICOS - Maccaferri Espa\u00f1a\",\"isPartOf\":{\"@id\":\"https:\/\/www.maccaferri.com\/es\/#website\"},\"primaryImageOfPage\":{\"@id\":\"https:\/\/www.maccaferri.com\/es\/geosynthetics\/#primaryimage\"},\"image\":{\"@id\":\"https:\/\/www.maccaferri.com\/es\/geosynthetics\/#primaryimage\"},\"thumbnailUrl\":\"https:\/\/www.maccaferri.com\/wp-content\/uploads\/2023\/08\/Header-pagine-Nuovo-sito-10.png\",\"datePublished\":\"2023-10-18T08:55:42+00:00\",\"dateModified\":\"2025-01-24T11:03:53+00:00\",\"description\":\"0GEOSINT\u00c9TICOSDescargue \u00e1rea aqu\u00edPreviousNext EL MUNDO DE LOS GEOSINT\u00c9TICOS Los geosint\u00e9ticos se utilizan para innumerables aplicaciones, entre ellas:\",\"inLanguage\":\"es-ES\",\"potentialAction\":[{\"@type\":\"ReadAction\",\"target\":[\"https:\/\/www.maccaferri.com\/es\/geosynthetics\/\"]}]},{\"@type\":\"ImageObject\",\"inLanguage\":\"es-ES\",\"@id\":\"https:\/\/www.maccaferri.com\/es\/geosynthetics\/#primaryimage\",\"url\":\"https:\/\/www.maccaferri.com\/wp-content\/uploads\/2023\/08\/Header-pagine-Nuovo-sito-10.png\",\"contentUrl\":\"https:\/\/www.maccaferri.com\/wp-content\/uploads\/2023\/08\/Header-pagine-Nuovo-sito-10.png\"},{\"@type\":\"WebSite\",\"@id\":\"https:\/\/www.maccaferri.com\/es\/#website\",\"url\":\"https:\/\/www.maccaferri.com\/es\/\",\"name\":\"Maccaferri Espa\u00f1a\",\"description\":\"\",\"publisher\":{\"@id\":\"https:\/\/www.maccaferri.com\/es\/#organization\"},\"potentialAction\":[{\"@type\":\"SearchAction\",\"target\":{\"@type\":\"EntryPoint\",\"urlTemplate\":\"https:\/\/www.maccaferri.com\/es\/?s={search_term_string}\"},\"query-input\":{\"@type\":\"PropertyValueSpecification\",\"valueRequired\":true,\"valueName\":\"search_term_string\"}}],\"inLanguage\":\"es-ES\"},{\"@type\":\"Organization\",\"@id\":\"https:\/\/www.maccaferri.com\/es\/#organization\",\"name\":\"Maccaferri Espa\u00f1a\",\"url\":\"https:\/\/www.maccaferri.com\/es\/\",\"logo\":{\"@type\":\"ImageObject\",\"inLanguage\":\"es-ES\",\"@id\":\"https:\/\/www.maccaferri.com\/es\/#\/schema\/logo\/image\/\",\"url\":\"https:\/\/www.maccaferri.com\/es\/wp-content\/uploads\/2022\/07\/logo-maccaferri.png\",\"contentUrl\":\"https:\/\/www.maccaferri.com\/es\/wp-content\/uploads\/2022\/07\/logo-maccaferri.png\",\"width\":152,\"height\":32,\"caption\":\"Maccaferri Espa\u00f1a\"},\"image\":{\"@id\":\"https:\/\/www.maccaferri.com\/es\/#\/schema\/logo\/image\/\"}}]}<\/script>\n<!-- \/ Yoast SEO Premium plugin. -->","yoast_head_json":{"title":"GEOSINT\u00c9TICOS - Maccaferri Espa\u00f1a","description":"0GEOSINT\u00c9TICOSDescargue \u00e1rea aqu\u00edPreviousNext EL MUNDO DE LOS GEOSINT\u00c9TICOS Los geosint\u00e9ticos se utilizan para innumerables aplicaciones, entre ellas:","robots":{"index":"index","follow":"follow","max-snippet":"max-snippet:-1","max-image-preview":"max-image-preview:large","max-video-preview":"max-video-preview:-1"},"canonical":"https:\/\/www.maccaferri.com\/es\/geosynthetics\/","og_locale":"es_ES","og_type":"article","og_title":"GEOSINT\u00c9TICOS - Maccaferri Espa\u00f1a","og_description":"0GEOSINT\u00c9TICOSDescargue \u00e1rea aqu\u00edPreviousNext EL MUNDO DE LOS GEOSINT\u00c9TICOS Los geosint\u00e9ticos se utilizan para innumerables aplicaciones, entre ellas:","og_url":"https:\/\/www.maccaferri.com\/es\/geosynthetics\/","og_site_name":"Maccaferri Espa\u00f1a","article_modified_time":"2025-01-24T11:03:53+00:00","og_image":[{"url":"https:\/\/www.maccaferri.com\/wp-content\/uploads\/2023\/08\/Header-pagine-Nuovo-sito-10.png","type":"","width":"","height":""}],"twitter_card":"summary_large_image","twitter_misc":{"Est. reading time":"3 minutes"},"schema":{"@context":"https:\/\/schema.org","@graph":[{"@type":"WebPage","@id":"https:\/\/www.maccaferri.com\/es\/geosynthetics\/","url":"https:\/\/www.maccaferri.com\/es\/geosynthetics\/","name":"GEOSINT\u00c9TICOS - Maccaferri Espa\u00f1a","isPartOf":{"@id":"https:\/\/www.maccaferri.com\/es\/#website"},"primaryImageOfPage":{"@id":"https:\/\/www.maccaferri.com\/es\/geosynthetics\/#primaryimage"},"image":{"@id":"https:\/\/www.maccaferri.com\/es\/geosynthetics\/#primaryimage"},"thumbnailUrl":"https:\/\/www.maccaferri.com\/wp-content\/uploads\/2023\/08\/Header-pagine-Nuovo-sito-10.png","datePublished":"2023-10-18T08:55:42+00:00","dateModified":"2025-01-24T11:03:53+00:00","description":"0GEOSINT\u00c9TICOSDescargue \u00e1rea aqu\u00edPreviousNext EL MUNDO DE LOS GEOSINT\u00c9TICOS Los geosint\u00e9ticos se utilizan para innumerables aplicaciones, entre ellas:","inLanguage":"es-ES","potentialAction":[{"@type":"ReadAction","target":["https:\/\/www.maccaferri.com\/es\/geosynthetics\/"]}]},{"@type":"ImageObject","inLanguage":"es-ES","@id":"https:\/\/www.maccaferri.com\/es\/geosynthetics\/#primaryimage","url":"https:\/\/www.maccaferri.com\/wp-content\/uploads\/2023\/08\/Header-pagine-Nuovo-sito-10.png","contentUrl":"https:\/\/www.maccaferri.com\/wp-content\/uploads\/2023\/08\/Header-pagine-Nuovo-sito-10.png"},{"@type":"WebSite","@id":"https:\/\/www.maccaferri.com\/es\/#website","url":"https:\/\/www.maccaferri.com\/es\/","name":"Maccaferri Espa\u00f1a","description":"","publisher":{"@id":"https:\/\/www.maccaferri.com\/es\/#organization"},"potentialAction":[{"@type":"SearchAction","target":{"@type":"EntryPoint","urlTemplate":"https:\/\/www.maccaferri.com\/es\/?s={search_term_string}"},"query-input":{"@type":"PropertyValueSpecification","valueRequired":true,"valueName":"search_term_string"}}],"inLanguage":"es-ES"},{"@type":"Organization","@id":"https:\/\/www.maccaferri.com\/es\/#organization","name":"Maccaferri Espa\u00f1a","url":"https:\/\/www.maccaferri.com\/es\/","logo":{"@type":"ImageObject","inLanguage":"es-ES","@id":"https:\/\/www.maccaferri.com\/es\/#\/schema\/logo\/image\/","url":"https:\/\/www.maccaferri.com\/es\/wp-content\/uploads\/2022\/07\/logo-maccaferri.png","contentUrl":"https:\/\/www.maccaferri.com\/es\/wp-content\/uploads\/2022\/07\/logo-maccaferri.png","width":152,"height":32,"caption":"Maccaferri Espa\u00f1a"},"image":{"@id":"https:\/\/www.maccaferri.com\/es\/#\/schema\/logo\/image\/"}}]}},"_links":{"self":[{"href":"https:\/\/www.maccaferri.com\/es\/wp-json\/wp\/v2\/pages\/54723","targetHints":{"allow":["GET"]}}],"collection":[{"href":"https:\/\/www.maccaferri.com\/es\/wp-json\/wp\/v2\/pages"}],"about":[{"href":"https:\/\/www.maccaferri.com\/es\/wp-json\/wp\/v2\/types\/page"}],"author":[{"embeddable":true,"href":"https:\/\/www.maccaferri.com\/es\/wp-json\/wp\/v2\/users\/11460"}],"replies":[{"embeddable":true,"href":"https:\/\/www.maccaferri.com\/es\/wp-json\/wp\/v2\/comments?post=54723"}],"version-history":[{"count":11,"href":"https:\/\/www.maccaferri.com\/es\/wp-json\/wp\/v2\/pages\/54723\/revisions"}],"predecessor-version":[{"id":90144,"href":"https:\/\/www.maccaferri.com\/es\/wp-json\/wp\/v2\/pages\/54723\/revisions\/90144"}],"acf:post":[{"embeddable":true,"href":"https:\/\/www.maccaferri.com\/es\/wp-json\/wp\/v2\/wpdmpro\/54877"},{"embeddable":true,"href":"https:\/\/www.maccaferri.com\/es\/wp-json\/wp\/v2\/wpdmpro\/54874"}],"wp:attachment":[{"href":"https:\/\/www.maccaferri.com\/es\/wp-json\/wp\/v2\/media?parent=54723"}],"curies":[{"name":"wp","href":"https:\/\/api.w.org\/{rel}","templated":true}]}}