{"id":1401,"date":"2022-07-29T11:46:56","date_gmt":"2022-07-29T09:46:56","guid":{"rendered":"https:\/\/www.maccaferri.com\/es\/?page_id=1401"},"modified":"2026-04-15T17:20:03","modified_gmt":"2026-04-15T15:20:03","slug":"personas-y-carreras","status":"publish","type":"page","link":"https:\/\/www.maccaferri.com\/es\/personas-y-carreras\/","title":{"rendered":"Personas y carreras"},"content":{"rendered":"<div class=\"wp-block-cover has-parallax rbc-is-hidden-on-mobile\" style=\"min-height:900px;aspect-ratio:unset;\"><div class=\"wp-block-cover__image-background wp-image-88730 has-parallax\" style=\"background-position:50% 50%;background-image:url(https:\/\/www.maccaferri.com\/wp-content\/uploads\/2024\/12\/maccaferri-people-careers.jpeg)\"><\/div><span aria-hidden=\"true\" class=\"wp-block-cover__background has-background-dim-0 has-background-dim\"><\/span><div class=\"wp-block-cover__inner-container is-layout-constrained wp-block-cover-is-layout-constrained\"><div class=\"wp-block-mac-container-block box-container\"><div class=\"wp-block-columns is-layout-flex wp-container-core-columns-is-layout-9d6595d7 wp-block-columns-is-layout-flex\"><div class=\"wp-block-column is-layout-flow wp-block-column-is-layout-flow\"><p class=\"has-text-align-left has-white-color has-text-color has-link-color wp-elements-825b1a2e62c257fb8313d6ddecda50c0\" style=\"font-size:80px\"><strong>Una red de <\/strong><\/p>\n\n<div style=\"height:30px\" aria-hidden=\"true\" class=\"wp-block-spacer\"><\/div>\n\n<p class=\"has-text-align-left has-white-color has-text-color has-link-color wp-elements-8836b7f60c2b4e9a663cdd4841c09f39\" style=\"font-size:80px\"><strong>innovadores<\/strong><\/p>\n\n<div style=\"height:406px\" aria-hidden=\"true\" class=\"wp-block-spacer\"><\/div><\/div><\/div><\/div>\n\n<div class=\"wp-block-mac-container-block box-container\"><div class=\"wp-block-columns is-layout-flex wp-container-core-columns-is-layout-9d6595d7 wp-block-columns-is-layout-flex\"><div class=\"wp-block-column is-layout-flow wp-block-column-is-layout-flow\"><\/div>\n\n<div class=\"wp-block-column is-layout-flow wp-block-column-is-layout-flow\"><\/div><\/div><\/div><\/div><\/div><div class=\"wp-block-cover rbc-is-hidden-on-wide rbc-is-hidden-on-desktop\" style=\"min-height:900px;aspect-ratio:unset;\"><img decoding=\"async\" class=\"wp-block-cover__image-background wp-image-88730\" alt=\"\" src=\"https:\/\/www.maccaferri.com\/wp-content\/uploads\/2024\/12\/maccaferri-people-careers.jpeg\" style=\"object-position:50% 48%\" data-object-fit=\"cover\" data-object-position=\"50% 48%\"\/><span aria-hidden=\"true\" class=\"wp-block-cover__background has-background-dim-0 has-background-dim\"><\/span><div class=\"wp-block-cover__inner-container is-layout-constrained wp-block-cover-is-layout-constrained\"><div class=\"wp-block-mac-container-block box-container\"><div class=\"wp-block-columns is-layout-flex wp-container-core-columns-is-layout-9d6595d7 wp-block-columns-is-layout-flex\"><div class=\"wp-block-column is-layout-flow wp-block-column-is-layout-flow\"><div style=\"height:30px\" aria-hidden=\"true\" class=\"wp-block-spacer\"><\/div>\n\n<h1 class=\"wp-block-heading has-x-large-font-size\" id=\"h-una-red-de-innovadores\"><strong>Una red de innovadores<\/strong><\/h1>\n\n<div style=\"height:406px\" aria-hidden=\"true\" class=\"wp-block-spacer\"><\/div><\/div><\/div><\/div>\n\n<div class=\"wp-block-mac-container-block box-container\"><div class=\"wp-block-columns is-layout-flex wp-container-core-columns-is-layout-9d6595d7 wp-block-columns-is-layout-flex\"><div class=\"wp-block-column is-layout-flow wp-block-column-is-layout-flow\"><\/div>\n\n<div class=\"wp-block-column is-layout-flow wp-block-column-is-layout-flow\"><\/div><\/div><\/div><\/div><\/div><div style=\"height:100px\" aria-hidden=\"true\" class=\"wp-block-spacer\"><\/div><div class=\"wp-block-mac-container-block box-container\"><div class=\"wp-block-columns is-layout-flex wp-container-core-columns-is-layout-9d6595d7 wp-block-columns-is-layout-flex\"><div class=\"wp-block-column is-layout-flow wp-block-column-is-layout-flow\"><h2 class=\"wp-block-heading has-text-align-center has-text-color has-link-color has-large-font-size wp-elements-0a877d4ba58d7953efb9b4958e3ea0ca\" id=\"h-somos-un-equipo-de-mas-de-3-000-personas-unidas-por-la-misma-mision-impulsar-el-mundo-del-manana-con-soluciones-cada-vez-mas-eficientes-y-sostenibles\" style=\"color:#035d6f\"><strong>Somos un equipo de m\u00e1s de 3.000 personas unidas por la misma misi\u00f3n: impulsar el mundo del ma\u00f1ana con soluciones cada vez m\u00e1s eficientes y sostenibles.<\/strong><\/h2>\n\n<div class=\"wp-block-columns is-layout-flex wp-container-core-columns-is-layout-9d6595d7 wp-block-columns-is-layout-flex\"><div class=\"wp-block-column is-layout-flow wp-block-column-is-layout-flow\" style=\"flex-basis:20%\"><\/div>\n\n<div class=\"wp-block-column is-layout-flow wp-block-column-is-layout-flow\"><div class=\"wp-block-buttons is-content-justification-center is-layout-flex wp-container-core-buttons-is-layout-16018d1d wp-block-buttons-is-layout-flex\"><div class=\"wp-block-button has-custom-width wp-block-button__width-100\"><a class=\"wp-block-button__link wp-element-button\" href=\"https:\/\/app.ncoreplat.com\/jobboard\/filters\/1436\/corporate\" target=\"_blank\" rel=\"noreferrer noopener\">VER OFERTAS DE EMPLEO<\/a><\/div><\/div><\/div>\n\n<div class=\"wp-block-column is-layout-flow wp-block-column-is-layout-flow\"><div class=\"wp-block-buttons is-content-justification-center is-layout-flex wp-container-core-buttons-is-layout-16018d1d wp-block-buttons-is-layout-flex\"><div class=\"wp-block-button has-custom-width wp-block-button__width-100\"><a class=\"wp-block-button__link has-small-font-size has-custom-font-size wp-element-button\" href=\"https:\/\/go0.it\/d8zKm\" target=\"_blank\" rel=\"noreferrer noopener\">SOLICITUD ESPONT\u00c1NEA<\/a><\/div><\/div><\/div>\n\n<div class=\"wp-block-column is-layout-flow wp-block-column-is-layout-flow\" style=\"flex-basis:20%\"><\/div><\/div>\n\n<div class=\"wp-block-mac-container-block box-container\"><div style=\"height:100px\" aria-hidden=\"true\" class=\"wp-block-spacer\"><\/div>\n\n<div class=\"wp-block-columns is-layout-flex wp-container-core-columns-is-layout-9d6595d7 wp-block-columns-is-layout-flex\"><div class=\"wp-block-column is-vertically-aligned-center is-layout-flow wp-block-column-is-layout-flow\" style=\"flex-basis:40%\"><p style=\"font-size:25px\"><strong>Liderazgo global<\/strong><\/p>\n\n<p class=\"has-medium-font-size\">Trabajar en Maccaferri significa formar parte de una empresa l\u00edder en ingenier\u00eda civil y medioambiental. Es un entorno inspirador donde puedes desarrollar continuamente nuevas habilidades y dejar que tu talento florezca. Ya sea que tengas un t\u00edtulo en ingenier\u00eda civil o medioambiental, geolog\u00eda u otra \u00e1rea cient\u00edfica, Maccaferri te ofrece un lugar para poner en pr\u00e1ctica lo que has aprendido, abordando algunos de los proyectos m\u00e1s significativos del mundo.<\/p><\/div>\n\n<div class=\"wp-block-column is-layout-flow wp-block-column-is-layout-flow\" style=\"flex-basis:60%\"><figure class=\"wp-block-image size-full\"><img decoding=\"async\" src=\"https:\/\/www.maccaferri.com\/wp-content\/uploads\/2024\/12\/1-Leadership-globale-630x400-1.png\" alt=\"\" class=\"wp-image-88733\"\/><\/figure><\/div><\/div><\/div>\n\n<div class=\"wp-block-mac-container-block box-container\"><div style=\"height:100px\" aria-hidden=\"true\" class=\"wp-block-spacer\"><\/div>\n\n<div class=\"wp-block-columns is-layout-flex wp-container-core-columns-is-layout-9d6595d7 wp-block-columns-is-layout-flex\"><div class=\"wp-block-column is-layout-flow wp-block-column-is-layout-flow\" style=\"flex-basis:60%\"><figure class=\"wp-block-image size-full\"><img decoding=\"async\" src=\"https:\/\/www.maccaferri.com\/wp-content\/uploads\/2024\/12\/2-Latua-carriera-internazionale_BOX-1-550x380-1.png\" alt=\"\" class=\"wp-image-88774\"\/><\/figure><\/div>\n\n<div class=\"wp-block-column is-vertically-aligned-center is-layout-flow wp-block-column-is-layout-flow\" style=\"flex-basis:40%\"><p style=\"font-size:25px\"><strong>Tu carrera internacional<\/strong><\/p>\n\n<p class=\"has-medium-font-size\">En Maccaferri creemos que todos deber\u00edan tener la oportunidad de destacar seg\u00fan sus cualidades y ambiciones \u00fanicas. Cada d\u00eda, aproximadamente un tercio de los miembros de nuestro equipo trabaja en proyectos en m\u00e1s de 150 pa\u00edses.<\/p>\n\n<p class=\"has-medium-font-size\">Si est\u00e1s buscando una oportunidad profesional que combine el crecimiento con la curiosidad por explorar nuevas culturas, Maccaferri es el lugar para ti.<\/p><\/div><\/div><\/div>\n\n<div class=\"wp-block-mac-container-block box-container\"><div class=\"wp-block-columns is-layout-flex wp-container-core-columns-is-layout-9d6595d7 wp-block-columns-is-layout-flex\"><div class=\"wp-block-column is-layout-flow wp-block-column-is-layout-flow\" style=\"flex-basis:66.66%\"><figure class=\"wp-block-image alignright size-medium is-resized\"><img decoding=\"async\" src=\"https:\/\/www.maccaferri.com\/wp-content\/uploads\/2024\/12\/3-Latua-carriera-internazionale_BOX-2-444x200-2-300x135.png\" alt=\"\" class=\"wp-image-88781\" style=\"width:434px;height:auto\"\/><\/figure><\/div>\n\n<div class=\"wp-block-column is-layout-flow wp-block-column-is-layout-flow\" style=\"flex-basis:33.33%\"><\/div><\/div><\/div>\n\n<div style=\"height:100px\" aria-hidden=\"true\" class=\"wp-block-spacer\"><\/div><\/div><\/div><\/div><div class=\"wp-block-cover\"><span aria-hidden=\"true\" class=\"wp-block-cover__background has-background-dim-100 has-background-dim\" style=\"background-color:#035d6f\"><\/span><div class=\"wp-block-cover__inner-container is-layout-constrained wp-block-cover-is-layout-constrained\"><div class=\"wp-block-mac-container-block box-container\"><div style=\"height:100px\" aria-hidden=\"true\" class=\"wp-block-spacer\"><\/div>\n\n<div class=\"wp-block-columns is-layout-flex wp-container-core-columns-is-layout-9d6595d7 wp-block-columns-is-layout-flex\"><div class=\"wp-block-column is-vertically-aligned-center is-layout-flow wp-block-column-is-layout-flow\" style=\"flex-basis:40%\"><p style=\"font-size:25px\"><strong>Creemos en el valor de la diversidad<\/strong><\/p>\n\n<p class=\"has-medium-font-size\">Vemos las diferencias como un motor clave de innovaci\u00f3n. Maccaferri est\u00e1 comprometida con ser un entorno inclusivo donde todos sean libres de expresarse.<\/p>\n\n<p class=\"has-medium-font-size\">Reconocemos que queda trabajo por hacer para cerrar la brecha de g\u00e9nero en los campos STEM y estamos comprometidos a aumentar la representaci\u00f3n femenina en todas las \u00e1reas.<\/p><\/div>\n\n<div class=\"wp-block-column is-layout-flow wp-block-column-is-layout-flow\" style=\"flex-basis:60%\"><figure class=\"wp-block-image size-full\"><img decoding=\"async\" src=\"https:\/\/www.maccaferri.com\/wp-content\/uploads\/2024\/12\/4-Crediamo-nel-valore-630x400png.png\" alt=\"\" class=\"wp-image-88784\"\/><\/figure><\/div><\/div><\/div>\n\n<p class=\"has-text-align-center has-large-font-size\"><\/p><\/div><\/div><div style=\"height:40px\" aria-hidden=\"true\" class=\"wp-block-spacer\"><\/div><div class=\"wp-block-mac-h2-title-bold-block block-txt-container box-container\"><div class=\"row\"><div class=\"col title-box-txt\"><h2 style=\"color:#004857;text-align:center\">Conoce a nuestro equipo<\/h2><\/div><\/div><\/div><div class=\"wp-block-mac-container-block box-container\"><div class=\"wp-block-columns is-layout-flex wp-container-core-columns-is-layout-9d6595d7 wp-block-columns-is-layout-flex\"><div class=\"wp-block-column is-layout-flow wp-block-column-is-layout-flow\"><div class=\"wp-block-mac-card-height-block block-card-height-block-container\"><div class=\"card\"><div class=\"content-images\"><img decoding=\"async\" class=\"box-image\" src=\"https:\/\/www.maccaferri.com\/wp-content\/uploads\/2022\/12\/VR.jpg\" alt=\"Image Stories\"\/><\/div><div class=\"card-body\"><h6 class=\"wp-block-mac-card-height-block\" style=\"color:#212429\">Hablemos con Vikramjiet Roy<\/h6><span class=\"abstract\" style=\"color:#212429\">Hablamos con Vikramjiet Roy, uno de los \u00ab25 principales l\u00edderes de la India en tiempos de crisis en empresas medianas\u00bb, un ranking promovido por Great Place to Work que tambi\u00e9n premi\u00f3 a l\u00edderes de empresas como HP, Randstad y S&amp;P Global.<\/span><a href=\"https:\/\/www.maccaferri.com\/es\/people\/lets-have-a-talk-with-vikramjiet-roy\" target=\"_blank\" class=\"cta\" rel=\"noopener\"><span class=\"text\" style=\"color:#004857\">Leer m\u00e1s<\/span><\/a><div class=\"star\"><span class=\"material-symbols-rounded starrate\">star<\/span><\/div><\/div><\/div><\/div><\/div>\n\n<div class=\"wp-block-column is-layout-flow wp-block-column-is-layout-flow\"><div class=\"wp-block-mac-card-height-block block-card-height-block-container\"><div class=\"card\"><div class=\"content-images\"><img decoding=\"async\" class=\"box-image\" src=\"https:\/\/www.maccaferri.com\/wp-content\/uploads\/2022\/12\/Stefano_Rignanese.png\" alt=\"Image Stories\"\/><\/div><div class=\"card-body\"><h6 class=\"wp-block-mac-card-height-block\" style=\"color:#212429\">Entrevista con Stefano Rignanese<\/h6><span class=\"abstract\" style=\"color:#212429\">Charlamos con Stefano Rignanese, un exbecario del programa \u00abJoven Ingeniero\u00bb de Maccaferri.<\/span><a href=\"https:\/\/www.maccaferri.com\/es\/people\/interview-with-stefano-rignanese\" target=\"_blank\" class=\"cta\" rel=\"noopener\"><span class=\"text\" style=\"color:#004857\">Leer m\u00e1s<\/span><\/a><div class=\"star\"><span class=\"material-symbols-rounded starrate\">star<\/span><\/div><\/div><\/div><\/div><\/div>\n\n<div class=\"wp-block-column is-layout-flow wp-block-column-is-layout-flow\"><div class=\"wp-block-mac-card-height-block block-card-height-block-container\"><div class=\"card\"><div class=\"content-images\"><img decoding=\"async\" class=\"box-image\" src=\"https:\/\/www.maccaferri.com\/wp-content\/uploads\/2022\/12\/Lipartiti.png\" alt=\"Image Stories\"\/><\/div><div class=\"card-body\"><h6 class=\"wp-block-mac-card-height-block\" style=\"color:#212429\">Let\u2019s have a talk with Francesco Lipartiti<\/h6><span class=\"abstract\" style=\"color:#212429\">De la India a B\u00e9lgica, del departamento de Finanzas a Recursos Humanos, una carrera en cuatro continentes. Hablamos con Francesco Lipartiti, actual Director de Operaciones de la regi\u00f3n ISEAP.<\/span><a href=\"https:\/\/www.maccaferri.com\/people\/lets-have-a-talk-with-francesco-lipartiti\" target=\"_blank\" class=\"cta\" rel=\"noopener\"><span class=\"text\" style=\"color:#004857\">Leer m\u00e1s<\/span><\/a><div class=\"star\"><span class=\"material-symbols-rounded starrate\">star<\/span><\/div><\/div><\/div><\/div><\/div>\n\n<div class=\"wp-block-column is-layout-flow wp-block-column-is-layout-flow\"><div class=\"wp-block-mac-card-height-block block-card-height-block-container\"><div class=\"card\"><div class=\"content-images\"><img decoding=\"async\" class=\"box-image\" src=\"https:\/\/www.maccaferri.com\/es\/wp-content\/uploads\/2026\/04\/maurizio-avagnale-4.png\" alt=\"Image Stories\"\/><\/div><div class=\"card-body\"><h6 class=\"wp-block-mac-card-height-block\" style=\"color:#212429\">Hablemos con Maurizio Avagnale<\/h6><span class=\"abstract\" style=\"color:#212429\">Maurizio Avagnale, Director de Recursos Humanos del Grupo Maccaferri, visualiza un futuro para los Recursos Humanos impulsado por la tecnolog\u00eda, la inclusi\u00f3n y un fuerte enfoque en el bienestar de los empleados.<\/span><a href=\"https:\/\/www.maccaferri.com\/people\/lets-have-a-chat-with-maurizio-avagnale\/\" target=\"_blank\" class=\"cta\" rel=\"noopener\"><span class=\"text\" style=\"color:#004857\">Leer m\u00e1s<\/span><\/a><div class=\"star\"><span class=\"material-symbols-rounded starrate\">star<\/span><\/div><\/div><\/div><\/div><\/div><\/div><\/div><div class=\"wp-block-mac-banner-title-cta  box-container block-cta\" style=\"background:#015E6F\"><div class=\"container box-container\"><div class=\"row\"><div class=\"col-2 col-sm-2 col-md-2 col-lg-2 col-xl-2 col-xxl-2\"><div class=\"box-image\"><img decoding=\"async\" class=\"image\" src=\"https:\/\/www.maccaferri.com\/wp-content\/uploads\/2022\/12\/apply.png\" alt=\"Image\"\/><\/div><\/div><div class=\"col-7 col-sm-7 col-md-7 col-lg-7 col-xl-7 col-xxl-7\"><div class=\"banner-box-txt\" style=\"text-align:center\"><h4 class=\"title\">\u00a1\u00danete a nosotros!<\/h4><\/div><\/div><div class=\"col-3 col-sm-3 col-md-3 col-lg-3 col-xl-3 col-xxl-3\"><div class=\"button-box-txt\"><a href=\"https:\/\/app.ncoreplat.com\/jobboard\/filters\/1436\/corporate\" target=\"_blank\" class=\"buttonurl\" rel=\"noopener\"><span class=\"buttontext\">VER OFERTAS DE EMPLEO<\/span><\/a><\/div><\/div><\/div><\/div><\/div><div style=\"height:100px\" aria-hidden=\"true\" class=\"wp-block-spacer\"><\/div>","protected":false},"excerpt":{"rendered":"","protected":false},"author":1,"featured_media":0,"parent":0,"menu_order":0,"comment_status":"closed","ping_status":"closed","template":"","meta":{"_acf_changed":false,"_joinchat":[],"footnotes":""},"class_list":["post-1401","page","type-page","status-publish","hentry"],"acf":{"uuid_products":"","product-documents":""},"yoast_head":"<!-- This site is optimized with the Yoast SEO Premium plugin v27.0 (Yoast SEO v27.0) - https:\/\/yoast.com\/product\/yoast-seo-premium-wordpress\/ -->\n<title>Personas y carreras - Maccaferri Espa\u00f1a<\/title>\n<meta name=\"description\" content=\"Una red de innovadores Una red de innovadores Somos un equipo de m\u00e1s de 3.000 personas unidas por la misma misi\u00f3n: impulsar el mundo del ma\u00f1ana con\" \/>\n<meta name=\"robots\" content=\"index, follow, max-snippet:-1, max-image-preview:large, max-video-preview:-1\" \/>\n<link rel=\"canonical\" href=\"https:\/\/www.maccaferri.com\/es\/personas-y-carreras\/\" \/>\n<meta property=\"og:locale\" content=\"es_ES\" \/>\n<meta property=\"og:type\" content=\"article\" \/>\n<meta property=\"og:title\" content=\"Personas y carreras - Maccaferri Espa\u00f1a\" \/>\n<meta property=\"og:description\" content=\"Una red de innovadores Una red de innovadores Somos un equipo de m\u00e1s de 3.000 personas unidas por la misma misi\u00f3n: impulsar el mundo del ma\u00f1ana con\" \/>\n<meta property=\"og:url\" content=\"https:\/\/www.maccaferri.com\/es\/personas-y-carreras\/\" \/>\n<meta property=\"og:site_name\" content=\"Maccaferri Espa\u00f1a\" \/>\n<meta property=\"article:modified_time\" content=\"2026-04-15T15:20:03+00:00\" \/>\n<meta property=\"og:image\" content=\"https:\/\/www.maccaferri.com\/es\/wp-content\/uploads\/2025\/01\/RENDER-HELLOMAC_SONDA1-1-5.jpg\" \/>\n\t<meta property=\"og:image:width\" content=\"800\" \/>\n\t<meta property=\"og:image:height\" content=\"449\" \/>\n\t<meta property=\"og:image:type\" content=\"image\/jpeg\" \/>\n<meta name=\"twitter:card\" content=\"summary_large_image\" \/>\n<meta name=\"twitter:label1\" content=\"Est. reading time\" \/>\n\t<meta name=\"twitter:data1\" content=\"4 minutes\" \/>\n<script type=\"application\/ld+json\" class=\"yoast-schema-graph\">{\"@context\":\"https:\/\/schema.org\",\"@graph\":[{\"@type\":\"WebPage\",\"@id\":\"https:\/\/www.maccaferri.com\/es\/personas-y-carreras\/\",\"url\":\"https:\/\/www.maccaferri.com\/es\/personas-y-carreras\/\",\"name\":\"Personas y carreras - Maccaferri Espa\u00f1a\",\"isPartOf\":{\"@id\":\"https:\/\/www.maccaferri.com\/es\/#website\"},\"primaryImageOfPage\":{\"@id\":\"https:\/\/www.maccaferri.com\/es\/personas-y-carreras\/#primaryimage\"},\"image\":{\"@id\":\"https:\/\/www.maccaferri.com\/es\/personas-y-carreras\/#primaryimage\"},\"thumbnailUrl\":\"https:\/\/www.maccaferri.com\/wp-content\/uploads\/2024\/12\/maccaferri-people-careers.jpeg\",\"datePublished\":\"2022-07-29T09:46:56+00:00\",\"dateModified\":\"2026-04-15T15:20:03+00:00\",\"description\":\"Una red de innovadores Una red de innovadores Somos un equipo de m\u00e1s de 3.000 personas unidas por la misma misi\u00f3n: impulsar el mundo del ma\u00f1ana con\",\"inLanguage\":\"es-ES\",\"potentialAction\":[{\"@type\":\"ReadAction\",\"target\":[\"https:\/\/www.maccaferri.com\/es\/personas-y-carreras\/\"]}]},{\"@type\":\"ImageObject\",\"inLanguage\":\"es-ES\",\"@id\":\"https:\/\/www.maccaferri.com\/es\/personas-y-carreras\/#primaryimage\",\"url\":\"https:\/\/www.maccaferri.com\/wp-content\/uploads\/2024\/12\/maccaferri-people-careers.jpeg\",\"contentUrl\":\"https:\/\/www.maccaferri.com\/wp-content\/uploads\/2024\/12\/maccaferri-people-careers.jpeg\"},{\"@type\":\"WebSite\",\"@id\":\"https:\/\/www.maccaferri.com\/es\/#website\",\"url\":\"https:\/\/www.maccaferri.com\/es\/\",\"name\":\"Maccaferri Espa\u00f1a\",\"description\":\"\",\"publisher\":{\"@id\":\"https:\/\/www.maccaferri.com\/es\/#organization\"},\"potentialAction\":[{\"@type\":\"SearchAction\",\"target\":{\"@type\":\"EntryPoint\",\"urlTemplate\":\"https:\/\/www.maccaferri.com\/es\/?s={search_term_string}\"},\"query-input\":{\"@type\":\"PropertyValueSpecification\",\"valueRequired\":true,\"valueName\":\"search_term_string\"}}],\"inLanguage\":\"es-ES\"},{\"@type\":\"Organization\",\"@id\":\"https:\/\/www.maccaferri.com\/es\/#organization\",\"name\":\"Maccaferri Espa\u00f1a\",\"url\":\"https:\/\/www.maccaferri.com\/es\/\",\"logo\":{\"@type\":\"ImageObject\",\"inLanguage\":\"es-ES\",\"@id\":\"https:\/\/www.maccaferri.com\/es\/#\/schema\/logo\/image\/\",\"url\":\"https:\/\/www.maccaferri.com\/es\/wp-content\/uploads\/2022\/07\/logo-maccaferri.png\",\"contentUrl\":\"https:\/\/www.maccaferri.com\/es\/wp-content\/uploads\/2022\/07\/logo-maccaferri.png\",\"width\":152,\"height\":32,\"caption\":\"Maccaferri Espa\u00f1a\"},\"image\":{\"@id\":\"https:\/\/www.maccaferri.com\/es\/#\/schema\/logo\/image\/\"}}]}<\/script>\n<!-- \/ Yoast SEO Premium plugin. -->","yoast_head_json":{"title":"Personas y carreras - Maccaferri Espa\u00f1a","description":"Una red de innovadores Una red de innovadores Somos un equipo de m\u00e1s de 3.000 personas unidas por la misma misi\u00f3n: impulsar el mundo del ma\u00f1ana con","robots":{"index":"index","follow":"follow","max-snippet":"max-snippet:-1","max-image-preview":"max-image-preview:large","max-video-preview":"max-video-preview:-1"},"canonical":"https:\/\/www.maccaferri.com\/es\/personas-y-carreras\/","og_locale":"es_ES","og_type":"article","og_title":"Personas y carreras - Maccaferri Espa\u00f1a","og_description":"Una red de innovadores Una red de innovadores Somos un equipo de m\u00e1s de 3.000 personas unidas por la misma misi\u00f3n: impulsar el mundo del ma\u00f1ana con","og_url":"https:\/\/www.maccaferri.com\/es\/personas-y-carreras\/","og_site_name":"Maccaferri Espa\u00f1a","article_modified_time":"2026-04-15T15:20:03+00:00","og_image":[{"width":800,"height":449,"url":"https:\/\/www.maccaferri.com\/es\/wp-content\/uploads\/2025\/01\/RENDER-HELLOMAC_SONDA1-1-5.jpg","type":"image\/jpeg"}],"twitter_card":"summary_large_image","twitter_misc":{"Est. reading time":"4 minutes"},"schema":{"@context":"https:\/\/schema.org","@graph":[{"@type":"WebPage","@id":"https:\/\/www.maccaferri.com\/es\/personas-y-carreras\/","url":"https:\/\/www.maccaferri.com\/es\/personas-y-carreras\/","name":"Personas y carreras - Maccaferri Espa\u00f1a","isPartOf":{"@id":"https:\/\/www.maccaferri.com\/es\/#website"},"primaryImageOfPage":{"@id":"https:\/\/www.maccaferri.com\/es\/personas-y-carreras\/#primaryimage"},"image":{"@id":"https:\/\/www.maccaferri.com\/es\/personas-y-carreras\/#primaryimage"},"thumbnailUrl":"https:\/\/www.maccaferri.com\/wp-content\/uploads\/2024\/12\/maccaferri-people-careers.jpeg","datePublished":"2022-07-29T09:46:56+00:00","dateModified":"2026-04-15T15:20:03+00:00","description":"Una red de innovadores Una red de innovadores Somos un equipo de m\u00e1s de 3.000 personas unidas por la misma misi\u00f3n: impulsar el mundo del ma\u00f1ana con","inLanguage":"es-ES","potentialAction":[{"@type":"ReadAction","target":["https:\/\/www.maccaferri.com\/es\/personas-y-carreras\/"]}]},{"@type":"ImageObject","inLanguage":"es-ES","@id":"https:\/\/www.maccaferri.com\/es\/personas-y-carreras\/#primaryimage","url":"https:\/\/www.maccaferri.com\/wp-content\/uploads\/2024\/12\/maccaferri-people-careers.jpeg","contentUrl":"https:\/\/www.maccaferri.com\/wp-content\/uploads\/2024\/12\/maccaferri-people-careers.jpeg"},{"@type":"WebSite","@id":"https:\/\/www.maccaferri.com\/es\/#website","url":"https:\/\/www.maccaferri.com\/es\/","name":"Maccaferri Espa\u00f1a","description":"","publisher":{"@id":"https:\/\/www.maccaferri.com\/es\/#organization"},"potentialAction":[{"@type":"SearchAction","target":{"@type":"EntryPoint","urlTemplate":"https:\/\/www.maccaferri.com\/es\/?s={search_term_string}"},"query-input":{"@type":"PropertyValueSpecification","valueRequired":true,"valueName":"search_term_string"}}],"inLanguage":"es-ES"},{"@type":"Organization","@id":"https:\/\/www.maccaferri.com\/es\/#organization","name":"Maccaferri Espa\u00f1a","url":"https:\/\/www.maccaferri.com\/es\/","logo":{"@type":"ImageObject","inLanguage":"es-ES","@id":"https:\/\/www.maccaferri.com\/es\/#\/schema\/logo\/image\/","url":"https:\/\/www.maccaferri.com\/es\/wp-content\/uploads\/2022\/07\/logo-maccaferri.png","contentUrl":"https:\/\/www.maccaferri.com\/es\/wp-content\/uploads\/2022\/07\/logo-maccaferri.png","width":152,"height":32,"caption":"Maccaferri Espa\u00f1a"},"image":{"@id":"https:\/\/www.maccaferri.com\/es\/#\/schema\/logo\/image\/"}}]}},"_links":{"self":[{"href":"https:\/\/www.maccaferri.com\/es\/wp-json\/wp\/v2\/pages\/1401","targetHints":{"allow":["GET"]}}],"collection":[{"href":"https:\/\/www.maccaferri.com\/es\/wp-json\/wp\/v2\/pages"}],"about":[{"href":"https:\/\/www.maccaferri.com\/es\/wp-json\/wp\/v2\/types\/page"}],"author":[{"embeddable":true,"href":"https:\/\/www.maccaferri.com\/es\/wp-json\/wp\/v2\/users\/1"}],"replies":[{"embeddable":true,"href":"https:\/\/www.maccaferri.com\/es\/wp-json\/wp\/v2\/comments?post=1401"}],"version-history":[{"count":114,"href":"https:\/\/www.maccaferri.com\/es\/wp-json\/wp\/v2\/pages\/1401\/revisions"}],"predecessor-version":[{"id":113059,"href":"https:\/\/www.maccaferri.com\/es\/wp-json\/wp\/v2\/pages\/1401\/revisions\/113059"}],"wp:attachment":[{"href":"https:\/\/www.maccaferri.com\/es\/wp-json\/wp\/v2\/media?parent=1401"}],"curies":[{"name":"wp","href":"https:\/\/api.w.org\/{rel}","templated":true}]}}