{"id":80903,"date":"2023-06-19T12:45:03","date_gmt":"2023-06-19T10:45:03","guid":{"rendered":"https:\/\/www.maccaferri.com\/de\/?page_id=80903"},"modified":"2025-10-06T17:34:52","modified_gmt":"2025-10-06T15:34:52","slug":"informative-technical-package","status":"publish","type":"page","link":"https:\/\/www.maccaferri.com\/de\/informative-technical-package\/","title":{"rendered":"Informative Technical Package"},"content":{"rendered":"<div class=\"wp-block-mac-slider-hero-block hero-slider\"><div id=\"hero40\" class=\"carousel slide\" data-bs-ride=\"true\"><ol class=\"carousel-indicators box-container\"><li data-bs-target=\"#hero40\" data-bs-slide-to=\"0\" class=\"active\"><\/li><\/ol><div class=\"carousel-inner\"><div class=\"carousel-item active\"><div class=\"hero\"><div class=\"gts__picture\"><img decoding=\"async\" src=\"https:\/\/www.maccaferri.com\/de\/wp-content\/uploads\/2023\/06\/Immagine-testa-sito-1.png\" style=\"display:none\"\/><div class=\"gts__picture__image\" style=\"background-image:url(https:\/\/www.maccaferri.com\/de\/wp-content\/uploads\/2023\/06\/Immagine-testa-sito-1.png)\"><\/div><\/div><div class=\"container box-container\"><div class=\"row\"><div class=\"col-12 col-lg-6 col-xl-6 col-xxl-6\"><p><span class=\"hero-index\" style=\"display:none\">0<\/span><\/p><h2 class=\"hero-text-container\"><span class=\"hero-text\">Ressourcen f\u00fcr den Schutz vor Georisiken<\/span><\/h2><a class=\"hero-buttonurl\" href=\"https:\/\/www.maccaferri.com\/informative-technical-package\/#download\"><span class=\"hero-buttontext\">JETZT HERUNTERLADEN<\/span><\/a><\/div><\/div><\/div><\/div><\/div><\/div><button class=\"carousel-control-prev\" href=\"#hero40\" type=\"button\" data-bs-slide=\"prev\"><span class=\"carousel-control-prev-icon\" aria-hidden=\"true\"><\/span><span class=\"visually-hidden\">Previous<\/span><\/button><button class=\"carousel-control-next\" href=\"#hero40\" type=\"button\" data-bs-slide=\"next\"><span class=\"carousel-control-next-icon\" aria-hidden=\"true\"><\/span><span class=\"visually-hidden\">Next<\/span><\/button><\/div><\/div><div class=\"wp-block-columns has-background is-layout-flex wp-container-core-columns-is-layout-9d6595d7 wp-block-columns-is-layout-flex\" style=\"background-color:#004857\"><div class=\"wp-block-column is-layout-flow wp-block-column-is-layout-flow\"><div class=\"wp-block-mac-title-cta-two-block container box-container\" style=\"background:#004857\"><div class=\"row\"><div class=\"col-12 col-lg-5 col-xl-5 col-xxl-5 title-box-txt\"><H2 class=\"wp-block-mac-title-cta-two-block\" style=\"color:#A7C8CB\">UNSERE AUSWAHL<\/H2><\/div><div class=\"col-12 offset-lg-1 offset-xl-1 offset-xxl-1 col-lg-6 col-xl-6 col-xxl-6 title-box-txt\"><div style=\"text-align:right\"><p class=\"wp-block-mac-title-cta-two-block\" style=\"color:#FFFFFF\">Steinschlagschutz- und Gefahrenminderungssysteme sind f\u00fcr die Sicherheit von Stra\u00dfen, Eisenbahnlinien, Bergbaubetrieben und Infrastrukturen unerl\u00e4sslich. Selbst kleine Zwischenf\u00e4lle k\u00f6nnen zu erheblichen Behinderungen und wirtschaftlichen Auswirkungen f\u00fchren. Auch Geb\u00e4ude und anf\u00e4llige Anlagen sind durch Steinschlag, Murg\u00e4nge und Lawinen gef\u00e4hrdet. Mit \u00fcber 60 Jahren Erfahrung bietet Maccaferri eine breite Palette von Steinschlagschutzsystemen und L\u00f6sungen zur Minimierung von Naturgefahren. Die zertifizierten, gepr\u00fcften und den neuesten Normen entsprechenden Mac.RO\u2122-Systeme sind einfach zu installieren und bieten weltweit wirksamen Schutz.<\/p><\/div><div style=\"text-align:right\"><a href=\"https:\/\/www.maccaferri.com\/informative-technical-package\/#download\" target=\"_blank\" class=\"buttonurl\" rel=\"noopener\"><span class=\"buttontext\">JETZT HERUNTERLADEN<\/span><\/a><\/div><\/div><\/div><\/div><\/div><\/div><div class=\"wp-block-columns is-layout-flex wp-container-core-columns-is-layout-9d6595d7 wp-block-columns-is-layout-flex\"><div class=\"wp-block-column is-layout-flow wp-block-column-is-layout-flow\" id=\"download\"><\/div><\/div><div class=\"wp-block-mac-container-block box-container\"><div class=\"wp-block-columns is-layout-flex wp-container-core-columns-is-layout-9d6595d7 wp-block-columns-is-layout-flex\"><div class=\"wp-block-column is-layout-flow wp-block-column-is-layout-flow\"><div class=\"wp-block-mac-card-new-block block-latest-news-container\"><div class=\"card\"><div class=\"content-images\"><img decoding=\"async\" class=\"box-image\" src=\"https:\/\/www.maccaferri.com\/wp-content\/uploads\/2023\/06\/rockfall-1.png\" alt=\"Image Stories\"\/><\/div><div class=\"card-body\"><h6 class=\"wp-block-mac-card-new-block\" style=\"color:#212429\">Brochure Rockfall<\/h6><span class=\"abstract\" style=\"color:#212429\"><\/span><a href=\"https:\/\/www2.maccaferri.com\/l\/965143\/2023-06-26\/5qmxjy\" target=\"_blank\" class=\"cta\" rel=\"noopener\"><span class=\"text\" style=\"color:#004857\">Download<\/span><\/a><div class=\"star\"><span class=\"material-symbols-rounded starrate\">star<\/span><\/div><\/div><\/div><\/div><\/div>\n\n<div class=\"wp-block-column is-layout-flow wp-block-column-is-layout-flow\"><div class=\"wp-block-mac-card-new-block block-latest-news-container\"><div class=\"card\"><div class=\"content-images\"><img decoding=\"async\" class=\"box-image\" src=\"https:\/\/www.maccaferri.com\/wp-content\/uploads\/2023\/06\/hellomac_card.png\" alt=\"Image Stories\"\/><\/div><div class=\"card-body\"><h6 class=\"wp-block-mac-card-new-block\" style=\"color:#212429\">HELLOMAC PPT<\/h6><span class=\"abstract\" style=\"color:#212429\"><\/span><a href=\"https:\/\/www2.maccaferri.com\/l\/965143\/2023-06-26\/5qmxj5\" target=\"_blank\" class=\"cta\" rel=\"noopener\"><span class=\"text\" style=\"color:#004857\">Download<\/span><\/a><div class=\"star\"><span class=\"material-symbols-rounded starrate\">star<\/span><\/div><\/div><\/div><\/div><\/div>\n\n<div class=\"wp-block-column is-layout-flow wp-block-column-is-layout-flow\"><div class=\"wp-block-mac-card-new-block block-latest-news-container\"><div class=\"card\"><div class=\"content-images\"><img decoding=\"async\" class=\"box-image\" src=\"https:\/\/www.maccaferri.com\/wp-content\/uploads\/2023\/06\/MacArmour.png\" alt=\"Image Stories\"\/><\/div><div class=\"card-body\"><h6 class=\"wp-block-mac-card-new-block\" style=\"color:#212429\">MacArmour PPT<\/h6><span class=\"abstract\" style=\"color:#212429\"><\/span><a href=\"https:\/\/www2.maccaferri.com\/l\/965143\/2023-06-26\/5qmxhn\" target=\"_blank\" class=\"cta\" rel=\"noopener\"><span class=\"text\" style=\"color:#004857\">Download<\/span><\/a><div class=\"star\"><span class=\"material-symbols-rounded starrate\">star<\/span><\/div><\/div><\/div><\/div><\/div>\n\n<div class=\"wp-block-column is-layout-flow wp-block-column-is-layout-flow\"><div class=\"wp-block-mac-card-new-block block-latest-news-container\"><div class=\"card\"><div class=\"content-images\"><img decoding=\"async\" class=\"box-image\" src=\"https:\/\/www.maccaferri.com\/wp-content\/uploads\/2023\/06\/Hydaulic-1.png\" alt=\"Image Stories\"\/><\/div><div class=\"card-body\"><h6 class=\"wp-block-mac-card-new-block\" style=\"color:#212429\">Brochure Hydraulic Works<\/h6><span class=\"abstract\" style=\"color:#212429\"><\/span><a href=\"https:\/\/www2.maccaferri.com\/l\/965143\/2023-06-26\/5qmxhc\" target=\"_blank\" class=\"cta\" rel=\"noopener\"><span class=\"text\" style=\"color:#004857\">Downlaod<\/span><\/a><div class=\"star\"><span class=\"material-symbols-rounded starrate\">star<\/span><\/div><\/div><\/div><\/div><\/div><\/div><\/div>","protected":false},"excerpt":{"rendered":"","protected":false},"author":6,"featured_media":0,"parent":0,"menu_order":0,"comment_status":"closed","ping_status":"closed","template":"","meta":{"_acf_changed":false,"_joinchat":[],"footnotes":""},"class_list":["post-80903","page","type-page","status-publish","hentry"],"acf":{"uuid_products":"","product-documents":""},"yoast_head":"<!-- This site is optimized with the Yoast SEO Premium plugin v27.0 (Yoast SEO v27.0) - https:\/\/yoast.com\/product\/yoast-seo-premium-wordpress\/ -->\n<title>Informative Technical Package - Maccaferri Deutschland<\/title>\n<meta name=\"description\" content=\"0Ressourcen f\u00fcr den Schutz vor GeorisikenJETZT HERUNTERLADENPreviousNext UNSERE AUSWAHLSteinschlagschutz- und Gefahrenminderungssysteme sind f\u00fcr die\" \/>\n<meta name=\"robots\" content=\"index, follow, max-snippet:-1, max-image-preview:large, max-video-preview:-1\" \/>\n<link rel=\"canonical\" href=\"https:\/\/www.maccaferri.com\/de\/informative-technical-package\/\" \/>\n<meta property=\"og:locale\" content=\"de_DE\" \/>\n<meta property=\"og:type\" content=\"article\" \/>\n<meta property=\"og:title\" content=\"Informative Technical Package - Maccaferri Deutschland\" \/>\n<meta property=\"og:description\" content=\"0Ressourcen f\u00fcr den Schutz vor GeorisikenJETZT HERUNTERLADENPreviousNext UNSERE AUSWAHLSteinschlagschutz- und Gefahrenminderungssysteme sind f\u00fcr die\" \/>\n<meta property=\"og:url\" content=\"https:\/\/www.maccaferri.com\/de\/informative-technical-package\/\" \/>\n<meta property=\"og:site_name\" content=\"Maccaferri Deutschland\" \/>\n<meta property=\"article:modified_time\" content=\"2025-10-06T15:34:52+00:00\" \/>\n<meta property=\"og:image\" content=\"https:\/\/www.maccaferri.com\/de\/wp-content\/uploads\/2023\/06\/Immagine-testa-sito-1.png\" \/>\n<meta name=\"twitter:card\" content=\"summary_large_image\" \/>\n<meta name=\"twitter:label1\" content=\"Est. reading time\" \/>\n\t<meta name=\"twitter:data1\" content=\"2 minutes\" \/>\n<script type=\"application\/ld+json\" class=\"yoast-schema-graph\">{\"@context\":\"https:\/\/schema.org\",\"@graph\":[{\"@type\":\"WebPage\",\"@id\":\"https:\/\/www.maccaferri.com\/de\/informative-technical-package\/\",\"url\":\"https:\/\/www.maccaferri.com\/de\/informative-technical-package\/\",\"name\":\"Informative Technical Package - Maccaferri Deutschland\",\"isPartOf\":{\"@id\":\"https:\/\/www.maccaferri.com\/de\/#website\"},\"primaryImageOfPage\":{\"@id\":\"https:\/\/www.maccaferri.com\/de\/informative-technical-package\/#primaryimage\"},\"image\":{\"@id\":\"https:\/\/www.maccaferri.com\/de\/informative-technical-package\/#primaryimage\"},\"thumbnailUrl\":\"https:\/\/www.maccaferri.com\/de\/wp-content\/uploads\/2023\/06\/Immagine-testa-sito-1.png\",\"datePublished\":\"2023-06-19T10:45:03+00:00\",\"dateModified\":\"2025-10-06T15:34:52+00:00\",\"description\":\"0Ressourcen f\u00fcr den Schutz vor GeorisikenJETZT HERUNTERLADENPreviousNext UNSERE AUSWAHLSteinschlagschutz- und Gefahrenminderungssysteme sind f\u00fcr die\",\"inLanguage\":\"de-DE\",\"potentialAction\":[{\"@type\":\"ReadAction\",\"target\":[\"https:\/\/www.maccaferri.com\/de\/informative-technical-package\/\"]}]},{\"@type\":\"ImageObject\",\"inLanguage\":\"de-DE\",\"@id\":\"https:\/\/www.maccaferri.com\/de\/informative-technical-package\/#primaryimage\",\"url\":\"https:\/\/www.maccaferri.com\/de\/wp-content\/uploads\/2023\/06\/Immagine-testa-sito-1.png\",\"contentUrl\":\"https:\/\/www.maccaferri.com\/de\/wp-content\/uploads\/2023\/06\/Immagine-testa-sito-1.png\",\"width\":1915,\"height\":530},{\"@type\":\"WebSite\",\"@id\":\"https:\/\/www.maccaferri.com\/de\/#website\",\"url\":\"https:\/\/www.maccaferri.com\/de\/\",\"name\":\"Maccaferri Deutschland\",\"description\":\"\",\"publisher\":{\"@id\":\"https:\/\/www.maccaferri.com\/de\/#organization\"},\"potentialAction\":[{\"@type\":\"SearchAction\",\"target\":{\"@type\":\"EntryPoint\",\"urlTemplate\":\"https:\/\/www.maccaferri.com\/de\/?s={search_term_string}\"},\"query-input\":{\"@type\":\"PropertyValueSpecification\",\"valueRequired\":true,\"valueName\":\"search_term_string\"}}],\"inLanguage\":\"de-DE\"},{\"@type\":\"Organization\",\"@id\":\"https:\/\/www.maccaferri.com\/de\/#organization\",\"name\":\"Maccaferri Deutschland\",\"url\":\"https:\/\/www.maccaferri.com\/de\/\",\"logo\":{\"@type\":\"ImageObject\",\"inLanguage\":\"de-DE\",\"@id\":\"https:\/\/www.maccaferri.com\/de\/#\/schema\/logo\/image\/\",\"url\":\"https:\/\/www.maccaferri.com\/de\/wp-content\/uploads\/2022\/07\/logo-maccaferri.png\",\"contentUrl\":\"https:\/\/www.maccaferri.com\/de\/wp-content\/uploads\/2022\/07\/logo-maccaferri.png\",\"width\":152,\"height\":32,\"caption\":\"Maccaferri Deutschland\"},\"image\":{\"@id\":\"https:\/\/www.maccaferri.com\/de\/#\/schema\/logo\/image\/\"}}]}<\/script>\n<!-- \/ Yoast SEO Premium plugin. -->","yoast_head_json":{"title":"Informative Technical Package - Maccaferri Deutschland","description":"0Ressourcen f\u00fcr den Schutz vor GeorisikenJETZT HERUNTERLADENPreviousNext UNSERE AUSWAHLSteinschlagschutz- und Gefahrenminderungssysteme sind f\u00fcr die","robots":{"index":"index","follow":"follow","max-snippet":"max-snippet:-1","max-image-preview":"max-image-preview:large","max-video-preview":"max-video-preview:-1"},"canonical":"https:\/\/www.maccaferri.com\/de\/informative-technical-package\/","og_locale":"de_DE","og_type":"article","og_title":"Informative Technical Package - Maccaferri Deutschland","og_description":"0Ressourcen f\u00fcr den Schutz vor GeorisikenJETZT HERUNTERLADENPreviousNext UNSERE AUSWAHLSteinschlagschutz- und Gefahrenminderungssysteme sind f\u00fcr die","og_url":"https:\/\/www.maccaferri.com\/de\/informative-technical-package\/","og_site_name":"Maccaferri Deutschland","article_modified_time":"2025-10-06T15:34:52+00:00","og_image":[{"url":"https:\/\/www.maccaferri.com\/de\/wp-content\/uploads\/2023\/06\/Immagine-testa-sito-1.png","type":"","width":"","height":""}],"twitter_card":"summary_large_image","twitter_misc":{"Est. reading time":"2 minutes"},"schema":{"@context":"https:\/\/schema.org","@graph":[{"@type":"WebPage","@id":"https:\/\/www.maccaferri.com\/de\/informative-technical-package\/","url":"https:\/\/www.maccaferri.com\/de\/informative-technical-package\/","name":"Informative Technical Package - Maccaferri Deutschland","isPartOf":{"@id":"https:\/\/www.maccaferri.com\/de\/#website"},"primaryImageOfPage":{"@id":"https:\/\/www.maccaferri.com\/de\/informative-technical-package\/#primaryimage"},"image":{"@id":"https:\/\/www.maccaferri.com\/de\/informative-technical-package\/#primaryimage"},"thumbnailUrl":"https:\/\/www.maccaferri.com\/de\/wp-content\/uploads\/2023\/06\/Immagine-testa-sito-1.png","datePublished":"2023-06-19T10:45:03+00:00","dateModified":"2025-10-06T15:34:52+00:00","description":"0Ressourcen f\u00fcr den Schutz vor GeorisikenJETZT HERUNTERLADENPreviousNext UNSERE AUSWAHLSteinschlagschutz- und Gefahrenminderungssysteme sind f\u00fcr die","inLanguage":"de-DE","potentialAction":[{"@type":"ReadAction","target":["https:\/\/www.maccaferri.com\/de\/informative-technical-package\/"]}]},{"@type":"ImageObject","inLanguage":"de-DE","@id":"https:\/\/www.maccaferri.com\/de\/informative-technical-package\/#primaryimage","url":"https:\/\/www.maccaferri.com\/de\/wp-content\/uploads\/2023\/06\/Immagine-testa-sito-1.png","contentUrl":"https:\/\/www.maccaferri.com\/de\/wp-content\/uploads\/2023\/06\/Immagine-testa-sito-1.png","width":1915,"height":530},{"@type":"WebSite","@id":"https:\/\/www.maccaferri.com\/de\/#website","url":"https:\/\/www.maccaferri.com\/de\/","name":"Maccaferri Deutschland","description":"","publisher":{"@id":"https:\/\/www.maccaferri.com\/de\/#organization"},"potentialAction":[{"@type":"SearchAction","target":{"@type":"EntryPoint","urlTemplate":"https:\/\/www.maccaferri.com\/de\/?s={search_term_string}"},"query-input":{"@type":"PropertyValueSpecification","valueRequired":true,"valueName":"search_term_string"}}],"inLanguage":"de-DE"},{"@type":"Organization","@id":"https:\/\/www.maccaferri.com\/de\/#organization","name":"Maccaferri Deutschland","url":"https:\/\/www.maccaferri.com\/de\/","logo":{"@type":"ImageObject","inLanguage":"de-DE","@id":"https:\/\/www.maccaferri.com\/de\/#\/schema\/logo\/image\/","url":"https:\/\/www.maccaferri.com\/de\/wp-content\/uploads\/2022\/07\/logo-maccaferri.png","contentUrl":"https:\/\/www.maccaferri.com\/de\/wp-content\/uploads\/2022\/07\/logo-maccaferri.png","width":152,"height":32,"caption":"Maccaferri Deutschland"},"image":{"@id":"https:\/\/www.maccaferri.com\/de\/#\/schema\/logo\/image\/"}}]}},"_links":{"self":[{"href":"https:\/\/www.maccaferri.com\/de\/wp-json\/wp\/v2\/pages\/80903","targetHints":{"allow":["GET"]}}],"collection":[{"href":"https:\/\/www.maccaferri.com\/de\/wp-json\/wp\/v2\/pages"}],"about":[{"href":"https:\/\/www.maccaferri.com\/de\/wp-json\/wp\/v2\/types\/page"}],"author":[{"embeddable":true,"href":"https:\/\/www.maccaferri.com\/de\/wp-json\/wp\/v2\/users\/6"}],"replies":[{"embeddable":true,"href":"https:\/\/www.maccaferri.com\/de\/wp-json\/wp\/v2\/comments?post=80903"}],"version-history":[{"count":4,"href":"https:\/\/www.maccaferri.com\/de\/wp-json\/wp\/v2\/pages\/80903\/revisions"}],"predecessor-version":[{"id":95029,"href":"https:\/\/www.maccaferri.com\/de\/wp-json\/wp\/v2\/pages\/80903\/revisions\/95029"}],"wp:attachment":[{"href":"https:\/\/www.maccaferri.com\/de\/wp-json\/wp\/v2\/media?parent=80903"}],"curies":[{"name":"wp","href":"https:\/\/api.w.org\/{rel}","templated":true}]}}