{"id":80882,"date":"2023-02-20T12:29:24","date_gmt":"2023-02-20T11:29:24","guid":{"rendered":"https:\/\/www.maccaferri.com\/de\/?page_id=80882"},"modified":"2025-05-27T12:02:11","modified_gmt":"2025-05-27T10:02:11","slug":"fastmac","status":"publish","type":"page","link":"https:\/\/www.maccaferri.com\/de\/fastmac\/","title":{"rendered":"FastMac"},"content":{"rendered":"<div class=\"wp-block-mac-h1-title-hero-block container-fluid block-txt-container\" style=\"background:linear-gradient(180deg,rgb(1,94,111) 0%,rgb(0,72,87) 100%)\"><div class=\"row\"><div class=\"col\"><div class=\"gts__picture\"><img decoding=\"async\" src=\"https:\/\/www.maccaferri.com\/de\/wp-content\/uploads\/2025\/05\/FastMac_min-5.jpg\" style=\"display:none\"\/><div class=\"gts__picture__image\" style=\"background-image:url(https:\/\/www.maccaferri.com\/de\/wp-content\/uploads\/2025\/05\/FastMac_min-5.jpg)\"><\/div><\/div><div class=\"container box-container\"><div class=\"row\"><div class=\"col title-box-txt\"><h1 class=\"wp-block-mac-h1-title-hero-block\" style=\"color:#ffffff;text-align:none\">FastMac<\/h1><\/div><\/div><\/div><\/div><\/div><\/div><div class=\"wp-block-mac-container-block box-container\"><div class=\"wp-block-columns is-layout-flex wp-container-core-columns-is-layout-9d6595d7 wp-block-columns-is-layout-flex\"><div class=\"wp-block-column is-layout-flow wp-block-column-is-layout-flow\"><div class=\"container content-paragraph box-container\"><div class=\"row\"><div class=\"col-12 col-lg-12 col-xl-12 col-xxl-12\"><div class=\"content-txt\"><h2>Das schnellste und einfachste Werkzeug zur Installation von Gabionen, Reno Mattress Plus und doppelt verdrilltem Drahtgeflecht.<\/h2>\n<\/div><\/div><\/div><\/div>\n\n<div class=\"wp-block-mac-container-block box-container\"><div class=\"wp-block-columns is-layout-flex wp-container-core-columns-is-layout-9d6595d7 wp-block-columns-is-layout-flex\"><div class=\"wp-block-column is-layout-flow wp-block-column-is-layout-flow\"><div class=\"container content-paragraph box-container\"><div class=\"row\"><div class=\"col-12 col-lg-12 col-xl-12 col-xxl-12\"><div class=\"content-txt\"><h4>Schnelle Qualit\u00e4t<\/h4>\n<\/div><\/div><\/div><\/div><\/div><\/div><\/div>\n\n<div class=\"wp-block-mac-container-block box-container\"><div class=\"wp-block-columns is-layout-flex wp-container-core-columns-is-layout-9d6595d7 wp-block-columns-is-layout-flex\"><div class=\"wp-block-column is-layout-flow wp-block-column-is-layout-flow\"><p>Der Zusammenbau von Gabionen und Reno-Matratzen war noch nie so einfach wie mit FastMac, einem pneumatischen Verbindungssystem mit hochfesten C-Ringen. FastMac garantiert ein schnelles, sicheres und qualitativ hochwertiges System f\u00fcr den Zusammenbau und die Verbindung der Einheiten untereinander. Die hochfesten C-Ringe reduzieren die Montage- und Installationsvorg\u00e4nge im Vergleich zu herk\u00f6mmlichem Schn\u00fcrdraht erheblich; mit einer Installationskapazit\u00e4t von \u00fcber 65 Ringen\/Minute. Dank FastMac kann die Installation bis zu 8-mal schneller erfolgen, was je nach Produkt zu einer Zeiteinsparung von 70 bis 80 % f\u00fchren kann. Dar\u00fcber hinaus weisen Gabionen- und Reno-Matratzen-Strukturen, die mit hochfesten C-Ringe montiert werden, eine verbesserte Dauerhaftigkeit auf, mit einer geplanten Lebensdauer von 120 Jahren, einer gr\u00f6\u00dferen und gleichm\u00e4\u00dfigeren Widerstandsf\u00e4higkeit, was zu einer Steigerung der Gesamtqualit\u00e4t f\u00fchrt.<\/p><\/div><\/div><\/div>\n\n<div class=\"wp-block-mac-container-block box-container\"><div class=\"wp-block-columns is-layout-flex wp-container-core-columns-is-layout-9d6595d7 wp-block-columns-is-layout-flex\"><div class=\"wp-block-column is-layout-flow wp-block-column-is-layout-flow\"><div class=\"container content-paragraph box-container\"><div class=\"row\"><div class=\"col-12 col-lg-12 col-xl-12 col-xxl-12\"><div class=\"content-txt\"><h4>Die 30-Sekunden-Herausforderung<\/h4>\n<\/div><\/div><\/div><\/div><\/div><\/div><\/div>\n\n<div class=\"wp-block-mac-container-block box-container\"><div class=\"wp-block-columns is-layout-flex wp-container-core-columns-is-layout-9d6595d7 wp-block-columns-is-layout-flex\"><div class=\"wp-block-column is-layout-flow wp-block-column-is-layout-flow\"><p>Zwei Netze, eines mit C-Ringen und FastMac befestigt, das andere mit Bindedraht. Welches wird schneller sein?<\/p><\/div><\/div><\/div><\/div><\/div><\/div><div class=\"wp-block-mac-container-block box-container\"><div class=\"wp-block-columns is-layout-flex wp-container-core-columns-is-layout-9d6595d7 wp-block-columns-is-layout-flex\"><div class=\"wp-block-column is-layout-flow wp-block-column-is-layout-flow\"><figure class=\"wp-block-video\"><video controls controlslist=\"nodownload\" poster=\"https:\/\/www.maccaferri.com\/de\/wp-content\/uploads\/2023\/02\/MicrosoftTeams-image-29.png\" src=\"https:\/\/www.maccaferri.com\/de\/wp-content\/uploads\/2023\/02\/Maccaferri_FastMac_v03.mp4\"><\/video><\/figure><\/div><\/div><\/div><div style=\"height:100px\" aria-hidden=\"true\" class=\"wp-block-spacer\"><\/div>","protected":false},"excerpt":{"rendered":"","protected":false},"author":6,"featured_media":0,"parent":0,"menu_order":0,"comment_status":"closed","ping_status":"closed","template":"","meta":{"_acf_changed":false,"_joinchat":[],"footnotes":""},"class_list":["post-80882","page","type-page","status-publish","hentry"],"acf":{"uuid_products":"","product-documents":""},"yoast_head":"<!-- This site is optimized with the Yoast SEO Premium plugin v27.0 (Yoast SEO v27.0) - https:\/\/yoast.com\/product\/yoast-seo-premium-wordpress\/ -->\n<title>FastMac - Maccaferri Deutschland<\/title>\n<meta name=\"description\" content=\"FastMac Der Zusammenbau von Gabionen und Reno-Matratzen war noch nie so einfach wie mit FastMac, einem pneumatischen Verbindungssystem mit hochfesten\" \/>\n<meta name=\"robots\" content=\"index, follow, max-snippet:-1, max-image-preview:large, max-video-preview:-1\" \/>\n<link rel=\"canonical\" href=\"https:\/\/www.maccaferri.com\/de\/fastmac\/\" \/>\n<meta property=\"og:locale\" content=\"de_DE\" \/>\n<meta property=\"og:type\" content=\"article\" \/>\n<meta property=\"og:title\" content=\"FastMac - Maccaferri Deutschland\" \/>\n<meta property=\"og:description\" content=\"FastMac Der Zusammenbau von Gabionen und Reno-Matratzen war noch nie so einfach wie mit FastMac, einem pneumatischen Verbindungssystem mit hochfesten\" \/>\n<meta property=\"og:url\" content=\"https:\/\/www.maccaferri.com\/de\/fastmac\/\" \/>\n<meta property=\"og:site_name\" content=\"Maccaferri Deutschland\" \/>\n<meta property=\"article:modified_time\" content=\"2025-05-27T10:02:11+00:00\" \/>\n<meta property=\"og:image\" content=\"https:\/\/www.maccaferri.com\/de\/wp-content\/uploads\/2025\/05\/FastMac_min-5.jpg\" \/>\n<meta name=\"twitter:card\" content=\"summary_large_image\" \/>\n<meta name=\"twitter:label1\" content=\"Est. reading time\" \/>\n\t<meta name=\"twitter:data1\" content=\"1 minute\" \/>\n<script type=\"application\/ld+json\" class=\"yoast-schema-graph\">{\"@context\":\"https:\/\/schema.org\",\"@graph\":[{\"@type\":\"WebPage\",\"@id\":\"https:\/\/www.maccaferri.com\/de\/fastmac\/\",\"url\":\"https:\/\/www.maccaferri.com\/de\/fastmac\/\",\"name\":\"FastMac - Maccaferri Deutschland\",\"isPartOf\":{\"@id\":\"https:\/\/www.maccaferri.com\/de\/#website\"},\"primaryImageOfPage\":{\"@id\":\"https:\/\/www.maccaferri.com\/de\/fastmac\/#primaryimage\"},\"image\":{\"@id\":\"https:\/\/www.maccaferri.com\/de\/fastmac\/#primaryimage\"},\"thumbnailUrl\":\"https:\/\/www.maccaferri.com\/de\/wp-content\/uploads\/2025\/05\/FastMac_min-5.jpg\",\"datePublished\":\"2023-02-20T11:29:24+00:00\",\"dateModified\":\"2025-05-27T10:02:11+00:00\",\"description\":\"FastMac Der Zusammenbau von Gabionen und Reno-Matratzen war noch nie so einfach wie mit FastMac, einem pneumatischen Verbindungssystem mit hochfesten\",\"inLanguage\":\"de-DE\",\"potentialAction\":[{\"@type\":\"ReadAction\",\"target\":[\"https:\/\/www.maccaferri.com\/de\/fastmac\/\"]}]},{\"@type\":\"ImageObject\",\"inLanguage\":\"de-DE\",\"@id\":\"https:\/\/www.maccaferri.com\/de\/fastmac\/#primaryimage\",\"url\":\"https:\/\/www.maccaferri.com\/de\/wp-content\/uploads\/2025\/05\/FastMac_min-5.jpg\",\"contentUrl\":\"https:\/\/www.maccaferri.com\/de\/wp-content\/uploads\/2025\/05\/FastMac_min-5.jpg\",\"width\":1915,\"height\":530,\"caption\":\"xr:d:DAFZOvOAx8k:5,j:47121314557,t:23021615\"},{\"@type\":\"WebSite\",\"@id\":\"https:\/\/www.maccaferri.com\/de\/#website\",\"url\":\"https:\/\/www.maccaferri.com\/de\/\",\"name\":\"Maccaferri Deutschland\",\"description\":\"\",\"publisher\":{\"@id\":\"https:\/\/www.maccaferri.com\/de\/#organization\"},\"potentialAction\":[{\"@type\":\"SearchAction\",\"target\":{\"@type\":\"EntryPoint\",\"urlTemplate\":\"https:\/\/www.maccaferri.com\/de\/?s={search_term_string}\"},\"query-input\":{\"@type\":\"PropertyValueSpecification\",\"valueRequired\":true,\"valueName\":\"search_term_string\"}}],\"inLanguage\":\"de-DE\"},{\"@type\":\"Organization\",\"@id\":\"https:\/\/www.maccaferri.com\/de\/#organization\",\"name\":\"Maccaferri Deutschland\",\"url\":\"https:\/\/www.maccaferri.com\/de\/\",\"logo\":{\"@type\":\"ImageObject\",\"inLanguage\":\"de-DE\",\"@id\":\"https:\/\/www.maccaferri.com\/de\/#\/schema\/logo\/image\/\",\"url\":\"https:\/\/www.maccaferri.com\/de\/wp-content\/uploads\/2022\/07\/logo-maccaferri.png\",\"contentUrl\":\"https:\/\/www.maccaferri.com\/de\/wp-content\/uploads\/2022\/07\/logo-maccaferri.png\",\"width\":152,\"height\":32,\"caption\":\"Maccaferri Deutschland\"},\"image\":{\"@id\":\"https:\/\/www.maccaferri.com\/de\/#\/schema\/logo\/image\/\"}}]}<\/script>\n<!-- \/ Yoast SEO Premium plugin. -->","yoast_head_json":{"title":"FastMac - Maccaferri Deutschland","description":"FastMac Der Zusammenbau von Gabionen und Reno-Matratzen war noch nie so einfach wie mit FastMac, einem pneumatischen Verbindungssystem mit hochfesten","robots":{"index":"index","follow":"follow","max-snippet":"max-snippet:-1","max-image-preview":"max-image-preview:large","max-video-preview":"max-video-preview:-1"},"canonical":"https:\/\/www.maccaferri.com\/de\/fastmac\/","og_locale":"de_DE","og_type":"article","og_title":"FastMac - Maccaferri Deutschland","og_description":"FastMac Der Zusammenbau von Gabionen und Reno-Matratzen war noch nie so einfach wie mit FastMac, einem pneumatischen Verbindungssystem mit hochfesten","og_url":"https:\/\/www.maccaferri.com\/de\/fastmac\/","og_site_name":"Maccaferri Deutschland","article_modified_time":"2025-05-27T10:02:11+00:00","og_image":[{"url":"https:\/\/www.maccaferri.com\/de\/wp-content\/uploads\/2025\/05\/FastMac_min-5.jpg","type":"","width":"","height":""}],"twitter_card":"summary_large_image","twitter_misc":{"Est. reading time":"1 minute"},"schema":{"@context":"https:\/\/schema.org","@graph":[{"@type":"WebPage","@id":"https:\/\/www.maccaferri.com\/de\/fastmac\/","url":"https:\/\/www.maccaferri.com\/de\/fastmac\/","name":"FastMac - Maccaferri Deutschland","isPartOf":{"@id":"https:\/\/www.maccaferri.com\/de\/#website"},"primaryImageOfPage":{"@id":"https:\/\/www.maccaferri.com\/de\/fastmac\/#primaryimage"},"image":{"@id":"https:\/\/www.maccaferri.com\/de\/fastmac\/#primaryimage"},"thumbnailUrl":"https:\/\/www.maccaferri.com\/de\/wp-content\/uploads\/2025\/05\/FastMac_min-5.jpg","datePublished":"2023-02-20T11:29:24+00:00","dateModified":"2025-05-27T10:02:11+00:00","description":"FastMac Der Zusammenbau von Gabionen und Reno-Matratzen war noch nie so einfach wie mit FastMac, einem pneumatischen Verbindungssystem mit hochfesten","inLanguage":"de-DE","potentialAction":[{"@type":"ReadAction","target":["https:\/\/www.maccaferri.com\/de\/fastmac\/"]}]},{"@type":"ImageObject","inLanguage":"de-DE","@id":"https:\/\/www.maccaferri.com\/de\/fastmac\/#primaryimage","url":"https:\/\/www.maccaferri.com\/de\/wp-content\/uploads\/2025\/05\/FastMac_min-5.jpg","contentUrl":"https:\/\/www.maccaferri.com\/de\/wp-content\/uploads\/2025\/05\/FastMac_min-5.jpg","width":1915,"height":530,"caption":"xr:d:DAFZOvOAx8k:5,j:47121314557,t:23021615"},{"@type":"WebSite","@id":"https:\/\/www.maccaferri.com\/de\/#website","url":"https:\/\/www.maccaferri.com\/de\/","name":"Maccaferri Deutschland","description":"","publisher":{"@id":"https:\/\/www.maccaferri.com\/de\/#organization"},"potentialAction":[{"@type":"SearchAction","target":{"@type":"EntryPoint","urlTemplate":"https:\/\/www.maccaferri.com\/de\/?s={search_term_string}"},"query-input":{"@type":"PropertyValueSpecification","valueRequired":true,"valueName":"search_term_string"}}],"inLanguage":"de-DE"},{"@type":"Organization","@id":"https:\/\/www.maccaferri.com\/de\/#organization","name":"Maccaferri Deutschland","url":"https:\/\/www.maccaferri.com\/de\/","logo":{"@type":"ImageObject","inLanguage":"de-DE","@id":"https:\/\/www.maccaferri.com\/de\/#\/schema\/logo\/image\/","url":"https:\/\/www.maccaferri.com\/de\/wp-content\/uploads\/2022\/07\/logo-maccaferri.png","contentUrl":"https:\/\/www.maccaferri.com\/de\/wp-content\/uploads\/2022\/07\/logo-maccaferri.png","width":152,"height":32,"caption":"Maccaferri Deutschland"},"image":{"@id":"https:\/\/www.maccaferri.com\/de\/#\/schema\/logo\/image\/"}}]}},"_links":{"self":[{"href":"https:\/\/www.maccaferri.com\/de\/wp-json\/wp\/v2\/pages\/80882","targetHints":{"allow":["GET"]}}],"collection":[{"href":"https:\/\/www.maccaferri.com\/de\/wp-json\/wp\/v2\/pages"}],"about":[{"href":"https:\/\/www.maccaferri.com\/de\/wp-json\/wp\/v2\/types\/page"}],"author":[{"embeddable":true,"href":"https:\/\/www.maccaferri.com\/de\/wp-json\/wp\/v2\/users\/6"}],"replies":[{"embeddable":true,"href":"https:\/\/www.maccaferri.com\/de\/wp-json\/wp\/v2\/comments?post=80882"}],"version-history":[{"count":2,"href":"https:\/\/www.maccaferri.com\/de\/wp-json\/wp\/v2\/pages\/80882\/revisions"}],"predecessor-version":[{"id":89814,"href":"https:\/\/www.maccaferri.com\/de\/wp-json\/wp\/v2\/pages\/80882\/revisions\/89814"}],"wp:attachment":[{"href":"https:\/\/www.maccaferri.com\/de\/wp-json\/wp\/v2\/media?parent=80882"}],"curies":[{"name":"wp","href":"https:\/\/api.w.org\/{rel}","templated":true}]}}