{"id":80829,"date":"2024-11-14T17:16:22","date_gmt":"2024-11-14T16:16:22","guid":{"rendered":"https:\/\/www.maccaferri.com\/de\/?page_id=80829"},"modified":"2025-05-27T16:13:06","modified_gmt":"2025-05-27T14:13:06","slug":"sustainable-building-solutions","status":"publish","type":"page","link":"https:\/\/www.maccaferri.com\/de\/sustainable-building-solutions\/","title":{"rendered":"SUSTAINABLE \u200bBUILDING SOLUTIONS"},"content":{"rendered":"<div class=\"wp-block-mac-slider-hero-block hero-slider\"><div id=\"hero97\" class=\"carousel slide\" data-bs-ride=\"true\"><ol class=\"carousel-indicators box-container\"><li data-bs-target=\"#hero97\" data-bs-slide-to=\"0\" class=\"active\"><\/li><\/ol><div class=\"carousel-inner\"><div class=\"carousel-item active\"><div class=\"hero\"><div class=\"gts__picture\"><img decoding=\"async\" src=\"https:\/\/www.maccaferri.com\/de\/wp-content\/uploads\/2024\/12\/MECDEF-2.jpg\" style=\"display:none\"\/><div class=\"gts__picture__image\" style=\"background-image:url(https:\/\/www.maccaferri.com\/de\/wp-content\/uploads\/2024\/12\/MECDEF-2.jpg)\"><\/div><\/div><div class=\"container box-container\"><div class=\"row\"><div class=\"col-12 col-lg-6 col-xl-6 col-xxl-6\"><p><span class=\"hero-index\" style=\"display:none\">0<\/span><\/p><h2 class=\"hero-text-container\"><span class=\"hero-text\">NACHHALTIGE BAUL\u00d6SUNGEN<\/span><\/h2><\/div><\/div><\/div><\/div><\/div><\/div><button class=\"carousel-control-prev\" href=\"#hero97\" type=\"button\" data-bs-slide=\"prev\"><span class=\"carousel-control-prev-icon\" aria-hidden=\"true\"><\/span><span class=\"visually-hidden\">Previous<\/span><\/button><button class=\"carousel-control-next\" href=\"#hero97\" type=\"button\" data-bs-slide=\"next\"><span class=\"carousel-control-next-icon\" aria-hidden=\"true\"><\/span><span class=\"visually-hidden\">Next<\/span><\/button><\/div><\/div><div style=\"height:100px\" aria-hidden=\"true\" class=\"wp-block-spacer\"><\/div><div class=\"wp-block-mac-container-block box-container\"><div class=\"wp-block-columns is-layout-flex wp-container-core-columns-is-layout-9d6595d7 wp-block-columns-is-layout-flex\"><div class=\"wp-block-column is-layout-flow wp-block-column-is-layout-flow\"><figure class=\"wp-block-image size-full\"><img decoding=\"async\" src=\"https:\/\/www.maccaferri.com\/wp-content\/uploads\/2024\/11\/Immagine-1-BIS-800x600px.jpg\" alt=\"\" class=\"wp-image-83756\"\/><\/figure><\/div>\n\n<div class=\"wp-block-column is-layout-flow wp-block-column-is-layout-flow\" style=\"flex-basis:30px\"><\/div>\n\n<div class=\"wp-block-column is-layout-flow wp-block-column-is-layout-flow\"><div style=\"height:100px\" aria-hidden=\"true\" class=\"wp-block-spacer\"><\/div>\n\n<p>Unsere L\u00f6sungen sind die Antwort auf die verschiedenen technischen Anforderungen im Bauwesen und in der Industrie, von der Entw\u00e4sserung und dem Schutz bis hin zur Abdichtung von Strukturen und Bel\u00e4gen, von der Energieeinsparung bis hin zum Wohnkomfort, von der Dampfkontrolle bis hin zu Fragen des Au\u00dfenbelags, mit intelligenten und innovativen L\u00f6sungen.<\/p><\/div><\/div><\/div><div style=\"height:100px\" aria-hidden=\"true\" class=\"wp-block-spacer\"><\/div><div class=\"wp-block-columns has-background is-layout-flex wp-container-core-columns-is-layout-9d6595d7 wp-block-columns-is-layout-flex\" style=\"background-color:#104857\"><div class=\"wp-block-column is-layout-flow wp-block-column-is-layout-flow\" style=\"flex-basis:10%\"><\/div>\n\n<div class=\"wp-block-column is-layout-flow wp-block-column-is-layout-flow\" style=\"flex-basis:80%\"><div style=\"height:40px\" aria-hidden=\"true\" class=\"wp-block-spacer\"><\/div>\n\n<div class=\"wp-block-mac-h4-title-block block-txt-container box-container\"><div class=\"row\"><div class=\"col title-box-txt\"><h4 style=\"color:#ffffff;text-align:center\">Diese L\u00f6sungen stellen sich den Herausforderungen im Bauwesen und f\u00f6rdern gleichzeitig Nachhaltigkeit, Widerstandsf\u00e4higkeit und Effizienz im Einklang mit Industrie- und Umweltstandards.<\/h4><\/div><\/div><\/div>\n\n<div style=\"height:40px\" aria-hidden=\"true\" class=\"wp-block-spacer\"><\/div><\/div>\n\n<div class=\"wp-block-column is-layout-flow wp-block-column-is-layout-flow\" style=\"flex-basis:10%\"><\/div><\/div><div style=\"height:100px\" aria-hidden=\"true\" class=\"wp-block-spacer\"><\/div><div style=\"width: 100%;\"><div style=\"position: relative; padding-bottom: 56.25%; padding-top: 0; height: 0;\"><iframe title=\"Infografica BIS\" frameborder=\"0\" width=\"1200\" height=\"675\" style=\"position: absolute; top: 0; left: 0; width: 100%; height: 100%;\" src=\"https:\/\/view.genially.com\/675312e6a4905c23acd1aa74\" type=\"text\/html\" allowscriptaccess=\"always\" allowfullscreen=\"true\" scrolling=\"yes\" allownetworking=\"all\"><\/iframe> <\/div> <\/div><div class=\"wp-block-mac-container-block box-container\"><div class=\"wp-block-columns is-layout-flex wp-container-core-columns-is-layout-9d6595d7 wp-block-columns-is-layout-flex\"><div class=\"wp-block-column is-layout-flow wp-block-column-is-layout-flow\"><div style=\"height:100px\" aria-hidden=\"true\" class=\"wp-block-spacer\"><\/div><\/div><\/div><\/div><div class=\"container-fluid carousel-image-gallery\">\n        <div class=\"row\">\n            <div id=\"carouselImageblock_130c8e7f4dbda7e92f7d639586f57fcf\" class=\"carousel slide carouselImageGallery\" data-bs-ride=\"carousel\">\n                <!-- \/\/ Indicators -->\n                <ol class=\"carousel-indicators\">\n                                            <li data-bs-target=\"#carouselImageblock_130c8e7f4dbda7e92f7d639586f57fcf\" data-bs-slide-to=\"0\" class=\"active\" aria-current=\"true\" aria-label=\"Slide\"><\/li>\n                                            <li data-bs-target=\"#carouselImageblock_130c8e7f4dbda7e92f7d639586f57fcf\" data-bs-slide-to=\"1\" class=\"\" aria-current=\"true\" aria-label=\"Slide\"><\/li>\n                                            <li data-bs-target=\"#carouselImageblock_130c8e7f4dbda7e92f7d639586f57fcf\" data-bs-slide-to=\"2\" class=\"\" aria-current=\"true\" aria-label=\"Slide\"><\/li>\n                                            <li data-bs-target=\"#carouselImageblock_130c8e7f4dbda7e92f7d639586f57fcf\" data-bs-slide-to=\"3\" class=\"\" aria-current=\"true\" aria-label=\"Slide\"><\/li>\n                                            <li data-bs-target=\"#carouselImageblock_130c8e7f4dbda7e92f7d639586f57fcf\" data-bs-slide-to=\"4\" class=\"\" aria-current=\"true\" aria-label=\"Slide\"><\/li>\n                                            <li data-bs-target=\"#carouselImageblock_130c8e7f4dbda7e92f7d639586f57fcf\" data-bs-slide-to=\"5\" class=\"\" aria-current=\"true\" aria-label=\"Slide\"><\/li>\n                                    <\/ol>\n\n                <div class=\"carousel-inner container\" role=\"listbox\">\n                                            <div class=\"carousel-item active\">\n                        <div class=\"col-12 col-lg-4 col-xl-4 col-xxl-4 space-mobile\">\n                            <div class=\"grid-item-wrapper\">\n                                <div class=\"img-responsive-wrapper\">\n                                    <div class=\"img-responsive\">\n                                        <div class=\"img-wrapper\"><img decoding=\"async\" src=\"https:\/\/www.maccaferri.com\/de\/wp-content\/uploads\/2025\/05\/RetainingWall_Slider6_800x800px-1-1.jpg\" alt=\"\" \/><\/div>\n                                    <\/div>\n                                <\/div>\n                                <div class=\"griditem-text-wrapper text-center\">\n                                    <p class=\"griditem-text text-center\"><\/p>\n                   \n                                <\/div>\n                            <\/div>\n                        <\/div>\n                        <\/div>\n                                            <div class=\"carousel-item \">\n                        <div class=\"col-12 col-lg-4 col-xl-4 col-xxl-4 space-mobile\">\n                            <div class=\"grid-item-wrapper\">\n                                <div class=\"img-responsive-wrapper\">\n                                    <div class=\"img-responsive\">\n                                        <div class=\"img-wrapper\"><img decoding=\"async\" src=\"https:\/\/www.maccaferri.com\/de\/wp-content\/uploads\/2025\/05\/GreenParking_Slider5_800x800px-1-2.jpg\" alt=\"\" \/><\/div>\n                                    <\/div>\n                                <\/div>\n                                <div class=\"griditem-text-wrapper text-center\">\n                                    <p class=\"griditem-text text-center\"><\/p>\n                   \n                                <\/div>\n                            <\/div>\n                        <\/div>\n                        <\/div>\n                                            <div class=\"carousel-item \">\n                        <div class=\"col-12 col-lg-4 col-xl-4 col-xxl-4 space-mobile\">\n                            <div class=\"grid-item-wrapper\">\n                                <div class=\"img-responsive-wrapper\">\n                                    <div class=\"img-responsive\">\n                                        <div class=\"img-wrapper\"><img decoding=\"async\" src=\"https:\/\/www.maccaferri.com\/de\/wp-content\/uploads\/2025\/05\/ParkingArea_Slider4_800x800px-1-2.jpg\" alt=\"\" \/><\/div>\n                                    <\/div>\n                                <\/div>\n                                <div class=\"griditem-text-wrapper text-center\">\n                                    <p class=\"griditem-text text-center\"><\/p>\n                   \n                                <\/div>\n                            <\/div>\n                        <\/div>\n                        <\/div>\n                                            <div class=\"carousel-item \">\n                        <div class=\"col-12 col-lg-4 col-xl-4 col-xxl-4 space-mobile\">\n                            <div class=\"grid-item-wrapper\">\n                                <div class=\"img-responsive-wrapper\">\n                                    <div class=\"img-responsive\">\n                                        <div class=\"img-wrapper\"><img decoding=\"async\" src=\"https:\/\/www.maccaferri.com\/de\/wp-content\/uploads\/2025\/05\/BuildingFoundation_Slider3_800x800px-1-2.jpg\" alt=\"\" \/><\/div>\n                                    <\/div>\n                                <\/div>\n                                <div class=\"griditem-text-wrapper text-center\">\n                                    <p class=\"griditem-text text-center\"><\/p>\n                   \n                                <\/div>\n                            <\/div>\n                        <\/div>\n                        <\/div>\n                                            <div class=\"carousel-item \">\n                        <div class=\"col-12 col-lg-4 col-xl-4 col-xxl-4 space-mobile\">\n                            <div class=\"grid-item-wrapper\">\n                                <div class=\"img-responsive-wrapper\">\n                                    <div class=\"img-responsive\">\n                                        <div class=\"img-wrapper\"><img decoding=\"async\" src=\"https:\/\/www.maccaferri.com\/de\/wp-content\/uploads\/2025\/05\/MetallicRoof_Slider1_800x800px-1-2.jpg\" alt=\"\" \/><\/div>\n                                    <\/div>\n                                <\/div>\n                                <div class=\"griditem-text-wrapper text-center\">\n                                    <p class=\"griditem-text text-center\"><\/p>\n                   \n                                <\/div>\n                            <\/div>\n                        <\/div>\n                        <\/div>\n                                            <div class=\"carousel-item \">\n                        <div class=\"col-12 col-lg-4 col-xl-4 col-xxl-4 space-mobile\">\n                            <div class=\"grid-item-wrapper\">\n                                <div class=\"img-responsive-wrapper\">\n                                    <div class=\"img-responsive\">\n                                        <div class=\"img-wrapper\"><img decoding=\"async\" src=\"https:\/\/www.maccaferri.com\/de\/wp-content\/uploads\/2025\/05\/RoofGarden_Slider2_800x800px-1-2.jpg\" alt=\"\" \/><\/div>\n                                    <\/div>\n                                <\/div>\n                                <div class=\"griditem-text-wrapper text-center\">\n                                    <p class=\"griditem-text text-center\"><\/p>\n                   \n                                <\/div>\n                            <\/div>\n                        <\/div>\n                        <\/div>\n                                    <\/div>\n            <\/div>\n\n        <\/div>\n    <\/div><div class=\"wp-block-mac-container-block box-container\"><div class=\"wp-block-columns is-layout-flex wp-container-core-columns-is-layout-9d6595d7 wp-block-columns-is-layout-flex\"><div class=\"wp-block-column is-layout-flow wp-block-column-is-layout-flow\"><div style=\"height:100px\" aria-hidden=\"true\" class=\"wp-block-spacer\"><\/div>\n\n<div class=\"wp-block-mac-h4-title-block block-txt-container box-container\"><div class=\"row\"><div class=\"col title-box-txt\"><h4 style=\"color:#212429;text-align:left\">Download our materials<\/h4><\/div><\/div><\/div>\n\n<div class=\"wp-block-mac-container-block box-container\"><div class=\"wp-block-columns is-layout-flex wp-container-core-columns-is-layout-9d6595d7 wp-block-columns-is-layout-flex\"><div class=\"wp-block-column is-layout-flow wp-block-column-is-layout-flow\"><div class=\"wp-block-columns is-layout-flex wp-container-core-columns-is-layout-9d6595d7 wp-block-columns-is-layout-flex\"><div class=\"wp-block-column is-layout-flow wp-block-column-is-layout-flow\"><iframe src=\"https:\/\/www2.maccaferri.com\/l\/965143\/2024-11-14\/5t2pfg\" width=\"100%\" height=\"700\" type=\"text\/html\" frameborder=\"0\" allowTransparency=\"true\" style=\"border: 0\" data-cookieconsent=\"ignore\"><\/iframe><\/div><\/div><\/div><\/div><\/div><\/div><\/div><\/div><div style=\"height:100px\" aria-hidden=\"true\" class=\"wp-block-spacer\"><\/div><div class=\"wp-block-columns is-layout-flex wp-container-core-columns-is-layout-9d6595d7 wp-block-columns-is-layout-flex\"><div class=\"wp-block-column has-background is-layout-flow wp-block-column-is-layout-flow\" style=\"background-color:#004857\"><div class=\"wp-block-mac-title-cta-two-block container box-container\" style=\"background:#004857\"><div class=\"row\"><div class=\"col-12 col-lg-5 col-xl-5 col-xxl-5 title-box-txt\"><H2 class=\"wp-block-mac-title-cta-two-block\" style=\"color:#A7C8CB\">Treffen Sie unsere Experten<\/H2><\/div><div class=\"col-12 offset-lg-1 offset-xl-1 offset-xxl-1 col-lg-6 col-xl-6 col-xxl-6 title-box-txt\"><div style=\"text-align:right\"><p class=\"wp-block-mac-title-cta-two-block\" style=\"color:#FFFFFF\">Wir sind ein erfolgreicher Partner f\u00fcr die komplexe Welt der zivilen und industriellen Konstruktionen. Dank einer breiten Produktpalette sind unsere Produkte die Antwort auf die verschiedenen technischen Anforderungen der verschiedenen Sektoren. Sie haben Fragen oder ben\u00f6tigen Unterst\u00fctzung?<\/p><\/div><div style=\"text-align:right\"><a href=\"https:\/\/www.maccaferri.com\/de\/kontakt\/\" target=\"_blank\" class=\"buttonurl\" rel=\"noopener\"><span class=\"buttontext\">Kontaktieren Sie uns<\/span><\/a><\/div><\/div><\/div><\/div><\/div><\/div><div style=\"height:100px\" aria-hidden=\"true\" class=\"wp-block-spacer\"><\/div>","protected":false},"excerpt":{"rendered":"","protected":false},"author":6,"featured_media":0,"parent":0,"menu_order":0,"comment_status":"closed","ping_status":"closed","template":"","meta":{"_acf_changed":false,"_joinchat":[],"footnotes":""},"class_list":["post-80829","page","type-page","status-publish","hentry"],"acf":{"uuid_products":"","product-documents":""},"yoast_head":"<!-- This site is optimized with the Yoast SEO Premium plugin v27.0 (Yoast SEO v27.0) - https:\/\/yoast.com\/product\/yoast-seo-premium-wordpress\/ -->\n<title>SUSTAINABLE \u200bBUILDING SOLUTIONS - Maccaferri Deutschland<\/title>\n<meta name=\"description\" content=\"0NACHHALTIGE BAUL\u00d6SUNGENPreviousNext Unsere L\u00f6sungen sind die Antwort auf die verschiedenen technischen Anforderungen im Bauwesen und in der Industrie,\" \/>\n<meta name=\"robots\" content=\"index, follow, max-snippet:-1, max-image-preview:large, max-video-preview:-1\" \/>\n<link rel=\"canonical\" href=\"https:\/\/www.maccaferri.com\/de\/sustainable-building-solutions\/\" \/>\n<meta property=\"og:locale\" content=\"de_DE\" \/>\n<meta property=\"og:type\" content=\"article\" \/>\n<meta property=\"og:title\" content=\"SUSTAINABLE \u200bBUILDING SOLUTIONS - Maccaferri Deutschland\" \/>\n<meta property=\"og:description\" content=\"0NACHHALTIGE BAUL\u00d6SUNGENPreviousNext Unsere L\u00f6sungen sind die Antwort auf die verschiedenen technischen Anforderungen im Bauwesen und in der Industrie,\" \/>\n<meta property=\"og:url\" content=\"https:\/\/www.maccaferri.com\/de\/sustainable-building-solutions\/\" \/>\n<meta property=\"og:site_name\" content=\"Maccaferri Deutschland\" \/>\n<meta property=\"article:modified_time\" content=\"2025-05-27T14:13:06+00:00\" \/>\n<meta property=\"og:image\" content=\"https:\/\/www.maccaferri.com\/de\/wp-content\/uploads\/2024\/12\/MECDEF-2.jpg\" \/>\n<meta name=\"twitter:card\" content=\"summary_large_image\" \/>\n<meta name=\"twitter:label1\" content=\"Est. reading time\" \/>\n\t<meta name=\"twitter:data1\" content=\"1 minute\" \/>\n<script type=\"application\/ld+json\" class=\"yoast-schema-graph\">{\"@context\":\"https:\/\/schema.org\",\"@graph\":[{\"@type\":\"WebPage\",\"@id\":\"https:\/\/www.maccaferri.com\/de\/sustainable-building-solutions\/\",\"url\":\"https:\/\/www.maccaferri.com\/de\/sustainable-building-solutions\/\",\"name\":\"SUSTAINABLE \u200bBUILDING SOLUTIONS - Maccaferri Deutschland\",\"isPartOf\":{\"@id\":\"https:\/\/www.maccaferri.com\/de\/#website\"},\"primaryImageOfPage\":{\"@id\":\"https:\/\/www.maccaferri.com\/de\/sustainable-building-solutions\/#primaryimage\"},\"image\":{\"@id\":\"https:\/\/www.maccaferri.com\/de\/sustainable-building-solutions\/#primaryimage\"},\"thumbnailUrl\":\"https:\/\/www.maccaferri.com\/de\/wp-content\/uploads\/2024\/12\/MECDEF-2.jpg\",\"datePublished\":\"2024-11-14T16:16:22+00:00\",\"dateModified\":\"2025-05-27T14:13:06+00:00\",\"description\":\"0NACHHALTIGE BAUL\u00d6SUNGENPreviousNext Unsere L\u00f6sungen sind die Antwort auf die verschiedenen technischen Anforderungen im Bauwesen und in der Industrie,\",\"inLanguage\":\"de-DE\",\"potentialAction\":[{\"@type\":\"ReadAction\",\"target\":[\"https:\/\/www.maccaferri.com\/de\/sustainable-building-solutions\/\"]}]},{\"@type\":\"ImageObject\",\"inLanguage\":\"de-DE\",\"@id\":\"https:\/\/www.maccaferri.com\/de\/sustainable-building-solutions\/#primaryimage\",\"url\":\"https:\/\/www.maccaferri.com\/de\/wp-content\/uploads\/2024\/12\/MECDEF-2.jpg\",\"contentUrl\":\"https:\/\/www.maccaferri.com\/de\/wp-content\/uploads\/2024\/12\/MECDEF-2.jpg\",\"width\":1000,\"height\":750},{\"@type\":\"WebSite\",\"@id\":\"https:\/\/www.maccaferri.com\/de\/#website\",\"url\":\"https:\/\/www.maccaferri.com\/de\/\",\"name\":\"Maccaferri Deutschland\",\"description\":\"\",\"publisher\":{\"@id\":\"https:\/\/www.maccaferri.com\/de\/#organization\"},\"potentialAction\":[{\"@type\":\"SearchAction\",\"target\":{\"@type\":\"EntryPoint\",\"urlTemplate\":\"https:\/\/www.maccaferri.com\/de\/?s={search_term_string}\"},\"query-input\":{\"@type\":\"PropertyValueSpecification\",\"valueRequired\":true,\"valueName\":\"search_term_string\"}}],\"inLanguage\":\"de-DE\"},{\"@type\":\"Organization\",\"@id\":\"https:\/\/www.maccaferri.com\/de\/#organization\",\"name\":\"Maccaferri Deutschland\",\"url\":\"https:\/\/www.maccaferri.com\/de\/\",\"logo\":{\"@type\":\"ImageObject\",\"inLanguage\":\"de-DE\",\"@id\":\"https:\/\/www.maccaferri.com\/de\/#\/schema\/logo\/image\/\",\"url\":\"https:\/\/www.maccaferri.com\/de\/wp-content\/uploads\/2022\/07\/logo-maccaferri.png\",\"contentUrl\":\"https:\/\/www.maccaferri.com\/de\/wp-content\/uploads\/2022\/07\/logo-maccaferri.png\",\"width\":152,\"height\":32,\"caption\":\"Maccaferri Deutschland\"},\"image\":{\"@id\":\"https:\/\/www.maccaferri.com\/de\/#\/schema\/logo\/image\/\"}}]}<\/script>\n<!-- \/ Yoast SEO Premium plugin. -->","yoast_head_json":{"title":"SUSTAINABLE \u200bBUILDING SOLUTIONS - Maccaferri Deutschland","description":"0NACHHALTIGE BAUL\u00d6SUNGENPreviousNext Unsere L\u00f6sungen sind die Antwort auf die verschiedenen technischen Anforderungen im Bauwesen und in der Industrie,","robots":{"index":"index","follow":"follow","max-snippet":"max-snippet:-1","max-image-preview":"max-image-preview:large","max-video-preview":"max-video-preview:-1"},"canonical":"https:\/\/www.maccaferri.com\/de\/sustainable-building-solutions\/","og_locale":"de_DE","og_type":"article","og_title":"SUSTAINABLE \u200bBUILDING SOLUTIONS - Maccaferri Deutschland","og_description":"0NACHHALTIGE BAUL\u00d6SUNGENPreviousNext Unsere L\u00f6sungen sind die Antwort auf die verschiedenen technischen Anforderungen im Bauwesen und in der Industrie,","og_url":"https:\/\/www.maccaferri.com\/de\/sustainable-building-solutions\/","og_site_name":"Maccaferri Deutschland","article_modified_time":"2025-05-27T14:13:06+00:00","og_image":[{"url":"https:\/\/www.maccaferri.com\/de\/wp-content\/uploads\/2024\/12\/MECDEF-2.jpg","type":"","width":"","height":""}],"twitter_card":"summary_large_image","twitter_misc":{"Est. reading time":"1 minute"},"schema":{"@context":"https:\/\/schema.org","@graph":[{"@type":"WebPage","@id":"https:\/\/www.maccaferri.com\/de\/sustainable-building-solutions\/","url":"https:\/\/www.maccaferri.com\/de\/sustainable-building-solutions\/","name":"SUSTAINABLE \u200bBUILDING SOLUTIONS - Maccaferri Deutschland","isPartOf":{"@id":"https:\/\/www.maccaferri.com\/de\/#website"},"primaryImageOfPage":{"@id":"https:\/\/www.maccaferri.com\/de\/sustainable-building-solutions\/#primaryimage"},"image":{"@id":"https:\/\/www.maccaferri.com\/de\/sustainable-building-solutions\/#primaryimage"},"thumbnailUrl":"https:\/\/www.maccaferri.com\/de\/wp-content\/uploads\/2024\/12\/MECDEF-2.jpg","datePublished":"2024-11-14T16:16:22+00:00","dateModified":"2025-05-27T14:13:06+00:00","description":"0NACHHALTIGE BAUL\u00d6SUNGENPreviousNext Unsere L\u00f6sungen sind die Antwort auf die verschiedenen technischen Anforderungen im Bauwesen und in der Industrie,","inLanguage":"de-DE","potentialAction":[{"@type":"ReadAction","target":["https:\/\/www.maccaferri.com\/de\/sustainable-building-solutions\/"]}]},{"@type":"ImageObject","inLanguage":"de-DE","@id":"https:\/\/www.maccaferri.com\/de\/sustainable-building-solutions\/#primaryimage","url":"https:\/\/www.maccaferri.com\/de\/wp-content\/uploads\/2024\/12\/MECDEF-2.jpg","contentUrl":"https:\/\/www.maccaferri.com\/de\/wp-content\/uploads\/2024\/12\/MECDEF-2.jpg","width":1000,"height":750},{"@type":"WebSite","@id":"https:\/\/www.maccaferri.com\/de\/#website","url":"https:\/\/www.maccaferri.com\/de\/","name":"Maccaferri Deutschland","description":"","publisher":{"@id":"https:\/\/www.maccaferri.com\/de\/#organization"},"potentialAction":[{"@type":"SearchAction","target":{"@type":"EntryPoint","urlTemplate":"https:\/\/www.maccaferri.com\/de\/?s={search_term_string}"},"query-input":{"@type":"PropertyValueSpecification","valueRequired":true,"valueName":"search_term_string"}}],"inLanguage":"de-DE"},{"@type":"Organization","@id":"https:\/\/www.maccaferri.com\/de\/#organization","name":"Maccaferri Deutschland","url":"https:\/\/www.maccaferri.com\/de\/","logo":{"@type":"ImageObject","inLanguage":"de-DE","@id":"https:\/\/www.maccaferri.com\/de\/#\/schema\/logo\/image\/","url":"https:\/\/www.maccaferri.com\/de\/wp-content\/uploads\/2022\/07\/logo-maccaferri.png","contentUrl":"https:\/\/www.maccaferri.com\/de\/wp-content\/uploads\/2022\/07\/logo-maccaferri.png","width":152,"height":32,"caption":"Maccaferri Deutschland"},"image":{"@id":"https:\/\/www.maccaferri.com\/de\/#\/schema\/logo\/image\/"}}]}},"_links":{"self":[{"href":"https:\/\/www.maccaferri.com\/de\/wp-json\/wp\/v2\/pages\/80829","targetHints":{"allow":["GET"]}}],"collection":[{"href":"https:\/\/www.maccaferri.com\/de\/wp-json\/wp\/v2\/pages"}],"about":[{"href":"https:\/\/www.maccaferri.com\/de\/wp-json\/wp\/v2\/types\/page"}],"author":[{"embeddable":true,"href":"https:\/\/www.maccaferri.com\/de\/wp-json\/wp\/v2\/users\/6"}],"replies":[{"embeddable":true,"href":"https:\/\/www.maccaferri.com\/de\/wp-json\/wp\/v2\/comments?post=80829"}],"version-history":[{"count":8,"href":"https:\/\/www.maccaferri.com\/de\/wp-json\/wp\/v2\/pages\/80829\/revisions"}],"predecessor-version":[{"id":89872,"href":"https:\/\/www.maccaferri.com\/de\/wp-json\/wp\/v2\/pages\/80829\/revisions\/89872"}],"wp:attachment":[{"href":"https:\/\/www.maccaferri.com\/de\/wp-json\/wp\/v2\/media?parent=80829"}],"curies":[{"name":"wp","href":"https:\/\/api.w.org\/{rel}","templated":true}]}}