{"id":80659,"date":"2024-02-14T17:07:41","date_gmt":"2024-02-14T16:07:41","guid":{"rendered":"https:\/\/www.maccaferri.com\/de\/?page_id=80659"},"modified":"2025-05-27T11:46:09","modified_gmt":"2025-05-27T09:46:09","slug":"defence-security","status":"publish","type":"page","link":"https:\/\/www.maccaferri.com\/de\/defence-security\/","title":{"rendered":"Defence and Security"},"content":{"rendered":"<div class=\"wp-block-mac-slider-hero-block hero-slider\"><div id=\"hero13\" class=\"carousel slide\" data-bs-ride=\"true\"><ol class=\"carousel-indicators box-container\"><li data-bs-target=\"#hero13\" data-bs-slide-to=\"0\" class=\"active\"><\/li><\/ol><div class=\"carousel-inner\"><div class=\"carousel-item active\"><div class=\"hero\"><div class=\"gts__picture\"><img decoding=\"async\" src=\"https:\/\/www.maccaferri.com\/de\/wp-content\/uploads\/2024\/10\/perimetro-dettaglio-light.jpg\" style=\"display:none\"\/><div class=\"gts__picture__image\" style=\"background-image:url(https:\/\/www.maccaferri.com\/de\/wp-content\/uploads\/2024\/10\/perimetro-dettaglio-light.jpg)\"><\/div><\/div><div class=\"container box-container\"><div class=\"row\"><div class=\"col-12 col-lg-6 col-xl-6 col-xxl-6\"><p><span class=\"hero-index\" style=\"display:none\">0<\/span><\/p><h2 class=\"hero-text-container\"><span class=\"hero-text\">VERTEIDIGUNG UND <br>SICHERHEIT<\/span><\/h2><a class=\"hero-buttonurl\" href=\"#download\"><span class=\"hero-buttontext\">Download-Bereich hier<\/span><\/a><\/div><\/div><\/div><\/div><\/div><\/div><button class=\"carousel-control-prev\" href=\"#hero13\" type=\"button\" data-bs-slide=\"prev\"><span class=\"carousel-control-prev-icon\" aria-hidden=\"true\"><\/span><span class=\"visually-hidden\">Previous<\/span><\/button><button class=\"carousel-control-next\" href=\"#hero13\" type=\"button\" data-bs-slide=\"next\"><span class=\"carousel-control-next-icon\" aria-hidden=\"true\"><\/span><span class=\"visually-hidden\">Next<\/span><\/button><\/div><\/div><div style=\"height:30px\" aria-hidden=\"true\" class=\"wp-block-spacer\"><\/div><div class=\"wp-block-mac-container-block box-container\"><div class=\"wp-block-columns is-layout-flex wp-container-core-columns-is-layout-9d6595d7 wp-block-columns-is-layout-flex\"><div class=\"wp-block-column is-layout-flow wp-block-column-is-layout-flow\"><h2 class=\"wp-block-heading has-text-color has-link-color wp-elements-1ede0355e4d36b44306d59f0da7031e4\" style=\"color:#034e51;font-size:30px\"><strong>VON GABIONEN IM ERSTEN WELTKRIEG ZUR MODERNEN SICHERHEIT: MACCAFERRI INNOVIERT F\u00dcR SICHERHEIT<\/strong><\/h2>\n\n<p class=\"has-medium-font-size\">Seit \u00fcber einem Jahrhundert ist Maccaferri ein Vorreiter in der Verteidigungsinnovation, beginnend mit der Neuerfindung von Gabionen w\u00e4hrend des Ersten Weltkriegs. Um den modernen Herausforderungen gerecht zu werden, erstreckt sich die Expertise des Unternehmens auf L\u00f6sungen zur Abwehr von \u00dcberschwemmungen und Naturgefahren, Ballistik und Explosionen und, in j\u00fcngster Zeit, Terroranschl\u00e4gen. Das \u00fcber 100-j\u00e4hrige Verm\u00e4chtnis von Maccaferri spiegelt sein unersch\u00fctterliches Engagement wider, fortschrittliche Verteidigungsl\u00f6sungen f\u00fcr eine sicherere Zukunft zu entwickeln.<\/p><\/div><\/div><\/div><div class=\"wp-block-mac-container-block box-container\"><div class=\"wp-block-columns is-layout-flex wp-container-core-columns-is-layout-9d6595d7 wp-block-columns-is-layout-flex\"><div class=\"wp-block-column is-layout-flow wp-block-column-is-layout-flow\"><figure class=\"wp-block-image size-full\"><img decoding=\"async\" src=\"https:\/\/www.maccaferri.com\/wp-content\/uploads\/2024\/03\/Confronto1-Passato-edited.jpg\" alt=\"\" class=\"wp-image-64128\"\/><\/figure><\/div>\n\n<div class=\"wp-block-column is-layout-flow wp-block-column-is-layout-flow\"><figure class=\"wp-block-image size-full\"><img decoding=\"async\" src=\"https:\/\/www.maccaferri.com\/wp-content\/uploads\/2024\/03\/Defence_Security-min.png\" alt=\"\" class=\"wp-image-64419\"\/><\/figure><\/div><\/div><\/div><div style=\"height:50px\" aria-hidden=\"true\" class=\"wp-block-spacer\"><\/div><div class=\"wp-block-mac-container-block box-container\"><div class=\"wp-block-columns is-layout-flex wp-container-core-columns-is-layout-9d6595d7 wp-block-columns-is-layout-flex\"><div class=\"wp-block-column is-layout-flow wp-block-column-is-layout-flow\"><h2 class=\"wp-block-heading has-text-color has-link-color wp-elements-b9b087e44618587f3694faa5ed466946\" style=\"color:#034e51;font-size:30px\"><strong>DAS SPEKTRUM DER OPERATIONEN<\/strong><\/h2>\n\n<p class=\"has-medium-font-size\">Mit einem Jahrhundert Erfahrung in einer Vielzahl von Disziplinen liefert Maccaferri nicht nur Produkte von h\u00f6chster Qualit\u00e4t, sondern hebt sich auch als f\u00e4higer und zuverl\u00e4ssiger Partner hervor. Unser Unternehmen geht \u00fcber die blo\u00dfe Bereitstellung von L\u00f6sungen hinaus und bietet 360\u00b0-Unterst\u00fctzung, um vielf\u00e4ltigen Anforderungen gerecht zu werden.\u00f9<\/p>\n\n<p class=\"has-medium-font-size\">Unsere EBS MAC, fr\u00fcher bekannt als DefenCell MAC, werden nach anerkannten strengen Milit\u00e4rstandards hergestellt und eignen sich f\u00fcr eine Vielzahl von Anwendungen im operativen Spektrum, einschlie\u00dflich EBS-Perimeterw\u00e4nde, Zugangskontrollen und Fahrzeugbarrieren, Beobachtungsposten, Schutzr\u00e4ume und Bunker, Munitions- und Sprengstofflagerung sowie Schie\u00dfpl\u00e4tze und Trainingseinrichtungen.<\/p>\n\n<figure class=\"wp-block-image aligncenter size-full\"><img fetchpriority=\"high\" decoding=\"async\" width=\"1630\" height=\"656\" src=\"https:\/\/www.maccaferri.com\/de\/wp-content\/uploads\/2024\/10\/immagine-1-1.png\" alt=\"\" class=\"wp-image-77803\" srcset=\"https:\/\/www.maccaferri.com\/de\/wp-content\/uploads\/2024\/10\/immagine-1-1.png 1630w, https:\/\/www.maccaferri.com\/de\/wp-content\/uploads\/2024\/10\/immagine-1-1-300x121.png 300w, https:\/\/www.maccaferri.com\/de\/wp-content\/uploads\/2024\/10\/immagine-1-1-1024x412.png 1024w, https:\/\/www.maccaferri.com\/de\/wp-content\/uploads\/2024\/10\/immagine-1-1-768x309.png 768w, https:\/\/www.maccaferri.com\/de\/wp-content\/uploads\/2024\/10\/immagine-1-1-1536x618.png 1536w, https:\/\/www.maccaferri.com\/de\/wp-content\/uploads\/2024\/10\/immagine-1-1-120x48.png 120w\" sizes=\"(max-width: 1630px) 100vw, 1630px\" \/><\/figure><\/div><\/div><\/div><div style=\"height:50px\" aria-hidden=\"true\" class=\"wp-block-spacer\"><\/div><div class=\"wp-block-mac-container-block box-container\"><div class=\"wp-block-columns is-layout-flex wp-container-core-columns-is-layout-9d6595d7 wp-block-columns-is-layout-flex\"><div class=\"wp-block-column is-layout-flow wp-block-column-is-layout-flow\"><h2 class=\"wp-block-heading has-text-color has-link-color wp-elements-ad6fd74a4e2b136722d25b9f8434b5a2\" style=\"color:#034e51;font-size:30px\"><strong>UNSER PORTFOLIO<\/strong><\/h2>\n\n<p class=\"has-medium-font-size\"><\/p><\/div><\/div><\/div><div class=\"wp-block-mac-container-block box-container\"><div class=\"wp-block-columns is-layout-flex wp-container-core-columns-is-layout-9d6595d7 wp-block-columns-is-layout-flex\"><div class=\"wp-block-column is-layout-flow wp-block-column-is-layout-flow\"><div class=\"container-fluid carousel-image-gallery\">\n        <div class=\"row\">\n            <div id=\"carouselImageblock_550d33c3c99ce47e8824fb65534fb4ab\" class=\"carousel slide carouselImageGallery\" data-bs-ride=\"carousel\">\n                <!-- \/\/ Indicators -->\n                <ol class=\"carousel-indicators\">\n                                            <li data-bs-target=\"#carouselImageblock_550d33c3c99ce47e8824fb65534fb4ab\" data-bs-slide-to=\"0\" class=\"active\" aria-current=\"true\" aria-label=\"Slide\"><\/li>\n                                            <li data-bs-target=\"#carouselImageblock_550d33c3c99ce47e8824fb65534fb4ab\" data-bs-slide-to=\"1\" class=\"\" aria-current=\"true\" aria-label=\"Slide\"><\/li>\n                                            <li data-bs-target=\"#carouselImageblock_550d33c3c99ce47e8824fb65534fb4ab\" data-bs-slide-to=\"2\" class=\"\" aria-current=\"true\" aria-label=\"Slide\"><\/li>\n                                    <\/ol>\n\n                <div class=\"carousel-inner container\" role=\"listbox\">\n                                            <div class=\"carousel-item active\">\n                        <div class=\"col-12 col-lg-4 col-xl-4 col-xxl-4 space-mobile\">\n                            <div class=\"grid-item-wrapper\">\n                                <div class=\"img-responsive-wrapper\">\n                                    <div class=\"img-responsive\">\n                                        <div class=\"img-wrapper\"><img decoding=\"async\" src=\"https:\/\/www.maccaferri.com\/de\/wp-content\/uploads\/2025\/01\/Prodotto-Defence-FE-8.jpg\" alt=\"\" \/><\/div>\n                                    <\/div>\n                                <\/div>\n                                <div class=\"griditem-text-wrapper text-center\">\n                                    <p class=\"griditem-text text-center\">EBS MAC FE, eine spezialisierte Version der Verteidigungsbarrieren von Maccaferri, ist f\u00fcr den Hochwasserschutz konzipiert. Dieses modulare System wurde f\u00fcr den schnellen Einsatz in Notf\u00e4llen entwickelt und kann nahtlos in Landschaftsdesigns f\u00fcr langfristigen Schutz integriert werden.\r\n<\/p>\n                   \n                                <\/div>\n                            <\/div>\n                        <\/div>\n                        <\/div>\n                                            <div class=\"carousel-item \">\n                        <div class=\"col-12 col-lg-4 col-xl-4 col-xxl-4 space-mobile\">\n                            <div class=\"grid-item-wrapper\">\n                                <div class=\"img-responsive-wrapper\">\n                                    <div class=\"img-responsive\">\n                                        <div class=\"img-wrapper\"><img decoding=\"async\" src=\"https:\/\/www.maccaferri.com\/de\/wp-content\/uploads\/2025\/01\/Prodotto-Defence-7.png\" alt=\"\" \/><\/div>\n                                    <\/div>\n                                <\/div>\n                                <div class=\"griditem-text-wrapper text-center\">\n                                    <p class=\"griditem-text text-center\">EBS MAC ist eine mehrzellige Struktur, die speziell entwickelt wurde, um Schutz gegen verschiedene Arten von Munition, Sprengstoffen und Fahrzeugangriffen zu bieten.\r\n<\/p>\n                   \n                                <\/div>\n                            <\/div>\n                        <\/div>\n                        <\/div>\n                                            <div class=\"carousel-item \">\n                        <div class=\"col-12 col-lg-4 col-xl-4 col-xxl-4 space-mobile\">\n                            <div class=\"grid-item-wrapper\">\n                                <div class=\"img-responsive-wrapper\">\n                                    <div class=\"img-responsive\">\n                                        <div class=\"img-wrapper\"><img decoding=\"async\" src=\"https:\/\/www.maccaferri.com\/de\/wp-content\/uploads\/2025\/01\/Prodotto-MacSafe-7.jpg\" alt=\"\" \/><\/div>\n                                    <\/div>\n                                <\/div>\n                                <div class=\"griditem-text-wrapper text-center\">\n                                    <p class=\"griditem-text text-center\">MacSafe\u00ae, ein fortschrittliches System zur Verhinderung von feindlichen Fahrzeugangriffen, wurde von Maccaferri entwickelt, um den Bedarf an diskretem und effektivem Schutz an \u00f6ffentlichen Orten zu decken.\r\n<\/p>\n                   \n                                <\/div>\n                            <\/div>\n                        <\/div>\n                        <\/div>\n                                    <\/div>\n            <\/div>\n\n        <\/div>\n    <\/div><\/div><\/div><\/div><div style=\"height:50px\" aria-hidden=\"true\" class=\"wp-block-spacer\"><\/div><div class=\"wp-block-mac-container-block box-container\"><div class=\"wp-block-columns is-layout-flex wp-container-core-columns-is-layout-9d6595d7 wp-block-columns-is-layout-flex\"><div class=\"wp-block-column is-layout-flow wp-block-column-is-layout-flow\"><h2 class=\"wp-block-heading has-text-color has-link-color wp-elements-ff310e0bdc2255c58db58d7e48e71439\" style=\"color:#034e51;font-size:30px\"><strong>ERFAHREN SIE, WIE UNSERE EBS MAC INSTALLIERT WERDEN!<\/strong><\/h2>\n\n<p class=\"has-medium-font-size\">Sehen Sie sich jetzt das Verteidigungsvideo an.<\/p>\n\n<figure class=\"wp-block-video\"><video height=\"394\" style=\"aspect-ratio: 700 \/ 394;\" width=\"700\" controls poster=\"https:\/\/www.maccaferri.com\/de\/wp-content\/uploads\/2024\/10\/Screenshot-2024-10-18-123914.png\" src=\"https:\/\/www.maccaferri.com\/de\/wp-content\/uploads\/2024\/10\/EBS-MAC.mp4\"><\/video><\/figure><\/div><\/div><\/div><div style=\"height:100px\" aria-hidden=\"true\" class=\"wp-block-spacer\"><\/div><div class=\"wp-block-mac-container-block box-container\"><div class=\"wp-block-columns is-layout-flex wp-container-core-columns-is-layout-9d6595d7 wp-block-columns-is-layout-flex\"><div class=\"wp-block-column is-layout-flow wp-block-column-is-layout-flow\"><h2 class=\"wp-block-heading has-text-color has-link-color wp-elements-b337975ea8383f156a3ed7ab89843fb5\" style=\"color:#034e51;font-size:30px\"><strong>DOWNLOAD-BEREICH<\/strong><\/h2>\n\n<p id=\"download\">F\u00fcllen Sie das untenstehende Formular aus, um Zugriff auf unser exklusives Material \u00fcber Verteidigung und Sicherheit zu erhalten.<\/p>\n\n<iframe src=\"https:\/\/www2.maccaferri.com\/l\/965143\/2024-03-06\/5rs4jt\" width=\"100%\" height=\"700\" type=\"text\/html\" frameborder=\"0\" allowTransparency=\"true\" style=\"border: 0\" data-cookieconsent=\"ignore\"><\/iframe><\/div><\/div><\/div><div style=\"height:100px\" aria-hidden=\"true\" class=\"wp-block-spacer\"><\/div>","protected":false},"excerpt":{"rendered":"","protected":false},"author":24301,"featured_media":0,"parent":0,"menu_order":0,"comment_status":"closed","ping_status":"closed","template":"","meta":{"_acf_changed":false,"_joinchat":[],"footnotes":""},"class_list":["post-80659","page","type-page","status-publish","hentry"],"acf":{"uuid_products":"","product-documents":""},"yoast_head":"<!-- This site is optimized with the Yoast SEO Premium plugin v27.0 (Yoast SEO v27.0) - https:\/\/yoast.com\/product\/yoast-seo-premium-wordpress\/ -->\n<title>Defence and Security - Maccaferri Deutschland<\/title>\n<meta name=\"description\" content=\"0VERTEIDIGUNG UND SICHERHEITDownload-Bereich hierPreviousNext VON GABIONEN IM ERSTEN WELTKRIEG ZUR MODERNEN SICHERHEIT: MACCAFERRI INNOVIERT F\u00dcR\" \/>\n<meta name=\"robots\" content=\"index, follow, max-snippet:-1, max-image-preview:large, max-video-preview:-1\" \/>\n<link rel=\"canonical\" href=\"https:\/\/www.maccaferri.com\/de\/defence-security\/\" \/>\n<meta property=\"og:locale\" content=\"de_DE\" \/>\n<meta property=\"og:type\" content=\"article\" \/>\n<meta property=\"og:title\" content=\"Defence and Security - Maccaferri Deutschland\" \/>\n<meta property=\"og:description\" content=\"0VERTEIDIGUNG UND SICHERHEITDownload-Bereich hierPreviousNext VON GABIONEN IM ERSTEN WELTKRIEG ZUR MODERNEN SICHERHEIT: MACCAFERRI INNOVIERT F\u00dcR\" \/>\n<meta property=\"og:url\" content=\"https:\/\/www.maccaferri.com\/de\/defence-security\/\" \/>\n<meta property=\"og:site_name\" content=\"Maccaferri Deutschland\" \/>\n<meta property=\"article:modified_time\" content=\"2025-05-27T09:46:09+00:00\" \/>\n<meta property=\"og:image\" content=\"https:\/\/www.maccaferri.com\/de\/wp-content\/uploads\/2024\/10\/perimetro-dettaglio-light.jpg\" \/>\n<meta name=\"twitter:card\" content=\"summary_large_image\" \/>\n<meta name=\"twitter:label1\" content=\"Est. reading time\" \/>\n\t<meta name=\"twitter:data1\" content=\"2 minutes\" \/>\n<script type=\"application\/ld+json\" class=\"yoast-schema-graph\">{\"@context\":\"https:\/\/schema.org\",\"@graph\":[{\"@type\":\"WebPage\",\"@id\":\"https:\/\/www.maccaferri.com\/de\/defence-security\/\",\"url\":\"https:\/\/www.maccaferri.com\/de\/defence-security\/\",\"name\":\"Defence and Security - Maccaferri Deutschland\",\"isPartOf\":{\"@id\":\"https:\/\/www.maccaferri.com\/de\/#website\"},\"primaryImageOfPage\":{\"@id\":\"https:\/\/www.maccaferri.com\/de\/defence-security\/#primaryimage\"},\"image\":{\"@id\":\"https:\/\/www.maccaferri.com\/de\/defence-security\/#primaryimage\"},\"thumbnailUrl\":\"https:\/\/www.maccaferri.com\/de\/wp-content\/uploads\/2024\/10\/perimetro-dettaglio-light.jpg\",\"datePublished\":\"2024-02-14T16:07:41+00:00\",\"dateModified\":\"2025-05-27T09:46:09+00:00\",\"description\":\"0VERTEIDIGUNG UND SICHERHEITDownload-Bereich hierPreviousNext VON GABIONEN IM ERSTEN WELTKRIEG ZUR MODERNEN SICHERHEIT: MACCAFERRI INNOVIERT F\u00dcR\",\"inLanguage\":\"de-DE\",\"potentialAction\":[{\"@type\":\"ReadAction\",\"target\":[\"https:\/\/www.maccaferri.com\/de\/defence-security\/\"]}]},{\"@type\":\"ImageObject\",\"inLanguage\":\"de-DE\",\"@id\":\"https:\/\/www.maccaferri.com\/de\/defence-security\/#primaryimage\",\"url\":\"https:\/\/www.maccaferri.com\/de\/wp-content\/uploads\/2024\/10\/perimetro-dettaglio-light.jpg\",\"contentUrl\":\"https:\/\/www.maccaferri.com\/de\/wp-content\/uploads\/2024\/10\/perimetro-dettaglio-light.jpg\",\"width\":1800,\"height\":1013},{\"@type\":\"WebSite\",\"@id\":\"https:\/\/www.maccaferri.com\/de\/#website\",\"url\":\"https:\/\/www.maccaferri.com\/de\/\",\"name\":\"Maccaferri Deutschland\",\"description\":\"\",\"publisher\":{\"@id\":\"https:\/\/www.maccaferri.com\/de\/#organization\"},\"potentialAction\":[{\"@type\":\"SearchAction\",\"target\":{\"@type\":\"EntryPoint\",\"urlTemplate\":\"https:\/\/www.maccaferri.com\/de\/?s={search_term_string}\"},\"query-input\":{\"@type\":\"PropertyValueSpecification\",\"valueRequired\":true,\"valueName\":\"search_term_string\"}}],\"inLanguage\":\"de-DE\"},{\"@type\":\"Organization\",\"@id\":\"https:\/\/www.maccaferri.com\/de\/#organization\",\"name\":\"Maccaferri Deutschland\",\"url\":\"https:\/\/www.maccaferri.com\/de\/\",\"logo\":{\"@type\":\"ImageObject\",\"inLanguage\":\"de-DE\",\"@id\":\"https:\/\/www.maccaferri.com\/de\/#\/schema\/logo\/image\/\",\"url\":\"https:\/\/www.maccaferri.com\/de\/wp-content\/uploads\/2022\/07\/logo-maccaferri.png\",\"contentUrl\":\"https:\/\/www.maccaferri.com\/de\/wp-content\/uploads\/2022\/07\/logo-maccaferri.png\",\"width\":152,\"height\":32,\"caption\":\"Maccaferri Deutschland\"},\"image\":{\"@id\":\"https:\/\/www.maccaferri.com\/de\/#\/schema\/logo\/image\/\"}}]}<\/script>\n<!-- \/ Yoast SEO Premium plugin. -->","yoast_head_json":{"title":"Defence and Security - Maccaferri Deutschland","description":"0VERTEIDIGUNG UND SICHERHEITDownload-Bereich hierPreviousNext VON GABIONEN IM ERSTEN WELTKRIEG ZUR MODERNEN SICHERHEIT: MACCAFERRI INNOVIERT F\u00dcR","robots":{"index":"index","follow":"follow","max-snippet":"max-snippet:-1","max-image-preview":"max-image-preview:large","max-video-preview":"max-video-preview:-1"},"canonical":"https:\/\/www.maccaferri.com\/de\/defence-security\/","og_locale":"de_DE","og_type":"article","og_title":"Defence and Security - Maccaferri Deutschland","og_description":"0VERTEIDIGUNG UND SICHERHEITDownload-Bereich hierPreviousNext VON GABIONEN IM ERSTEN WELTKRIEG ZUR MODERNEN SICHERHEIT: MACCAFERRI INNOVIERT F\u00dcR","og_url":"https:\/\/www.maccaferri.com\/de\/defence-security\/","og_site_name":"Maccaferri Deutschland","article_modified_time":"2025-05-27T09:46:09+00:00","og_image":[{"url":"https:\/\/www.maccaferri.com\/de\/wp-content\/uploads\/2024\/10\/perimetro-dettaglio-light.jpg","type":"","width":"","height":""}],"twitter_card":"summary_large_image","twitter_misc":{"Est. reading time":"2 minutes"},"schema":{"@context":"https:\/\/schema.org","@graph":[{"@type":"WebPage","@id":"https:\/\/www.maccaferri.com\/de\/defence-security\/","url":"https:\/\/www.maccaferri.com\/de\/defence-security\/","name":"Defence and Security - Maccaferri Deutschland","isPartOf":{"@id":"https:\/\/www.maccaferri.com\/de\/#website"},"primaryImageOfPage":{"@id":"https:\/\/www.maccaferri.com\/de\/defence-security\/#primaryimage"},"image":{"@id":"https:\/\/www.maccaferri.com\/de\/defence-security\/#primaryimage"},"thumbnailUrl":"https:\/\/www.maccaferri.com\/de\/wp-content\/uploads\/2024\/10\/perimetro-dettaglio-light.jpg","datePublished":"2024-02-14T16:07:41+00:00","dateModified":"2025-05-27T09:46:09+00:00","description":"0VERTEIDIGUNG UND SICHERHEITDownload-Bereich hierPreviousNext VON GABIONEN IM ERSTEN WELTKRIEG ZUR MODERNEN SICHERHEIT: MACCAFERRI INNOVIERT F\u00dcR","inLanguage":"de-DE","potentialAction":[{"@type":"ReadAction","target":["https:\/\/www.maccaferri.com\/de\/defence-security\/"]}]},{"@type":"ImageObject","inLanguage":"de-DE","@id":"https:\/\/www.maccaferri.com\/de\/defence-security\/#primaryimage","url":"https:\/\/www.maccaferri.com\/de\/wp-content\/uploads\/2024\/10\/perimetro-dettaglio-light.jpg","contentUrl":"https:\/\/www.maccaferri.com\/de\/wp-content\/uploads\/2024\/10\/perimetro-dettaglio-light.jpg","width":1800,"height":1013},{"@type":"WebSite","@id":"https:\/\/www.maccaferri.com\/de\/#website","url":"https:\/\/www.maccaferri.com\/de\/","name":"Maccaferri Deutschland","description":"","publisher":{"@id":"https:\/\/www.maccaferri.com\/de\/#organization"},"potentialAction":[{"@type":"SearchAction","target":{"@type":"EntryPoint","urlTemplate":"https:\/\/www.maccaferri.com\/de\/?s={search_term_string}"},"query-input":{"@type":"PropertyValueSpecification","valueRequired":true,"valueName":"search_term_string"}}],"inLanguage":"de-DE"},{"@type":"Organization","@id":"https:\/\/www.maccaferri.com\/de\/#organization","name":"Maccaferri Deutschland","url":"https:\/\/www.maccaferri.com\/de\/","logo":{"@type":"ImageObject","inLanguage":"de-DE","@id":"https:\/\/www.maccaferri.com\/de\/#\/schema\/logo\/image\/","url":"https:\/\/www.maccaferri.com\/de\/wp-content\/uploads\/2022\/07\/logo-maccaferri.png","contentUrl":"https:\/\/www.maccaferri.com\/de\/wp-content\/uploads\/2022\/07\/logo-maccaferri.png","width":152,"height":32,"caption":"Maccaferri Deutschland"},"image":{"@id":"https:\/\/www.maccaferri.com\/de\/#\/schema\/logo\/image\/"}}]}},"_links":{"self":[{"href":"https:\/\/www.maccaferri.com\/de\/wp-json\/wp\/v2\/pages\/80659","targetHints":{"allow":["GET"]}}],"collection":[{"href":"https:\/\/www.maccaferri.com\/de\/wp-json\/wp\/v2\/pages"}],"about":[{"href":"https:\/\/www.maccaferri.com\/de\/wp-json\/wp\/v2\/types\/page"}],"author":[{"embeddable":true,"href":"https:\/\/www.maccaferri.com\/de\/wp-json\/wp\/v2\/users\/24301"}],"replies":[{"embeddable":true,"href":"https:\/\/www.maccaferri.com\/de\/wp-json\/wp\/v2\/comments?post=80659"}],"version-history":[{"count":5,"href":"https:\/\/www.maccaferri.com\/de\/wp-json\/wp\/v2\/pages\/80659\/revisions"}],"predecessor-version":[{"id":82801,"href":"https:\/\/www.maccaferri.com\/de\/wp-json\/wp\/v2\/pages\/80659\/revisions\/82801"}],"wp:attachment":[{"href":"https:\/\/www.maccaferri.com\/de\/wp-json\/wp\/v2\/media?parent=80659"}],"curies":[{"name":"wp","href":"https:\/\/api.w.org\/{rel}","templated":true}]}}